{"id":9,"date":"2021-07-02T21:53:26","date_gmt":"2021-07-02T21:53:26","guid":{"rendered":"https:\/\/frauenaerztin-duesseldorf.dr-wechsler.de\/index.php\/data-security\/"},"modified":"2026-01-15T20:50:50","modified_gmt":"2026-01-15T20:50:50","slug":"datenschutz","status":"publish","type":"page","link":"https:\/\/frauenarzt-net.de\/datenschutz\/","title":{"rendered":"Datenschutzerkl\u00e4rung"},"content":{"rendered":"\t\t<div data-elementor-type=\"wp-page\" data-elementor-id=\"9\" class=\"elementor elementor-9\">\n\t\t\t\t\t\t\t\t\t<section class=\"elementor-section elementor-top-section elementor-element elementor-element-bca92bf elementor-section-boxed elementor-section-height-default elementor-section-height-default\" data-id=\"bca92bf\" data-element_type=\"section\">\n\t\t\t\t\t\t<div class=\"elementor-container elementor-column-gap-default\">\n\t\t\t\t\t<div class=\"elementor-column elementor-col-100 elementor-top-column elementor-element elementor-element-2f8d814\" data-id=\"2f8d814\" data-element_type=\"column\">\n\t\t\t<div class=\"elementor-widget-wrap elementor-element-populated\">\n\t\t\t\t\t\t\t\t<div class=\"elementor-element elementor-element-6e196aa elementor-widget elementor-widget-heading\" data-id=\"6e196aa\" data-element_type=\"widget\" data-widget_type=\"heading.default\">\n\t\t\t\t<div class=\"elementor-widget-container\">\n\t\t\t<style>\/*! elementor - v3.9.2 - 21-12-2022 *\/\n.elementor-heading-title{padding:0;margin:0;line-height:1}.elementor-widget-heading .elementor-heading-title[class*=elementor-size-]>a{color:inherit;font-size:inherit;line-height:inherit}.elementor-widget-heading .elementor-heading-title.elementor-size-small{font-size:15px}.elementor-widget-heading .elementor-heading-title.elementor-size-medium{font-size:19px}.elementor-widget-heading .elementor-heading-title.elementor-size-large{font-size:29px}.elementor-widget-heading .elementor-heading-title.elementor-size-xl{font-size:39px}.elementor-widget-heading .elementor-heading-title.elementor-size-xxl{font-size:59px}<\/style><h1 class=\"elementor-heading-title elementor-size-default\">Datenschutz<\/h1>\t\t<\/div>\n\t\t\t\t<\/div>\n\t\t\t\t\t<\/div>\n\t\t<\/div>\n\t\t\t\t\t\t\t<\/div>\n\t\t<\/section>\n\t\t\t\t<section class=\"elementor-section elementor-top-section elementor-element elementor-element-db91a1b elementor-section-boxed elementor-section-height-default elementor-section-height-default\" data-id=\"db91a1b\" data-element_type=\"section\">\n\t\t\t\t\t\t<div class=\"elementor-container elementor-column-gap-default\">\n\t\t\t\t\t<div class=\"elementor-column elementor-col-100 elementor-top-column elementor-element elementor-element-f99ea42\" data-id=\"f99ea42\" data-element_type=\"column\">\n\t\t\t<div class=\"elementor-widget-wrap elementor-element-populated\">\n\t\t\t\t\t\t\t\t<div class=\"elementor-element elementor-element-1403586 elementor-widget elementor-widget-text-editor\" data-id=\"1403586\" data-element_type=\"widget\" data-widget_type=\"text-editor.default\">\n\t\t\t\t<div class=\"elementor-widget-container\">\n\t\t\t<style>\/*! elementor - v3.9.2 - 21-12-2022 *\/\n.elementor-widget-text-editor.elementor-drop-cap-view-stacked .elementor-drop-cap{background-color:#818a91;color:#fff}.elementor-widget-text-editor.elementor-drop-cap-view-framed .elementor-drop-cap{color:#818a91;border:3px solid;background-color:transparent}.elementor-widget-text-editor:not(.elementor-drop-cap-view-default) .elementor-drop-cap{margin-top:8px}.elementor-widget-text-editor:not(.elementor-drop-cap-view-default) .elementor-drop-cap-letter{width:1em;height:1em}.elementor-widget-text-editor .elementor-drop-cap{float:left;text-align:center;line-height:1;font-size:50px}.elementor-widget-text-editor .elementor-drop-cap-letter{display:inline-block}<\/style>\t\t\t\t<h2 data-start=\"7498\" data-end=\"7522\">1. Operator de date<\/h2><p data-start=\"7523\" data-end=\"7551\">Operatorul responsabil este:<\/p><p data-start=\"7553\" data-end=\"7612\"><strong data-start=\"7553\" data-end=\"7577\">Cabinet Dr. Wechsler<\/strong><br data-start=\"7577\" data-end=\"7580\" \/>Reichstr. 59, 40217 D\u00fcsseldorf<\/p><h2 data-start=\"7614\" data-end=\"7636\">2. Date colectate<\/h2><p data-start=\"7637\" data-end=\"7704\">Datele sunt prelucrate doar conform GDPR \u0219i doar c\u00e2nd este necesar.<\/p><p data-start=\"7706\" data-end=\"7725\">Pot fi colectate:<\/p><ul data-start=\"7726\" data-end=\"7835\"><li data-start=\"7726\" data-end=\"7745\"><p data-start=\"7728\" data-end=\"7745\">Date de contact<\/p><\/li><li data-start=\"7746\" data-end=\"7763\"><p data-start=\"7748\" data-end=\"7763\">Date medicale<\/p><\/li><li data-start=\"7764\" data-end=\"7805\"><p data-start=\"7766\" data-end=\"7805\">Date trimise prin formular sau e-mail<\/p><\/li><li data-start=\"7806\" data-end=\"7835\"><p data-start=\"7808\" data-end=\"7835\">Adres\u0103 IP \u0219i date tehnice<\/p><\/li><\/ul><h2 data-start=\"7837\" data-end=\"7863\">3. Scopul prelucr\u0103rii<\/h2><ul data-start=\"7864\" data-end=\"7971\"><li data-start=\"7864\" data-end=\"7892\"><p data-start=\"7866\" data-end=\"7892\">Program\u0103ri \u0219i comunicare<\/p><\/li><li data-start=\"7893\" data-end=\"7914\"><p data-start=\"7895\" data-end=\"7914\">Tratament medical<\/p><\/li><li data-start=\"7915\" data-end=\"7935\"><p data-start=\"7917\" data-end=\"7935\">Obliga\u021bii legale<\/p><\/li><li data-start=\"7936\" data-end=\"7971\"><p data-start=\"7938\" data-end=\"7971\">Func\u021bionare tehnic\u0103 a site-ului<\/p><\/li><\/ul><h2 data-start=\"7973\" data-end=\"7992\">4. Baza legal\u0103<\/h2><ul data-start=\"7993\" data-end=\"8080\"><li data-start=\"7993\" data-end=\"8014\"><p data-start=\"7995\" data-end=\"8014\">Art. 6(1)(b) GDPR<\/p><\/li><li data-start=\"8015\" data-end=\"8036\"><p data-start=\"8017\" data-end=\"8036\">Art. 6(1)(c) GDPR<\/p><\/li><li data-start=\"8037\" data-end=\"8058\"><p data-start=\"8039\" data-end=\"8058\">Art. 9(2)(h) GDPR<\/p><\/li><li data-start=\"8059\" data-end=\"8080\"><p data-start=\"8061\" data-end=\"8080\">Art. 6(1)(a) GDPR<\/p><\/li><\/ul><h2 data-start=\"8082\" data-end=\"8110\">5. Transmiterea datelor<\/h2><p data-start=\"8111\" data-end=\"8136\">Doar dac\u0103 este necesar:<\/p><ul data-start=\"8137\" data-end=\"8216\"><li data-start=\"8137\" data-end=\"8152\"><p data-start=\"8139\" data-end=\"8152\">Laboratoare<\/p><\/li><li data-start=\"8153\" data-end=\"8176\"><p data-start=\"8155\" data-end=\"8176\">Medici colaboratori<\/p><\/li><li data-start=\"8177\" data-end=\"8190\"><p data-start=\"8179\" data-end=\"8190\">Asigur\u0103ri<\/p><\/li><li data-start=\"8191\" data-end=\"8216\"><p data-start=\"8193\" data-end=\"8216\">Servicii de facturare<\/p><\/li><\/ul><h2 data-start=\"8218\" data-end=\"8233\">6. Stocare<\/h2><p data-start=\"8234\" data-end=\"8281\">Datele sunt p\u0103strate conform termenelor legale.<\/p><h2 data-start=\"8283\" data-end=\"8315\">7. Drepturile dumneavoastr\u0103<\/h2><ul data-start=\"8316\" data-end=\"8486\"><li data-start=\"8316\" data-end=\"8325\"><p data-start=\"8318\" data-end=\"8325\">Acces<\/p><\/li><li data-start=\"8326\" data-end=\"8341\"><p data-start=\"8328\" data-end=\"8341\">Rectificare<\/p><\/li><li data-start=\"8342\" data-end=\"8373\"><p data-start=\"8344\" data-end=\"8373\">\u0218tergere (unde este permis)<\/p><\/li><li data-start=\"8374\" data-end=\"8392\"><p data-start=\"8376\" data-end=\"8392\">Restric\u021bionare<\/p><\/li><li data-start=\"8393\" data-end=\"8410\"><p data-start=\"8395\" data-end=\"8410\">Portabilitate<\/p><\/li><li data-start=\"8411\" data-end=\"8442\"><p data-start=\"8413\" data-end=\"8442\">Retragerea consim\u021b\u0103m\u00e2ntului<\/p><\/li><li data-start=\"8443\" data-end=\"8486\"><p data-start=\"8445\" data-end=\"8486\">Pl\u00e2ngere la autoritatea de supraveghere<\/p><\/li><\/ul><h2 data-start=\"8488\" data-end=\"8515\">8. Securitatea datelor<\/h2><p data-start=\"8516\" data-end=\"8565\">Folosim m\u0103suri adecvate pentru protec\u021bia datelor.<\/p><h2 data-start=\"8567\" data-end=\"8582\">9. Contact<\/h2><p data-start=\"8583\" data-end=\"8614\">E-mail: <a class=\"decorated-link cursor-pointer\" rel=\"noopener\" data-start=\"8591\" data-end=\"8612\">praxis@dr-wechsler.de<\/a><\/p>\t\t\t\t\t\t<\/div>\n\t\t\t\t<\/div>\n\t\t\t\t\t<\/div>\n\t\t<\/div>\n\t\t\t\t\t\t\t<\/div>\n\t\t<\/section>\n\t\t\t\t\t\t\t<\/div>\n\t\t","protected":false},"excerpt":{"rendered":"<p>Datenschutz Datenschutzerkl\u00e4rung Verantwortliche Stelle Verantwortlich f\u00fcr die Datenverarbeitung auf dieser Website ist: Praxis Dr. Georgina WechslerClinic Bel EtageReichstr. 5940217 D\u00fcsseldorf Telefon: 0211 \u2013 435 04 67E-Mail: praxis@dr-wechsler.de Datenschutzbeauftragte Die Datenschutzbeauftragte der Praxis ist: Dr. Georgina WechslerClinic Bel EtageReichstr. 5940217 D\u00fcsseldorfE-Mail: praxis@dr-wechsler.de Erhebung und Speicherung personenbezogener Daten Wir verarbeiten personenbezogene Daten ausschlie\u00dflich gem\u00e4\u00df den Vorgaben der [&hellip;]<\/p>\n","protected":false},"author":1,"featured_media":0,"parent":0,"menu_order":0,"comment_status":"closed","ping_status":"closed","template":"","meta":[],"yoast_head":"<!-- This site is optimized with the Yoast SEO plugin v19.13 - https:\/\/yoast.com\/wordpress\/plugins\/seo\/ -->\n<title>Praxis Dr. Wechsler - Ihre Frauen\u00e4rzte in D\u00fcsseldorf<\/title>\n<meta name=\"description\" content=\"Praxis Dr. Wechsler - Ihre Frauen\u00e4rzte in D\u00fcsseldorf. Wir sind Experten f\u00fcr Kinderwunsch, Risikoschwangerschaften und Krebserkrankungen.\" \/>\n<meta name=\"robots\" content=\"index, follow, max-snippet:-1, max-image-preview:large, max-video-preview:-1\" \/>\n<link rel=\"canonical\" href=\"https:\/\/frauenarzt-net.de\/datenschutz\/\" \/>\n<meta property=\"og:locale\" content=\"ro_RO\" \/>\n<meta property=\"og:type\" content=\"article\" \/>\n<meta property=\"og:title\" content=\"Praxis Dr. Wechsler - Ihre Frauen\u00e4rzte in D\u00fcsseldorf\" \/>\n<meta property=\"og:description\" content=\"Praxis Dr. Wechsler - Ihre Frauen\u00e4rzte in D\u00fcsseldorf. Wir sind Experten f\u00fcr Kinderwunsch, Risikoschwangerschaften und Krebserkrankungen.\" \/>\n<meta property=\"og:url\" content=\"https:\/\/frauenarzt-net.de\/datenschutz\/\" \/>\n<meta property=\"og:site_name\" content=\"Praxis Dr. Wechsler - Ihre Frauen\u00e4rztin in D\u00fcsseldorf und Umgebung\" \/>\n<meta property=\"article:modified_time\" content=\"2026-01-15T20:50:50+00:00\" \/>\n<meta name=\"twitter:card\" content=\"summary_large_image\" \/>\n<meta name=\"twitter:label1\" content=\"Timp estimat pentru citire\" \/>\n\t<meta name=\"twitter:data1\" content=\"12 minute\" \/>\n<script type=\"application\/ld+json\" class=\"yoast-schema-graph\">{\"@context\":\"https:\/\/schema.org\",\"@graph\":[{\"@type\":\"WebPage\",\"@id\":\"https:\/\/frauenarzt-net.de\/datenschutz\/\",\"url\":\"https:\/\/frauenarzt-net.de\/datenschutz\/\",\"name\":\"Praxis Dr. Wechsler - Ihre Frauen\u00e4rzte in D\u00fcsseldorf\",\"isPartOf\":{\"@id\":\"https:\/\/frauenarzt-net.de\/#website\"},\"datePublished\":\"2021-07-02T21:53:26+00:00\",\"dateModified\":\"2026-01-15T20:50:50+00:00\",\"description\":\"Praxis Dr. Wechsler - Ihre Frauen\u00e4rzte in D\u00fcsseldorf. Wir sind Experten f\u00fcr Kinderwunsch, Risikoschwangerschaften und Krebserkrankungen.\",\"breadcrumb\":{\"@id\":\"https:\/\/frauenarzt-net.de\/datenschutz\/#breadcrumb\"},\"inLanguage\":\"ro-RO\",\"potentialAction\":[{\"@type\":\"ReadAction\",\"target\":[\"https:\/\/frauenarzt-net.de\/datenschutz\/\"]}]},{\"@type\":\"BreadcrumbList\",\"@id\":\"https:\/\/frauenarzt-net.de\/datenschutz\/#breadcrumb\",\"itemListElement\":[{\"@type\":\"ListItem\",\"position\":1,\"name\":\"Home\",\"item\":\"https:\/\/frauenarzt-net.de\/\"},{\"@type\":\"ListItem\",\"position\":2,\"name\":\"Datenschutzerkl\u00e4rung\"}]},{\"@type\":\"WebSite\",\"@id\":\"https:\/\/frauenarzt-net.de\/#website\",\"url\":\"https:\/\/frauenarzt-net.de\/\",\"name\":\"Praxis Dr. Wechsler - Ihre Frauen\u00e4rztin in D\u00fcsseldorf und Umgebung\",\"description\":\"\",\"publisher\":{\"@id\":\"https:\/\/frauenarzt-net.de\/#organization\"},\"potentialAction\":[{\"@type\":\"SearchAction\",\"target\":{\"@type\":\"EntryPoint\",\"urlTemplate\":\"https:\/\/frauenarzt-net.de\/?s={search_term_string}\"},\"query-input\":\"required name=search_term_string\"}],\"inLanguage\":\"ro-RO\"},{\"@type\":\"Organization\",\"@id\":\"https:\/\/frauenarzt-net.de\/#organization\",\"name\":\"INVESTMENT COINS\",\"url\":\"https:\/\/frauenarzt-net.de\/\",\"logo\":{\"@type\":\"ImageObject\",\"inLanguage\":\"ro-RO\",\"@id\":\"https:\/\/frauenarzt-net.de\/#\/schema\/logo\/image\/\",\"url\":\"https:\/\/frauenaerztin-duesseldorf.dr-wechsler.de\/wp-content\/uploads\/2021\/07\/logo2.png\",\"contentUrl\":\"https:\/\/frauenaerztin-duesseldorf.dr-wechsler.de\/wp-content\/uploads\/2021\/07\/logo2.png\",\"width\":794,\"height\":71,\"caption\":\"INVESTMENT COINS\"},\"image\":{\"@id\":\"https:\/\/frauenarzt-net.de\/#\/schema\/logo\/image\/\"}}]}<\/script>\n<!-- \/ Yoast SEO plugin. -->","yoast_head_json":{"title":"Praxis Dr. Wechsler - Ihre Frauen\u00e4rzte in D\u00fcsseldorf","description":"Praxis Dr. Wechsler - Ihre Frauen\u00e4rzte in D\u00fcsseldorf. Wir sind Experten f\u00fcr Kinderwunsch, Risikoschwangerschaften und Krebserkrankungen.","robots":{"index":"index","follow":"follow","max-snippet":"max-snippet:-1","max-image-preview":"max-image-preview:large","max-video-preview":"max-video-preview:-1"},"canonical":"https:\/\/frauenarzt-net.de\/datenschutz\/","og_locale":"ro_RO","og_type":"article","og_title":"Praxis Dr. Wechsler - Ihre Frauen\u00e4rzte in D\u00fcsseldorf","og_description":"Praxis Dr. Wechsler - Ihre Frauen\u00e4rzte in D\u00fcsseldorf. Wir sind Experten f\u00fcr Kinderwunsch, Risikoschwangerschaften und Krebserkrankungen.","og_url":"https:\/\/frauenarzt-net.de\/datenschutz\/","og_site_name":"Praxis Dr. Wechsler - Ihre Frauen\u00e4rztin in D\u00fcsseldorf und Umgebung","article_modified_time":"2026-01-15T20:50:50+00:00","twitter_card":"summary_large_image","twitter_misc":{"Timp estimat pentru citire":"12 minute"},"schema":{"@context":"https:\/\/schema.org","@graph":[{"@type":"WebPage","@id":"https:\/\/frauenarzt-net.de\/datenschutz\/","url":"https:\/\/frauenarzt-net.de\/datenschutz\/","name":"Praxis Dr. Wechsler - Ihre Frauen\u00e4rzte in D\u00fcsseldorf","isPartOf":{"@id":"https:\/\/frauenarzt-net.de\/#website"},"datePublished":"2021-07-02T21:53:26+00:00","dateModified":"2026-01-15T20:50:50+00:00","description":"Praxis Dr. Wechsler - Ihre Frauen\u00e4rzte in D\u00fcsseldorf. Wir sind Experten f\u00fcr Kinderwunsch, Risikoschwangerschaften und Krebserkrankungen.","breadcrumb":{"@id":"https:\/\/frauenarzt-net.de\/datenschutz\/#breadcrumb"},"inLanguage":"ro-RO","potentialAction":[{"@type":"ReadAction","target":["https:\/\/frauenarzt-net.de\/datenschutz\/"]}]},{"@type":"BreadcrumbList","@id":"https:\/\/frauenarzt-net.de\/datenschutz\/#breadcrumb","itemListElement":[{"@type":"ListItem","position":1,"name":"Home","item":"https:\/\/frauenarzt-net.de\/"},{"@type":"ListItem","position":2,"name":"Datenschutzerkl\u00e4rung"}]},{"@type":"WebSite","@id":"https:\/\/frauenarzt-net.de\/#website","url":"https:\/\/frauenarzt-net.de\/","name":"Praxis Dr. Wechsler - Ihre Frauen\u00e4rztin in D\u00fcsseldorf und Umgebung","description":"","publisher":{"@id":"https:\/\/frauenarzt-net.de\/#organization"},"potentialAction":[{"@type":"SearchAction","target":{"@type":"EntryPoint","urlTemplate":"https:\/\/frauenarzt-net.de\/?s={search_term_string}"},"query-input":"required name=search_term_string"}],"inLanguage":"ro-RO"},{"@type":"Organization","@id":"https:\/\/frauenarzt-net.de\/#organization","name":"INVESTMENT COINS","url":"https:\/\/frauenarzt-net.de\/","logo":{"@type":"ImageObject","inLanguage":"ro-RO","@id":"https:\/\/frauenarzt-net.de\/#\/schema\/logo\/image\/","url":"https:\/\/frauenaerztin-duesseldorf.dr-wechsler.de\/wp-content\/uploads\/2021\/07\/logo2.png","contentUrl":"https:\/\/frauenaerztin-duesseldorf.dr-wechsler.de\/wp-content\/uploads\/2021\/07\/logo2.png","width":794,"height":71,"caption":"INVESTMENT COINS"},"image":{"@id":"https:\/\/frauenarzt-net.de\/#\/schema\/logo\/image\/"}}]}},"_links":{"self":[{"href":"https:\/\/frauenarzt-net.de\/wp-json\/wp\/v2\/pages\/9"}],"collection":[{"href":"https:\/\/frauenarzt-net.de\/wp-json\/wp\/v2\/pages"}],"about":[{"href":"https:\/\/frauenarzt-net.de\/wp-json\/wp\/v2\/types\/page"}],"author":[{"embeddable":true,"href":"https:\/\/frauenarzt-net.de\/wp-json\/wp\/v2\/users\/1"}],"replies":[{"embeddable":true,"href":"https:\/\/frauenarzt-net.de\/wp-json\/wp\/v2\/comments?post=9"}],"version-history":[{"count":16,"href":"https:\/\/frauenarzt-net.de\/wp-json\/wp\/v2\/pages\/9\/revisions"}],"predecessor-version":[{"id":7118,"href":"https:\/\/frauenarzt-net.de\/wp-json\/wp\/v2\/pages\/9\/revisions\/7118"}],"wp:attachment":[{"href":"https:\/\/frauenarzt-net.de\/wp-json\/wp\/v2\/media?parent=9"}],"curies":[{"name":"wp","href":"https:\/\/api.w.org\/{rel}","templated":true}]}}