{"id":4749,"date":"2024-11-30T00:19:46","date_gmt":"2024-11-30T00:19:46","guid":{"rendered":"https:\/\/frauenarzt-net.de\/?page_id=4749"},"modified":"2025-12-02T16:51:04","modified_gmt":"2025-12-02T16:51:04","slug":"doppleruntersuchung-in-duesseldorf","status":"publish","type":"page","link":"https:\/\/frauenarzt-net.de\/doppleruntersuchung-in-duesseldorf\/","title":{"rendered":"Doppleruntersuchung"},"content":{"rendered":"\t\t<div data-elementor-type=\"wp-page\" data-elementor-id=\"4749\" class=\"elementor elementor-4749\">\n\t\t\t\t\t\t\t<div class=\"elementor-element elementor-element-b84ae9e elementor-hidden-mobile e-con-boxed e-con\" data-id=\"b84ae9e\" data-element_type=\"container\" data-settings=\"{&quot;content_width&quot;:&quot;boxed&quot;}\">\n\t\t\t\t\t<div class=\"e-con-inner\">\n\t\t\t\t<div class=\"elementor-element elementor-element-2a43fb1 elementor-widget elementor-widget-text-editor\" data-id=\"2a43fb1\" data-element_type=\"widget\" data-widget_type=\"text-editor.default\">\n\t\t\t\t<div class=\"elementor-widget-container\">\n\t\t\t<style>\/*! elementor - v3.9.2 - 21-12-2022 *\/\n.elementor-widget-text-editor.elementor-drop-cap-view-stacked .elementor-drop-cap{background-color:#818a91;color:#fff}.elementor-widget-text-editor.elementor-drop-cap-view-framed .elementor-drop-cap{color:#818a91;border:3px solid;background-color:transparent}.elementor-widget-text-editor:not(.elementor-drop-cap-view-default) .elementor-drop-cap{margin-top:8px}.elementor-widget-text-editor:not(.elementor-drop-cap-view-default) .elementor-drop-cap-letter{width:1em;height:1em}.elementor-widget-text-editor .elementor-drop-cap{float:left;text-align:center;line-height:1;font-size:50px}.elementor-widget-text-editor .elementor-drop-cap-letter{display:inline-block}<\/style>\t\t\t\t<h1 class=\"mb-3 mt-3 text-3xl font-normal first:mt-3\">Examinare Doppler\u00a0<\/h1><h2 class=\"mb-3 mt-3 text-3xl font-normal first:mt-3\">Diagnostic precis pentru sarcina dumneavoastr\u0103<\/h2>\t\t\t\t\t\t<\/div>\n\t\t\t\t<\/div>\n\t\t\t\t\t<\/div>\n\t\t\t\t<\/div>\n\t\t<div class=\"elementor-element elementor-element-44555d3 elementor-hidden-desktop elementor-hidden-tablet e-con-boxed e-con\" data-id=\"44555d3\" data-element_type=\"container\" data-settings=\"{&quot;content_width&quot;:&quot;boxed&quot;}\">\n\t\t\t\t\t<div class=\"e-con-inner\">\n\t\t\t\t<div class=\"elementor-element elementor-element-1c2d1c9 elementor-widget elementor-widget-text-editor\" data-id=\"1c2d1c9\" data-element_type=\"widget\" data-widget_type=\"text-editor.default\">\n\t\t\t\t<div class=\"elementor-widget-container\">\n\t\t\t\t\t\t\t<h1 class=\"mb-3 mt-3 text-3xl font-normal first:mt-3\">Examinare Doppler\u00a0<\/h1><h2 class=\"mb-3 mt-3 text-3xl font-normal first:mt-3\">Diagnostic precis pentru sarcina dumneavoastr\u0103<\/h2>\t\t\t\t\t\t<\/div>\n\t\t\t\t<\/div>\n\t\t\t\t\t<\/div>\n\t\t\t\t<\/div>\n\t\t<div class=\"elementor-element elementor-element-6575d84 elementor-hidden-mobile e-con-boxed e-con\" data-id=\"6575d84\" data-element_type=\"container\" data-settings=\"{&quot;content_width&quot;:&quot;boxed&quot;}\">\n\t\t\t\t\t<div class=\"e-con-inner\">\n\t\t<div class=\"elementor-element elementor-element-936ffc9 e-con-full e-con\" data-id=\"936ffc9\" data-element_type=\"container\" data-settings=\"{&quot;content_width&quot;:&quot;full&quot;}\">\n\t\t\t\t<div class=\"elementor-element elementor-element-89649ad elementor-widget elementor-widget-text-editor\" data-id=\"89649ad\" data-element_type=\"widget\" data-widget_type=\"text-editor.default\">\n\t\t\t\t<div class=\"elementor-widget-container\">\n\t\t\t\t\t\t\t<p data-start=\"1376\" data-end=\"1504\">Aceast\u0103 metod\u0103 important\u0103 de examinare ofer\u0103 informa\u021bii valoroase despre alimenta\u021bia \u0219i dezvoltarea bebelu\u0219ului dumneavoastr\u0103.<\/p><p data-start=\"1653\" data-end=\"1749\" data-is-last-node=\"\" data-is-only-node=\"\">Examinarea Doppler este o component\u0103 esen\u021bial\u0103 a \u00eengrijirii prenatale complete pe care o oferim.<\/p>\t\t\t\t\t\t<\/div>\n\t\t\t\t<\/div>\n\t\t\t\t<\/div>\n\t\t<div class=\"elementor-element elementor-element-0896b6a e-con-full e-con\" data-id=\"0896b6a\" data-element_type=\"container\" data-settings=\"{&quot;content_width&quot;:&quot;full&quot;}\">\n\t\t\t\t<div class=\"elementor-element elementor-element-35c169c elementor-align-left elementor-widget elementor-widget-button\" data-id=\"35c169c\" data-element_type=\"widget\" data-widget_type=\"button.default\">\n\t\t\t\t<div class=\"elementor-widget-container\">\n\t\t\t\t\t<div class=\"elementor-button-wrapper\">\n\t\t\t<a href=\"https:\/\/www.doctolib.de\/privatpraxis\/duesseldorf\/privatpraxis-fuer-gynaekologie-dr-wechsler?utm_campaign=website-button&#038;utm_source=privatpraxis-fuer-gynaekologie-dr-wechsler-website-button&#038;utm_medium=referral&#038;utm_content=option-8&#038;utm_term=privatpraxis-fuer-gynaekologie-dr-wechsler\" target=\"_blank\" class=\"elementor-button-link elementor-button elementor-size-sm\" role=\"button\">\n\t\t\t\t\t\t<span class=\"elementor-button-content-wrapper\">\n\t\t\t\t\t\t<span class=\"elementor-button-text\">Rezerv\u0103 o programare<\/span>\n\t\t<\/span>\n\t\t\t\t\t<\/a>\n\t\t<\/div>\n\t\t\t\t<\/div>\n\t\t\t\t<\/div>\n\t\t\t\t<\/div>\n\t\t\t\t\t<\/div>\n\t\t\t\t<\/div>\n\t\t<div class=\"elementor-element elementor-element-1c9a2c9 elementor-hidden-desktop elementor-hidden-tablet e-con-boxed e-con\" data-id=\"1c9a2c9\" data-element_type=\"container\" data-settings=\"{&quot;content_width&quot;:&quot;boxed&quot;}\">\n\t\t\t\t\t<div class=\"e-con-inner\">\n\t\t<div class=\"elementor-element elementor-element-5a84827 e-con-full e-con\" data-id=\"5a84827\" data-element_type=\"container\" data-settings=\"{&quot;content_width&quot;:&quot;full&quot;}\">\n\t\t\t\t<div class=\"elementor-element elementor-element-ae0eed5 elementor-widget elementor-widget-text-editor\" data-id=\"ae0eed5\" data-element_type=\"widget\" data-widget_type=\"text-editor.default\">\n\t\t\t\t<div class=\"elementor-widget-container\">\n\t\t\t\t\t\t\t<p data-start=\"1376\" data-end=\"1504\">Aceast\u0103 metod\u0103 important\u0103 de examinare ofer\u0103 informa\u021bii valoroase despre alimenta\u021bia \u0219i dezvoltarea bebelu\u0219ului dumneavoastr\u0103.<\/p><p data-start=\"1653\" data-end=\"1749\" data-is-last-node=\"\" data-is-only-node=\"\">Examinarea Doppler este o component\u0103 esen\u021bial\u0103 a \u00eengrijirii prenatale complete pe care o oferim.<\/p>\t\t\t\t\t\t<\/div>\n\t\t\t\t<\/div>\n\t\t\t\t<\/div>\n\t\t<div class=\"elementor-element elementor-element-f981eaf e-con-full e-con\" data-id=\"f981eaf\" data-element_type=\"container\" data-settings=\"{&quot;content_width&quot;:&quot;full&quot;}\">\n\t\t\t\t<div class=\"elementor-element elementor-element-aee48ec elementor-align-left elementor-mobile-align-center elementor-widget elementor-widget-button\" data-id=\"aee48ec\" data-element_type=\"widget\" data-widget_type=\"button.default\">\n\t\t\t\t<div class=\"elementor-widget-container\">\n\t\t\t\t\t<div class=\"elementor-button-wrapper\">\n\t\t\t<a href=\"https:\/\/www.doctolib.de\/privatpraxis\/duesseldorf\/privatpraxis-fuer-gynaekologie-dr-wechsler?utm_campaign=website-button&#038;utm_source=privatpraxis-fuer-gynaekologie-dr-wechsler-website-button&#038;utm_medium=referral&#038;utm_content=option-8&#038;utm_term=privatpraxis-fuer-gynaekologie-dr-wechsler\" target=\"_blank\" class=\"elementor-button-link elementor-button elementor-size-sm\" role=\"button\">\n\t\t\t\t\t\t<span class=\"elementor-button-content-wrapper\">\n\t\t\t\t\t\t<span class=\"elementor-button-text\">Rezerv\u0103 o programare<\/span>\n\t\t<\/span>\n\t\t\t\t\t<\/a>\n\t\t<\/div>\n\t\t\t\t<\/div>\n\t\t\t\t<\/div>\n\t\t\t\t<\/div>\n\t\t\t\t\t<\/div>\n\t\t\t\t<\/div>\n\t\t<div class=\"elementor-element elementor-element-c929a3a e-con-boxed e-con\" data-id=\"c929a3a\" data-element_type=\"container\" data-settings=\"{&quot;content_width&quot;:&quot;boxed&quot;}\">\n\t\t\t\t\t<div class=\"e-con-inner\">\n\t\t\t\t<div class=\"elementor-element elementor-element-78086f8 elementor-widget elementor-widget-image\" data-id=\"78086f8\" data-element_type=\"widget\" data-widget_type=\"image.default\">\n\t\t\t\t<div class=\"elementor-widget-container\">\n\t\t\t<style>\/*! elementor - v3.9.2 - 21-12-2022 *\/\n.elementor-widget-image{text-align:center}.elementor-widget-image a{display:inline-block}.elementor-widget-image a img[src$=\".svg\"]{width:48px}.elementor-widget-image img{vertical-align:middle;display:inline-block}<\/style>\t\t\t\t\t\t\t\t\t\t\t\t<img decoding=\"async\" width=\"1000\" height=\"436\" src=\"https:\/\/frauenarzt-net.de\/wp-content\/uploads\/2025\/12\/doppler-final.jpg\" class=\"attachment-large size-large wp-image-6895\" alt=\"\" loading=\"lazy\" srcset=\"https:\/\/frauenarzt-net.de\/wp-content\/uploads\/2025\/12\/doppler-final.jpg 1000w, https:\/\/frauenarzt-net.de\/wp-content\/uploads\/2025\/12\/doppler-final-400x174.jpg 400w, https:\/\/frauenarzt-net.de\/wp-content\/uploads\/2025\/12\/doppler-final-250x109.jpg 250w, https:\/\/frauenarzt-net.de\/wp-content\/uploads\/2025\/12\/doppler-final-768x335.jpg 768w\" sizes=\"(max-width: 1000px) 100vw, 1000px\" \/>\t\t\t\t\t\t\t\t\t\t\t\t\t\t\t<\/div>\n\t\t\t\t<\/div>\n\t\t\t\t\t<\/div>\n\t\t\t\t<\/div>\n\t\t<div class=\"elementor-element elementor-element-fe76898 e-con-boxed e-con\" data-id=\"fe76898\" data-element_type=\"container\" data-settings=\"{&quot;content_width&quot;:&quot;boxed&quot;}\">\n\t\t\t\t\t<div class=\"e-con-inner\">\n\t\t<div class=\"elementor-element elementor-element-7dde381 e-con-full e-con\" data-id=\"7dde381\" data-element_type=\"container\" data-settings=\"{&quot;content_width&quot;:&quot;full&quot;}\">\n\t\t\t\t<div class=\"elementor-element elementor-element-9172793 elementor-widget elementor-widget-text-editor\" data-id=\"9172793\" data-element_type=\"widget\" data-widget_type=\"text-editor.default\">\n\t\t\t\t<div class=\"elementor-widget-container\">\n\t\t\t\t\t\t\t<h2>Despre sarcina dumneavoastr\u0103:<\/h2><p><a href=\"https:\/\/frauenarzt-net.de\/ersttrimesterscreening\/\">Screening-ul primului trimestru<\/a><\/p><p><a href=\"https:\/\/frauenarzt-net.de\/doppleruntersuchung-in-duesseldorf\/\">Examinare Doppler<\/a><\/p><p><a href=\"https:\/\/frauenarzt-net.de\/risikoschwangerschaften\/\">Sarcini cu risc crescut<\/a><\/p><p><a href=\"https:\/\/frauenarzt-net.de\/beratung-zur-geburt\/\">Consiliere pentru na\u0219tere<\/a><\/p>\t\t\t\t\t\t<\/div>\n\t\t\t\t<\/div>\n\t\t\t\t<\/div>\n\t\t<div class=\"elementor-element elementor-element-c5de086 e-con-full e-con\" data-id=\"c5de086\" data-element_type=\"container\" data-settings=\"{&quot;content_width&quot;:&quot;full&quot;}\">\n\t\t\t\t<div class=\"elementor-element elementor-element-7ca2d97 elementor-widget elementor-widget-text-editor\" data-id=\"7ca2d97\" data-element_type=\"widget\" data-widget_type=\"text-editor.default\">\n\t\t\t\t<div class=\"elementor-widget-container\">\n\t\t\t\t\t\t\t<h2>Ginecologie:<\/h2><p><a href=\"https:\/\/frauenarzt-net.de\/teenager-sprechstunde\/\">Consulta\u021bie pentru adolescen\u021bi<\/a><\/p><p><a href=\"https:\/\/frauenarzt-net.de\/vorsorge\/\">Preven\u021bie<\/a><\/p><p><a href=\"https:\/\/frauenarzt-net.de\/verhuetung\/\">Contracep\u021bie<\/a><\/p><p><a href=\"https:\/\/frauenarzt-net.de\/kinderwunsch\/\">Dorin\u021ba de a avea copii<\/a><\/p><p><a href=\"https:\/\/frauenarzt-net.de\/kinderwunsch-copy\/\">Consulta\u021bie hormonal\u0103<\/a><\/p><p><a href=\"https:\/\/frauenarzt-net.de\/wechseljahre\/\">Menopauz\u0103<\/a><\/p><p><a href=\"https:\/\/frauenarzt-net.de\/brusterkrankungen\/\">Boli ale s\u00e2nilor<\/a><\/p><p><a href=\"https:\/\/frauenarzt-net.de\/krebserkrankungen\/\">Cancere<\/a><\/p><p><a href=\"https:\/\/frauenarzt-net.de\/inkontinenz\/\">Incontinen\u021b\u0103<\/a><\/p><p><a href=\"https:\/\/frauenarzt-net.de\/endometriose\/\">Endometrioz\u0103<\/a><\/p><p><a href=\"https:\/\/frauenarzt-net.de\/ultraschalldiagnostik\/\">Diagnostic ecografic<\/a><\/p><p><a href=\"https:\/\/frauenarzt-net.de\/impfungen\/\">Vaccin\u0103ri<\/a><\/p>\t\t\t\t\t\t<\/div>\n\t\t\t\t<\/div>\n\t\t\t\t<\/div>\n\t\t\t\t\t<\/div>\n\t\t\t\t<\/div>\n\t\t\t\t\t\t\t<\/div>\n\t\t","protected":false},"excerpt":{"rendered":"<p>Doppleruntersuchung Pr\u00e4zise Diagnostik f\u00fcr Ihre Schwangerschaft Doppleruntersuchung Pr\u00e4zise Diagnostik f\u00fcr Ihre Schwangerschaft Diese wichtige Untersuchungsmethode liefert wertvolle Informationen \u00fcber die Versorgung und Entwicklung Ihres Babys. Als erfahrene Frauen\u00e4rzte in D\u00fcsseldorf legen wir gro\u00dfen Wert auf eine einf\u00fchlsame und individuelle Betreuung w\u00e4hrend der gesamten Schwangerschaft. Die Doppleruntersuchung ist ein wesentlicher Bestandteil unserer umfassenden Schwangerschaftsvorsorge. Termin vereinbaren [&hellip;]<\/p>\n","protected":false},"author":1,"featured_media":0,"parent":0,"menu_order":0,"comment_status":"closed","ping_status":"closed","template":"elementor_header_footer","meta":[],"yoast_head":"<!-- This site is optimized with the Yoast SEO plugin v19.13 - https:\/\/yoast.com\/wordpress\/plugins\/seo\/ -->\n<title>Doppleruntersuchung<\/title>\n<meta name=\"description\" content=\"Doppleruntersuchung bei Ihrem erfahrenen Frauenarzt in D\u00fcsseldorf. Dr. Eli Wechsler ist Experte f\u00fcr Schwangerschaftsdiagnostik.\" \/>\n<meta name=\"robots\" content=\"index, follow, max-snippet:-1, max-image-preview:large, max-video-preview:-1\" \/>\n<link rel=\"canonical\" href=\"https:\/\/frauenarzt-net.de\/doppleruntersuchung-in-duesseldorf\/\" \/>\n<meta property=\"og:locale\" content=\"ro_RO\" \/>\n<meta property=\"og:type\" content=\"article\" \/>\n<meta property=\"og:title\" content=\"Doppleruntersuchung\" \/>\n<meta property=\"og:description\" content=\"Doppleruntersuchung bei Ihrem erfahrenen Frauenarzt in D\u00fcsseldorf. Dr. Eli Wechsler ist Experte f\u00fcr Schwangerschaftsdiagnostik.\" \/>\n<meta property=\"og:url\" content=\"https:\/\/frauenarzt-net.de\/doppleruntersuchung-in-duesseldorf\/\" \/>\n<meta property=\"og:site_name\" content=\"Praxis Dr. Wechsler - Ihre Frauen\u00e4rztin in D\u00fcsseldorf und Umgebung\" \/>\n<meta property=\"article:modified_time\" content=\"2025-12-02T16:51:04+00:00\" \/>\n<meta property=\"og:image\" content=\"https:\/\/frauenarzt-net.de\/wp-content\/uploads\/2025\/12\/doppler-final.jpg\" \/>\n<meta name=\"twitter:card\" content=\"summary_large_image\" \/>\n<meta name=\"twitter:label1\" content=\"Timp estimat pentru citire\" \/>\n\t<meta name=\"twitter:data1\" content=\"1 minut\" \/>\n<script type=\"application\/ld+json\" class=\"yoast-schema-graph\">{\"@context\":\"https:\/\/schema.org\",\"@graph\":[{\"@type\":\"WebPage\",\"@id\":\"https:\/\/frauenarzt-net.de\/doppleruntersuchung-in-duesseldorf\/\",\"url\":\"https:\/\/frauenarzt-net.de\/doppleruntersuchung-in-duesseldorf\/\",\"name\":\"Doppleruntersuchung | Praxis Dr. Wechsler - Ihre Frauen\u00e4rztin in D\u00fcsseldorf und Umgebung\",\"isPartOf\":{\"@id\":\"https:\/\/frauenarzt-net.de\/#website\"},\"datePublished\":\"2024-11-30T00:19:46+00:00\",\"dateModified\":\"2025-12-02T16:51:04+00:00\",\"description\":\"Doppleruntersuchung bei Ihrem erfahrenen Frauenarzt in D\u00fcsseldorf. Dr. Eli Wechsler ist Experte f\u00fcr Schwangerschaftsdiagnostik.\",\"breadcrumb\":{\"@id\":\"https:\/\/frauenarzt-net.de\/doppleruntersuchung-in-duesseldorf\/#breadcrumb\"},\"inLanguage\":\"ro-RO\",\"potentialAction\":[{\"@type\":\"ReadAction\",\"target\":[\"https:\/\/frauenarzt-net.de\/doppleruntersuchung-in-duesseldorf\/\"]}]},{\"@type\":\"BreadcrumbList\",\"@id\":\"https:\/\/frauenarzt-net.de\/doppleruntersuchung-in-duesseldorf\/#breadcrumb\",\"itemListElement\":[{\"@type\":\"ListItem\",\"position\":1,\"name\":\"Home\",\"item\":\"https:\/\/frauenarzt-net.de\/\"},{\"@type\":\"ListItem\",\"position\":2,\"name\":\"Doppleruntersuchung\"}]},{\"@type\":\"WebSite\",\"@id\":\"https:\/\/frauenarzt-net.de\/#website\",\"url\":\"https:\/\/frauenarzt-net.de\/\",\"name\":\"Praxis Dr. Wechsler - Ihre Frauen\u00e4rztin in D\u00fcsseldorf und Umgebung\",\"description\":\"\",\"publisher\":{\"@id\":\"https:\/\/frauenarzt-net.de\/#organization\"},\"potentialAction\":[{\"@type\":\"SearchAction\",\"target\":{\"@type\":\"EntryPoint\",\"urlTemplate\":\"https:\/\/frauenarzt-net.de\/?s={search_term_string}\"},\"query-input\":\"required name=search_term_string\"}],\"inLanguage\":\"ro-RO\"},{\"@type\":\"Organization\",\"@id\":\"https:\/\/frauenarzt-net.de\/#organization\",\"name\":\"INVESTMENT COINS\",\"url\":\"https:\/\/frauenarzt-net.de\/\",\"logo\":{\"@type\":\"ImageObject\",\"inLanguage\":\"ro-RO\",\"@id\":\"https:\/\/frauenarzt-net.de\/#\/schema\/logo\/image\/\",\"url\":\"https:\/\/frauenaerztin-duesseldorf.dr-wechsler.de\/wp-content\/uploads\/2021\/07\/logo2.png\",\"contentUrl\":\"https:\/\/frauenaerztin-duesseldorf.dr-wechsler.de\/wp-content\/uploads\/2021\/07\/logo2.png\",\"width\":794,\"height\":71,\"caption\":\"INVESTMENT COINS\"},\"image\":{\"@id\":\"https:\/\/frauenarzt-net.de\/#\/schema\/logo\/image\/\"}}]}<\/script>\n<!-- \/ Yoast SEO plugin. -->","yoast_head_json":{"title":"Doppleruntersuchung","description":"Doppleruntersuchung bei Ihrem erfahrenen Frauenarzt in D\u00fcsseldorf. Dr. Eli Wechsler ist Experte f\u00fcr Schwangerschaftsdiagnostik.","robots":{"index":"index","follow":"follow","max-snippet":"max-snippet:-1","max-image-preview":"max-image-preview:large","max-video-preview":"max-video-preview:-1"},"canonical":"https:\/\/frauenarzt-net.de\/doppleruntersuchung-in-duesseldorf\/","og_locale":"ro_RO","og_type":"article","og_title":"Doppleruntersuchung","og_description":"Doppleruntersuchung bei Ihrem erfahrenen Frauenarzt in D\u00fcsseldorf. Dr. Eli Wechsler ist Experte f\u00fcr Schwangerschaftsdiagnostik.","og_url":"https:\/\/frauenarzt-net.de\/doppleruntersuchung-in-duesseldorf\/","og_site_name":"Praxis Dr. Wechsler - Ihre Frauen\u00e4rztin in D\u00fcsseldorf und Umgebung","article_modified_time":"2025-12-02T16:51:04+00:00","og_image":[{"url":"https:\/\/frauenarzt-net.de\/wp-content\/uploads\/2025\/12\/doppler-final.jpg"}],"twitter_card":"summary_large_image","twitter_misc":{"Timp estimat pentru citire":"1 minut"},"schema":{"@context":"https:\/\/schema.org","@graph":[{"@type":"WebPage","@id":"https:\/\/frauenarzt-net.de\/doppleruntersuchung-in-duesseldorf\/","url":"https:\/\/frauenarzt-net.de\/doppleruntersuchung-in-duesseldorf\/","name":"Doppleruntersuchung | Praxis Dr. Wechsler - Ihre Frauen\u00e4rztin in D\u00fcsseldorf und Umgebung","isPartOf":{"@id":"https:\/\/frauenarzt-net.de\/#website"},"datePublished":"2024-11-30T00:19:46+00:00","dateModified":"2025-12-02T16:51:04+00:00","description":"Doppleruntersuchung bei Ihrem erfahrenen Frauenarzt in D\u00fcsseldorf. Dr. Eli Wechsler ist Experte f\u00fcr Schwangerschaftsdiagnostik.","breadcrumb":{"@id":"https:\/\/frauenarzt-net.de\/doppleruntersuchung-in-duesseldorf\/#breadcrumb"},"inLanguage":"ro-RO","potentialAction":[{"@type":"ReadAction","target":["https:\/\/frauenarzt-net.de\/doppleruntersuchung-in-duesseldorf\/"]}]},{"@type":"BreadcrumbList","@id":"https:\/\/frauenarzt-net.de\/doppleruntersuchung-in-duesseldorf\/#breadcrumb","itemListElement":[{"@type":"ListItem","position":1,"name":"Home","item":"https:\/\/frauenarzt-net.de\/"},{"@type":"ListItem","position":2,"name":"Doppleruntersuchung"}]},{"@type":"WebSite","@id":"https:\/\/frauenarzt-net.de\/#website","url":"https:\/\/frauenarzt-net.de\/","name":"Praxis Dr. Wechsler - Ihre Frauen\u00e4rztin in D\u00fcsseldorf und Umgebung","description":"","publisher":{"@id":"https:\/\/frauenarzt-net.de\/#organization"},"potentialAction":[{"@type":"SearchAction","target":{"@type":"EntryPoint","urlTemplate":"https:\/\/frauenarzt-net.de\/?s={search_term_string}"},"query-input":"required name=search_term_string"}],"inLanguage":"ro-RO"},{"@type":"Organization","@id":"https:\/\/frauenarzt-net.de\/#organization","name":"INVESTMENT COINS","url":"https:\/\/frauenarzt-net.de\/","logo":{"@type":"ImageObject","inLanguage":"ro-RO","@id":"https:\/\/frauenarzt-net.de\/#\/schema\/logo\/image\/","url":"https:\/\/frauenaerztin-duesseldorf.dr-wechsler.de\/wp-content\/uploads\/2021\/07\/logo2.png","contentUrl":"https:\/\/frauenaerztin-duesseldorf.dr-wechsler.de\/wp-content\/uploads\/2021\/07\/logo2.png","width":794,"height":71,"caption":"INVESTMENT COINS"},"image":{"@id":"https:\/\/frauenarzt-net.de\/#\/schema\/logo\/image\/"}}]}},"_links":{"self":[{"href":"https:\/\/frauenarzt-net.de\/wp-json\/wp\/v2\/pages\/4749"}],"collection":[{"href":"https:\/\/frauenarzt-net.de\/wp-json\/wp\/v2\/pages"}],"about":[{"href":"https:\/\/frauenarzt-net.de\/wp-json\/wp\/v2\/types\/page"}],"author":[{"embeddable":true,"href":"https:\/\/frauenarzt-net.de\/wp-json\/wp\/v2\/users\/1"}],"replies":[{"embeddable":true,"href":"https:\/\/frauenarzt-net.de\/wp-json\/wp\/v2\/comments?post=4749"}],"version-history":[{"count":67,"href":"https:\/\/frauenarzt-net.de\/wp-json\/wp\/v2\/pages\/4749\/revisions"}],"predecessor-version":[{"id":6913,"href":"https:\/\/frauenarzt-net.de\/wp-json\/wp\/v2\/pages\/4749\/revisions\/6913"}],"wp:attachment":[{"href":"https:\/\/frauenarzt-net.de\/wp-json\/wp\/v2\/media?parent=4749"}],"curies":[{"name":"wp","href":"https:\/\/api.w.org\/{rel}","templated":true}]}}