{"id":4670,"date":"2024-11-29T20:49:05","date_gmt":"2024-11-29T20:49:05","guid":{"rendered":"https:\/\/frauenarzt-net.de\/?page_id=4670"},"modified":"2025-12-02T15:51:28","modified_gmt":"2025-12-02T15:51:28","slug":"endometriose","status":"publish","type":"page","link":"https:\/\/frauenarzt-net.de\/endometriose\/","title":{"rendered":"Endometriose"},"content":{"rendered":"\t\t<div data-elementor-type=\"wp-page\" data-elementor-id=\"4670\" class=\"elementor elementor-4670\">\n\t\t\t\t\t\t\t<div class=\"elementor-element elementor-element-b84ae9e e-con-boxed e-con\" data-id=\"b84ae9e\" data-element_type=\"container\" data-settings=\"{&quot;content_width&quot;:&quot;boxed&quot;}\">\n\t\t\t\t\t<div class=\"e-con-inner\">\n\t\t\t\t<div class=\"elementor-element elementor-element-2a43fb1 elementor-widget elementor-widget-text-editor\" data-id=\"2a43fb1\" data-element_type=\"widget\" data-widget_type=\"text-editor.default\">\n\t\t\t\t<div class=\"elementor-widget-container\">\n\t\t\t<style>\/*! elementor - v3.9.2 - 21-12-2022 *\/\n.elementor-widget-text-editor.elementor-drop-cap-view-stacked .elementor-drop-cap{background-color:#818a91;color:#fff}.elementor-widget-text-editor.elementor-drop-cap-view-framed .elementor-drop-cap{color:#818a91;border:3px solid;background-color:transparent}.elementor-widget-text-editor:not(.elementor-drop-cap-view-default) .elementor-drop-cap{margin-top:8px}.elementor-widget-text-editor:not(.elementor-drop-cap-view-default) .elementor-drop-cap-letter{width:1em;height:1em}.elementor-widget-text-editor .elementor-drop-cap{float:left;text-align:center;line-height:1;font-size:50px}.elementor-widget-text-editor .elementor-drop-cap-letter{display:inline-block}<\/style>\t\t\t\t<h1 class=\"mb-2 mt-6 text-lg first:mt-3\">Endometrioza<\/h1><h2 class=\"mb-2 mt-6 text-lg first:mt-3\">\u00cengrijire cuprinz\u0103toare la ginecologul dumneavoastr\u0103 din D\u00fcsseldorf<\/h2>\t\t\t\t\t\t<\/div>\n\t\t\t\t<\/div>\n\t\t\t\t\t<\/div>\n\t\t\t\t<\/div>\n\t\t<div class=\"elementor-element elementor-element-97ba43d elementor-hidden-mobile e-con-boxed e-con\" data-id=\"97ba43d\" data-element_type=\"container\" data-settings=\"{&quot;content_width&quot;:&quot;boxed&quot;}\">\n\t\t\t\t\t<div class=\"e-con-inner\">\n\t\t<div class=\"elementor-element elementor-element-f7ccae3 e-con-full e-con\" data-id=\"f7ccae3\" data-element_type=\"container\" data-settings=\"{&quot;content_width&quot;:&quot;full&quot;}\">\n\t\t\t\t<div class=\"elementor-element elementor-element-17f2b74 elementor-widget elementor-widget-text-editor\" data-id=\"17f2b74\" data-element_type=\"widget\" data-widget_type=\"text-editor.default\">\n\t\t\t\t<div class=\"elementor-widget-container\">\n\t\t\t\t\t\t\t<p>Endometrioza este o afec\u021biune benign\u0103 frecvent\u0103 care afecteaz\u0103 multe femei \u0219i se \u00eenso\u021be\u0219te adesea de dureri severe \u0219i alte simptome.<\/p><p>\u00a0<\/p>\t\t\t\t\t\t<\/div>\n\t\t\t\t<\/div>\n\t\t\t\t<\/div>\n\t\t<div class=\"elementor-element elementor-element-05f422e e-con-full e-con\" data-id=\"05f422e\" data-element_type=\"container\" data-settings=\"{&quot;content_width&quot;:&quot;full&quot;}\">\n\t\t\t\t<div class=\"elementor-element elementor-element-a6f3b11 elementor-align-left elementor-widget elementor-widget-button\" data-id=\"a6f3b11\" data-element_type=\"widget\" data-widget_type=\"button.default\">\n\t\t\t\t<div class=\"elementor-widget-container\">\n\t\t\t\t\t<div class=\"elementor-button-wrapper\">\n\t\t\t<a href=\"https:\/\/www.doctolib.de\/privatpraxis\/duesseldorf\/privatpraxis-fuer-gynaekologie-dr-wechsler?utm_campaign=website-button&#038;utm_source=privatpraxis-fuer-gynaekologie-dr-wechsler-website-button&#038;utm_medium=referral&#038;utm_content=option-8&#038;utm_term=privatpraxis-fuer-gynaekologie-dr-wechsler\" target=\"_blank\" class=\"elementor-button-link elementor-button elementor-size-sm\" role=\"button\">\n\t\t\t\t\t\t<span class=\"elementor-button-content-wrapper\">\n\t\t\t\t\t\t<span class=\"elementor-button-text\">Rezerv\u0103 o programare<\/span>\n\t\t<\/span>\n\t\t\t\t\t<\/a>\n\t\t<\/div>\n\t\t\t\t<\/div>\n\t\t\t\t<\/div>\n\t\t\t\t<\/div>\n\t\t\t\t\t<\/div>\n\t\t\t\t<\/div>\n\t\t<div class=\"elementor-element elementor-element-8670d79 elementor-hidden-desktop elementor-hidden-tablet e-con-boxed e-con\" data-id=\"8670d79\" data-element_type=\"container\" data-settings=\"{&quot;content_width&quot;:&quot;boxed&quot;}\">\n\t\t\t\t\t<div class=\"e-con-inner\">\n\t\t<div class=\"elementor-element elementor-element-020875d e-con-full e-con\" data-id=\"020875d\" data-element_type=\"container\" data-settings=\"{&quot;content_width&quot;:&quot;full&quot;}\">\n\t\t\t\t<div class=\"elementor-element elementor-element-a92ff76 elementor-widget elementor-widget-text-editor\" data-id=\"a92ff76\" data-element_type=\"widget\" data-widget_type=\"text-editor.default\">\n\t\t\t\t<div class=\"elementor-widget-container\">\n\t\t\t\t\t\t\t<p>Endometrioza este o afec\u021biune benign\u0103 frecvent\u0103 care afecteaz\u0103 multe femei \u0219i se \u00eenso\u021be\u0219te adesea de dureri severe \u0219i alte simptome.<\/p><p>\u00a0<\/p>\t\t\t\t\t\t<\/div>\n\t\t\t\t<\/div>\n\t\t\t\t<\/div>\n\t\t<div class=\"elementor-element elementor-element-b4f3c30 e-con-full e-con\" data-id=\"b4f3c30\" data-element_type=\"container\" data-settings=\"{&quot;content_width&quot;:&quot;full&quot;}\">\n\t\t\t\t<div class=\"elementor-element elementor-element-3c2be93 elementor-align-left elementor-mobile-align-center elementor-widget elementor-widget-button\" data-id=\"3c2be93\" data-element_type=\"widget\" data-widget_type=\"button.default\">\n\t\t\t\t<div class=\"elementor-widget-container\">\n\t\t\t\t\t<div class=\"elementor-button-wrapper\">\n\t\t\t<a href=\"https:\/\/www.doctolib.de\/privatpraxis\/duesseldorf\/privatpraxis-fuer-gynaekologie-dr-wechsler?utm_campaign=website-button&#038;utm_source=privatpraxis-fuer-gynaekologie-dr-wechsler-website-button&#038;utm_medium=referral&#038;utm_content=option-8&#038;utm_term=privatpraxis-fuer-gynaekologie-dr-wechsler\" target=\"_blank\" class=\"elementor-button-link elementor-button elementor-size-sm\" role=\"button\">\n\t\t\t\t\t\t<span class=\"elementor-button-content-wrapper\">\n\t\t\t\t\t\t<span class=\"elementor-button-text\">Rezerv\u0103 o programare<\/span>\n\t\t<\/span>\n\t\t\t\t\t<\/a>\n\t\t<\/div>\n\t\t\t\t<\/div>\n\t\t\t\t<\/div>\n\t\t\t\t<\/div>\n\t\t\t\t\t<\/div>\n\t\t\t\t<\/div>\n\t\t<div class=\"elementor-element elementor-element-a12b1ee e-con-boxed e-con\" data-id=\"a12b1ee\" data-element_type=\"container\" data-settings=\"{&quot;content_width&quot;:&quot;boxed&quot;}\">\n\t\t\t\t\t<div class=\"e-con-inner\">\n\t\t\t\t<div class=\"elementor-element elementor-element-480d25d elementor-widget elementor-widget-image\" data-id=\"480d25d\" data-element_type=\"widget\" data-widget_type=\"image.default\">\n\t\t\t\t<div class=\"elementor-widget-container\">\n\t\t\t<style>\/*! elementor - v3.9.2 - 21-12-2022 *\/\n.elementor-widget-image{text-align:center}.elementor-widget-image a{display:inline-block}.elementor-widget-image a img[src$=\".svg\"]{width:48px}.elementor-widget-image img{vertical-align:middle;display:inline-block}<\/style>\t\t\t\t\t\t\t\t\t\t\t\t<img decoding=\"async\" width=\"1000\" height=\"436\" src=\"https:\/\/frauenarzt-net.de\/wp-content\/uploads\/2024\/12\/endometriose-frauenarzt-duesseldorf.jpg\" class=\"attachment-large size-large wp-image-5166\" alt=\"Endometriose Frauenarzt D\u00fcsseldorf\" loading=\"lazy\" srcset=\"https:\/\/frauenarzt-net.de\/wp-content\/uploads\/2024\/12\/endometriose-frauenarzt-duesseldorf.jpg 1000w, https:\/\/frauenarzt-net.de\/wp-content\/uploads\/2024\/12\/endometriose-frauenarzt-duesseldorf-400x174.jpg 400w, https:\/\/frauenarzt-net.de\/wp-content\/uploads\/2024\/12\/endometriose-frauenarzt-duesseldorf-250x109.jpg 250w, https:\/\/frauenarzt-net.de\/wp-content\/uploads\/2024\/12\/endometriose-frauenarzt-duesseldorf-768x335.jpg 768w\" sizes=\"(max-width: 1000px) 100vw, 1000px\" \/>\t\t\t\t\t\t\t\t\t\t\t\t\t\t\t<\/div>\n\t\t\t\t<\/div>\n\t\t\t\t\t<\/div>\n\t\t\t\t<\/div>\n\t\t<div class=\"elementor-element elementor-element-ab60b29 e-con-boxed e-con\" data-id=\"ab60b29\" data-element_type=\"container\" data-settings=\"{&quot;content_width&quot;:&quot;boxed&quot;}\">\n\t\t\t\t\t<div class=\"e-con-inner\">\n\t\t<div class=\"elementor-element elementor-element-d01a923 e-con-full e-con\" data-id=\"d01a923\" data-element_type=\"container\" data-settings=\"{&quot;content_width&quot;:&quot;full&quot;}\">\n\t\t\t\t<div class=\"elementor-element elementor-element-31bf5a2 elementor-widget elementor-widget-text-editor\" data-id=\"31bf5a2\" data-element_type=\"widget\" data-widget_type=\"text-editor.default\">\n\t\t\t\t<div class=\"elementor-widget-container\">\n\t\t\t\t\t\t\t<h2>Despre sarcina dumneavoastr\u0103:<\/h2><p><a href=\"https:\/\/frauenarzt-net.de\/ersttrimesterscreening\/\">Screening-ul primului trimestru<\/a><\/p><p><a href=\"https:\/\/frauenarzt-net.de\/doppleruntersuchung-in-duesseldorf\/\">Examinare Doppler<\/a><\/p><p><a href=\"https:\/\/frauenarzt-net.de\/risikoschwangerschaften\/\">Sarcini cu risc crescut<\/a><\/p><p><a href=\"https:\/\/frauenarzt-net.de\/beratung-zur-geburt\/\">Consiliere pentru na\u0219tere<\/a><\/p>\t\t\t\t\t\t<\/div>\n\t\t\t\t<\/div>\n\t\t\t\t<\/div>\n\t\t<div class=\"elementor-element elementor-element-41d9f13 e-con-full e-con\" data-id=\"41d9f13\" data-element_type=\"container\" data-settings=\"{&quot;content_width&quot;:&quot;full&quot;}\">\n\t\t\t\t<div class=\"elementor-element elementor-element-fc295dc elementor-widget elementor-widget-text-editor\" data-id=\"fc295dc\" data-element_type=\"widget\" data-widget_type=\"text-editor.default\">\n\t\t\t\t<div class=\"elementor-widget-container\">\n\t\t\t\t\t\t\t<h2>Ginecologie:<\/h2><p><a href=\"https:\/\/frauenarzt-net.de\/teenager-sprechstunde\/\">Consulta\u021bie pentru adolescen\u021bi<\/a><\/p><p><a href=\"https:\/\/frauenarzt-net.de\/vorsorge\/\">Preven\u021bie<\/a><\/p><p><a href=\"https:\/\/frauenarzt-net.de\/verhuetung\/\">Contracep\u021bie<\/a><\/p><p><a href=\"https:\/\/frauenarzt-net.de\/kinderwunsch\/\">Dorin\u021ba de a avea copii<\/a><\/p><p><a href=\"https:\/\/frauenarzt-net.de\/kinderwunsch-copy\/\">Consulta\u021bie hormonal\u0103<\/a><\/p><p><a href=\"https:\/\/frauenarzt-net.de\/wechseljahre\/\">Menopauz\u0103<\/a><\/p><p><a href=\"https:\/\/frauenarzt-net.de\/brusterkrankungen\/\">Boli ale s\u00e2nilor<\/a><\/p><p><a href=\"https:\/\/frauenarzt-net.de\/krebserkrankungen\/\">Cancere<\/a><\/p><p><a href=\"https:\/\/frauenarzt-net.de\/inkontinenz\/\">Incontinen\u021b\u0103<\/a><\/p><p><a href=\"https:\/\/frauenarzt-net.de\/endometriose\/\">Endometrioz\u0103<\/a><\/p><p><a href=\"https:\/\/frauenarzt-net.de\/ultraschalldiagnostik\/\">Diagnostic ecografic<\/a><\/p><p><a href=\"https:\/\/frauenarzt-net.de\/impfungen\/\">Vaccin\u0103ri<\/a><\/p>\t\t\t\t\t\t<\/div>\n\t\t\t\t<\/div>\n\t\t\t\t<\/div>\n\t\t\t\t\t<\/div>\n\t\t\t\t<\/div>\n\t\t\t\t\t\t\t<\/div>\n\t\t","protected":false},"excerpt":{"rendered":"<p>Endometriose Umfassende Betreuung bei Ihren Frauen\u00e4rzten in D\u00fcsseldorf Endometriose ist eine h\u00e4ufige, gutartige Erkrankung, die viele Frauen betrifft und oft mit starken Schmerzen und anderen Beschwerden einhergeht. Die Symptome k\u00f6nnen von unklaren Unterbauchschmerzen bis hin zu starken Regelschmerzen und Schmerzen beim Geschlechtsverkehr reichen. \u00a0 Termin vereinbaren Endometriose ist eine h\u00e4ufige, gutartige Erkrankung, die viele Frauen [&hellip;]<\/p>\n","protected":false},"author":1,"featured_media":0,"parent":0,"menu_order":0,"comment_status":"closed","ping_status":"closed","template":"elementor_header_footer","meta":[],"yoast_head":"<!-- This site is optimized with the Yoast SEO plugin v19.13 - https:\/\/yoast.com\/wordpress\/plugins\/seo\/ -->\n<title>Endometriose<\/title>\n<meta name=\"description\" content=\"EndometrioseUmfassende Betreuung bei Ihren Frauen\u00e4rzten in D\u00fcsseldorfEndometriose ist eine h\u00e4ufige, gutartige Erkrankung, die viele Frauen betrifft und oft mit starken Schmerzen und anderen Beschwerden einhergeht.Die Symptome k\u00f6nnen von unklaren Unterbauchschmerzen bis hin zu starken Regelschmerzen und Schmerzen beim Geschlechtsverkehr reichen.\u00a0 Termin vereinbaren Endometriose ist eine h\u00e4ufige, gutartige Erkrankung, die viele Frauen betrifft und oft mit&hellip;\" \/>\n<meta name=\"robots\" content=\"index, follow, max-snippet:-1, max-image-preview:large, max-video-preview:-1\" \/>\n<link rel=\"canonical\" href=\"https:\/\/frauenarzt-net.de\/endometriose\/\" \/>\n<meta property=\"og:locale\" content=\"ro_RO\" \/>\n<meta property=\"og:type\" content=\"article\" \/>\n<meta property=\"og:title\" content=\"Endometriose\" \/>\n<meta property=\"og:description\" content=\"EndometrioseUmfassende Betreuung bei Ihren Frauen\u00e4rzten in D\u00fcsseldorfEndometriose ist eine h\u00e4ufige, gutartige Erkrankung, die viele Frauen betrifft und oft mit starken Schmerzen und anderen Beschwerden einhergeht.Die Symptome k\u00f6nnen von unklaren Unterbauchschmerzen bis hin zu starken Regelschmerzen und Schmerzen beim Geschlechtsverkehr reichen.\u00a0 Termin vereinbaren Endometriose ist eine h\u00e4ufige, gutartige Erkrankung, die viele Frauen betrifft und oft mit&hellip;\" \/>\n<meta property=\"og:url\" content=\"https:\/\/frauenarzt-net.de\/endometriose\/\" \/>\n<meta property=\"og:site_name\" content=\"Praxis Dr. Wechsler - Ihre Frauen\u00e4rztin in D\u00fcsseldorf und Umgebung\" \/>\n<meta property=\"article:modified_time\" content=\"2025-12-02T15:51:28+00:00\" \/>\n<meta property=\"og:image\" content=\"https:\/\/frauenarzt-net.de\/wp-content\/uploads\/2024\/12\/endometriose-frauenarzt-duesseldorf.jpg\" \/>\n<meta name=\"twitter:card\" content=\"summary_large_image\" \/>\n<script type=\"application\/ld+json\" class=\"yoast-schema-graph\">{\"@context\":\"https:\/\/schema.org\",\"@graph\":[{\"@type\":\"WebPage\",\"@id\":\"https:\/\/frauenarzt-net.de\/endometriose\/\",\"url\":\"https:\/\/frauenarzt-net.de\/endometriose\/\",\"name\":\"Endometriose | Praxis Dr. Wechsler - Ihre Frauen\u00e4rztin in D\u00fcsseldorf und Umgebung\",\"isPartOf\":{\"@id\":\"https:\/\/frauenarzt-net.de\/#website\"},\"datePublished\":\"2024-11-29T20:49:05+00:00\",\"dateModified\":\"2025-12-02T15:51:28+00:00\",\"description\":\"EndometrioseUmfassende Betreuung bei Ihren Frauen\u00e4rzten in D\u00fcsseldorfEndometriose ist eine h\u00e4ufige, gutartige Erkrankung, die viele Frauen betrifft und\",\"breadcrumb\":{\"@id\":\"https:\/\/frauenarzt-net.de\/endometriose\/#breadcrumb\"},\"inLanguage\":\"ro-RO\",\"potentialAction\":[{\"@type\":\"ReadAction\",\"target\":[\"https:\/\/frauenarzt-net.de\/endometriose\/\"]}]},{\"@type\":\"BreadcrumbList\",\"@id\":\"https:\/\/frauenarzt-net.de\/endometriose\/#breadcrumb\",\"itemListElement\":[{\"@type\":\"ListItem\",\"position\":1,\"name\":\"Home\",\"item\":\"https:\/\/frauenarzt-net.de\/\"},{\"@type\":\"ListItem\",\"position\":2,\"name\":\"Endometriose\"}]},{\"@type\":\"WebSite\",\"@id\":\"https:\/\/frauenarzt-net.de\/#website\",\"url\":\"https:\/\/frauenarzt-net.de\/\",\"name\":\"Praxis Dr. Wechsler - Ihre Frauen\u00e4rztin in D\u00fcsseldorf und Umgebung\",\"description\":\"\",\"publisher\":{\"@id\":\"https:\/\/frauenarzt-net.de\/#organization\"},\"potentialAction\":[{\"@type\":\"SearchAction\",\"target\":{\"@type\":\"EntryPoint\",\"urlTemplate\":\"https:\/\/frauenarzt-net.de\/?s={search_term_string}\"},\"query-input\":\"required name=search_term_string\"}],\"inLanguage\":\"ro-RO\"},{\"@type\":\"Organization\",\"@id\":\"https:\/\/frauenarzt-net.de\/#organization\",\"name\":\"INVESTMENT COINS\",\"url\":\"https:\/\/frauenarzt-net.de\/\",\"logo\":{\"@type\":\"ImageObject\",\"inLanguage\":\"ro-RO\",\"@id\":\"https:\/\/frauenarzt-net.de\/#\/schema\/logo\/image\/\",\"url\":\"https:\/\/frauenaerztin-duesseldorf.dr-wechsler.de\/wp-content\/uploads\/2021\/07\/logo2.png\",\"contentUrl\":\"https:\/\/frauenaerztin-duesseldorf.dr-wechsler.de\/wp-content\/uploads\/2021\/07\/logo2.png\",\"width\":794,\"height\":71,\"caption\":\"INVESTMENT COINS\"},\"image\":{\"@id\":\"https:\/\/frauenarzt-net.de\/#\/schema\/logo\/image\/\"}}]}<\/script>\n<!-- \/ Yoast SEO plugin. -->","yoast_head_json":{"title":"Endometriose","description":"EndometrioseUmfassende Betreuung bei Ihren Frauen\u00e4rzten in D\u00fcsseldorfEndometriose ist eine h\u00e4ufige, gutartige Erkrankung, die viele Frauen betrifft und oft mit starken Schmerzen und anderen Beschwerden einhergeht.Die Symptome k\u00f6nnen von unklaren Unterbauchschmerzen bis hin zu starken Regelschmerzen und Schmerzen beim Geschlechtsverkehr reichen.\u00a0 Termin vereinbaren Endometriose ist eine h\u00e4ufige, gutartige Erkrankung, die viele Frauen betrifft und oft mit&hellip;","robots":{"index":"index","follow":"follow","max-snippet":"max-snippet:-1","max-image-preview":"max-image-preview:large","max-video-preview":"max-video-preview:-1"},"canonical":"https:\/\/frauenarzt-net.de\/endometriose\/","og_locale":"ro_RO","og_type":"article","og_title":"Endometriose","og_description":"EndometrioseUmfassende Betreuung bei Ihren Frauen\u00e4rzten in D\u00fcsseldorfEndometriose ist eine h\u00e4ufige, gutartige Erkrankung, die viele Frauen betrifft und oft mit starken Schmerzen und anderen Beschwerden einhergeht.Die Symptome k\u00f6nnen von unklaren Unterbauchschmerzen bis hin zu starken Regelschmerzen und Schmerzen beim Geschlechtsverkehr reichen.\u00a0 Termin vereinbaren Endometriose ist eine h\u00e4ufige, gutartige Erkrankung, die viele Frauen betrifft und oft mit&hellip;","og_url":"https:\/\/frauenarzt-net.de\/endometriose\/","og_site_name":"Praxis Dr. Wechsler - Ihre Frauen\u00e4rztin in D\u00fcsseldorf und Umgebung","article_modified_time":"2025-12-02T15:51:28+00:00","og_image":[{"url":"https:\/\/frauenarzt-net.de\/wp-content\/uploads\/2024\/12\/endometriose-frauenarzt-duesseldorf.jpg"}],"twitter_card":"summary_large_image","schema":{"@context":"https:\/\/schema.org","@graph":[{"@type":"WebPage","@id":"https:\/\/frauenarzt-net.de\/endometriose\/","url":"https:\/\/frauenarzt-net.de\/endometriose\/","name":"Endometriose | Praxis Dr. Wechsler - Ihre Frauen\u00e4rztin in D\u00fcsseldorf und Umgebung","isPartOf":{"@id":"https:\/\/frauenarzt-net.de\/#website"},"datePublished":"2024-11-29T20:49:05+00:00","dateModified":"2025-12-02T15:51:28+00:00","description":"EndometrioseUmfassende Betreuung bei Ihren Frauen\u00e4rzten in D\u00fcsseldorfEndometriose ist eine h\u00e4ufige, gutartige Erkrankung, die viele Frauen betrifft und","breadcrumb":{"@id":"https:\/\/frauenarzt-net.de\/endometriose\/#breadcrumb"},"inLanguage":"ro-RO","potentialAction":[{"@type":"ReadAction","target":["https:\/\/frauenarzt-net.de\/endometriose\/"]}]},{"@type":"BreadcrumbList","@id":"https:\/\/frauenarzt-net.de\/endometriose\/#breadcrumb","itemListElement":[{"@type":"ListItem","position":1,"name":"Home","item":"https:\/\/frauenarzt-net.de\/"},{"@type":"ListItem","position":2,"name":"Endometriose"}]},{"@type":"WebSite","@id":"https:\/\/frauenarzt-net.de\/#website","url":"https:\/\/frauenarzt-net.de\/","name":"Praxis Dr. Wechsler - Ihre Frauen\u00e4rztin in D\u00fcsseldorf und Umgebung","description":"","publisher":{"@id":"https:\/\/frauenarzt-net.de\/#organization"},"potentialAction":[{"@type":"SearchAction","target":{"@type":"EntryPoint","urlTemplate":"https:\/\/frauenarzt-net.de\/?s={search_term_string}"},"query-input":"required name=search_term_string"}],"inLanguage":"ro-RO"},{"@type":"Organization","@id":"https:\/\/frauenarzt-net.de\/#organization","name":"INVESTMENT COINS","url":"https:\/\/frauenarzt-net.de\/","logo":{"@type":"ImageObject","inLanguage":"ro-RO","@id":"https:\/\/frauenarzt-net.de\/#\/schema\/logo\/image\/","url":"https:\/\/frauenaerztin-duesseldorf.dr-wechsler.de\/wp-content\/uploads\/2021\/07\/logo2.png","contentUrl":"https:\/\/frauenaerztin-duesseldorf.dr-wechsler.de\/wp-content\/uploads\/2021\/07\/logo2.png","width":794,"height":71,"caption":"INVESTMENT COINS"},"image":{"@id":"https:\/\/frauenarzt-net.de\/#\/schema\/logo\/image\/"}}]}},"_links":{"self":[{"href":"https:\/\/frauenarzt-net.de\/wp-json\/wp\/v2\/pages\/4670"}],"collection":[{"href":"https:\/\/frauenarzt-net.de\/wp-json\/wp\/v2\/pages"}],"about":[{"href":"https:\/\/frauenarzt-net.de\/wp-json\/wp\/v2\/types\/page"}],"author":[{"embeddable":true,"href":"https:\/\/frauenarzt-net.de\/wp-json\/wp\/v2\/users\/1"}],"replies":[{"embeddable":true,"href":"https:\/\/frauenarzt-net.de\/wp-json\/wp\/v2\/comments?post=4670"}],"version-history":[{"count":35,"href":"https:\/\/frauenarzt-net.de\/wp-json\/wp\/v2\/pages\/4670\/revisions"}],"predecessor-version":[{"id":6868,"href":"https:\/\/frauenarzt-net.de\/wp-json\/wp\/v2\/pages\/4670\/revisions\/6868"}],"wp:attachment":[{"href":"https:\/\/frauenarzt-net.de\/wp-json\/wp\/v2\/media?parent=4670"}],"curies":[{"name":"wp","href":"https:\/\/api.w.org\/{rel}","templated":true}]}}