{"id":4660,"date":"2024-11-29T20:41:43","date_gmt":"2024-11-29T20:41:43","guid":{"rendered":"https:\/\/frauenarzt-net.de\/?page_id=4660"},"modified":"2025-12-03T17:01:34","modified_gmt":"2025-12-03T17:01:34","slug":"inkontinenz","status":"publish","type":"page","link":"https:\/\/frauenarzt-net.de\/inkontinenz\/","title":{"rendered":"Inkontinenz"},"content":{"rendered":"\t\t<div data-elementor-type=\"wp-page\" data-elementor-id=\"4660\" class=\"elementor elementor-4660\">\n\t\t\t\t\t\t\t<div class=\"elementor-element elementor-element-b84ae9e e-con-boxed e-con\" data-id=\"b84ae9e\" data-element_type=\"container\" data-settings=\"{&quot;content_width&quot;:&quot;boxed&quot;}\">\n\t\t\t\t\t<div class=\"e-con-inner\">\n\t\t\t\t<div class=\"elementor-element elementor-element-2a43fb1 elementor-widget elementor-widget-text-editor\" data-id=\"2a43fb1\" data-element_type=\"widget\" data-widget_type=\"text-editor.default\">\n\t\t\t\t<div class=\"elementor-widget-container\">\n\t\t\t<style>\/*! elementor - v3.9.2 - 21-12-2022 *\/\n.elementor-widget-text-editor.elementor-drop-cap-view-stacked .elementor-drop-cap{background-color:#818a91;color:#fff}.elementor-widget-text-editor.elementor-drop-cap-view-framed .elementor-drop-cap{color:#818a91;border:3px solid;background-color:transparent}.elementor-widget-text-editor:not(.elementor-drop-cap-view-default) .elementor-drop-cap{margin-top:8px}.elementor-widget-text-editor:not(.elementor-drop-cap-view-default) .elementor-drop-cap-letter{width:1em;height:1em}.elementor-widget-text-editor .elementor-drop-cap{float:left;text-align:center;line-height:1;font-size:50px}.elementor-widget-text-editor .elementor-drop-cap-letter{display:inline-block}<\/style>\t\t\t\t<h1 class=\"mb-2 mt-6 text-lg first:mt-3\">Incontinen\u021ba<\/h1><h2 class=\"mb-2 mt-6 text-lg first:mt-3\">Consiliere \u0219i \u00eengrijire cuprinz\u0103toare la medicii dumneavoastr\u0103 ginecologi din D\u00fcsseldorf<\/h2>\t\t\t\t\t\t<\/div>\n\t\t\t\t<\/div>\n\t\t\t\t\t<\/div>\n\t\t\t\t<\/div>\n\t\t<div class=\"elementor-element elementor-element-67597eb elementor-hidden-mobile e-con-boxed e-con\" data-id=\"67597eb\" data-element_type=\"container\" data-settings=\"{&quot;content_width&quot;:&quot;boxed&quot;}\">\n\t\t\t\t\t<div class=\"e-con-inner\">\n\t\t<div class=\"elementor-element elementor-element-9c0d4b1 e-con-full e-con\" data-id=\"9c0d4b1\" data-element_type=\"container\" data-settings=\"{&quot;content_width&quot;:&quot;full&quot;}\">\n\t\t\t\t<div class=\"elementor-element elementor-element-f7d817c elementor-widget elementor-widget-text-editor\" data-id=\"f7d817c\" data-element_type=\"widget\" data-widget_type=\"text-editor.default\">\n\t\t\t\t<div class=\"elementor-widget-container\">\n\t\t\t\t\t\t\t<p data-start=\"3304\" data-end=\"3442\">Incontinen\u021ba este o problem\u0103 frecvent\u0103, dar adesea evitat\u0103 \u00een discu\u021bii, care poate afecta semnificativ via\u021ba de zi cu zi a multor femei.<\/p><p data-start=\"4150\" data-end=\"4390\" data-is-last-node=\"\" data-is-only-node=\"\">Cauzele incontinen\u021bei pot fi diverse \u2013 de la modific\u0103ri hormonale la sarcin\u0103 \u0219i na\u0219tere, p\u00e2n\u0103 la schimb\u0103ri ale \u021besuturilor ap\u0103rute odat\u0103 cu \u00eenaintarea \u00een v\u00e2rst\u0103.<\/p>\t\t\t\t\t\t<\/div>\n\t\t\t\t<\/div>\n\t\t\t\t<\/div>\n\t\t<div class=\"elementor-element elementor-element-4528bfc e-con-full e-con\" data-id=\"4528bfc\" data-element_type=\"container\" data-settings=\"{&quot;content_width&quot;:&quot;full&quot;}\">\n\t\t\t\t<div class=\"elementor-element elementor-element-a281f1c elementor-widget elementor-widget-text-editor\" data-id=\"a281f1c\" data-element_type=\"widget\" data-widget_type=\"text-editor.default\">\n\t\t\t\t<div class=\"elementor-widget-container\">\n\t\t\t\t\t\t\t<p data-start=\"4150\" data-end=\"4390\" data-is-last-node=\"\" data-is-only-node=\"\">V\u0103 oferim informa\u021bii detaliate despre diferitele op\u021biuni terapeutice: de la metode conservatoare, precum exerci\u021biile pentru musculatura plan\u0219eului pelvin, la tratamente medicamentoase sau, atunci c\u00e2nd este necesar, interven\u021bii chirurgicale.<\/p>\t\t\t\t\t\t<\/div>\n\t\t\t\t<\/div>\n\t\t\t\t<div class=\"elementor-element elementor-element-6eb5c68 elementor-align-left elementor-widget elementor-widget-button\" data-id=\"6eb5c68\" data-element_type=\"widget\" data-widget_type=\"button.default\">\n\t\t\t\t<div class=\"elementor-widget-container\">\n\t\t\t\t\t<div class=\"elementor-button-wrapper\">\n\t\t\t<a href=\"https:\/\/www.doctolib.de\/privatpraxis\/duesseldorf\/privatpraxis-fuer-gynaekologie-dr-wechsler?utm_campaign=website-button&#038;utm_source=privatpraxis-fuer-gynaekologie-dr-wechsler-website-button&#038;utm_medium=referral&#038;utm_content=option-8&#038;utm_term=privatpraxis-fuer-gynaekologie-dr-wechsler\" target=\"_blank\" class=\"elementor-button-link elementor-button elementor-size-sm\" role=\"button\">\n\t\t\t\t\t\t<span class=\"elementor-button-content-wrapper\">\n\t\t\t\t\t\t<span class=\"elementor-button-text\">Rezerv\u0103 o programare<\/span>\n\t\t<\/span>\n\t\t\t\t\t<\/a>\n\t\t<\/div>\n\t\t\t\t<\/div>\n\t\t\t\t<\/div>\n\t\t\t\t<\/div>\n\t\t\t\t\t<\/div>\n\t\t\t\t<\/div>\n\t\t<div class=\"elementor-element elementor-element-15bcbdc elementor-hidden-desktop elementor-hidden-tablet e-con-boxed e-con\" data-id=\"15bcbdc\" data-element_type=\"container\" data-settings=\"{&quot;content_width&quot;:&quot;boxed&quot;}\">\n\t\t\t\t\t<div class=\"e-con-inner\">\n\t\t<div class=\"elementor-element elementor-element-a08f5bc e-con-full e-con\" data-id=\"a08f5bc\" data-element_type=\"container\" data-settings=\"{&quot;content_width&quot;:&quot;full&quot;}\">\n\t\t\t\t<div class=\"elementor-element elementor-element-9ea4447 elementor-widget elementor-widget-text-editor\" data-id=\"9ea4447\" data-element_type=\"widget\" data-widget_type=\"text-editor.default\">\n\t\t\t\t<div class=\"elementor-widget-container\">\n\t\t\t\t\t\t\t<p data-start=\"3304\" data-end=\"3442\">Incontinen\u021ba este o problem\u0103 frecvent\u0103, dar adesea evitat\u0103 \u00een discu\u021bii, care poate afecta semnificativ via\u021ba de zi cu zi a multor femei.<\/p><p data-start=\"4150\" data-end=\"4390\" data-is-last-node=\"\" data-is-only-node=\"\">Cauzele incontinen\u021bei pot fi diverse \u2013 de la modific\u0103ri hormonale la sarcin\u0103 \u0219i na\u0219tere, p\u00e2n\u0103 la schimb\u0103ri ale \u021besuturilor ap\u0103rute odat\u0103 cu \u00eenaintarea \u00een v\u00e2rst\u0103.<\/p>\t\t\t\t\t\t<\/div>\n\t\t\t\t<\/div>\n\t\t\t\t<\/div>\n\t\t<div class=\"elementor-element elementor-element-16efac2 e-con-full e-con\" data-id=\"16efac2\" data-element_type=\"container\" data-settings=\"{&quot;content_width&quot;:&quot;full&quot;}\">\n\t\t\t\t<div class=\"elementor-element elementor-element-3babedd elementor-widget elementor-widget-text-editor\" data-id=\"3babedd\" data-element_type=\"widget\" data-widget_type=\"text-editor.default\">\n\t\t\t\t<div class=\"elementor-widget-container\">\n\t\t\t\t\t\t\t<p data-start=\"4150\" data-end=\"4390\" data-is-last-node=\"\" data-is-only-node=\"\">V\u0103 oferim informa\u021bii detaliate despre diferitele op\u021biuni terapeutice: de la metode conservatoare, precum exerci\u021biile pentru musculatura plan\u0219eului pelvin, la tratamente medicamentoase sau, atunci c\u00e2nd este necesar, interven\u021bii chirurgicale.<\/p>\t\t\t\t\t\t<\/div>\n\t\t\t\t<\/div>\n\t\t\t\t<div class=\"elementor-element elementor-element-3928b16 elementor-align-left elementor-mobile-align-center elementor-widget elementor-widget-button\" data-id=\"3928b16\" data-element_type=\"widget\" data-widget_type=\"button.default\">\n\t\t\t\t<div class=\"elementor-widget-container\">\n\t\t\t\t\t<div class=\"elementor-button-wrapper\">\n\t\t\t<a href=\"https:\/\/www.doctolib.de\/privatpraxis\/duesseldorf\/privatpraxis-fuer-gynaekologie-dr-wechsler?utm_campaign=website-button&#038;utm_source=privatpraxis-fuer-gynaekologie-dr-wechsler-website-button&#038;utm_medium=referral&#038;utm_content=option-8&#038;utm_term=privatpraxis-fuer-gynaekologie-dr-wechsler\" target=\"_blank\" class=\"elementor-button-link elementor-button elementor-size-sm\" role=\"button\">\n\t\t\t\t\t\t<span class=\"elementor-button-content-wrapper\">\n\t\t\t\t\t\t<span class=\"elementor-button-text\">Rezerv\u0103 o programare<\/span>\n\t\t<\/span>\n\t\t\t\t\t<\/a>\n\t\t<\/div>\n\t\t\t\t<\/div>\n\t\t\t\t<\/div>\n\t\t\t\t<\/div>\n\t\t\t\t\t<\/div>\n\t\t\t\t<\/div>\n\t\t<div class=\"elementor-element elementor-element-19ac60b e-con-boxed e-con\" data-id=\"19ac60b\" data-element_type=\"container\" data-settings=\"{&quot;content_width&quot;:&quot;boxed&quot;}\">\n\t\t\t\t\t<div class=\"e-con-inner\">\n\t\t\t\t<div class=\"elementor-element elementor-element-22200fc elementor-widget elementor-widget-image\" data-id=\"22200fc\" data-element_type=\"widget\" data-widget_type=\"image.default\">\n\t\t\t\t<div class=\"elementor-widget-container\">\n\t\t\t<style>\/*! elementor - v3.9.2 - 21-12-2022 *\/\n.elementor-widget-image{text-align:center}.elementor-widget-image a{display:inline-block}.elementor-widget-image a img[src$=\".svg\"]{width:48px}.elementor-widget-image img{vertical-align:middle;display:inline-block}<\/style>\t\t\t\t\t\t\t\t\t\t\t\t<img decoding=\"async\" width=\"1000\" height=\"436\" src=\"https:\/\/frauenarzt-net.de\/wp-content\/uploads\/2024\/12\/inkontinenz-frauenarzt-duesseldorf.jpg\" class=\"attachment-large size-large wp-image-5143\" alt=\"Inkontinenz Frauenarzt D\u00fcsseldorf\" loading=\"lazy\" srcset=\"https:\/\/frauenarzt-net.de\/wp-content\/uploads\/2024\/12\/inkontinenz-frauenarzt-duesseldorf.jpg 1000w, https:\/\/frauenarzt-net.de\/wp-content\/uploads\/2024\/12\/inkontinenz-frauenarzt-duesseldorf-400x174.jpg 400w, https:\/\/frauenarzt-net.de\/wp-content\/uploads\/2024\/12\/inkontinenz-frauenarzt-duesseldorf-250x109.jpg 250w, https:\/\/frauenarzt-net.de\/wp-content\/uploads\/2024\/12\/inkontinenz-frauenarzt-duesseldorf-768x335.jpg 768w\" sizes=\"(max-width: 1000px) 100vw, 1000px\" \/>\t\t\t\t\t\t\t\t\t\t\t\t\t\t\t<\/div>\n\t\t\t\t<\/div>\n\t\t\t\t\t<\/div>\n\t\t\t\t<\/div>\n\t\t<div class=\"elementor-element elementor-element-4b68373 e-con-boxed e-con\" data-id=\"4b68373\" data-element_type=\"container\" data-settings=\"{&quot;content_width&quot;:&quot;boxed&quot;}\">\n\t\t\t\t\t<div class=\"e-con-inner\">\n\t\t<div class=\"elementor-element elementor-element-eb998ce e-con-full e-con\" data-id=\"eb998ce\" data-element_type=\"container\" data-settings=\"{&quot;content_width&quot;:&quot;full&quot;}\">\n\t\t\t\t<div class=\"elementor-element elementor-element-1329e0b elementor-widget elementor-widget-text-editor\" data-id=\"1329e0b\" data-element_type=\"widget\" data-widget_type=\"text-editor.default\">\n\t\t\t\t<div class=\"elementor-widget-container\">\n\t\t\t\t\t\t\t<h2>Despre sarcina dumneavoastr\u0103:<\/h2><p><a href=\"https:\/\/frauenarzt-net.de\/ersttrimesterscreening\/\">Screening-ul primului trimestru<\/a><\/p><p><a href=\"https:\/\/frauenarzt-net.de\/doppleruntersuchung-in-duesseldorf\/\">Examinare Doppler<\/a><\/p><p><a href=\"https:\/\/frauenarzt-net.de\/risikoschwangerschaften\/\">Sarcini cu risc crescut<\/a><\/p><p><a href=\"https:\/\/frauenarzt-net.de\/beratung-zur-geburt\/\">Consiliere pentru na\u0219tere<\/a><\/p>\t\t\t\t\t\t<\/div>\n\t\t\t\t<\/div>\n\t\t\t\t<\/div>\n\t\t<div class=\"elementor-element elementor-element-36fb156 e-con-full e-con\" data-id=\"36fb156\" data-element_type=\"container\" data-settings=\"{&quot;content_width&quot;:&quot;full&quot;}\">\n\t\t\t\t<div class=\"elementor-element elementor-element-094e640 elementor-widget elementor-widget-text-editor\" data-id=\"094e640\" data-element_type=\"widget\" data-widget_type=\"text-editor.default\">\n\t\t\t\t<div class=\"elementor-widget-container\">\n\t\t\t\t\t\t\t<h2>Ginecologie:<\/h2><p><a href=\"https:\/\/frauenarzt-net.de\/teenager-sprechstunde\/\">Consulta\u021bie pentru adolescen\u021bi<\/a><\/p><p><a href=\"https:\/\/frauenarzt-net.de\/vorsorge\/\">Preven\u021bie<\/a><\/p><p><a href=\"https:\/\/frauenarzt-net.de\/verhuetung\/\">Contracep\u021bie<\/a><\/p><p><a href=\"https:\/\/frauenarzt-net.de\/kinderwunsch\/\">Dorin\u021ba de a avea copii<\/a><\/p><p><a href=\"https:\/\/frauenarzt-net.de\/kinderwunsch-copy\/\">Consulta\u021bie hormonal\u0103<\/a><\/p><p><a href=\"https:\/\/frauenarzt-net.de\/wechseljahre\/\">Menopauz\u0103<\/a><\/p><p><a href=\"https:\/\/frauenarzt-net.de\/brusterkrankungen\/\">Boli ale s\u00e2nilor<\/a><\/p><p><a href=\"https:\/\/frauenarzt-net.de\/krebserkrankungen\/\">Cancere<\/a><\/p><p><a href=\"https:\/\/frauenarzt-net.de\/inkontinenz\/\">Incontinen\u021b\u0103<\/a><\/p><p><a href=\"https:\/\/frauenarzt-net.de\/endometriose\/\">Endometrioz\u0103<\/a><\/p><p><a href=\"https:\/\/frauenarzt-net.de\/ultraschalldiagnostik\/\">Diagnostic ecografic<\/a><\/p><p><a href=\"https:\/\/frauenarzt-net.de\/impfungen\/\">Vaccin\u0103ri<\/a><\/p>\t\t\t\t\t\t<\/div>\n\t\t\t\t<\/div>\n\t\t\t\t<\/div>\n\t\t\t\t\t<\/div>\n\t\t\t\t<\/div>\n\t\t\t\t\t\t\t<\/div>\n\t\t","protected":false},"excerpt":{"rendered":"<p>Inkontinenz Umfassende Beratung und Betreuung bei Ihren Frauen\u00e4rzten in D\u00fcsseldorf Inkontinenz ist ein weit verbreitetes, jedoch h\u00e4ufig verschwiegenes Thema, das viele Frauen im Alltag stark belastet. Die Ausl\u00f6ser f\u00fcr Inkontinenz k\u00f6nnen vielf\u00e4ltig sein \u2013 von hormonellen Ver\u00e4nderungen \u00fcber Schwangerschaft und Geburt bis hin zu altersbedingten Ver\u00e4nderungen des Gewebes. \u00a0 Wir informieren Sie ausf\u00fchrlich \u00fcber die [&hellip;]<\/p>\n","protected":false},"author":1,"featured_media":0,"parent":0,"menu_order":0,"comment_status":"closed","ping_status":"closed","template":"elementor_header_footer","meta":[],"yoast_head":"<!-- This site is optimized with the Yoast SEO plugin v19.13 - https:\/\/yoast.com\/wordpress\/plugins\/seo\/ -->\n<title>Inkontinenz<\/title>\n<meta name=\"description\" content=\"InkontinenzUmfassende Beratung und Betreuung bei Ihren Frauen\u00e4rzten in D\u00fcsseldorfInkontinenz ist ein weit verbreitetes, jedoch h\u00e4ufig verschwiegenes Thema, das viele Frauen im Alltag stark belastet.Die Ausl\u00f6ser f\u00fcr Inkontinenz k\u00f6nnen vielf\u00e4ltig sein \u2013 von hormonellen Ver\u00e4nderungen \u00fcber Schwangerschaft und Geburt bis hin zu altersbedingten Ver\u00e4nderungen des Gewebes.\u00a0Wir informieren Sie ausf\u00fchrlich \u00fcber die verschiedenen Therapieoptionen: von konservativen Ma\u00dfnahmen&hellip;\" \/>\n<meta name=\"robots\" content=\"index, follow, max-snippet:-1, max-image-preview:large, max-video-preview:-1\" \/>\n<link rel=\"canonical\" href=\"https:\/\/frauenarzt-net.de\/inkontinenz\/\" \/>\n<meta property=\"og:locale\" content=\"ro_RO\" \/>\n<meta property=\"og:type\" content=\"article\" \/>\n<meta property=\"og:title\" content=\"Inkontinenz\" \/>\n<meta property=\"og:description\" content=\"InkontinenzUmfassende Beratung und Betreuung bei Ihren Frauen\u00e4rzten in D\u00fcsseldorfInkontinenz ist ein weit verbreitetes, jedoch h\u00e4ufig verschwiegenes Thema, das viele Frauen im Alltag stark belastet.Die Ausl\u00f6ser f\u00fcr Inkontinenz k\u00f6nnen vielf\u00e4ltig sein \u2013 von hormonellen Ver\u00e4nderungen \u00fcber Schwangerschaft und Geburt bis hin zu altersbedingten Ver\u00e4nderungen des Gewebes.\u00a0Wir informieren Sie ausf\u00fchrlich \u00fcber die verschiedenen Therapieoptionen: von konservativen Ma\u00dfnahmen&hellip;\" \/>\n<meta property=\"og:url\" content=\"https:\/\/frauenarzt-net.de\/inkontinenz\/\" \/>\n<meta property=\"og:site_name\" content=\"Praxis Dr. Wechsler - Ihre Frauen\u00e4rztin in D\u00fcsseldorf und Umgebung\" \/>\n<meta property=\"article:modified_time\" content=\"2025-12-03T17:01:34+00:00\" \/>\n<meta property=\"og:image\" content=\"https:\/\/frauenarzt-net.de\/wp-content\/uploads\/2024\/12\/inkontinenz-frauenarzt-duesseldorf.jpg\" \/>\n<meta name=\"twitter:card\" content=\"summary_large_image\" \/>\n<meta name=\"twitter:label1\" content=\"Timp estimat pentru citire\" \/>\n\t<meta name=\"twitter:data1\" content=\"1 minut\" \/>\n<script type=\"application\/ld+json\" class=\"yoast-schema-graph\">{\"@context\":\"https:\/\/schema.org\",\"@graph\":[{\"@type\":\"WebPage\",\"@id\":\"https:\/\/frauenarzt-net.de\/inkontinenz\/\",\"url\":\"https:\/\/frauenarzt-net.de\/inkontinenz\/\",\"name\":\"Inkontinenz | Praxis Dr. Wechsler - Ihre Frauen\u00e4rztin in D\u00fcsseldorf und Umgebung\",\"isPartOf\":{\"@id\":\"https:\/\/frauenarzt-net.de\/#website\"},\"datePublished\":\"2024-11-29T20:41:43+00:00\",\"dateModified\":\"2025-12-03T17:01:34+00:00\",\"description\":\"InkontinenzUmfassende Beratung und Betreuung bei Ihren Frauen\u00e4rzten in D\u00fcsseldorfInkontinenz ist ein weit verbreitetes, jedoch h\u00e4ufig verschwiegenes\",\"breadcrumb\":{\"@id\":\"https:\/\/frauenarzt-net.de\/inkontinenz\/#breadcrumb\"},\"inLanguage\":\"ro-RO\",\"potentialAction\":[{\"@type\":\"ReadAction\",\"target\":[\"https:\/\/frauenarzt-net.de\/inkontinenz\/\"]}]},{\"@type\":\"BreadcrumbList\",\"@id\":\"https:\/\/frauenarzt-net.de\/inkontinenz\/#breadcrumb\",\"itemListElement\":[{\"@type\":\"ListItem\",\"position\":1,\"name\":\"Home\",\"item\":\"https:\/\/frauenarzt-net.de\/\"},{\"@type\":\"ListItem\",\"position\":2,\"name\":\"Inkontinenz\"}]},{\"@type\":\"WebSite\",\"@id\":\"https:\/\/frauenarzt-net.de\/#website\",\"url\":\"https:\/\/frauenarzt-net.de\/\",\"name\":\"Praxis Dr. Wechsler - Ihre Frauen\u00e4rztin in D\u00fcsseldorf und Umgebung\",\"description\":\"\",\"publisher\":{\"@id\":\"https:\/\/frauenarzt-net.de\/#organization\"},\"potentialAction\":[{\"@type\":\"SearchAction\",\"target\":{\"@type\":\"EntryPoint\",\"urlTemplate\":\"https:\/\/frauenarzt-net.de\/?s={search_term_string}\"},\"query-input\":\"required name=search_term_string\"}],\"inLanguage\":\"ro-RO\"},{\"@type\":\"Organization\",\"@id\":\"https:\/\/frauenarzt-net.de\/#organization\",\"name\":\"INVESTMENT COINS\",\"url\":\"https:\/\/frauenarzt-net.de\/\",\"logo\":{\"@type\":\"ImageObject\",\"inLanguage\":\"ro-RO\",\"@id\":\"https:\/\/frauenarzt-net.de\/#\/schema\/logo\/image\/\",\"url\":\"https:\/\/frauenaerztin-duesseldorf.dr-wechsler.de\/wp-content\/uploads\/2021\/07\/logo2.png\",\"contentUrl\":\"https:\/\/frauenaerztin-duesseldorf.dr-wechsler.de\/wp-content\/uploads\/2021\/07\/logo2.png\",\"width\":794,\"height\":71,\"caption\":\"INVESTMENT COINS\"},\"image\":{\"@id\":\"https:\/\/frauenarzt-net.de\/#\/schema\/logo\/image\/\"}}]}<\/script>\n<!-- \/ Yoast SEO plugin. -->","yoast_head_json":{"title":"Inkontinenz","description":"InkontinenzUmfassende Beratung und Betreuung bei Ihren Frauen\u00e4rzten in D\u00fcsseldorfInkontinenz ist ein weit verbreitetes, jedoch h\u00e4ufig verschwiegenes Thema, das viele Frauen im Alltag stark belastet.Die Ausl\u00f6ser f\u00fcr Inkontinenz k\u00f6nnen vielf\u00e4ltig sein \u2013 von hormonellen Ver\u00e4nderungen \u00fcber Schwangerschaft und Geburt bis hin zu altersbedingten Ver\u00e4nderungen des Gewebes.\u00a0Wir informieren Sie ausf\u00fchrlich \u00fcber die verschiedenen Therapieoptionen: von konservativen Ma\u00dfnahmen&hellip;","robots":{"index":"index","follow":"follow","max-snippet":"max-snippet:-1","max-image-preview":"max-image-preview:large","max-video-preview":"max-video-preview:-1"},"canonical":"https:\/\/frauenarzt-net.de\/inkontinenz\/","og_locale":"ro_RO","og_type":"article","og_title":"Inkontinenz","og_description":"InkontinenzUmfassende Beratung und Betreuung bei Ihren Frauen\u00e4rzten in D\u00fcsseldorfInkontinenz ist ein weit verbreitetes, jedoch h\u00e4ufig verschwiegenes Thema, das viele Frauen im Alltag stark belastet.Die Ausl\u00f6ser f\u00fcr Inkontinenz k\u00f6nnen vielf\u00e4ltig sein \u2013 von hormonellen Ver\u00e4nderungen \u00fcber Schwangerschaft und Geburt bis hin zu altersbedingten Ver\u00e4nderungen des Gewebes.\u00a0Wir informieren Sie ausf\u00fchrlich \u00fcber die verschiedenen Therapieoptionen: von konservativen Ma\u00dfnahmen&hellip;","og_url":"https:\/\/frauenarzt-net.de\/inkontinenz\/","og_site_name":"Praxis Dr. Wechsler - Ihre Frauen\u00e4rztin in D\u00fcsseldorf und Umgebung","article_modified_time":"2025-12-03T17:01:34+00:00","og_image":[{"url":"https:\/\/frauenarzt-net.de\/wp-content\/uploads\/2024\/12\/inkontinenz-frauenarzt-duesseldorf.jpg"}],"twitter_card":"summary_large_image","twitter_misc":{"Timp estimat pentru citire":"1 minut"},"schema":{"@context":"https:\/\/schema.org","@graph":[{"@type":"WebPage","@id":"https:\/\/frauenarzt-net.de\/inkontinenz\/","url":"https:\/\/frauenarzt-net.de\/inkontinenz\/","name":"Inkontinenz | Praxis Dr. Wechsler - Ihre Frauen\u00e4rztin in D\u00fcsseldorf und Umgebung","isPartOf":{"@id":"https:\/\/frauenarzt-net.de\/#website"},"datePublished":"2024-11-29T20:41:43+00:00","dateModified":"2025-12-03T17:01:34+00:00","description":"InkontinenzUmfassende Beratung und Betreuung bei Ihren Frauen\u00e4rzten in D\u00fcsseldorfInkontinenz ist ein weit verbreitetes, jedoch h\u00e4ufig verschwiegenes","breadcrumb":{"@id":"https:\/\/frauenarzt-net.de\/inkontinenz\/#breadcrumb"},"inLanguage":"ro-RO","potentialAction":[{"@type":"ReadAction","target":["https:\/\/frauenarzt-net.de\/inkontinenz\/"]}]},{"@type":"BreadcrumbList","@id":"https:\/\/frauenarzt-net.de\/inkontinenz\/#breadcrumb","itemListElement":[{"@type":"ListItem","position":1,"name":"Home","item":"https:\/\/frauenarzt-net.de\/"},{"@type":"ListItem","position":2,"name":"Inkontinenz"}]},{"@type":"WebSite","@id":"https:\/\/frauenarzt-net.de\/#website","url":"https:\/\/frauenarzt-net.de\/","name":"Praxis Dr. Wechsler - Ihre Frauen\u00e4rztin in D\u00fcsseldorf und Umgebung","description":"","publisher":{"@id":"https:\/\/frauenarzt-net.de\/#organization"},"potentialAction":[{"@type":"SearchAction","target":{"@type":"EntryPoint","urlTemplate":"https:\/\/frauenarzt-net.de\/?s={search_term_string}"},"query-input":"required name=search_term_string"}],"inLanguage":"ro-RO"},{"@type":"Organization","@id":"https:\/\/frauenarzt-net.de\/#organization","name":"INVESTMENT COINS","url":"https:\/\/frauenarzt-net.de\/","logo":{"@type":"ImageObject","inLanguage":"ro-RO","@id":"https:\/\/frauenarzt-net.de\/#\/schema\/logo\/image\/","url":"https:\/\/frauenaerztin-duesseldorf.dr-wechsler.de\/wp-content\/uploads\/2021\/07\/logo2.png","contentUrl":"https:\/\/frauenaerztin-duesseldorf.dr-wechsler.de\/wp-content\/uploads\/2021\/07\/logo2.png","width":794,"height":71,"caption":"INVESTMENT COINS"},"image":{"@id":"https:\/\/frauenarzt-net.de\/#\/schema\/logo\/image\/"}}]}},"_links":{"self":[{"href":"https:\/\/frauenarzt-net.de\/wp-json\/wp\/v2\/pages\/4660"}],"collection":[{"href":"https:\/\/frauenarzt-net.de\/wp-json\/wp\/v2\/pages"}],"about":[{"href":"https:\/\/frauenarzt-net.de\/wp-json\/wp\/v2\/types\/page"}],"author":[{"embeddable":true,"href":"https:\/\/frauenarzt-net.de\/wp-json\/wp\/v2\/users\/1"}],"replies":[{"embeddable":true,"href":"https:\/\/frauenarzt-net.de\/wp-json\/wp\/v2\/comments?post=4660"}],"version-history":[{"count":51,"href":"https:\/\/frauenarzt-net.de\/wp-json\/wp\/v2\/pages\/4660\/revisions"}],"predecessor-version":[{"id":7075,"href":"https:\/\/frauenarzt-net.de\/wp-json\/wp\/v2\/pages\/4660\/revisions\/7075"}],"wp:attachment":[{"href":"https:\/\/frauenarzt-net.de\/wp-json\/wp\/v2\/media?parent=4660"}],"curies":[{"name":"wp","href":"https:\/\/api.w.org\/{rel}","templated":true}]}}