{"id":4651,"date":"2024-11-29T20:34:17","date_gmt":"2024-11-29T20:34:17","guid":{"rendered":"https:\/\/frauenarzt-net.de\/?page_id=4651"},"modified":"2025-12-02T15:37:10","modified_gmt":"2025-12-02T15:37:10","slug":"krebserkrankungen","status":"publish","type":"page","link":"https:\/\/frauenarzt-net.de\/krebserkrankungen\/","title":{"rendered":"Krebserkrankungen"},"content":{"rendered":"\t\t<div data-elementor-type=\"wp-page\" data-elementor-id=\"4651\" class=\"elementor elementor-4651\">\n\t\t\t\t\t\t\t<div class=\"elementor-element elementor-element-b84ae9e elementor-hidden-mobile e-con-boxed e-con\" data-id=\"b84ae9e\" data-element_type=\"container\" data-settings=\"{&quot;content_width&quot;:&quot;boxed&quot;}\">\n\t\t\t\t\t<div class=\"e-con-inner\">\n\t\t\t\t<div class=\"elementor-element elementor-element-2a43fb1 elementor-widget elementor-widget-text-editor\" data-id=\"2a43fb1\" data-element_type=\"widget\" data-widget_type=\"text-editor.default\">\n\t\t\t\t<div class=\"elementor-widget-container\">\n\t\t\t<style>\/*! elementor - v3.9.2 - 21-12-2022 *\/\n.elementor-widget-text-editor.elementor-drop-cap-view-stacked .elementor-drop-cap{background-color:#818a91;color:#fff}.elementor-widget-text-editor.elementor-drop-cap-view-framed .elementor-drop-cap{color:#818a91;border:3px solid;background-color:transparent}.elementor-widget-text-editor:not(.elementor-drop-cap-view-default) .elementor-drop-cap{margin-top:8px}.elementor-widget-text-editor:not(.elementor-drop-cap-view-default) .elementor-drop-cap-letter{width:1em;height:1em}.elementor-widget-text-editor .elementor-drop-cap{float:left;text-align:center;line-height:1;font-size:50px}.elementor-widget-text-editor .elementor-drop-cap-letter{display:inline-block}<\/style>\t\t\t\t<h1 class=\"mb-2 mt-6 text-lg first:mt-3\">Bolile canceroase<\/h1><h2 class=\"mb-2 mt-6 text-lg first:mt-3\">\u00cengrijire complet\u0103 la medicii dumneavoastr\u0103 ginecologi din D\u00fcsseldorf<\/h2>\t\t\t\t\t\t<\/div>\n\t\t\t\t<\/div>\n\t\t\t\t\t<\/div>\n\t\t\t\t<\/div>\n\t\t<div class=\"elementor-element elementor-element-ed78d73 elementor-hidden-desktop elementor-hidden-tablet e-con-boxed e-con\" data-id=\"ed78d73\" data-element_type=\"container\" data-settings=\"{&quot;content_width&quot;:&quot;boxed&quot;}\">\n\t\t\t\t\t<div class=\"e-con-inner\">\n\t\t\t\t<div class=\"elementor-element elementor-element-87ea82b elementor-widget elementor-widget-text-editor\" data-id=\"87ea82b\" data-element_type=\"widget\" data-widget_type=\"text-editor.default\">\n\t\t\t\t<div class=\"elementor-widget-container\">\n\t\t\t\t\t\t\t<h1 class=\"mb-2 mt-6 text-lg first:mt-3\">Bolile canceroase<\/h1><h2 class=\"mb-2 mt-6 text-lg first:mt-3\">\u00cengrijire complet\u0103 la medicii dumneavoastr\u0103 ginecologi din D\u00fcsseldorf<\/h2>\t\t\t\t\t\t<\/div>\n\t\t\t\t<\/div>\n\t\t\t\t\t<\/div>\n\t\t\t\t<\/div>\n\t\t<div class=\"elementor-element elementor-element-f39127f elementor-hidden-mobile e-con-boxed e-con\" data-id=\"f39127f\" data-element_type=\"container\" data-settings=\"{&quot;content_width&quot;:&quot;boxed&quot;}\">\n\t\t\t\t\t<div class=\"e-con-inner\">\n\t\t<div class=\"elementor-element elementor-element-e9a1d2f e-con-full e-con\" data-id=\"e9a1d2f\" data-element_type=\"container\" data-settings=\"{&quot;content_width&quot;:&quot;full&quot;}\">\n\t\t\t\t<div class=\"elementor-element elementor-element-ac064d0 elementor-widget elementor-widget-text-editor\" data-id=\"ac064d0\" data-element_type=\"widget\" data-widget_type=\"text-editor.default\">\n\t\t\t\t<div class=\"elementor-widget-container\">\n\t\t\t\t\t\t\t<p data-start=\"3493\" data-end=\"3795\">Diagnosticul de cancer poate reprezenta o provocare profund\u0103 pentru multe femei \u0219i necesit\u0103 o \u00eengrijire medical\u0103 sensibil\u0103 \u0219i \u00een acela\u0219i timp de \u00eenalt\u0103 competen\u021b\u0103.<br data-start=\"3656\" data-end=\"3659\" \/>\u00cen cabinetul nostru din D\u00fcsseldorf, <strong data-start=\"3695\" data-end=\"3712\">dumneavoastr\u0103<\/strong> sunte\u021bi \u00een centrul aten\u021biei \u2013 cu toate \u00eentreb\u0103rile, temerile \u0219i nevoile personale.<\/p><p data-start=\"3797\" data-end=\"4125\">Ca doi ginecologi cu mul\u021bi ani de experien\u021b\u0103, v\u0103 oferim consiliere specializat\u0103 \u0219i diagnostic complet pentru cancerele ginecologice.<br data-start=\"3929\" data-end=\"3932\" \/>Fie c\u0103 este vorba de cancer mamar, ovarian sau uterin, ne facem timp pentru a v\u0103 sprijini, pentru a v\u0103 explica clar fiecare etap\u0103 \u0219i pentru a elabora \u00eempreun\u0103 un plan de tratament personalizat.<\/p><p data-start=\"4127\" data-end=\"4591\" data-is-last-node=\"\" data-is-only-node=\"\">Lucr\u0103m cu metode de diagnostic de ultim\u0103 genera\u021bie \u0219i avem mereu \u00een vedere starea dumneavoastr\u0103 general\u0103 de s\u0103n\u0103tate, pentru a v\u0103 putea oferi cea mai bun\u0103 \u00eengrijire posibil\u0103.<br data-start=\"4301\" data-end=\"4304\" \/>Deoarece depistarea precoce este esen\u021bial\u0103 pentru succesul tratamentului, recomand\u0103m controale preventive regulate \u0219i autoexaminarea s\u00e2nilor. \u00cen cabinetul nostru v\u0103 oferim informa\u021bii detaliate despre toate op\u021biunile de depistare precoce \u2013 de la mamografie p\u00e2n\u0103 la examin\u0103rile ecografice.<\/p>\t\t\t\t\t\t<\/div>\n\t\t\t\t<\/div>\n\t\t\t\t<\/div>\n\t\t<div class=\"elementor-element elementor-element-6e86c8a e-con-full e-con\" data-id=\"6e86c8a\" data-element_type=\"container\" data-settings=\"{&quot;content_width&quot;:&quot;full&quot;}\">\n\t\t\t\t<div class=\"elementor-element elementor-element-bed9e03 elementor-align-left elementor-widget elementor-widget-button\" data-id=\"bed9e03\" data-element_type=\"widget\" data-widget_type=\"button.default\">\n\t\t\t\t<div class=\"elementor-widget-container\">\n\t\t\t\t\t<div class=\"elementor-button-wrapper\">\n\t\t\t<a href=\"https:\/\/www.doctolib.de\/privatpraxis\/duesseldorf\/privatpraxis-fuer-gynaekologie-dr-wechsler?utm_campaign=website-button&#038;utm_source=privatpraxis-fuer-gynaekologie-dr-wechsler-website-button&#038;utm_medium=referral&#038;utm_content=option-8&#038;utm_term=privatpraxis-fuer-gynaekologie-dr-wechsler\" target=\"_blank\" class=\"elementor-button-link elementor-button elementor-size-sm\" role=\"button\">\n\t\t\t\t\t\t<span class=\"elementor-button-content-wrapper\">\n\t\t\t\t\t\t<span class=\"elementor-button-text\">Rezerv\u0103 o programare<\/span>\n\t\t<\/span>\n\t\t\t\t\t<\/a>\n\t\t<\/div>\n\t\t\t\t<\/div>\n\t\t\t\t<\/div>\n\t\t\t\t<\/div>\n\t\t\t\t\t<\/div>\n\t\t\t\t<\/div>\n\t\t<div class=\"elementor-element elementor-element-2f5f679 elementor-hidden-desktop elementor-hidden-tablet e-con-boxed e-con\" data-id=\"2f5f679\" data-element_type=\"container\" data-settings=\"{&quot;content_width&quot;:&quot;boxed&quot;}\">\n\t\t\t\t\t<div class=\"e-con-inner\">\n\t\t<div class=\"elementor-element elementor-element-eb4348a e-con-full e-con\" data-id=\"eb4348a\" data-element_type=\"container\" data-settings=\"{&quot;content_width&quot;:&quot;full&quot;}\">\n\t\t\t\t<div class=\"elementor-element elementor-element-d8c6979 elementor-widget elementor-widget-text-editor\" data-id=\"d8c6979\" data-element_type=\"widget\" data-widget_type=\"text-editor.default\">\n\t\t\t\t<div class=\"elementor-widget-container\">\n\t\t\t\t\t\t\t<p data-start=\"3493\" data-end=\"3795\">Diagnosticul de cancer poate reprezenta o provocare profund\u0103 pentru multe femei \u0219i necesit\u0103 o \u00eengrijire medical\u0103 sensibil\u0103 \u0219i \u00een acela\u0219i timp de \u00eenalt\u0103 competen\u021b\u0103.<br data-start=\"3656\" data-end=\"3659\" \/>\u00cen cabinetul nostru din D\u00fcsseldorf, <strong data-start=\"3695\" data-end=\"3712\">dumneavoastr\u0103<\/strong> sunte\u021bi \u00een centrul aten\u021biei \u2013 cu toate \u00eentreb\u0103rile, temerile \u0219i nevoile personale.<\/p><p data-start=\"3797\" data-end=\"4125\">Ca doi ginecologi cu mul\u021bi ani de experien\u021b\u0103, v\u0103 oferim consiliere specializat\u0103 \u0219i diagnostic complet pentru cancerele ginecologice.<br data-start=\"3929\" data-end=\"3932\" \/>Fie c\u0103 este vorba de cancer mamar, ovarian sau uterin, ne facem timp pentru a v\u0103 sprijini, pentru a v\u0103 explica clar fiecare etap\u0103 \u0219i pentru a elabora \u00eempreun\u0103 un plan de tratament personalizat.<\/p><p data-start=\"4127\" data-end=\"4591\" data-is-last-node=\"\" data-is-only-node=\"\">Lucr\u0103m cu metode de diagnostic de ultim\u0103 genera\u021bie \u0219i avem mereu \u00een vedere starea dumneavoastr\u0103 general\u0103 de s\u0103n\u0103tate, pentru a v\u0103 putea oferi cea mai bun\u0103 \u00eengrijire posibil\u0103.<br data-start=\"4301\" data-end=\"4304\" \/>Deoarece depistarea precoce este esen\u021bial\u0103 pentru succesul tratamentului, recomand\u0103m controale preventive regulate \u0219i autoexaminarea s\u00e2nilor. \u00cen cabinetul nostru v\u0103 oferim informa\u021bii detaliate despre toate op\u021biunile de depistare precoce \u2013 de la mamografie p\u00e2n\u0103 la examin\u0103rile ecografice.<\/p>\t\t\t\t\t\t<\/div>\n\t\t\t\t<\/div>\n\t\t\t\t<\/div>\n\t\t<div class=\"elementor-element elementor-element-3e414b8 e-con-full e-con\" data-id=\"3e414b8\" data-element_type=\"container\" data-settings=\"{&quot;content_width&quot;:&quot;full&quot;}\">\n\t\t\t\t<div class=\"elementor-element elementor-element-7080739 elementor-align-left elementor-mobile-align-center elementor-widget elementor-widget-button\" data-id=\"7080739\" data-element_type=\"widget\" data-widget_type=\"button.default\">\n\t\t\t\t<div class=\"elementor-widget-container\">\n\t\t\t\t\t<div class=\"elementor-button-wrapper\">\n\t\t\t<a href=\"https:\/\/www.doctolib.de\/privatpraxis\/duesseldorf\/privatpraxis-fuer-gynaekologie-dr-wechsler?utm_campaign=website-button&#038;utm_source=privatpraxis-fuer-gynaekologie-dr-wechsler-website-button&#038;utm_medium=referral&#038;utm_content=option-8&#038;utm_term=privatpraxis-fuer-gynaekologie-dr-wechsler\" target=\"_blank\" class=\"elementor-button-link elementor-button elementor-size-sm\" role=\"button\">\n\t\t\t\t\t\t<span class=\"elementor-button-content-wrapper\">\n\t\t\t\t\t\t<span class=\"elementor-button-text\">Rezerv\u0103 o programare<\/span>\n\t\t<\/span>\n\t\t\t\t\t<\/a>\n\t\t<\/div>\n\t\t\t\t<\/div>\n\t\t\t\t<\/div>\n\t\t\t\t<\/div>\n\t\t\t\t\t<\/div>\n\t\t\t\t<\/div>\n\t\t<div class=\"elementor-element elementor-element-4dd20b1 e-con-boxed e-con\" data-id=\"4dd20b1\" data-element_type=\"container\" data-settings=\"{&quot;content_width&quot;:&quot;boxed&quot;}\">\n\t\t\t\t\t<div class=\"e-con-inner\">\n\t\t\t\t<div class=\"elementor-element elementor-element-aae5da7 elementor-widget elementor-widget-image\" data-id=\"aae5da7\" data-element_type=\"widget\" data-widget_type=\"image.default\">\n\t\t\t\t<div class=\"elementor-widget-container\">\n\t\t\t<style>\/*! elementor - v3.9.2 - 21-12-2022 *\/\n.elementor-widget-image{text-align:center}.elementor-widget-image a{display:inline-block}.elementor-widget-image a img[src$=\".svg\"]{width:48px}.elementor-widget-image img{vertical-align:middle;display:inline-block}<\/style>\t\t\t\t\t\t\t\t\t\t\t\t<img decoding=\"async\" width=\"1000\" height=\"436\" src=\"https:\/\/frauenarzt-net.de\/wp-content\/uploads\/2024\/12\/krebs-frauenarzt-duesseldorf.jpg\" class=\"attachment-large size-large wp-image-5129\" alt=\"Krebserkrankungen Frauenarzt D\u00fcsseldorf\" loading=\"lazy\" srcset=\"https:\/\/frauenarzt-net.de\/wp-content\/uploads\/2024\/12\/krebs-frauenarzt-duesseldorf.jpg 1000w, https:\/\/frauenarzt-net.de\/wp-content\/uploads\/2024\/12\/krebs-frauenarzt-duesseldorf-400x174.jpg 400w, https:\/\/frauenarzt-net.de\/wp-content\/uploads\/2024\/12\/krebs-frauenarzt-duesseldorf-250x109.jpg 250w, https:\/\/frauenarzt-net.de\/wp-content\/uploads\/2024\/12\/krebs-frauenarzt-duesseldorf-768x335.jpg 768w\" sizes=\"(max-width: 1000px) 100vw, 1000px\" \/>\t\t\t\t\t\t\t\t\t\t\t\t\t\t\t<\/div>\n\t\t\t\t<\/div>\n\t\t\t\t\t<\/div>\n\t\t\t\t<\/div>\n\t\t<div class=\"elementor-element elementor-element-6c0a93a e-con-boxed e-con\" data-id=\"6c0a93a\" data-element_type=\"container\" data-settings=\"{&quot;content_width&quot;:&quot;boxed&quot;}\">\n\t\t\t\t\t<div class=\"e-con-inner\">\n\t\t<div class=\"elementor-element elementor-element-0670701 e-con-full e-con\" data-id=\"0670701\" data-element_type=\"container\" data-settings=\"{&quot;content_width&quot;:&quot;full&quot;}\">\n\t\t\t\t<div class=\"elementor-element elementor-element-6b0c75a elementor-widget elementor-widget-text-editor\" data-id=\"6b0c75a\" data-element_type=\"widget\" data-widget_type=\"text-editor.default\">\n\t\t\t\t<div class=\"elementor-widget-container\">\n\t\t\t\t\t\t\t<h2>Despre sarcina dumneavoastr\u0103:<\/h2><p><a href=\"https:\/\/frauenarzt-net.de\/ersttrimesterscreening\/\">Screening-ul primului trimestru<\/a><\/p><p><a href=\"https:\/\/frauenarzt-net.de\/doppleruntersuchung-in-duesseldorf\/\">Examinare Doppler<\/a><\/p><p><a href=\"https:\/\/frauenarzt-net.de\/risikoschwangerschaften\/\">Sarcini cu risc crescut<\/a><\/p><p><a href=\"https:\/\/frauenarzt-net.de\/beratung-zur-geburt\/\">Consiliere pentru na\u0219tere<\/a><\/p>\t\t\t\t\t\t<\/div>\n\t\t\t\t<\/div>\n\t\t\t\t<\/div>\n\t\t<div class=\"elementor-element elementor-element-eb9809c e-con-full e-con\" data-id=\"eb9809c\" data-element_type=\"container\" data-settings=\"{&quot;content_width&quot;:&quot;full&quot;}\">\n\t\t\t\t<div class=\"elementor-element elementor-element-b30dd50 elementor-widget elementor-widget-text-editor\" data-id=\"b30dd50\" data-element_type=\"widget\" data-widget_type=\"text-editor.default\">\n\t\t\t\t<div class=\"elementor-widget-container\">\n\t\t\t\t\t\t\t<h2>Ginecologie:<\/h2><p><a href=\"https:\/\/frauenarzt-net.de\/teenager-sprechstunde\/\">Consulta\u021bie pentru adolescen\u021bi<\/a><\/p><p><a href=\"https:\/\/frauenarzt-net.de\/vorsorge\/\">Preven\u021bie<\/a><\/p><p><a href=\"https:\/\/frauenarzt-net.de\/verhuetung\/\">Contracep\u021bie<\/a><\/p><p><a href=\"https:\/\/frauenarzt-net.de\/kinderwunsch\/\">Dorin\u021ba de a avea copii<\/a><\/p><p><a href=\"https:\/\/frauenarzt-net.de\/kinderwunsch-copy\/\">Consulta\u021bie hormonal\u0103<\/a><\/p><p><a href=\"https:\/\/frauenarzt-net.de\/wechseljahre\/\">Menopauz\u0103<\/a><\/p><p><a href=\"https:\/\/frauenarzt-net.de\/brusterkrankungen\/\">Boli ale s\u00e2nilor<\/a><\/p><p><a href=\"https:\/\/frauenarzt-net.de\/krebserkrankungen\/\">Cancere<\/a><\/p><p><a href=\"https:\/\/frauenarzt-net.de\/inkontinenz\/\">Incontinen\u021b\u0103<\/a><\/p><p><a href=\"https:\/\/frauenarzt-net.de\/endometriose\/\">Endometrioz\u0103<\/a><\/p><p><a href=\"https:\/\/frauenarzt-net.de\/ultraschalldiagnostik\/\">Diagnostic ecografic<\/a><\/p><p><a href=\"https:\/\/frauenarzt-net.de\/impfungen\/\">Vaccin\u0103ri<\/a><\/p>\t\t\t\t\t\t<\/div>\n\t\t\t\t<\/div>\n\t\t\t\t<\/div>\n\t\t\t\t\t<\/div>\n\t\t\t\t<\/div>\n\t\t\t\t\t\t\t<\/div>\n\t\t","protected":false},"excerpt":{"rendered":"<p>Krebserkrankungen Umfassende Betreuung bei Ihren Frauen\u00e4rzten in D\u00fcsseldorf Krebserkrankungen Umfassende Betreuung bei Ihren Frauen\u00e4rzten in D\u00fcsseldorf Krebserkrankungen stellen f\u00fcr viele Frauen eine tiefgreifende Belastung dar und erfordern eine besonders einf\u00fchlsame und zugleich fachkundige medizinische Begleitung.In unserer Praxis in D\u00fcsseldorf stehen Sie im Mittelpunkt \u2013 mit all Ihren Fragen, Sorgen und pers\u00f6nlichen Bed\u00fcrfnissen. Als zwei erfahrene [&hellip;]<\/p>\n","protected":false},"author":1,"featured_media":0,"parent":0,"menu_order":0,"comment_status":"closed","ping_status":"closed","template":"elementor_header_footer","meta":[],"yoast_head":"<!-- This site is optimized with the Yoast SEO plugin v19.13 - https:\/\/yoast.com\/wordpress\/plugins\/seo\/ -->\n<title>Krebserkrankungen<\/title>\n<meta name=\"description\" content=\"KrebserkrankungenUmfassende Betreuung bei Ihren Frauen\u00e4rzten in D\u00fcsseldorfKrebserkrankungenUmfassende Betreuung bei Ihren Frauen\u00e4rzten in D\u00fcsseldorfKrebserkrankungen stellen f\u00fcr viele Frauen eine tiefgreifende Belastung dar und erfordern eine besonders einf\u00fchlsame und zugleich fachkundige medizinische Begleitung.In unserer Praxis in D\u00fcsseldorf stehen Sie im Mittelpunkt \u2013 mit all Ihren Fragen, Sorgen und pers\u00f6nlichen Bed\u00fcrfnissen.Als zwei erfahrene Frauen\u00e4rzte mit langj\u00e4hriger Praxiserfahrung bieten&hellip;\" \/>\n<meta name=\"robots\" content=\"index, follow, max-snippet:-1, max-image-preview:large, max-video-preview:-1\" \/>\n<link rel=\"canonical\" href=\"https:\/\/frauenarzt-net.de\/krebserkrankungen\/\" \/>\n<meta property=\"og:locale\" content=\"ro_RO\" \/>\n<meta property=\"og:type\" content=\"article\" \/>\n<meta property=\"og:title\" content=\"Krebserkrankungen\" \/>\n<meta property=\"og:description\" content=\"KrebserkrankungenUmfassende Betreuung bei Ihren Frauen\u00e4rzten in D\u00fcsseldorfKrebserkrankungenUmfassende Betreuung bei Ihren Frauen\u00e4rzten in D\u00fcsseldorfKrebserkrankungen stellen f\u00fcr viele Frauen eine tiefgreifende Belastung dar und erfordern eine besonders einf\u00fchlsame und zugleich fachkundige medizinische Begleitung.In unserer Praxis in D\u00fcsseldorf stehen Sie im Mittelpunkt \u2013 mit all Ihren Fragen, Sorgen und pers\u00f6nlichen Bed\u00fcrfnissen.Als zwei erfahrene Frauen\u00e4rzte mit langj\u00e4hriger Praxiserfahrung bieten&hellip;\" \/>\n<meta property=\"og:url\" content=\"https:\/\/frauenarzt-net.de\/krebserkrankungen\/\" \/>\n<meta property=\"og:site_name\" content=\"Praxis Dr. Wechsler - Ihre Frauen\u00e4rztin in D\u00fcsseldorf und Umgebung\" \/>\n<meta property=\"article:modified_time\" content=\"2025-12-02T15:37:10+00:00\" \/>\n<meta property=\"og:image\" content=\"https:\/\/frauenarzt-net.de\/wp-content\/uploads\/2024\/12\/krebs-frauenarzt-duesseldorf.jpg\" \/>\n<meta name=\"twitter:card\" content=\"summary_large_image\" \/>\n<meta name=\"twitter:label1\" content=\"Timp estimat pentru citire\" \/>\n\t<meta name=\"twitter:data1\" content=\"2 minute\" \/>\n<script type=\"application\/ld+json\" class=\"yoast-schema-graph\">{\"@context\":\"https:\/\/schema.org\",\"@graph\":[{\"@type\":\"WebPage\",\"@id\":\"https:\/\/frauenarzt-net.de\/krebserkrankungen\/\",\"url\":\"https:\/\/frauenarzt-net.de\/krebserkrankungen\/\",\"name\":\"Krebserkrankungen | Praxis Dr. Wechsler - Ihre Frauen\u00e4rztin in D\u00fcsseldorf und Umgebung\",\"isPartOf\":{\"@id\":\"https:\/\/frauenarzt-net.de\/#website\"},\"datePublished\":\"2024-11-29T20:34:17+00:00\",\"dateModified\":\"2025-12-02T15:37:10+00:00\",\"description\":\"KrebserkrankungenUmfassende Betreuung bei Ihren Frauen\u00e4rzten in D\u00fcsseldorfKrebserkrankungenUmfassende Betreuung bei Ihren Frauen\u00e4rzten in\",\"breadcrumb\":{\"@id\":\"https:\/\/frauenarzt-net.de\/krebserkrankungen\/#breadcrumb\"},\"inLanguage\":\"ro-RO\",\"potentialAction\":[{\"@type\":\"ReadAction\",\"target\":[\"https:\/\/frauenarzt-net.de\/krebserkrankungen\/\"]}]},{\"@type\":\"BreadcrumbList\",\"@id\":\"https:\/\/frauenarzt-net.de\/krebserkrankungen\/#breadcrumb\",\"itemListElement\":[{\"@type\":\"ListItem\",\"position\":1,\"name\":\"Home\",\"item\":\"https:\/\/frauenarzt-net.de\/\"},{\"@type\":\"ListItem\",\"position\":2,\"name\":\"Krebserkrankungen\"}]},{\"@type\":\"WebSite\",\"@id\":\"https:\/\/frauenarzt-net.de\/#website\",\"url\":\"https:\/\/frauenarzt-net.de\/\",\"name\":\"Praxis Dr. Wechsler - Ihre Frauen\u00e4rztin in D\u00fcsseldorf und Umgebung\",\"description\":\"\",\"publisher\":{\"@id\":\"https:\/\/frauenarzt-net.de\/#organization\"},\"potentialAction\":[{\"@type\":\"SearchAction\",\"target\":{\"@type\":\"EntryPoint\",\"urlTemplate\":\"https:\/\/frauenarzt-net.de\/?s={search_term_string}\"},\"query-input\":\"required name=search_term_string\"}],\"inLanguage\":\"ro-RO\"},{\"@type\":\"Organization\",\"@id\":\"https:\/\/frauenarzt-net.de\/#organization\",\"name\":\"INVESTMENT COINS\",\"url\":\"https:\/\/frauenarzt-net.de\/\",\"logo\":{\"@type\":\"ImageObject\",\"inLanguage\":\"ro-RO\",\"@id\":\"https:\/\/frauenarzt-net.de\/#\/schema\/logo\/image\/\",\"url\":\"https:\/\/frauenaerztin-duesseldorf.dr-wechsler.de\/wp-content\/uploads\/2021\/07\/logo2.png\",\"contentUrl\":\"https:\/\/frauenaerztin-duesseldorf.dr-wechsler.de\/wp-content\/uploads\/2021\/07\/logo2.png\",\"width\":794,\"height\":71,\"caption\":\"INVESTMENT COINS\"},\"image\":{\"@id\":\"https:\/\/frauenarzt-net.de\/#\/schema\/logo\/image\/\"}}]}<\/script>\n<!-- \/ Yoast SEO plugin. -->","yoast_head_json":{"title":"Krebserkrankungen","description":"KrebserkrankungenUmfassende Betreuung bei Ihren Frauen\u00e4rzten in D\u00fcsseldorfKrebserkrankungenUmfassende Betreuung bei Ihren Frauen\u00e4rzten in D\u00fcsseldorfKrebserkrankungen stellen f\u00fcr viele Frauen eine tiefgreifende Belastung dar und erfordern eine besonders einf\u00fchlsame und zugleich fachkundige medizinische Begleitung.In unserer Praxis in D\u00fcsseldorf stehen Sie im Mittelpunkt \u2013 mit all Ihren Fragen, Sorgen und pers\u00f6nlichen Bed\u00fcrfnissen.Als zwei erfahrene Frauen\u00e4rzte mit langj\u00e4hriger Praxiserfahrung bieten&hellip;","robots":{"index":"index","follow":"follow","max-snippet":"max-snippet:-1","max-image-preview":"max-image-preview:large","max-video-preview":"max-video-preview:-1"},"canonical":"https:\/\/frauenarzt-net.de\/krebserkrankungen\/","og_locale":"ro_RO","og_type":"article","og_title":"Krebserkrankungen","og_description":"KrebserkrankungenUmfassende Betreuung bei Ihren Frauen\u00e4rzten in D\u00fcsseldorfKrebserkrankungenUmfassende Betreuung bei Ihren Frauen\u00e4rzten in D\u00fcsseldorfKrebserkrankungen stellen f\u00fcr viele Frauen eine tiefgreifende Belastung dar und erfordern eine besonders einf\u00fchlsame und zugleich fachkundige medizinische Begleitung.In unserer Praxis in D\u00fcsseldorf stehen Sie im Mittelpunkt \u2013 mit all Ihren Fragen, Sorgen und pers\u00f6nlichen Bed\u00fcrfnissen.Als zwei erfahrene Frauen\u00e4rzte mit langj\u00e4hriger Praxiserfahrung bieten&hellip;","og_url":"https:\/\/frauenarzt-net.de\/krebserkrankungen\/","og_site_name":"Praxis Dr. Wechsler - Ihre Frauen\u00e4rztin in D\u00fcsseldorf und Umgebung","article_modified_time":"2025-12-02T15:37:10+00:00","og_image":[{"url":"https:\/\/frauenarzt-net.de\/wp-content\/uploads\/2024\/12\/krebs-frauenarzt-duesseldorf.jpg"}],"twitter_card":"summary_large_image","twitter_misc":{"Timp estimat pentru citire":"2 minute"},"schema":{"@context":"https:\/\/schema.org","@graph":[{"@type":"WebPage","@id":"https:\/\/frauenarzt-net.de\/krebserkrankungen\/","url":"https:\/\/frauenarzt-net.de\/krebserkrankungen\/","name":"Krebserkrankungen | Praxis Dr. Wechsler - Ihre Frauen\u00e4rztin in D\u00fcsseldorf und Umgebung","isPartOf":{"@id":"https:\/\/frauenarzt-net.de\/#website"},"datePublished":"2024-11-29T20:34:17+00:00","dateModified":"2025-12-02T15:37:10+00:00","description":"KrebserkrankungenUmfassende Betreuung bei Ihren Frauen\u00e4rzten in D\u00fcsseldorfKrebserkrankungenUmfassende Betreuung bei Ihren Frauen\u00e4rzten in","breadcrumb":{"@id":"https:\/\/frauenarzt-net.de\/krebserkrankungen\/#breadcrumb"},"inLanguage":"ro-RO","potentialAction":[{"@type":"ReadAction","target":["https:\/\/frauenarzt-net.de\/krebserkrankungen\/"]}]},{"@type":"BreadcrumbList","@id":"https:\/\/frauenarzt-net.de\/krebserkrankungen\/#breadcrumb","itemListElement":[{"@type":"ListItem","position":1,"name":"Home","item":"https:\/\/frauenarzt-net.de\/"},{"@type":"ListItem","position":2,"name":"Krebserkrankungen"}]},{"@type":"WebSite","@id":"https:\/\/frauenarzt-net.de\/#website","url":"https:\/\/frauenarzt-net.de\/","name":"Praxis Dr. Wechsler - Ihre Frauen\u00e4rztin in D\u00fcsseldorf und Umgebung","description":"","publisher":{"@id":"https:\/\/frauenarzt-net.de\/#organization"},"potentialAction":[{"@type":"SearchAction","target":{"@type":"EntryPoint","urlTemplate":"https:\/\/frauenarzt-net.de\/?s={search_term_string}"},"query-input":"required name=search_term_string"}],"inLanguage":"ro-RO"},{"@type":"Organization","@id":"https:\/\/frauenarzt-net.de\/#organization","name":"INVESTMENT COINS","url":"https:\/\/frauenarzt-net.de\/","logo":{"@type":"ImageObject","inLanguage":"ro-RO","@id":"https:\/\/frauenarzt-net.de\/#\/schema\/logo\/image\/","url":"https:\/\/frauenaerztin-duesseldorf.dr-wechsler.de\/wp-content\/uploads\/2021\/07\/logo2.png","contentUrl":"https:\/\/frauenaerztin-duesseldorf.dr-wechsler.de\/wp-content\/uploads\/2021\/07\/logo2.png","width":794,"height":71,"caption":"INVESTMENT COINS"},"image":{"@id":"https:\/\/frauenarzt-net.de\/#\/schema\/logo\/image\/"}}]}},"_links":{"self":[{"href":"https:\/\/frauenarzt-net.de\/wp-json\/wp\/v2\/pages\/4651"}],"collection":[{"href":"https:\/\/frauenarzt-net.de\/wp-json\/wp\/v2\/pages"}],"about":[{"href":"https:\/\/frauenarzt-net.de\/wp-json\/wp\/v2\/types\/page"}],"author":[{"embeddable":true,"href":"https:\/\/frauenarzt-net.de\/wp-json\/wp\/v2\/users\/1"}],"replies":[{"embeddable":true,"href":"https:\/\/frauenarzt-net.de\/wp-json\/wp\/v2\/comments?post=4651"}],"version-history":[{"count":56,"href":"https:\/\/frauenarzt-net.de\/wp-json\/wp\/v2\/pages\/4651\/revisions"}],"predecessor-version":[{"id":6858,"href":"https:\/\/frauenarzt-net.de\/wp-json\/wp\/v2\/pages\/4651\/revisions\/6858"}],"wp:attachment":[{"href":"https:\/\/frauenarzt-net.de\/wp-json\/wp\/v2\/media?parent=4651"}],"curies":[{"name":"wp","href":"https:\/\/api.w.org\/{rel}","templated":true}]}}