{"id":4633,"date":"2024-11-29T20:22:32","date_gmt":"2024-11-29T20:22:32","guid":{"rendered":"https:\/\/frauenarzt-net.de\/?page_id=4633"},"modified":"2025-12-02T15:18:11","modified_gmt":"2025-12-02T15:18:11","slug":"brusterkrankungen","status":"publish","type":"page","link":"https:\/\/frauenarzt-net.de\/brusterkrankungen\/","title":{"rendered":"Brusterkrankungen"},"content":{"rendered":"\t\t<div data-elementor-type=\"wp-page\" data-elementor-id=\"4633\" class=\"elementor elementor-4633\">\n\t\t\t\t\t\t\t<div class=\"elementor-element elementor-element-b84ae9e e-con-boxed e-con\" data-id=\"b84ae9e\" data-element_type=\"container\" data-settings=\"{&quot;content_width&quot;:&quot;boxed&quot;}\">\n\t\t\t\t\t<div class=\"e-con-inner\">\n\t\t\t\t<div class=\"elementor-element elementor-element-2a43fb1 elementor-widget elementor-widget-text-editor\" data-id=\"2a43fb1\" data-element_type=\"widget\" data-widget_type=\"text-editor.default\">\n\t\t\t\t<div class=\"elementor-widget-container\">\n\t\t\t<style>\/*! elementor - v3.9.2 - 21-12-2022 *\/\n.elementor-widget-text-editor.elementor-drop-cap-view-stacked .elementor-drop-cap{background-color:#818a91;color:#fff}.elementor-widget-text-editor.elementor-drop-cap-view-framed .elementor-drop-cap{color:#818a91;border:3px solid;background-color:transparent}.elementor-widget-text-editor:not(.elementor-drop-cap-view-default) .elementor-drop-cap{margin-top:8px}.elementor-widget-text-editor:not(.elementor-drop-cap-view-default) .elementor-drop-cap-letter{width:1em;height:1em}.elementor-widget-text-editor .elementor-drop-cap{float:left;text-align:center;line-height:1;font-size:50px}.elementor-widget-text-editor .elementor-drop-cap-letter{display:inline-block}<\/style>\t\t\t\t<h1 class=\"mb-2 mt-6 text-lg first:mt-3\">Bolile s\u00e2nului<\/h1><h2 class=\"mb-2 mt-6 text-lg first:mt-3\">Consultan\u021b\u0103 cuprinz\u0103toare la ginecologul dumneavoastr\u0103 din D\u00fcsseldorf<\/h2><p><strong>\u00a0<\/strong><\/p>\t\t\t\t\t\t<\/div>\n\t\t\t\t<\/div>\n\t\t\t\t\t<\/div>\n\t\t\t\t<\/div>\n\t\t<div class=\"elementor-element elementor-element-089c57b elementor-hidden-mobile e-con-boxed e-con\" data-id=\"089c57b\" data-element_type=\"container\" data-settings=\"{&quot;content_width&quot;:&quot;boxed&quot;}\">\n\t\t\t\t\t<div class=\"e-con-inner\">\n\t\t<div class=\"elementor-element elementor-element-c414adf e-con-full e-con\" data-id=\"c414adf\" data-element_type=\"container\" data-settings=\"{&quot;content_width&quot;:&quot;full&quot;}\">\n\t\t\t\t<div class=\"elementor-element elementor-element-d09e543 elementor-widget elementor-widget-text-editor\" data-id=\"d09e543\" data-element_type=\"widget\" data-widget_type=\"text-editor.default\">\n\t\t\t\t<div class=\"elementor-widget-container\">\n\t\t\t\t\t\t\t<p>Bolile s\u00e2nului sunt un subiect important care afecteaz\u0103 multe femei \u0219i este adesea asociat cu temeri \u0219i incertitudini. \u00cen practica noastr\u0103 din D\u00fcsseldorf, v\u0103 oferim consultan\u021b\u0103 cuprinz\u0103toare privind bolile benigne \u0219i maligne ale s\u00e2nului. Fie c\u0103 este vorba despre schimb\u0103ri ale s\u00e2nului, noduli sau dureri \u2013 ne lu\u0103m \u00een serios preocup\u0103rile \u0219i efectu\u0103m un diagnostic am\u0103nun\u021bit. Scopul nostru este s\u0103 v\u0103 oferim cel mai bun suport posibil \u0219i s\u0103 dezvolt\u0103m \u00eempreun\u0103 un plan de tratament individualizat. Detectarea precoce a bolilor s\u00e2nului este crucial\u0103 pentru succesul tratamentului. De aceea, recomand\u0103m controale regulate \u0219i auto-examin\u0103ri ale s\u00e2nilor. \u00cen practica noastr\u0103, v\u0103 inform\u0103m despre diferitele op\u021biuni de depistare precoce, inclusiv mamografia \u0219i ecografiile.<\/p>\t\t\t\t\t\t<\/div>\n\t\t\t\t<\/div>\n\t\t\t\t<\/div>\n\t\t<div class=\"elementor-element elementor-element-0c65940 e-con-full e-con\" data-id=\"0c65940\" data-element_type=\"container\" data-settings=\"{&quot;content_width&quot;:&quot;full&quot;}\">\n\t\t\t\t<div class=\"elementor-element elementor-element-4894fb1 elementor-widget elementor-widget-text-editor\" data-id=\"4894fb1\" data-element_type=\"widget\" data-widget_type=\"text-editor.default\">\n\t\t\t\t<div class=\"elementor-widget-container\">\n\t\t\t\t\t\t\t<p data-start=\"879\" data-end=\"1035\">\u00cen cadrul cabinetului nostru, v\u0103 inform\u0103m despre diferitele posibilit\u0103\u021bi de depistare precoce, inclusiv mamografia \u0219i examin\u0103rile ecografice.<\/p><p data-start=\"1037\" data-end=\"1207\">Suntem al\u0103turi de dumneavoastr\u0103 pentru a v\u0103 explica simptomele afec\u021biunilor s\u00e2nului \u0219i, dac\u0103 este necesar, pentru a v\u0103 \u00eendruma c\u0103tre centre specializate din D\u00fcsseldorf.<\/p><p data-start=\"1209\" data-end=\"1333\" data-is-last-node=\"\" data-is-only-node=\"\">\u00a0<\/p>\t\t\t\t\t\t<\/div>\n\t\t\t\t<\/div>\n\t\t\t\t<div class=\"elementor-element elementor-element-3c483b8 elementor-align-left elementor-widget elementor-widget-button\" data-id=\"3c483b8\" data-element_type=\"widget\" data-widget_type=\"button.default\">\n\t\t\t\t<div class=\"elementor-widget-container\">\n\t\t\t\t\t<div class=\"elementor-button-wrapper\">\n\t\t\t<a href=\"https:\/\/www.doctolib.de\/privatpraxis\/duesseldorf\/privatpraxis-fuer-gynaekologie-dr-wechsler?utm_campaign=website-button&#038;utm_source=privatpraxis-fuer-gynaekologie-dr-wechsler-website-button&#038;utm_medium=referral&#038;utm_content=option-8&#038;utm_term=privatpraxis-fuer-gynaekologie-dr-wechsler\" target=\"_blank\" class=\"elementor-button-link elementor-button elementor-size-sm\" role=\"button\">\n\t\t\t\t\t\t<span class=\"elementor-button-content-wrapper\">\n\t\t\t\t\t\t<span class=\"elementor-button-text\">Rezerv\u0103 o programare<\/span>\n\t\t<\/span>\n\t\t\t\t\t<\/a>\n\t\t<\/div>\n\t\t\t\t<\/div>\n\t\t\t\t<\/div>\n\t\t\t\t<\/div>\n\t\t\t\t\t<\/div>\n\t\t\t\t<\/div>\n\t\t<div class=\"elementor-element elementor-element-05f95a8 elementor-hidden-desktop elementor-hidden-tablet e-con-boxed e-con\" data-id=\"05f95a8\" data-element_type=\"container\" data-settings=\"{&quot;content_width&quot;:&quot;boxed&quot;}\">\n\t\t\t\t\t<div class=\"e-con-inner\">\n\t\t<div class=\"elementor-element elementor-element-7ceefd1 e-con-full e-con\" data-id=\"7ceefd1\" data-element_type=\"container\" data-settings=\"{&quot;content_width&quot;:&quot;full&quot;}\">\n\t\t\t\t<div class=\"elementor-element elementor-element-3b7086d elementor-widget elementor-widget-text-editor\" data-id=\"3b7086d\" data-element_type=\"widget\" data-widget_type=\"text-editor.default\">\n\t\t\t\t<div class=\"elementor-widget-container\">\n\t\t\t\t\t\t\t<p>Bolile s\u00e2nului sunt un subiect important care afecteaz\u0103 multe femei \u0219i este adesea asociat cu temeri \u0219i incertitudini. \u00cen practica noastr\u0103 din D\u00fcsseldorf, v\u0103 oferim consultan\u021b\u0103 cuprinz\u0103toare privind bolile benigne \u0219i maligne ale s\u00e2nului. Fie c\u0103 este vorba despre schimb\u0103ri ale s\u00e2nului, noduli sau dureri \u2013 ne lu\u0103m \u00een serios preocup\u0103rile \u0219i efectu\u0103m un diagnostic am\u0103nun\u021bit. Scopul nostru este s\u0103 v\u0103 oferim cel mai bun suport posibil \u0219i s\u0103 dezvolt\u0103m \u00eempreun\u0103 un plan de tratament individualizat. Detectarea precoce a bolilor s\u00e2nului este crucial\u0103 pentru succesul tratamentului. De aceea, recomand\u0103m controale regulate \u0219i auto-examin\u0103ri ale s\u00e2nilor. \u00cen practica noastr\u0103, v\u0103 inform\u0103m despre diferitele op\u021biuni de depistare precoce, inclusiv mamografia \u0219i ecografiile.<\/p>\t\t\t\t\t\t<\/div>\n\t\t\t\t<\/div>\n\t\t\t\t<\/div>\n\t\t<div class=\"elementor-element elementor-element-4a01dd8 e-con-full e-con\" data-id=\"4a01dd8\" data-element_type=\"container\" data-settings=\"{&quot;content_width&quot;:&quot;full&quot;}\">\n\t\t\t\t<div class=\"elementor-element elementor-element-9f6217c elementor-widget elementor-widget-text-editor\" data-id=\"9f6217c\" data-element_type=\"widget\" data-widget_type=\"text-editor.default\">\n\t\t\t\t<div class=\"elementor-widget-container\">\n\t\t\t\t\t\t\t<p data-start=\"879\" data-end=\"1035\">\u00cen cadrul cabinetului nostru, v\u0103 inform\u0103m despre diferitele posibilit\u0103\u021bi de depistare precoce, inclusiv mamografia \u0219i examin\u0103rile ecografice.<\/p><p data-start=\"1037\" data-end=\"1207\">Suntem al\u0103turi de dumneavoastr\u0103 pentru a v\u0103 explica simptomele afec\u021biunilor s\u00e2nului \u0219i, dac\u0103 este necesar, pentru a v\u0103 \u00eendruma c\u0103tre centre specializate din D\u00fcsseldorf.<\/p><p data-start=\"1209\" data-end=\"1333\" data-is-last-node=\"\" data-is-only-node=\"\">\u00a0<\/p>\t\t\t\t\t\t<\/div>\n\t\t\t\t<\/div>\n\t\t\t\t<div class=\"elementor-element elementor-element-906941d elementor-align-left elementor-mobile-align-center elementor-widget elementor-widget-button\" data-id=\"906941d\" data-element_type=\"widget\" data-widget_type=\"button.default\">\n\t\t\t\t<div class=\"elementor-widget-container\">\n\t\t\t\t\t<div class=\"elementor-button-wrapper\">\n\t\t\t<a href=\"https:\/\/www.doctolib.de\/privatpraxis\/duesseldorf\/privatpraxis-fuer-gynaekologie-dr-wechsler?utm_campaign=website-button&#038;utm_source=privatpraxis-fuer-gynaekologie-dr-wechsler-website-button&#038;utm_medium=referral&#038;utm_content=option-8&#038;utm_term=privatpraxis-fuer-gynaekologie-dr-wechsler\" target=\"_blank\" class=\"elementor-button-link elementor-button elementor-size-sm\" role=\"button\">\n\t\t\t\t\t\t<span class=\"elementor-button-content-wrapper\">\n\t\t\t\t\t\t<span class=\"elementor-button-text\">Rezerv\u0103 o programare<\/span>\n\t\t<\/span>\n\t\t\t\t\t<\/a>\n\t\t<\/div>\n\t\t\t\t<\/div>\n\t\t\t\t<\/div>\n\t\t\t\t<\/div>\n\t\t\t\t\t<\/div>\n\t\t\t\t<\/div>\n\t\t<div class=\"elementor-element elementor-element-1e81fd9 e-con-boxed e-con\" data-id=\"1e81fd9\" data-element_type=\"container\" data-settings=\"{&quot;content_width&quot;:&quot;boxed&quot;}\">\n\t\t\t\t\t<div class=\"e-con-inner\">\n\t\t\t\t<div class=\"elementor-element elementor-element-3ba69f0 elementor-widget elementor-widget-image\" data-id=\"3ba69f0\" data-element_type=\"widget\" data-widget_type=\"image.default\">\n\t\t\t\t<div class=\"elementor-widget-container\">\n\t\t\t<style>\/*! elementor - v3.9.2 - 21-12-2022 *\/\n.elementor-widget-image{text-align:center}.elementor-widget-image a{display:inline-block}.elementor-widget-image a img[src$=\".svg\"]{width:48px}.elementor-widget-image img{vertical-align:middle;display:inline-block}<\/style>\t\t\t\t\t\t\t\t\t\t\t\t<img decoding=\"async\" width=\"1000\" height=\"436\" src=\"https:\/\/frauenarzt-net.de\/wp-content\/uploads\/2025\/12\/busterkrankungen.jpg\" class=\"attachment-large size-large wp-image-6836\" alt=\"\" loading=\"lazy\" srcset=\"https:\/\/frauenarzt-net.de\/wp-content\/uploads\/2025\/12\/busterkrankungen.jpg 1000w, https:\/\/frauenarzt-net.de\/wp-content\/uploads\/2025\/12\/busterkrankungen-400x174.jpg 400w, https:\/\/frauenarzt-net.de\/wp-content\/uploads\/2025\/12\/busterkrankungen-250x109.jpg 250w, https:\/\/frauenarzt-net.de\/wp-content\/uploads\/2025\/12\/busterkrankungen-768x335.jpg 768w\" sizes=\"(max-width: 1000px) 100vw, 1000px\" \/>\t\t\t\t\t\t\t\t\t\t\t\t\t\t\t<\/div>\n\t\t\t\t<\/div>\n\t\t\t\t\t<\/div>\n\t\t\t\t<\/div>\n\t\t<div class=\"elementor-element elementor-element-1a565f1 e-con-boxed e-con\" data-id=\"1a565f1\" data-element_type=\"container\" data-settings=\"{&quot;content_width&quot;:&quot;boxed&quot;}\">\n\t\t\t\t\t<div class=\"e-con-inner\">\n\t\t<div class=\"elementor-element elementor-element-95bf019 e-con-full e-con\" data-id=\"95bf019\" data-element_type=\"container\" data-settings=\"{&quot;content_width&quot;:&quot;full&quot;}\">\n\t\t\t\t<div class=\"elementor-element elementor-element-16005fa elementor-widget elementor-widget-text-editor\" data-id=\"16005fa\" data-element_type=\"widget\" data-widget_type=\"text-editor.default\">\n\t\t\t\t<div class=\"elementor-widget-container\">\n\t\t\t\t\t\t\t<h2>Despre sarcina dumneavoastr\u0103:<\/h2><p><a href=\"https:\/\/frauenarzt-net.de\/ersttrimesterscreening\/\">Screening-ul primului trimestru<\/a><\/p><p><a href=\"https:\/\/frauenarzt-net.de\/doppleruntersuchung-in-duesseldorf\/\">Examinare Doppler<\/a><\/p><p><a href=\"https:\/\/frauenarzt-net.de\/risikoschwangerschaften\/\">Sarcini cu risc crescut<\/a><\/p><p><a href=\"https:\/\/frauenarzt-net.de\/beratung-zur-geburt\/\">Consiliere pentru na\u0219tere<\/a><\/p>\t\t\t\t\t\t<\/div>\n\t\t\t\t<\/div>\n\t\t\t\t<\/div>\n\t\t<div class=\"elementor-element elementor-element-e390a6c e-con-full e-con\" data-id=\"e390a6c\" data-element_type=\"container\" data-settings=\"{&quot;content_width&quot;:&quot;full&quot;}\">\n\t\t\t\t<div class=\"elementor-element elementor-element-6991567 elementor-widget elementor-widget-text-editor\" data-id=\"6991567\" data-element_type=\"widget\" data-widget_type=\"text-editor.default\">\n\t\t\t\t<div class=\"elementor-widget-container\">\n\t\t\t\t\t\t\t<h2>Ginecologie:<\/h2><p><a href=\"https:\/\/frauenarzt-net.de\/teenager-sprechstunde\/\">Consulta\u021bie pentru adolescen\u021bi<\/a><\/p><p><a href=\"https:\/\/frauenarzt-net.de\/vorsorge\/\">Preven\u021bie<\/a><\/p><p><a href=\"https:\/\/frauenarzt-net.de\/verhuetung\/\">Contracep\u021bie<\/a><\/p><p><a href=\"https:\/\/frauenarzt-net.de\/kinderwunsch\/\">Dorin\u021ba de a avea copii<\/a><\/p><p><a href=\"https:\/\/frauenarzt-net.de\/kinderwunsch-copy\/\">Consulta\u021bie hormonal\u0103<\/a><\/p><p><a href=\"https:\/\/frauenarzt-net.de\/wechseljahre\/\">Menopauz\u0103<\/a><\/p><p><a href=\"https:\/\/frauenarzt-net.de\/brusterkrankungen\/\">Boli ale s\u00e2nilor<\/a><\/p><p><a href=\"https:\/\/frauenarzt-net.de\/krebserkrankungen\/\">Cancere<\/a><\/p><p><a href=\"https:\/\/frauenarzt-net.de\/inkontinenz\/\">Incontinen\u021b\u0103<\/a><\/p><p><a href=\"https:\/\/frauenarzt-net.de\/endometriose\/\">Endometrioz\u0103<\/a><\/p><p><a href=\"https:\/\/frauenarzt-net.de\/ultraschalldiagnostik\/\">Diagnostic ecografic<\/a><\/p><p><a href=\"https:\/\/frauenarzt-net.de\/impfungen\/\">Vaccin\u0103ri<\/a><\/p>\t\t\t\t\t\t<\/div>\n\t\t\t\t<\/div>\n\t\t\t\t<\/div>\n\t\t\t\t\t<\/div>\n\t\t\t\t<\/div>\n\t\t\t\t\t\t\t<\/div>\n\t\t","protected":false},"excerpt":{"rendered":"<p>Brusterkrankungen Umfassende Beratung bei Ihrem\u00a0 Frauenarzt in D\u00fcsseldorf Brusterkrankungen sind ein wichtiges Thema, das viele Frauen betrifft und h\u00e4ufig mit \u00c4ngsten und Unsicherheiten verbunden ist. In unserer Praxis in D\u00fcsseldorf bieten wir Ihnen eine umfassende Beratung zu gut- und b\u00f6sartigen Brusterkrankungen. Ob es sich um Ver\u00e4nderungen der Brust, Knoten oder Schmerzen handelt \u2013 wir nehmen [&hellip;]<\/p>\n","protected":false},"author":1,"featured_media":0,"parent":0,"menu_order":0,"comment_status":"closed","ping_status":"closed","template":"elementor_header_footer","meta":[],"yoast_head":"<!-- This site is optimized with the Yoast SEO plugin v19.13 - https:\/\/yoast.com\/wordpress\/plugins\/seo\/ -->\n<title>Brusterkrankungen<\/title>\n<meta name=\"description\" content=\"BrusterkrankungenUmfassende Beratung bei Ihrem\u00a0 Frauenarzt in D\u00fcsseldorfBrusterkrankungen sind ein wichtiges Thema, das viele Frauen betrifft und h\u00e4ufig mit \u00c4ngsten und Unsicherheiten verbunden ist.In unserer Praxis in D\u00fcsseldorf bieten wir Ihnen eine umfassende Beratung zu gut- und b\u00f6sartigen Brusterkrankungen.Ob es sich um Ver\u00e4nderungen der Brust, Knoten oder Schmerzen handelt \u2013 wir nehmen Ihre Anliegen ernst und&hellip;\" \/>\n<meta name=\"robots\" content=\"index, follow, max-snippet:-1, max-image-preview:large, max-video-preview:-1\" \/>\n<link rel=\"canonical\" href=\"https:\/\/frauenarzt-net.de\/brusterkrankungen\/\" \/>\n<meta property=\"og:locale\" content=\"ro_RO\" \/>\n<meta property=\"og:type\" content=\"article\" \/>\n<meta property=\"og:title\" content=\"Brusterkrankungen\" \/>\n<meta property=\"og:description\" content=\"BrusterkrankungenUmfassende Beratung bei Ihrem\u00a0 Frauenarzt in D\u00fcsseldorfBrusterkrankungen sind ein wichtiges Thema, das viele Frauen betrifft und h\u00e4ufig mit \u00c4ngsten und Unsicherheiten verbunden ist.In unserer Praxis in D\u00fcsseldorf bieten wir Ihnen eine umfassende Beratung zu gut- und b\u00f6sartigen Brusterkrankungen.Ob es sich um Ver\u00e4nderungen der Brust, Knoten oder Schmerzen handelt \u2013 wir nehmen Ihre Anliegen ernst und&hellip;\" \/>\n<meta property=\"og:url\" content=\"https:\/\/frauenarzt-net.de\/brusterkrankungen\/\" \/>\n<meta property=\"og:site_name\" content=\"Praxis Dr. Wechsler - Ihre Frauen\u00e4rztin in D\u00fcsseldorf und Umgebung\" \/>\n<meta property=\"article:modified_time\" content=\"2025-12-02T15:18:11+00:00\" \/>\n<meta property=\"og:image\" content=\"https:\/\/frauenarzt-net.de\/wp-content\/uploads\/2025\/12\/busterkrankungen.jpg\" \/>\n<meta name=\"twitter:card\" content=\"summary_large_image\" \/>\n<meta name=\"twitter:label1\" content=\"Timp estimat pentru citire\" \/>\n\t<meta name=\"twitter:data1\" content=\"2 minute\" \/>\n<script type=\"application\/ld+json\" class=\"yoast-schema-graph\">{\"@context\":\"https:\/\/schema.org\",\"@graph\":[{\"@type\":\"WebPage\",\"@id\":\"https:\/\/frauenarzt-net.de\/brusterkrankungen\/\",\"url\":\"https:\/\/frauenarzt-net.de\/brusterkrankungen\/\",\"name\":\"Brusterkrankungen | Praxis Dr. Wechsler - Ihre Frauen\u00e4rztin in D\u00fcsseldorf und Umgebung\",\"isPartOf\":{\"@id\":\"https:\/\/frauenarzt-net.de\/#website\"},\"datePublished\":\"2024-11-29T20:22:32+00:00\",\"dateModified\":\"2025-12-02T15:18:11+00:00\",\"description\":\"BrusterkrankungenUmfassende Beratung bei Ihrem\u00a0 Frauenarzt in D\u00fcsseldorfBrusterkrankungen sind ein wichtiges Thema, das viele Frauen betrifft und h\u00e4ufig\",\"breadcrumb\":{\"@id\":\"https:\/\/frauenarzt-net.de\/brusterkrankungen\/#breadcrumb\"},\"inLanguage\":\"ro-RO\",\"potentialAction\":[{\"@type\":\"ReadAction\",\"target\":[\"https:\/\/frauenarzt-net.de\/brusterkrankungen\/\"]}]},{\"@type\":\"BreadcrumbList\",\"@id\":\"https:\/\/frauenarzt-net.de\/brusterkrankungen\/#breadcrumb\",\"itemListElement\":[{\"@type\":\"ListItem\",\"position\":1,\"name\":\"Home\",\"item\":\"https:\/\/frauenarzt-net.de\/\"},{\"@type\":\"ListItem\",\"position\":2,\"name\":\"Brusterkrankungen\"}]},{\"@type\":\"WebSite\",\"@id\":\"https:\/\/frauenarzt-net.de\/#website\",\"url\":\"https:\/\/frauenarzt-net.de\/\",\"name\":\"Praxis Dr. Wechsler - Ihre Frauen\u00e4rztin in D\u00fcsseldorf und Umgebung\",\"description\":\"\",\"publisher\":{\"@id\":\"https:\/\/frauenarzt-net.de\/#organization\"},\"potentialAction\":[{\"@type\":\"SearchAction\",\"target\":{\"@type\":\"EntryPoint\",\"urlTemplate\":\"https:\/\/frauenarzt-net.de\/?s={search_term_string}\"},\"query-input\":\"required name=search_term_string\"}],\"inLanguage\":\"ro-RO\"},{\"@type\":\"Organization\",\"@id\":\"https:\/\/frauenarzt-net.de\/#organization\",\"name\":\"INVESTMENT COINS\",\"url\":\"https:\/\/frauenarzt-net.de\/\",\"logo\":{\"@type\":\"ImageObject\",\"inLanguage\":\"ro-RO\",\"@id\":\"https:\/\/frauenarzt-net.de\/#\/schema\/logo\/image\/\",\"url\":\"https:\/\/frauenaerztin-duesseldorf.dr-wechsler.de\/wp-content\/uploads\/2021\/07\/logo2.png\",\"contentUrl\":\"https:\/\/frauenaerztin-duesseldorf.dr-wechsler.de\/wp-content\/uploads\/2021\/07\/logo2.png\",\"width\":794,\"height\":71,\"caption\":\"INVESTMENT COINS\"},\"image\":{\"@id\":\"https:\/\/frauenarzt-net.de\/#\/schema\/logo\/image\/\"}}]}<\/script>\n<!-- \/ Yoast SEO plugin. -->","yoast_head_json":{"title":"Brusterkrankungen","description":"BrusterkrankungenUmfassende Beratung bei Ihrem\u00a0 Frauenarzt in D\u00fcsseldorfBrusterkrankungen sind ein wichtiges Thema, das viele Frauen betrifft und h\u00e4ufig mit \u00c4ngsten und Unsicherheiten verbunden ist.In unserer Praxis in D\u00fcsseldorf bieten wir Ihnen eine umfassende Beratung zu gut- und b\u00f6sartigen Brusterkrankungen.Ob es sich um Ver\u00e4nderungen der Brust, Knoten oder Schmerzen handelt \u2013 wir nehmen Ihre Anliegen ernst und&hellip;","robots":{"index":"index","follow":"follow","max-snippet":"max-snippet:-1","max-image-preview":"max-image-preview:large","max-video-preview":"max-video-preview:-1"},"canonical":"https:\/\/frauenarzt-net.de\/brusterkrankungen\/","og_locale":"ro_RO","og_type":"article","og_title":"Brusterkrankungen","og_description":"BrusterkrankungenUmfassende Beratung bei Ihrem\u00a0 Frauenarzt in D\u00fcsseldorfBrusterkrankungen sind ein wichtiges Thema, das viele Frauen betrifft und h\u00e4ufig mit \u00c4ngsten und Unsicherheiten verbunden ist.In unserer Praxis in D\u00fcsseldorf bieten wir Ihnen eine umfassende Beratung zu gut- und b\u00f6sartigen Brusterkrankungen.Ob es sich um Ver\u00e4nderungen der Brust, Knoten oder Schmerzen handelt \u2013 wir nehmen Ihre Anliegen ernst und&hellip;","og_url":"https:\/\/frauenarzt-net.de\/brusterkrankungen\/","og_site_name":"Praxis Dr. Wechsler - Ihre Frauen\u00e4rztin in D\u00fcsseldorf und Umgebung","article_modified_time":"2025-12-02T15:18:11+00:00","og_image":[{"url":"https:\/\/frauenarzt-net.de\/wp-content\/uploads\/2025\/12\/busterkrankungen.jpg"}],"twitter_card":"summary_large_image","twitter_misc":{"Timp estimat pentru citire":"2 minute"},"schema":{"@context":"https:\/\/schema.org","@graph":[{"@type":"WebPage","@id":"https:\/\/frauenarzt-net.de\/brusterkrankungen\/","url":"https:\/\/frauenarzt-net.de\/brusterkrankungen\/","name":"Brusterkrankungen | Praxis Dr. Wechsler - Ihre Frauen\u00e4rztin in D\u00fcsseldorf und Umgebung","isPartOf":{"@id":"https:\/\/frauenarzt-net.de\/#website"},"datePublished":"2024-11-29T20:22:32+00:00","dateModified":"2025-12-02T15:18:11+00:00","description":"BrusterkrankungenUmfassende Beratung bei Ihrem\u00a0 Frauenarzt in D\u00fcsseldorfBrusterkrankungen sind ein wichtiges Thema, das viele Frauen betrifft und h\u00e4ufig","breadcrumb":{"@id":"https:\/\/frauenarzt-net.de\/brusterkrankungen\/#breadcrumb"},"inLanguage":"ro-RO","potentialAction":[{"@type":"ReadAction","target":["https:\/\/frauenarzt-net.de\/brusterkrankungen\/"]}]},{"@type":"BreadcrumbList","@id":"https:\/\/frauenarzt-net.de\/brusterkrankungen\/#breadcrumb","itemListElement":[{"@type":"ListItem","position":1,"name":"Home","item":"https:\/\/frauenarzt-net.de\/"},{"@type":"ListItem","position":2,"name":"Brusterkrankungen"}]},{"@type":"WebSite","@id":"https:\/\/frauenarzt-net.de\/#website","url":"https:\/\/frauenarzt-net.de\/","name":"Praxis Dr. Wechsler - Ihre Frauen\u00e4rztin in D\u00fcsseldorf und Umgebung","description":"","publisher":{"@id":"https:\/\/frauenarzt-net.de\/#organization"},"potentialAction":[{"@type":"SearchAction","target":{"@type":"EntryPoint","urlTemplate":"https:\/\/frauenarzt-net.de\/?s={search_term_string}"},"query-input":"required name=search_term_string"}],"inLanguage":"ro-RO"},{"@type":"Organization","@id":"https:\/\/frauenarzt-net.de\/#organization","name":"INVESTMENT COINS","url":"https:\/\/frauenarzt-net.de\/","logo":{"@type":"ImageObject","inLanguage":"ro-RO","@id":"https:\/\/frauenarzt-net.de\/#\/schema\/logo\/image\/","url":"https:\/\/frauenaerztin-duesseldorf.dr-wechsler.de\/wp-content\/uploads\/2021\/07\/logo2.png","contentUrl":"https:\/\/frauenaerztin-duesseldorf.dr-wechsler.de\/wp-content\/uploads\/2021\/07\/logo2.png","width":794,"height":71,"caption":"INVESTMENT COINS"},"image":{"@id":"https:\/\/frauenarzt-net.de\/#\/schema\/logo\/image\/"}}]}},"_links":{"self":[{"href":"https:\/\/frauenarzt-net.de\/wp-json\/wp\/v2\/pages\/4633"}],"collection":[{"href":"https:\/\/frauenarzt-net.de\/wp-json\/wp\/v2\/pages"}],"about":[{"href":"https:\/\/frauenarzt-net.de\/wp-json\/wp\/v2\/types\/page"}],"author":[{"embeddable":true,"href":"https:\/\/frauenarzt-net.de\/wp-json\/wp\/v2\/users\/1"}],"replies":[{"embeddable":true,"href":"https:\/\/frauenarzt-net.de\/wp-json\/wp\/v2\/comments?post=4633"}],"version-history":[{"count":50,"href":"https:\/\/frauenarzt-net.de\/wp-json\/wp\/v2\/pages\/4633\/revisions"}],"predecessor-version":[{"id":6842,"href":"https:\/\/frauenarzt-net.de\/wp-json\/wp\/v2\/pages\/4633\/revisions\/6842"}],"wp:attachment":[{"href":"https:\/\/frauenarzt-net.de\/wp-json\/wp\/v2\/media?parent=4633"}],"curies":[{"name":"wp","href":"https:\/\/api.w.org\/{rel}","templated":true}]}}