{"id":4624,"date":"2024-11-29T20:15:33","date_gmt":"2024-11-29T20:15:33","guid":{"rendered":"https:\/\/frauenarzt-net.de\/?page_id=4624"},"modified":"2025-12-02T14:53:16","modified_gmt":"2025-12-02T14:53:16","slug":"wechseljahre","status":"publish","type":"page","link":"https:\/\/frauenarzt-net.de\/wechseljahre\/","title":{"rendered":"Wechseljahre"},"content":{"rendered":"\t\t<div data-elementor-type=\"wp-page\" data-elementor-id=\"4624\" class=\"elementor elementor-4624\">\n\t\t\t\t\t\t\t<div class=\"elementor-element elementor-element-b84ae9e e-con-boxed e-con\" data-id=\"b84ae9e\" data-element_type=\"container\" data-settings=\"{&quot;content_width&quot;:&quot;boxed&quot;}\">\n\t\t\t\t\t<div class=\"e-con-inner\">\n\t\t\t\t<div class=\"elementor-element elementor-element-2a43fb1 elementor-widget elementor-widget-text-editor\" data-id=\"2a43fb1\" data-element_type=\"widget\" data-widget_type=\"text-editor.default\">\n\t\t\t\t<div class=\"elementor-widget-container\">\n\t\t\t<style>\/*! elementor - v3.9.2 - 21-12-2022 *\/\n.elementor-widget-text-editor.elementor-drop-cap-view-stacked .elementor-drop-cap{background-color:#818a91;color:#fff}.elementor-widget-text-editor.elementor-drop-cap-view-framed .elementor-drop-cap{color:#818a91;border:3px solid;background-color:transparent}.elementor-widget-text-editor:not(.elementor-drop-cap-view-default) .elementor-drop-cap{margin-top:8px}.elementor-widget-text-editor:not(.elementor-drop-cap-view-default) .elementor-drop-cap-letter{width:1em;height:1em}.elementor-widget-text-editor .elementor-drop-cap{float:left;text-align:center;line-height:1;font-size:50px}.elementor-widget-text-editor .elementor-drop-cap-letter{display:inline-block}<\/style>\t\t\t\t<h1 class=\"mb-2 mt-6 text-lg first:mt-3\">Menopauza<\/h1><h2 class=\"mb-2 mt-6 text-lg first:mt-3\">\u00cengrijire competent\u0103 la medicii dumneavoastr\u0103 ginecologi din D\u00fcsseldorf<\/h2>\t\t\t\t\t\t<\/div>\n\t\t\t\t<\/div>\n\t\t\t\t\t<\/div>\n\t\t\t\t<\/div>\n\t\t<div class=\"elementor-element elementor-element-e0ff232 elementor-hidden-mobile e-con-boxed e-con\" data-id=\"e0ff232\" data-element_type=\"container\" data-settings=\"{&quot;content_width&quot;:&quot;boxed&quot;}\">\n\t\t\t\t\t<div class=\"e-con-inner\">\n\t\t<div class=\"elementor-element elementor-element-18b5d59 e-con-full e-con\" data-id=\"18b5d59\" data-element_type=\"container\" data-settings=\"{&quot;content_width&quot;:&quot;full&quot;}\">\n\t\t\t\t<div class=\"elementor-element elementor-element-58c7bfc elementor-widget elementor-widget-text-editor\" data-id=\"58c7bfc\" data-element_type=\"widget\" data-widget_type=\"text-editor.default\">\n\t\t\t\t<div class=\"elementor-widget-container\">\n\t\t\t\t\t\t\t<p>Menopauza este o faz\u0103 natural\u0103 a vie\u021bii care le prezint\u0103 multor femei provoc\u0103ri. \u00cen practica noastr\u0103 din D\u00fcsseldorf, v\u0103 oferim consultan\u021b\u0103 \u0219i suport cuprinz\u0103tor pentru a v\u0103 ajuta s\u0103 gestiona\u021bi simptomele acestei perioade tranzitorii \u00een mod eficient. Fie c\u0103 este vorba despre bufeuri, tulbur\u0103ri de somn sau schimb\u0103ri de dispozi\u021bie \u2013 ne dedic\u0103m timp pentru a asculta preocup\u0103rile dumneavoastr\u0103 \u0219i pentru a dezvolta \u00eempreun\u0103 solu\u021bii personalizate. Scopul nostru este s\u0103 v\u0103 ajut\u0103m s\u0103 vede\u021bi aceast\u0103 faz\u0103 ca pe o oportunitate pentru un nou capitol \u00een via\u021ba dumneavoastr\u0103. <\/p>\t\t\t\t\t\t<\/div>\n\t\t\t\t<\/div>\n\t\t\t\t<\/div>\n\t\t<div class=\"elementor-element elementor-element-d604717 e-con-full e-con\" data-id=\"d604717\" data-element_type=\"container\" data-settings=\"{&quot;content_width&quot;:&quot;full&quot;}\">\n\t\t\t\t<div class=\"elementor-element elementor-element-a52262a elementor-widget elementor-widget-text-editor\" data-id=\"a52262a\" data-element_type=\"widget\" data-widget_type=\"text-editor.default\">\n\t\t\t\t<div class=\"elementor-widget-container\">\n\t\t\t\t\t\t\t<p data-start=\"699\" data-end=\"853\">\u021ainem cont de nevoile dumneavoastr\u0103 personale \u0219i de condi\u021biile de s\u0103n\u0103tate pentru a elabora planul de tratament optim pentru dumneavoastr\u0103.<\/p><p data-start=\"855\" data-end=\"957\">Acord\u0103m o mare importan\u021b\u0103 unei abord\u0103ri holistice a s\u0103n\u0103t\u0103\u021bii \u0219i a calit\u0103\u021bii dumneavoastr\u0103 de via\u021b\u0103.<\/p><p data-start=\"959\" data-end=\"1058\" data-is-last-node=\"\" data-is-only-node=\"\">V\u0103 \u00eenso\u021bim cu empatie pe parcursul perioadei de menopauz\u0103 \u0219i v\u0103 st\u0103m al\u0103turi cu sfaturi \u0219i sprijin.<\/p>\t\t\t\t\t\t<\/div>\n\t\t\t\t<\/div>\n\t\t\t\t<div class=\"elementor-element elementor-element-cb60957 elementor-align-left elementor-widget elementor-widget-button\" data-id=\"cb60957\" data-element_type=\"widget\" data-widget_type=\"button.default\">\n\t\t\t\t<div class=\"elementor-widget-container\">\n\t\t\t\t\t<div class=\"elementor-button-wrapper\">\n\t\t\t<a href=\"https:\/\/www.doctolib.de\/privatpraxis\/duesseldorf\/privatpraxis-fuer-gynaekologie-dr-wechsler?utm_campaign=website-button&#038;utm_source=privatpraxis-fuer-gynaekologie-dr-wechsler-website-button&#038;utm_medium=referral&#038;utm_content=option-8&#038;utm_term=privatpraxis-fuer-gynaekologie-dr-wechsler\" target=\"_blank\" class=\"elementor-button-link elementor-button elementor-size-sm\" role=\"button\">\n\t\t\t\t\t\t<span class=\"elementor-button-content-wrapper\">\n\t\t\t\t\t\t<span class=\"elementor-button-text\">Rezerv\u0103 o programare<\/span>\n\t\t<\/span>\n\t\t\t\t\t<\/a>\n\t\t<\/div>\n\t\t\t\t<\/div>\n\t\t\t\t<\/div>\n\t\t\t\t<\/div>\n\t\t\t\t\t<\/div>\n\t\t\t\t<\/div>\n\t\t<div class=\"elementor-element elementor-element-3bde64b elementor-hidden-desktop elementor-hidden-tablet e-con-boxed e-con\" data-id=\"3bde64b\" data-element_type=\"container\" data-settings=\"{&quot;content_width&quot;:&quot;boxed&quot;}\">\n\t\t\t\t\t<div class=\"e-con-inner\">\n\t\t<div class=\"elementor-element elementor-element-17b8147 e-con-full e-con\" data-id=\"17b8147\" data-element_type=\"container\" data-settings=\"{&quot;content_width&quot;:&quot;full&quot;}\">\n\t\t\t\t<div class=\"elementor-element elementor-element-3f90bde elementor-widget elementor-widget-text-editor\" data-id=\"3f90bde\" data-element_type=\"widget\" data-widget_type=\"text-editor.default\">\n\t\t\t\t<div class=\"elementor-widget-container\">\n\t\t\t\t\t\t\t<p>Menopauza este o faz\u0103 natural\u0103 a vie\u021bii care le prezint\u0103 multor femei provoc\u0103ri. \u00cen practica noastr\u0103 din D\u00fcsseldorf, v\u0103 oferim consultan\u021b\u0103 \u0219i suport cuprinz\u0103tor pentru a v\u0103 ajuta s\u0103 gestiona\u021bi simptomele acestei perioade tranzitorii \u00een mod eficient. Fie c\u0103 este vorba despre bufeuri, tulbur\u0103ri de somn sau schimb\u0103ri de dispozi\u021bie \u2013 ne dedic\u0103m timp pentru a asculta preocup\u0103rile dumneavoastr\u0103 \u0219i pentru a dezvolta \u00eempreun\u0103 solu\u021bii personalizate. Scopul nostru este s\u0103 v\u0103 ajut\u0103m s\u0103 vede\u021bi aceast\u0103 faz\u0103 ca pe o oportunitate pentru un nou capitol \u00een via\u021ba dumneavoastr\u0103. <\/p>\t\t\t\t\t\t<\/div>\n\t\t\t\t<\/div>\n\t\t\t\t<\/div>\n\t\t<div class=\"elementor-element elementor-element-6b3c5c3 e-con-full e-con\" data-id=\"6b3c5c3\" data-element_type=\"container\" data-settings=\"{&quot;content_width&quot;:&quot;full&quot;}\">\n\t\t\t\t<div class=\"elementor-element elementor-element-3d81e39 elementor-widget elementor-widget-text-editor\" data-id=\"3d81e39\" data-element_type=\"widget\" data-widget_type=\"text-editor.default\">\n\t\t\t\t<div class=\"elementor-widget-container\">\n\t\t\t\t\t\t\t<p data-start=\"699\" data-end=\"853\">\u021ainem cont de nevoile dumneavoastr\u0103 personale \u0219i de condi\u021biile de s\u0103n\u0103tate pentru a elabora planul de tratament optim pentru dumneavoastr\u0103.<\/p><p data-start=\"855\" data-end=\"957\">Acord\u0103m o mare importan\u021b\u0103 unei abord\u0103ri holistice a s\u0103n\u0103t\u0103\u021bii \u0219i a calit\u0103\u021bii dumneavoastr\u0103 de via\u021b\u0103.<\/p><p data-start=\"959\" data-end=\"1058\" data-is-last-node=\"\" data-is-only-node=\"\">V\u0103 \u00eenso\u021bim cu empatie pe parcursul perioadei de menopauz\u0103 \u0219i v\u0103 st\u0103m al\u0103turi cu sfaturi \u0219i sprijin.<\/p>\t\t\t\t\t\t<\/div>\n\t\t\t\t<\/div>\n\t\t\t\t<div class=\"elementor-element elementor-element-eb4039f elementor-align-left elementor-mobile-align-center elementor-widget elementor-widget-button\" data-id=\"eb4039f\" data-element_type=\"widget\" data-widget_type=\"button.default\">\n\t\t\t\t<div class=\"elementor-widget-container\">\n\t\t\t\t\t<div class=\"elementor-button-wrapper\">\n\t\t\t<a href=\"https:\/\/www.doctolib.de\/privatpraxis\/duesseldorf\/privatpraxis-fuer-gynaekologie-dr-wechsler?utm_campaign=website-button&#038;utm_source=privatpraxis-fuer-gynaekologie-dr-wechsler-website-button&#038;utm_medium=referral&#038;utm_content=option-8&#038;utm_term=privatpraxis-fuer-gynaekologie-dr-wechsler\" target=\"_blank\" class=\"elementor-button-link elementor-button elementor-size-sm\" role=\"button\">\n\t\t\t\t\t\t<span class=\"elementor-button-content-wrapper\">\n\t\t\t\t\t\t<span class=\"elementor-button-text\">Rezerv\u0103 o programare<\/span>\n\t\t<\/span>\n\t\t\t\t\t<\/a>\n\t\t<\/div>\n\t\t\t\t<\/div>\n\t\t\t\t<\/div>\n\t\t\t\t<\/div>\n\t\t\t\t\t<\/div>\n\t\t\t\t<\/div>\n\t\t<div class=\"elementor-element elementor-element-7cd6b18 e-con-boxed e-con\" data-id=\"7cd6b18\" data-element_type=\"container\" data-settings=\"{&quot;content_width&quot;:&quot;boxed&quot;}\">\n\t\t\t\t\t<div class=\"e-con-inner\">\n\t\t\t\t<div class=\"elementor-element elementor-element-74c538c elementor-widget elementor-widget-image\" data-id=\"74c538c\" data-element_type=\"widget\" data-widget_type=\"image.default\">\n\t\t\t\t<div class=\"elementor-widget-container\">\n\t\t\t<style>\/*! elementor - v3.9.2 - 21-12-2022 *\/\n.elementor-widget-image{text-align:center}.elementor-widget-image a{display:inline-block}.elementor-widget-image a img[src$=\".svg\"]{width:48px}.elementor-widget-image img{vertical-align:middle;display:inline-block}<\/style>\t\t\t\t\t\t\t\t\t\t\t\t<img decoding=\"async\" width=\"1000\" height=\"436\" src=\"https:\/\/frauenarzt-net.de\/wp-content\/uploads\/2025\/12\/wechseljahre.jpg\" class=\"attachment-large size-large wp-image-6828\" alt=\"\" loading=\"lazy\" srcset=\"https:\/\/frauenarzt-net.de\/wp-content\/uploads\/2025\/12\/wechseljahre.jpg 1000w, https:\/\/frauenarzt-net.de\/wp-content\/uploads\/2025\/12\/wechseljahre-400x174.jpg 400w, https:\/\/frauenarzt-net.de\/wp-content\/uploads\/2025\/12\/wechseljahre-250x109.jpg 250w, https:\/\/frauenarzt-net.de\/wp-content\/uploads\/2025\/12\/wechseljahre-768x335.jpg 768w\" sizes=\"(max-width: 1000px) 100vw, 1000px\" \/>\t\t\t\t\t\t\t\t\t\t\t\t\t\t\t<\/div>\n\t\t\t\t<\/div>\n\t\t\t\t\t<\/div>\n\t\t\t\t<\/div>\n\t\t<div class=\"elementor-element elementor-element-856be5b e-con-boxed e-con\" data-id=\"856be5b\" data-element_type=\"container\" data-settings=\"{&quot;content_width&quot;:&quot;boxed&quot;}\">\n\t\t\t\t\t<div class=\"e-con-inner\">\n\t\t<div class=\"elementor-element elementor-element-379a2ba e-con-full e-con\" data-id=\"379a2ba\" data-element_type=\"container\" data-settings=\"{&quot;content_width&quot;:&quot;full&quot;}\">\n\t\t\t\t<div class=\"elementor-element elementor-element-09bdca9 elementor-widget elementor-widget-text-editor\" data-id=\"09bdca9\" data-element_type=\"widget\" data-widget_type=\"text-editor.default\">\n\t\t\t\t<div class=\"elementor-widget-container\">\n\t\t\t\t\t\t\t<h2>Despre sarcina dumneavoastr\u0103:<\/h2><p><a href=\"https:\/\/frauenarzt-net.de\/ersttrimesterscreening\/\">Screening-ul primului trimestru<\/a><\/p><p><a href=\"https:\/\/frauenarzt-net.de\/doppleruntersuchung-in-duesseldorf\/\">Examinare Doppler<\/a><\/p><p><a href=\"https:\/\/frauenarzt-net.de\/risikoschwangerschaften\/\">Sarcini cu risc crescut<\/a><\/p><p><a href=\"https:\/\/frauenarzt-net.de\/beratung-zur-geburt\/\">Consiliere pentru na\u0219tere<\/a><\/p>\t\t\t\t\t\t<\/div>\n\t\t\t\t<\/div>\n\t\t\t\t<\/div>\n\t\t<div class=\"elementor-element elementor-element-0899b2e e-con-full e-con\" data-id=\"0899b2e\" data-element_type=\"container\" data-settings=\"{&quot;content_width&quot;:&quot;full&quot;}\">\n\t\t\t\t<div class=\"elementor-element elementor-element-b304d06 elementor-widget elementor-widget-text-editor\" data-id=\"b304d06\" data-element_type=\"widget\" data-widget_type=\"text-editor.default\">\n\t\t\t\t<div class=\"elementor-widget-container\">\n\t\t\t\t\t\t\t<h2>Ginecologie:<\/h2><p><a href=\"https:\/\/frauenarzt-net.de\/teenager-sprechstunde\/\">Consulta\u021bie pentru adolescen\u021bi<\/a><\/p><p><a href=\"https:\/\/frauenarzt-net.de\/vorsorge\/\">Preven\u021bie<\/a><\/p><p><a href=\"https:\/\/frauenarzt-net.de\/verhuetung\/\">Contracep\u021bie<\/a><\/p><p><a href=\"https:\/\/frauenarzt-net.de\/kinderwunsch\/\">Dorin\u021ba de a avea copii<\/a><\/p><p><a href=\"https:\/\/frauenarzt-net.de\/kinderwunsch-copy\/\">Consulta\u021bie hormonal\u0103<\/a><\/p><p><a href=\"https:\/\/frauenarzt-net.de\/wechseljahre\/\">Menopauz\u0103<\/a><\/p><p><a href=\"https:\/\/frauenarzt-net.de\/brusterkrankungen\/\">Boli ale s\u00e2nilor<\/a><\/p><p><a href=\"https:\/\/frauenarzt-net.de\/krebserkrankungen\/\">Cancere<\/a><\/p><p><a href=\"https:\/\/frauenarzt-net.de\/inkontinenz\/\">Incontinen\u021b\u0103<\/a><\/p><p><a href=\"https:\/\/frauenarzt-net.de\/endometriose\/\">Endometrioz\u0103<\/a><\/p><p><a href=\"https:\/\/frauenarzt-net.de\/ultraschalldiagnostik\/\">Diagnostic ecografic<\/a><\/p><p><a href=\"https:\/\/frauenarzt-net.de\/impfungen\/\">Vaccin\u0103ri<\/a><\/p>\t\t\t\t\t\t<\/div>\n\t\t\t\t<\/div>\n\t\t\t\t<\/div>\n\t\t\t\t\t<\/div>\n\t\t\t\t<\/div>\n\t\t\t\t\t\t\t<\/div>\n\t\t","protected":false},"excerpt":{"rendered":"<p>Wechseljahre Kompetente Betreuung bei Ihren Frauen\u00e4rzten in D\u00fcsseldorf Die Wechseljahre sind eine nat\u00fcrliche Lebensphase, die viele Frauen vor Herausforderungen stellt. In unserer Praxis in D\u00fcsseldorf bieten wir Ihnen umfassende Beratung und Unterst\u00fctzung, um die Symptome dieser \u00dcbergangszeit bestm\u00f6glich zu bew\u00e4ltigen. Ob Hitzewallungen, Schlafst\u00f6rungen oder Stimmungsschwankungen \u2013 wir nehmen uns Zeit f\u00fcr Ihre Anliegen und entwickeln [&hellip;]<\/p>\n","protected":false},"author":1,"featured_media":0,"parent":0,"menu_order":0,"comment_status":"closed","ping_status":"closed","template":"elementor_header_footer","meta":[],"yoast_head":"<!-- This site is optimized with the Yoast SEO plugin v19.13 - https:\/\/yoast.com\/wordpress\/plugins\/seo\/ -->\n<title>Wechseljahre<\/title>\n<meta name=\"description\" content=\"WechseljahreKompetente Betreuung bei Ihren Frauen\u00e4rzten in D\u00fcsseldorfDie Wechseljahre sind eine nat\u00fcrliche Lebensphase, die viele Frauen vor Herausforderungen stellt.In unserer Praxis in D\u00fcsseldorf bieten wir Ihnen umfassende Beratung und Unterst\u00fctzung, um die Symptome dieser \u00dcbergangszeit bestm\u00f6glich zu bew\u00e4ltigen.Ob Hitzewallungen, Schlafst\u00f6rungen oder Stimmungsschwankungen \u2013 wir nehmen uns Zeit f\u00fcr Ihre Anliegen und entwickeln gemeinsam mit Ihnen individuelle&hellip;\" \/>\n<meta name=\"robots\" content=\"index, follow, max-snippet:-1, max-image-preview:large, max-video-preview:-1\" \/>\n<link rel=\"canonical\" href=\"https:\/\/frauenarzt-net.de\/wechseljahre\/\" \/>\n<meta property=\"og:locale\" content=\"ro_RO\" \/>\n<meta property=\"og:type\" content=\"article\" \/>\n<meta property=\"og:title\" content=\"Wechseljahre\" \/>\n<meta property=\"og:description\" content=\"WechseljahreKompetente Betreuung bei Ihren Frauen\u00e4rzten in D\u00fcsseldorfDie Wechseljahre sind eine nat\u00fcrliche Lebensphase, die viele Frauen vor Herausforderungen stellt.In unserer Praxis in D\u00fcsseldorf bieten wir Ihnen umfassende Beratung und Unterst\u00fctzung, um die Symptome dieser \u00dcbergangszeit bestm\u00f6glich zu bew\u00e4ltigen.Ob Hitzewallungen, Schlafst\u00f6rungen oder Stimmungsschwankungen \u2013 wir nehmen uns Zeit f\u00fcr Ihre Anliegen und entwickeln gemeinsam mit Ihnen individuelle&hellip;\" \/>\n<meta property=\"og:url\" content=\"https:\/\/frauenarzt-net.de\/wechseljahre\/\" \/>\n<meta property=\"og:site_name\" content=\"Praxis Dr. Wechsler - Ihre Frauen\u00e4rztin in D\u00fcsseldorf und Umgebung\" \/>\n<meta property=\"article:modified_time\" content=\"2025-12-02T14:53:16+00:00\" \/>\n<meta property=\"og:image\" content=\"https:\/\/frauenarzt-net.de\/wp-content\/uploads\/2025\/12\/wechseljahre.jpg\" \/>\n<meta name=\"twitter:card\" content=\"summary_large_image\" \/>\n<meta name=\"twitter:label1\" content=\"Timp estimat pentru citire\" \/>\n\t<meta name=\"twitter:data1\" content=\"1 minut\" \/>\n<script type=\"application\/ld+json\" class=\"yoast-schema-graph\">{\"@context\":\"https:\/\/schema.org\",\"@graph\":[{\"@type\":\"WebPage\",\"@id\":\"https:\/\/frauenarzt-net.de\/wechseljahre\/\",\"url\":\"https:\/\/frauenarzt-net.de\/wechseljahre\/\",\"name\":\"Wechseljahre | Praxis Dr. Wechsler - Ihre Frauen\u00e4rztin in D\u00fcsseldorf und Umgebung\",\"isPartOf\":{\"@id\":\"https:\/\/frauenarzt-net.de\/#website\"},\"datePublished\":\"2024-11-29T20:15:33+00:00\",\"dateModified\":\"2025-12-02T14:53:16+00:00\",\"description\":\"WechseljahreKompetente Betreuung bei Ihren Frauen\u00e4rzten in D\u00fcsseldorfDie Wechseljahre sind eine nat\u00fcrliche Lebensphase, die viele Frauen vor\",\"breadcrumb\":{\"@id\":\"https:\/\/frauenarzt-net.de\/wechseljahre\/#breadcrumb\"},\"inLanguage\":\"ro-RO\",\"potentialAction\":[{\"@type\":\"ReadAction\",\"target\":[\"https:\/\/frauenarzt-net.de\/wechseljahre\/\"]}]},{\"@type\":\"BreadcrumbList\",\"@id\":\"https:\/\/frauenarzt-net.de\/wechseljahre\/#breadcrumb\",\"itemListElement\":[{\"@type\":\"ListItem\",\"position\":1,\"name\":\"Home\",\"item\":\"https:\/\/frauenarzt-net.de\/\"},{\"@type\":\"ListItem\",\"position\":2,\"name\":\"Wechseljahre\"}]},{\"@type\":\"WebSite\",\"@id\":\"https:\/\/frauenarzt-net.de\/#website\",\"url\":\"https:\/\/frauenarzt-net.de\/\",\"name\":\"Praxis Dr. Wechsler - Ihre Frauen\u00e4rztin in D\u00fcsseldorf und Umgebung\",\"description\":\"\",\"publisher\":{\"@id\":\"https:\/\/frauenarzt-net.de\/#organization\"},\"potentialAction\":[{\"@type\":\"SearchAction\",\"target\":{\"@type\":\"EntryPoint\",\"urlTemplate\":\"https:\/\/frauenarzt-net.de\/?s={search_term_string}\"},\"query-input\":\"required name=search_term_string\"}],\"inLanguage\":\"ro-RO\"},{\"@type\":\"Organization\",\"@id\":\"https:\/\/frauenarzt-net.de\/#organization\",\"name\":\"INVESTMENT COINS\",\"url\":\"https:\/\/frauenarzt-net.de\/\",\"logo\":{\"@type\":\"ImageObject\",\"inLanguage\":\"ro-RO\",\"@id\":\"https:\/\/frauenarzt-net.de\/#\/schema\/logo\/image\/\",\"url\":\"https:\/\/frauenaerztin-duesseldorf.dr-wechsler.de\/wp-content\/uploads\/2021\/07\/logo2.png\",\"contentUrl\":\"https:\/\/frauenaerztin-duesseldorf.dr-wechsler.de\/wp-content\/uploads\/2021\/07\/logo2.png\",\"width\":794,\"height\":71,\"caption\":\"INVESTMENT COINS\"},\"image\":{\"@id\":\"https:\/\/frauenarzt-net.de\/#\/schema\/logo\/image\/\"}}]}<\/script>\n<!-- \/ Yoast SEO plugin. -->","yoast_head_json":{"title":"Wechseljahre","description":"WechseljahreKompetente Betreuung bei Ihren Frauen\u00e4rzten in D\u00fcsseldorfDie Wechseljahre sind eine nat\u00fcrliche Lebensphase, die viele Frauen vor Herausforderungen stellt.In unserer Praxis in D\u00fcsseldorf bieten wir Ihnen umfassende Beratung und Unterst\u00fctzung, um die Symptome dieser \u00dcbergangszeit bestm\u00f6glich zu bew\u00e4ltigen.Ob Hitzewallungen, Schlafst\u00f6rungen oder Stimmungsschwankungen \u2013 wir nehmen uns Zeit f\u00fcr Ihre Anliegen und entwickeln gemeinsam mit Ihnen individuelle&hellip;","robots":{"index":"index","follow":"follow","max-snippet":"max-snippet:-1","max-image-preview":"max-image-preview:large","max-video-preview":"max-video-preview:-1"},"canonical":"https:\/\/frauenarzt-net.de\/wechseljahre\/","og_locale":"ro_RO","og_type":"article","og_title":"Wechseljahre","og_description":"WechseljahreKompetente Betreuung bei Ihren Frauen\u00e4rzten in D\u00fcsseldorfDie Wechseljahre sind eine nat\u00fcrliche Lebensphase, die viele Frauen vor Herausforderungen stellt.In unserer Praxis in D\u00fcsseldorf bieten wir Ihnen umfassende Beratung und Unterst\u00fctzung, um die Symptome dieser \u00dcbergangszeit bestm\u00f6glich zu bew\u00e4ltigen.Ob Hitzewallungen, Schlafst\u00f6rungen oder Stimmungsschwankungen \u2013 wir nehmen uns Zeit f\u00fcr Ihre Anliegen und entwickeln gemeinsam mit Ihnen individuelle&hellip;","og_url":"https:\/\/frauenarzt-net.de\/wechseljahre\/","og_site_name":"Praxis Dr. Wechsler - Ihre Frauen\u00e4rztin in D\u00fcsseldorf und Umgebung","article_modified_time":"2025-12-02T14:53:16+00:00","og_image":[{"url":"https:\/\/frauenarzt-net.de\/wp-content\/uploads\/2025\/12\/wechseljahre.jpg"}],"twitter_card":"summary_large_image","twitter_misc":{"Timp estimat pentru citire":"1 minut"},"schema":{"@context":"https:\/\/schema.org","@graph":[{"@type":"WebPage","@id":"https:\/\/frauenarzt-net.de\/wechseljahre\/","url":"https:\/\/frauenarzt-net.de\/wechseljahre\/","name":"Wechseljahre | Praxis Dr. Wechsler - Ihre Frauen\u00e4rztin in D\u00fcsseldorf und Umgebung","isPartOf":{"@id":"https:\/\/frauenarzt-net.de\/#website"},"datePublished":"2024-11-29T20:15:33+00:00","dateModified":"2025-12-02T14:53:16+00:00","description":"WechseljahreKompetente Betreuung bei Ihren Frauen\u00e4rzten in D\u00fcsseldorfDie Wechseljahre sind eine nat\u00fcrliche Lebensphase, die viele Frauen vor","breadcrumb":{"@id":"https:\/\/frauenarzt-net.de\/wechseljahre\/#breadcrumb"},"inLanguage":"ro-RO","potentialAction":[{"@type":"ReadAction","target":["https:\/\/frauenarzt-net.de\/wechseljahre\/"]}]},{"@type":"BreadcrumbList","@id":"https:\/\/frauenarzt-net.de\/wechseljahre\/#breadcrumb","itemListElement":[{"@type":"ListItem","position":1,"name":"Home","item":"https:\/\/frauenarzt-net.de\/"},{"@type":"ListItem","position":2,"name":"Wechseljahre"}]},{"@type":"WebSite","@id":"https:\/\/frauenarzt-net.de\/#website","url":"https:\/\/frauenarzt-net.de\/","name":"Praxis Dr. Wechsler - Ihre Frauen\u00e4rztin in D\u00fcsseldorf und Umgebung","description":"","publisher":{"@id":"https:\/\/frauenarzt-net.de\/#organization"},"potentialAction":[{"@type":"SearchAction","target":{"@type":"EntryPoint","urlTemplate":"https:\/\/frauenarzt-net.de\/?s={search_term_string}"},"query-input":"required name=search_term_string"}],"inLanguage":"ro-RO"},{"@type":"Organization","@id":"https:\/\/frauenarzt-net.de\/#organization","name":"INVESTMENT COINS","url":"https:\/\/frauenarzt-net.de\/","logo":{"@type":"ImageObject","inLanguage":"ro-RO","@id":"https:\/\/frauenarzt-net.de\/#\/schema\/logo\/image\/","url":"https:\/\/frauenaerztin-duesseldorf.dr-wechsler.de\/wp-content\/uploads\/2021\/07\/logo2.png","contentUrl":"https:\/\/frauenaerztin-duesseldorf.dr-wechsler.de\/wp-content\/uploads\/2021\/07\/logo2.png","width":794,"height":71,"caption":"INVESTMENT COINS"},"image":{"@id":"https:\/\/frauenarzt-net.de\/#\/schema\/logo\/image\/"}}]}},"_links":{"self":[{"href":"https:\/\/frauenarzt-net.de\/wp-json\/wp\/v2\/pages\/4624"}],"collection":[{"href":"https:\/\/frauenarzt-net.de\/wp-json\/wp\/v2\/pages"}],"about":[{"href":"https:\/\/frauenarzt-net.de\/wp-json\/wp\/v2\/types\/page"}],"author":[{"embeddable":true,"href":"https:\/\/frauenarzt-net.de\/wp-json\/wp\/v2\/users\/1"}],"replies":[{"embeddable":true,"href":"https:\/\/frauenarzt-net.de\/wp-json\/wp\/v2\/comments?post=4624"}],"version-history":[{"count":50,"href":"https:\/\/frauenarzt-net.de\/wp-json\/wp\/v2\/pages\/4624\/revisions"}],"predecessor-version":[{"id":6835,"href":"https:\/\/frauenarzt-net.de\/wp-json\/wp\/v2\/pages\/4624\/revisions\/6835"}],"wp:attachment":[{"href":"https:\/\/frauenarzt-net.de\/wp-json\/wp\/v2\/media?parent=4624"}],"curies":[{"name":"wp","href":"https:\/\/api.w.org\/{rel}","templated":true}]}}