{"id":4617,"date":"2024-11-29T16:50:29","date_gmt":"2024-11-29T16:50:29","guid":{"rendered":"https:\/\/frauenarzt-net.de\/?page_id=4617"},"modified":"2025-12-02T14:43:40","modified_gmt":"2025-12-02T14:43:40","slug":"kinderwunsch-copy","status":"publish","type":"page","link":"https:\/\/frauenarzt-net.de\/kinderwunsch-copy\/","title":{"rendered":"Hormonsprechstunde"},"content":{"rendered":"\t\t<div data-elementor-type=\"wp-page\" data-elementor-id=\"4617\" class=\"elementor elementor-4617\">\n\t\t\t\t\t\t\t<div class=\"elementor-element elementor-element-2cd93bc e-con-boxed e-con\" data-id=\"2cd93bc\" data-element_type=\"container\" data-settings=\"{&quot;content_width&quot;:&quot;boxed&quot;}\">\n\t\t\t\t\t<div class=\"e-con-inner\">\n\t\t\t\t<div class=\"elementor-element elementor-element-9116f4f elementor-widget elementor-widget-text-editor\" data-id=\"9116f4f\" data-element_type=\"widget\" data-widget_type=\"text-editor.default\">\n\t\t\t\t<div class=\"elementor-widget-container\">\n\t\t\t<style>\/*! elementor - v3.9.2 - 21-12-2022 *\/\n.elementor-widget-text-editor.elementor-drop-cap-view-stacked .elementor-drop-cap{background-color:#818a91;color:#fff}.elementor-widget-text-editor.elementor-drop-cap-view-framed .elementor-drop-cap{color:#818a91;border:3px solid;background-color:transparent}.elementor-widget-text-editor:not(.elementor-drop-cap-view-default) .elementor-drop-cap{margin-top:8px}.elementor-widget-text-editor:not(.elementor-drop-cap-view-default) .elementor-drop-cap-letter{width:1em;height:1em}.elementor-widget-text-editor .elementor-drop-cap{float:left;text-align:center;line-height:1;font-size:50px}.elementor-widget-text-editor .elementor-drop-cap-letter{display:inline-block}<\/style>\t\t\t\t<h1>Consulta\u021bie hormonal\u0103<\/h1><h2>la ginecologul dumneavoastr\u0103 din D\u00fcsseldorf<\/h2>\t\t\t\t\t\t<\/div>\n\t\t\t\t<\/div>\n\t\t\t\t\t<\/div>\n\t\t\t\t<\/div>\n\t\t<div class=\"elementor-element elementor-element-4285e0b elementor-hidden-mobile e-con-boxed e-con\" data-id=\"4285e0b\" data-element_type=\"container\" data-settings=\"{&quot;content_width&quot;:&quot;boxed&quot;}\">\n\t\t\t\t\t<div class=\"e-con-inner\">\n\t\t<div class=\"elementor-element elementor-element-51a9f14 e-con-full e-con\" data-id=\"51a9f14\" data-element_type=\"container\" data-settings=\"{&quot;content_width&quot;:&quot;full&quot;}\">\n\t\t\t\t<div class=\"elementor-element elementor-element-1a3cc0f elementor-widget elementor-widget-text-editor\" data-id=\"1a3cc0f\" data-element_type=\"widget\" data-widget_type=\"text-editor.default\">\n\t\t\t\t<div class=\"elementor-widget-container\">\n\t\t\t\t\t\t\t<h2 class=\"mb-2 mt-6 text-lg first:mt-3\">Consulta\u021bie hormonal\u0103: S\u0103n\u0103tatea dumneavoastr\u0103 \u00een centrul aten\u021biei<\/h2><p>\u00cen cadrul consulta\u021biei noastre hormonale, v\u0103 oferim o consiliere \u0219i un diagnostic cuprinz\u0103tor pentru dezechilibrele hormonale care pot duce adesea la probleme de s\u0103n\u0103tate. Multe femei sufer\u0103 de simptome precum oboseala, schimb\u0103rile de dispozi\u021bie, cre\u0219terea \u00een greutate sau problemele menstruale care pot fi atribuite schimb\u0103rilor hormonale. Scopul nostru este s\u0103 identific\u0103m cauzele acestor simptome \u0219i s\u0103 colabor\u0103m cu dumneavoastr\u0103 pentru a g\u0103si solu\u021bii individualizate. Ne aloc\u0103m timpul necesar pentru a aborda preocup\u0103rile dumneavoastr\u0103 \u0219i pentru a crea un plan de tratament personalizat care s\u0103 corespund\u0103 nevoilor dumneavoastr\u0103 personale.<\/p><h2 class=\"mb-2 mt-6 text-lg first:mt-3\">Abord\u0103ri holistice pentru s\u0103n\u0103tatea hormonal\u0103<\/h2><p>\u00cen cadrul consulta\u021biei noastre hormonale, urm\u0103rim o abordare holistic\u0103 care ia \u00een considerare at\u00e2t aspectele medicale, c\u00e2t \u0219i cele legate de stilul de via\u021b\u0103. Pe l\u00e2ng\u0103 diagnosticul clasic, v\u0103 oferim \u0219i informa\u021bii despre alimenta\u021bie, exerci\u021bii fizice \u0219i gestionarea stresului, care joac\u0103 un rol important \u00een reglarea sistemului dumneavoastr\u0103 hormonal. Prin schimb\u0103ri \u021bintite ale stilului de via\u021b\u0103, multe probleme hormonale pot fi ameliorate sau chiar rezolvate. V\u0103 sprijinim \u00een dezvoltarea unor obiceiuri s\u0103n\u0103toase care s\u0103 promoveze \u00een mod durabil bun\u0103starea dumneavoastr\u0103.<\/p>\t\t\t\t\t\t<\/div>\n\t\t\t\t<\/div>\n\t\t\t\t<\/div>\n\t\t<div class=\"elementor-element elementor-element-6e8ad07 e-con-full e-con\" data-id=\"6e8ad07\" data-element_type=\"container\" data-settings=\"{&quot;content_width&quot;:&quot;full&quot;}\">\n\t\t\t\t<div class=\"elementor-element elementor-element-d57d43a elementor-widget elementor-widget-text-editor\" data-id=\"d57d43a\" data-element_type=\"widget\" data-widget_type=\"text-editor.default\">\n\t\t\t\t<div class=\"elementor-widget-container\">\n\t\t\t\t\t\t\t<h2 data-start=\"978\" data-end=\"1033\">Ave\u021bi \u00eencredere \u00een expertiza noastr\u0103<\/h2><p data-start=\"1035\" data-end=\"1228\">V\u0103 \u00eenso\u021bim \u00een toate etapele s\u0103n\u0103t\u0103\u021bii dumneavoastr\u0103 hormonale. Lucr\u0103m \u00eendeaproape cu dumneavoastr\u0103 pentru a v\u0103 \u00een\u021belege nevoile individuale \u0219i pentru a construi o rela\u021bie bazat\u0103 pe \u00eencredere.<\/p><p data-start=\"1230\" data-end=\"1364\">\u00cen cadrul consulta\u021biei noastre hormonale, dumneavoastr\u0103 sunte\u021bi \u00een centrul aten\u021biei \u2013 v\u0103 ascult\u0103m \u0219i v\u0103 lu\u0103m \u00een serios preocup\u0103rile.<\/p><p data-start=\"1366\" data-end=\"1530\" data-is-last-node=\"\" data-is-only-node=\"\">\u00a0<\/p>\t\t\t\t\t\t<\/div>\n\t\t\t\t<\/div>\n\t\t\t\t<div class=\"elementor-element elementor-element-8f18c40 elementor-align-left elementor-widget elementor-widget-button\" data-id=\"8f18c40\" data-element_type=\"widget\" data-widget_type=\"button.default\">\n\t\t\t\t<div class=\"elementor-widget-container\">\n\t\t\t\t\t<div class=\"elementor-button-wrapper\">\n\t\t\t<a href=\"https:\/\/www.doctolib.de\/privatpraxis\/duesseldorf\/privatpraxis-fuer-gynaekologie-dr-wechsler?utm_campaign=website-button&#038;utm_source=privatpraxis-fuer-gynaekologie-dr-wechsler-website-button&#038;utm_medium=referral&#038;utm_content=option-8&#038;utm_term=privatpraxis-fuer-gynaekologie-dr-wechsler\" target=\"_blank\" class=\"elementor-button-link elementor-button elementor-size-sm\" role=\"button\">\n\t\t\t\t\t\t<span class=\"elementor-button-content-wrapper\">\n\t\t\t\t\t\t<span class=\"elementor-button-text\">Rezerv\u0103 o programare<\/span>\n\t\t<\/span>\n\t\t\t\t\t<\/a>\n\t\t<\/div>\n\t\t\t\t<\/div>\n\t\t\t\t<\/div>\n\t\t\t\t<\/div>\n\t\t\t\t\t<\/div>\n\t\t\t\t<\/div>\n\t\t<div class=\"elementor-element elementor-element-452d886 elementor-hidden-desktop elementor-hidden-tablet e-con-boxed e-con\" data-id=\"452d886\" data-element_type=\"container\" data-settings=\"{&quot;content_width&quot;:&quot;boxed&quot;}\">\n\t\t\t\t\t<div class=\"e-con-inner\">\n\t\t<div class=\"elementor-element elementor-element-71009bb e-con-full e-con\" data-id=\"71009bb\" data-element_type=\"container\" data-settings=\"{&quot;content_width&quot;:&quot;full&quot;}\">\n\t\t\t\t<div class=\"elementor-element elementor-element-1e3dac4 elementor-widget elementor-widget-text-editor\" data-id=\"1e3dac4\" data-element_type=\"widget\" data-widget_type=\"text-editor.default\">\n\t\t\t\t<div class=\"elementor-widget-container\">\n\t\t\t\t\t\t\t<h2 class=\"mb-2 mt-6 text-lg first:mt-3\">Consulta\u021bie hormonal\u0103: S\u0103n\u0103tatea dumneavoastr\u0103 \u00een centrul aten\u021biei<\/h2><p>\u00cen cadrul consulta\u021biei noastre hormonale, v\u0103 oferim o consiliere \u0219i un diagnostic cuprinz\u0103tor pentru dezechilibrele hormonale care pot duce adesea la probleme de s\u0103n\u0103tate. Multe femei sufer\u0103 de simptome precum oboseala, schimb\u0103rile de dispozi\u021bie, cre\u0219terea \u00een greutate sau problemele menstruale care pot fi atribuite schimb\u0103rilor hormonale. Scopul nostru este s\u0103 identific\u0103m cauzele acestor simptome \u0219i s\u0103 colabor\u0103m cu dumneavoastr\u0103 pentru a g\u0103si solu\u021bii individualizate. Ne aloc\u0103m timpul necesar pentru a aborda preocup\u0103rile dumneavoastr\u0103 \u0219i pentru a crea un plan de tratament personalizat care s\u0103 corespund\u0103 nevoilor dumneavoastr\u0103 personale.<\/p><h2 class=\"mb-2 mt-6 text-lg first:mt-3\">Abord\u0103ri holistice pentru s\u0103n\u0103tatea hormonal\u0103<\/h2><p>\u00cen cadrul consulta\u021biei noastre hormonale, urm\u0103rim o abordare holistic\u0103 care ia \u00een considerare at\u00e2t aspectele medicale, c\u00e2t \u0219i cele legate de stilul de via\u021b\u0103. Pe l\u00e2ng\u0103 diagnosticul clasic, v\u0103 oferim \u0219i informa\u021bii despre alimenta\u021bie, exerci\u021bii fizice \u0219i gestionarea stresului, care joac\u0103 un rol important \u00een reglarea sistemului dumneavoastr\u0103 hormonal. Prin schimb\u0103ri \u021bintite ale stilului de via\u021b\u0103, multe probleme hormonale pot fi ameliorate sau chiar rezolvate. V\u0103 sprijinim \u00een dezvoltarea unor obiceiuri s\u0103n\u0103toase care s\u0103 promoveze \u00een mod durabil bun\u0103starea dumneavoastr\u0103.<\/p>\t\t\t\t\t\t<\/div>\n\t\t\t\t<\/div>\n\t\t\t\t<\/div>\n\t\t<div class=\"elementor-element elementor-element-db8cc24 e-con-full e-con\" data-id=\"db8cc24\" data-element_type=\"container\" data-settings=\"{&quot;content_width&quot;:&quot;full&quot;}\">\n\t\t\t\t<div class=\"elementor-element elementor-element-d864c50 elementor-widget elementor-widget-text-editor\" data-id=\"d864c50\" data-element_type=\"widget\" data-widget_type=\"text-editor.default\">\n\t\t\t\t<div class=\"elementor-widget-container\">\n\t\t\t\t\t\t\t<h2 data-start=\"978\" data-end=\"1033\">Ave\u021bi \u00eencredere \u00een expertiza noastr\u0103<\/h2><p data-start=\"1035\" data-end=\"1228\">V\u0103 \u00eenso\u021bim \u00een toate etapele s\u0103n\u0103t\u0103\u021bii dumneavoastr\u0103 hormonale. Lucr\u0103m \u00eendeaproape cu dumneavoastr\u0103 pentru a v\u0103 \u00een\u021belege nevoile individuale \u0219i pentru a construi o rela\u021bie bazat\u0103 pe \u00eencredere.<\/p><p data-start=\"1230\" data-end=\"1364\">\u00cen cadrul consulta\u021biei noastre hormonale, dumneavoastr\u0103 sunte\u021bi \u00een centrul aten\u021biei \u2013 v\u0103 ascult\u0103m \u0219i v\u0103 lu\u0103m \u00een serios preocup\u0103rile.<\/p><p data-start=\"1366\" data-end=\"1530\" data-is-last-node=\"\" data-is-only-node=\"\">\u00a0<\/p>\t\t\t\t\t\t<\/div>\n\t\t\t\t<\/div>\n\t\t\t\t<div class=\"elementor-element elementor-element-1aa561d elementor-align-left elementor-mobile-align-center elementor-widget elementor-widget-button\" data-id=\"1aa561d\" data-element_type=\"widget\" data-widget_type=\"button.default\">\n\t\t\t\t<div class=\"elementor-widget-container\">\n\t\t\t\t\t<div class=\"elementor-button-wrapper\">\n\t\t\t<a href=\"https:\/\/www.doctolib.de\/privatpraxis\/duesseldorf\/privatpraxis-fuer-gynaekologie-dr-wechsler?utm_campaign=website-button&#038;utm_source=privatpraxis-fuer-gynaekologie-dr-wechsler-website-button&#038;utm_medium=referral&#038;utm_content=option-8&#038;utm_term=privatpraxis-fuer-gynaekologie-dr-wechsler\" target=\"_blank\" class=\"elementor-button-link elementor-button elementor-size-sm\" role=\"button\">\n\t\t\t\t\t\t<span class=\"elementor-button-content-wrapper\">\n\t\t\t\t\t\t<span class=\"elementor-button-text\">Rezerv\u0103 o programare<\/span>\n\t\t<\/span>\n\t\t\t\t\t<\/a>\n\t\t<\/div>\n\t\t\t\t<\/div>\n\t\t\t\t<\/div>\n\t\t\t\t<\/div>\n\t\t\t\t\t<\/div>\n\t\t\t\t<\/div>\n\t\t<div class=\"elementor-element elementor-element-bc3fed1 e-con-boxed e-con\" data-id=\"bc3fed1\" data-element_type=\"container\" data-settings=\"{&quot;content_width&quot;:&quot;boxed&quot;}\">\n\t\t\t\t\t<div class=\"e-con-inner\">\n\t\t\t\t<div class=\"elementor-element elementor-element-d3e09c8 elementor-widget elementor-widget-image\" data-id=\"d3e09c8\" data-element_type=\"widget\" data-widget_type=\"image.default\">\n\t\t\t\t<div class=\"elementor-widget-container\">\n\t\t\t<style>\/*! elementor - v3.9.2 - 21-12-2022 *\/\n.elementor-widget-image{text-align:center}.elementor-widget-image a{display:inline-block}.elementor-widget-image a img[src$=\".svg\"]{width:48px}.elementor-widget-image img{vertical-align:middle;display:inline-block}<\/style>\t\t\t\t\t\t\t\t\t\t\t\t<img decoding=\"async\" width=\"1000\" height=\"436\" src=\"https:\/\/frauenarzt-net.de\/wp-content\/uploads\/2024\/12\/hormonsprechstunde-duesseldorf.jpg\" class=\"attachment-large size-large wp-image-5089\" alt=\"Hormonsprechstunde Frauenarzt D\u00fcsseldorf\" loading=\"lazy\" srcset=\"https:\/\/frauenarzt-net.de\/wp-content\/uploads\/2024\/12\/hormonsprechstunde-duesseldorf.jpg 1000w, https:\/\/frauenarzt-net.de\/wp-content\/uploads\/2024\/12\/hormonsprechstunde-duesseldorf-400x174.jpg 400w, https:\/\/frauenarzt-net.de\/wp-content\/uploads\/2024\/12\/hormonsprechstunde-duesseldorf-250x109.jpg 250w, https:\/\/frauenarzt-net.de\/wp-content\/uploads\/2024\/12\/hormonsprechstunde-duesseldorf-768x335.jpg 768w\" sizes=\"(max-width: 1000px) 100vw, 1000px\" \/>\t\t\t\t\t\t\t\t\t\t\t\t\t\t\t<\/div>\n\t\t\t\t<\/div>\n\t\t\t\t\t<\/div>\n\t\t\t\t<\/div>\n\t\t<div class=\"elementor-element elementor-element-8a2384b e-con-boxed e-con\" data-id=\"8a2384b\" data-element_type=\"container\" data-settings=\"{&quot;content_width&quot;:&quot;boxed&quot;}\">\n\t\t\t\t\t<div class=\"e-con-inner\">\n\t\t<div class=\"elementor-element elementor-element-e6e5156 e-con-full e-con\" data-id=\"e6e5156\" data-element_type=\"container\" data-settings=\"{&quot;content_width&quot;:&quot;full&quot;}\">\n\t\t\t\t<div class=\"elementor-element elementor-element-f6ec788 elementor-widget elementor-widget-text-editor\" data-id=\"f6ec788\" data-element_type=\"widget\" data-widget_type=\"text-editor.default\">\n\t\t\t\t<div class=\"elementor-widget-container\">\n\t\t\t\t\t\t\t<h2>Despre sarcina dumneavoastr\u0103:<\/h2><p><a href=\"https:\/\/frauenarzt-net.de\/ersttrimesterscreening\/\">Screening-ul primului trimestru<\/a><\/p><p><a href=\"https:\/\/frauenarzt-net.de\/doppleruntersuchung-in-duesseldorf\/\">Examinare Doppler<\/a><\/p><p><a href=\"https:\/\/frauenarzt-net.de\/risikoschwangerschaften\/\">Sarcini cu risc crescut<\/a><\/p><p><a href=\"https:\/\/frauenarzt-net.de\/beratung-zur-geburt\/\">Consiliere pentru na\u0219tere<\/a><\/p>\t\t\t\t\t\t<\/div>\n\t\t\t\t<\/div>\n\t\t\t\t<\/div>\n\t\t<div class=\"elementor-element elementor-element-b336487 e-con-full e-con\" data-id=\"b336487\" data-element_type=\"container\" data-settings=\"{&quot;content_width&quot;:&quot;full&quot;}\">\n\t\t\t\t<div class=\"elementor-element elementor-element-30f3093 elementor-widget elementor-widget-text-editor\" data-id=\"30f3093\" data-element_type=\"widget\" data-widget_type=\"text-editor.default\">\n\t\t\t\t<div class=\"elementor-widget-container\">\n\t\t\t\t\t\t\t<h2>Ginecologie:<\/h2><p><a href=\"https:\/\/frauenarzt-net.de\/teenager-sprechstunde\/\">Consulta\u021bie pentru adolescen\u021bi<\/a><\/p><p><a href=\"https:\/\/frauenarzt-net.de\/vorsorge\/\">Preven\u021bie<\/a><\/p><p><a href=\"https:\/\/frauenarzt-net.de\/verhuetung\/\">Contracep\u021bie<\/a><\/p><p><a href=\"https:\/\/frauenarzt-net.de\/kinderwunsch\/\">Dorin\u021ba de a avea copii<\/a><\/p><p><a href=\"https:\/\/frauenarzt-net.de\/kinderwunsch-copy\/\">Consulta\u021bie hormonal\u0103<\/a><\/p><p><a href=\"https:\/\/frauenarzt-net.de\/wechseljahre\/\">Menopauz\u0103<\/a><\/p><p><a href=\"https:\/\/frauenarzt-net.de\/brusterkrankungen\/\">Boli ale s\u00e2nilor<\/a><\/p><p><a href=\"https:\/\/frauenarzt-net.de\/krebserkrankungen\/\">Cancere<\/a><\/p><p><a href=\"https:\/\/frauenarzt-net.de\/inkontinenz\/\">Incontinen\u021b\u0103<\/a><\/p><p><a href=\"https:\/\/frauenarzt-net.de\/endometriose\/\">Endometrioz\u0103<\/a><\/p><p><a href=\"https:\/\/frauenarzt-net.de\/ultraschalldiagnostik\/\">Diagnostic ecografic<\/a><\/p><p><a href=\"https:\/\/frauenarzt-net.de\/impfungen\/\">Vaccin\u0103ri<\/a><\/p>\t\t\t\t\t\t<\/div>\n\t\t\t\t<\/div>\n\t\t\t\t<\/div>\n\t\t\t\t\t<\/div>\n\t\t\t\t<\/div>\n\t\t\t\t\t\t\t<\/div>\n\t\t","protected":false},"excerpt":{"rendered":"<p>Hormonsprechstunde Umfassende Beratung bei Ihren Frauen\u00e4rzten in D\u00fcsseldorf Hormonsprechstunde: Ihre Gesundheit im Fokus In unserer Hormonsprechstunde bieten wir Ihnen eine umfassende Beratung und Diagnostik zu hormonellen Ungleichgewichten, die oft zu gesundheitlichen Beschwerden f\u00fchren k\u00f6nnen. Viele Frauen leiden unter Symptomen wie M\u00fcdigkeit, Stimmungsschwankungen, Gewichtszunahme oder Menstruationsbeschwerden, die auf hormonelle Ver\u00e4nderungen zur\u00fcckzuf\u00fchren sein k\u00f6nnen. Unser Ziel ist [&hellip;]<\/p>\n","protected":false},"author":1,"featured_media":0,"parent":0,"menu_order":0,"comment_status":"closed","ping_status":"closed","template":"elementor_header_footer","meta":[],"yoast_head":"<!-- This site is optimized with the Yoast SEO plugin v19.13 - https:\/\/yoast.com\/wordpress\/plugins\/seo\/ -->\n<title>Hormonsprechstunde<\/title>\n<meta name=\"description\" content=\"HormonsprechstundeUmfassende Beratung bei Ihren Frauen\u00e4rzten in D\u00fcsseldorfHormonsprechstunde: Ihre Gesundheit im FokusIn unserer Hormonsprechstunde bieten wir Ihnen eine umfassende Beratung und Diagnostik zu hormonellen Ungleichgewichten, die oft zu gesundheitlichen Beschwerden f\u00fchren k\u00f6nnen. Viele Frauen leiden unter Symptomen wie M\u00fcdigkeit, Stimmungsschwankungen, Gewichtszunahme oder Menstruationsbeschwerden, die auf hormonelle Ver\u00e4nderungen zur\u00fcckzuf\u00fchren sein k\u00f6nnen. Unser Ziel ist es, die Ursachen&hellip;\" \/>\n<meta name=\"robots\" content=\"index, follow, max-snippet:-1, max-image-preview:large, max-video-preview:-1\" \/>\n<link rel=\"canonical\" href=\"https:\/\/frauenarzt-net.de\/kinderwunsch-copy\/\" \/>\n<meta property=\"og:locale\" content=\"ro_RO\" \/>\n<meta property=\"og:type\" content=\"article\" \/>\n<meta property=\"og:title\" content=\"Hormonsprechstunde\" \/>\n<meta property=\"og:description\" content=\"HormonsprechstundeUmfassende Beratung bei Ihren Frauen\u00e4rzten in D\u00fcsseldorfHormonsprechstunde: Ihre Gesundheit im FokusIn unserer Hormonsprechstunde bieten wir Ihnen eine umfassende Beratung und Diagnostik zu hormonellen Ungleichgewichten, die oft zu gesundheitlichen Beschwerden f\u00fchren k\u00f6nnen. Viele Frauen leiden unter Symptomen wie M\u00fcdigkeit, Stimmungsschwankungen, Gewichtszunahme oder Menstruationsbeschwerden, die auf hormonelle Ver\u00e4nderungen zur\u00fcckzuf\u00fchren sein k\u00f6nnen. Unser Ziel ist es, die Ursachen&hellip;\" \/>\n<meta property=\"og:url\" content=\"https:\/\/frauenarzt-net.de\/kinderwunsch-copy\/\" \/>\n<meta property=\"og:site_name\" content=\"Praxis Dr. Wechsler - Ihre Frauen\u00e4rztin in D\u00fcsseldorf und Umgebung\" \/>\n<meta property=\"article:modified_time\" content=\"2025-12-02T14:43:40+00:00\" \/>\n<meta property=\"og:image\" content=\"https:\/\/frauenarzt-net.de\/wp-content\/uploads\/2024\/12\/hormonsprechstunde-duesseldorf.jpg\" \/>\n<meta name=\"twitter:card\" content=\"summary_large_image\" \/>\n<meta name=\"twitter:label1\" content=\"Timp estimat pentru citire\" \/>\n\t<meta name=\"twitter:data1\" content=\"2 minute\" \/>\n<script type=\"application\/ld+json\" class=\"yoast-schema-graph\">{\"@context\":\"https:\/\/schema.org\",\"@graph\":[{\"@type\":\"WebPage\",\"@id\":\"https:\/\/frauenarzt-net.de\/kinderwunsch-copy\/\",\"url\":\"https:\/\/frauenarzt-net.de\/kinderwunsch-copy\/\",\"name\":\"Hormonsprechstunde | Praxis Dr. Wechsler - Ihre Frauen\u00e4rztin in D\u00fcsseldorf und Umgebung\",\"isPartOf\":{\"@id\":\"https:\/\/frauenarzt-net.de\/#website\"},\"datePublished\":\"2024-11-29T16:50:29+00:00\",\"dateModified\":\"2025-12-02T14:43:40+00:00\",\"description\":\"HormonsprechstundeUmfassende Beratung bei Ihren Frauen\u00e4rzten in D\u00fcsseldorfHormonsprechstunde: Ihre Gesundheit im FokusIn unserer Hormonsprechstunde bieten\",\"breadcrumb\":{\"@id\":\"https:\/\/frauenarzt-net.de\/kinderwunsch-copy\/#breadcrumb\"},\"inLanguage\":\"ro-RO\",\"potentialAction\":[{\"@type\":\"ReadAction\",\"target\":[\"https:\/\/frauenarzt-net.de\/kinderwunsch-copy\/\"]}]},{\"@type\":\"BreadcrumbList\",\"@id\":\"https:\/\/frauenarzt-net.de\/kinderwunsch-copy\/#breadcrumb\",\"itemListElement\":[{\"@type\":\"ListItem\",\"position\":1,\"name\":\"Home\",\"item\":\"https:\/\/frauenarzt-net.de\/\"},{\"@type\":\"ListItem\",\"position\":2,\"name\":\"Hormonsprechstunde\"}]},{\"@type\":\"WebSite\",\"@id\":\"https:\/\/frauenarzt-net.de\/#website\",\"url\":\"https:\/\/frauenarzt-net.de\/\",\"name\":\"Praxis Dr. Wechsler - Ihre Frauen\u00e4rztin in D\u00fcsseldorf und Umgebung\",\"description\":\"\",\"publisher\":{\"@id\":\"https:\/\/frauenarzt-net.de\/#organization\"},\"potentialAction\":[{\"@type\":\"SearchAction\",\"target\":{\"@type\":\"EntryPoint\",\"urlTemplate\":\"https:\/\/frauenarzt-net.de\/?s={search_term_string}\"},\"query-input\":\"required name=search_term_string\"}],\"inLanguage\":\"ro-RO\"},{\"@type\":\"Organization\",\"@id\":\"https:\/\/frauenarzt-net.de\/#organization\",\"name\":\"INVESTMENT COINS\",\"url\":\"https:\/\/frauenarzt-net.de\/\",\"logo\":{\"@type\":\"ImageObject\",\"inLanguage\":\"ro-RO\",\"@id\":\"https:\/\/frauenarzt-net.de\/#\/schema\/logo\/image\/\",\"url\":\"https:\/\/frauenaerztin-duesseldorf.dr-wechsler.de\/wp-content\/uploads\/2021\/07\/logo2.png\",\"contentUrl\":\"https:\/\/frauenaerztin-duesseldorf.dr-wechsler.de\/wp-content\/uploads\/2021\/07\/logo2.png\",\"width\":794,\"height\":71,\"caption\":\"INVESTMENT COINS\"},\"image\":{\"@id\":\"https:\/\/frauenarzt-net.de\/#\/schema\/logo\/image\/\"}}]}<\/script>\n<!-- \/ Yoast SEO plugin. -->","yoast_head_json":{"title":"Hormonsprechstunde","description":"HormonsprechstundeUmfassende Beratung bei Ihren Frauen\u00e4rzten in D\u00fcsseldorfHormonsprechstunde: Ihre Gesundheit im FokusIn unserer Hormonsprechstunde bieten wir Ihnen eine umfassende Beratung und Diagnostik zu hormonellen Ungleichgewichten, die oft zu gesundheitlichen Beschwerden f\u00fchren k\u00f6nnen. Viele Frauen leiden unter Symptomen wie M\u00fcdigkeit, Stimmungsschwankungen, Gewichtszunahme oder Menstruationsbeschwerden, die auf hormonelle Ver\u00e4nderungen zur\u00fcckzuf\u00fchren sein k\u00f6nnen. Unser Ziel ist es, die Ursachen&hellip;","robots":{"index":"index","follow":"follow","max-snippet":"max-snippet:-1","max-image-preview":"max-image-preview:large","max-video-preview":"max-video-preview:-1"},"canonical":"https:\/\/frauenarzt-net.de\/kinderwunsch-copy\/","og_locale":"ro_RO","og_type":"article","og_title":"Hormonsprechstunde","og_description":"HormonsprechstundeUmfassende Beratung bei Ihren Frauen\u00e4rzten in D\u00fcsseldorfHormonsprechstunde: Ihre Gesundheit im FokusIn unserer Hormonsprechstunde bieten wir Ihnen eine umfassende Beratung und Diagnostik zu hormonellen Ungleichgewichten, die oft zu gesundheitlichen Beschwerden f\u00fchren k\u00f6nnen. Viele Frauen leiden unter Symptomen wie M\u00fcdigkeit, Stimmungsschwankungen, Gewichtszunahme oder Menstruationsbeschwerden, die auf hormonelle Ver\u00e4nderungen zur\u00fcckzuf\u00fchren sein k\u00f6nnen. Unser Ziel ist es, die Ursachen&hellip;","og_url":"https:\/\/frauenarzt-net.de\/kinderwunsch-copy\/","og_site_name":"Praxis Dr. Wechsler - Ihre Frauen\u00e4rztin in D\u00fcsseldorf und Umgebung","article_modified_time":"2025-12-02T14:43:40+00:00","og_image":[{"url":"https:\/\/frauenarzt-net.de\/wp-content\/uploads\/2024\/12\/hormonsprechstunde-duesseldorf.jpg"}],"twitter_card":"summary_large_image","twitter_misc":{"Timp estimat pentru citire":"2 minute"},"schema":{"@context":"https:\/\/schema.org","@graph":[{"@type":"WebPage","@id":"https:\/\/frauenarzt-net.de\/kinderwunsch-copy\/","url":"https:\/\/frauenarzt-net.de\/kinderwunsch-copy\/","name":"Hormonsprechstunde | Praxis Dr. Wechsler - Ihre Frauen\u00e4rztin in D\u00fcsseldorf und Umgebung","isPartOf":{"@id":"https:\/\/frauenarzt-net.de\/#website"},"datePublished":"2024-11-29T16:50:29+00:00","dateModified":"2025-12-02T14:43:40+00:00","description":"HormonsprechstundeUmfassende Beratung bei Ihren Frauen\u00e4rzten in D\u00fcsseldorfHormonsprechstunde: Ihre Gesundheit im FokusIn unserer Hormonsprechstunde bieten","breadcrumb":{"@id":"https:\/\/frauenarzt-net.de\/kinderwunsch-copy\/#breadcrumb"},"inLanguage":"ro-RO","potentialAction":[{"@type":"ReadAction","target":["https:\/\/frauenarzt-net.de\/kinderwunsch-copy\/"]}]},{"@type":"BreadcrumbList","@id":"https:\/\/frauenarzt-net.de\/kinderwunsch-copy\/#breadcrumb","itemListElement":[{"@type":"ListItem","position":1,"name":"Home","item":"https:\/\/frauenarzt-net.de\/"},{"@type":"ListItem","position":2,"name":"Hormonsprechstunde"}]},{"@type":"WebSite","@id":"https:\/\/frauenarzt-net.de\/#website","url":"https:\/\/frauenarzt-net.de\/","name":"Praxis Dr. Wechsler - Ihre Frauen\u00e4rztin in D\u00fcsseldorf und Umgebung","description":"","publisher":{"@id":"https:\/\/frauenarzt-net.de\/#organization"},"potentialAction":[{"@type":"SearchAction","target":{"@type":"EntryPoint","urlTemplate":"https:\/\/frauenarzt-net.de\/?s={search_term_string}"},"query-input":"required name=search_term_string"}],"inLanguage":"ro-RO"},{"@type":"Organization","@id":"https:\/\/frauenarzt-net.de\/#organization","name":"INVESTMENT COINS","url":"https:\/\/frauenarzt-net.de\/","logo":{"@type":"ImageObject","inLanguage":"ro-RO","@id":"https:\/\/frauenarzt-net.de\/#\/schema\/logo\/image\/","url":"https:\/\/frauenaerztin-duesseldorf.dr-wechsler.de\/wp-content\/uploads\/2021\/07\/logo2.png","contentUrl":"https:\/\/frauenaerztin-duesseldorf.dr-wechsler.de\/wp-content\/uploads\/2021\/07\/logo2.png","width":794,"height":71,"caption":"INVESTMENT COINS"},"image":{"@id":"https:\/\/frauenarzt-net.de\/#\/schema\/logo\/image\/"}}]}},"_links":{"self":[{"href":"https:\/\/frauenarzt-net.de\/wp-json\/wp\/v2\/pages\/4617"}],"collection":[{"href":"https:\/\/frauenarzt-net.de\/wp-json\/wp\/v2\/pages"}],"about":[{"href":"https:\/\/frauenarzt-net.de\/wp-json\/wp\/v2\/types\/page"}],"author":[{"embeddable":true,"href":"https:\/\/frauenarzt-net.de\/wp-json\/wp\/v2\/users\/1"}],"replies":[{"embeddable":true,"href":"https:\/\/frauenarzt-net.de\/wp-json\/wp\/v2\/comments?post=4617"}],"version-history":[{"count":38,"href":"https:\/\/frauenarzt-net.de\/wp-json\/wp\/v2\/pages\/4617\/revisions"}],"predecessor-version":[{"id":6827,"href":"https:\/\/frauenarzt-net.de\/wp-json\/wp\/v2\/pages\/4617\/revisions\/6827"}],"wp:attachment":[{"href":"https:\/\/frauenarzt-net.de\/wp-json\/wp\/v2\/media?parent=4617"}],"curies":[{"name":"wp","href":"https:\/\/api.w.org\/{rel}","templated":true}]}}