{"id":4085,"date":"2023-01-12T01:04:14","date_gmt":"2023-01-12T01:04:14","guid":{"rendered":"https:\/\/frauenaerztin-duesseldorf.dr-wechsler.de\/?page_id=4085"},"modified":"2026-02-15T21:47:13","modified_gmt":"2026-02-15T21:47:13","slug":"dr-eli-wechsler-klinikarzt-und-experte-fuer-risikoschwangerschaften","status":"publish","type":"page","link":"https:\/\/frauenarzt-net.de\/dr-eli-wechsler-klinikarzt-und-experte-fuer-risikoschwangerschaften\/","title":{"rendered":"Dr. Eli Wechsler - Klinikarzt und Experte f\u00fcr Risikoschwangerschaften"},"content":{"rendered":"\t\t<div data-elementor-type=\"wp-post\" data-elementor-id=\"4085\" class=\"elementor elementor-4085\">\n\t\t\t\t\t\t\t<div class=\"elementor-element elementor-element-b00ae7a e-con-boxed e-con\" data-id=\"b00ae7a\" data-element_type=\"container\" data-settings=\"{&quot;content_width&quot;:&quot;boxed&quot;}\">\n\t\t\t\t\t<div class=\"e-con-inner\">\n\t\t\t\t<div class=\"elementor-element elementor-element-7682a59 elementor-widget elementor-widget-text-editor\" data-id=\"7682a59\" data-element_type=\"widget\" data-widget_type=\"text-editor.default\">\n\t\t\t\t<div class=\"elementor-widget-container\">\n\t\t\t<style>\/*! elementor - v3.9.2 - 21-12-2022 *\/\n.elementor-widget-text-editor.elementor-drop-cap-view-stacked .elementor-drop-cap{background-color:#818a91;color:#fff}.elementor-widget-text-editor.elementor-drop-cap-view-framed .elementor-drop-cap{color:#818a91;border:3px solid;background-color:transparent}.elementor-widget-text-editor:not(.elementor-drop-cap-view-default) .elementor-drop-cap{margin-top:8px}.elementor-widget-text-editor:not(.elementor-drop-cap-view-default) .elementor-drop-cap-letter{width:1em;height:1em}.elementor-widget-text-editor .elementor-drop-cap{float:left;text-align:center;line-height:1;font-size:50px}.elementor-widget-text-editor .elementor-drop-cap-letter{display:inline-block}<\/style>\t\t\t\t<h1 class=\"mb-3 mt-3 text-3xl font-normal first:mt-3\">Dr. Eli Wechsler<\/h1><h2 class=\"mb-3 mt-3 text-3xl font-normal first:mt-3\">Ginecolog Expert \u00een D\u00fcsseldorf<\/h2>\t\t\t\t\t\t<\/div>\n\t\t\t\t<\/div>\n\t\t\t\t\t<\/div>\n\t\t\t\t<\/div>\n\t\t<div class=\"elementor-element elementor-element-4e41548 elementor-hidden-mobile e-con-boxed e-con\" data-id=\"4e41548\" data-element_type=\"container\" data-settings=\"{&quot;content_width&quot;:&quot;boxed&quot;}\">\n\t\t\t\t\t<div class=\"e-con-inner\">\n\t\t<div class=\"elementor-element elementor-element-c5f7702 e-con-full e-con\" data-id=\"c5f7702\" data-element_type=\"container\" data-settings=\"{&quot;content_width&quot;:&quot;full&quot;}\">\n\t\t\t\t<div class=\"elementor-element elementor-element-44e8550 elementor-widget elementor-widget-image\" data-id=\"44e8550\" data-element_type=\"widget\" data-widget_type=\"image.default\">\n\t\t\t\t<div class=\"elementor-widget-container\">\n\t\t\t<style>\/*! elementor - v3.9.2 - 21-12-2022 *\/\n.elementor-widget-image{text-align:center}.elementor-widget-image a{display:inline-block}.elementor-widget-image a img[src$=\".svg\"]{width:48px}.elementor-widget-image img{vertical-align:middle;display:inline-block}<\/style>\t\t\t\t\t\t\t\t\t\t\t\t<img decoding=\"async\" width=\"496\" height=\"628\" src=\"https:\/\/frauenarzt-net.de\/wp-content\/uploads\/2026\/02\/dr-eli-wechsler-2026-k.jpg\" class=\"attachment-large size-large wp-image-7227\" alt=\"\" loading=\"lazy\" srcset=\"https:\/\/frauenarzt-net.de\/wp-content\/uploads\/2026\/02\/dr-eli-wechsler-2026-k.jpg 496w, https:\/\/frauenarzt-net.de\/wp-content\/uploads\/2026\/02\/dr-eli-wechsler-2026-k-316x400.jpg 316w, https:\/\/frauenarzt-net.de\/wp-content\/uploads\/2026\/02\/dr-eli-wechsler-2026-k-197x250.jpg 197w\" sizes=\"(max-width: 496px) 100vw, 496px\" \/>\t\t\t\t\t\t\t\t\t\t\t\t\t\t\t<\/div>\n\t\t\t\t<\/div>\n\t\t\t\t<div class=\"elementor-element elementor-element-ac328db elementor-widget elementor-widget-text-editor\" data-id=\"ac328db\" data-element_type=\"widget\" data-widget_type=\"text-editor.default\">\n\t\t\t\t<div class=\"elementor-widget-container\">\n\t\t\t\t\t\t\t<p><strong>Dr. med. Eli Wechsler<\/strong><\/p><table><tbody><tr><td>Specialist in obstetrica si ginecologie<\/td><\/tr><tr><td>Obstetrica speciala si medicina perinatala<\/td><\/tr><\/tbody><\/table>\t\t\t\t\t\t<\/div>\n\t\t\t\t<\/div>\n\t\t\t\t<div class=\"elementor-element elementor-element-637f76c elementor-widget elementor-widget-button\" data-id=\"637f76c\" data-element_type=\"widget\" data-widget_type=\"button.default\">\n\t\t\t\t<div class=\"elementor-widget-container\">\n\t\t\t\t\t<div class=\"elementor-button-wrapper\">\n\t\t\t<a href=\"https:\/\/www.doctolib.de\/frauenarzt\/duesseldorf\/eli-wechsler\" class=\"elementor-button-link elementor-button elementor-size-sm\" role=\"button\">\n\t\t\t\t\t\t<span class=\"elementor-button-content-wrapper\">\n\t\t\t\t\t\t<span class=\"elementor-button-text\">programare<\/span>\n\t\t<\/span>\n\t\t\t\t\t<\/a>\n\t\t<\/div>\n\t\t\t\t<\/div>\n\t\t\t\t<\/div>\n\t\t\t\t<\/div>\n\t\t<div class=\"elementor-element elementor-element-999f17e e-con-full e-con\" data-id=\"999f17e\" data-element_type=\"container\" data-settings=\"{&quot;content_width&quot;:&quot;full&quot;}\">\n\t\t\t\t<div class=\"elementor-element elementor-element-67d07d5 elementor-widget elementor-widget-text-editor\" data-id=\"67d07d5\" data-element_type=\"widget\" data-widget_type=\"text-editor.default\">\n\t\t\t\t<div class=\"elementor-widget-container\">\n\t\t\t\t\t\t\t<p>Dr. Eli Wechsler este un specialist experimentat \u00een obstetric\u0103 \u0219i ginecologie, cu expertiz\u0103 \u00een obstetric\u0103 specializat\u0103 \u0219i medicin\u0103 perinatal\u0103. Formarea sa cuprinz\u0103toare \u0219i experien\u021ba clinic\u0103 \u00eendelungat\u0103 \u00eel fac un expert pre\u021buit \u00een sarcini cu risc ridicat.<\/p><p>Dr. Wechsler ofer\u0103 pacientelor sale \u00eengrijire holistic\u0103 care combin\u0103 metode medicale de ultim\u0103 genera\u021bie cu abord\u0103ri complementare. Pe l\u00e2ng\u0103 formarea sa medical\u0103 solid\u0103, Dr. Wechsler a dob\u00e2ndit calific\u0103ri suplimentare \u00een acupunctur\u0103 \u0219i homeopatie. Aceast\u0103 combina\u021bie \u00eei permite s\u0103 ofere pacientelor tratamente personalizate care iau \u00een considerare abord\u0103ri terapeutice conven\u021bionale \u0219i alternative. Expertiza sa este deosebit de valoroas\u0103 \u00een gestionarea sarcinilor cu risc ridicat, asigur\u00e2nd cea mai bun\u0103 \u00eengrijire posibil\u0103 pentru mam\u0103 \u0219i copil. Ca medic clinician, Dr. Wechsler are o experien\u021b\u0103 practic\u0103 extins\u0103, de nepre\u021buit mai ales \u00een gestionarea sarcinilor cu risc \u00eenalt. Pacientele sale beneficiaz\u0103 de capacitatea sa de a gestiona situa\u021bii medicale complexe, oferind \u00een acela\u0219i timp \u00eengrijire empatic\u0103 \u0219i personalizat\u0103.<\/p><p>Dr. Wechsler acord\u0103 o mare importan\u021b\u0103 unei rela\u021bii de \u00eencredere medic-pacient \u0219i st\u0103 la dispozi\u021bia pacientelor sale pe \u00eentreaga perioad\u0103 a sarcinii \u0219i ulterior.<\/p>\t\t\t\t\t\t<\/div>\n\t\t\t\t<\/div>\n\t\t\t\t<\/div>\n\t\t\t\t\t<\/div>\n\t\t\t\t<\/div>\n\t\t<div class=\"elementor-element elementor-element-c72f881 elementor-hidden-desktop elementor-hidden-tablet e-con-boxed e-con\" data-id=\"c72f881\" data-element_type=\"container\" data-settings=\"{&quot;content_width&quot;:&quot;boxed&quot;}\">\n\t\t\t\t\t<div class=\"e-con-inner\">\n\t\t<div class=\"elementor-element elementor-element-8ffd999 e-con-full e-con\" data-id=\"8ffd999\" data-element_type=\"container\" data-settings=\"{&quot;content_width&quot;:&quot;full&quot;}\">\n\t\t\t\t<div class=\"elementor-element elementor-element-bebf3d7 elementor-widget elementor-widget-image\" data-id=\"bebf3d7\" data-element_type=\"widget\" data-widget_type=\"image.default\">\n\t\t\t\t<div class=\"elementor-widget-container\">\n\t\t\t\t\t\t\t\t\t\t\t\t\t\t\t<img decoding=\"async\" width=\"496\" height=\"628\" src=\"https:\/\/frauenarzt-net.de\/wp-content\/uploads\/2026\/02\/dr-eli-wechsler-2026-k.jpg\" class=\"attachment-large size-large wp-image-7227\" alt=\"\" loading=\"lazy\" srcset=\"https:\/\/frauenarzt-net.de\/wp-content\/uploads\/2026\/02\/dr-eli-wechsler-2026-k.jpg 496w, https:\/\/frauenarzt-net.de\/wp-content\/uploads\/2026\/02\/dr-eli-wechsler-2026-k-316x400.jpg 316w, https:\/\/frauenarzt-net.de\/wp-content\/uploads\/2026\/02\/dr-eli-wechsler-2026-k-197x250.jpg 197w\" sizes=\"(max-width: 496px) 100vw, 496px\" \/>\t\t\t\t\t\t\t\t\t\t\t\t\t\t\t<\/div>\n\t\t\t\t<\/div>\n\t\t\t\t<div class=\"elementor-element elementor-element-dd636e4 elementor-widget elementor-widget-text-editor\" data-id=\"dd636e4\" data-element_type=\"widget\" data-widget_type=\"text-editor.default\">\n\t\t\t\t<div class=\"elementor-widget-container\">\n\t\t\t\t\t\t\t<p><strong>Dr. med. Eli Wechsler<\/strong><\/p><table><tbody><tr><td>Specialist in obstetrica si ginecologie<\/td><\/tr><tr><td>Obstetrica speciala si medicina perinatala<\/td><\/tr><\/tbody><\/table>\t\t\t\t\t\t<\/div>\n\t\t\t\t<\/div>\n\t\t\t\t<div class=\"elementor-element elementor-element-dcc19cd elementor-mobile-align-center elementor-widget elementor-widget-button\" data-id=\"dcc19cd\" data-element_type=\"widget\" data-widget_type=\"button.default\">\n\t\t\t\t<div class=\"elementor-widget-container\">\n\t\t\t\t\t<div class=\"elementor-button-wrapper\">\n\t\t\t<a href=\"https:\/\/www.doctolib.de\/frauenarzt\/duesseldorf\/eli-wechsler\" class=\"elementor-button-link elementor-button elementor-size-sm\" role=\"button\">\n\t\t\t\t\t\t<span class=\"elementor-button-content-wrapper\">\n\t\t\t\t\t\t<span class=\"elementor-button-text\">programare<\/span>\n\t\t<\/span>\n\t\t\t\t\t<\/a>\n\t\t<\/div>\n\t\t\t\t<\/div>\n\t\t\t\t<\/div>\n\t\t\t\t<\/div>\n\t\t<div class=\"elementor-element elementor-element-1f71bb0 e-con-full e-con\" data-id=\"1f71bb0\" data-element_type=\"container\" data-settings=\"{&quot;content_width&quot;:&quot;full&quot;}\">\n\t\t\t\t<div class=\"elementor-element elementor-element-118b50d elementor-widget elementor-widget-text-editor\" data-id=\"118b50d\" data-element_type=\"widget\" data-widget_type=\"text-editor.default\">\n\t\t\t\t<div class=\"elementor-widget-container\">\n\t\t\t\t\t\t\t<p>Dr. Eli Wechsler este un specialist experimentat \u00een obstetric\u0103 \u0219i ginecologie, cu expertiz\u0103 \u00een obstetric\u0103 specializat\u0103 \u0219i medicin\u0103 perinatal\u0103. Formarea sa cuprinz\u0103toare \u0219i experien\u021ba clinic\u0103 \u00eendelungat\u0103 \u00eel fac un expert pre\u021buit \u00een sarcini cu risc ridicat.<\/p><p>Dr. Wechsler ofer\u0103 pacientelor sale \u00eengrijire holistic\u0103 care combin\u0103 metode medicale de ultim\u0103 genera\u021bie cu abord\u0103ri complementare. Pe l\u00e2ng\u0103 formarea sa medical\u0103 solid\u0103, Dr. Wechsler a dob\u00e2ndit calific\u0103ri suplimentare \u00een acupunctur\u0103 \u0219i homeopatie. Aceast\u0103 combina\u021bie \u00eei permite s\u0103 ofere pacientelor tratamente personalizate care iau \u00een considerare abord\u0103ri terapeutice conven\u021bionale \u0219i alternative. Expertiza sa este deosebit de valoroas\u0103 \u00een gestionarea sarcinilor cu risc ridicat, asigur\u00e2nd cea mai bun\u0103 \u00eengrijire posibil\u0103 pentru mam\u0103 \u0219i copil. Ca medic clinician, Dr. Wechsler are o experien\u021b\u0103 practic\u0103 extins\u0103, de nepre\u021buit mai ales \u00een gestionarea sarcinilor cu risc \u00eenalt. Pacientele sale beneficiaz\u0103 de capacitatea sa de a gestiona situa\u021bii medicale complexe, oferind \u00een acela\u0219i timp \u00eengrijire empatic\u0103 \u0219i personalizat\u0103.<\/p><p>Dr. Wechsler acord\u0103 o mare importan\u021b\u0103 unei rela\u021bii de \u00eencredere medic-pacient \u0219i st\u0103 la dispozi\u021bia pacientelor sale pe \u00eentreaga perioad\u0103 a sarcinii \u0219i ulterior.<\/p>\t\t\t\t\t\t<\/div>\n\t\t\t\t<\/div>\n\t\t\t\t<\/div>\n\t\t\t\t\t<\/div>\n\t\t\t\t<\/div>\n\t\t<div class=\"elementor-element elementor-element-c5cf438 e-con-boxed e-con\" data-id=\"c5cf438\" data-element_type=\"container\" data-settings=\"{&quot;content_width&quot;:&quot;boxed&quot;}\">\n\t\t\t\t\t<div class=\"e-con-inner\">\n\t\t\t\t<div class=\"elementor-element elementor-element-090f5a4 elementor-widget elementor-widget-image\" data-id=\"090f5a4\" data-element_type=\"widget\" data-widget_type=\"image.default\">\n\t\t\t\t<div class=\"elementor-widget-container\">\n\t\t\t\t\t\t\t\t\t\t\t\t\t\t\t<img decoding=\"async\" width=\"1000\" height=\"436\" src=\"https:\/\/frauenarzt-net.de\/wp-content\/uploads\/2024\/12\/eli-wechsler-frauenarzt-duesseldorf.jpg\" class=\"attachment-large size-large wp-image-5224\" alt=\"Eli Wechsler Frauenarzt D\u00fcsseldorf\" loading=\"lazy\" srcset=\"https:\/\/frauenarzt-net.de\/wp-content\/uploads\/2024\/12\/eli-wechsler-frauenarzt-duesseldorf.jpg 1000w, https:\/\/frauenarzt-net.de\/wp-content\/uploads\/2024\/12\/eli-wechsler-frauenarzt-duesseldorf-400x174.jpg 400w, https:\/\/frauenarzt-net.de\/wp-content\/uploads\/2024\/12\/eli-wechsler-frauenarzt-duesseldorf-250x109.jpg 250w, https:\/\/frauenarzt-net.de\/wp-content\/uploads\/2024\/12\/eli-wechsler-frauenarzt-duesseldorf-768x335.jpg 768w\" sizes=\"(max-width: 1000px) 100vw, 1000px\" \/>\t\t\t\t\t\t\t\t\t\t\t\t\t\t\t<\/div>\n\t\t\t\t<\/div>\n\t\t\t\t\t<\/div>\n\t\t\t\t<\/div>\n\t\t<div class=\"elementor-element elementor-element-9351482 e-con-boxed e-con\" data-id=\"9351482\" data-element_type=\"container\" data-settings=\"{&quot;content_width&quot;:&quot;boxed&quot;}\">\n\t\t\t\t\t<div class=\"e-con-inner\">\n\t\t<div class=\"elementor-element elementor-element-2e2f9de e-con-full e-con\" data-id=\"2e2f9de\" data-element_type=\"container\" data-settings=\"{&quot;content_width&quot;:&quot;full&quot;}\">\n\t\t\t\t<div class=\"elementor-element elementor-element-d71b28e elementor-widget elementor-widget-text-editor\" data-id=\"d71b28e\" data-element_type=\"widget\" data-widget_type=\"text-editor.default\">\n\t\t\t\t<div class=\"elementor-widget-container\">\n\t\t\t\t\t\t\t<h2>Despre sarcina dumneavoastr\u0103:<\/h2><p><a href=\"https:\/\/frauenarzt-net.de\/ersttrimesterscreening\/\">Screening-ul primului trimestru<\/a><\/p><p><a href=\"https:\/\/frauenarzt-net.de\/praenatale-testung-dna\/\">Testare prenatal\u0103 (ADN)<\/a><\/p><p><a href=\"https:\/\/frauenarzt-net.de\/fehlbildungsdiagnostik\/\">Diagnosticul malforma\u021biilor<\/a><\/p><p><a href=\"https:\/\/frauenarzt-net.de\/doppleruntersuchung-in-duesseldorf\/\">Examinare Doppler<\/a><\/p><p><a href=\"https:\/\/frauenarzt-net.de\/risikoschwangerschaften\/\">Sarcini cu risc crescut<\/a><\/p><p><a href=\"https:\/\/frauenarzt-net.de\/schwangerschaftsvergiftung\/\">Preeclampsie<\/a><\/p><p><a href=\"https:\/\/frauenarzt-net.de\/beratung-zur-mehrlingsschwangerschaft\/\">Sarcin\u0103 multipl\u0103<\/a><\/p><p><a href=\"https:\/\/frauenarzt-net.de\/beratung-zur-geburt\/\">Consiliere pentru na\u0219tere<\/a><\/p>\t\t\t\t\t\t<\/div>\n\t\t\t\t<\/div>\n\t\t\t\t<\/div>\n\t\t<div class=\"elementor-element elementor-element-886d3bf e-con-full e-con\" data-id=\"886d3bf\" data-element_type=\"container\" data-settings=\"{&quot;content_width&quot;:&quot;full&quot;}\">\n\t\t\t\t<div class=\"elementor-element elementor-element-910d518 elementor-widget elementor-widget-text-editor\" data-id=\"910d518\" data-element_type=\"widget\" data-widget_type=\"text-editor.default\">\n\t\t\t\t<div class=\"elementor-widget-container\">\n\t\t\t\t\t\t\t<h2>Ginecologie:<\/h2><p><a href=\"https:\/\/frauenarzt-net.de\/teenager-sprechstunde\/\">Consulta\u021bie pentru adolescen\u021bi<\/a><\/p><p><a href=\"https:\/\/frauenarzt-net.de\/vorsorge\/\">Preven\u021bie<\/a><\/p><p><a href=\"https:\/\/frauenarzt-net.de\/verhuetung\/\">Contracep\u021bie<\/a><\/p><p><a href=\"https:\/\/frauenarzt-net.de\/kinderwunsch\/\">Dorin\u021ba de a avea copii<\/a><\/p><p><a href=\"https:\/\/frauenarzt-net.de\/kinderwunsch-copy\/\">Consulta\u021bie hormonal\u0103<\/a><\/p><p><a href=\"https:\/\/frauenarzt-net.de\/wechseljahre\/\">Menopauz\u0103<\/a><\/p><p><a href=\"https:\/\/frauenarzt-net.de\/brusterkrankungen\/\">Boli ale s\u00e2nilor<\/a><\/p><p><a href=\"https:\/\/frauenarzt-net.de\/krebserkrankungen\/\">Cancere<\/a><\/p><p><a href=\"https:\/\/frauenarzt-net.de\/inkontinenz\/\">Incontinen\u021b\u0103<\/a><\/p><p><a href=\"https:\/\/frauenarzt-net.de\/endometriose\/\">Endometrioz\u0103<\/a><\/p><p><a href=\"https:\/\/frauenarzt-net.de\/ultraschalldiagnostik\/\">Diagnostic ecografic<\/a><\/p><p><a href=\"https:\/\/frauenarzt-net.de\/impfungen\/\">Vaccin\u0103ri<\/a><\/p>\t\t\t\t\t\t<\/div>\n\t\t\t\t<\/div>\n\t\t\t\t<\/div>\n\t\t\t\t\t<\/div>\n\t\t\t\t<\/div>\n\t\t\t\t\t\t\t<\/div>\n\t\t","protected":false},"excerpt":{"rendered":"<p>Dr. Eli Wechsler Frauenarzt und Geburtsmediziner in D\u00fcsseldorf Dr. med. Eli Wechsler Facharzt f\u00fcr Geburtshilfe und Gyn\u00e4kologie Spezielle Geburtshilfe und Perinatalmedizin Termin vereinbaren Dr. Eli Wechsler ist ein erfahrener Facharzt f\u00fcr Geburtshilfe und Gyn\u00e4kologie mit einer besonderen Expertise in der speziellen Geburtshilfe und Perinatalmedizin. Seine umfassende Ausbildung und langj\u00e4hrige klinische Erfahrung machen ihn zu einem [&hellip;]<\/p>\n","protected":false},"author":4,"featured_media":0,"parent":0,"menu_order":0,"comment_status":"closed","ping_status":"closed","template":"","meta":[],"yoast_head":"<!-- This site is optimized with the Yoast SEO plugin v19.13 - https:\/\/yoast.com\/wordpress\/plugins\/seo\/ -->\n<title>Frauenarzt Dr. Eli Wechsler D\u00fcsseldorf<\/title>\n<meta name=\"description\" content=\"Frauenarzt Dr. Eli Wechsler - Experte f\u00fcr moderne Diagnostik, Risikoschwangerschaften, Kinderwunsch und Krebserkrankungen in D\u00fcsseldorf\" \/>\n<meta name=\"robots\" content=\"index, follow, max-snippet:-1, max-image-preview:large, max-video-preview:-1\" \/>\n<link rel=\"canonical\" href=\"https:\/\/frauenarzt-net.de\/dr-eli-wechsler-klinikarzt-und-experte-fuer-risikoschwangerschaften\/\" \/>\n<meta property=\"og:locale\" content=\"ro_RO\" \/>\n<meta property=\"og:type\" content=\"article\" \/>\n<meta property=\"og:title\" content=\"Frauenarzt Dr. Eli Wechsler D\u00fcsseldorf\" \/>\n<meta property=\"og:description\" content=\"Frauenarzt Dr. Eli Wechsler - Experte f\u00fcr moderne Diagnostik, Risikoschwangerschaften, Kinderwunsch und Krebserkrankungen in D\u00fcsseldorf\" \/>\n<meta property=\"og:url\" content=\"https:\/\/frauenarzt-net.de\/dr-eli-wechsler-klinikarzt-und-experte-fuer-risikoschwangerschaften\/\" \/>\n<meta property=\"og:site_name\" content=\"Praxis Dr. Wechsler - Ihre Frauen\u00e4rztin in D\u00fcsseldorf und Umgebung\" \/>\n<meta property=\"article:modified_time\" content=\"2026-02-15T21:47:13+00:00\" \/>\n<meta property=\"og:image\" content=\"https:\/\/frauenarzt-net.de\/wp-content\/uploads\/2026\/02\/dr-eli-wechsler-2026-k.jpg\" \/>\n<meta name=\"twitter:card\" content=\"summary_large_image\" \/>\n<meta name=\"twitter:label1\" content=\"Timp estimat pentru citire\" \/>\n\t<meta name=\"twitter:data1\" content=\"5 minute\" \/>\n<script type=\"application\/ld+json\" class=\"yoast-schema-graph\">{\"@context\":\"https:\/\/schema.org\",\"@graph\":[{\"@type\":\"WebPage\",\"@id\":\"https:\/\/frauenarzt-net.de\/dr-eli-wechsler-klinikarzt-und-experte-fuer-risikoschwangerschaften\/\",\"url\":\"https:\/\/frauenarzt-net.de\/dr-eli-wechsler-klinikarzt-und-experte-fuer-risikoschwangerschaften\/\",\"name\":\"Frauenarzt Dr. Eli Wechsler D\u00fcsseldorf\",\"isPartOf\":{\"@id\":\"https:\/\/frauenarzt-net.de\/#website\"},\"datePublished\":\"2023-01-12T01:04:14+00:00\",\"dateModified\":\"2026-02-15T21:47:13+00:00\",\"description\":\"Frauenarzt Dr. Eli Wechsler - Experte f\u00fcr moderne Diagnostik, Risikoschwangerschaften, Kinderwunsch und Krebserkrankungen in D\u00fcsseldorf\",\"breadcrumb\":{\"@id\":\"https:\/\/frauenarzt-net.de\/dr-eli-wechsler-klinikarzt-und-experte-fuer-risikoschwangerschaften\/#breadcrumb\"},\"inLanguage\":\"ro-RO\",\"potentialAction\":[{\"@type\":\"ReadAction\",\"target\":[\"https:\/\/frauenarzt-net.de\/dr-eli-wechsler-klinikarzt-und-experte-fuer-risikoschwangerschaften\/\"]}]},{\"@type\":\"BreadcrumbList\",\"@id\":\"https:\/\/frauenarzt-net.de\/dr-eli-wechsler-klinikarzt-und-experte-fuer-risikoschwangerschaften\/#breadcrumb\",\"itemListElement\":[{\"@type\":\"ListItem\",\"position\":1,\"name\":\"Home\",\"item\":\"https:\/\/frauenarzt-net.de\/\"},{\"@type\":\"ListItem\",\"position\":2,\"name\":\"Dr. Eli Wechsler &#8211; Klinikarzt und Experte f\u00fcr Risikoschwangerschaften\"}]},{\"@type\":\"WebSite\",\"@id\":\"https:\/\/frauenarzt-net.de\/#website\",\"url\":\"https:\/\/frauenarzt-net.de\/\",\"name\":\"Praxis Dr. Wechsler - Ihre Frauen\u00e4rztin in D\u00fcsseldorf und Umgebung\",\"description\":\"\",\"publisher\":{\"@id\":\"https:\/\/frauenarzt-net.de\/#organization\"},\"potentialAction\":[{\"@type\":\"SearchAction\",\"target\":{\"@type\":\"EntryPoint\",\"urlTemplate\":\"https:\/\/frauenarzt-net.de\/?s={search_term_string}\"},\"query-input\":\"required name=search_term_string\"}],\"inLanguage\":\"ro-RO\"},{\"@type\":\"Organization\",\"@id\":\"https:\/\/frauenarzt-net.de\/#organization\",\"name\":\"INVESTMENT COINS\",\"url\":\"https:\/\/frauenarzt-net.de\/\",\"logo\":{\"@type\":\"ImageObject\",\"inLanguage\":\"ro-RO\",\"@id\":\"https:\/\/frauenarzt-net.de\/#\/schema\/logo\/image\/\",\"url\":\"https:\/\/frauenaerztin-duesseldorf.dr-wechsler.de\/wp-content\/uploads\/2021\/07\/logo2.png\",\"contentUrl\":\"https:\/\/frauenaerztin-duesseldorf.dr-wechsler.de\/wp-content\/uploads\/2021\/07\/logo2.png\",\"width\":794,\"height\":71,\"caption\":\"INVESTMENT COINS\"},\"image\":{\"@id\":\"https:\/\/frauenarzt-net.de\/#\/schema\/logo\/image\/\"}}]}<\/script>\n<!-- \/ Yoast SEO plugin. -->","yoast_head_json":{"title":"Frauenarzt Dr. Eli Wechsler D\u00fcsseldorf","description":"Frauenarzt Dr. Eli Wechsler - Experte f\u00fcr moderne Diagnostik, Risikoschwangerschaften, Kinderwunsch und Krebserkrankungen in D\u00fcsseldorf","robots":{"index":"index","follow":"follow","max-snippet":"max-snippet:-1","max-image-preview":"max-image-preview:large","max-video-preview":"max-video-preview:-1"},"canonical":"https:\/\/frauenarzt-net.de\/dr-eli-wechsler-klinikarzt-und-experte-fuer-risikoschwangerschaften\/","og_locale":"ro_RO","og_type":"article","og_title":"Frauenarzt Dr. Eli Wechsler D\u00fcsseldorf","og_description":"Frauenarzt Dr. Eli Wechsler - Experte f\u00fcr moderne Diagnostik, Risikoschwangerschaften, Kinderwunsch und Krebserkrankungen in D\u00fcsseldorf","og_url":"https:\/\/frauenarzt-net.de\/dr-eli-wechsler-klinikarzt-und-experte-fuer-risikoschwangerschaften\/","og_site_name":"Praxis Dr. Wechsler - Ihre Frauen\u00e4rztin in D\u00fcsseldorf und Umgebung","article_modified_time":"2026-02-15T21:47:13+00:00","og_image":[{"url":"https:\/\/frauenarzt-net.de\/wp-content\/uploads\/2026\/02\/dr-eli-wechsler-2026-k.jpg"}],"twitter_card":"summary_large_image","twitter_misc":{"Timp estimat pentru citire":"5 minute"},"schema":{"@context":"https:\/\/schema.org","@graph":[{"@type":"WebPage","@id":"https:\/\/frauenarzt-net.de\/dr-eli-wechsler-klinikarzt-und-experte-fuer-risikoschwangerschaften\/","url":"https:\/\/frauenarzt-net.de\/dr-eli-wechsler-klinikarzt-und-experte-fuer-risikoschwangerschaften\/","name":"Frauenarzt Dr. Eli Wechsler D\u00fcsseldorf","isPartOf":{"@id":"https:\/\/frauenarzt-net.de\/#website"},"datePublished":"2023-01-12T01:04:14+00:00","dateModified":"2026-02-15T21:47:13+00:00","description":"Frauenarzt Dr. Eli Wechsler - Experte f\u00fcr moderne Diagnostik, Risikoschwangerschaften, Kinderwunsch und Krebserkrankungen in D\u00fcsseldorf","breadcrumb":{"@id":"https:\/\/frauenarzt-net.de\/dr-eli-wechsler-klinikarzt-und-experte-fuer-risikoschwangerschaften\/#breadcrumb"},"inLanguage":"ro-RO","potentialAction":[{"@type":"ReadAction","target":["https:\/\/frauenarzt-net.de\/dr-eli-wechsler-klinikarzt-und-experte-fuer-risikoschwangerschaften\/"]}]},{"@type":"BreadcrumbList","@id":"https:\/\/frauenarzt-net.de\/dr-eli-wechsler-klinikarzt-und-experte-fuer-risikoschwangerschaften\/#breadcrumb","itemListElement":[{"@type":"ListItem","position":1,"name":"Home","item":"https:\/\/frauenarzt-net.de\/"},{"@type":"ListItem","position":2,"name":"Dr. Eli Wechsler &#8211; Klinikarzt und Experte f\u00fcr Risikoschwangerschaften"}]},{"@type":"WebSite","@id":"https:\/\/frauenarzt-net.de\/#website","url":"https:\/\/frauenarzt-net.de\/","name":"Praxis Dr. Wechsler - Ihre Frauen\u00e4rztin in D\u00fcsseldorf und Umgebung","description":"","publisher":{"@id":"https:\/\/frauenarzt-net.de\/#organization"},"potentialAction":[{"@type":"SearchAction","target":{"@type":"EntryPoint","urlTemplate":"https:\/\/frauenarzt-net.de\/?s={search_term_string}"},"query-input":"required name=search_term_string"}],"inLanguage":"ro-RO"},{"@type":"Organization","@id":"https:\/\/frauenarzt-net.de\/#organization","name":"INVESTMENT COINS","url":"https:\/\/frauenarzt-net.de\/","logo":{"@type":"ImageObject","inLanguage":"ro-RO","@id":"https:\/\/frauenarzt-net.de\/#\/schema\/logo\/image\/","url":"https:\/\/frauenaerztin-duesseldorf.dr-wechsler.de\/wp-content\/uploads\/2021\/07\/logo2.png","contentUrl":"https:\/\/frauenaerztin-duesseldorf.dr-wechsler.de\/wp-content\/uploads\/2021\/07\/logo2.png","width":794,"height":71,"caption":"INVESTMENT COINS"},"image":{"@id":"https:\/\/frauenarzt-net.de\/#\/schema\/logo\/image\/"}}]}},"_links":{"self":[{"href":"https:\/\/frauenarzt-net.de\/wp-json\/wp\/v2\/pages\/4085"}],"collection":[{"href":"https:\/\/frauenarzt-net.de\/wp-json\/wp\/v2\/pages"}],"about":[{"href":"https:\/\/frauenarzt-net.de\/wp-json\/wp\/v2\/types\/page"}],"author":[{"embeddable":true,"href":"https:\/\/frauenarzt-net.de\/wp-json\/wp\/v2\/users\/4"}],"replies":[{"embeddable":true,"href":"https:\/\/frauenarzt-net.de\/wp-json\/wp\/v2\/comments?post=4085"}],"version-history":[{"count":119,"href":"https:\/\/frauenarzt-net.de\/wp-json\/wp\/v2\/pages\/4085\/revisions"}],"predecessor-version":[{"id":7233,"href":"https:\/\/frauenarzt-net.de\/wp-json\/wp\/v2\/pages\/4085\/revisions\/7233"}],"wp:attachment":[{"href":"https:\/\/frauenarzt-net.de\/wp-json\/wp\/v2\/media?parent=4085"}],"curies":[{"name":"wp","href":"https:\/\/api.w.org\/{rel}","templated":true}]}}