{"id":3897,"date":"2023-01-07T20:08:32","date_gmt":"2023-01-07T20:08:32","guid":{"rendered":"https:\/\/frauenaerztin-duesseldorf.dr-wechsler.de\/?page_id=3897"},"modified":"2023-01-07T20:08:34","modified_gmt":"2023-01-07T20:08:34","slug":"wir","status":"publish","type":"page","link":"https:\/\/frauenarzt-net.de\/wir\/","title":{"rendered":"Wir"},"content":{"rendered":"\t\t<div data-elementor-type=\"wp-page\" data-elementor-id=\"3897\" class=\"elementor elementor-3897\">\n\t\t\t\t\t\t\t<div class=\"elementor-element elementor-element-e14a661 e-con-boxed e-con\" data-id=\"e14a661\" data-element_type=\"container\" data-settings=\"{&quot;content_width&quot;:&quot;boxed&quot;}\">\n\t\t\t\t\t<div class=\"e-con-inner\">\n\t\t\t\t<div class=\"elementor-element elementor-element-2de128e elementor-widget elementor-widget-image\" data-id=\"2de128e\" data-element_type=\"widget\" data-widget_type=\"image.default\">\n\t\t\t\t<div class=\"elementor-widget-container\">\n\t\t\t<style>\/*! elementor - v3.9.2 - 21-12-2022 *\/\n.elementor-widget-image{text-align:center}.elementor-widget-image a{display:inline-block}.elementor-widget-image a img[src$=\".svg\"]{width:48px}.elementor-widget-image img{vertical-align:middle;display:inline-block}<\/style>\t\t\t\t\t\t\t\t\t\t\t\t<img decoding=\"async\" width=\"1024\" height=\"370\" src=\"https:\/\/frauenarzt-net.de\/wp-content\/uploads\/2023\/01\/anti-aging-1024x370.jpg\" class=\"attachment-large size-large wp-image-3783\" alt=\"Anti Aging Beratung in D\u00fcsseldorf\" loading=\"lazy\" srcset=\"https:\/\/frauenarzt-net.de\/wp-content\/uploads\/2023\/01\/anti-aging-1024x370.jpg 1024w, https:\/\/frauenarzt-net.de\/wp-content\/uploads\/2023\/01\/anti-aging-400x145.jpg 400w, https:\/\/frauenarzt-net.de\/wp-content\/uploads\/2023\/01\/anti-aging-250x90.jpg 250w, https:\/\/frauenarzt-net.de\/wp-content\/uploads\/2023\/01\/anti-aging-768x278.jpg 768w, https:\/\/frauenarzt-net.de\/wp-content\/uploads\/2023\/01\/anti-aging.jpg 1400w\" sizes=\"(max-width: 1024px) 100vw, 1024px\" \/>\t\t\t\t\t\t\t\t\t\t\t\t\t\t\t<\/div>\n\t\t\t\t<\/div>\n\t\t\t\t\t<\/div>\n\t\t\t\t<\/div>\n\t\t<div class=\"elementor-element elementor-element-b84ae9e e-con-boxed e-con\" data-id=\"b84ae9e\" data-element_type=\"container\" data-settings=\"{&quot;content_width&quot;:&quot;boxed&quot;}\">\n\t\t\t\t\t<div class=\"e-con-inner\">\n\t\t\t\t<div class=\"elementor-element elementor-element-2a43fb1 elementor-widget elementor-widget-text-editor\" data-id=\"2a43fb1\" data-element_type=\"widget\" data-widget_type=\"text-editor.default\">\n\t\t\t\t<div class=\"elementor-widget-container\">\n\t\t\t<style>\/*! elementor - v3.9.2 - 21-12-2022 *\/\n.elementor-widget-text-editor.elementor-drop-cap-view-stacked .elementor-drop-cap{background-color:#818a91;color:#fff}.elementor-widget-text-editor.elementor-drop-cap-view-framed .elementor-drop-cap{color:#818a91;border:3px solid;background-color:transparent}.elementor-widget-text-editor:not(.elementor-drop-cap-view-default) .elementor-drop-cap{margin-top:8px}.elementor-widget-text-editor:not(.elementor-drop-cap-view-default) .elementor-drop-cap-letter{width:1em;height:1em}.elementor-widget-text-editor .elementor-drop-cap{float:left;text-align:center;line-height:1;font-size:50px}.elementor-widget-text-editor .elementor-drop-cap-letter{display:inline-block}<\/style>\t\t\t\t<h1>Anti-Aging D\u00fcsseldorf: Kompetente Betreuung und Beratung f\u00fcr optimale Gesundheit und Wohlbefinden<\/h1>\t\t\t\t\t\t<\/div>\n\t\t\t\t<\/div>\n\t\t\t\t\t<\/div>\n\t\t\t\t<\/div>\n\t\t<div class=\"elementor-element elementor-element-e0ff232 e-con-boxed e-con\" data-id=\"e0ff232\" data-element_type=\"container\" data-settings=\"{&quot;content_width&quot;:&quot;boxed&quot;}\">\n\t\t\t\t\t<div class=\"e-con-inner\">\n\t\t<div class=\"elementor-element elementor-element-18b5d59 e-con-full e-con\" data-id=\"18b5d59\" data-element_type=\"container\" data-settings=\"{&quot;content_width&quot;:&quot;full&quot;}\">\n\t\t\t\t<div class=\"elementor-element elementor-element-58c7bfc elementor-widget elementor-widget-text-editor\" data-id=\"58c7bfc\" data-element_type=\"widget\" data-widget_type=\"text-editor.default\">\n\t\t\t\t<div class=\"elementor-widget-container\">\n\t\t\t\t\t\t\t<p>Anti-Aging ist ein Bereich der Medizin, der sich auf den Einsatz verschiedener Techniken und Behandlungen konzentriert, um den Alterungsprozess zu verlangsamen und die allgemeine Gesundheit und das Wohlbefinden des Einzelnen zu verbessern. Wenn Sie in \u00a0D\u00fcsseldorf nach einer Praxis suchen, die sich auf Anti-Aging-Behandlungen und -Beratungen spezialisiert haben.<\/p><p>Eine solche Praxis ist die Anti-Aging-Praxis D\u00fcsseldorf, die von einem Team erfahrener Anti-Aging-\u00c4rzte gef\u00fchrt wird, darunter Dr. Georgina Wechsler. Dr. Wechsler ist Gyn\u00e4kologe und Psychotherapeut und verf\u00fcgt \u00fcber umfassende Kenntnisse und Expertise auf dem Gebiet der Anti-Aging-Medizin. Sie und ihr Team verwenden eine Vielzahl von Behandlungen und Techniken, um ihren Patienten zu helfen, gut auszusehen und sich wohl zu f\u00fchlen. Hormontherapie, Ern\u00e4hrungsberatung und \u00e4sthetische Behandlungen wie Botox und Filler geh\u00f6ren zum Leistungsangebot der Praxis Anti-Aging D\u00fcsseldorf.<\/p><p>Regelm\u00e4\u00dfige Vorsorgeuntersuchungen sind ein wichtiger Bestandteil jedes Anti-Aging-Programms. Indem Sie sich \u00fcber Screenings und Check-ups auf dem Laufenden halten, k\u00f6nnen Sie potenzielle Gesundheitsprobleme fr\u00fchzeitig erkennen und angehen, was dazu beitragen kann, den Alterungsprozess zu verhindern oder zu verlangsamen.<\/p>\t\t\t\t\t\t<\/div>\n\t\t\t\t<\/div>\n\t\t\t\t<\/div>\n\t\t<div class=\"elementor-element elementor-element-d604717 e-con-full e-con\" data-id=\"d604717\" data-element_type=\"container\" data-settings=\"{&quot;content_width&quot;:&quot;full&quot;}\">\n\t\t\t\t<div class=\"elementor-element elementor-element-a52262a elementor-widget elementor-widget-text-editor\" data-id=\"a52262a\" data-element_type=\"widget\" data-widget_type=\"text-editor.default\">\n\t\t\t\t<div class=\"elementor-widget-container\">\n\t\t\t\t\t\t\t<p>Das Team der Praxis Anti-Aging D\u00fcsseldorf entwickelt gemeinsam mit den Patienten einen individuellen Plan f\u00fcr Vorsorgeuntersuchungen und Vorsorgeuntersuchungen unter Ber\u00fccksichtigung des Alters, der Vorgeschichte und anderer relevanter Faktoren.<\/p><p>Neben schulmedizinischen Behandlungen bietet die Praxis Anti-Aging D\u00fcsseldorf auch Beratungsleistungen an, um Patienten bei der Erstellung individueller Anti-Aging-Pl\u00e4ne zu unterst\u00fctzen. Diese Pl\u00e4ne k\u00f6nnen \u00c4nderungen des Lebensstils wie Ern\u00e4hrungs- und Bewegungsempfehlungen sowie Empfehlungen f\u00fcr Nahrungserg\u00e4nzungsmittel und andere Therapien beinhalten.<\/p><p>Insgesamt ist es das Ziel der Praxis Anti-Aging D\u00fcsseldorf, Patienten zu einem optimalen Gesundheitszustand und Wohlbefinden im Alter zu verhelfen. Mit einer Kombination aus medizinischen Behandlungen, regelm\u00e4\u00dfigen Kontrollen und Lebensstilanpassungen will das Praxisteam um Dr. Wechsler seinen Patienten helfen, jugendliches Aussehen und Vitalit\u00e4t bis ins hohe Alter zu bewahren.<\/p>\t\t\t\t\t\t<\/div>\n\t\t\t\t<\/div>\n\t\t\t\t<\/div>\n\t\t\t\t\t<\/div>\n\t\t\t\t<\/div>\n\t\t<div class=\"elementor-element elementor-element-ada0a17 e-con-boxed e-con\" data-id=\"ada0a17\" data-element_type=\"container\" data-settings=\"{&quot;content_width&quot;:&quot;boxed&quot;}\">\n\t\t\t\t\t<div class=\"e-con-inner\">\n\t\t\t\t<div class=\"elementor-element elementor-element-106055f elementor-widget elementor-widget-heading\" data-id=\"106055f\" data-element_type=\"widget\" data-widget_type=\"heading.default\">\n\t\t\t\t<div class=\"elementor-widget-container\">\n\t\t\t<style>\/*! elementor - v3.9.2 - 21-12-2022 *\/\n.elementor-heading-title{padding:0;margin:0;line-height:1}.elementor-widget-heading .elementor-heading-title[class*=elementor-size-]>a{color:inherit;font-size:inherit;line-height:inherit}.elementor-widget-heading .elementor-heading-title.elementor-size-small{font-size:15px}.elementor-widget-heading .elementor-heading-title.elementor-size-medium{font-size:19px}.elementor-widget-heading .elementor-heading-title.elementor-size-large{font-size:29px}.elementor-widget-heading .elementor-heading-title.elementor-size-xl{font-size:39px}.elementor-widget-heading .elementor-heading-title.elementor-size-xxl{font-size:59px}<\/style><h2 class=\"elementor-heading-title elementor-size-default\">Unverzichtbare Vorsorgeuntersuchungen f\u00fcr Anti-Aging<\/h2>\t\t<\/div>\n\t\t\t\t<\/div>\n\t\t\t\t\t<\/div>\n\t\t\t\t<\/div>\n\t\t<div class=\"elementor-element elementor-element-f882686 e-con-boxed e-con\" data-id=\"f882686\" data-element_type=\"container\" data-settings=\"{&quot;content_width&quot;:&quot;boxed&quot;}\">\n\t\t\t\t\t<div class=\"e-con-inner\">\n\t\t<div class=\"elementor-element elementor-element-769989c e-con-full e-con\" data-id=\"769989c\" data-element_type=\"container\" data-settings=\"{&quot;content_width&quot;:&quot;full&quot;}\">\n\t\t\t\t<\/div>\n\t\t<div class=\"elementor-element elementor-element-8cbacad e-con-full e-con\" data-id=\"8cbacad\" data-element_type=\"container\" data-settings=\"{&quot;content_width&quot;:&quot;full&quot;}\">\n\t\t\t\t<div class=\"elementor-element elementor-element-008b574 elementor-widget elementor-widget-text-editor\" data-id=\"008b574\" data-element_type=\"widget\" data-widget_type=\"text-editor.default\">\n\t\t\t\t<div class=\"elementor-widget-container\">\n\t\t\t\t\t\t\t<ol><li>J\u00e4hrliche k\u00f6rperliche Untersuchung: Dazu geh\u00f6rt eine allgemeine Untersuchung durch einen Arzt, um den allgemeinen Gesundheitszustand zu beurteilen und m\u00f6gliche Probleme zu erkennen.<\/li><li>Blutdruckkontrolle: Bluthochdruck kann das Risiko f\u00fcr Herzkrankheiten, Schlaganfall und andere Gesundheitsprobleme erh\u00f6hen, daher ist es wichtig, ihn regelm\u00e4\u00dfig zu \u00fcberwachen.<\/li><li>Cholesterinkontrolle: Hohe Cholesterinwerte k\u00f6nnen auch das Risiko f\u00fcr Herzerkrankungen und Schlaganf\u00e4lle erh\u00f6hen, daher ist es wichtig, sie regelm\u00e4\u00dfig kontrollieren zu lassen.<\/li><li>Diabetes-Screening: Hohe Blutzuckerwerte k\u00f6nnen das Risiko f\u00fcr Diabetes erh\u00f6hen, was schwerwiegende langfristige gesundheitliche Folgen haben kann.<\/li><li>Krebsvorsorgeuntersuchungen: Je nach Alter und anderen Risikofaktoren k\u00f6nnen Vorsorgeuntersuchungen auf verschiedene Krebsarten wie Brustkrebs, Dickdarmkrebs und Prostatakrebs empfohlen werden.<\/li><li>Knochendichtetest: Mit zunehmendem Alter k\u00f6nnen die Knochen schw\u00e4cher und anf\u00e4lliger f\u00fcr Br\u00fcche werden. Ein Knochendichtetest kann helfen, Probleme zu erkennen und geeignete Ma\u00dfnahmen zu ergreifen.<\/li><li>Seh- und H\u00f6rtests: Es ist wichtig, regelm\u00e4\u00dfige Seh- und H\u00f6rtests durchzuf\u00fchren, um sicherzustellen, dass Probleme fr\u00fchzeitig erkannt und behoben werden.<\/li><li>Bewertung der psychischen Gesundheit: Die psychische Gesundheit ist ein wichtiger Aspekt des allgemeinen Wohlbefindens, und es ist wichtig, alle m\u00f6glicherweise auftretenden psychischen Gesundheitsprobleme anzusprechen.<\/li><\/ol><p>Dies Liste ist nur eine allgemeine Empfehlung. Alle Vorsorgeuntersuchungen und Screenings k\u00f6nnen je nach Alter, Krankengeschichte und anderen Faktoren einer Person variieren.<\/p><p><strong>Frau Dr. Georgina Wechsler &#8211; Ihre Fach\u00e4rztin f\u00fcr Anti Aging in D\u00fcsseldorf<\/strong> \u00a0ber\u00e4t Sie ausf\u00fchrlich, \u00a0um die f\u00fcr Sie am besten geeigneten Untersuchungen und Screenings f\u00fcr Ihre spezifischen Bed\u00fcrfnisse zu bestimmen.<\/p>\t\t\t\t\t\t<\/div>\n\t\t\t\t<\/div>\n\t\t\t\t<\/div>\n\t\t\t\t\t<\/div>\n\t\t\t\t<\/div>\n\t\t\t\t\t\t\t<\/div>\n\t\t","protected":false},"excerpt":{"rendered":"<p>Anti-Aging D\u00fcsseldorf: Kompetente Betreuung und Beratung f\u00fcr optimale Gesundheit und Wohlbefinden Anti-Aging ist ein Bereich der Medizin, der sich auf den Einsatz verschiedener Techniken und Behandlungen konzentriert, um den Alterungsprozess zu verlangsamen und die allgemeine Gesundheit und das Wohlbefinden des Einzelnen zu verbessern. Wenn Sie in &nbsp;D\u00fcsseldorf nach einer Praxis suchen, die sich auf Anti-Aging-Behandlungen [&hellip;]<\/p>\n","protected":false},"author":4,"featured_media":0,"parent":0,"menu_order":0,"comment_status":"closed","ping_status":"closed","template":"elementor_header_footer","meta":[],"yoast_head":"<!-- This site is optimized with the Yoast SEO plugin v19.13 - https:\/\/yoast.com\/wordpress\/plugins\/seo\/ -->\n<title>Wir<\/title>\n<meta name=\"description\" content=\"Anti-Aging D\u00fcsseldorf: Kompetente Betreuung und Beratung f\u00fcr optimale Gesundheit und Wohlbefinden Anti-Aging ist ein Bereich der Medizin, der sich auf den Einsatz verschiedener Techniken und Behandlungen konzentriert, um den Alterungsprozess zu verlangsamen und die allgemeine Gesundheit und das Wohlbefinden des Einzelnen zu verbessern. Wenn Sie in &nbsp;D\u00fcsseldorf nach einer Praxis suchen, die sich auf Anti-Aging-Behandlungen&hellip;\" \/>\n<meta name=\"robots\" content=\"index, follow, max-snippet:-1, max-image-preview:large, max-video-preview:-1\" \/>\n<link rel=\"canonical\" href=\"https:\/\/frauenarzt-net.de\/wir\/\" \/>\n<meta property=\"og:locale\" content=\"ro_RO\" \/>\n<meta property=\"og:type\" content=\"article\" \/>\n<meta property=\"og:title\" content=\"Wir\" \/>\n<meta property=\"og:description\" content=\"Anti-Aging D\u00fcsseldorf: Kompetente Betreuung und Beratung f\u00fcr optimale Gesundheit und Wohlbefinden Anti-Aging ist ein Bereich der Medizin, der sich auf den Einsatz verschiedener Techniken und Behandlungen konzentriert, um den Alterungsprozess zu verlangsamen und die allgemeine Gesundheit und das Wohlbefinden des Einzelnen zu verbessern. Wenn Sie in &nbsp;D\u00fcsseldorf nach einer Praxis suchen, die sich auf Anti-Aging-Behandlungen&hellip;\" \/>\n<meta property=\"og:url\" content=\"https:\/\/frauenarzt-net.de\/wir\/\" \/>\n<meta property=\"og:site_name\" content=\"Praxis Dr. Wechsler - Ihre Frauen\u00e4rztin in D\u00fcsseldorf und Umgebung\" \/>\n<meta property=\"article:modified_time\" content=\"2023-01-07T20:08:34+00:00\" \/>\n<meta property=\"og:image\" content=\"https:\/\/frauenaerztin-duesseldorf.dr-wechsler.de\/wp-content\/uploads\/2023\/01\/anti-aging-1024x370.jpg\" \/>\n<meta name=\"twitter:card\" content=\"summary_large_image\" \/>\n<meta name=\"twitter:label1\" content=\"Timp estimat pentru citire\" \/>\n\t<meta name=\"twitter:data1\" content=\"3 minute\" \/>\n<script type=\"application\/ld+json\" class=\"yoast-schema-graph\">{\"@context\":\"https:\/\/schema.org\",\"@graph\":[{\"@type\":\"WebPage\",\"@id\":\"https:\/\/frauenarzt-net.de\/wir\/\",\"url\":\"https:\/\/frauenarzt-net.de\/wir\/\",\"name\":\"Wir | Praxis Dr. Wechsler - Ihre Frauen\u00e4rztin in D\u00fcsseldorf und Umgebung\",\"isPartOf\":{\"@id\":\"https:\/\/frauenarzt-net.de\/#website\"},\"datePublished\":\"2023-01-07T20:08:32+00:00\",\"dateModified\":\"2023-01-07T20:08:34+00:00\",\"description\":\"Anti-Aging D\u00fcsseldorf: Kompetente Betreuung und Beratung f\u00fcr optimale Gesundheit und Wohlbefinden Anti-Aging ist ein Bereich der Medizin, der sich auf den\",\"breadcrumb\":{\"@id\":\"https:\/\/frauenarzt-net.de\/wir\/#breadcrumb\"},\"inLanguage\":\"ro-RO\",\"potentialAction\":[{\"@type\":\"ReadAction\",\"target\":[\"https:\/\/frauenarzt-net.de\/wir\/\"]}]},{\"@type\":\"BreadcrumbList\",\"@id\":\"https:\/\/frauenarzt-net.de\/wir\/#breadcrumb\",\"itemListElement\":[{\"@type\":\"ListItem\",\"position\":1,\"name\":\"Home\",\"item\":\"https:\/\/frauenarzt-net.de\/\"},{\"@type\":\"ListItem\",\"position\":2,\"name\":\"Wir\"}]},{\"@type\":\"WebSite\",\"@id\":\"https:\/\/frauenarzt-net.de\/#website\",\"url\":\"https:\/\/frauenarzt-net.de\/\",\"name\":\"Praxis Dr. Wechsler - Ihre Frauen\u00e4rztin in D\u00fcsseldorf und Umgebung\",\"description\":\"\",\"publisher\":{\"@id\":\"https:\/\/frauenarzt-net.de\/#organization\"},\"potentialAction\":[{\"@type\":\"SearchAction\",\"target\":{\"@type\":\"EntryPoint\",\"urlTemplate\":\"https:\/\/frauenarzt-net.de\/?s={search_term_string}\"},\"query-input\":\"required name=search_term_string\"}],\"inLanguage\":\"ro-RO\"},{\"@type\":\"Organization\",\"@id\":\"https:\/\/frauenarzt-net.de\/#organization\",\"name\":\"INVESTMENT COINS\",\"url\":\"https:\/\/frauenarzt-net.de\/\",\"logo\":{\"@type\":\"ImageObject\",\"inLanguage\":\"ro-RO\",\"@id\":\"https:\/\/frauenarzt-net.de\/#\/schema\/logo\/image\/\",\"url\":\"https:\/\/frauenaerztin-duesseldorf.dr-wechsler.de\/wp-content\/uploads\/2021\/07\/logo2.png\",\"contentUrl\":\"https:\/\/frauenaerztin-duesseldorf.dr-wechsler.de\/wp-content\/uploads\/2021\/07\/logo2.png\",\"width\":794,\"height\":71,\"caption\":\"INVESTMENT COINS\"},\"image\":{\"@id\":\"https:\/\/frauenarzt-net.de\/#\/schema\/logo\/image\/\"}}]}<\/script>\n<!-- \/ Yoast SEO plugin. -->","yoast_head_json":{"title":"Wir","description":"Anti-Aging D\u00fcsseldorf: Kompetente Betreuung und Beratung f\u00fcr optimale Gesundheit und Wohlbefinden Anti-Aging ist ein Bereich der Medizin, der sich auf den Einsatz verschiedener Techniken und Behandlungen konzentriert, um den Alterungsprozess zu verlangsamen und die allgemeine Gesundheit und das Wohlbefinden des Einzelnen zu verbessern. Wenn Sie in &nbsp;D\u00fcsseldorf nach einer Praxis suchen, die sich auf Anti-Aging-Behandlungen&hellip;","robots":{"index":"index","follow":"follow","max-snippet":"max-snippet:-1","max-image-preview":"max-image-preview:large","max-video-preview":"max-video-preview:-1"},"canonical":"https:\/\/frauenarzt-net.de\/wir\/","og_locale":"ro_RO","og_type":"article","og_title":"Wir","og_description":"Anti-Aging D\u00fcsseldorf: Kompetente Betreuung und Beratung f\u00fcr optimale Gesundheit und Wohlbefinden Anti-Aging ist ein Bereich der Medizin, der sich auf den Einsatz verschiedener Techniken und Behandlungen konzentriert, um den Alterungsprozess zu verlangsamen und die allgemeine Gesundheit und das Wohlbefinden des Einzelnen zu verbessern. Wenn Sie in &nbsp;D\u00fcsseldorf nach einer Praxis suchen, die sich auf Anti-Aging-Behandlungen&hellip;","og_url":"https:\/\/frauenarzt-net.de\/wir\/","og_site_name":"Praxis Dr. Wechsler - Ihre Frauen\u00e4rztin in D\u00fcsseldorf und Umgebung","article_modified_time":"2023-01-07T20:08:34+00:00","og_image":[{"url":"https:\/\/frauenaerztin-duesseldorf.dr-wechsler.de\/wp-content\/uploads\/2023\/01\/anti-aging-1024x370.jpg"}],"twitter_card":"summary_large_image","twitter_misc":{"Timp estimat pentru citire":"3 minute"},"schema":{"@context":"https:\/\/schema.org","@graph":[{"@type":"WebPage","@id":"https:\/\/frauenarzt-net.de\/wir\/","url":"https:\/\/frauenarzt-net.de\/wir\/","name":"Wir | Praxis Dr. Wechsler - Ihre Frauen\u00e4rztin in D\u00fcsseldorf und Umgebung","isPartOf":{"@id":"https:\/\/frauenarzt-net.de\/#website"},"datePublished":"2023-01-07T20:08:32+00:00","dateModified":"2023-01-07T20:08:34+00:00","description":"Anti-Aging D\u00fcsseldorf: Kompetente Betreuung und Beratung f\u00fcr optimale Gesundheit und Wohlbefinden Anti-Aging ist ein Bereich der Medizin, der sich auf den","breadcrumb":{"@id":"https:\/\/frauenarzt-net.de\/wir\/#breadcrumb"},"inLanguage":"ro-RO","potentialAction":[{"@type":"ReadAction","target":["https:\/\/frauenarzt-net.de\/wir\/"]}]},{"@type":"BreadcrumbList","@id":"https:\/\/frauenarzt-net.de\/wir\/#breadcrumb","itemListElement":[{"@type":"ListItem","position":1,"name":"Home","item":"https:\/\/frauenarzt-net.de\/"},{"@type":"ListItem","position":2,"name":"Wir"}]},{"@type":"WebSite","@id":"https:\/\/frauenarzt-net.de\/#website","url":"https:\/\/frauenarzt-net.de\/","name":"Praxis Dr. Wechsler - Ihre Frauen\u00e4rztin in D\u00fcsseldorf und Umgebung","description":"","publisher":{"@id":"https:\/\/frauenarzt-net.de\/#organization"},"potentialAction":[{"@type":"SearchAction","target":{"@type":"EntryPoint","urlTemplate":"https:\/\/frauenarzt-net.de\/?s={search_term_string}"},"query-input":"required name=search_term_string"}],"inLanguage":"ro-RO"},{"@type":"Organization","@id":"https:\/\/frauenarzt-net.de\/#organization","name":"INVESTMENT COINS","url":"https:\/\/frauenarzt-net.de\/","logo":{"@type":"ImageObject","inLanguage":"ro-RO","@id":"https:\/\/frauenarzt-net.de\/#\/schema\/logo\/image\/","url":"https:\/\/frauenaerztin-duesseldorf.dr-wechsler.de\/wp-content\/uploads\/2021\/07\/logo2.png","contentUrl":"https:\/\/frauenaerztin-duesseldorf.dr-wechsler.de\/wp-content\/uploads\/2021\/07\/logo2.png","width":794,"height":71,"caption":"INVESTMENT COINS"},"image":{"@id":"https:\/\/frauenarzt-net.de\/#\/schema\/logo\/image\/"}}]}},"_links":{"self":[{"href":"https:\/\/frauenarzt-net.de\/wp-json\/wp\/v2\/pages\/3897"}],"collection":[{"href":"https:\/\/frauenarzt-net.de\/wp-json\/wp\/v2\/pages"}],"about":[{"href":"https:\/\/frauenarzt-net.de\/wp-json\/wp\/v2\/types\/page"}],"author":[{"embeddable":true,"href":"https:\/\/frauenarzt-net.de\/wp-json\/wp\/v2\/users\/4"}],"replies":[{"embeddable":true,"href":"https:\/\/frauenarzt-net.de\/wp-json\/wp\/v2\/comments?post=3897"}],"version-history":[{"count":1,"href":"https:\/\/frauenarzt-net.de\/wp-json\/wp\/v2\/pages\/3897\/revisions"}],"predecessor-version":[{"id":3898,"href":"https:\/\/frauenarzt-net.de\/wp-json\/wp\/v2\/pages\/3897\/revisions\/3898"}],"wp:attachment":[{"href":"https:\/\/frauenarzt-net.de\/wp-json\/wp\/v2\/media?parent=3897"}],"curies":[{"name":"wp","href":"https:\/\/api.w.org\/{rel}","templated":true}]}}