{"id":3807,"date":"2023-01-07T19:47:49","date_gmt":"2023-01-07T19:47:49","guid":{"rendered":"https:\/\/frauenaerztin-duesseldorf.dr-wechsler.de\/?page_id=3807"},"modified":"2025-12-02T11:37:35","modified_gmt":"2025-12-02T11:37:35","slug":"vorsorge","status":"publish","type":"page","link":"https:\/\/frauenarzt-net.de\/vorsorge\/","title":{"rendered":"Vorsorge"},"content":{"rendered":"\t\t<div data-elementor-type=\"wp-page\" data-elementor-id=\"3807\" class=\"elementor elementor-3807\">\n\t\t\t\t\t\t\t<div class=\"elementor-element elementor-element-a646ccf e-con-boxed e-con\" data-id=\"a646ccf\" data-element_type=\"container\" data-settings=\"{&quot;content_width&quot;:&quot;boxed&quot;}\">\n\t\t\t\t\t<div class=\"e-con-inner\">\n\t\t\t\t<div class=\"elementor-element elementor-element-f0f5c6f elementor-widget elementor-widget-heading\" data-id=\"f0f5c6f\" data-element_type=\"widget\" data-widget_type=\"heading.default\">\n\t\t\t\t<div class=\"elementor-widget-container\">\n\t\t\t<style>\/*! elementor - v3.9.2 - 21-12-2022 *\/\n.elementor-heading-title{padding:0;margin:0;line-height:1}.elementor-widget-heading .elementor-heading-title[class*=elementor-size-]>a{color:inherit;font-size:inherit;line-height:inherit}.elementor-widget-heading .elementor-heading-title.elementor-size-small{font-size:15px}.elementor-widget-heading .elementor-heading-title.elementor-size-medium{font-size:19px}.elementor-widget-heading .elementor-heading-title.elementor-size-large{font-size:29px}.elementor-widget-heading .elementor-heading-title.elementor-size-xl{font-size:39px}.elementor-widget-heading .elementor-heading-title.elementor-size-xxl{font-size:59px}<\/style><h1 class=\"elementor-heading-title elementor-size-default\">Preven\u021bia dumneavoastr\u0103 \u00een m\u00e2ini bune<\/h1>\t\t<\/div>\n\t\t\t\t<\/div>\n\t\t\t\t\t<\/div>\n\t\t\t\t<\/div>\n\t\t<div class=\"elementor-element elementor-element-1a75f0c e-con-boxed e-con\" data-id=\"1a75f0c\" data-element_type=\"container\" data-settings=\"{&quot;content_width&quot;:&quot;boxed&quot;}\">\n\t\t\t\t\t<div class=\"e-con-inner\">\n\t\t\t\t<div class=\"elementor-element elementor-element-1fd9d66 elementor-widget elementor-widget-heading\" data-id=\"1fd9d66\" data-element_type=\"widget\" data-widget_type=\"heading.default\">\n\t\t\t\t<div class=\"elementor-widget-container\">\n\t\t\t<h2 class=\"elementor-heading-title elementor-size-default\">Cele mai importante examene preventive<\/h2>\t\t<\/div>\n\t\t\t\t<\/div>\n\t\t\t\t\t<\/div>\n\t\t\t\t<\/div>\n\t\t<div class=\"elementor-element elementor-element-64f4ff6 elementor-hidden-mobile e-con-boxed e-con\" data-id=\"64f4ff6\" data-element_type=\"container\" data-settings=\"{&quot;content_width&quot;:&quot;boxed&quot;}\">\n\t\t\t\t\t<div class=\"e-con-inner\">\n\t\t<div class=\"elementor-element elementor-element-b79077a e-con-full e-con\" data-id=\"b79077a\" data-element_type=\"container\" data-settings=\"{&quot;content_width&quot;:&quot;full&quot;}\">\n\t\t\t\t<div class=\"elementor-element elementor-element-e9ed9fa elementor-widget elementor-widget-text-editor\" data-id=\"e9ed9fa\" data-element_type=\"widget\" data-widget_type=\"text-editor.default\">\n\t\t\t\t<div class=\"elementor-widget-container\">\n\t\t\t<style>\/*! elementor - v3.9.2 - 21-12-2022 *\/\n.elementor-widget-text-editor.elementor-drop-cap-view-stacked .elementor-drop-cap{background-color:#818a91;color:#fff}.elementor-widget-text-editor.elementor-drop-cap-view-framed .elementor-drop-cap{color:#818a91;border:3px solid;background-color:transparent}.elementor-widget-text-editor:not(.elementor-drop-cap-view-default) .elementor-drop-cap{margin-top:8px}.elementor-widget-text-editor:not(.elementor-drop-cap-view-default) .elementor-drop-cap-letter{width:1em;height:1em}.elementor-widget-text-editor .elementor-drop-cap{float:left;text-align:center;line-height:1;font-size:50px}.elementor-widget-text-editor .elementor-drop-cap-letter{display:inline-block}<\/style>\t\t\t\t<p>Se recomand\u0103 efectuarea unui control ginecologic anual la ginecologul dumneavoastr\u0103 din D\u00fcsseldorf Derendorf, care este acoperit de asigurarea de s\u0103n\u0103tate obligatorie. \u00cen func\u021bie de v\u00e2rst\u0103, \u00eengrijirea preventiv\u0103 legal\u0103 include urm\u0103toarele examin\u0103ri: P\u00c2N\u0102 LA 25 DE ANI:<\/p><ul class=\"marker:text-textOff list-disc pl-8\"><li>Screening anual pentru chlamydia \u00een urin\u0103<\/li><\/ul><p>DE LA 20 DE ANI:<\/p><ul class=\"marker:text-textOff list-disc pl-8\"><li>Frotiu cervical (frotiu pentru cancer, test Papanicolau)<\/li><li>Examinare ginecologic\u0103 cu palparea uterului \u0219i a ovarelor<\/li><\/ul><p>DE LA 30 DE ANI:<\/p><ul class=\"marker:text-textOff list-disc pl-8\"><li>Examinare \u0219i palpare suplimentar\u0103 a s\u00e2nilor \u0219i a ganglionilor limfatici regionali<\/li><\/ul>\t\t\t\t\t\t<\/div>\n\t\t\t\t<\/div>\n\t\t\t\t<\/div>\n\t\t<div class=\"elementor-element elementor-element-ac85c57 e-con-full e-con\" data-id=\"ac85c57\" data-element_type=\"container\" data-settings=\"{&quot;content_width&quot;:&quot;full&quot;}\">\n\t\t\t\t<div class=\"elementor-element elementor-element-3e25de3 elementor-widget elementor-widget-text-editor\" data-id=\"3e25de3\" data-element_type=\"widget\" data-widget_type=\"text-editor.default\">\n\t\t\t\t<div class=\"elementor-widget-container\">\n\t\t\t\t\t\t\t<p>DE LA 35 DE ANI:<\/p><ul class=\"marker:text-textOff list-disc pl-8\"><li>Continuarea examenului ginecologic anual<\/li><li>Frotiu cervical \u0219i test pentru Papilomavirus Uman (test HPV) la fiecare 3 ani<\/li><\/ul><p>\u00ceNTRE 50 \u0218I 54 DE ANI:<\/p><ul class=\"marker:text-textOff list-disc pl-8\"><li>Screening pentru cancer colorectal: test anual pentru s\u00e2nge \u00een scaun<\/li><li>De la 55 de ani, se poate efectua o colonoscopie de c\u0103tre un specialist (chirurg sau gastroenterolog)<\/li><\/ul><p>\u00ceNTRE 50 \u0218I 69 DE ANI:<\/p><ul class=\"marker:text-textOff list-disc pl-8\"><li>Screening mamografic la fiecare 2 ani la radiolog<\/li><\/ul><p>Pe l\u00e2ng\u0103 serviciile acoperite de asigurarea de s\u0103n\u0103tate obligatorie, oferim op\u021biuni suplimentare de examinare \u00een cabinetul nostru de ginecologie din D\u00fcsseldorf, inclusiv ecografie vaginal\u0103 \u0219i ecografie mamar\u0103. Vom fi bucuro\u0219i s\u0103 v\u0103 sf\u0103tuim \u00eentr-o consulta\u021bie personal\u0103 despre beneficiile acestor servicii suplimentare.<\/p>\t\t\t\t\t\t<\/div>\n\t\t\t\t<\/div>\n\t\t\t\t<div class=\"elementor-element elementor-element-7e4c6b8 elementor-align-left elementor-widget elementor-widget-button\" data-id=\"7e4c6b8\" data-element_type=\"widget\" data-widget_type=\"button.default\">\n\t\t\t\t<div class=\"elementor-widget-container\">\n\t\t\t\t\t<div class=\"elementor-button-wrapper\">\n\t\t\t<a href=\"https:\/\/www.doctolib.de\/privatpraxis\/duesseldorf\/privatpraxis-fuer-gynaekologie-dr-wechsler?utm_campaign=website-button&#038;utm_source=privatpraxis-fuer-gynaekologie-dr-wechsler-website-button&#038;utm_medium=referral&#038;utm_content=option-8&#038;utm_term=privatpraxis-fuer-gynaekologie-dr-wechsler\" class=\"elementor-button-link elementor-button elementor-size-sm\" role=\"button\">\n\t\t\t\t\t\t<span class=\"elementor-button-content-wrapper\">\n\t\t\t\t\t\t<span class=\"elementor-button-text\">Rezerv\u0103 o programare<\/span>\n\t\t<\/span>\n\t\t\t\t\t<\/a>\n\t\t<\/div>\n\t\t\t\t<\/div>\n\t\t\t\t<\/div>\n\t\t\t\t<\/div>\n\t\t\t\t\t<\/div>\n\t\t\t\t<\/div>\n\t\t<div class=\"elementor-element elementor-element-485bc2e elementor-hidden-desktop elementor-hidden-tablet e-con-boxed e-con\" data-id=\"485bc2e\" data-element_type=\"container\" data-settings=\"{&quot;content_width&quot;:&quot;boxed&quot;}\">\n\t\t\t\t\t<div class=\"e-con-inner\">\n\t\t<div class=\"elementor-element elementor-element-d1c16f0 e-con-full e-con\" data-id=\"d1c16f0\" data-element_type=\"container\" data-settings=\"{&quot;content_width&quot;:&quot;full&quot;}\">\n\t\t\t\t<div class=\"elementor-element elementor-element-ef707b2 elementor-widget elementor-widget-text-editor\" data-id=\"ef707b2\" data-element_type=\"widget\" data-widget_type=\"text-editor.default\">\n\t\t\t\t<div class=\"elementor-widget-container\">\n\t\t\t\t\t\t\t<p>Se recomand\u0103 efectuarea unui control ginecologic anual la ginecologul dumneavoastr\u0103 din D\u00fcsseldorf Derendorf, care este acoperit de asigurarea de s\u0103n\u0103tate obligatorie. \u00cen func\u021bie de v\u00e2rst\u0103, \u00eengrijirea preventiv\u0103 legal\u0103 include urm\u0103toarele examin\u0103ri: P\u00c2N\u0102 LA 25 DE ANI:<\/p><ul class=\"marker:text-textOff list-disc pl-8\"><li>Screening anual pentru chlamydia \u00een urin\u0103<\/li><\/ul><p>DE LA 20 DE ANI:<\/p><ul class=\"marker:text-textOff list-disc pl-8\"><li>Frotiu cervical (frotiu pentru cancer, test Papanicolau)<\/li><li>Examinare ginecologic\u0103 cu palparea uterului \u0219i a ovarelor<\/li><\/ul><p>DE LA 30 DE ANI:<\/p><ul class=\"marker:text-textOff list-disc pl-8\"><li>Examinare \u0219i palpare suplimentar\u0103 a s\u00e2nilor \u0219i a ganglionilor limfatici regionali<\/li><\/ul>\t\t\t\t\t\t<\/div>\n\t\t\t\t<\/div>\n\t\t\t\t<\/div>\n\t\t<div class=\"elementor-element elementor-element-97d3a4f e-con-full e-con\" data-id=\"97d3a4f\" data-element_type=\"container\" data-settings=\"{&quot;content_width&quot;:&quot;full&quot;}\">\n\t\t\t\t<div class=\"elementor-element elementor-element-1903113 elementor-widget elementor-widget-text-editor\" data-id=\"1903113\" data-element_type=\"widget\" data-widget_type=\"text-editor.default\">\n\t\t\t\t<div class=\"elementor-widget-container\">\n\t\t\t\t\t\t\t<p>DE LA 35 DE ANI:<\/p><ul class=\"marker:text-textOff list-disc pl-8\"><li>Continuarea examenului ginecologic anual<\/li><li>Frotiu cervical \u0219i test pentru Papilomavirus Uman (test HPV) la fiecare 3 ani<\/li><\/ul><p>\u00ceNTRE 50 \u0218I 54 DE ANI:<\/p><ul class=\"marker:text-textOff list-disc pl-8\"><li>Screening pentru cancer colorectal: test anual pentru s\u00e2nge \u00een scaun<\/li><li>De la 55 de ani, se poate efectua o colonoscopie de c\u0103tre un specialist (chirurg sau gastroenterolog)<\/li><\/ul><p>\u00ceNTRE 50 \u0218I 69 DE ANI:<\/p><ul class=\"marker:text-textOff list-disc pl-8\"><li>Screening mamografic la fiecare 2 ani la radiolog<\/li><\/ul><p>Pe l\u00e2ng\u0103 serviciile acoperite de asigurarea de s\u0103n\u0103tate obligatorie, oferim op\u021biuni suplimentare de examinare \u00een cabinetul nostru de ginecologie din D\u00fcsseldorf, inclusiv ecografie vaginal\u0103 \u0219i ecografie mamar\u0103. Vom fi bucuro\u0219i s\u0103 v\u0103 sf\u0103tuim \u00eentr-o consulta\u021bie personal\u0103 despre beneficiile acestor servicii suplimentare.<\/p>\t\t\t\t\t\t<\/div>\n\t\t\t\t<\/div>\n\t\t\t\t<div class=\"elementor-element elementor-element-02f6aa8 elementor-align-left elementor-mobile-align-center elementor-widget elementor-widget-button\" data-id=\"02f6aa8\" data-element_type=\"widget\" data-widget_type=\"button.default\">\n\t\t\t\t<div class=\"elementor-widget-container\">\n\t\t\t\t\t<div class=\"elementor-button-wrapper\">\n\t\t\t<a href=\"https:\/\/www.doctolib.de\/privatpraxis\/duesseldorf\/privatpraxis-fuer-gynaekologie-dr-wechsler?utm_campaign=website-button&#038;utm_source=privatpraxis-fuer-gynaekologie-dr-wechsler-website-button&#038;utm_medium=referral&#038;utm_content=option-8&#038;utm_term=privatpraxis-fuer-gynaekologie-dr-wechsler\" class=\"elementor-button-link elementor-button elementor-size-sm\" role=\"button\">\n\t\t\t\t\t\t<span class=\"elementor-button-content-wrapper\">\n\t\t\t\t\t\t<span class=\"elementor-button-text\">Rezerv\u0103 o programare<\/span>\n\t\t<\/span>\n\t\t\t\t\t<\/a>\n\t\t<\/div>\n\t\t\t\t<\/div>\n\t\t\t\t<\/div>\n\t\t\t\t<\/div>\n\t\t\t\t\t<\/div>\n\t\t\t\t<\/div>\n\t\t<div class=\"elementor-element elementor-element-54823c8 e-con-boxed e-con\" data-id=\"54823c8\" data-element_type=\"container\" data-settings=\"{&quot;content_width&quot;:&quot;boxed&quot;}\">\n\t\t\t\t\t<div class=\"e-con-inner\">\n\t\t\t\t<div class=\"elementor-element elementor-element-330434c elementor-widget elementor-widget-image\" data-id=\"330434c\" data-element_type=\"widget\" data-widget_type=\"image.default\">\n\t\t\t\t<div class=\"elementor-widget-container\">\n\t\t\t<style>\/*! elementor - v3.9.2 - 21-12-2022 *\/\n.elementor-widget-image{text-align:center}.elementor-widget-image a{display:inline-block}.elementor-widget-image a img[src$=\".svg\"]{width:48px}.elementor-widget-image img{vertical-align:middle;display:inline-block}<\/style>\t\t\t\t\t\t\t\t\t\t\t\t<img decoding=\"async\" width=\"1000\" height=\"436\" src=\"https:\/\/frauenarzt-net.de\/wp-content\/uploads\/2025\/12\/vorsorge4.jpg\" class=\"attachment-large size-large wp-image-6453\" alt=\"\" loading=\"lazy\" srcset=\"https:\/\/frauenarzt-net.de\/wp-content\/uploads\/2025\/12\/vorsorge4.jpg 1000w, https:\/\/frauenarzt-net.de\/wp-content\/uploads\/2025\/12\/vorsorge4-400x174.jpg 400w, https:\/\/frauenarzt-net.de\/wp-content\/uploads\/2025\/12\/vorsorge4-250x109.jpg 250w, https:\/\/frauenarzt-net.de\/wp-content\/uploads\/2025\/12\/vorsorge4-768x335.jpg 768w\" sizes=\"(max-width: 1000px) 100vw, 1000px\" \/>\t\t\t\t\t\t\t\t\t\t\t\t\t\t\t<\/div>\n\t\t\t\t<\/div>\n\t\t\t\t\t<\/div>\n\t\t\t\t<\/div>\n\t\t<div class=\"elementor-element elementor-element-c9684a0 e-con-boxed e-con\" data-id=\"c9684a0\" data-element_type=\"container\" data-settings=\"{&quot;content_width&quot;:&quot;boxed&quot;}\">\n\t\t\t\t\t<div class=\"e-con-inner\">\n\t\t<div class=\"elementor-element elementor-element-1db6f43 e-con-full e-con\" data-id=\"1db6f43\" data-element_type=\"container\" data-settings=\"{&quot;content_width&quot;:&quot;full&quot;}\">\n\t\t\t\t<div class=\"elementor-element elementor-element-50ee84d elementor-widget elementor-widget-text-editor\" data-id=\"50ee84d\" data-element_type=\"widget\" data-widget_type=\"text-editor.default\">\n\t\t\t\t<div class=\"elementor-widget-container\">\n\t\t\t\t\t\t\t<h2>Despre sarcina dumneavoastr\u0103:<\/h2><p><a href=\"https:\/\/frauenarzt-net.de\/ersttrimesterscreening\/\">Screening-ul primului trimestru<\/a><\/p><p><a href=\"https:\/\/frauenarzt-net.de\/doppleruntersuchung-in-duesseldorf\/\">Examinare Doppler<\/a><\/p><p><a href=\"https:\/\/frauenarzt-net.de\/risikoschwangerschaften\/\">Sarcini cu risc crescut<\/a><\/p><p><a href=\"https:\/\/frauenarzt-net.de\/beratung-zur-geburt\/\">Consiliere pentru na\u0219tere<\/a><\/p>\t\t\t\t\t\t<\/div>\n\t\t\t\t<\/div>\n\t\t\t\t<\/div>\n\t\t<div class=\"elementor-element elementor-element-8df7a69 e-con-full e-con\" data-id=\"8df7a69\" data-element_type=\"container\" data-settings=\"{&quot;content_width&quot;:&quot;full&quot;}\">\n\t\t\t\t<div class=\"elementor-element elementor-element-fec5355 elementor-widget elementor-widget-text-editor\" data-id=\"fec5355\" data-element_type=\"widget\" data-widget_type=\"text-editor.default\">\n\t\t\t\t<div class=\"elementor-widget-container\">\n\t\t\t\t\t\t\t<h2>Ginecologie:<\/h2><p><a href=\"https:\/\/frauenarzt-net.de\/teenager-sprechstunde\/\">Consulta\u021bie pentru adolescen\u021bi<\/a><\/p><p><a href=\"https:\/\/frauenarzt-net.de\/vorsorge\/\">Preven\u021bie<\/a><\/p><p><a href=\"https:\/\/frauenarzt-net.de\/verhuetung\/\">Contracep\u021bie<\/a><\/p><p><a href=\"https:\/\/frauenarzt-net.de\/kinderwunsch\/\">Dorin\u021ba de a avea copii<\/a><\/p><p><a href=\"https:\/\/frauenarzt-net.de\/kinderwunsch-copy\/\">Consulta\u021bie hormonal\u0103<\/a><\/p><p><a href=\"https:\/\/frauenarzt-net.de\/wechseljahre\/\">Menopauz\u0103<\/a><\/p><p><a href=\"https:\/\/frauenarzt-net.de\/brusterkrankungen\/\">Boli ale s\u00e2nilor<\/a><\/p><p><a href=\"https:\/\/frauenarzt-net.de\/krebserkrankungen\/\">Cancere<\/a><\/p><p><a href=\"https:\/\/frauenarzt-net.de\/inkontinenz\/\">Incontinen\u021b\u0103<\/a><\/p><p><a href=\"https:\/\/frauenarzt-net.de\/endometriose\/\">Endometrioz\u0103<\/a><\/p><p><a href=\"https:\/\/frauenarzt-net.de\/ultraschalldiagnostik\/\">Diagnostic ecografic<\/a><\/p><p><a href=\"https:\/\/frauenarzt-net.de\/impfungen\/\">Vaccin\u0103ri<\/a><\/p>\t\t\t\t\t\t<\/div>\n\t\t\t\t<\/div>\n\t\t\t\t<\/div>\n\t\t\t\t\t<\/div>\n\t\t\t\t<\/div>\n\t\t\t\t\t\t\t<\/div>\n\t\t","protected":false},"excerpt":{"rendered":"<p>Ihre Vorsorge in guten H\u00e4nden Die wichtigsten Vorsorgeuntersuchungen Es wird empfohlen, j\u00e4hrlich eine gyn\u00e4kologische Vorsorgeuntersuchung bei Ihrem Frauenarzt in D\u00fcsseldorf Derendorf durchzuf\u00fchren und dies wird von den gesetzlichen Krankenversicherungen \u00fcbernommen. Die gesetzliche Vorsorge beinhaltet je nach Alter folgende Untersuchungen: BIS ZUM 25. LEBENSJAHR: J\u00e4hrliches Chlamydienscreening im Urin AB DEM 20. LEBENSJAHR: Abstrich vom Geb\u00e4rmutterhals (Krebsabstrich, [&hellip;]<\/p>\n","protected":false},"author":4,"featured_media":0,"parent":0,"menu_order":0,"comment_status":"closed","ping_status":"closed","template":"elementor_header_footer","meta":[],"yoast_head":"<!-- This site is optimized with the Yoast SEO plugin v19.13 - https:\/\/yoast.com\/wordpress\/plugins\/seo\/ -->\n<title>Vorsorge<\/title>\n<meta name=\"description\" content=\"Vorsorge bei Ihrem Frauenarzt in D\u00fcsseldorf. Dr. Eli Wechsler ist Experte f\u00fcr Diagnostik und Risikoschwangerschaften.\" \/>\n<meta name=\"robots\" content=\"index, follow, max-snippet:-1, max-image-preview:large, max-video-preview:-1\" \/>\n<link rel=\"canonical\" href=\"https:\/\/frauenarzt-net.de\/vorsorge\/\" \/>\n<meta property=\"og:locale\" content=\"ro_RO\" \/>\n<meta property=\"og:type\" content=\"article\" \/>\n<meta property=\"og:title\" content=\"Vorsorge\" \/>\n<meta property=\"og:description\" content=\"Vorsorge bei Ihrem Frauenarzt in D\u00fcsseldorf. Dr. Eli Wechsler ist Experte f\u00fcr Diagnostik und Risikoschwangerschaften.\" \/>\n<meta property=\"og:url\" content=\"https:\/\/frauenarzt-net.de\/vorsorge\/\" \/>\n<meta property=\"og:site_name\" content=\"Praxis Dr. Wechsler - Ihre Frauen\u00e4rztin in D\u00fcsseldorf und Umgebung\" \/>\n<meta property=\"article:modified_time\" content=\"2025-12-02T11:37:35+00:00\" \/>\n<meta property=\"og:image\" content=\"https:\/\/frauenarzt-net.de\/wp-content\/uploads\/2025\/12\/vorsorge4.jpg\" \/>\n<meta name=\"twitter:card\" content=\"summary_large_image\" \/>\n<meta name=\"twitter:label1\" content=\"Timp estimat pentru citire\" \/>\n\t<meta name=\"twitter:data1\" content=\"2 minute\" \/>\n<script type=\"application\/ld+json\" class=\"yoast-schema-graph\">{\"@context\":\"https:\/\/schema.org\",\"@graph\":[{\"@type\":\"WebPage\",\"@id\":\"https:\/\/frauenarzt-net.de\/vorsorge\/\",\"url\":\"https:\/\/frauenarzt-net.de\/vorsorge\/\",\"name\":\"Vorsorge | Praxis Dr. Wechsler - Ihre Frauen\u00e4rztin in D\u00fcsseldorf und Umgebung\",\"isPartOf\":{\"@id\":\"https:\/\/frauenarzt-net.de\/#website\"},\"datePublished\":\"2023-01-07T19:47:49+00:00\",\"dateModified\":\"2025-12-02T11:37:35+00:00\",\"description\":\"Vorsorge bei Ihrem Frauenarzt in D\u00fcsseldorf. Dr. Eli Wechsler ist Experte f\u00fcr Diagnostik und Risikoschwangerschaften.\",\"breadcrumb\":{\"@id\":\"https:\/\/frauenarzt-net.de\/vorsorge\/#breadcrumb\"},\"inLanguage\":\"ro-RO\",\"potentialAction\":[{\"@type\":\"ReadAction\",\"target\":[\"https:\/\/frauenarzt-net.de\/vorsorge\/\"]}]},{\"@type\":\"BreadcrumbList\",\"@id\":\"https:\/\/frauenarzt-net.de\/vorsorge\/#breadcrumb\",\"itemListElement\":[{\"@type\":\"ListItem\",\"position\":1,\"name\":\"Home\",\"item\":\"https:\/\/frauenarzt-net.de\/\"},{\"@type\":\"ListItem\",\"position\":2,\"name\":\"Vorsorge\"}]},{\"@type\":\"WebSite\",\"@id\":\"https:\/\/frauenarzt-net.de\/#website\",\"url\":\"https:\/\/frauenarzt-net.de\/\",\"name\":\"Praxis Dr. Wechsler - Ihre Frauen\u00e4rztin in D\u00fcsseldorf und Umgebung\",\"description\":\"\",\"publisher\":{\"@id\":\"https:\/\/frauenarzt-net.de\/#organization\"},\"potentialAction\":[{\"@type\":\"SearchAction\",\"target\":{\"@type\":\"EntryPoint\",\"urlTemplate\":\"https:\/\/frauenarzt-net.de\/?s={search_term_string}\"},\"query-input\":\"required name=search_term_string\"}],\"inLanguage\":\"ro-RO\"},{\"@type\":\"Organization\",\"@id\":\"https:\/\/frauenarzt-net.de\/#organization\",\"name\":\"INVESTMENT COINS\",\"url\":\"https:\/\/frauenarzt-net.de\/\",\"logo\":{\"@type\":\"ImageObject\",\"inLanguage\":\"ro-RO\",\"@id\":\"https:\/\/frauenarzt-net.de\/#\/schema\/logo\/image\/\",\"url\":\"https:\/\/frauenaerztin-duesseldorf.dr-wechsler.de\/wp-content\/uploads\/2021\/07\/logo2.png\",\"contentUrl\":\"https:\/\/frauenaerztin-duesseldorf.dr-wechsler.de\/wp-content\/uploads\/2021\/07\/logo2.png\",\"width\":794,\"height\":71,\"caption\":\"INVESTMENT COINS\"},\"image\":{\"@id\":\"https:\/\/frauenarzt-net.de\/#\/schema\/logo\/image\/\"}}]}<\/script>\n<!-- \/ Yoast SEO plugin. -->","yoast_head_json":{"title":"Vorsorge","description":"Vorsorge bei Ihrem Frauenarzt in D\u00fcsseldorf. Dr. Eli Wechsler ist Experte f\u00fcr Diagnostik und Risikoschwangerschaften.","robots":{"index":"index","follow":"follow","max-snippet":"max-snippet:-1","max-image-preview":"max-image-preview:large","max-video-preview":"max-video-preview:-1"},"canonical":"https:\/\/frauenarzt-net.de\/vorsorge\/","og_locale":"ro_RO","og_type":"article","og_title":"Vorsorge","og_description":"Vorsorge bei Ihrem Frauenarzt in D\u00fcsseldorf. Dr. Eli Wechsler ist Experte f\u00fcr Diagnostik und Risikoschwangerschaften.","og_url":"https:\/\/frauenarzt-net.de\/vorsorge\/","og_site_name":"Praxis Dr. Wechsler - Ihre Frauen\u00e4rztin in D\u00fcsseldorf und Umgebung","article_modified_time":"2025-12-02T11:37:35+00:00","og_image":[{"url":"https:\/\/frauenarzt-net.de\/wp-content\/uploads\/2025\/12\/vorsorge4.jpg"}],"twitter_card":"summary_large_image","twitter_misc":{"Timp estimat pentru citire":"2 minute"},"schema":{"@context":"https:\/\/schema.org","@graph":[{"@type":"WebPage","@id":"https:\/\/frauenarzt-net.de\/vorsorge\/","url":"https:\/\/frauenarzt-net.de\/vorsorge\/","name":"Vorsorge | Praxis Dr. Wechsler - Ihre Frauen\u00e4rztin in D\u00fcsseldorf und Umgebung","isPartOf":{"@id":"https:\/\/frauenarzt-net.de\/#website"},"datePublished":"2023-01-07T19:47:49+00:00","dateModified":"2025-12-02T11:37:35+00:00","description":"Vorsorge bei Ihrem Frauenarzt in D\u00fcsseldorf. Dr. Eli Wechsler ist Experte f\u00fcr Diagnostik und Risikoschwangerschaften.","breadcrumb":{"@id":"https:\/\/frauenarzt-net.de\/vorsorge\/#breadcrumb"},"inLanguage":"ro-RO","potentialAction":[{"@type":"ReadAction","target":["https:\/\/frauenarzt-net.de\/vorsorge\/"]}]},{"@type":"BreadcrumbList","@id":"https:\/\/frauenarzt-net.de\/vorsorge\/#breadcrumb","itemListElement":[{"@type":"ListItem","position":1,"name":"Home","item":"https:\/\/frauenarzt-net.de\/"},{"@type":"ListItem","position":2,"name":"Vorsorge"}]},{"@type":"WebSite","@id":"https:\/\/frauenarzt-net.de\/#website","url":"https:\/\/frauenarzt-net.de\/","name":"Praxis Dr. Wechsler - Ihre Frauen\u00e4rztin in D\u00fcsseldorf und Umgebung","description":"","publisher":{"@id":"https:\/\/frauenarzt-net.de\/#organization"},"potentialAction":[{"@type":"SearchAction","target":{"@type":"EntryPoint","urlTemplate":"https:\/\/frauenarzt-net.de\/?s={search_term_string}"},"query-input":"required name=search_term_string"}],"inLanguage":"ro-RO"},{"@type":"Organization","@id":"https:\/\/frauenarzt-net.de\/#organization","name":"INVESTMENT COINS","url":"https:\/\/frauenarzt-net.de\/","logo":{"@type":"ImageObject","inLanguage":"ro-RO","@id":"https:\/\/frauenarzt-net.de\/#\/schema\/logo\/image\/","url":"https:\/\/frauenaerztin-duesseldorf.dr-wechsler.de\/wp-content\/uploads\/2021\/07\/logo2.png","contentUrl":"https:\/\/frauenaerztin-duesseldorf.dr-wechsler.de\/wp-content\/uploads\/2021\/07\/logo2.png","width":794,"height":71,"caption":"INVESTMENT COINS"},"image":{"@id":"https:\/\/frauenarzt-net.de\/#\/schema\/logo\/image\/"}}]}},"_links":{"self":[{"href":"https:\/\/frauenarzt-net.de\/wp-json\/wp\/v2\/pages\/3807"}],"collection":[{"href":"https:\/\/frauenarzt-net.de\/wp-json\/wp\/v2\/pages"}],"about":[{"href":"https:\/\/frauenarzt-net.de\/wp-json\/wp\/v2\/types\/page"}],"author":[{"embeddable":true,"href":"https:\/\/frauenarzt-net.de\/wp-json\/wp\/v2\/users\/4"}],"replies":[{"embeddable":true,"href":"https:\/\/frauenarzt-net.de\/wp-json\/wp\/v2\/comments?post=3807"}],"version-history":[{"count":73,"href":"https:\/\/frauenarzt-net.de\/wp-json\/wp\/v2\/pages\/3807\/revisions"}],"predecessor-version":[{"id":6805,"href":"https:\/\/frauenarzt-net.de\/wp-json\/wp\/v2\/pages\/3807\/revisions\/6805"}],"wp:attachment":[{"href":"https:\/\/frauenarzt-net.de\/wp-json\/wp\/v2\/media?parent=3807"}],"curies":[{"name":"wp","href":"https:\/\/api.w.org\/{rel}","templated":true}]}}