{"id":2815,"date":"2022-07-12T23:08:18","date_gmt":"2022-07-12T23:08:18","guid":{"rendered":"https:\/\/frauenaerztin-duesseldorf.dr-wechsler.de\/?page_id=2815"},"modified":"2026-01-28T21:26:13","modified_gmt":"2026-01-28T21:26:13","slug":"kontakt","status":"publish","type":"page","link":"https:\/\/frauenarzt-net.de\/kontakt\/","title":{"rendered":"Kontakt"},"content":{"rendered":"\t\t<div data-elementor-type=\"wp-page\" data-elementor-id=\"2815\" class=\"elementor elementor-2815\">\n\t\t\t\t\t\t\t<div class=\"elementor-element elementor-element-856866f e-con-boxed e-con\" data-id=\"856866f\" data-element_type=\"container\" data-settings=\"{&quot;content_width&quot;:&quot;boxed&quot;}\">\n\t\t\t\t\t<div class=\"e-con-inner\">\n\t\t\t\t<div class=\"elementor-element elementor-element-45ebf74 elementor-widget elementor-widget-text-editor\" data-id=\"45ebf74\" data-element_type=\"widget\" data-widget_type=\"text-editor.default\">\n\t\t\t\t<div class=\"elementor-widget-container\">\n\t\t\t<style>\/*! elementor - v3.9.2 - 21-12-2022 *\/\n.elementor-widget-text-editor.elementor-drop-cap-view-stacked .elementor-drop-cap{background-color:#818a91;color:#fff}.elementor-widget-text-editor.elementor-drop-cap-view-framed .elementor-drop-cap{color:#818a91;border:3px solid;background-color:transparent}.elementor-widget-text-editor:not(.elementor-drop-cap-view-default) .elementor-drop-cap{margin-top:8px}.elementor-widget-text-editor:not(.elementor-drop-cap-view-default) .elementor-drop-cap-letter{width:1em;height:1em}.elementor-widget-text-editor .elementor-drop-cap{float:left;text-align:center;line-height:1;font-size:50px}.elementor-widget-text-editor .elementor-drop-cap-letter{display:inline-block}<\/style>\t\t\t\t<h1>Contact<\/h1><h2>Mesajul dvs.<\/h2>\t\t\t\t\t\t<\/div>\n\t\t\t\t<\/div>\n\t\t\t\t\t<\/div>\n\t\t\t\t<\/div>\n\t\t\t\t<section class=\"elementor-section elementor-top-section elementor-element elementor-element-e004161 elementor-hidden-mobile elementor-section-boxed elementor-section-height-default elementor-section-height-default\" data-id=\"e004161\" data-element_type=\"section\">\n\t\t\t\t\t\t<div class=\"elementor-container elementor-column-gap-default\">\n\t\t\t\t\t<div class=\"elementor-column elementor-col-33 elementor-top-column elementor-element elementor-element-42c0f29\" data-id=\"42c0f29\" data-element_type=\"column\">\n\t\t\t<div class=\"elementor-widget-wrap elementor-element-populated\">\n\t\t\t\t\t\t\t\t<div class=\"elementor-element elementor-element-1500585 elementor-widget elementor-widget-text-editor\" data-id=\"1500585\" data-element_type=\"widget\" data-widget_type=\"text-editor.default\">\n\t\t\t\t<div class=\"elementor-widget-container\">\n\t\t\t\t\t\t\t<p>Prenume<br \/>Nume<br \/>E-mail<br \/>Mesajul dvs.<\/p>\t\t\t\t\t\t<\/div>\n\t\t\t\t<\/div>\n\t\t\t\t\t<\/div>\n\t\t<\/div>\n\t\t\t\t<div class=\"elementor-column elementor-col-33 elementor-top-column elementor-element elementor-element-830f302\" data-id=\"830f302\" data-element_type=\"column\">\n\t\t\t<div class=\"elementor-widget-wrap elementor-element-populated\">\n\t\t\t\t\t\t\t\t<div class=\"elementor-element elementor-element-d55be40 elementor-widget elementor-widget-html\" data-id=\"d55be40\" data-element_type=\"widget\" data-widget_type=\"html.default\">\n\t\t\t\t<div class=\"elementor-widget-container\">\n\t\t\t<iframe loading=\"lazy\" src=\"https:\/\/frauenarzt-net.de\/kontaktformular4.php\"  height=\"700\" width=\"100%\" onscroll=\"no\"><\/iframe>\n\t\t<\/div>\n\t\t\t\t<\/div>\n\t\t\t\t\t<\/div>\n\t\t<\/div>\n\t\t\t\t<div class=\"elementor-column elementor-col-33 elementor-top-column elementor-element elementor-element-e0d17c9\" data-id=\"e0d17c9\" data-element_type=\"column\">\n\t\t\t<div class=\"elementor-widget-wrap elementor-element-populated\">\n\t\t\t\t\t\t\t\t<div class=\"elementor-element elementor-element-26119a3 elementor-widget elementor-widget-text-editor\" data-id=\"26119a3\" data-element_type=\"widget\" data-widget_type=\"text-editor.default\">\n\t\t\t\t<div class=\"elementor-widget-container\">\n\t\t\t\t\t\t\t<h3>ADRESA<\/h3><p><strong>Practica Dr. Wechsler<\/strong><br \/>Cabinet cu plata<br \/>Clinic Bel Etage<br \/>Reichstr. 58<br \/>40217 D\u00fcsseldorf<\/p><p>Telefon 0211 \u2013 435 04 67<br \/>E-Mail: praxis@dr-wechsler.de<\/p><p><strong>Orele noastre de deschidere:<\/strong><\/p><p>Luni-Vineri: 9:00 a.m. &#8211; 11:00 a.m<\/p><p><strong>Consultatiile la cabinet se fac doar cu programare prealabila<\/strong><\/p><p>We speak englisch | On parle francais | Vorbim rom\u00e2ne\u0219te<\/p>\t\t\t\t\t\t<\/div>\n\t\t\t\t<\/div>\n\t\t\t\t<div class=\"elementor-element elementor-element-70c682e elementor-align-left elementor-widget elementor-widget-button\" data-id=\"70c682e\" data-element_type=\"widget\" data-widget_type=\"button.default\">\n\t\t\t\t<div class=\"elementor-widget-container\">\n\t\t\t\t\t<div class=\"elementor-button-wrapper\">\n\t\t\t<a href=\"https:\/\/www.doctolib.de\/privatpraxis\/duesseldorf\/privatpraxis-fuer-gynaekologie-dr-wechsler?utm_campaign=website-button&#038;utm_source=privatpraxis-fuer-gynaekologie-dr-wechsler-website-button&#038;utm_medium=referral&#038;utm_content=option-8&#038;utm_term=privatpraxis-fuer-gynaekologie-dr-wechsler\" target=\"_blank\" class=\"elementor-button-link elementor-button elementor-size-sm\" role=\"button\">\n\t\t\t\t\t\t<span class=\"elementor-button-content-wrapper\">\n\t\t\t\t\t\t<span class=\"elementor-button-text\">Rezerv\u0103 o programare<\/span>\n\t\t<\/span>\n\t\t\t\t\t<\/a>\n\t\t<\/div>\n\t\t\t\t<\/div>\n\t\t\t\t<\/div>\n\t\t\t\t\t<\/div>\n\t\t<\/div>\n\t\t\t\t\t\t\t<\/div>\n\t\t<\/section>\n\t\t\t\t<section class=\"elementor-section elementor-top-section elementor-element elementor-element-0c4635f elementor-hidden-desktop elementor-hidden-tablet elementor-section-boxed elementor-section-height-default elementor-section-height-default\" data-id=\"0c4635f\" data-element_type=\"section\">\n\t\t\t\t\t\t<div class=\"elementor-container elementor-column-gap-default\">\n\t\t\t\t\t<div class=\"elementor-column elementor-col-33 elementor-top-column elementor-element elementor-element-1f9eaae\" data-id=\"1f9eaae\" data-element_type=\"column\">\n\t\t\t<div class=\"elementor-widget-wrap\">\n\t\t\t\t\t\t\t\t\t<\/div>\n\t\t<\/div>\n\t\t\t\t<div class=\"elementor-column elementor-col-33 elementor-top-column elementor-element elementor-element-70d41d0\" data-id=\"70d41d0\" data-element_type=\"column\">\n\t\t\t<div class=\"elementor-widget-wrap elementor-element-populated\">\n\t\t\t\t\t\t\t\t<div class=\"elementor-element elementor-element-1a08aa5 elementor-widget elementor-widget-html\" data-id=\"1a08aa5\" data-element_type=\"widget\" data-widget_type=\"html.default\">\n\t\t\t\t<div class=\"elementor-widget-container\">\n\t\t\t<iframe loading=\"lazy\" src=\"https:\/\/frauenarzt-net.de\/kontaktformular4mobil.php\"  height=\"700\" width=\"100%\" onscroll=\"no\"><\/iframe>\n\t\t<\/div>\n\t\t\t\t<\/div>\n\t\t\t\t\t<\/div>\n\t\t<\/div>\n\t\t\t\t<div class=\"elementor-column elementor-col-33 elementor-top-column elementor-element elementor-element-2387691\" data-id=\"2387691\" data-element_type=\"column\">\n\t\t\t<div class=\"elementor-widget-wrap elementor-element-populated\">\n\t\t\t\t\t\t\t\t<div class=\"elementor-element elementor-element-357db9b elementor-widget elementor-widget-text-editor\" data-id=\"357db9b\" data-element_type=\"widget\" data-widget_type=\"text-editor.default\">\n\t\t\t\t<div class=\"elementor-widget-container\">\n\t\t\t\t\t\t\t<h3>ADRESA<\/h3><p><strong>Practica Dr. Wechsler<\/strong><br \/>Cabinet cu plata<br \/>Clinic Bel Etage<br \/>Reichstr. 58<br \/>40217 D\u00fcsseldorf<\/p><p>Telefon 0211 \u2013 435 04 67<br \/>E-Mail: praxis@dr-wechsler.de<\/p><p><strong>Orele noastre de deschidere:<\/strong><\/p><p>Luni-Vineri: 9:00 a.m. &#8211; 11:00 a.m<\/p><p><strong>Consultatiile la cabinet se fac doar cu programare prealabila<\/strong><\/p><p>We speak englisch | On parle francais | Vorbim rom\u00e2ne\u0219te<\/p>\t\t\t\t\t\t<\/div>\n\t\t\t\t<\/div>\n\t\t\t\t<div class=\"elementor-element elementor-element-84ed9c6 elementor-align-left elementor-mobile-align-center elementor-widget elementor-widget-button\" data-id=\"84ed9c6\" data-element_type=\"widget\" data-widget_type=\"button.default\">\n\t\t\t\t<div class=\"elementor-widget-container\">\n\t\t\t\t\t<div class=\"elementor-button-wrapper\">\n\t\t\t<a href=\"https:\/\/www.doctolib.de\/privatpraxis\/duesseldorf\/privatpraxis-fuer-gynaekologie-dr-wechsler?utm_campaign=website-button&#038;utm_source=privatpraxis-fuer-gynaekologie-dr-wechsler-website-button&#038;utm_medium=referral&#038;utm_content=option-8&#038;utm_term=privatpraxis-fuer-gynaekologie-dr-wechsler\" target=\"_blank\" class=\"elementor-button-link elementor-button elementor-size-sm\" role=\"button\">\n\t\t\t\t\t\t<span class=\"elementor-button-content-wrapper\">\n\t\t\t\t\t\t<span class=\"elementor-button-text\">Rezerv\u0103 o programare<\/span>\n\t\t<\/span>\n\t\t\t\t\t<\/a>\n\t\t<\/div>\n\t\t\t\t<\/div>\n\t\t\t\t<\/div>\n\t\t\t\t\t<\/div>\n\t\t<\/div>\n\t\t\t\t\t\t\t<\/div>\n\t\t<\/section>\n\t\t\t\t<section class=\"elementor-section elementor-top-section elementor-element elementor-element-5988a82 elementor-section-full_width elementor-section-height-default elementor-section-height-default\" data-id=\"5988a82\" data-element_type=\"section\">\n\t\t\t\t\t\t<div class=\"elementor-container elementor-column-gap-default\">\n\t\t\t\t\t<div class=\"elementor-column elementor-col-100 elementor-top-column elementor-element elementor-element-a69c99e\" data-id=\"a69c99e\" data-element_type=\"column\">\n\t\t\t<div class=\"elementor-widget-wrap elementor-element-populated\">\n\t\t\t\t\t\t\t\t<div class=\"elementor-element elementor-element-3f1a167 elementor-widget elementor-widget-google_maps\" data-id=\"3f1a167\" data-element_type=\"widget\" data-widget_type=\"google_maps.default\">\n\t\t\t\t<div class=\"elementor-widget-container\">\n\t\t\t<style>\/*! elementor - v3.9.2 - 21-12-2022 *\/\n.elementor-widget-google_maps .elementor-widget-container{overflow:hidden}.elementor-widget-google_maps iframe{height:300px}<\/style>\t\t<div class=\"elementor-custom-embed\">\n\t\t\t<iframe frameborder=\"0\" scrolling=\"no\" marginheight=\"0\" marginwidth=\"0\"\n\t\t\t\t\tsrc=\"https:\/\/maps.google.com\/maps?q=Reichstr.%2059%2C%2040417%20D%C3%BCsseldorf&#038;t=m&#038;z=11&#038;output=embed&#038;iwloc=near\"\n\t\t\t\t\ttitle=\"Reichstr. 59, 40417 D\u00fcsseldorf\"\n\t\t\t\t\taria-label=\"Reichstr. 59, 40417 D\u00fcsseldorf\"\n\t\t\t><\/iframe>\n\t\t<\/div>\n\t\t\t\t<\/div>\n\t\t\t\t<\/div>\n\t\t\t\t\t<\/div>\n\t\t<\/div>\n\t\t\t\t\t\t\t<\/div>\n\t\t<\/section>\n\t\t<div class=\"elementor-element elementor-element-8f64bea e-con-boxed e-con\" data-id=\"8f64bea\" data-element_type=\"container\" data-settings=\"{&quot;content_width&quot;:&quot;boxed&quot;}\">\n\t\t\t\t\t<div class=\"e-con-inner\">\n\t\t\t\t\t<\/div>\n\t\t\t\t<\/div>\n\t\t\t\t\t\t\t<\/div>\n\t\t","protected":false},"excerpt":{"rendered":"<p>Kontakt Ihre Nachricht VornameNameE-MailIhre Nachricht ANSCHRIFT Praxis Dr. WechslerGeburtshilfe und Gyn\u00e4kologiePraxis f\u00fcr Privatpatienten und SelbszahlerClinic Bel EtageReichstr. 5940417 D\u00fcsseldorf Telefon 0211 \u2013 435 04 67\u00a0E-Mail: praxis@dr-wechsler.de Unsere \u00d6ffnungszeiten: Mo-Fr: 9:00-11:00 Termine nur nach Vereinbarung We speak englisch | On parle francais | Vorbim rom\u00e2ne\u0219te Termin vereinbaren Praxis Dr. WechslerGeburtshilfe und Gyn\u00e4kologiePraxis f\u00fcr Privatpatienten und SelbszahlerClinic [&hellip;]<\/p>\n","protected":false},"author":4,"featured_media":0,"parent":0,"menu_order":0,"comment_status":"closed","ping_status":"closed","template":"elementor_header_footer","meta":[],"yoast_head":"<!-- This site is optimized with the Yoast SEO plugin v19.13 - https:\/\/yoast.com\/wordpress\/plugins\/seo\/ -->\n<title>Drs Georgina und Eli Wechsler - Ihre Frauen\u00e4rzte in D\u00fcsseldorf<\/title>\n<meta name=\"description\" content=\"Wir sind Experten f\u00fcr Kinderwunsch, Risikoschwangerschaften, Krebserkrankungen und moderne Diagnostik und Therapieans\u00e4tze\" \/>\n<meta name=\"robots\" content=\"index, follow, max-snippet:-1, max-image-preview:large, max-video-preview:-1\" \/>\n<link rel=\"canonical\" href=\"https:\/\/frauenarzt-net.de\/kontakt\/\" \/>\n<meta property=\"og:locale\" content=\"ro_RO\" \/>\n<meta property=\"og:type\" content=\"article\" \/>\n<meta property=\"og:title\" content=\"Drs Georgina und Eli Wechsler - Ihre Frauen\u00e4rzte in D\u00fcsseldorf\" \/>\n<meta property=\"og:description\" content=\"Wir sind Experten f\u00fcr Kinderwunsch, Risikoschwangerschaften, Krebserkrankungen und moderne Diagnostik und Therapieans\u00e4tze\" \/>\n<meta property=\"og:url\" content=\"https:\/\/frauenarzt-net.de\/kontakt\/\" \/>\n<meta property=\"og:site_name\" content=\"Praxis Dr. Wechsler - Ihre Frauen\u00e4rztin in D\u00fcsseldorf und Umgebung\" \/>\n<meta property=\"article:modified_time\" content=\"2026-01-28T21:26:13+00:00\" \/>\n<meta name=\"twitter:card\" content=\"summary_large_image\" \/>\n<meta name=\"twitter:label1\" content=\"Timp estimat pentru citire\" \/>\n\t<meta name=\"twitter:data1\" content=\"1 minut\" \/>\n<script type=\"application\/ld+json\" class=\"yoast-schema-graph\">{\"@context\":\"https:\/\/schema.org\",\"@graph\":[{\"@type\":\"WebPage\",\"@id\":\"https:\/\/frauenarzt-net.de\/kontakt\/\",\"url\":\"https:\/\/frauenarzt-net.de\/kontakt\/\",\"name\":\"Drs Georgina und Eli Wechsler - Ihre Frauen\u00e4rzte in D\u00fcsseldorf\",\"isPartOf\":{\"@id\":\"https:\/\/frauenarzt-net.de\/#website\"},\"datePublished\":\"2022-07-12T23:08:18+00:00\",\"dateModified\":\"2026-01-28T21:26:13+00:00\",\"description\":\"Wir sind Experten f\u00fcr Kinderwunsch, Risikoschwangerschaften, Krebserkrankungen und moderne Diagnostik und Therapieans\u00e4tze\",\"breadcrumb\":{\"@id\":\"https:\/\/frauenarzt-net.de\/kontakt\/#breadcrumb\"},\"inLanguage\":\"ro-RO\",\"potentialAction\":[{\"@type\":\"ReadAction\",\"target\":[\"https:\/\/frauenarzt-net.de\/kontakt\/\"]}]},{\"@type\":\"BreadcrumbList\",\"@id\":\"https:\/\/frauenarzt-net.de\/kontakt\/#breadcrumb\",\"itemListElement\":[{\"@type\":\"ListItem\",\"position\":1,\"name\":\"Home\",\"item\":\"https:\/\/frauenarzt-net.de\/\"},{\"@type\":\"ListItem\",\"position\":2,\"name\":\"Kontakt\"}]},{\"@type\":\"WebSite\",\"@id\":\"https:\/\/frauenarzt-net.de\/#website\",\"url\":\"https:\/\/frauenarzt-net.de\/\",\"name\":\"Praxis Dr. Wechsler - Ihre Frauen\u00e4rztin in D\u00fcsseldorf und Umgebung\",\"description\":\"\",\"publisher\":{\"@id\":\"https:\/\/frauenarzt-net.de\/#organization\"},\"potentialAction\":[{\"@type\":\"SearchAction\",\"target\":{\"@type\":\"EntryPoint\",\"urlTemplate\":\"https:\/\/frauenarzt-net.de\/?s={search_term_string}\"},\"query-input\":\"required name=search_term_string\"}],\"inLanguage\":\"ro-RO\"},{\"@type\":\"Organization\",\"@id\":\"https:\/\/frauenarzt-net.de\/#organization\",\"name\":\"INVESTMENT COINS\",\"url\":\"https:\/\/frauenarzt-net.de\/\",\"logo\":{\"@type\":\"ImageObject\",\"inLanguage\":\"ro-RO\",\"@id\":\"https:\/\/frauenarzt-net.de\/#\/schema\/logo\/image\/\",\"url\":\"https:\/\/frauenaerztin-duesseldorf.dr-wechsler.de\/wp-content\/uploads\/2021\/07\/logo2.png\",\"contentUrl\":\"https:\/\/frauenaerztin-duesseldorf.dr-wechsler.de\/wp-content\/uploads\/2021\/07\/logo2.png\",\"width\":794,\"height\":71,\"caption\":\"INVESTMENT COINS\"},\"image\":{\"@id\":\"https:\/\/frauenarzt-net.de\/#\/schema\/logo\/image\/\"}}]}<\/script>\n<!-- \/ Yoast SEO plugin. -->","yoast_head_json":{"title":"Drs Georgina und Eli Wechsler - Ihre Frauen\u00e4rzte in D\u00fcsseldorf","description":"Wir sind Experten f\u00fcr Kinderwunsch, Risikoschwangerschaften, Krebserkrankungen und moderne Diagnostik und Therapieans\u00e4tze","robots":{"index":"index","follow":"follow","max-snippet":"max-snippet:-1","max-image-preview":"max-image-preview:large","max-video-preview":"max-video-preview:-1"},"canonical":"https:\/\/frauenarzt-net.de\/kontakt\/","og_locale":"ro_RO","og_type":"article","og_title":"Drs Georgina und Eli Wechsler - Ihre Frauen\u00e4rzte in D\u00fcsseldorf","og_description":"Wir sind Experten f\u00fcr Kinderwunsch, Risikoschwangerschaften, Krebserkrankungen und moderne Diagnostik und Therapieans\u00e4tze","og_url":"https:\/\/frauenarzt-net.de\/kontakt\/","og_site_name":"Praxis Dr. Wechsler - Ihre Frauen\u00e4rztin in D\u00fcsseldorf und Umgebung","article_modified_time":"2026-01-28T21:26:13+00:00","twitter_card":"summary_large_image","twitter_misc":{"Timp estimat pentru citire":"1 minut"},"schema":{"@context":"https:\/\/schema.org","@graph":[{"@type":"WebPage","@id":"https:\/\/frauenarzt-net.de\/kontakt\/","url":"https:\/\/frauenarzt-net.de\/kontakt\/","name":"Drs Georgina und Eli Wechsler - Ihre Frauen\u00e4rzte in D\u00fcsseldorf","isPartOf":{"@id":"https:\/\/frauenarzt-net.de\/#website"},"datePublished":"2022-07-12T23:08:18+00:00","dateModified":"2026-01-28T21:26:13+00:00","description":"Wir sind Experten f\u00fcr Kinderwunsch, Risikoschwangerschaften, Krebserkrankungen und moderne Diagnostik und Therapieans\u00e4tze","breadcrumb":{"@id":"https:\/\/frauenarzt-net.de\/kontakt\/#breadcrumb"},"inLanguage":"ro-RO","potentialAction":[{"@type":"ReadAction","target":["https:\/\/frauenarzt-net.de\/kontakt\/"]}]},{"@type":"BreadcrumbList","@id":"https:\/\/frauenarzt-net.de\/kontakt\/#breadcrumb","itemListElement":[{"@type":"ListItem","position":1,"name":"Home","item":"https:\/\/frauenarzt-net.de\/"},{"@type":"ListItem","position":2,"name":"Kontakt"}]},{"@type":"WebSite","@id":"https:\/\/frauenarzt-net.de\/#website","url":"https:\/\/frauenarzt-net.de\/","name":"Praxis Dr. Wechsler - Ihre Frauen\u00e4rztin in D\u00fcsseldorf und Umgebung","description":"","publisher":{"@id":"https:\/\/frauenarzt-net.de\/#organization"},"potentialAction":[{"@type":"SearchAction","target":{"@type":"EntryPoint","urlTemplate":"https:\/\/frauenarzt-net.de\/?s={search_term_string}"},"query-input":"required name=search_term_string"}],"inLanguage":"ro-RO"},{"@type":"Organization","@id":"https:\/\/frauenarzt-net.de\/#organization","name":"INVESTMENT COINS","url":"https:\/\/frauenarzt-net.de\/","logo":{"@type":"ImageObject","inLanguage":"ro-RO","@id":"https:\/\/frauenarzt-net.de\/#\/schema\/logo\/image\/","url":"https:\/\/frauenaerztin-duesseldorf.dr-wechsler.de\/wp-content\/uploads\/2021\/07\/logo2.png","contentUrl":"https:\/\/frauenaerztin-duesseldorf.dr-wechsler.de\/wp-content\/uploads\/2021\/07\/logo2.png","width":794,"height":71,"caption":"INVESTMENT COINS"},"image":{"@id":"https:\/\/frauenarzt-net.de\/#\/schema\/logo\/image\/"}}]}},"_links":{"self":[{"href":"https:\/\/frauenarzt-net.de\/wp-json\/wp\/v2\/pages\/2815"}],"collection":[{"href":"https:\/\/frauenarzt-net.de\/wp-json\/wp\/v2\/pages"}],"about":[{"href":"https:\/\/frauenarzt-net.de\/wp-json\/wp\/v2\/types\/page"}],"author":[{"embeddable":true,"href":"https:\/\/frauenarzt-net.de\/wp-json\/wp\/v2\/users\/4"}],"replies":[{"embeddable":true,"href":"https:\/\/frauenarzt-net.de\/wp-json\/wp\/v2\/comments?post=2815"}],"version-history":[{"count":202,"href":"https:\/\/frauenarzt-net.de\/wp-json\/wp\/v2\/pages\/2815\/revisions"}],"predecessor-version":[{"id":7164,"href":"https:\/\/frauenarzt-net.de\/wp-json\/wp\/v2\/pages\/2815\/revisions\/7164"}],"wp:attachment":[{"href":"https:\/\/frauenarzt-net.de\/wp-json\/wp\/v2\/media?parent=2815"}],"curies":[{"name":"wp","href":"https:\/\/api.w.org\/{rel}","templated":true}]}}