{"id":4758,"date":"2024-11-30T00:26:32","date_gmt":"2024-11-30T00:26:32","guid":{"rendered":"https:\/\/frauenarzt-net.de\/?page_id=4758"},"modified":"2025-12-02T17:12:34","modified_gmt":"2025-12-02T17:12:34","slug":"risikoschwangerschaften","status":"publish","type":"page","link":"https:\/\/frauenarzt-net.de\/risikoschwangerschaften\/","title":{"rendered":"Risikoschwangerschaften"},"content":{"rendered":"\t\t<div data-elementor-type=\"wp-page\" data-elementor-id=\"4758\" class=\"elementor elementor-4758\">\n\t\t\t\t\t\t\t<div class=\"elementor-element elementor-element-b84ae9e elementor-hidden-desktop elementor-hidden-tablet e-con-boxed e-con\" data-id=\"b84ae9e\" data-element_type=\"container\" data-settings=\"{&quot;content_width&quot;:&quot;boxed&quot;}\">\n\t\t\t\t\t<div class=\"e-con-inner\">\n\t\t\t\t<div class=\"elementor-element elementor-element-2a43fb1 elementor-widget elementor-widget-text-editor\" data-id=\"2a43fb1\" data-element_type=\"widget\" data-widget_type=\"text-editor.default\">\n\t\t\t\t<div class=\"elementor-widget-container\">\n\t\t\t<style>\/*! elementor - v3.9.2 - 21-12-2022 *\/\n.elementor-widget-text-editor.elementor-drop-cap-view-stacked .elementor-drop-cap{background-color:#818a91;color:#fff}.elementor-widget-text-editor.elementor-drop-cap-view-framed .elementor-drop-cap{color:#818a91;border:3px solid;background-color:transparent}.elementor-widget-text-editor:not(.elementor-drop-cap-view-default) .elementor-drop-cap{margin-top:8px}.elementor-widget-text-editor:not(.elementor-drop-cap-view-default) .elementor-drop-cap-letter{width:1em;height:1em}.elementor-widget-text-editor .elementor-drop-cap{float:left;text-align:center;line-height:1;font-size:50px}.elementor-widget-text-editor .elementor-drop-cap-letter{display:inline-block}<\/style>\t\t\t\t<h1 class=\"mb-3 mt-3 text-3xl font-normal first:mt-3\">Grossesses \u00e0 Risque<\/h1><h2 class=\"mb-3 mt-3 text-3xl font-normal first:mt-3\">Conseils et prise en charge complets aupr\u00e8s de vos gyn\u00e9cologues \u00e0 D\u00fcsseldorf<\/h2>\t\t\t\t\t\t<\/div>\n\t\t\t\t<\/div>\n\t\t\t\t\t<\/div>\n\t\t\t\t<\/div>\n\t\t<div class=\"elementor-element elementor-element-cb91eab elementor-hidden-mobile e-con-boxed e-con\" data-id=\"cb91eab\" data-element_type=\"container\" data-settings=\"{&quot;content_width&quot;:&quot;boxed&quot;}\">\n\t\t\t\t\t<div class=\"e-con-inner\">\n\t\t\t\t<div class=\"elementor-element elementor-element-aa8df96 elementor-widget elementor-widget-text-editor\" data-id=\"aa8df96\" data-element_type=\"widget\" data-widget_type=\"text-editor.default\">\n\t\t\t\t<div class=\"elementor-widget-container\">\n\t\t\t\t\t\t\t<h1 class=\"mb-3 mt-3 text-3xl font-normal first:mt-3\">Grossesses \u00e0 Risque<\/h1><h2 class=\"mb-3 mt-3 text-3xl font-normal first:mt-3\">Conseils et prise en charge complets aupr\u00e8s de vos gyn\u00e9cologues \u00e0 D\u00fcsseldorf<\/h2>\t\t\t\t\t\t<\/div>\n\t\t\t\t<\/div>\n\t\t\t\t\t<\/div>\n\t\t\t\t<\/div>\n\t\t<div class=\"elementor-element elementor-element-a3a95d0 elementor-hidden-mobile e-con-boxed e-con\" data-id=\"a3a95d0\" data-element_type=\"container\" data-settings=\"{&quot;content_width&quot;:&quot;boxed&quot;}\">\n\t\t\t\t\t<div class=\"e-con-inner\">\n\t\t<div class=\"elementor-element elementor-element-30e9e90 e-con-full e-con\" data-id=\"30e9e90\" data-element_type=\"container\" data-settings=\"{&quot;content_width&quot;:&quot;full&quot;}\">\n\t\t\t\t<div class=\"elementor-element elementor-element-1835245 elementor-widget elementor-widget-text-editor\" data-id=\"1835245\" data-element_type=\"widget\" data-widget_type=\"text-editor.default\">\n\t\t\t\t<div class=\"elementor-widget-container\">\n\t\t\t\t\t\t\t<p data-start=\"572\" data-end=\"723\">Une grossesse \u00e0 risque n\u00e9cessite une attention et des soins particuliers afin de prot\u00e9ger au mieux la sant\u00e9 de la m\u00e8re et de l\u2019enfant.<\/p><p data-start=\"1038\" data-end=\"1198\">Nous r\u00e9alisons des contr\u00f4les r\u00e9guliers afin de surveiller attentivement le d\u00e9veloppement de votre b\u00e9b\u00e9 et de d\u00e9tecter pr\u00e9cocement d\u2019\u00e9ventuelles complications.<\/p>\t\t\t\t\t\t<\/div>\n\t\t\t\t<\/div>\n\t\t\t\t<\/div>\n\t\t<div class=\"elementor-element elementor-element-9c3bc6b e-con-full e-con\" data-id=\"9c3bc6b\" data-element_type=\"container\" data-settings=\"{&quot;content_width&quot;:&quot;full&quot;}\">\n\t\t\t\t<div class=\"elementor-element elementor-element-54a3505 elementor-align-left elementor-widget elementor-widget-button\" data-id=\"54a3505\" data-element_type=\"widget\" data-widget_type=\"button.default\">\n\t\t\t\t<div class=\"elementor-widget-container\">\n\t\t\t\t\t<div class=\"elementor-button-wrapper\">\n\t\t\t<a href=\"https:\/\/www.doctolib.de\/privatpraxis\/duesseldorf\/privatpraxis-fuer-gynaekologie-dr-wechsler?utm_campaign=website-button&#038;utm_source=privatpraxis-fuer-gynaekologie-dr-wechsler-website-button&#038;utm_medium=referral&#038;utm_content=option-8&#038;utm_term=privatpraxis-fuer-gynaekologie-dr-wechsler\" target=\"_blank\" class=\"elementor-button-link elementor-button elementor-size-sm\" role=\"button\">\n\t\t\t\t\t\t<span class=\"elementor-button-content-wrapper\">\n\t\t\t\t\t\t<span class=\"elementor-button-text\">Prendre Rendez-Vouz<\/span>\n\t\t<\/span>\n\t\t\t\t\t<\/a>\n\t\t<\/div>\n\t\t\t\t<\/div>\n\t\t\t\t<\/div>\n\t\t\t\t<\/div>\n\t\t\t\t\t<\/div>\n\t\t\t\t<\/div>\n\t\t<div class=\"elementor-element elementor-element-5a9f1db elementor-hidden-desktop elementor-hidden-tablet e-con-boxed e-con\" data-id=\"5a9f1db\" data-element_type=\"container\" data-settings=\"{&quot;content_width&quot;:&quot;boxed&quot;}\">\n\t\t\t\t\t<div class=\"e-con-inner\">\n\t\t<div class=\"elementor-element elementor-element-6ba3b2f e-con-full e-con\" data-id=\"6ba3b2f\" data-element_type=\"container\" data-settings=\"{&quot;content_width&quot;:&quot;full&quot;}\">\n\t\t\t\t<div class=\"elementor-element elementor-element-57d3e68 elementor-widget elementor-widget-text-editor\" data-id=\"57d3e68\" data-element_type=\"widget\" data-widget_type=\"text-editor.default\">\n\t\t\t\t<div class=\"elementor-widget-container\">\n\t\t\t\t\t\t\t<p data-start=\"572\" data-end=\"723\">Une grossesse \u00e0 risque n\u00e9cessite une attention et des soins particuliers afin de prot\u00e9ger au mieux la sant\u00e9 de la m\u00e8re et de l\u2019enfant.<\/p><p data-start=\"1038\" data-end=\"1198\">Nous r\u00e9alisons des contr\u00f4les r\u00e9guliers afin de surveiller attentivement le d\u00e9veloppement de votre b\u00e9b\u00e9 et de d\u00e9tecter pr\u00e9cocement d\u2019\u00e9ventuelles complications.<\/p>\t\t\t\t\t\t<\/div>\n\t\t\t\t<\/div>\n\t\t\t\t<\/div>\n\t\t<div class=\"elementor-element elementor-element-418f5e2 e-con-full e-con\" data-id=\"418f5e2\" data-element_type=\"container\" data-settings=\"{&quot;content_width&quot;:&quot;full&quot;}\">\n\t\t\t\t<div class=\"elementor-element elementor-element-1d5275c elementor-align-left elementor-mobile-align-center elementor-widget elementor-widget-button\" data-id=\"1d5275c\" data-element_type=\"widget\" data-widget_type=\"button.default\">\n\t\t\t\t<div class=\"elementor-widget-container\">\n\t\t\t\t\t<div class=\"elementor-button-wrapper\">\n\t\t\t<a href=\"https:\/\/www.doctolib.de\/privatpraxis\/duesseldorf\/privatpraxis-fuer-gynaekologie-dr-wechsler?utm_campaign=website-button&#038;utm_source=privatpraxis-fuer-gynaekologie-dr-wechsler-website-button&#038;utm_medium=referral&#038;utm_content=option-8&#038;utm_term=privatpraxis-fuer-gynaekologie-dr-wechsler\" target=\"_blank\" class=\"elementor-button-link elementor-button elementor-size-sm\" role=\"button\">\n\t\t\t\t\t\t<span class=\"elementor-button-content-wrapper\">\n\t\t\t\t\t\t<span class=\"elementor-button-text\">Prendre Rendez-Vouz<\/span>\n\t\t<\/span>\n\t\t\t\t\t<\/a>\n\t\t<\/div>\n\t\t\t\t<\/div>\n\t\t\t\t<\/div>\n\t\t\t\t<\/div>\n\t\t\t\t\t<\/div>\n\t\t\t\t<\/div>\n\t\t<div class=\"elementor-element elementor-element-74ecbd2 e-con-boxed e-con\" data-id=\"74ecbd2\" data-element_type=\"container\" data-settings=\"{&quot;content_width&quot;:&quot;boxed&quot;}\">\n\t\t\t\t\t<div class=\"e-con-inner\">\n\t\t\t\t<div class=\"elementor-element elementor-element-25f4c21 elementor-widget elementor-widget-image\" data-id=\"25f4c21\" data-element_type=\"widget\" data-widget_type=\"image.default\">\n\t\t\t\t<div class=\"elementor-widget-container\">\n\t\t\t<style>\/*! elementor - v3.9.2 - 21-12-2022 *\/\n.elementor-widget-image{text-align:center}.elementor-widget-image a{display:inline-block}.elementor-widget-image a img[src$=\".svg\"]{width:48px}.elementor-widget-image img{vertical-align:middle;display:inline-block}<\/style>\t\t\t\t\t\t\t\t\t\t\t\t<img decoding=\"async\" width=\"1000\" height=\"436\" src=\"https:\/\/frauenarzt-net.de\/wp-content\/uploads\/2025\/12\/risiko.jpg\" class=\"attachment-large size-large wp-image-6914\" alt=\"\" loading=\"lazy\" srcset=\"https:\/\/frauenarzt-net.de\/wp-content\/uploads\/2025\/12\/risiko.jpg 1000w, https:\/\/frauenarzt-net.de\/wp-content\/uploads\/2025\/12\/risiko-400x174.jpg 400w, https:\/\/frauenarzt-net.de\/wp-content\/uploads\/2025\/12\/risiko-250x109.jpg 250w, https:\/\/frauenarzt-net.de\/wp-content\/uploads\/2025\/12\/risiko-768x335.jpg 768w\" sizes=\"(max-width: 1000px) 100vw, 1000px\" \/>\t\t\t\t\t\t\t\t\t\t\t\t\t\t\t<\/div>\n\t\t\t\t<\/div>\n\t\t\t\t\t<\/div>\n\t\t\t\t<\/div>\n\t\t<div class=\"elementor-element elementor-element-8d54024 e-con-boxed e-con\" data-id=\"8d54024\" data-element_type=\"container\" data-settings=\"{&quot;content_width&quot;:&quot;boxed&quot;}\">\n\t\t\t\t\t<div class=\"e-con-inner\">\n\t\t<div class=\"elementor-element elementor-element-a772358 e-con-full e-con\" data-id=\"a772358\" data-element_type=\"container\" data-settings=\"{&quot;content_width&quot;:&quot;full&quot;}\">\n\t\t\t\t<div class=\"elementor-element elementor-element-51a19b7 elementor-widget elementor-widget-text-editor\" data-id=\"51a19b7\" data-element_type=\"widget\" data-widget_type=\"text-editor.default\">\n\t\t\t\t<div class=\"elementor-widget-container\">\n\t\t\t\t\t\t\t<h2>Tout sur votre grossesse :<\/h2><p><a href=\"https:\/\/frauenarzt-net.de\/ersttrimesterscreening\/\">D\u00e9pistage du premier trimestre<\/a><\/p><p><a href=\"https:\/\/frauenarzt-net.de\/doppleruntersuchung-in-duesseldorf\/\">Examen Doppler<\/a><\/p><p><a href=\"https:\/\/frauenarzt-net.de\/risikoschwangerschaften\/\">Grossesses \u00e0 risque<\/a><\/p><p><a href=\"https:\/\/frauenarzt-net.de\/beratung-zur-geburt\/\">Conseil \u00e0 l&#8217;accouchement<\/a><\/p>\t\t\t\t\t\t<\/div>\n\t\t\t\t<\/div>\n\t\t\t\t<\/div>\n\t\t<div class=\"elementor-element elementor-element-2fc3935 e-con-full e-con\" data-id=\"2fc3935\" data-element_type=\"container\" data-settings=\"{&quot;content_width&quot;:&quot;full&quot;}\">\n\t\t\t\t<div class=\"elementor-element elementor-element-37b5fb6 elementor-widget elementor-widget-text-editor\" data-id=\"37b5fb6\" data-element_type=\"widget\" data-widget_type=\"text-editor.default\">\n\t\t\t\t<div class=\"elementor-widget-container\">\n\t\t\t\t\t\t\t<h2>Gyn\u00e9cologie :<\/h2><p><a href=\"https:\/\/frauenarzt-net.de\/teenager-sprechstunde\/\">Consultation pour adolescentes<\/a><\/p><p><a href=\"https:\/\/frauenarzt-net.de\/vorsorge\/\">Pr\u00e9vention<\/a><\/p><p><a href=\"https:\/\/frauenarzt-net.de\/verhuetung\/\">Contraception<\/a><\/p><p><a href=\"https:\/\/frauenarzt-net.de\/kinderwunsch\/\">D\u00e9sir d&#8217;enfant<\/a><\/p><p><a href=\"https:\/\/frauenarzt-net.de\/kinderwunsch-copy\/\">Consultation hormonale<\/a><\/p><p><a href=\"https:\/\/frauenarzt-net.de\/wechseljahre\/\">M\u00e9nopause<\/a><\/p><p><a href=\"https:\/\/frauenarzt-net.de\/brusterkrankungen\/\">Maladies du sein<\/a><\/p><p><a href=\"https:\/\/frauenarzt-net.de\/krebserkrankungen\/\">Cancers<\/a><\/p><p><a href=\"https:\/\/frauenarzt-net.de\/inkontinenz\/\">Incontinence<\/a><\/p><p><a href=\"https:\/\/frauenarzt-net.de\/endometriose\/\">Endom\u00e9triose<\/a><\/p><p><a href=\"https:\/\/frauenarzt-net.de\/ultraschalldiagnostik\/\">Diagnostic par ultrasons<\/a><\/p><p><a href=\"https:\/\/frauenarzt-net.de\/impfungen\/\">Vaccinations<\/a><\/p>\t\t\t\t\t\t<\/div>\n\t\t\t\t<\/div>\n\t\t\t\t<\/div>\n\t\t\t\t\t<\/div>\n\t\t\t\t<\/div>\n\t\t\t\t\t\t\t<\/div>\n\t\t","protected":false},"excerpt":{"rendered":"<p>Risiko-schwangerschaften Kompetente Betreuung \u00a0bei Ihren Frauen\u00e4rzten in D\u00fcsseldorf Risikoschwangerschaften Kompetente Betreuung \u00a0bei Ihren Frauen\u00e4rzten in D\u00fcsseldorf Eine Risikoschwangerschaft erfordert besondere Aufmerksamkeit und F\u00fcrsorge, um die Gesundheit von Mutter und Kind bestm\u00f6glich zu sch\u00fctzen. Wir f\u00fchren regelm\u00e4\u00dfige Kontrolluntersuchungen durch, um die Entwicklung Ihres Babys sorgf\u00e4ltig zu \u00fcberwachen und m\u00f6gliche Komplikationen fr\u00fchzeitig zu erkennen. Termin vereinbaren Eine [&hellip;]<\/p>\n","protected":false},"author":1,"featured_media":0,"parent":0,"menu_order":0,"comment_status":"closed","ping_status":"closed","template":"elementor_header_footer","meta":[],"yoast_head":"<!-- This site is optimized with the Yoast SEO plugin v19.13 - https:\/\/yoast.com\/wordpress\/plugins\/seo\/ -->\n<title>Risikoschwangerschaften<\/title>\n<meta name=\"description\" content=\"Beratung zu Risikoschwangerschaften bei Ihrem Frauenarzt in D\u00fcsseldorf. Dr. Eli Wechsler ist Experte f\u00fcr Risikoschwangerschaften.\" \/>\n<meta name=\"robots\" content=\"index, follow, max-snippet:-1, max-image-preview:large, max-video-preview:-1\" \/>\n<link rel=\"canonical\" href=\"https:\/\/frauenarzt-net.de\/risikoschwangerschaften\/\" \/>\n<meta property=\"og:locale\" content=\"fr_FR\" \/>\n<meta property=\"og:type\" content=\"article\" \/>\n<meta property=\"og:title\" content=\"Risikoschwangerschaften\" \/>\n<meta property=\"og:description\" content=\"Beratung zu Risikoschwangerschaften bei Ihrem Frauenarzt in D\u00fcsseldorf. Dr. Eli Wechsler ist Experte f\u00fcr Risikoschwangerschaften.\" \/>\n<meta property=\"og:url\" content=\"https:\/\/frauenarzt-net.de\/risikoschwangerschaften\/\" \/>\n<meta property=\"og:site_name\" content=\"Praxis Dr. Wechsler - Ihre Frauen\u00e4rztin in D\u00fcsseldorf und Umgebung\" \/>\n<meta property=\"article:modified_time\" content=\"2025-12-02T17:12:34+00:00\" \/>\n<meta property=\"og:image\" content=\"https:\/\/frauenarzt-net.de\/wp-content\/uploads\/2025\/12\/risiko.jpg\" \/>\n<meta name=\"twitter:card\" content=\"summary_large_image\" \/>\n<meta name=\"twitter:label1\" content=\"Dur\u00e9e de lecture estim\u00e9e\" \/>\n\t<meta name=\"twitter:data1\" content=\"1 minute\" \/>\n<script type=\"application\/ld+json\" class=\"yoast-schema-graph\">{\"@context\":\"https:\/\/schema.org\",\"@graph\":[{\"@type\":\"WebPage\",\"@id\":\"https:\/\/frauenarzt-net.de\/risikoschwangerschaften\/\",\"url\":\"https:\/\/frauenarzt-net.de\/risikoschwangerschaften\/\",\"name\":\"Risikoschwangerschaften | Praxis Dr. Wechsler - Ihre Frauen\u00e4rztin in D\u00fcsseldorf und Umgebung\",\"isPartOf\":{\"@id\":\"https:\/\/frauenarzt-net.de\/#website\"},\"datePublished\":\"2024-11-30T00:26:32+00:00\",\"dateModified\":\"2025-12-02T17:12:34+00:00\",\"description\":\"Beratung zu Risikoschwangerschaften bei Ihrem Frauenarzt in D\u00fcsseldorf. Dr. Eli Wechsler ist Experte f\u00fcr Risikoschwangerschaften.\",\"breadcrumb\":{\"@id\":\"https:\/\/frauenarzt-net.de\/risikoschwangerschaften\/#breadcrumb\"},\"inLanguage\":\"fr-FR\",\"potentialAction\":[{\"@type\":\"ReadAction\",\"target\":[\"https:\/\/frauenarzt-net.de\/risikoschwangerschaften\/\"]}]},{\"@type\":\"BreadcrumbList\",\"@id\":\"https:\/\/frauenarzt-net.de\/risikoschwangerschaften\/#breadcrumb\",\"itemListElement\":[{\"@type\":\"ListItem\",\"position\":1,\"name\":\"Home\",\"item\":\"https:\/\/frauenarzt-net.de\/\"},{\"@type\":\"ListItem\",\"position\":2,\"name\":\"Risikoschwangerschaften\"}]},{\"@type\":\"WebSite\",\"@id\":\"https:\/\/frauenarzt-net.de\/#website\",\"url\":\"https:\/\/frauenarzt-net.de\/\",\"name\":\"Praxis Dr. Wechsler - Ihre Frauen\u00e4rztin in D\u00fcsseldorf und Umgebung\",\"description\":\"\",\"publisher\":{\"@id\":\"https:\/\/frauenarzt-net.de\/#organization\"},\"potentialAction\":[{\"@type\":\"SearchAction\",\"target\":{\"@type\":\"EntryPoint\",\"urlTemplate\":\"https:\/\/frauenarzt-net.de\/?s={search_term_string}\"},\"query-input\":\"required name=search_term_string\"}],\"inLanguage\":\"fr-FR\"},{\"@type\":\"Organization\",\"@id\":\"https:\/\/frauenarzt-net.de\/#organization\",\"name\":\"INVESTMENT COINS\",\"url\":\"https:\/\/frauenarzt-net.de\/\",\"logo\":{\"@type\":\"ImageObject\",\"inLanguage\":\"fr-FR\",\"@id\":\"https:\/\/frauenarzt-net.de\/#\/schema\/logo\/image\/\",\"url\":\"https:\/\/frauenaerztin-duesseldorf.dr-wechsler.de\/wp-content\/uploads\/2021\/07\/logo2.png\",\"contentUrl\":\"https:\/\/frauenaerztin-duesseldorf.dr-wechsler.de\/wp-content\/uploads\/2021\/07\/logo2.png\",\"width\":794,\"height\":71,\"caption\":\"INVESTMENT COINS\"},\"image\":{\"@id\":\"https:\/\/frauenarzt-net.de\/#\/schema\/logo\/image\/\"}}]}<\/script>\n<!-- \/ Yoast SEO plugin. -->","yoast_head_json":{"title":"Risikoschwangerschaften","description":"Beratung zu Risikoschwangerschaften bei Ihrem Frauenarzt in D\u00fcsseldorf. Dr. Eli Wechsler ist Experte f\u00fcr Risikoschwangerschaften.","robots":{"index":"index","follow":"follow","max-snippet":"max-snippet:-1","max-image-preview":"max-image-preview:large","max-video-preview":"max-video-preview:-1"},"canonical":"https:\/\/frauenarzt-net.de\/risikoschwangerschaften\/","og_locale":"fr_FR","og_type":"article","og_title":"Risikoschwangerschaften","og_description":"Beratung zu Risikoschwangerschaften bei Ihrem Frauenarzt in D\u00fcsseldorf. Dr. Eli Wechsler ist Experte f\u00fcr Risikoschwangerschaften.","og_url":"https:\/\/frauenarzt-net.de\/risikoschwangerschaften\/","og_site_name":"Praxis Dr. Wechsler - Ihre Frauen\u00e4rztin in D\u00fcsseldorf und Umgebung","article_modified_time":"2025-12-02T17:12:34+00:00","og_image":[{"url":"https:\/\/frauenarzt-net.de\/wp-content\/uploads\/2025\/12\/risiko.jpg"}],"twitter_card":"summary_large_image","twitter_misc":{"Dur\u00e9e de lecture estim\u00e9e":"1 minute"},"schema":{"@context":"https:\/\/schema.org","@graph":[{"@type":"WebPage","@id":"https:\/\/frauenarzt-net.de\/risikoschwangerschaften\/","url":"https:\/\/frauenarzt-net.de\/risikoschwangerschaften\/","name":"Risikoschwangerschaften | Praxis Dr. Wechsler - Ihre Frauen\u00e4rztin in D\u00fcsseldorf und Umgebung","isPartOf":{"@id":"https:\/\/frauenarzt-net.de\/#website"},"datePublished":"2024-11-30T00:26:32+00:00","dateModified":"2025-12-02T17:12:34+00:00","description":"Beratung zu Risikoschwangerschaften bei Ihrem Frauenarzt in D\u00fcsseldorf. Dr. Eli Wechsler ist Experte f\u00fcr Risikoschwangerschaften.","breadcrumb":{"@id":"https:\/\/frauenarzt-net.de\/risikoschwangerschaften\/#breadcrumb"},"inLanguage":"fr-FR","potentialAction":[{"@type":"ReadAction","target":["https:\/\/frauenarzt-net.de\/risikoschwangerschaften\/"]}]},{"@type":"BreadcrumbList","@id":"https:\/\/frauenarzt-net.de\/risikoschwangerschaften\/#breadcrumb","itemListElement":[{"@type":"ListItem","position":1,"name":"Home","item":"https:\/\/frauenarzt-net.de\/"},{"@type":"ListItem","position":2,"name":"Risikoschwangerschaften"}]},{"@type":"WebSite","@id":"https:\/\/frauenarzt-net.de\/#website","url":"https:\/\/frauenarzt-net.de\/","name":"Praxis Dr. Wechsler - Ihre Frauen\u00e4rztin in D\u00fcsseldorf und Umgebung","description":"","publisher":{"@id":"https:\/\/frauenarzt-net.de\/#organization"},"potentialAction":[{"@type":"SearchAction","target":{"@type":"EntryPoint","urlTemplate":"https:\/\/frauenarzt-net.de\/?s={search_term_string}"},"query-input":"required name=search_term_string"}],"inLanguage":"fr-FR"},{"@type":"Organization","@id":"https:\/\/frauenarzt-net.de\/#organization","name":"INVESTMENT COINS","url":"https:\/\/frauenarzt-net.de\/","logo":{"@type":"ImageObject","inLanguage":"fr-FR","@id":"https:\/\/frauenarzt-net.de\/#\/schema\/logo\/image\/","url":"https:\/\/frauenaerztin-duesseldorf.dr-wechsler.de\/wp-content\/uploads\/2021\/07\/logo2.png","contentUrl":"https:\/\/frauenaerztin-duesseldorf.dr-wechsler.de\/wp-content\/uploads\/2021\/07\/logo2.png","width":794,"height":71,"caption":"INVESTMENT COINS"},"image":{"@id":"https:\/\/frauenarzt-net.de\/#\/schema\/logo\/image\/"}}]}},"_links":{"self":[{"href":"https:\/\/frauenarzt-net.de\/wp-json\/wp\/v2\/pages\/4758"}],"collection":[{"href":"https:\/\/frauenarzt-net.de\/wp-json\/wp\/v2\/pages"}],"about":[{"href":"https:\/\/frauenarzt-net.de\/wp-json\/wp\/v2\/types\/page"}],"author":[{"embeddable":true,"href":"https:\/\/frauenarzt-net.de\/wp-json\/wp\/v2\/users\/1"}],"replies":[{"embeddable":true,"href":"https:\/\/frauenarzt-net.de\/wp-json\/wp\/v2\/comments?post=4758"}],"version-history":[{"count":56,"href":"https:\/\/frauenarzt-net.de\/wp-json\/wp\/v2\/pages\/4758\/revisions"}],"predecessor-version":[{"id":6929,"href":"https:\/\/frauenarzt-net.de\/wp-json\/wp\/v2\/pages\/4758\/revisions\/6929"}],"wp:attachment":[{"href":"https:\/\/frauenarzt-net.de\/wp-json\/wp\/v2\/media?parent=4758"}],"curies":[{"name":"wp","href":"https:\/\/api.w.org\/{rel}","templated":true}]}}