{"id":4740,"date":"2024-11-30T00:12:33","date_gmt":"2024-11-30T00:12:33","guid":{"rendered":"https:\/\/frauenarzt-net.de\/?page_id=4740"},"modified":"2024-12-01T21:19:57","modified_gmt":"2024-12-01T21:19:57","slug":"fehlbildungsdiagnostik","status":"publish","type":"page","link":"https:\/\/frauenarzt-net.de\/fehlbildungsdiagnostik\/","title":{"rendered":"Fehlbildungsdiagnostik"},"content":{"rendered":"\t\t<div data-elementor-type=\"wp-page\" data-elementor-id=\"4740\" class=\"elementor elementor-4740\">\n\t\t\t\t\t\t\t<div class=\"elementor-element elementor-element-b84ae9e e-con-boxed e-con\" data-id=\"b84ae9e\" data-element_type=\"container\" data-settings=\"{&quot;content_width&quot;:&quot;boxed&quot;}\">\n\t\t\t\t\t<div class=\"e-con-inner\">\n\t\t\t\t<div class=\"elementor-element elementor-element-2a43fb1 elementor-widget elementor-widget-text-editor\" data-id=\"2a43fb1\" data-element_type=\"widget\" data-widget_type=\"text-editor.default\">\n\t\t\t\t<div class=\"elementor-widget-container\">\n\t\t\t<style>\/*! elementor - v3.9.2 - 21-12-2022 *\/\n.elementor-widget-text-editor.elementor-drop-cap-view-stacked .elementor-drop-cap{background-color:#818a91;color:#fff}.elementor-widget-text-editor.elementor-drop-cap-view-framed .elementor-drop-cap{color:#818a91;border:3px solid;background-color:transparent}.elementor-widget-text-editor:not(.elementor-drop-cap-view-default) .elementor-drop-cap{margin-top:8px}.elementor-widget-text-editor:not(.elementor-drop-cap-view-default) .elementor-drop-cap-letter{width:1em;height:1em}.elementor-widget-text-editor .elementor-drop-cap{float:left;text-align:center;line-height:1;font-size:50px}.elementor-widget-text-editor .elementor-drop-cap-letter{display:inline-block}<\/style>\t\t\t\t<h1 class=\"mb-3 mt-3 text-3xl font-normal first:mt-3\">D\u00e9pistage des Anomalies F\u0153tales<\/h1><h2 class=\"mb-3 mt-3 text-3xl font-normal first:mt-3\">Soins Complets pour Votre Grossesse\u00a0chez des Gyn\u00e9cologues Exp\u00e9riment\u00e9s \u00e0 D\u00fcsseldorf\u00a0<\/h2>\t\t\t\t\t\t<\/div>\n\t\t\t\t<\/div>\n\t\t\t\t\t<\/div>\n\t\t\t\t<\/div>\n\t\t<div class=\"elementor-element elementor-element-e0ff232 elementor-hidden-desktop elementor-hidden-tablet e-con-boxed e-con\" data-id=\"e0ff232\" data-element_type=\"container\" data-settings=\"{&quot;content_width&quot;:&quot;boxed&quot;}\">\n\t\t\t\t\t<div class=\"e-con-inner\">\n\t\t<div class=\"elementor-element elementor-element-18b5d59 e-con-full e-con\" data-id=\"18b5d59\" data-element_type=\"container\" data-settings=\"{&quot;content_width&quot;:&quot;full&quot;}\">\n\t\t\t\t<div class=\"elementor-element elementor-element-58c7bfc elementor-widget elementor-widget-text-editor\" data-id=\"58c7bfc\" data-element_type=\"widget\" data-widget_type=\"text-editor.default\">\n\t\t\t\t<div class=\"elementor-widget-container\">\n\t\t\t\t\t\t\t<p>Dans notre cabinet gyn\u00e9cologique commun \u00e0 D\u00fcsseldorf, nous, un couple de m\u00e9decins exp\u00e9riment\u00e9s, proposons un d\u00e9pistage complet des anomalies f\u0153tales utilisant des m\u00e9thodes de pointe. Le d\u00e9pistage pr\u00e9natal des anomalies f\u0153tales nous permet de d\u00e9tecter pr\u00e9cocement les troubles potentiels du d\u00e9veloppement chez l&#8217;enfant \u00e0 na\u00eetre. Cet examen important fournit des informations pr\u00e9cieuses sur la sant\u00e9 de votre b\u00e9b\u00e9 et nous aide \u00e0 planifier les meilleurs soins possibles pour vous et votre enfant. Dans notre cabinet \u00e0 D\u00fcsseldorf, nous, en tant que couple de m\u00e9decins, accordons une grande importance \u00e0 des soins empathiques et individualis\u00e9s tout au long de la grossesse. Le d\u00e9pistage des anomalies f\u0153tales est un \u00e9l\u00e9ment essentiel de notre programme de soins pr\u00e9ventifs complet.<\/p>\t\t\t\t\t\t<\/div>\n\t\t\t\t<\/div>\n\t\t\t\t<\/div>\n\t\t<div class=\"elementor-element elementor-element-d604717 e-con-full e-con\" data-id=\"d604717\" data-element_type=\"container\" data-settings=\"{&quot;content_width&quot;:&quot;full&quot;}\">\n\t\t\t\t<div class=\"elementor-element elementor-element-a52262a elementor-widget elementor-widget-text-editor\" data-id=\"a52262a\" data-element_type=\"widget\" data-widget_type=\"text-editor.default\">\n\t\t\t\t<div class=\"elementor-widget-container\">\n\t\t\t\t\t\t\t<p class=\"mb-2 mt-6 text-lg first:mt-3\">Gr\u00e2ce \u00e0 des \u00e9quipements d&#8217;\u00e9chographie haute r\u00e9solution et \u00e0 notre longue exp\u00e9rience, nous pouvons effectuer des examens d\u00e9taill\u00e9s pour d\u00e9tecter pr\u00e9cocement d&#8217;\u00e9ventuelles anomalies. En tant que couple de m\u00e9decins dans notre cabinet de D\u00fcsseldorf, nous vous offrons des conseils et un soutien complets concernant le d\u00e9pistage des anomalies f\u0153tales. Nous prenons le temps de r\u00e9pondre en d\u00e9tail \u00e0 toutes vos questions et de discuter avec vous de la meilleure approche. Notre objectif est de vous permettre une grossesse inform\u00e9e et autod\u00e9termin\u00e9e o\u00f9 vous vous sentez bien prise en charge et soutenue.<\/p>\t\t\t\t\t\t<\/div>\n\t\t\t\t<\/div>\n\t\t\t\t<\/div>\n\t\t\t\t\t<\/div>\n\t\t\t\t<\/div>\n\t\t<div class=\"elementor-element elementor-element-e28a444 elementor-hidden-mobile e-con-boxed e-con\" data-id=\"e28a444\" data-element_type=\"container\" data-settings=\"{&quot;content_width&quot;:&quot;boxed&quot;}\">\n\t\t\t\t\t<div class=\"e-con-inner\">\n\t\t<div class=\"elementor-element elementor-element-a537f7c e-con-full e-con\" data-id=\"a537f7c\" data-element_type=\"container\" data-settings=\"{&quot;content_width&quot;:&quot;full&quot;}\">\n\t\t\t\t<div class=\"elementor-element elementor-element-9dd3cb3 elementor-widget elementor-widget-text-editor\" data-id=\"9dd3cb3\" data-element_type=\"widget\" data-widget_type=\"text-editor.default\">\n\t\t\t\t<div class=\"elementor-widget-container\">\n\t\t\t\t\t\t\t<p>Dans notre cabinet gyn\u00e9cologique commun \u00e0 D\u00fcsseldorf, nous, un couple de m\u00e9decins exp\u00e9riment\u00e9s, proposons un d\u00e9pistage complet des anomalies f\u0153tales utilisant des m\u00e9thodes de pointe. Le d\u00e9pistage pr\u00e9natal des anomalies f\u0153tales nous permet de d\u00e9tecter pr\u00e9cocement les troubles potentiels du d\u00e9veloppement chez l&#8217;enfant \u00e0 na\u00eetre. Cet examen important fournit des informations pr\u00e9cieuses sur la sant\u00e9 de votre b\u00e9b\u00e9 et nous aide \u00e0 planifier les meilleurs soins possibles pour vous et votre enfant. Dans notre cabinet \u00e0 D\u00fcsseldorf, nous, en tant que couple de m\u00e9decins, accordons une grande importance \u00e0 des soins empathiques et individualis\u00e9s tout au long de la grossesse. Le d\u00e9pistage des anomalies f\u0153tales est un \u00e9l\u00e9ment essentiel de notre programme de soins pr\u00e9ventifs complet.<\/p>\t\t\t\t\t\t<\/div>\n\t\t\t\t<\/div>\n\t\t\t\t<\/div>\n\t\t<div class=\"elementor-element elementor-element-d4cd19d e-con-full e-con\" data-id=\"d4cd19d\" data-element_type=\"container\" data-settings=\"{&quot;content_width&quot;:&quot;full&quot;}\">\n\t\t\t\t<div class=\"elementor-element elementor-element-1643824 elementor-widget elementor-widget-text-editor\" data-id=\"1643824\" data-element_type=\"widget\" data-widget_type=\"text-editor.default\">\n\t\t\t\t<div class=\"elementor-widget-container\">\n\t\t\t\t\t\t\t<p class=\"mb-2 mt-6 text-lg first:mt-3\">Gr\u00e2ce \u00e0 des \u00e9quipements d&#8217;\u00e9chographie haute r\u00e9solution et \u00e0 notre longue exp\u00e9rience, nous pouvons effectuer des examens d\u00e9taill\u00e9s pour d\u00e9tecter pr\u00e9cocement d&#8217;\u00e9ventuelles anomalies. En tant que couple de m\u00e9decins dans notre cabinet de D\u00fcsseldorf, nous vous offrons des conseils et un soutien complets concernant le d\u00e9pistage des anomalies f\u0153tales. Nous prenons le temps de r\u00e9pondre en d\u00e9tail \u00e0 toutes vos questions et de discuter avec vous de la meilleure approche. Notre objectif est de vous permettre une grossesse inform\u00e9e et autod\u00e9termin\u00e9e o\u00f9 vous vous sentez bien prise en charge et soutenue.<\/p>\t\t\t\t\t\t<\/div>\n\t\t\t\t<\/div>\n\t\t\t\t<\/div>\n\t\t\t\t\t<\/div>\n\t\t\t\t<\/div>\n\t\t<div class=\"elementor-element elementor-element-3904dc9 e-con-boxed e-con\" data-id=\"3904dc9\" data-element_type=\"container\" data-settings=\"{&quot;background_background&quot;:&quot;classic&quot;,&quot;content_width&quot;:&quot;boxed&quot;}\">\n\t\t\t\t\t<div class=\"e-con-inner\">\n\t\t\t\t<div class=\"elementor-element elementor-element-d201320 elementor-align-center elementor-widget elementor-widget-button\" data-id=\"d201320\" data-element_type=\"widget\" data-widget_type=\"button.default\">\n\t\t\t\t<div class=\"elementor-widget-container\">\n\t\t\t\t\t<div class=\"elementor-button-wrapper\">\n\t\t\t<a href=\"https:\/\/frauenarzt-net.de\/kontakt\/\" class=\"elementor-button-link elementor-button elementor-size-sm\" role=\"button\">\n\t\t\t\t\t\t<span class=\"elementor-button-content-wrapper\">\n\t\t\t\t\t\t<span class=\"elementor-button-text\">PRENDEZ RENDEZ-VOUS<\/span>\n\t\t<\/span>\n\t\t\t\t\t<\/a>\n\t\t<\/div>\n\t\t\t\t<\/div>\n\t\t\t\t<\/div>\n\t\t\t\t\t<\/div>\n\t\t\t\t<\/div>\n\t\t<div class=\"elementor-element elementor-element-a022fad e-con-boxed e-con\" data-id=\"a022fad\" data-element_type=\"container\" data-settings=\"{&quot;content_width&quot;:&quot;boxed&quot;}\">\n\t\t\t\t\t<div class=\"e-con-inner\">\n\t\t\t\t<div class=\"elementor-element elementor-element-dcfb702 elementor-widget elementor-widget-image\" data-id=\"dcfb702\" data-element_type=\"widget\" data-widget_type=\"image.default\">\n\t\t\t\t<div class=\"elementor-widget-container\">\n\t\t\t<style>\/*! elementor - v3.9.2 - 21-12-2022 *\/\n.elementor-widget-image{text-align:center}.elementor-widget-image a{display:inline-block}.elementor-widget-image a img[src$=\".svg\"]{width:48px}.elementor-widget-image img{vertical-align:middle;display:inline-block}<\/style>\t\t\t\t\t\t\t\t\t\t\t\t<img decoding=\"async\" width=\"1000\" height=\"436\" src=\"https:\/\/frauenarzt-net.de\/wp-content\/uploads\/2024\/12\/fehlbildungsdiagnostik-duesseldorf.jpg\" class=\"attachment-large size-large wp-image-4890\" alt=\"Fehlbildungsdiagnostik Frauenarzt D\u00fcsseldorf\" loading=\"lazy\" srcset=\"https:\/\/frauenarzt-net.de\/wp-content\/uploads\/2024\/12\/fehlbildungsdiagnostik-duesseldorf.jpg 1000w, https:\/\/frauenarzt-net.de\/wp-content\/uploads\/2024\/12\/fehlbildungsdiagnostik-duesseldorf-400x174.jpg 400w, https:\/\/frauenarzt-net.de\/wp-content\/uploads\/2024\/12\/fehlbildungsdiagnostik-duesseldorf-250x109.jpg 250w, https:\/\/frauenarzt-net.de\/wp-content\/uploads\/2024\/12\/fehlbildungsdiagnostik-duesseldorf-768x335.jpg 768w\" sizes=\"(max-width: 1000px) 100vw, 1000px\" \/>\t\t\t\t\t\t\t\t\t\t\t\t\t\t\t<\/div>\n\t\t\t\t<\/div>\n\t\t\t\t\t<\/div>\n\t\t\t\t<\/div>\n\t\t<div class=\"elementor-element elementor-element-1f655ba e-con-boxed e-con\" data-id=\"1f655ba\" data-element_type=\"container\" data-settings=\"{&quot;content_width&quot;:&quot;boxed&quot;}\">\n\t\t\t\t\t<div class=\"e-con-inner\">\n\t\t<div class=\"elementor-element elementor-element-3499a52 e-con-full e-con\" data-id=\"3499a52\" data-element_type=\"container\" data-settings=\"{&quot;content_width&quot;:&quot;full&quot;}\">\n\t\t\t\t<div class=\"elementor-element elementor-element-63d2b18 elementor-widget elementor-widget-text-editor\" data-id=\"63d2b18\" data-element_type=\"widget\" data-widget_type=\"text-editor.default\">\n\t\t\t\t<div class=\"elementor-widget-container\">\n\t\t\t\t\t\t\t<h2>Rund um Ihre Schwangerschaft<\/h2><p><a href=\"https:\/\/frauenarzt-net.de\/ersttrimesterscreening\/\">Ersttrimesterscreening<\/a><\/p><p><a href=\"https:\/\/frauenarzt-net.de\/praenatale-testung-dna\/\">Pr\u00e4natale Testung (DNA)<\/a><\/p><p><a href=\"https:\/\/frauenarzt-net.de\/fehlbildungsdiagnostik\/\">Fehlbildungsdiagnostik<\/a><\/p><p><a href=\"https:\/\/frauenarzt-net.de\/doppleruntersuchung\/\">Doppleruntersuchung<\/a><\/p><p><a href=\"https:\/\/frauenarzt-net.de\/risikoschwangerschaften\/\">Risikoschwangerschaften<\/a><\/p><p><a href=\"https:\/\/frauenarzt-net.de\/schwangerschaftsvergiftung\/\">Schwangerschaftsvergiftung<\/a>\u00a0<\/p><p><a href=\"https:\/\/frauenarzt-net.de\/mehrlingsschwangerschaft\/\">Mehrlingsschwangerschaft<\/a><\/p><p><a href=\"https:\/\/frauenarzt-net.de\/beratung-zur-geburt\/\">Beratung zur Geburt<\/a><\/p>\t\t\t\t\t\t<\/div>\n\t\t\t\t<\/div>\n\t\t\t\t<\/div>\n\t\t<div class=\"elementor-element elementor-element-e0c1158 e-con-full e-con\" data-id=\"e0c1158\" data-element_type=\"container\" data-settings=\"{&quot;content_width&quot;:&quot;full&quot;}\">\n\t\t\t\t<div class=\"elementor-element elementor-element-78b4cfc elementor-widget elementor-widget-text-editor\" data-id=\"78b4cfc\" data-element_type=\"widget\" data-widget_type=\"text-editor.default\">\n\t\t\t\t<div class=\"elementor-widget-container\">\n\t\t\t\t\t\t\t<h2>Gyn\u00e4kologie<\/h2><p><a href=\"https:\/\/frauenarzt-net.de\/teenager-sprechstunde\/\">Teenangersprechstunde<\/a><\/p><p><a href=\"https:\/\/frauenarzt-net.de\/vorsorge\/\">Vorsorge<\/a><\/p><p><a href=\"https:\/\/frauenarzt-net.de\/verhuetung\/\">Verh\u00fctung<\/a><\/p><p><a href=\"https:\/\/frauenarzt-net.de\/kinderwunsch\/\">Kinderwunsch<\/a><\/p><p><a href=\"https:\/\/frauenarzt-net.de\/kinderwunsch-copy\/\">Hormonsprechstunde<\/a><\/p><p><a href=\"https:\/\/frauenarzt-net.de\/wechseljahre\/\">Wechseljahre<\/a><\/p><p><a href=\"https:\/\/frauenarzt-net.de\/brusterkrankungen\/\">Brusterkrankungen<\/a><\/p><p><a href=\"https:\/\/frauenarzt-net.de\/krebserkrankungen\/\">Krebserkrankungen<\/a><\/p><p><a href=\"https:\/\/frauenarzt-net.de\/inkontinenz\/\">Inkontinenz\u00a0<\/a><\/p><p><a href=\"https:\/\/frauenarzt-net.de\/endometriose\/\">Endometriose<\/a><\/p><p><a href=\"https:\/\/frauenarzt-net.de\/ultraschalldiagnostik\/\">Ultraschalldiagnostik<\/a><\/p><p><a href=\"https:\/\/frauenarzt-net.de\/impfungen\/\">Impfungen<\/a><\/p>\t\t\t\t\t\t<\/div>\n\t\t\t\t<\/div>\n\t\t\t\t<\/div>\n\t\t\t\t\t<\/div>\n\t\t\t\t<\/div>\n\t\t\t\t\t\t\t<\/div>\n\t\t","protected":false},"excerpt":{"rendered":"<p>Fehlbildungsdiagnostik Umfassende Vorsorge f\u00fcr Ihre Schwangerschaftbei Ihrem \u00a0Frauenarzt in D\u00fcsseldorf In unserer gyn\u00e4kologischen Gemeinschaftspraxis in D\u00fcsseldorf bieten wir als erfahrenes \u00c4rzte-Ehepaar umfassende Fehlbildungsdiagnostik mit modernsten Methoden an. Die pr\u00e4natale Fehlbildungsdiagnostik erm\u00f6glicht es uns, fr\u00fchzeitig m\u00f6gliche Entwicklungsst\u00f6rungen beim ungeborenen Kind zu erkennen. Diese wichtige Untersuchung liefert wertvolle Informationen \u00fcber die Gesundheit Ihres Babys und hilft uns, [&hellip;]<\/p>\n","protected":false},"author":1,"featured_media":0,"parent":0,"menu_order":0,"comment_status":"closed","ping_status":"closed","template":"elementor_header_footer","meta":[],"yoast_head":"<!-- This site is optimized with the Yoast SEO plugin v19.13 - https:\/\/yoast.com\/wordpress\/plugins\/seo\/ -->\n<title>Fehlbildungsdiagnostik<\/title>\n<meta name=\"description\" content=\"Fehlbildungsdiagnostik und Schwangerschaftsberatung bei Ihrem Frauenarzt und Experten f\u00fcr Risikoschwangerschaften in D\u00fcsseldorf.\" \/>\n<meta name=\"robots\" content=\"index, follow, max-snippet:-1, max-image-preview:large, max-video-preview:-1\" \/>\n<link rel=\"canonical\" href=\"https:\/\/frauenarzt-net.de\/fehlbildungsdiagnostik\/\" \/>\n<meta property=\"og:locale\" content=\"fr_FR\" \/>\n<meta property=\"og:type\" content=\"article\" \/>\n<meta property=\"og:title\" content=\"Fehlbildungsdiagnostik\" \/>\n<meta property=\"og:description\" content=\"Fehlbildungsdiagnostik und Schwangerschaftsberatung bei Ihrem Frauenarzt und Experten f\u00fcr Risikoschwangerschaften in D\u00fcsseldorf.\" \/>\n<meta property=\"og:url\" content=\"https:\/\/frauenarzt-net.de\/fehlbildungsdiagnostik\/\" \/>\n<meta property=\"og:site_name\" content=\"Praxis Dr. Wechsler - Ihre Frauen\u00e4rztin in D\u00fcsseldorf und Umgebung\" \/>\n<meta property=\"article:modified_time\" content=\"2024-12-01T21:19:57+00:00\" \/>\n<meta property=\"og:image\" content=\"https:\/\/frauenarzt-net.de\/wp-content\/uploads\/2024\/12\/fehlbildungsdiagnostik-duesseldorf.jpg\" \/>\n<meta name=\"twitter:card\" content=\"summary_large_image\" \/>\n<meta name=\"twitter:label1\" content=\"Dur\u00e9e de lecture estim\u00e9e\" \/>\n\t<meta name=\"twitter:data1\" content=\"2 minutes\" \/>\n<script type=\"application\/ld+json\" class=\"yoast-schema-graph\">{\"@context\":\"https:\/\/schema.org\",\"@graph\":[{\"@type\":\"WebPage\",\"@id\":\"https:\/\/frauenarzt-net.de\/fehlbildungsdiagnostik\/\",\"url\":\"https:\/\/frauenarzt-net.de\/fehlbildungsdiagnostik\/\",\"name\":\"Fehlbildungsdiagnostik | Praxis Dr. Wechsler - Ihre Frauen\u00e4rztin in D\u00fcsseldorf und Umgebung\",\"isPartOf\":{\"@id\":\"https:\/\/frauenarzt-net.de\/#website\"},\"datePublished\":\"2024-11-30T00:12:33+00:00\",\"dateModified\":\"2024-12-01T21:19:57+00:00\",\"description\":\"Fehlbildungsdiagnostik und Schwangerschaftsberatung bei Ihrem Frauenarzt und Experten f\u00fcr Risikoschwangerschaften in D\u00fcsseldorf.\",\"breadcrumb\":{\"@id\":\"https:\/\/frauenarzt-net.de\/fehlbildungsdiagnostik\/#breadcrumb\"},\"inLanguage\":\"fr-FR\",\"potentialAction\":[{\"@type\":\"ReadAction\",\"target\":[\"https:\/\/frauenarzt-net.de\/fehlbildungsdiagnostik\/\"]}]},{\"@type\":\"BreadcrumbList\",\"@id\":\"https:\/\/frauenarzt-net.de\/fehlbildungsdiagnostik\/#breadcrumb\",\"itemListElement\":[{\"@type\":\"ListItem\",\"position\":1,\"name\":\"Home\",\"item\":\"https:\/\/frauenarzt-net.de\/\"},{\"@type\":\"ListItem\",\"position\":2,\"name\":\"Fehlbildungsdiagnostik\"}]},{\"@type\":\"WebSite\",\"@id\":\"https:\/\/frauenarzt-net.de\/#website\",\"url\":\"https:\/\/frauenarzt-net.de\/\",\"name\":\"Praxis Dr. Wechsler - Ihre Frauen\u00e4rztin in D\u00fcsseldorf und Umgebung\",\"description\":\"\",\"publisher\":{\"@id\":\"https:\/\/frauenarzt-net.de\/#organization\"},\"potentialAction\":[{\"@type\":\"SearchAction\",\"target\":{\"@type\":\"EntryPoint\",\"urlTemplate\":\"https:\/\/frauenarzt-net.de\/?s={search_term_string}\"},\"query-input\":\"required name=search_term_string\"}],\"inLanguage\":\"fr-FR\"},{\"@type\":\"Organization\",\"@id\":\"https:\/\/frauenarzt-net.de\/#organization\",\"name\":\"INVESTMENT COINS\",\"url\":\"https:\/\/frauenarzt-net.de\/\",\"logo\":{\"@type\":\"ImageObject\",\"inLanguage\":\"fr-FR\",\"@id\":\"https:\/\/frauenarzt-net.de\/#\/schema\/logo\/image\/\",\"url\":\"https:\/\/frauenaerztin-duesseldorf.dr-wechsler.de\/wp-content\/uploads\/2021\/07\/logo2.png\",\"contentUrl\":\"https:\/\/frauenaerztin-duesseldorf.dr-wechsler.de\/wp-content\/uploads\/2021\/07\/logo2.png\",\"width\":794,\"height\":71,\"caption\":\"INVESTMENT COINS\"},\"image\":{\"@id\":\"https:\/\/frauenarzt-net.de\/#\/schema\/logo\/image\/\"}}]}<\/script>\n<!-- \/ Yoast SEO plugin. -->","yoast_head_json":{"title":"Fehlbildungsdiagnostik","description":"Fehlbildungsdiagnostik und Schwangerschaftsberatung bei Ihrem Frauenarzt und Experten f\u00fcr Risikoschwangerschaften in D\u00fcsseldorf.","robots":{"index":"index","follow":"follow","max-snippet":"max-snippet:-1","max-image-preview":"max-image-preview:large","max-video-preview":"max-video-preview:-1"},"canonical":"https:\/\/frauenarzt-net.de\/fehlbildungsdiagnostik\/","og_locale":"fr_FR","og_type":"article","og_title":"Fehlbildungsdiagnostik","og_description":"Fehlbildungsdiagnostik und Schwangerschaftsberatung bei Ihrem Frauenarzt und Experten f\u00fcr Risikoschwangerschaften in D\u00fcsseldorf.","og_url":"https:\/\/frauenarzt-net.de\/fehlbildungsdiagnostik\/","og_site_name":"Praxis Dr. Wechsler - Ihre Frauen\u00e4rztin in D\u00fcsseldorf und Umgebung","article_modified_time":"2024-12-01T21:19:57+00:00","og_image":[{"url":"https:\/\/frauenarzt-net.de\/wp-content\/uploads\/2024\/12\/fehlbildungsdiagnostik-duesseldorf.jpg"}],"twitter_card":"summary_large_image","twitter_misc":{"Dur\u00e9e de lecture estim\u00e9e":"2 minutes"},"schema":{"@context":"https:\/\/schema.org","@graph":[{"@type":"WebPage","@id":"https:\/\/frauenarzt-net.de\/fehlbildungsdiagnostik\/","url":"https:\/\/frauenarzt-net.de\/fehlbildungsdiagnostik\/","name":"Fehlbildungsdiagnostik | Praxis Dr. Wechsler - Ihre Frauen\u00e4rztin in D\u00fcsseldorf und Umgebung","isPartOf":{"@id":"https:\/\/frauenarzt-net.de\/#website"},"datePublished":"2024-11-30T00:12:33+00:00","dateModified":"2024-12-01T21:19:57+00:00","description":"Fehlbildungsdiagnostik und Schwangerschaftsberatung bei Ihrem Frauenarzt und Experten f\u00fcr Risikoschwangerschaften in D\u00fcsseldorf.","breadcrumb":{"@id":"https:\/\/frauenarzt-net.de\/fehlbildungsdiagnostik\/#breadcrumb"},"inLanguage":"fr-FR","potentialAction":[{"@type":"ReadAction","target":["https:\/\/frauenarzt-net.de\/fehlbildungsdiagnostik\/"]}]},{"@type":"BreadcrumbList","@id":"https:\/\/frauenarzt-net.de\/fehlbildungsdiagnostik\/#breadcrumb","itemListElement":[{"@type":"ListItem","position":1,"name":"Home","item":"https:\/\/frauenarzt-net.de\/"},{"@type":"ListItem","position":2,"name":"Fehlbildungsdiagnostik"}]},{"@type":"WebSite","@id":"https:\/\/frauenarzt-net.de\/#website","url":"https:\/\/frauenarzt-net.de\/","name":"Praxis Dr. Wechsler - Ihre Frauen\u00e4rztin in D\u00fcsseldorf und Umgebung","description":"","publisher":{"@id":"https:\/\/frauenarzt-net.de\/#organization"},"potentialAction":[{"@type":"SearchAction","target":{"@type":"EntryPoint","urlTemplate":"https:\/\/frauenarzt-net.de\/?s={search_term_string}"},"query-input":"required name=search_term_string"}],"inLanguage":"fr-FR"},{"@type":"Organization","@id":"https:\/\/frauenarzt-net.de\/#organization","name":"INVESTMENT COINS","url":"https:\/\/frauenarzt-net.de\/","logo":{"@type":"ImageObject","inLanguage":"fr-FR","@id":"https:\/\/frauenarzt-net.de\/#\/schema\/logo\/image\/","url":"https:\/\/frauenaerztin-duesseldorf.dr-wechsler.de\/wp-content\/uploads\/2021\/07\/logo2.png","contentUrl":"https:\/\/frauenaerztin-duesseldorf.dr-wechsler.de\/wp-content\/uploads\/2021\/07\/logo2.png","width":794,"height":71,"caption":"INVESTMENT COINS"},"image":{"@id":"https:\/\/frauenarzt-net.de\/#\/schema\/logo\/image\/"}}]}},"_links":{"self":[{"href":"https:\/\/frauenarzt-net.de\/wp-json\/wp\/v2\/pages\/4740"}],"collection":[{"href":"https:\/\/frauenarzt-net.de\/wp-json\/wp\/v2\/pages"}],"about":[{"href":"https:\/\/frauenarzt-net.de\/wp-json\/wp\/v2\/types\/page"}],"author":[{"embeddable":true,"href":"https:\/\/frauenarzt-net.de\/wp-json\/wp\/v2\/users\/1"}],"replies":[{"embeddable":true,"href":"https:\/\/frauenarzt-net.de\/wp-json\/wp\/v2\/comments?post=4740"}],"version-history":[{"count":20,"href":"https:\/\/frauenarzt-net.de\/wp-json\/wp\/v2\/pages\/4740\/revisions"}],"predecessor-version":[{"id":4951,"href":"https:\/\/frauenarzt-net.de\/wp-json\/wp\/v2\/pages\/4740\/revisions\/4951"}],"wp:attachment":[{"href":"https:\/\/frauenarzt-net.de\/wp-json\/wp\/v2\/media?parent=4740"}],"curies":[{"name":"wp","href":"https:\/\/api.w.org\/{rel}","templated":true}]}}