{"id":4718,"date":"2024-11-29T23:52:19","date_gmt":"2024-11-29T23:52:19","guid":{"rendered":"https:\/\/frauenarzt-net.de\/?page_id=4718"},"modified":"2025-12-02T16:38:00","modified_gmt":"2025-12-02T16:38:00","slug":"ersttrimesterscreening","status":"publish","type":"page","link":"https:\/\/frauenarzt-net.de\/ersttrimesterscreening\/","title":{"rendered":"Ersttrimesterscreening"},"content":{"rendered":"\t\t<div data-elementor-type=\"wp-page\" data-elementor-id=\"4718\" class=\"elementor elementor-4718\">\n\t\t\t\t\t\t\t<div class=\"elementor-element elementor-element-b84ae9e e-con-boxed e-con\" data-id=\"b84ae9e\" data-element_type=\"container\" data-settings=\"{&quot;content_width&quot;:&quot;boxed&quot;}\">\n\t\t\t\t\t<div class=\"e-con-inner\">\n\t\t\t\t<div class=\"elementor-element elementor-element-2a43fb1 elementor-widget elementor-widget-text-editor\" data-id=\"2a43fb1\" data-element_type=\"widget\" data-widget_type=\"text-editor.default\">\n\t\t\t\t<div class=\"elementor-widget-container\">\n\t\t\t<style>\/*! elementor - v3.9.2 - 21-12-2022 *\/\n.elementor-widget-text-editor.elementor-drop-cap-view-stacked .elementor-drop-cap{background-color:#818a91;color:#fff}.elementor-widget-text-editor.elementor-drop-cap-view-framed .elementor-drop-cap{color:#818a91;border:3px solid;background-color:transparent}.elementor-widget-text-editor:not(.elementor-drop-cap-view-default) .elementor-drop-cap{margin-top:8px}.elementor-widget-text-editor:not(.elementor-drop-cap-view-default) .elementor-drop-cap-letter{width:1em;height:1em}.elementor-widget-text-editor .elementor-drop-cap{float:left;text-align:center;line-height:1;font-size:50px}.elementor-widget-text-editor .elementor-drop-cap-letter{display:inline-block}<\/style>\t\t\t\t<h1 class=\"mb-3 mt-3 text-3xl font-normal first:mt-3\">D\u00e9pistage du Premier Trimestre<\/h1><h2 class=\"mb-3 mt-3 text-3xl font-normal first:mt-3\">Suivi pr\u00e9coce de votre grossesse aupr\u00e8s de vos gyn\u00e9cologues \u00e0 D\u00fcsseldorf<\/h2>\t\t\t\t\t\t<\/div>\n\t\t\t\t<\/div>\n\t\t\t\t\t<\/div>\n\t\t\t\t<\/div>\n\t\t<div class=\"elementor-element elementor-element-f82152c elementor-hidden-mobile e-con-boxed e-con\" data-id=\"f82152c\" data-element_type=\"container\" data-settings=\"{&quot;content_width&quot;:&quot;boxed&quot;}\">\n\t\t\t\t\t<div class=\"e-con-inner\">\n\t\t<div class=\"elementor-element elementor-element-ddaab5d e-con-full e-con\" data-id=\"ddaab5d\" data-element_type=\"container\" data-settings=\"{&quot;content_width&quot;:&quot;full&quot;}\">\n\t\t\t\t<div class=\"elementor-element elementor-element-ba812f1 elementor-widget elementor-widget-text-editor\" data-id=\"ba812f1\" data-element_type=\"widget\" data-widget_type=\"text-editor.default\">\n\t\t\t\t<div class=\"elementor-widget-container\">\n\t\t\t\t\t\t\t<p data-start=\"530\" data-end=\"711\">Le d\u00e9pistage du premier trimestre est un examen important au d\u00e9but de la grossesse, qui vous fournit des informations pr\u00e9cieuses sur le d\u00e9veloppement de votre b\u00e9b\u00e9.<\/p><p data-start=\"808\" data-end=\"892\">Ce d\u00e9pistage comprend une \u00e9chographie d\u00e9taill\u00e9e et une prise de sang chez la m\u00e8re.<\/p><p data-start=\"894\" data-end=\"1045\">Nous prenons le temps de r\u00e9pondre \u00e0 vos questions et de discuter en d\u00e9tail des r\u00e9sultats avec vous, afin que vous puissiez prendre des d\u00e9cisions \u00e9clair\u00e9es pour votre grossesse.<\/p>\t\t\t\t\t\t<\/div>\n\t\t\t\t<\/div>\n\t\t\t\t<\/div>\n\t\t<div class=\"elementor-element elementor-element-c5ba413 e-con-full e-con\" data-id=\"c5ba413\" data-element_type=\"container\" data-settings=\"{&quot;content_width&quot;:&quot;full&quot;}\">\n\t\t\t\t<div class=\"elementor-element elementor-element-899b349 elementor-widget elementor-widget-button\" data-id=\"899b349\" data-element_type=\"widget\" data-widget_type=\"button.default\">\n\t\t\t\t<div class=\"elementor-widget-container\">\n\t\t\t\t\t<div class=\"elementor-button-wrapper\">\n\t\t\t<a href=\"https:\/\/www.doctolib.de\/privatpraxis\/duesseldorf\/privatpraxis-fuer-gynaekologie-dr-wechsler?utm_campaign=website-button&#038;utm_source=privatpraxis-fuer-gynaekologie-dr-wechsler-website-button&#038;utm_medium=referral&#038;utm_content=option-8&#038;utm_term=privatpraxis-fuer-gynaekologie-dr-wechsler\" target=\"_blank\" class=\"elementor-button-link elementor-button elementor-size-sm\" role=\"button\">\n\t\t\t\t\t\t<span class=\"elementor-button-content-wrapper\">\n\t\t\t\t\t\t<span class=\"elementor-button-text\">Prendre Rendez-Vouz<\/span>\n\t\t<\/span>\n\t\t\t\t\t<\/a>\n\t\t<\/div>\n\t\t\t\t<\/div>\n\t\t\t\t<\/div>\n\t\t\t\t<\/div>\n\t\t\t\t\t<\/div>\n\t\t\t\t<\/div>\n\t\t<div class=\"elementor-element elementor-element-1dae3c3 elementor-hidden-desktop elementor-hidden-tablet e-con-boxed e-con\" data-id=\"1dae3c3\" data-element_type=\"container\" data-settings=\"{&quot;content_width&quot;:&quot;boxed&quot;}\">\n\t\t\t\t\t<div class=\"e-con-inner\">\n\t\t<div class=\"elementor-element elementor-element-3d0613b e-con-full e-con\" data-id=\"3d0613b\" data-element_type=\"container\" data-settings=\"{&quot;content_width&quot;:&quot;full&quot;}\">\n\t\t\t\t<div class=\"elementor-element elementor-element-7acad85 elementor-widget elementor-widget-text-editor\" data-id=\"7acad85\" data-element_type=\"widget\" data-widget_type=\"text-editor.default\">\n\t\t\t\t<div class=\"elementor-widget-container\">\n\t\t\t\t\t\t\t<p data-start=\"530\" data-end=\"711\">Le d\u00e9pistage du premier trimestre est un examen important au d\u00e9but de la grossesse, qui vous fournit des informations pr\u00e9cieuses sur le d\u00e9veloppement de votre b\u00e9b\u00e9.<\/p><p data-start=\"808\" data-end=\"892\">Ce d\u00e9pistage comprend une \u00e9chographie d\u00e9taill\u00e9e et une prise de sang chez la m\u00e8re.<\/p><p data-start=\"894\" data-end=\"1045\">Nous prenons le temps de r\u00e9pondre \u00e0 vos questions et de discuter en d\u00e9tail des r\u00e9sultats avec vous, afin que vous puissiez prendre des d\u00e9cisions \u00e9clair\u00e9es pour votre grossesse.<\/p>\t\t\t\t\t\t<\/div>\n\t\t\t\t<\/div>\n\t\t\t\t<\/div>\n\t\t<div class=\"elementor-element elementor-element-5bb82d6 e-con-full e-con\" data-id=\"5bb82d6\" data-element_type=\"container\" data-settings=\"{&quot;content_width&quot;:&quot;full&quot;}\">\n\t\t\t\t<div class=\"elementor-element elementor-element-eff9b5c elementor-mobile-align-center elementor-widget elementor-widget-button\" data-id=\"eff9b5c\" data-element_type=\"widget\" data-widget_type=\"button.default\">\n\t\t\t\t<div class=\"elementor-widget-container\">\n\t\t\t\t\t<div class=\"elementor-button-wrapper\">\n\t\t\t<a href=\"https:\/\/www.doctolib.de\/privatpraxis\/duesseldorf\/privatpraxis-fuer-gynaekologie-dr-wechsler?utm_campaign=website-button&#038;utm_source=privatpraxis-fuer-gynaekologie-dr-wechsler-website-button&#038;utm_medium=referral&#038;utm_content=option-8&#038;utm_term=privatpraxis-fuer-gynaekologie-dr-wechsler\" target=\"_blank\" class=\"elementor-button-link elementor-button elementor-size-sm\" role=\"button\">\n\t\t\t\t\t\t<span class=\"elementor-button-content-wrapper\">\n\t\t\t\t\t\t<span class=\"elementor-button-text\">Prendre Rendez-Vouz<\/span>\n\t\t<\/span>\n\t\t\t\t\t<\/a>\n\t\t<\/div>\n\t\t\t\t<\/div>\n\t\t\t\t<\/div>\n\t\t\t\t<\/div>\n\t\t\t\t\t<\/div>\n\t\t\t\t<\/div>\n\t\t<div class=\"elementor-element elementor-element-82f356a e-con-boxed e-con\" data-id=\"82f356a\" data-element_type=\"container\" data-settings=\"{&quot;content_width&quot;:&quot;boxed&quot;}\">\n\t\t\t\t\t<div class=\"e-con-inner\">\n\t\t\t\t<div class=\"elementor-element elementor-element-9386b8e elementor-widget elementor-widget-image\" data-id=\"9386b8e\" data-element_type=\"widget\" data-widget_type=\"image.default\">\n\t\t\t\t<div class=\"elementor-widget-container\">\n\t\t\t<style>\/*! elementor - v3.9.2 - 21-12-2022 *\/\n.elementor-widget-image{text-align:center}.elementor-widget-image a{display:inline-block}.elementor-widget-image a img[src$=\".svg\"]{width:48px}.elementor-widget-image img{vertical-align:middle;display:inline-block}<\/style>\t\t\t\t\t\t\t\t\t\t\t\t<img decoding=\"async\" width=\"1000\" height=\"436\" src=\"https:\/\/frauenarzt-net.de\/wp-content\/uploads\/2025\/12\/ulraschall-8.jpg\" class=\"attachment-large size-large wp-image-6885\" alt=\"\" loading=\"lazy\" srcset=\"https:\/\/frauenarzt-net.de\/wp-content\/uploads\/2025\/12\/ulraschall-8.jpg 1000w, https:\/\/frauenarzt-net.de\/wp-content\/uploads\/2025\/12\/ulraschall-8-400x174.jpg 400w, https:\/\/frauenarzt-net.de\/wp-content\/uploads\/2025\/12\/ulraschall-8-250x109.jpg 250w, https:\/\/frauenarzt-net.de\/wp-content\/uploads\/2025\/12\/ulraschall-8-768x335.jpg 768w\" sizes=\"(max-width: 1000px) 100vw, 1000px\" \/>\t\t\t\t\t\t\t\t\t\t\t\t\t\t\t<\/div>\n\t\t\t\t<\/div>\n\t\t\t\t\t<\/div>\n\t\t\t\t<\/div>\n\t\t<div class=\"elementor-element elementor-element-2079bc8 e-con-boxed e-con\" data-id=\"2079bc8\" data-element_type=\"container\" data-settings=\"{&quot;content_width&quot;:&quot;boxed&quot;}\">\n\t\t\t\t\t<div class=\"e-con-inner\">\n\t\t<div class=\"elementor-element elementor-element-1d85d83 e-con-full e-con\" data-id=\"1d85d83\" data-element_type=\"container\" data-settings=\"{&quot;content_width&quot;:&quot;full&quot;}\">\n\t\t\t\t<div class=\"elementor-element elementor-element-f15470f elementor-widget elementor-widget-text-editor\" data-id=\"f15470f\" data-element_type=\"widget\" data-widget_type=\"text-editor.default\">\n\t\t\t\t<div class=\"elementor-widget-container\">\n\t\t\t\t\t\t\t<h2>Tout sur votre grossesse :<\/h2><p><a href=\"https:\/\/frauenarzt-net.de\/ersttrimesterscreening\/\">D\u00e9pistage du premier trimestre<\/a><\/p><p><a href=\"https:\/\/frauenarzt-net.de\/doppleruntersuchung-in-duesseldorf\/\">Examen Doppler<\/a><\/p><p><a href=\"https:\/\/frauenarzt-net.de\/risikoschwangerschaften\/\">Grossesses \u00e0 risque<\/a><\/p><p><a href=\"https:\/\/frauenarzt-net.de\/beratung-zur-geburt\/\">Conseil \u00e0 l&#8217;accouchement<\/a><\/p>\t\t\t\t\t\t<\/div>\n\t\t\t\t<\/div>\n\t\t\t\t<\/div>\n\t\t<div class=\"elementor-element elementor-element-8dfe7d6 e-con-full e-con\" data-id=\"8dfe7d6\" data-element_type=\"container\" data-settings=\"{&quot;content_width&quot;:&quot;full&quot;}\">\n\t\t\t\t<div class=\"elementor-element elementor-element-7601f1d elementor-widget elementor-widget-text-editor\" data-id=\"7601f1d\" data-element_type=\"widget\" data-widget_type=\"text-editor.default\">\n\t\t\t\t<div class=\"elementor-widget-container\">\n\t\t\t\t\t\t\t<h2>Gyn\u00e9cologie :<\/h2><p><a href=\"https:\/\/frauenarzt-net.de\/teenager-sprechstunde\/\">Consultation pour adolescentes<\/a><\/p><p><a href=\"https:\/\/frauenarzt-net.de\/vorsorge\/\">Pr\u00e9vention<\/a><\/p><p><a href=\"https:\/\/frauenarzt-net.de\/verhuetung\/\">Contraception<\/a><\/p><p><a href=\"https:\/\/frauenarzt-net.de\/kinderwunsch\/\">D\u00e9sir d&#8217;enfant<\/a><\/p><p><a href=\"https:\/\/frauenarzt-net.de\/kinderwunsch-copy\/\">Consultation hormonale<\/a><\/p><p><a href=\"https:\/\/frauenarzt-net.de\/wechseljahre\/\">M\u00e9nopause<\/a><\/p><p><a href=\"https:\/\/frauenarzt-net.de\/brusterkrankungen\/\">Maladies du sein<\/a><\/p><p><a href=\"https:\/\/frauenarzt-net.de\/krebserkrankungen\/\">Cancers<\/a><\/p><p><a href=\"https:\/\/frauenarzt-net.de\/inkontinenz\/\">Incontinence<\/a><\/p><p><a href=\"https:\/\/frauenarzt-net.de\/endometriose\/\">Endom\u00e9triose<\/a><\/p><p><a href=\"https:\/\/frauenarzt-net.de\/ultraschalldiagnostik\/\">Diagnostic par ultrasons<\/a><\/p><p><a href=\"https:\/\/frauenarzt-net.de\/impfungen\/\">Vaccinations<\/a><\/p>\t\t\t\t\t\t<\/div>\n\t\t\t\t<\/div>\n\t\t\t\t<\/div>\n\t\t\t\t\t<\/div>\n\t\t\t\t<\/div>\n\t\t\t\t\t\t\t<\/div>\n\t\t","protected":false},"excerpt":{"rendered":"<p>Ersttrimesterscreening Fr\u00fche Vorsorge f\u00fcr Ihre Schwangerschaft bei Ihren Frauen\u00e4rzten in D\u00fcsseldorf Das Ersttrimesterscreening ist eine wichtige Untersuchung in der Fr\u00fchschwangerschaft, die Ihnen wertvolle Informationen \u00fcber die Entwicklung Ihres Babys liefert. Das Screening besteht aus einer detaillierten Ultraschalluntersuchung und einer Blutentnahme bei der Mutter. Wir nehmen uns Zeit, Ihre Fragen zu beantworten und die Ergebnisse ausf\u00fchrlich [&hellip;]<\/p>\n","protected":false},"author":1,"featured_media":0,"parent":0,"menu_order":0,"comment_status":"closed","ping_status":"closed","template":"elementor_header_footer","meta":[],"yoast_head":"<!-- This site is optimized with the Yoast SEO plugin v19.13 - https:\/\/yoast.com\/wordpress\/plugins\/seo\/ -->\n<title>Ersttrimesterscreening<\/title>\n<meta name=\"description\" content=\"Ersttrimesterscreening bei Ihrem Frauenarzt in D\u00fcsseldorf. Dr. Eli Wechsler ist Experte f\u00fcr Risikoschwangerschaften und Diagnostik.\" \/>\n<meta name=\"robots\" content=\"index, follow, max-snippet:-1, max-image-preview:large, max-video-preview:-1\" \/>\n<link rel=\"canonical\" href=\"https:\/\/frauenarzt-net.de\/ersttrimesterscreening\/\" \/>\n<meta property=\"og:locale\" content=\"fr_FR\" \/>\n<meta property=\"og:type\" content=\"article\" \/>\n<meta property=\"og:title\" content=\"Ersttrimesterscreening\" \/>\n<meta property=\"og:description\" content=\"Ersttrimesterscreening bei Ihrem Frauenarzt in D\u00fcsseldorf. Dr. Eli Wechsler ist Experte f\u00fcr Risikoschwangerschaften und Diagnostik.\" \/>\n<meta property=\"og:url\" content=\"https:\/\/frauenarzt-net.de\/ersttrimesterscreening\/\" \/>\n<meta property=\"og:site_name\" content=\"Praxis Dr. Wechsler - Ihre Frauen\u00e4rztin in D\u00fcsseldorf und Umgebung\" \/>\n<meta property=\"article:modified_time\" content=\"2025-12-02T16:38:00+00:00\" \/>\n<meta property=\"og:image\" content=\"https:\/\/frauenarzt-net.de\/wp-content\/uploads\/2025\/12\/ulraschall-8.jpg\" \/>\n<meta name=\"twitter:card\" content=\"summary_large_image\" \/>\n<meta name=\"twitter:label1\" content=\"Dur\u00e9e de lecture estim\u00e9e\" \/>\n\t<meta name=\"twitter:data1\" content=\"1 minute\" \/>\n<script type=\"application\/ld+json\" class=\"yoast-schema-graph\">{\"@context\":\"https:\/\/schema.org\",\"@graph\":[{\"@type\":\"WebPage\",\"@id\":\"https:\/\/frauenarzt-net.de\/ersttrimesterscreening\/\",\"url\":\"https:\/\/frauenarzt-net.de\/ersttrimesterscreening\/\",\"name\":\"Ersttrimesterscreening | Praxis Dr. Wechsler - Ihre Frauen\u00e4rztin in D\u00fcsseldorf und Umgebung\",\"isPartOf\":{\"@id\":\"https:\/\/frauenarzt-net.de\/#website\"},\"datePublished\":\"2024-11-29T23:52:19+00:00\",\"dateModified\":\"2025-12-02T16:38:00+00:00\",\"description\":\"Ersttrimesterscreening bei Ihrem Frauenarzt in D\u00fcsseldorf. Dr. Eli Wechsler ist Experte f\u00fcr Risikoschwangerschaften und Diagnostik.\",\"breadcrumb\":{\"@id\":\"https:\/\/frauenarzt-net.de\/ersttrimesterscreening\/#breadcrumb\"},\"inLanguage\":\"fr-FR\",\"potentialAction\":[{\"@type\":\"ReadAction\",\"target\":[\"https:\/\/frauenarzt-net.de\/ersttrimesterscreening\/\"]}]},{\"@type\":\"BreadcrumbList\",\"@id\":\"https:\/\/frauenarzt-net.de\/ersttrimesterscreening\/#breadcrumb\",\"itemListElement\":[{\"@type\":\"ListItem\",\"position\":1,\"name\":\"Home\",\"item\":\"https:\/\/frauenarzt-net.de\/\"},{\"@type\":\"ListItem\",\"position\":2,\"name\":\"Ersttrimesterscreening\"}]},{\"@type\":\"WebSite\",\"@id\":\"https:\/\/frauenarzt-net.de\/#website\",\"url\":\"https:\/\/frauenarzt-net.de\/\",\"name\":\"Praxis Dr. Wechsler - Ihre Frauen\u00e4rztin in D\u00fcsseldorf und Umgebung\",\"description\":\"\",\"publisher\":{\"@id\":\"https:\/\/frauenarzt-net.de\/#organization\"},\"potentialAction\":[{\"@type\":\"SearchAction\",\"target\":{\"@type\":\"EntryPoint\",\"urlTemplate\":\"https:\/\/frauenarzt-net.de\/?s={search_term_string}\"},\"query-input\":\"required name=search_term_string\"}],\"inLanguage\":\"fr-FR\"},{\"@type\":\"Organization\",\"@id\":\"https:\/\/frauenarzt-net.de\/#organization\",\"name\":\"INVESTMENT COINS\",\"url\":\"https:\/\/frauenarzt-net.de\/\",\"logo\":{\"@type\":\"ImageObject\",\"inLanguage\":\"fr-FR\",\"@id\":\"https:\/\/frauenarzt-net.de\/#\/schema\/logo\/image\/\",\"url\":\"https:\/\/frauenaerztin-duesseldorf.dr-wechsler.de\/wp-content\/uploads\/2021\/07\/logo2.png\",\"contentUrl\":\"https:\/\/frauenaerztin-duesseldorf.dr-wechsler.de\/wp-content\/uploads\/2021\/07\/logo2.png\",\"width\":794,\"height\":71,\"caption\":\"INVESTMENT COINS\"},\"image\":{\"@id\":\"https:\/\/frauenarzt-net.de\/#\/schema\/logo\/image\/\"}}]}<\/script>\n<!-- \/ Yoast SEO plugin. -->","yoast_head_json":{"title":"Ersttrimesterscreening","description":"Ersttrimesterscreening bei Ihrem Frauenarzt in D\u00fcsseldorf. Dr. Eli Wechsler ist Experte f\u00fcr Risikoschwangerschaften und Diagnostik.","robots":{"index":"index","follow":"follow","max-snippet":"max-snippet:-1","max-image-preview":"max-image-preview:large","max-video-preview":"max-video-preview:-1"},"canonical":"https:\/\/frauenarzt-net.de\/ersttrimesterscreening\/","og_locale":"fr_FR","og_type":"article","og_title":"Ersttrimesterscreening","og_description":"Ersttrimesterscreening bei Ihrem Frauenarzt in D\u00fcsseldorf. Dr. Eli Wechsler ist Experte f\u00fcr Risikoschwangerschaften und Diagnostik.","og_url":"https:\/\/frauenarzt-net.de\/ersttrimesterscreening\/","og_site_name":"Praxis Dr. Wechsler - Ihre Frauen\u00e4rztin in D\u00fcsseldorf und Umgebung","article_modified_time":"2025-12-02T16:38:00+00:00","og_image":[{"url":"https:\/\/frauenarzt-net.de\/wp-content\/uploads\/2025\/12\/ulraschall-8.jpg"}],"twitter_card":"summary_large_image","twitter_misc":{"Dur\u00e9e de lecture estim\u00e9e":"1 minute"},"schema":{"@context":"https:\/\/schema.org","@graph":[{"@type":"WebPage","@id":"https:\/\/frauenarzt-net.de\/ersttrimesterscreening\/","url":"https:\/\/frauenarzt-net.de\/ersttrimesterscreening\/","name":"Ersttrimesterscreening | Praxis Dr. Wechsler - Ihre Frauen\u00e4rztin in D\u00fcsseldorf und Umgebung","isPartOf":{"@id":"https:\/\/frauenarzt-net.de\/#website"},"datePublished":"2024-11-29T23:52:19+00:00","dateModified":"2025-12-02T16:38:00+00:00","description":"Ersttrimesterscreening bei Ihrem Frauenarzt in D\u00fcsseldorf. Dr. Eli Wechsler ist Experte f\u00fcr Risikoschwangerschaften und Diagnostik.","breadcrumb":{"@id":"https:\/\/frauenarzt-net.de\/ersttrimesterscreening\/#breadcrumb"},"inLanguage":"fr-FR","potentialAction":[{"@type":"ReadAction","target":["https:\/\/frauenarzt-net.de\/ersttrimesterscreening\/"]}]},{"@type":"BreadcrumbList","@id":"https:\/\/frauenarzt-net.de\/ersttrimesterscreening\/#breadcrumb","itemListElement":[{"@type":"ListItem","position":1,"name":"Home","item":"https:\/\/frauenarzt-net.de\/"},{"@type":"ListItem","position":2,"name":"Ersttrimesterscreening"}]},{"@type":"WebSite","@id":"https:\/\/frauenarzt-net.de\/#website","url":"https:\/\/frauenarzt-net.de\/","name":"Praxis Dr. Wechsler - Ihre Frauen\u00e4rztin in D\u00fcsseldorf und Umgebung","description":"","publisher":{"@id":"https:\/\/frauenarzt-net.de\/#organization"},"potentialAction":[{"@type":"SearchAction","target":{"@type":"EntryPoint","urlTemplate":"https:\/\/frauenarzt-net.de\/?s={search_term_string}"},"query-input":"required name=search_term_string"}],"inLanguage":"fr-FR"},{"@type":"Organization","@id":"https:\/\/frauenarzt-net.de\/#organization","name":"INVESTMENT COINS","url":"https:\/\/frauenarzt-net.de\/","logo":{"@type":"ImageObject","inLanguage":"fr-FR","@id":"https:\/\/frauenarzt-net.de\/#\/schema\/logo\/image\/","url":"https:\/\/frauenaerztin-duesseldorf.dr-wechsler.de\/wp-content\/uploads\/2021\/07\/logo2.png","contentUrl":"https:\/\/frauenaerztin-duesseldorf.dr-wechsler.de\/wp-content\/uploads\/2021\/07\/logo2.png","width":794,"height":71,"caption":"INVESTMENT COINS"},"image":{"@id":"https:\/\/frauenarzt-net.de\/#\/schema\/logo\/image\/"}}]}},"_links":{"self":[{"href":"https:\/\/frauenarzt-net.de\/wp-json\/wp\/v2\/pages\/4718"}],"collection":[{"href":"https:\/\/frauenarzt-net.de\/wp-json\/wp\/v2\/pages"}],"about":[{"href":"https:\/\/frauenarzt-net.de\/wp-json\/wp\/v2\/types\/page"}],"author":[{"embeddable":true,"href":"https:\/\/frauenarzt-net.de\/wp-json\/wp\/v2\/users\/1"}],"replies":[{"embeddable":true,"href":"https:\/\/frauenarzt-net.de\/wp-json\/wp\/v2\/comments?post=4718"}],"version-history":[{"count":62,"href":"https:\/\/frauenarzt-net.de\/wp-json\/wp\/v2\/pages\/4718\/revisions"}],"predecessor-version":[{"id":6894,"href":"https:\/\/frauenarzt-net.de\/wp-json\/wp\/v2\/pages\/4718\/revisions\/6894"}],"wp:attachment":[{"href":"https:\/\/frauenarzt-net.de\/wp-json\/wp\/v2\/media?parent=4718"}],"curies":[{"name":"wp","href":"https:\/\/api.w.org\/{rel}","templated":true}]}}