{"id":4688,"date":"2024-11-29T21:01:52","date_gmt":"2024-11-29T21:01:52","guid":{"rendered":"https:\/\/frauenarzt-net.de\/?page_id=4688"},"modified":"2025-12-02T16:17:29","modified_gmt":"2025-12-02T16:17:29","slug":"impfungen","status":"publish","type":"page","link":"https:\/\/frauenarzt-net.de\/impfungen\/","title":{"rendered":"Impfungen"},"content":{"rendered":"\t\t<div data-elementor-type=\"wp-page\" data-elementor-id=\"4688\" class=\"elementor elementor-4688\">\n\t\t\t\t\t\t\t<div class=\"elementor-element elementor-element-b84ae9e e-con-boxed e-con\" data-id=\"b84ae9e\" data-element_type=\"container\" data-settings=\"{&quot;content_width&quot;:&quot;boxed&quot;}\">\n\t\t\t\t\t<div class=\"e-con-inner\">\n\t\t\t\t<div class=\"elementor-element elementor-element-2a43fb1 elementor-widget elementor-widget-text-editor\" data-id=\"2a43fb1\" data-element_type=\"widget\" data-widget_type=\"text-editor.default\">\n\t\t\t\t<div class=\"elementor-widget-container\">\n\t\t\t<style>\/*! elementor - v3.9.2 - 21-12-2022 *\/\n.elementor-widget-text-editor.elementor-drop-cap-view-stacked .elementor-drop-cap{background-color:#818a91;color:#fff}.elementor-widget-text-editor.elementor-drop-cap-view-framed .elementor-drop-cap{color:#818a91;border:3px solid;background-color:transparent}.elementor-widget-text-editor:not(.elementor-drop-cap-view-default) .elementor-drop-cap{margin-top:8px}.elementor-widget-text-editor:not(.elementor-drop-cap-view-default) .elementor-drop-cap-letter{width:1em;height:1em}.elementor-widget-text-editor .elementor-drop-cap{float:left;text-align:center;line-height:1;font-size:50px}.elementor-widget-text-editor .elementor-drop-cap-letter{display:inline-block}<\/style>\t\t\t\t<h1 class=\"mb-2 mt-6 text-lg first:mt-3\">Vaccins<\/h1><h2 class=\"mb-2 mt-6 text-lg first:mt-3\">Mesures pr\u00e9ventives importantes aupr\u00e8s de vos gyn\u00e9cologues \u00e0 D\u00fcsseldorf<\/h2>\t\t\t\t\t\t<\/div>\n\t\t\t\t<\/div>\n\t\t\t\t\t<\/div>\n\t\t\t\t<\/div>\n\t\t<div class=\"elementor-element elementor-element-e0ff232 elementor-hidden-mobile e-con-boxed e-con\" data-id=\"e0ff232\" data-element_type=\"container\" data-settings=\"{&quot;content_width&quot;:&quot;boxed&quot;}\">\n\t\t\t\t\t<div class=\"e-con-inner\">\n\t\t<div class=\"elementor-element elementor-element-18b5d59 e-con-full e-con\" data-id=\"18b5d59\" data-element_type=\"container\" data-settings=\"{&quot;content_width&quot;:&quot;full&quot;}\">\n\t\t\t\t<div class=\"elementor-element elementor-element-58c7bfc elementor-widget elementor-widget-text-editor\" data-id=\"58c7bfc\" data-element_type=\"widget\" data-widget_type=\"text-editor.default\">\n\t\t\t\t<div class=\"elementor-widget-container\">\n\t\t\t\t\t\t\t<p data-start=\"908\" data-end=\"1058\">Les vaccins comptent parmi les moyens les plus efficaces pour se prot\u00e9ger soi-m\u00eame et prot\u00e9ger les autres contre les maladies graves.<\/p><p data-start=\"1249\" data-end=\"1474\">En particulier chez les femmes ayant un d\u00e9sir de grossesse, il est essentiel de v\u00e9rifier \u00e0 temps leur statut vaccinal afin de s\u2019assurer que toutes les vaccinations n\u00e9cessaires sont effectu\u00e9es avant une \u00e9ventuelle grossesse.<\/p><p data-start=\"1476\" data-end=\"1590\">Nous vous expliquons les vaccinations recommand\u00e9es et vous aidons \u00e0 \u00e9tablir un calendrier vaccinal personnalis\u00e9.<\/p><p data-start=\"1826\" data-end=\"1961\">\u00a0<\/p>\t\t\t\t\t\t<\/div>\n\t\t\t\t<\/div>\n\t\t\t\t<\/div>\n\t\t<div class=\"elementor-element elementor-element-d604717 e-con-full e-con\" data-id=\"d604717\" data-element_type=\"container\" data-settings=\"{&quot;content_width&quot;:&quot;full&quot;}\">\n\t\t\t\t<div class=\"elementor-element elementor-element-a52262a elementor-widget elementor-widget-text-editor\" data-id=\"a52262a\" data-element_type=\"widget\" data-widget_type=\"text-editor.default\">\n\t\t\t\t<div class=\"elementor-widget-container\">\n\t\t\t\t\t\t\t<p data-start=\"1592\" data-end=\"1824\">La Commission permanente de vaccination (STIKO) recommande un large \u00e9ventail de vaccins, notamment le vaccin contre le HPV, qui prot\u00e8ge contre le cancer du col de l\u2019ut\u00e9rus, ainsi que les vaccins contre la grippe et le pneumocoque.<\/p><p data-start=\"1826\" data-end=\"1961\">Nous vous informons \u00e9galement en d\u00e9tail sur les effets secondaires possibles et sur le moment optimal pour r\u00e9aliser les vaccinations.<\/p><p>\u00a0<\/p>\t\t\t\t\t\t<\/div>\n\t\t\t\t<\/div>\n\t\t\t\t<div class=\"elementor-element elementor-element-1696919 elementor-align-left elementor-widget elementor-widget-button\" data-id=\"1696919\" data-element_type=\"widget\" data-widget_type=\"button.default\">\n\t\t\t\t<div class=\"elementor-widget-container\">\n\t\t\t\t\t<div class=\"elementor-button-wrapper\">\n\t\t\t<a href=\"https:\/\/www.doctolib.de\/privatpraxis\/duesseldorf\/privatpraxis-fuer-gynaekologie-dr-wechsler?utm_campaign=website-button&#038;utm_source=privatpraxis-fuer-gynaekologie-dr-wechsler-website-button&#038;utm_medium=referral&#038;utm_content=option-8&#038;utm_term=privatpraxis-fuer-gynaekologie-dr-wechsler\" target=\"_blank\" class=\"elementor-button-link elementor-button elementor-size-sm\" role=\"button\">\n\t\t\t\t\t\t<span class=\"elementor-button-content-wrapper\">\n\t\t\t\t\t\t<span class=\"elementor-button-text\">Prendre Rendez-Vouz<\/span>\n\t\t<\/span>\n\t\t\t\t\t<\/a>\n\t\t<\/div>\n\t\t\t\t<\/div>\n\t\t\t\t<\/div>\n\t\t\t\t<\/div>\n\t\t\t\t\t<\/div>\n\t\t\t\t<\/div>\n\t\t<div class=\"elementor-element elementor-element-d8bf1c8 elementor-hidden-desktop elementor-hidden-tablet e-con-boxed e-con\" data-id=\"d8bf1c8\" data-element_type=\"container\" data-settings=\"{&quot;content_width&quot;:&quot;boxed&quot;}\">\n\t\t\t\t\t<div class=\"e-con-inner\">\n\t\t<div class=\"elementor-element elementor-element-6c696b0 e-con-full e-con\" data-id=\"6c696b0\" data-element_type=\"container\" data-settings=\"{&quot;content_width&quot;:&quot;full&quot;}\">\n\t\t\t\t<div class=\"elementor-element elementor-element-dd61703 elementor-widget elementor-widget-text-editor\" data-id=\"dd61703\" data-element_type=\"widget\" data-widget_type=\"text-editor.default\">\n\t\t\t\t<div class=\"elementor-widget-container\">\n\t\t\t\t\t\t\t<p data-start=\"908\" data-end=\"1058\">Les vaccins comptent parmi les moyens les plus efficaces pour se prot\u00e9ger soi-m\u00eame et prot\u00e9ger les autres contre les maladies graves.<\/p><p data-start=\"1249\" data-end=\"1474\">En particulier chez les femmes ayant un d\u00e9sir de grossesse, il est essentiel de v\u00e9rifier \u00e0 temps leur statut vaccinal afin de s\u2019assurer que toutes les vaccinations n\u00e9cessaires sont effectu\u00e9es avant une \u00e9ventuelle grossesse.<\/p><p data-start=\"1476\" data-end=\"1590\">Nous vous expliquons les vaccinations recommand\u00e9es et vous aidons \u00e0 \u00e9tablir un calendrier vaccinal personnalis\u00e9.<\/p><p data-start=\"1826\" data-end=\"1961\">\u00a0<\/p>\t\t\t\t\t\t<\/div>\n\t\t\t\t<\/div>\n\t\t\t\t<\/div>\n\t\t<div class=\"elementor-element elementor-element-f2559fb e-con-full e-con\" data-id=\"f2559fb\" data-element_type=\"container\" data-settings=\"{&quot;content_width&quot;:&quot;full&quot;}\">\n\t\t\t\t<div class=\"elementor-element elementor-element-f713e0c elementor-widget elementor-widget-text-editor\" data-id=\"f713e0c\" data-element_type=\"widget\" data-widget_type=\"text-editor.default\">\n\t\t\t\t<div class=\"elementor-widget-container\">\n\t\t\t\t\t\t\t<p data-start=\"1592\" data-end=\"1824\">La Commission permanente de vaccination (STIKO) recommande un large \u00e9ventail de vaccins, notamment le vaccin contre le HPV, qui prot\u00e8ge contre le cancer du col de l\u2019ut\u00e9rus, ainsi que les vaccins contre la grippe et le pneumocoque.<\/p><p data-start=\"1826\" data-end=\"1961\">Nous vous informons \u00e9galement en d\u00e9tail sur les effets secondaires possibles et sur le moment optimal pour r\u00e9aliser les vaccinations.<\/p><p>\u00a0<\/p>\t\t\t\t\t\t<\/div>\n\t\t\t\t<\/div>\n\t\t\t\t<div class=\"elementor-element elementor-element-27933d1 elementor-align-left elementor-mobile-align-center elementor-widget elementor-widget-button\" data-id=\"27933d1\" data-element_type=\"widget\" data-widget_type=\"button.default\">\n\t\t\t\t<div class=\"elementor-widget-container\">\n\t\t\t\t\t<div class=\"elementor-button-wrapper\">\n\t\t\t<a href=\"https:\/\/www.doctolib.de\/privatpraxis\/duesseldorf\/privatpraxis-fuer-gynaekologie-dr-wechsler?utm_campaign=website-button&#038;utm_source=privatpraxis-fuer-gynaekologie-dr-wechsler-website-button&#038;utm_medium=referral&#038;utm_content=option-8&#038;utm_term=privatpraxis-fuer-gynaekologie-dr-wechsler\" target=\"_blank\" class=\"elementor-button-link elementor-button elementor-size-sm\" role=\"button\">\n\t\t\t\t\t\t<span class=\"elementor-button-content-wrapper\">\n\t\t\t\t\t\t<span class=\"elementor-button-text\">Prendre Rendez-Vouz<\/span>\n\t\t<\/span>\n\t\t\t\t\t<\/a>\n\t\t<\/div>\n\t\t\t\t<\/div>\n\t\t\t\t<\/div>\n\t\t\t\t<\/div>\n\t\t\t\t\t<\/div>\n\t\t\t\t<\/div>\n\t\t<div class=\"elementor-element elementor-element-3d6a414 e-con-boxed e-con\" data-id=\"3d6a414\" data-element_type=\"container\" data-settings=\"{&quot;content_width&quot;:&quot;boxed&quot;}\">\n\t\t\t\t\t<div class=\"e-con-inner\">\n\t\t\t\t<div class=\"elementor-element elementor-element-ad38e95 elementor-widget elementor-widget-image\" data-id=\"ad38e95\" data-element_type=\"widget\" data-widget_type=\"image.default\">\n\t\t\t\t<div class=\"elementor-widget-container\">\n\t\t\t<style>\/*! elementor - v3.9.2 - 21-12-2022 *\/\n.elementor-widget-image{text-align:center}.elementor-widget-image a{display:inline-block}.elementor-widget-image a img[src$=\".svg\"]{width:48px}.elementor-widget-image img{vertical-align:middle;display:inline-block}<\/style>\t\t\t\t\t\t\t\t\t\t\t\t<img decoding=\"async\" width=\"1000\" height=\"436\" src=\"https:\/\/frauenarzt-net.de\/wp-content\/uploads\/2024\/12\/impfungen-frauenarzt-duesseldorf.jpg\" class=\"attachment-large size-large wp-image-5181\" alt=\"Impfungen Frauenarzt D\u00fcsseldorf\" loading=\"lazy\" srcset=\"https:\/\/frauenarzt-net.de\/wp-content\/uploads\/2024\/12\/impfungen-frauenarzt-duesseldorf.jpg 1000w, https:\/\/frauenarzt-net.de\/wp-content\/uploads\/2024\/12\/impfungen-frauenarzt-duesseldorf-400x174.jpg 400w, https:\/\/frauenarzt-net.de\/wp-content\/uploads\/2024\/12\/impfungen-frauenarzt-duesseldorf-250x109.jpg 250w, https:\/\/frauenarzt-net.de\/wp-content\/uploads\/2024\/12\/impfungen-frauenarzt-duesseldorf-768x335.jpg 768w\" sizes=\"(max-width: 1000px) 100vw, 1000px\" \/>\t\t\t\t\t\t\t\t\t\t\t\t\t\t\t<\/div>\n\t\t\t\t<\/div>\n\t\t\t\t\t<\/div>\n\t\t\t\t<\/div>\n\t\t<div class=\"elementor-element elementor-element-7515e10 e-con-boxed e-con\" data-id=\"7515e10\" data-element_type=\"container\" data-settings=\"{&quot;content_width&quot;:&quot;boxed&quot;}\">\n\t\t\t\t\t<div class=\"e-con-inner\">\n\t\t<div class=\"elementor-element elementor-element-14471b0 e-con-full e-con\" data-id=\"14471b0\" data-element_type=\"container\" data-settings=\"{&quot;content_width&quot;:&quot;full&quot;}\">\n\t\t\t\t<div class=\"elementor-element elementor-element-1898160 elementor-widget elementor-widget-text-editor\" data-id=\"1898160\" data-element_type=\"widget\" data-widget_type=\"text-editor.default\">\n\t\t\t\t<div class=\"elementor-widget-container\">\n\t\t\t\t\t\t\t<h2>Tout sur votre grossesse :<\/h2><p><a href=\"https:\/\/frauenarzt-net.de\/ersttrimesterscreening\/\">D\u00e9pistage du premier trimestre<\/a><\/p><p><a href=\"https:\/\/frauenarzt-net.de\/doppleruntersuchung-in-duesseldorf\/\">Examen Doppler<\/a><\/p><p><a href=\"https:\/\/frauenarzt-net.de\/risikoschwangerschaften\/\">Grossesses \u00e0 risque<\/a><\/p><p><a href=\"https:\/\/frauenarzt-net.de\/beratung-zur-geburt\/\">Conseil \u00e0 l&#8217;accouchement<\/a><\/p>\t\t\t\t\t\t<\/div>\n\t\t\t\t<\/div>\n\t\t\t\t<\/div>\n\t\t<div class=\"elementor-element elementor-element-7adce6b e-con-full e-con\" data-id=\"7adce6b\" data-element_type=\"container\" data-settings=\"{&quot;content_width&quot;:&quot;full&quot;}\">\n\t\t\t\t<div class=\"elementor-element elementor-element-6e20f01 elementor-widget elementor-widget-text-editor\" data-id=\"6e20f01\" data-element_type=\"widget\" data-widget_type=\"text-editor.default\">\n\t\t\t\t<div class=\"elementor-widget-container\">\n\t\t\t\t\t\t\t<h2>Gyn\u00e9cologie :<\/h2><p><a href=\"https:\/\/frauenarzt-net.de\/teenager-sprechstunde\/\">Consultation pour adolescentes<\/a><\/p><p><a href=\"https:\/\/frauenarzt-net.de\/vorsorge\/\">Pr\u00e9vention<\/a><\/p><p><a href=\"https:\/\/frauenarzt-net.de\/verhuetung\/\">Contraception<\/a><\/p><p><a href=\"https:\/\/frauenarzt-net.de\/kinderwunsch\/\">D\u00e9sir d&#8217;enfant<\/a><\/p><p><a href=\"https:\/\/frauenarzt-net.de\/kinderwunsch-copy\/\">Consultation hormonale<\/a><\/p><p><a href=\"https:\/\/frauenarzt-net.de\/wechseljahre\/\">M\u00e9nopause<\/a><\/p><p><a href=\"https:\/\/frauenarzt-net.de\/brusterkrankungen\/\">Maladies du sein<\/a><\/p><p><a href=\"https:\/\/frauenarzt-net.de\/krebserkrankungen\/\">Cancers<\/a><\/p><p><a href=\"https:\/\/frauenarzt-net.de\/inkontinenz\/\">Incontinence<\/a><\/p><p><a href=\"https:\/\/frauenarzt-net.de\/endometriose\/\">Endom\u00e9triose<\/a><\/p><p><a href=\"https:\/\/frauenarzt-net.de\/ultraschalldiagnostik\/\">Diagnostic par ultrasons<\/a><\/p><p><a href=\"https:\/\/frauenarzt-net.de\/impfungen\/\">Vaccinations<\/a><\/p>\t\t\t\t\t\t<\/div>\n\t\t\t\t<\/div>\n\t\t\t\t<\/div>\n\t\t\t\t\t<\/div>\n\t\t\t\t<\/div>\n\t\t\t\t\t\t\t<\/div>\n\t\t","protected":false},"excerpt":{"rendered":"<p>Impfungen Wichtige Vorsorgema\u00dfnahmen bei Ihren Frauen\u00e4rzten in D\u00fcsseldorf Impfungen sind eine der effektivsten M\u00f6glichkeiten, um sich und andere vor schweren Krankheiten zu sch\u00fctzen. Besonders bei Frauen mit Kinderwunsch ist es entscheidend, den Impfstatus rechtzeitig zu \u00fcberpr\u00fcfen, um sicherzustellen, dass alle notwendigen Impfungen vor einer m\u00f6glichen Schwangerschaft abgeschlossen sind. Wir kl\u00e4ren Sie \u00fcber die empfohlenen Impfungen [&hellip;]<\/p>\n","protected":false},"author":1,"featured_media":0,"parent":0,"menu_order":0,"comment_status":"closed","ping_status":"closed","template":"elementor_header_footer","meta":[],"yoast_head":"<!-- This site is optimized with the Yoast SEO plugin v19.13 - https:\/\/yoast.com\/wordpress\/plugins\/seo\/ -->\n<title>Impfungen<\/title>\n<meta name=\"description\" content=\"Impfungen sind wichtige Vorsorgema\u00dfnahmen. Frauenarzt Dr. Eli Wechsler ist Experte f\u00fcr moderne Diagnostik und Impfungen in D\u00fcsseldorf.\" \/>\n<meta name=\"robots\" content=\"index, follow, max-snippet:-1, max-image-preview:large, max-video-preview:-1\" \/>\n<link rel=\"canonical\" href=\"https:\/\/frauenarzt-net.de\/impfungen\/\" \/>\n<meta property=\"og:locale\" content=\"fr_FR\" \/>\n<meta property=\"og:type\" content=\"article\" \/>\n<meta property=\"og:title\" content=\"Impfungen\" \/>\n<meta property=\"og:description\" content=\"Impfungen sind wichtige Vorsorgema\u00dfnahmen. Frauenarzt Dr. Eli Wechsler ist Experte f\u00fcr moderne Diagnostik und Impfungen in D\u00fcsseldorf.\" \/>\n<meta property=\"og:url\" content=\"https:\/\/frauenarzt-net.de\/impfungen\/\" \/>\n<meta property=\"og:site_name\" content=\"Praxis Dr. Wechsler - Ihre Frauen\u00e4rztin in D\u00fcsseldorf und Umgebung\" \/>\n<meta property=\"article:modified_time\" content=\"2025-12-02T16:17:29+00:00\" \/>\n<meta property=\"og:image\" content=\"https:\/\/frauenarzt-net.de\/wp-content\/uploads\/2024\/12\/impfungen-frauenarzt-duesseldorf.jpg\" \/>\n<meta name=\"twitter:card\" content=\"summary_large_image\" \/>\n<meta name=\"twitter:label1\" content=\"Dur\u00e9e de lecture estim\u00e9e\" \/>\n\t<meta name=\"twitter:data1\" content=\"1 minute\" \/>\n<script type=\"application\/ld+json\" class=\"yoast-schema-graph\">{\"@context\":\"https:\/\/schema.org\",\"@graph\":[{\"@type\":\"WebPage\",\"@id\":\"https:\/\/frauenarzt-net.de\/impfungen\/\",\"url\":\"https:\/\/frauenarzt-net.de\/impfungen\/\",\"name\":\"Impfungen | Praxis Dr. Wechsler - Ihre Frauen\u00e4rztin in D\u00fcsseldorf und Umgebung\",\"isPartOf\":{\"@id\":\"https:\/\/frauenarzt-net.de\/#website\"},\"datePublished\":\"2024-11-29T21:01:52+00:00\",\"dateModified\":\"2025-12-02T16:17:29+00:00\",\"description\":\"Impfungen sind wichtige Vorsorgema\u00dfnahmen. Frauenarzt Dr. Eli Wechsler ist Experte f\u00fcr moderne Diagnostik und Impfungen in D\u00fcsseldorf.\",\"breadcrumb\":{\"@id\":\"https:\/\/frauenarzt-net.de\/impfungen\/#breadcrumb\"},\"inLanguage\":\"fr-FR\",\"potentialAction\":[{\"@type\":\"ReadAction\",\"target\":[\"https:\/\/frauenarzt-net.de\/impfungen\/\"]}]},{\"@type\":\"BreadcrumbList\",\"@id\":\"https:\/\/frauenarzt-net.de\/impfungen\/#breadcrumb\",\"itemListElement\":[{\"@type\":\"ListItem\",\"position\":1,\"name\":\"Home\",\"item\":\"https:\/\/frauenarzt-net.de\/\"},{\"@type\":\"ListItem\",\"position\":2,\"name\":\"Impfungen\"}]},{\"@type\":\"WebSite\",\"@id\":\"https:\/\/frauenarzt-net.de\/#website\",\"url\":\"https:\/\/frauenarzt-net.de\/\",\"name\":\"Praxis Dr. Wechsler - Ihre Frauen\u00e4rztin in D\u00fcsseldorf und Umgebung\",\"description\":\"\",\"publisher\":{\"@id\":\"https:\/\/frauenarzt-net.de\/#organization\"},\"potentialAction\":[{\"@type\":\"SearchAction\",\"target\":{\"@type\":\"EntryPoint\",\"urlTemplate\":\"https:\/\/frauenarzt-net.de\/?s={search_term_string}\"},\"query-input\":\"required name=search_term_string\"}],\"inLanguage\":\"fr-FR\"},{\"@type\":\"Organization\",\"@id\":\"https:\/\/frauenarzt-net.de\/#organization\",\"name\":\"INVESTMENT COINS\",\"url\":\"https:\/\/frauenarzt-net.de\/\",\"logo\":{\"@type\":\"ImageObject\",\"inLanguage\":\"fr-FR\",\"@id\":\"https:\/\/frauenarzt-net.de\/#\/schema\/logo\/image\/\",\"url\":\"https:\/\/frauenaerztin-duesseldorf.dr-wechsler.de\/wp-content\/uploads\/2021\/07\/logo2.png\",\"contentUrl\":\"https:\/\/frauenaerztin-duesseldorf.dr-wechsler.de\/wp-content\/uploads\/2021\/07\/logo2.png\",\"width\":794,\"height\":71,\"caption\":\"INVESTMENT COINS\"},\"image\":{\"@id\":\"https:\/\/frauenarzt-net.de\/#\/schema\/logo\/image\/\"}}]}<\/script>\n<!-- \/ Yoast SEO plugin. -->","yoast_head_json":{"title":"Impfungen","description":"Impfungen sind wichtige Vorsorgema\u00dfnahmen. Frauenarzt Dr. Eli Wechsler ist Experte f\u00fcr moderne Diagnostik und Impfungen in D\u00fcsseldorf.","robots":{"index":"index","follow":"follow","max-snippet":"max-snippet:-1","max-image-preview":"max-image-preview:large","max-video-preview":"max-video-preview:-1"},"canonical":"https:\/\/frauenarzt-net.de\/impfungen\/","og_locale":"fr_FR","og_type":"article","og_title":"Impfungen","og_description":"Impfungen sind wichtige Vorsorgema\u00dfnahmen. Frauenarzt Dr. Eli Wechsler ist Experte f\u00fcr moderne Diagnostik und Impfungen in D\u00fcsseldorf.","og_url":"https:\/\/frauenarzt-net.de\/impfungen\/","og_site_name":"Praxis Dr. Wechsler - Ihre Frauen\u00e4rztin in D\u00fcsseldorf und Umgebung","article_modified_time":"2025-12-02T16:17:29+00:00","og_image":[{"url":"https:\/\/frauenarzt-net.de\/wp-content\/uploads\/2024\/12\/impfungen-frauenarzt-duesseldorf.jpg"}],"twitter_card":"summary_large_image","twitter_misc":{"Dur\u00e9e de lecture estim\u00e9e":"1 minute"},"schema":{"@context":"https:\/\/schema.org","@graph":[{"@type":"WebPage","@id":"https:\/\/frauenarzt-net.de\/impfungen\/","url":"https:\/\/frauenarzt-net.de\/impfungen\/","name":"Impfungen | Praxis Dr. Wechsler - Ihre Frauen\u00e4rztin in D\u00fcsseldorf und Umgebung","isPartOf":{"@id":"https:\/\/frauenarzt-net.de\/#website"},"datePublished":"2024-11-29T21:01:52+00:00","dateModified":"2025-12-02T16:17:29+00:00","description":"Impfungen sind wichtige Vorsorgema\u00dfnahmen. Frauenarzt Dr. Eli Wechsler ist Experte f\u00fcr moderne Diagnostik und Impfungen in D\u00fcsseldorf.","breadcrumb":{"@id":"https:\/\/frauenarzt-net.de\/impfungen\/#breadcrumb"},"inLanguage":"fr-FR","potentialAction":[{"@type":"ReadAction","target":["https:\/\/frauenarzt-net.de\/impfungen\/"]}]},{"@type":"BreadcrumbList","@id":"https:\/\/frauenarzt-net.de\/impfungen\/#breadcrumb","itemListElement":[{"@type":"ListItem","position":1,"name":"Home","item":"https:\/\/frauenarzt-net.de\/"},{"@type":"ListItem","position":2,"name":"Impfungen"}]},{"@type":"WebSite","@id":"https:\/\/frauenarzt-net.de\/#website","url":"https:\/\/frauenarzt-net.de\/","name":"Praxis Dr. Wechsler - Ihre Frauen\u00e4rztin in D\u00fcsseldorf und Umgebung","description":"","publisher":{"@id":"https:\/\/frauenarzt-net.de\/#organization"},"potentialAction":[{"@type":"SearchAction","target":{"@type":"EntryPoint","urlTemplate":"https:\/\/frauenarzt-net.de\/?s={search_term_string}"},"query-input":"required name=search_term_string"}],"inLanguage":"fr-FR"},{"@type":"Organization","@id":"https:\/\/frauenarzt-net.de\/#organization","name":"INVESTMENT COINS","url":"https:\/\/frauenarzt-net.de\/","logo":{"@type":"ImageObject","inLanguage":"fr-FR","@id":"https:\/\/frauenarzt-net.de\/#\/schema\/logo\/image\/","url":"https:\/\/frauenaerztin-duesseldorf.dr-wechsler.de\/wp-content\/uploads\/2021\/07\/logo2.png","contentUrl":"https:\/\/frauenaerztin-duesseldorf.dr-wechsler.de\/wp-content\/uploads\/2021\/07\/logo2.png","width":794,"height":71,"caption":"INVESTMENT COINS"},"image":{"@id":"https:\/\/frauenarzt-net.de\/#\/schema\/logo\/image\/"}}]}},"_links":{"self":[{"href":"https:\/\/frauenarzt-net.de\/wp-json\/wp\/v2\/pages\/4688"}],"collection":[{"href":"https:\/\/frauenarzt-net.de\/wp-json\/wp\/v2\/pages"}],"about":[{"href":"https:\/\/frauenarzt-net.de\/wp-json\/wp\/v2\/types\/page"}],"author":[{"embeddable":true,"href":"https:\/\/frauenarzt-net.de\/wp-json\/wp\/v2\/users\/1"}],"replies":[{"embeddable":true,"href":"https:\/\/frauenarzt-net.de\/wp-json\/wp\/v2\/comments?post=4688"}],"version-history":[{"count":38,"href":"https:\/\/frauenarzt-net.de\/wp-json\/wp\/v2\/pages\/4688\/revisions"}],"predecessor-version":[{"id":6884,"href":"https:\/\/frauenarzt-net.de\/wp-json\/wp\/v2\/pages\/4688\/revisions\/6884"}],"wp:attachment":[{"href":"https:\/\/frauenarzt-net.de\/wp-json\/wp\/v2\/media?parent=4688"}],"curies":[{"name":"wp","href":"https:\/\/api.w.org\/{rel}","templated":true}]}}