{"id":4679,"date":"2024-11-29T20:55:54","date_gmt":"2024-11-29T20:55:54","guid":{"rendered":"https:\/\/frauenarzt-net.de\/?page_id=4679"},"modified":"2025-12-02T16:14:38","modified_gmt":"2025-12-02T16:14:38","slug":"ultraschalldiagnostik","status":"publish","type":"page","link":"https:\/\/frauenarzt-net.de\/ultraschalldiagnostik\/","title":{"rendered":"Ultraschalldiagnostik"},"content":{"rendered":"\t\t<div data-elementor-type=\"wp-page\" data-elementor-id=\"4679\" class=\"elementor elementor-4679\">\n\t\t\t\t\t\t\t<div class=\"elementor-element elementor-element-b84ae9e e-con-boxed e-con\" data-id=\"b84ae9e\" data-element_type=\"container\" data-settings=\"{&quot;content_width&quot;:&quot;boxed&quot;}\">\n\t\t\t\t\t<div class=\"e-con-inner\">\n\t\t\t\t<div class=\"elementor-element elementor-element-2a43fb1 elementor-widget elementor-widget-text-editor\" data-id=\"2a43fb1\" data-element_type=\"widget\" data-widget_type=\"text-editor.default\">\n\t\t\t\t<div class=\"elementor-widget-container\">\n\t\t\t<style>\/*! elementor - v3.9.2 - 21-12-2022 *\/\n.elementor-widget-text-editor.elementor-drop-cap-view-stacked .elementor-drop-cap{background-color:#818a91;color:#fff}.elementor-widget-text-editor.elementor-drop-cap-view-framed .elementor-drop-cap{color:#818a91;border:3px solid;background-color:transparent}.elementor-widget-text-editor:not(.elementor-drop-cap-view-default) .elementor-drop-cap{margin-top:8px}.elementor-widget-text-editor:not(.elementor-drop-cap-view-default) .elementor-drop-cap-letter{width:1em;height:1em}.elementor-widget-text-editor .elementor-drop-cap{float:left;text-align:center;line-height:1;font-size:50px}.elementor-widget-text-editor .elementor-drop-cap-letter{display:inline-block}<\/style>\t\t\t\t<h1 class=\"mb-2 mt-6 text-lg first:mt-3\">Diagnostic par ultrasons<\/h1><h2 class=\"mb-2 mt-6 text-lg first:mt-3\">Examens pr\u00e9cis chez votre gyn\u00e9cologue \u00e0 D\u00fcsseldorf<\/h2>\t\t\t\t\t\t<\/div>\n\t\t\t\t<\/div>\n\t\t\t\t\t<\/div>\n\t\t\t\t<\/div>\n\t\t<div class=\"elementor-element elementor-element-6b21236 elementor-hidden-mobile e-con-boxed e-con\" data-id=\"6b21236\" data-element_type=\"container\" data-settings=\"{&quot;content_width&quot;:&quot;boxed&quot;}\">\n\t\t\t\t\t<div class=\"e-con-inner\">\n\t\t<div class=\"elementor-element elementor-element-f9a9f7f e-con-full e-con\" data-id=\"f9a9f7f\" data-element_type=\"container\" data-settings=\"{&quot;content_width&quot;:&quot;full&quot;}\">\n\t\t\t\t<div class=\"elementor-element elementor-element-12e72c7 elementor-widget elementor-widget-text-editor\" data-id=\"12e72c7\" data-element_type=\"widget\" data-widget_type=\"text-editor.default\">\n\t\t\t\t<div class=\"elementor-widget-container\">\n\t\t\t\t\t\t\t<p data-start=\"726\" data-end=\"870\">L\u2019\u00e9chographie est un outil indispensable en gyn\u00e9cologie moderne et joue un r\u00f4le central dans le d\u00e9pistage pr\u00e9coce des maladies.<\/p><p data-start=\"872\" data-end=\"1058\">Dans notre cabinet \u00e0 D\u00fcsseldorf, nous vous proposons des examens \u00e9chographiques complets, utilis\u00e9s aussi bien pour le diagnostic que pour la surveillance des affections gyn\u00e9cologiques.<\/p><p data-start=\"1060\" data-end=\"1279\">Qu\u2019il s\u2019agisse d\u2019examens de routine, du suivi de la grossesse ou de diagnostics sp\u00e9cifiques, nous utilisons des appareils d\u2019\u00e9chographie de derni\u00e8re g\u00e9n\u00e9ration afin de vous offrir la meilleure prise en charge possible.<\/p><p data-start=\"1281\" data-end=\"1411\">Les examens \u00e9chographiques sont non invasifs et constituent un moyen s\u00fbr d\u2019obtenir des informations importantes sur votre sant\u00e9.<\/p><p data-start=\"1413\" data-end=\"1545\">Dans notre cabinet, nous r\u00e9alisons diff\u00e9rents types d\u2019\u00e9chographies, notamment des \u00e9chographies transabdominales et transvaginales.<\/p>\t\t\t\t\t\t<\/div>\n\t\t\t\t<\/div>\n\t\t\t\t<\/div>\n\t\t<div class=\"elementor-element elementor-element-fd3597d e-con-full e-con\" data-id=\"fd3597d\" data-element_type=\"container\" data-settings=\"{&quot;content_width&quot;:&quot;full&quot;}\">\n\t\t\t\t<div class=\"elementor-element elementor-element-6c28ec9 elementor-widget elementor-widget-text-editor\" data-id=\"6c28ec9\" data-element_type=\"widget\" data-widget_type=\"text-editor.default\">\n\t\t\t\t<div class=\"elementor-widget-container\">\n\t\t\t\t\t\t\t<p data-start=\"293\" data-end=\"448\">Ces proc\u00e9dures nous permettent d\u2019obtenir des images d\u00e9taill\u00e9es de vos organes internes et de d\u00e9tecter pr\u00e9cocement d\u2019\u00e9ventuelles anomalies.<\/p><p data-start=\"450\" data-end=\"608\">Nous sommes vos interlocuteurs pour toutes les questions relatives au diagnostic \u00e9chographique et vous accompagnons avec empathie tout au long du processus.<\/p>\t\t\t\t\t\t<\/div>\n\t\t\t\t<\/div>\n\t\t\t\t<div class=\"elementor-element elementor-element-046ad56 elementor-align-left elementor-widget elementor-widget-button\" data-id=\"046ad56\" data-element_type=\"widget\" data-widget_type=\"button.default\">\n\t\t\t\t<div class=\"elementor-widget-container\">\n\t\t\t\t\t<div class=\"elementor-button-wrapper\">\n\t\t\t<a href=\"https:\/\/www.doctolib.de\/privatpraxis\/duesseldorf\/privatpraxis-fuer-gynaekologie-dr-wechsler?utm_campaign=website-button&#038;utm_source=privatpraxis-fuer-gynaekologie-dr-wechsler-website-button&#038;utm_medium=referral&#038;utm_content=option-8&#038;utm_term=privatpraxis-fuer-gynaekologie-dr-wechsler\" target=\"_blank\" class=\"elementor-button-link elementor-button elementor-size-sm\" role=\"button\">\n\t\t\t\t\t\t<span class=\"elementor-button-content-wrapper\">\n\t\t\t\t\t\t<span class=\"elementor-button-text\">Prendre Rendez-Vouz<\/span>\n\t\t<\/span>\n\t\t\t\t\t<\/a>\n\t\t<\/div>\n\t\t\t\t<\/div>\n\t\t\t\t<\/div>\n\t\t\t\t<\/div>\n\t\t\t\t\t<\/div>\n\t\t\t\t<\/div>\n\t\t<div class=\"elementor-element elementor-element-62de266 elementor-hidden-desktop elementor-hidden-tablet e-con-boxed e-con\" data-id=\"62de266\" data-element_type=\"container\" data-settings=\"{&quot;content_width&quot;:&quot;boxed&quot;}\">\n\t\t\t\t\t<div class=\"e-con-inner\">\n\t\t<div class=\"elementor-element elementor-element-3b28836 e-con-full e-con\" data-id=\"3b28836\" data-element_type=\"container\" data-settings=\"{&quot;content_width&quot;:&quot;full&quot;}\">\n\t\t\t\t<div class=\"elementor-element elementor-element-2215b92 elementor-widget elementor-widget-text-editor\" data-id=\"2215b92\" data-element_type=\"widget\" data-widget_type=\"text-editor.default\">\n\t\t\t\t<div class=\"elementor-widget-container\">\n\t\t\t\t\t\t\t<p data-start=\"726\" data-end=\"870\">L\u2019\u00e9chographie est un outil indispensable en gyn\u00e9cologie moderne et joue un r\u00f4le central dans le d\u00e9pistage pr\u00e9coce des maladies.<\/p><p data-start=\"872\" data-end=\"1058\">Dans notre cabinet \u00e0 D\u00fcsseldorf, nous vous proposons des examens \u00e9chographiques complets, utilis\u00e9s aussi bien pour le diagnostic que pour la surveillance des affections gyn\u00e9cologiques.<\/p><p data-start=\"1060\" data-end=\"1279\">Qu\u2019il s\u2019agisse d\u2019examens de routine, du suivi de la grossesse ou de diagnostics sp\u00e9cifiques, nous utilisons des appareils d\u2019\u00e9chographie de derni\u00e8re g\u00e9n\u00e9ration afin de vous offrir la meilleure prise en charge possible.<\/p><p data-start=\"1281\" data-end=\"1411\">Les examens \u00e9chographiques sont non invasifs et constituent un moyen s\u00fbr d\u2019obtenir des informations importantes sur votre sant\u00e9.<\/p><p data-start=\"1413\" data-end=\"1545\">Dans notre cabinet, nous r\u00e9alisons diff\u00e9rents types d\u2019\u00e9chographies, notamment des \u00e9chographies transabdominales et transvaginales.<\/p>\t\t\t\t\t\t<\/div>\n\t\t\t\t<\/div>\n\t\t\t\t<\/div>\n\t\t<div class=\"elementor-element elementor-element-abe99e8 e-con-full e-con\" data-id=\"abe99e8\" data-element_type=\"container\" data-settings=\"{&quot;content_width&quot;:&quot;full&quot;}\">\n\t\t\t\t<div class=\"elementor-element elementor-element-2132f38 elementor-widget elementor-widget-text-editor\" data-id=\"2132f38\" data-element_type=\"widget\" data-widget_type=\"text-editor.default\">\n\t\t\t\t<div class=\"elementor-widget-container\">\n\t\t\t\t\t\t\t<p data-start=\"293\" data-end=\"448\">Ces proc\u00e9dures nous permettent d\u2019obtenir des images d\u00e9taill\u00e9es de vos organes internes et de d\u00e9tecter pr\u00e9cocement d\u2019\u00e9ventuelles anomalies.<\/p><p data-start=\"450\" data-end=\"608\">Nous sommes vos interlocuteurs pour toutes les questions relatives au diagnostic \u00e9chographique et vous accompagnons avec empathie tout au long du processus.<\/p>\t\t\t\t\t\t<\/div>\n\t\t\t\t<\/div>\n\t\t\t\t<div class=\"elementor-element elementor-element-ef9bbc6 elementor-align-left elementor-mobile-align-center elementor-widget elementor-widget-button\" data-id=\"ef9bbc6\" data-element_type=\"widget\" data-widget_type=\"button.default\">\n\t\t\t\t<div class=\"elementor-widget-container\">\n\t\t\t\t\t<div class=\"elementor-button-wrapper\">\n\t\t\t<a href=\"https:\/\/www.doctolib.de\/privatpraxis\/duesseldorf\/privatpraxis-fuer-gynaekologie-dr-wechsler?utm_campaign=website-button&#038;utm_source=privatpraxis-fuer-gynaekologie-dr-wechsler-website-button&#038;utm_medium=referral&#038;utm_content=option-8&#038;utm_term=privatpraxis-fuer-gynaekologie-dr-wechsler\" target=\"_blank\" class=\"elementor-button-link elementor-button elementor-size-sm\" role=\"button\">\n\t\t\t\t\t\t<span class=\"elementor-button-content-wrapper\">\n\t\t\t\t\t\t<span class=\"elementor-button-text\">Prendre Rendez-Vouz<\/span>\n\t\t<\/span>\n\t\t\t\t\t<\/a>\n\t\t<\/div>\n\t\t\t\t<\/div>\n\t\t\t\t<\/div>\n\t\t\t\t<\/div>\n\t\t\t\t\t<\/div>\n\t\t\t\t<\/div>\n\t\t<div class=\"elementor-element elementor-element-e9a79a9 e-con-boxed e-con\" data-id=\"e9a79a9\" data-element_type=\"container\" data-settings=\"{&quot;content_width&quot;:&quot;boxed&quot;}\">\n\t\t\t\t\t<div class=\"e-con-inner\">\n\t\t\t\t<div class=\"elementor-element elementor-element-7f53ced elementor-widget elementor-widget-image\" data-id=\"7f53ced\" data-element_type=\"widget\" data-widget_type=\"image.default\">\n\t\t\t\t<div class=\"elementor-widget-container\">\n\t\t\t<style>\/*! elementor - v3.9.2 - 21-12-2022 *\/\n.elementor-widget-image{text-align:center}.elementor-widget-image a{display:inline-block}.elementor-widget-image a img[src$=\".svg\"]{width:48px}.elementor-widget-image img{vertical-align:middle;display:inline-block}<\/style>\t\t\t\t\t\t\t\t\t\t\t\t<img decoding=\"async\" width=\"1000\" height=\"436\" src=\"https:\/\/frauenarzt-net.de\/wp-content\/uploads\/2025\/12\/ultraschall2-1.jpg\" class=\"attachment-large size-large wp-image-6869\" alt=\"\" loading=\"lazy\" srcset=\"https:\/\/frauenarzt-net.de\/wp-content\/uploads\/2025\/12\/ultraschall2-1.jpg 1000w, https:\/\/frauenarzt-net.de\/wp-content\/uploads\/2025\/12\/ultraschall2-1-400x174.jpg 400w, https:\/\/frauenarzt-net.de\/wp-content\/uploads\/2025\/12\/ultraschall2-1-250x109.jpg 250w, https:\/\/frauenarzt-net.de\/wp-content\/uploads\/2025\/12\/ultraschall2-1-768x335.jpg 768w\" sizes=\"(max-width: 1000px) 100vw, 1000px\" \/>\t\t\t\t\t\t\t\t\t\t\t\t\t\t\t<\/div>\n\t\t\t\t<\/div>\n\t\t\t\t\t<\/div>\n\t\t\t\t<\/div>\n\t\t<div class=\"elementor-element elementor-element-fba6fe2 e-con-boxed e-con\" data-id=\"fba6fe2\" data-element_type=\"container\" data-settings=\"{&quot;content_width&quot;:&quot;boxed&quot;}\">\n\t\t\t\t\t<div class=\"e-con-inner\">\n\t\t<div class=\"elementor-element elementor-element-e7a68fe e-con-full e-con\" data-id=\"e7a68fe\" data-element_type=\"container\" data-settings=\"{&quot;content_width&quot;:&quot;full&quot;}\">\n\t\t\t\t<div class=\"elementor-element elementor-element-6a3959d elementor-widget elementor-widget-text-editor\" data-id=\"6a3959d\" data-element_type=\"widget\" data-widget_type=\"text-editor.default\">\n\t\t\t\t<div class=\"elementor-widget-container\">\n\t\t\t\t\t\t\t<h2>Tout sur votre grossesse :<\/h2><p><a href=\"https:\/\/frauenarzt-net.de\/ersttrimesterscreening\/\">D\u00e9pistage du premier trimestre<\/a><\/p><p><a href=\"https:\/\/frauenarzt-net.de\/doppleruntersuchung-in-duesseldorf\/\">Examen Doppler<\/a><\/p><p><a href=\"https:\/\/frauenarzt-net.de\/risikoschwangerschaften\/\">Grossesses \u00e0 risque<\/a><\/p><p><a href=\"https:\/\/frauenarzt-net.de\/beratung-zur-geburt\/\">Conseil \u00e0 l&#8217;accouchement<\/a><\/p>\t\t\t\t\t\t<\/div>\n\t\t\t\t<\/div>\n\t\t\t\t<\/div>\n\t\t<div class=\"elementor-element elementor-element-d6c09b9 e-con-full e-con\" data-id=\"d6c09b9\" data-element_type=\"container\" data-settings=\"{&quot;content_width&quot;:&quot;full&quot;}\">\n\t\t\t\t<div class=\"elementor-element elementor-element-6fd2f2d elementor-widget elementor-widget-text-editor\" data-id=\"6fd2f2d\" data-element_type=\"widget\" data-widget_type=\"text-editor.default\">\n\t\t\t\t<div class=\"elementor-widget-container\">\n\t\t\t\t\t\t\t<h2>Gyn\u00e9cologie :<\/h2><p><a href=\"https:\/\/frauenarzt-net.de\/teenager-sprechstunde\/\">Consultation pour adolescentes<\/a><\/p><p><a href=\"https:\/\/frauenarzt-net.de\/vorsorge\/\">Pr\u00e9vention<\/a><\/p><p><a href=\"https:\/\/frauenarzt-net.de\/verhuetung\/\">Contraception<\/a><\/p><p><a href=\"https:\/\/frauenarzt-net.de\/kinderwunsch\/\">D\u00e9sir d&#8217;enfant<\/a><\/p><p><a href=\"https:\/\/frauenarzt-net.de\/kinderwunsch-copy\/\">Consultation hormonale<\/a><\/p><p><a href=\"https:\/\/frauenarzt-net.de\/wechseljahre\/\">M\u00e9nopause<\/a><\/p><p><a href=\"https:\/\/frauenarzt-net.de\/brusterkrankungen\/\">Maladies du sein<\/a><\/p><p><a href=\"https:\/\/frauenarzt-net.de\/krebserkrankungen\/\">Cancers<\/a><\/p><p><a href=\"https:\/\/frauenarzt-net.de\/inkontinenz\/\">Incontinence<\/a><\/p><p><a href=\"https:\/\/frauenarzt-net.de\/endometriose\/\">Endom\u00e9triose<\/a><\/p><p><a href=\"https:\/\/frauenarzt-net.de\/ultraschalldiagnostik\/\">Diagnostic par ultrasons<\/a><\/p><p><a href=\"https:\/\/frauenarzt-net.de\/impfungen\/\">Vaccinations<\/a><\/p>\t\t\t\t\t\t<\/div>\n\t\t\t\t<\/div>\n\t\t\t\t<\/div>\n\t\t\t\t\t<\/div>\n\t\t\t\t<\/div>\n\t\t\t\t\t\t\t<\/div>\n\t\t","protected":false},"excerpt":{"rendered":"<p>Ultraschalldiagnostik Modernste Diagnostik bei Ihrem Frauenarzt in D\u00fcsseldorf Die Ultraschalldiagnostik ist ein unverzichtbares Werkzeug in der modernen Frauenheilkunde und spielt eine zentrale Rolle in der fr\u00fchzeitigen Erkennung von Erkrankungen. In unserer Praxis in D\u00fcsseldorf bieten wir Ihnen umfassende Ultraschalluntersuchungen, die sowohl zur Diagnose als auch zur \u00dcberwachung von gyn\u00e4kologischen Erkrankungen eingesetzt werden. Ob es sich [&hellip;]<\/p>\n","protected":false},"author":1,"featured_media":0,"parent":0,"menu_order":0,"comment_status":"closed","ping_status":"closed","template":"elementor_header_footer","meta":[],"yoast_head":"<!-- This site is optimized with the Yoast SEO plugin v19.13 - https:\/\/yoast.com\/wordpress\/plugins\/seo\/ -->\n<title>Ultraschalldiagnostik<\/title>\n<meta name=\"description\" content=\"UltraschalldiagnostikModernste Diagnostik bei Ihrem Frauenarzt in D\u00fcsseldorfDie Ultraschalldiagnostik ist ein unverzichtbares Werkzeug in der modernen Frauenheilkunde und spielt eine zentrale Rolle in der fr\u00fchzeitigen Erkennung von Erkrankungen.In unserer Praxis in D\u00fcsseldorf bieten wir Ihnen umfassende Ultraschalluntersuchungen, die sowohl zur Diagnose als auch zur \u00dcberwachung von gyn\u00e4kologischen Erkrankungen eingesetzt werden.Ob es sich um Routineuntersuchungen, Schwangerschaftsmonitoring oder\u2026\" \/>\n<meta name=\"robots\" content=\"index, follow, max-snippet:-1, max-image-preview:large, max-video-preview:-1\" \/>\n<link rel=\"canonical\" href=\"https:\/\/frauenarzt-net.de\/ultraschalldiagnostik\/\" \/>\n<meta property=\"og:locale\" content=\"fr_FR\" \/>\n<meta property=\"og:type\" content=\"article\" \/>\n<meta property=\"og:title\" content=\"Ultraschalldiagnostik\" \/>\n<meta property=\"og:description\" content=\"UltraschalldiagnostikModernste Diagnostik bei Ihrem Frauenarzt in D\u00fcsseldorfDie Ultraschalldiagnostik ist ein unverzichtbares Werkzeug in der modernen Frauenheilkunde und spielt eine zentrale Rolle in der fr\u00fchzeitigen Erkennung von Erkrankungen.In unserer Praxis in D\u00fcsseldorf bieten wir Ihnen umfassende Ultraschalluntersuchungen, die sowohl zur Diagnose als auch zur \u00dcberwachung von gyn\u00e4kologischen Erkrankungen eingesetzt werden.Ob es sich um Routineuntersuchungen, Schwangerschaftsmonitoring oder\u2026\" \/>\n<meta property=\"og:url\" content=\"https:\/\/frauenarzt-net.de\/ultraschalldiagnostik\/\" \/>\n<meta property=\"og:site_name\" content=\"Praxis Dr. Wechsler - Ihre Frauen\u00e4rztin in D\u00fcsseldorf und Umgebung\" \/>\n<meta property=\"article:modified_time\" content=\"2025-12-02T16:14:38+00:00\" \/>\n<meta property=\"og:image\" content=\"https:\/\/frauenarzt-net.de\/wp-content\/uploads\/2025\/12\/ultraschall2-1.jpg\" \/>\n<meta name=\"twitter:card\" content=\"summary_large_image\" \/>\n<meta name=\"twitter:label1\" content=\"Dur\u00e9e de lecture estim\u00e9e\" \/>\n\t<meta name=\"twitter:data1\" content=\"2 minutes\" \/>\n<script type=\"application\/ld+json\" class=\"yoast-schema-graph\">{\"@context\":\"https:\/\/schema.org\",\"@graph\":[{\"@type\":\"WebPage\",\"@id\":\"https:\/\/frauenarzt-net.de\/ultraschalldiagnostik\/\",\"url\":\"https:\/\/frauenarzt-net.de\/ultraschalldiagnostik\/\",\"name\":\"Ultraschalldiagnostik | Praxis Dr. Wechsler - Ihre Frauen\u00e4rztin in D\u00fcsseldorf und Umgebung\",\"isPartOf\":{\"@id\":\"https:\/\/frauenarzt-net.de\/#website\"},\"datePublished\":\"2024-11-29T20:55:54+00:00\",\"dateModified\":\"2025-12-02T16:14:38+00:00\",\"description\":\"UltraschalldiagnostikModernste Diagnostik bei Ihrem Frauenarzt in D\u00fcsseldorfDie Ultraschalldiagnostik ist ein unverzichtbares Werkzeug in der modernen\",\"breadcrumb\":{\"@id\":\"https:\/\/frauenarzt-net.de\/ultraschalldiagnostik\/#breadcrumb\"},\"inLanguage\":\"fr-FR\",\"potentialAction\":[{\"@type\":\"ReadAction\",\"target\":[\"https:\/\/frauenarzt-net.de\/ultraschalldiagnostik\/\"]}]},{\"@type\":\"BreadcrumbList\",\"@id\":\"https:\/\/frauenarzt-net.de\/ultraschalldiagnostik\/#breadcrumb\",\"itemListElement\":[{\"@type\":\"ListItem\",\"position\":1,\"name\":\"Home\",\"item\":\"https:\/\/frauenarzt-net.de\/\"},{\"@type\":\"ListItem\",\"position\":2,\"name\":\"Ultraschalldiagnostik\"}]},{\"@type\":\"WebSite\",\"@id\":\"https:\/\/frauenarzt-net.de\/#website\",\"url\":\"https:\/\/frauenarzt-net.de\/\",\"name\":\"Praxis Dr. Wechsler - Ihre Frauen\u00e4rztin in D\u00fcsseldorf und Umgebung\",\"description\":\"\",\"publisher\":{\"@id\":\"https:\/\/frauenarzt-net.de\/#organization\"},\"potentialAction\":[{\"@type\":\"SearchAction\",\"target\":{\"@type\":\"EntryPoint\",\"urlTemplate\":\"https:\/\/frauenarzt-net.de\/?s={search_term_string}\"},\"query-input\":\"required name=search_term_string\"}],\"inLanguage\":\"fr-FR\"},{\"@type\":\"Organization\",\"@id\":\"https:\/\/frauenarzt-net.de\/#organization\",\"name\":\"INVESTMENT COINS\",\"url\":\"https:\/\/frauenarzt-net.de\/\",\"logo\":{\"@type\":\"ImageObject\",\"inLanguage\":\"fr-FR\",\"@id\":\"https:\/\/frauenarzt-net.de\/#\/schema\/logo\/image\/\",\"url\":\"https:\/\/frauenaerztin-duesseldorf.dr-wechsler.de\/wp-content\/uploads\/2021\/07\/logo2.png\",\"contentUrl\":\"https:\/\/frauenaerztin-duesseldorf.dr-wechsler.de\/wp-content\/uploads\/2021\/07\/logo2.png\",\"width\":794,\"height\":71,\"caption\":\"INVESTMENT COINS\"},\"image\":{\"@id\":\"https:\/\/frauenarzt-net.de\/#\/schema\/logo\/image\/\"}}]}<\/script>\n<!-- \/ Yoast SEO plugin. -->","yoast_head_json":{"title":"Ultraschalldiagnostik","description":"UltraschalldiagnostikModernste Diagnostik bei Ihrem Frauenarzt in D\u00fcsseldorfDie Ultraschalldiagnostik ist ein unverzichtbares Werkzeug in der modernen Frauenheilkunde und spielt eine zentrale Rolle in der fr\u00fchzeitigen Erkennung von Erkrankungen.In unserer Praxis in D\u00fcsseldorf bieten wir Ihnen umfassende Ultraschalluntersuchungen, die sowohl zur Diagnose als auch zur \u00dcberwachung von gyn\u00e4kologischen Erkrankungen eingesetzt werden.Ob es sich um Routineuntersuchungen, Schwangerschaftsmonitoring oder\u2026","robots":{"index":"index","follow":"follow","max-snippet":"max-snippet:-1","max-image-preview":"max-image-preview:large","max-video-preview":"max-video-preview:-1"},"canonical":"https:\/\/frauenarzt-net.de\/ultraschalldiagnostik\/","og_locale":"fr_FR","og_type":"article","og_title":"Ultraschalldiagnostik","og_description":"UltraschalldiagnostikModernste Diagnostik bei Ihrem Frauenarzt in D\u00fcsseldorfDie Ultraschalldiagnostik ist ein unverzichtbares Werkzeug in der modernen Frauenheilkunde und spielt eine zentrale Rolle in der fr\u00fchzeitigen Erkennung von Erkrankungen.In unserer Praxis in D\u00fcsseldorf bieten wir Ihnen umfassende Ultraschalluntersuchungen, die sowohl zur Diagnose als auch zur \u00dcberwachung von gyn\u00e4kologischen Erkrankungen eingesetzt werden.Ob es sich um Routineuntersuchungen, Schwangerschaftsmonitoring oder\u2026","og_url":"https:\/\/frauenarzt-net.de\/ultraschalldiagnostik\/","og_site_name":"Praxis Dr. Wechsler - Ihre Frauen\u00e4rztin in D\u00fcsseldorf und Umgebung","article_modified_time":"2025-12-02T16:14:38+00:00","og_image":[{"url":"https:\/\/frauenarzt-net.de\/wp-content\/uploads\/2025\/12\/ultraschall2-1.jpg"}],"twitter_card":"summary_large_image","twitter_misc":{"Dur\u00e9e de lecture estim\u00e9e":"2 minutes"},"schema":{"@context":"https:\/\/schema.org","@graph":[{"@type":"WebPage","@id":"https:\/\/frauenarzt-net.de\/ultraschalldiagnostik\/","url":"https:\/\/frauenarzt-net.de\/ultraschalldiagnostik\/","name":"Ultraschalldiagnostik | Praxis Dr. Wechsler - Ihre Frauen\u00e4rztin in D\u00fcsseldorf und Umgebung","isPartOf":{"@id":"https:\/\/frauenarzt-net.de\/#website"},"datePublished":"2024-11-29T20:55:54+00:00","dateModified":"2025-12-02T16:14:38+00:00","description":"UltraschalldiagnostikModernste Diagnostik bei Ihrem Frauenarzt in D\u00fcsseldorfDie Ultraschalldiagnostik ist ein unverzichtbares Werkzeug in der modernen","breadcrumb":{"@id":"https:\/\/frauenarzt-net.de\/ultraschalldiagnostik\/#breadcrumb"},"inLanguage":"fr-FR","potentialAction":[{"@type":"ReadAction","target":["https:\/\/frauenarzt-net.de\/ultraschalldiagnostik\/"]}]},{"@type":"BreadcrumbList","@id":"https:\/\/frauenarzt-net.de\/ultraschalldiagnostik\/#breadcrumb","itemListElement":[{"@type":"ListItem","position":1,"name":"Home","item":"https:\/\/frauenarzt-net.de\/"},{"@type":"ListItem","position":2,"name":"Ultraschalldiagnostik"}]},{"@type":"WebSite","@id":"https:\/\/frauenarzt-net.de\/#website","url":"https:\/\/frauenarzt-net.de\/","name":"Praxis Dr. Wechsler - Ihre Frauen\u00e4rztin in D\u00fcsseldorf und Umgebung","description":"","publisher":{"@id":"https:\/\/frauenarzt-net.de\/#organization"},"potentialAction":[{"@type":"SearchAction","target":{"@type":"EntryPoint","urlTemplate":"https:\/\/frauenarzt-net.de\/?s={search_term_string}"},"query-input":"required name=search_term_string"}],"inLanguage":"fr-FR"},{"@type":"Organization","@id":"https:\/\/frauenarzt-net.de\/#organization","name":"INVESTMENT COINS","url":"https:\/\/frauenarzt-net.de\/","logo":{"@type":"ImageObject","inLanguage":"fr-FR","@id":"https:\/\/frauenarzt-net.de\/#\/schema\/logo\/image\/","url":"https:\/\/frauenaerztin-duesseldorf.dr-wechsler.de\/wp-content\/uploads\/2021\/07\/logo2.png","contentUrl":"https:\/\/frauenaerztin-duesseldorf.dr-wechsler.de\/wp-content\/uploads\/2021\/07\/logo2.png","width":794,"height":71,"caption":"INVESTMENT COINS"},"image":{"@id":"https:\/\/frauenarzt-net.de\/#\/schema\/logo\/image\/"}}]}},"_links":{"self":[{"href":"https:\/\/frauenarzt-net.de\/wp-json\/wp\/v2\/pages\/4679"}],"collection":[{"href":"https:\/\/frauenarzt-net.de\/wp-json\/wp\/v2\/pages"}],"about":[{"href":"https:\/\/frauenarzt-net.de\/wp-json\/wp\/v2\/types\/page"}],"author":[{"embeddable":true,"href":"https:\/\/frauenarzt-net.de\/wp-json\/wp\/v2\/users\/1"}],"replies":[{"embeddable":true,"href":"https:\/\/frauenarzt-net.de\/wp-json\/wp\/v2\/comments?post=4679"}],"version-history":[{"count":38,"href":"https:\/\/frauenarzt-net.de\/wp-json\/wp\/v2\/pages\/4679\/revisions"}],"predecessor-version":[{"id":6881,"href":"https:\/\/frauenarzt-net.de\/wp-json\/wp\/v2\/pages\/4679\/revisions\/6881"}],"wp:attachment":[{"href":"https:\/\/frauenarzt-net.de\/wp-json\/wp\/v2\/media?parent=4679"}],"curies":[{"name":"wp","href":"https:\/\/api.w.org\/{rel}","templated":true}]}}