{"id":4660,"date":"2024-11-29T20:41:43","date_gmt":"2024-11-29T20:41:43","guid":{"rendered":"https:\/\/frauenarzt-net.de\/?page_id=4660"},"modified":"2025-12-03T17:01:34","modified_gmt":"2025-12-03T17:01:34","slug":"inkontinenz","status":"publish","type":"page","link":"https:\/\/frauenarzt-net.de\/inkontinenz\/","title":{"rendered":"Inkontinenz"},"content":{"rendered":"\t\t<div data-elementor-type=\"wp-page\" data-elementor-id=\"4660\" class=\"elementor elementor-4660\">\n\t\t\t\t\t\t\t<div class=\"elementor-element elementor-element-b84ae9e e-con-boxed e-con\" data-id=\"b84ae9e\" data-element_type=\"container\" data-settings=\"{&quot;content_width&quot;:&quot;boxed&quot;}\">\n\t\t\t\t\t<div class=\"e-con-inner\">\n\t\t\t\t<div class=\"elementor-element elementor-element-2a43fb1 elementor-widget elementor-widget-text-editor\" data-id=\"2a43fb1\" data-element_type=\"widget\" data-widget_type=\"text-editor.default\">\n\t\t\t\t<div class=\"elementor-widget-container\">\n\t\t\t<style>\/*! elementor - v3.9.2 - 21-12-2022 *\/\n.elementor-widget-text-editor.elementor-drop-cap-view-stacked .elementor-drop-cap{background-color:#818a91;color:#fff}.elementor-widget-text-editor.elementor-drop-cap-view-framed .elementor-drop-cap{color:#818a91;border:3px solid;background-color:transparent}.elementor-widget-text-editor:not(.elementor-drop-cap-view-default) .elementor-drop-cap{margin-top:8px}.elementor-widget-text-editor:not(.elementor-drop-cap-view-default) .elementor-drop-cap-letter{width:1em;height:1em}.elementor-widget-text-editor .elementor-drop-cap{float:left;text-align:center;line-height:1;font-size:50px}.elementor-widget-text-editor .elementor-drop-cap-letter{display:inline-block}<\/style>\t\t\t\t<h1 class=\"mb-2 mt-6 text-lg first:mt-3\">Incontinence<\/h1><h2 class=\"mb-2 mt-6 text-lg first:mt-3\">Conseils et prise en charge complets aupr\u00e8s de vos gyn\u00e9cologues \u00e0 D\u00fcsseldorf<\/h2>\t\t\t\t\t\t<\/div>\n\t\t\t\t<\/div>\n\t\t\t\t\t<\/div>\n\t\t\t\t<\/div>\n\t\t<div class=\"elementor-element elementor-element-67597eb elementor-hidden-mobile e-con-boxed e-con\" data-id=\"67597eb\" data-element_type=\"container\" data-settings=\"{&quot;content_width&quot;:&quot;boxed&quot;}\">\n\t\t\t\t\t<div class=\"e-con-inner\">\n\t\t<div class=\"elementor-element elementor-element-9c0d4b1 e-con-full e-con\" data-id=\"9c0d4b1\" data-element_type=\"container\" data-settings=\"{&quot;content_width&quot;:&quot;full&quot;}\">\n\t\t\t\t<div class=\"elementor-element elementor-element-f7d817c elementor-widget elementor-widget-text-editor\" data-id=\"f7d817c\" data-element_type=\"widget\" data-widget_type=\"text-editor.default\">\n\t\t\t\t<div class=\"elementor-widget-container\">\n\t\t\t\t\t\t\t<p data-start=\"2175\" data-end=\"2318\">L\u2019incontinence est un probl\u00e8me fr\u00e9quent mais souvent pass\u00e9 sous silence, qui peut affecter fortement la vie quotidienne de nombreuses femmes.<\/p><p data-start=\"3065\" data-end=\"3279\">Les causes de l\u2019incontinence peuvent \u00eatre multiples \u2013 des changements hormonaux \u00e0 la grossesse et l\u2019accouchement, jusqu\u2019aux modifications du tissu li\u00e9es \u00e0 l\u2019\u00e2ge.<\/p>\t\t\t\t\t\t<\/div>\n\t\t\t\t<\/div>\n\t\t\t\t<\/div>\n\t\t<div class=\"elementor-element elementor-element-4528bfc e-con-full e-con\" data-id=\"4528bfc\" data-element_type=\"container\" data-settings=\"{&quot;content_width&quot;:&quot;full&quot;}\">\n\t\t\t\t<div class=\"elementor-element elementor-element-a281f1c elementor-widget elementor-widget-text-editor\" data-id=\"a281f1c\" data-element_type=\"widget\" data-widget_type=\"text-editor.default\">\n\t\t\t\t<div class=\"elementor-widget-container\">\n\t\t\t\t\t\t\t<p data-start=\"3065\" data-end=\"3279\">Nous vous informons en d\u00e9tail sur les diff\u00e9rentes options th\u00e9rapeutiques : m\u00e9thodes conservatrices comme la r\u00e9\u00e9ducation du plancher pelvien, traitements m\u00e9dicamenteux ou, si n\u00e9cessaire, interventions chirurgicales.<\/p>\t\t\t\t\t\t<\/div>\n\t\t\t\t<\/div>\n\t\t\t\t<div class=\"elementor-element elementor-element-6eb5c68 elementor-align-left elementor-widget elementor-widget-button\" data-id=\"6eb5c68\" data-element_type=\"widget\" data-widget_type=\"button.default\">\n\t\t\t\t<div class=\"elementor-widget-container\">\n\t\t\t\t\t<div class=\"elementor-button-wrapper\">\n\t\t\t<a href=\"https:\/\/www.doctolib.de\/privatpraxis\/duesseldorf\/privatpraxis-fuer-gynaekologie-dr-wechsler?utm_campaign=website-button&#038;utm_source=privatpraxis-fuer-gynaekologie-dr-wechsler-website-button&#038;utm_medium=referral&#038;utm_content=option-8&#038;utm_term=privatpraxis-fuer-gynaekologie-dr-wechsler\" target=\"_blank\" class=\"elementor-button-link elementor-button elementor-size-sm\" role=\"button\">\n\t\t\t\t\t\t<span class=\"elementor-button-content-wrapper\">\n\t\t\t\t\t\t<span class=\"elementor-button-text\">Prendre Rendez-Vouz<\/span>\n\t\t<\/span>\n\t\t\t\t\t<\/a>\n\t\t<\/div>\n\t\t\t\t<\/div>\n\t\t\t\t<\/div>\n\t\t\t\t<\/div>\n\t\t\t\t\t<\/div>\n\t\t\t\t<\/div>\n\t\t<div class=\"elementor-element elementor-element-15bcbdc elementor-hidden-desktop elementor-hidden-tablet e-con-boxed e-con\" data-id=\"15bcbdc\" data-element_type=\"container\" data-settings=\"{&quot;content_width&quot;:&quot;boxed&quot;}\">\n\t\t\t\t\t<div class=\"e-con-inner\">\n\t\t<div class=\"elementor-element elementor-element-a08f5bc e-con-full e-con\" data-id=\"a08f5bc\" data-element_type=\"container\" data-settings=\"{&quot;content_width&quot;:&quot;full&quot;}\">\n\t\t\t\t<div class=\"elementor-element elementor-element-9ea4447 elementor-widget elementor-widget-text-editor\" data-id=\"9ea4447\" data-element_type=\"widget\" data-widget_type=\"text-editor.default\">\n\t\t\t\t<div class=\"elementor-widget-container\">\n\t\t\t\t\t\t\t<p data-start=\"2175\" data-end=\"2318\">L\u2019incontinence est un probl\u00e8me fr\u00e9quent mais souvent pass\u00e9 sous silence, qui peut affecter fortement la vie quotidienne de nombreuses femmes.<\/p><p data-start=\"3065\" data-end=\"3279\">Les causes de l\u2019incontinence peuvent \u00eatre multiples \u2013 des changements hormonaux \u00e0 la grossesse et l\u2019accouchement, jusqu\u2019aux modifications du tissu li\u00e9es \u00e0 l\u2019\u00e2ge.<\/p>\t\t\t\t\t\t<\/div>\n\t\t\t\t<\/div>\n\t\t\t\t<\/div>\n\t\t<div class=\"elementor-element elementor-element-16efac2 e-con-full e-con\" data-id=\"16efac2\" data-element_type=\"container\" data-settings=\"{&quot;content_width&quot;:&quot;full&quot;}\">\n\t\t\t\t<div class=\"elementor-element elementor-element-3babedd elementor-widget elementor-widget-text-editor\" data-id=\"3babedd\" data-element_type=\"widget\" data-widget_type=\"text-editor.default\">\n\t\t\t\t<div class=\"elementor-widget-container\">\n\t\t\t\t\t\t\t<p data-start=\"3065\" data-end=\"3279\">Nous vous informons en d\u00e9tail sur les diff\u00e9rentes options th\u00e9rapeutiques : m\u00e9thodes conservatrices comme la r\u00e9\u00e9ducation du plancher pelvien, traitements m\u00e9dicamenteux ou, si n\u00e9cessaire, interventions chirurgicales.<\/p>\t\t\t\t\t\t<\/div>\n\t\t\t\t<\/div>\n\t\t\t\t<div class=\"elementor-element elementor-element-3928b16 elementor-align-left elementor-mobile-align-center elementor-widget elementor-widget-button\" data-id=\"3928b16\" data-element_type=\"widget\" data-widget_type=\"button.default\">\n\t\t\t\t<div class=\"elementor-widget-container\">\n\t\t\t\t\t<div class=\"elementor-button-wrapper\">\n\t\t\t<a href=\"https:\/\/www.doctolib.de\/privatpraxis\/duesseldorf\/privatpraxis-fuer-gynaekologie-dr-wechsler?utm_campaign=website-button&#038;utm_source=privatpraxis-fuer-gynaekologie-dr-wechsler-website-button&#038;utm_medium=referral&#038;utm_content=option-8&#038;utm_term=privatpraxis-fuer-gynaekologie-dr-wechsler\" target=\"_blank\" class=\"elementor-button-link elementor-button elementor-size-sm\" role=\"button\">\n\t\t\t\t\t\t<span class=\"elementor-button-content-wrapper\">\n\t\t\t\t\t\t<span class=\"elementor-button-text\">Prendre Rendez-Vouz<\/span>\n\t\t<\/span>\n\t\t\t\t\t<\/a>\n\t\t<\/div>\n\t\t\t\t<\/div>\n\t\t\t\t<\/div>\n\t\t\t\t<\/div>\n\t\t\t\t\t<\/div>\n\t\t\t\t<\/div>\n\t\t<div class=\"elementor-element elementor-element-19ac60b e-con-boxed e-con\" data-id=\"19ac60b\" data-element_type=\"container\" data-settings=\"{&quot;content_width&quot;:&quot;boxed&quot;}\">\n\t\t\t\t\t<div class=\"e-con-inner\">\n\t\t\t\t<div class=\"elementor-element elementor-element-22200fc elementor-widget elementor-widget-image\" data-id=\"22200fc\" data-element_type=\"widget\" data-widget_type=\"image.default\">\n\t\t\t\t<div class=\"elementor-widget-container\">\n\t\t\t<style>\/*! elementor - v3.9.2 - 21-12-2022 *\/\n.elementor-widget-image{text-align:center}.elementor-widget-image a{display:inline-block}.elementor-widget-image a img[src$=\".svg\"]{width:48px}.elementor-widget-image img{vertical-align:middle;display:inline-block}<\/style>\t\t\t\t\t\t\t\t\t\t\t\t<img decoding=\"async\" width=\"1000\" height=\"436\" src=\"https:\/\/frauenarzt-net.de\/wp-content\/uploads\/2024\/12\/inkontinenz-frauenarzt-duesseldorf.jpg\" class=\"attachment-large size-large wp-image-5143\" alt=\"Inkontinenz Frauenarzt D\u00fcsseldorf\" loading=\"lazy\" srcset=\"https:\/\/frauenarzt-net.de\/wp-content\/uploads\/2024\/12\/inkontinenz-frauenarzt-duesseldorf.jpg 1000w, https:\/\/frauenarzt-net.de\/wp-content\/uploads\/2024\/12\/inkontinenz-frauenarzt-duesseldorf-400x174.jpg 400w, https:\/\/frauenarzt-net.de\/wp-content\/uploads\/2024\/12\/inkontinenz-frauenarzt-duesseldorf-250x109.jpg 250w, https:\/\/frauenarzt-net.de\/wp-content\/uploads\/2024\/12\/inkontinenz-frauenarzt-duesseldorf-768x335.jpg 768w\" sizes=\"(max-width: 1000px) 100vw, 1000px\" \/>\t\t\t\t\t\t\t\t\t\t\t\t\t\t\t<\/div>\n\t\t\t\t<\/div>\n\t\t\t\t\t<\/div>\n\t\t\t\t<\/div>\n\t\t<div class=\"elementor-element elementor-element-4b68373 e-con-boxed e-con\" data-id=\"4b68373\" data-element_type=\"container\" data-settings=\"{&quot;content_width&quot;:&quot;boxed&quot;}\">\n\t\t\t\t\t<div class=\"e-con-inner\">\n\t\t<div class=\"elementor-element elementor-element-eb998ce e-con-full e-con\" data-id=\"eb998ce\" data-element_type=\"container\" data-settings=\"{&quot;content_width&quot;:&quot;full&quot;}\">\n\t\t\t\t<div class=\"elementor-element elementor-element-1329e0b elementor-widget elementor-widget-text-editor\" data-id=\"1329e0b\" data-element_type=\"widget\" data-widget_type=\"text-editor.default\">\n\t\t\t\t<div class=\"elementor-widget-container\">\n\t\t\t\t\t\t\t<h2>Tout sur votre grossesse :<\/h2><p><a href=\"https:\/\/frauenarzt-net.de\/ersttrimesterscreening\/\">D\u00e9pistage du premier trimestre<\/a><\/p><p><a href=\"https:\/\/frauenarzt-net.de\/doppleruntersuchung-in-duesseldorf\/\">Examen Doppler<\/a><\/p><p><a href=\"https:\/\/frauenarzt-net.de\/risikoschwangerschaften\/\">Grossesses \u00e0 risque<\/a><\/p><p><a href=\"https:\/\/frauenarzt-net.de\/beratung-zur-geburt\/\">Conseil \u00e0 l&#8217;accouchement<\/a><\/p>\t\t\t\t\t\t<\/div>\n\t\t\t\t<\/div>\n\t\t\t\t<\/div>\n\t\t<div class=\"elementor-element elementor-element-36fb156 e-con-full e-con\" data-id=\"36fb156\" data-element_type=\"container\" data-settings=\"{&quot;content_width&quot;:&quot;full&quot;}\">\n\t\t\t\t<div class=\"elementor-element elementor-element-094e640 elementor-widget elementor-widget-text-editor\" data-id=\"094e640\" data-element_type=\"widget\" data-widget_type=\"text-editor.default\">\n\t\t\t\t<div class=\"elementor-widget-container\">\n\t\t\t\t\t\t\t<h2>Gyn\u00e9cologie :<\/h2><p><a href=\"https:\/\/frauenarzt-net.de\/teenager-sprechstunde\/\">Consultation pour adolescentes<\/a><\/p><p><a href=\"https:\/\/frauenarzt-net.de\/vorsorge\/\">Pr\u00e9vention<\/a><\/p><p><a href=\"https:\/\/frauenarzt-net.de\/verhuetung\/\">Contraception<\/a><\/p><p><a href=\"https:\/\/frauenarzt-net.de\/kinderwunsch\/\">D\u00e9sir d&#8217;enfant<\/a><\/p><p><a href=\"https:\/\/frauenarzt-net.de\/kinderwunsch-copy\/\">Consultation hormonale<\/a><\/p><p><a href=\"https:\/\/frauenarzt-net.de\/wechseljahre\/\">M\u00e9nopause<\/a><\/p><p><a href=\"https:\/\/frauenarzt-net.de\/brusterkrankungen\/\">Maladies du sein<\/a><\/p><p><a href=\"https:\/\/frauenarzt-net.de\/krebserkrankungen\/\">Cancers<\/a><\/p><p><a href=\"https:\/\/frauenarzt-net.de\/inkontinenz\/\">Incontinence<\/a><\/p><p><a href=\"https:\/\/frauenarzt-net.de\/endometriose\/\">Endom\u00e9triose<\/a><\/p><p><a href=\"https:\/\/frauenarzt-net.de\/ultraschalldiagnostik\/\">Diagnostic par ultrasons<\/a><\/p><p><a href=\"https:\/\/frauenarzt-net.de\/impfungen\/\">Vaccinations<\/a><\/p>\t\t\t\t\t\t<\/div>\n\t\t\t\t<\/div>\n\t\t\t\t<\/div>\n\t\t\t\t\t<\/div>\n\t\t\t\t<\/div>\n\t\t\t\t\t\t\t<\/div>\n\t\t","protected":false},"excerpt":{"rendered":"<p>Inkontinenz Umfassende Beratung und Betreuung bei Ihren Frauen\u00e4rzten in D\u00fcsseldorf Inkontinenz ist ein weit verbreitetes, jedoch h\u00e4ufig verschwiegenes Thema, das viele Frauen im Alltag stark belastet. Die Ausl\u00f6ser f\u00fcr Inkontinenz k\u00f6nnen vielf\u00e4ltig sein \u2013 von hormonellen Ver\u00e4nderungen \u00fcber Schwangerschaft und Geburt bis hin zu altersbedingten Ver\u00e4nderungen des Gewebes. \u00a0 Wir informieren Sie ausf\u00fchrlich \u00fcber die [&hellip;]<\/p>\n","protected":false},"author":1,"featured_media":0,"parent":0,"menu_order":0,"comment_status":"closed","ping_status":"closed","template":"elementor_header_footer","meta":[],"yoast_head":"<!-- This site is optimized with the Yoast SEO plugin v19.13 - https:\/\/yoast.com\/wordpress\/plugins\/seo\/ -->\n<title>Inkontinenz<\/title>\n<meta name=\"description\" content=\"InkontinenzUmfassende Beratung und Betreuung bei Ihren Frauen\u00e4rzten in D\u00fcsseldorfInkontinenz ist ein weit verbreitetes, jedoch h\u00e4ufig verschwiegenes Thema, das viele Frauen im Alltag stark belastet.Die Ausl\u00f6ser f\u00fcr Inkontinenz k\u00f6nnen vielf\u00e4ltig sein \u2013 von hormonellen Ver\u00e4nderungen \u00fcber Schwangerschaft und Geburt bis hin zu altersbedingten Ver\u00e4nderungen des Gewebes.\u00a0Wir informieren Sie ausf\u00fchrlich \u00fcber die verschiedenen Therapieoptionen: von konservativen Ma\u00dfnahmen\u2026\" \/>\n<meta name=\"robots\" content=\"index, follow, max-snippet:-1, max-image-preview:large, max-video-preview:-1\" \/>\n<link rel=\"canonical\" href=\"https:\/\/frauenarzt-net.de\/inkontinenz\/\" \/>\n<meta property=\"og:locale\" content=\"fr_FR\" \/>\n<meta property=\"og:type\" content=\"article\" \/>\n<meta property=\"og:title\" content=\"Inkontinenz\" \/>\n<meta property=\"og:description\" content=\"InkontinenzUmfassende Beratung und Betreuung bei Ihren Frauen\u00e4rzten in D\u00fcsseldorfInkontinenz ist ein weit verbreitetes, jedoch h\u00e4ufig verschwiegenes Thema, das viele Frauen im Alltag stark belastet.Die Ausl\u00f6ser f\u00fcr Inkontinenz k\u00f6nnen vielf\u00e4ltig sein \u2013 von hormonellen Ver\u00e4nderungen \u00fcber Schwangerschaft und Geburt bis hin zu altersbedingten Ver\u00e4nderungen des Gewebes.\u00a0Wir informieren Sie ausf\u00fchrlich \u00fcber die verschiedenen Therapieoptionen: von konservativen Ma\u00dfnahmen\u2026\" \/>\n<meta property=\"og:url\" content=\"https:\/\/frauenarzt-net.de\/inkontinenz\/\" \/>\n<meta property=\"og:site_name\" content=\"Praxis Dr. Wechsler - Ihre Frauen\u00e4rztin in D\u00fcsseldorf und Umgebung\" \/>\n<meta property=\"article:modified_time\" content=\"2025-12-03T17:01:34+00:00\" \/>\n<meta property=\"og:image\" content=\"https:\/\/frauenarzt-net.de\/wp-content\/uploads\/2024\/12\/inkontinenz-frauenarzt-duesseldorf.jpg\" \/>\n<meta name=\"twitter:card\" content=\"summary_large_image\" \/>\n<meta name=\"twitter:label1\" content=\"Dur\u00e9e de lecture estim\u00e9e\" \/>\n\t<meta name=\"twitter:data1\" content=\"1 minute\" \/>\n<script type=\"application\/ld+json\" class=\"yoast-schema-graph\">{\"@context\":\"https:\/\/schema.org\",\"@graph\":[{\"@type\":\"WebPage\",\"@id\":\"https:\/\/frauenarzt-net.de\/inkontinenz\/\",\"url\":\"https:\/\/frauenarzt-net.de\/inkontinenz\/\",\"name\":\"Inkontinenz | Praxis Dr. Wechsler - Ihre Frauen\u00e4rztin in D\u00fcsseldorf und Umgebung\",\"isPartOf\":{\"@id\":\"https:\/\/frauenarzt-net.de\/#website\"},\"datePublished\":\"2024-11-29T20:41:43+00:00\",\"dateModified\":\"2025-12-03T17:01:34+00:00\",\"description\":\"InkontinenzUmfassende Beratung und Betreuung bei Ihren Frauen\u00e4rzten in D\u00fcsseldorfInkontinenz ist ein weit verbreitetes, jedoch h\u00e4ufig verschwiegenes\",\"breadcrumb\":{\"@id\":\"https:\/\/frauenarzt-net.de\/inkontinenz\/#breadcrumb\"},\"inLanguage\":\"fr-FR\",\"potentialAction\":[{\"@type\":\"ReadAction\",\"target\":[\"https:\/\/frauenarzt-net.de\/inkontinenz\/\"]}]},{\"@type\":\"BreadcrumbList\",\"@id\":\"https:\/\/frauenarzt-net.de\/inkontinenz\/#breadcrumb\",\"itemListElement\":[{\"@type\":\"ListItem\",\"position\":1,\"name\":\"Home\",\"item\":\"https:\/\/frauenarzt-net.de\/\"},{\"@type\":\"ListItem\",\"position\":2,\"name\":\"Inkontinenz\"}]},{\"@type\":\"WebSite\",\"@id\":\"https:\/\/frauenarzt-net.de\/#website\",\"url\":\"https:\/\/frauenarzt-net.de\/\",\"name\":\"Praxis Dr. Wechsler - Ihre Frauen\u00e4rztin in D\u00fcsseldorf und Umgebung\",\"description\":\"\",\"publisher\":{\"@id\":\"https:\/\/frauenarzt-net.de\/#organization\"},\"potentialAction\":[{\"@type\":\"SearchAction\",\"target\":{\"@type\":\"EntryPoint\",\"urlTemplate\":\"https:\/\/frauenarzt-net.de\/?s={search_term_string}\"},\"query-input\":\"required name=search_term_string\"}],\"inLanguage\":\"fr-FR\"},{\"@type\":\"Organization\",\"@id\":\"https:\/\/frauenarzt-net.de\/#organization\",\"name\":\"INVESTMENT COINS\",\"url\":\"https:\/\/frauenarzt-net.de\/\",\"logo\":{\"@type\":\"ImageObject\",\"inLanguage\":\"fr-FR\",\"@id\":\"https:\/\/frauenarzt-net.de\/#\/schema\/logo\/image\/\",\"url\":\"https:\/\/frauenaerztin-duesseldorf.dr-wechsler.de\/wp-content\/uploads\/2021\/07\/logo2.png\",\"contentUrl\":\"https:\/\/frauenaerztin-duesseldorf.dr-wechsler.de\/wp-content\/uploads\/2021\/07\/logo2.png\",\"width\":794,\"height\":71,\"caption\":\"INVESTMENT COINS\"},\"image\":{\"@id\":\"https:\/\/frauenarzt-net.de\/#\/schema\/logo\/image\/\"}}]}<\/script>\n<!-- \/ Yoast SEO plugin. -->","yoast_head_json":{"title":"Inkontinenz","description":"InkontinenzUmfassende Beratung und Betreuung bei Ihren Frauen\u00e4rzten in D\u00fcsseldorfInkontinenz ist ein weit verbreitetes, jedoch h\u00e4ufig verschwiegenes Thema, das viele Frauen im Alltag stark belastet.Die Ausl\u00f6ser f\u00fcr Inkontinenz k\u00f6nnen vielf\u00e4ltig sein \u2013 von hormonellen Ver\u00e4nderungen \u00fcber Schwangerschaft und Geburt bis hin zu altersbedingten Ver\u00e4nderungen des Gewebes.\u00a0Wir informieren Sie ausf\u00fchrlich \u00fcber die verschiedenen Therapieoptionen: von konservativen Ma\u00dfnahmen\u2026","robots":{"index":"index","follow":"follow","max-snippet":"max-snippet:-1","max-image-preview":"max-image-preview:large","max-video-preview":"max-video-preview:-1"},"canonical":"https:\/\/frauenarzt-net.de\/inkontinenz\/","og_locale":"fr_FR","og_type":"article","og_title":"Inkontinenz","og_description":"InkontinenzUmfassende Beratung und Betreuung bei Ihren Frauen\u00e4rzten in D\u00fcsseldorfInkontinenz ist ein weit verbreitetes, jedoch h\u00e4ufig verschwiegenes Thema, das viele Frauen im Alltag stark belastet.Die Ausl\u00f6ser f\u00fcr Inkontinenz k\u00f6nnen vielf\u00e4ltig sein \u2013 von hormonellen Ver\u00e4nderungen \u00fcber Schwangerschaft und Geburt bis hin zu altersbedingten Ver\u00e4nderungen des Gewebes.\u00a0Wir informieren Sie ausf\u00fchrlich \u00fcber die verschiedenen Therapieoptionen: von konservativen Ma\u00dfnahmen\u2026","og_url":"https:\/\/frauenarzt-net.de\/inkontinenz\/","og_site_name":"Praxis Dr. Wechsler - Ihre Frauen\u00e4rztin in D\u00fcsseldorf und Umgebung","article_modified_time":"2025-12-03T17:01:34+00:00","og_image":[{"url":"https:\/\/frauenarzt-net.de\/wp-content\/uploads\/2024\/12\/inkontinenz-frauenarzt-duesseldorf.jpg"}],"twitter_card":"summary_large_image","twitter_misc":{"Dur\u00e9e de lecture estim\u00e9e":"1 minute"},"schema":{"@context":"https:\/\/schema.org","@graph":[{"@type":"WebPage","@id":"https:\/\/frauenarzt-net.de\/inkontinenz\/","url":"https:\/\/frauenarzt-net.de\/inkontinenz\/","name":"Inkontinenz | Praxis Dr. Wechsler - Ihre Frauen\u00e4rztin in D\u00fcsseldorf und Umgebung","isPartOf":{"@id":"https:\/\/frauenarzt-net.de\/#website"},"datePublished":"2024-11-29T20:41:43+00:00","dateModified":"2025-12-03T17:01:34+00:00","description":"InkontinenzUmfassende Beratung und Betreuung bei Ihren Frauen\u00e4rzten in D\u00fcsseldorfInkontinenz ist ein weit verbreitetes, jedoch h\u00e4ufig verschwiegenes","breadcrumb":{"@id":"https:\/\/frauenarzt-net.de\/inkontinenz\/#breadcrumb"},"inLanguage":"fr-FR","potentialAction":[{"@type":"ReadAction","target":["https:\/\/frauenarzt-net.de\/inkontinenz\/"]}]},{"@type":"BreadcrumbList","@id":"https:\/\/frauenarzt-net.de\/inkontinenz\/#breadcrumb","itemListElement":[{"@type":"ListItem","position":1,"name":"Home","item":"https:\/\/frauenarzt-net.de\/"},{"@type":"ListItem","position":2,"name":"Inkontinenz"}]},{"@type":"WebSite","@id":"https:\/\/frauenarzt-net.de\/#website","url":"https:\/\/frauenarzt-net.de\/","name":"Praxis Dr. Wechsler - Ihre Frauen\u00e4rztin in D\u00fcsseldorf und Umgebung","description":"","publisher":{"@id":"https:\/\/frauenarzt-net.de\/#organization"},"potentialAction":[{"@type":"SearchAction","target":{"@type":"EntryPoint","urlTemplate":"https:\/\/frauenarzt-net.de\/?s={search_term_string}"},"query-input":"required name=search_term_string"}],"inLanguage":"fr-FR"},{"@type":"Organization","@id":"https:\/\/frauenarzt-net.de\/#organization","name":"INVESTMENT COINS","url":"https:\/\/frauenarzt-net.de\/","logo":{"@type":"ImageObject","inLanguage":"fr-FR","@id":"https:\/\/frauenarzt-net.de\/#\/schema\/logo\/image\/","url":"https:\/\/frauenaerztin-duesseldorf.dr-wechsler.de\/wp-content\/uploads\/2021\/07\/logo2.png","contentUrl":"https:\/\/frauenaerztin-duesseldorf.dr-wechsler.de\/wp-content\/uploads\/2021\/07\/logo2.png","width":794,"height":71,"caption":"INVESTMENT COINS"},"image":{"@id":"https:\/\/frauenarzt-net.de\/#\/schema\/logo\/image\/"}}]}},"_links":{"self":[{"href":"https:\/\/frauenarzt-net.de\/wp-json\/wp\/v2\/pages\/4660"}],"collection":[{"href":"https:\/\/frauenarzt-net.de\/wp-json\/wp\/v2\/pages"}],"about":[{"href":"https:\/\/frauenarzt-net.de\/wp-json\/wp\/v2\/types\/page"}],"author":[{"embeddable":true,"href":"https:\/\/frauenarzt-net.de\/wp-json\/wp\/v2\/users\/1"}],"replies":[{"embeddable":true,"href":"https:\/\/frauenarzt-net.de\/wp-json\/wp\/v2\/comments?post=4660"}],"version-history":[{"count":51,"href":"https:\/\/frauenarzt-net.de\/wp-json\/wp\/v2\/pages\/4660\/revisions"}],"predecessor-version":[{"id":7075,"href":"https:\/\/frauenarzt-net.de\/wp-json\/wp\/v2\/pages\/4660\/revisions\/7075"}],"wp:attachment":[{"href":"https:\/\/frauenarzt-net.de\/wp-json\/wp\/v2\/media?parent=4660"}],"curies":[{"name":"wp","href":"https:\/\/api.w.org\/{rel}","templated":true}]}}