{"id":4624,"date":"2024-11-29T20:15:33","date_gmt":"2024-11-29T20:15:33","guid":{"rendered":"https:\/\/frauenarzt-net.de\/?page_id=4624"},"modified":"2025-12-02T14:53:16","modified_gmt":"2025-12-02T14:53:16","slug":"wechseljahre","status":"publish","type":"page","link":"https:\/\/frauenarzt-net.de\/wechseljahre\/","title":{"rendered":"Wechseljahre"},"content":{"rendered":"\t\t<div data-elementor-type=\"wp-page\" data-elementor-id=\"4624\" class=\"elementor elementor-4624\">\n\t\t\t\t\t\t\t<div class=\"elementor-element elementor-element-b84ae9e e-con-boxed e-con\" data-id=\"b84ae9e\" data-element_type=\"container\" data-settings=\"{&quot;content_width&quot;:&quot;boxed&quot;}\">\n\t\t\t\t\t<div class=\"e-con-inner\">\n\t\t\t\t<div class=\"elementor-element elementor-element-2a43fb1 elementor-widget elementor-widget-text-editor\" data-id=\"2a43fb1\" data-element_type=\"widget\" data-widget_type=\"text-editor.default\">\n\t\t\t\t<div class=\"elementor-widget-container\">\n\t\t\t<style>\/*! elementor - v3.9.2 - 21-12-2022 *\/\n.elementor-widget-text-editor.elementor-drop-cap-view-stacked .elementor-drop-cap{background-color:#818a91;color:#fff}.elementor-widget-text-editor.elementor-drop-cap-view-framed .elementor-drop-cap{color:#818a91;border:3px solid;background-color:transparent}.elementor-widget-text-editor:not(.elementor-drop-cap-view-default) .elementor-drop-cap{margin-top:8px}.elementor-widget-text-editor:not(.elementor-drop-cap-view-default) .elementor-drop-cap-letter{width:1em;height:1em}.elementor-widget-text-editor .elementor-drop-cap{float:left;text-align:center;line-height:1;font-size:50px}.elementor-widget-text-editor .elementor-drop-cap-letter{display:inline-block}<\/style>\t\t\t\t<h1 class=\"mb-2 mt-6 text-lg first:mt-3\">M\u00e9nopause<\/h1><h2 class=\"mb-2 mt-6 text-lg first:mt-3\">Prise en charge comp\u00e9tente aupr\u00e8s de vos gyn\u00e9cologues \u00e0 D\u00fcsseldorf<\/h2>\t\t\t\t\t\t<\/div>\n\t\t\t\t<\/div>\n\t\t\t\t\t<\/div>\n\t\t\t\t<\/div>\n\t\t<div class=\"elementor-element elementor-element-e0ff232 elementor-hidden-mobile e-con-boxed e-con\" data-id=\"e0ff232\" data-element_type=\"container\" data-settings=\"{&quot;content_width&quot;:&quot;boxed&quot;}\">\n\t\t\t\t\t<div class=\"e-con-inner\">\n\t\t<div class=\"elementor-element elementor-element-18b5d59 e-con-full e-con\" data-id=\"18b5d59\" data-element_type=\"container\" data-settings=\"{&quot;content_width&quot;:&quot;full&quot;}\">\n\t\t\t\t<div class=\"elementor-element elementor-element-58c7bfc elementor-widget elementor-widget-text-editor\" data-id=\"58c7bfc\" data-element_type=\"widget\" data-widget_type=\"text-editor.default\">\n\t\t\t\t<div class=\"elementor-widget-container\">\n\t\t\t\t\t\t\t<p>La m\u00e9nopause est une phase naturelle de la vie qui pose de nombreux d\u00e9fis \u00e0 de nombreuses femmes. Dans notre cabinet \u00e0 D\u00fcsseldorf, nous vous offrons un accompagnement et des conseils complets pour vous aider \u00e0 g\u00e9rer les sympt\u00f4mes de cette p\u00e9riode de transition de mani\u00e8re efficace. Que ce soit des bouff\u00e9es de chaleur, des troubles du sommeil ou des sautes d&#8217;humeur \u2013 nous prenons le temps d&#8217;\u00e9couter vos pr\u00e9occupations et de d\u00e9velopper ensemble des solutions personnalis\u00e9es. Notre objectif est de vous aider \u00e0 voir cette phase comme une opportunit\u00e9 pour un nouveau chapitre de votre vie. Dans notre consultation sp\u00e9cialis\u00e9e sur la m\u00e9nopause, nous vous informons sur les diff\u00e9rentes options de traitement. <\/p>\t\t\t\t\t\t<\/div>\n\t\t\t\t<\/div>\n\t\t\t\t<\/div>\n\t\t<div class=\"elementor-element elementor-element-d604717 e-con-full e-con\" data-id=\"d604717\" data-element_type=\"container\" data-settings=\"{&quot;content_width&quot;:&quot;full&quot;}\">\n\t\t\t\t<div class=\"elementor-element elementor-element-a52262a elementor-widget elementor-widget-text-editor\" data-id=\"a52262a\" data-element_type=\"widget\" data-widget_type=\"text-editor.default\">\n\t\t\t\t<div class=\"elementor-widget-container\">\n\t\t\t\t\t\t\t<p data-start=\"330\" data-end=\"482\">Nous tenons compte de vos besoins personnels et de votre \u00e9tat de sant\u00e9 afin d\u2019\u00e9laborer le plan de traitement le mieux adapt\u00e9 pour vous.<\/p><p data-start=\"484\" data-end=\"588\">Nous accordons une grande importance \u00e0 une approche globale de votre sant\u00e9 et de votre qualit\u00e9 de vie.<\/p><p data-start=\"590\" data-end=\"697\">Nous vous accompagnons avec empathie pendant la m\u00e9nopause et sommes \u00e0 vos c\u00f4t\u00e9s avec conseils et soutien.<\/p>\t\t\t\t\t\t<\/div>\n\t\t\t\t<\/div>\n\t\t\t\t<div class=\"elementor-element elementor-element-cb60957 elementor-align-left elementor-widget elementor-widget-button\" data-id=\"cb60957\" data-element_type=\"widget\" data-widget_type=\"button.default\">\n\t\t\t\t<div class=\"elementor-widget-container\">\n\t\t\t\t\t<div class=\"elementor-button-wrapper\">\n\t\t\t<a href=\"https:\/\/www.doctolib.de\/privatpraxis\/duesseldorf\/privatpraxis-fuer-gynaekologie-dr-wechsler?utm_campaign=website-button&#038;utm_source=privatpraxis-fuer-gynaekologie-dr-wechsler-website-button&#038;utm_medium=referral&#038;utm_content=option-8&#038;utm_term=privatpraxis-fuer-gynaekologie-dr-wechsler\" target=\"_blank\" class=\"elementor-button-link elementor-button elementor-size-sm\" role=\"button\">\n\t\t\t\t\t\t<span class=\"elementor-button-content-wrapper\">\n\t\t\t\t\t\t<span class=\"elementor-button-text\">Prendre Rendez-Vouz<\/span>\n\t\t<\/span>\n\t\t\t\t\t<\/a>\n\t\t<\/div>\n\t\t\t\t<\/div>\n\t\t\t\t<\/div>\n\t\t\t\t<\/div>\n\t\t\t\t\t<\/div>\n\t\t\t\t<\/div>\n\t\t<div class=\"elementor-element elementor-element-3bde64b elementor-hidden-desktop elementor-hidden-tablet e-con-boxed e-con\" data-id=\"3bde64b\" data-element_type=\"container\" data-settings=\"{&quot;content_width&quot;:&quot;boxed&quot;}\">\n\t\t\t\t\t<div class=\"e-con-inner\">\n\t\t<div class=\"elementor-element elementor-element-17b8147 e-con-full e-con\" data-id=\"17b8147\" data-element_type=\"container\" data-settings=\"{&quot;content_width&quot;:&quot;full&quot;}\">\n\t\t\t\t<div class=\"elementor-element elementor-element-3f90bde elementor-widget elementor-widget-text-editor\" data-id=\"3f90bde\" data-element_type=\"widget\" data-widget_type=\"text-editor.default\">\n\t\t\t\t<div class=\"elementor-widget-container\">\n\t\t\t\t\t\t\t<p>La m\u00e9nopause est une phase naturelle de la vie qui pose de nombreux d\u00e9fis \u00e0 de nombreuses femmes. Dans notre cabinet \u00e0 D\u00fcsseldorf, nous vous offrons un accompagnement et des conseils complets pour vous aider \u00e0 g\u00e9rer les sympt\u00f4mes de cette p\u00e9riode de transition de mani\u00e8re efficace. Que ce soit des bouff\u00e9es de chaleur, des troubles du sommeil ou des sautes d&#8217;humeur \u2013 nous prenons le temps d&#8217;\u00e9couter vos pr\u00e9occupations et de d\u00e9velopper ensemble des solutions personnalis\u00e9es. Notre objectif est de vous aider \u00e0 voir cette phase comme une opportunit\u00e9 pour un nouveau chapitre de votre vie. Dans notre consultation sp\u00e9cialis\u00e9e sur la m\u00e9nopause, nous vous informons sur les diff\u00e9rentes options de traitement. <\/p>\t\t\t\t\t\t<\/div>\n\t\t\t\t<\/div>\n\t\t\t\t<\/div>\n\t\t<div class=\"elementor-element elementor-element-6b3c5c3 e-con-full e-con\" data-id=\"6b3c5c3\" data-element_type=\"container\" data-settings=\"{&quot;content_width&quot;:&quot;full&quot;}\">\n\t\t\t\t<div class=\"elementor-element elementor-element-3d81e39 elementor-widget elementor-widget-text-editor\" data-id=\"3d81e39\" data-element_type=\"widget\" data-widget_type=\"text-editor.default\">\n\t\t\t\t<div class=\"elementor-widget-container\">\n\t\t\t\t\t\t\t<p data-start=\"330\" data-end=\"482\">Nous tenons compte de vos besoins personnels et de votre \u00e9tat de sant\u00e9 afin d\u2019\u00e9laborer le plan de traitement le mieux adapt\u00e9 pour vous.<\/p><p data-start=\"484\" data-end=\"588\">Nous accordons une grande importance \u00e0 une approche globale de votre sant\u00e9 et de votre qualit\u00e9 de vie.<\/p><p data-start=\"590\" data-end=\"697\">Nous vous accompagnons avec empathie pendant la m\u00e9nopause et sommes \u00e0 vos c\u00f4t\u00e9s avec conseils et soutien.<\/p>\t\t\t\t\t\t<\/div>\n\t\t\t\t<\/div>\n\t\t\t\t<div class=\"elementor-element elementor-element-eb4039f elementor-align-left elementor-mobile-align-center elementor-widget elementor-widget-button\" data-id=\"eb4039f\" data-element_type=\"widget\" data-widget_type=\"button.default\">\n\t\t\t\t<div class=\"elementor-widget-container\">\n\t\t\t\t\t<div class=\"elementor-button-wrapper\">\n\t\t\t<a href=\"https:\/\/www.doctolib.de\/privatpraxis\/duesseldorf\/privatpraxis-fuer-gynaekologie-dr-wechsler?utm_campaign=website-button&#038;utm_source=privatpraxis-fuer-gynaekologie-dr-wechsler-website-button&#038;utm_medium=referral&#038;utm_content=option-8&#038;utm_term=privatpraxis-fuer-gynaekologie-dr-wechsler\" target=\"_blank\" class=\"elementor-button-link elementor-button elementor-size-sm\" role=\"button\">\n\t\t\t\t\t\t<span class=\"elementor-button-content-wrapper\">\n\t\t\t\t\t\t<span class=\"elementor-button-text\">Prendre Rendez-Vouz<\/span>\n\t\t<\/span>\n\t\t\t\t\t<\/a>\n\t\t<\/div>\n\t\t\t\t<\/div>\n\t\t\t\t<\/div>\n\t\t\t\t<\/div>\n\t\t\t\t\t<\/div>\n\t\t\t\t<\/div>\n\t\t<div class=\"elementor-element elementor-element-7cd6b18 e-con-boxed e-con\" data-id=\"7cd6b18\" data-element_type=\"container\" data-settings=\"{&quot;content_width&quot;:&quot;boxed&quot;}\">\n\t\t\t\t\t<div class=\"e-con-inner\">\n\t\t\t\t<div class=\"elementor-element elementor-element-74c538c elementor-widget elementor-widget-image\" data-id=\"74c538c\" data-element_type=\"widget\" data-widget_type=\"image.default\">\n\t\t\t\t<div class=\"elementor-widget-container\">\n\t\t\t<style>\/*! elementor - v3.9.2 - 21-12-2022 *\/\n.elementor-widget-image{text-align:center}.elementor-widget-image a{display:inline-block}.elementor-widget-image a img[src$=\".svg\"]{width:48px}.elementor-widget-image img{vertical-align:middle;display:inline-block}<\/style>\t\t\t\t\t\t\t\t\t\t\t\t<img decoding=\"async\" width=\"1000\" height=\"436\" src=\"https:\/\/frauenarzt-net.de\/wp-content\/uploads\/2025\/12\/wechseljahre.jpg\" class=\"attachment-large size-large wp-image-6828\" alt=\"\" loading=\"lazy\" srcset=\"https:\/\/frauenarzt-net.de\/wp-content\/uploads\/2025\/12\/wechseljahre.jpg 1000w, https:\/\/frauenarzt-net.de\/wp-content\/uploads\/2025\/12\/wechseljahre-400x174.jpg 400w, https:\/\/frauenarzt-net.de\/wp-content\/uploads\/2025\/12\/wechseljahre-250x109.jpg 250w, https:\/\/frauenarzt-net.de\/wp-content\/uploads\/2025\/12\/wechseljahre-768x335.jpg 768w\" sizes=\"(max-width: 1000px) 100vw, 1000px\" \/>\t\t\t\t\t\t\t\t\t\t\t\t\t\t\t<\/div>\n\t\t\t\t<\/div>\n\t\t\t\t\t<\/div>\n\t\t\t\t<\/div>\n\t\t<div class=\"elementor-element elementor-element-856be5b e-con-boxed e-con\" data-id=\"856be5b\" data-element_type=\"container\" data-settings=\"{&quot;content_width&quot;:&quot;boxed&quot;}\">\n\t\t\t\t\t<div class=\"e-con-inner\">\n\t\t<div class=\"elementor-element elementor-element-379a2ba e-con-full e-con\" data-id=\"379a2ba\" data-element_type=\"container\" data-settings=\"{&quot;content_width&quot;:&quot;full&quot;}\">\n\t\t\t\t<div class=\"elementor-element elementor-element-09bdca9 elementor-widget elementor-widget-text-editor\" data-id=\"09bdca9\" data-element_type=\"widget\" data-widget_type=\"text-editor.default\">\n\t\t\t\t<div class=\"elementor-widget-container\">\n\t\t\t\t\t\t\t<h2>Tout sur votre grossesse :<\/h2><p><a href=\"https:\/\/frauenarzt-net.de\/ersttrimesterscreening\/\">D\u00e9pistage du premier trimestre<\/a><\/p><p><a href=\"https:\/\/frauenarzt-net.de\/doppleruntersuchung-in-duesseldorf\/\">Examen Doppler<\/a><\/p><p><a href=\"https:\/\/frauenarzt-net.de\/risikoschwangerschaften\/\">Grossesses \u00e0 risque<\/a><\/p><p><a href=\"https:\/\/frauenarzt-net.de\/beratung-zur-geburt\/\">Conseil \u00e0 l&#8217;accouchement<\/a><\/p>\t\t\t\t\t\t<\/div>\n\t\t\t\t<\/div>\n\t\t\t\t<\/div>\n\t\t<div class=\"elementor-element elementor-element-0899b2e e-con-full e-con\" data-id=\"0899b2e\" data-element_type=\"container\" data-settings=\"{&quot;content_width&quot;:&quot;full&quot;}\">\n\t\t\t\t<div class=\"elementor-element elementor-element-b304d06 elementor-widget elementor-widget-text-editor\" data-id=\"b304d06\" data-element_type=\"widget\" data-widget_type=\"text-editor.default\">\n\t\t\t\t<div class=\"elementor-widget-container\">\n\t\t\t\t\t\t\t<h2>Gyn\u00e9cologie :<\/h2><p><a href=\"https:\/\/frauenarzt-net.de\/teenager-sprechstunde\/\">Consultation pour adolescentes<\/a><\/p><p><a href=\"https:\/\/frauenarzt-net.de\/vorsorge\/\">Pr\u00e9vention<\/a><\/p><p><a href=\"https:\/\/frauenarzt-net.de\/verhuetung\/\">Contraception<\/a><\/p><p><a href=\"https:\/\/frauenarzt-net.de\/kinderwunsch\/\">D\u00e9sir d&#8217;enfant<\/a><\/p><p><a href=\"https:\/\/frauenarzt-net.de\/kinderwunsch-copy\/\">Consultation hormonale<\/a><\/p><p><a href=\"https:\/\/frauenarzt-net.de\/wechseljahre\/\">M\u00e9nopause<\/a><\/p><p><a href=\"https:\/\/frauenarzt-net.de\/brusterkrankungen\/\">Maladies du sein<\/a><\/p><p><a href=\"https:\/\/frauenarzt-net.de\/krebserkrankungen\/\">Cancers<\/a><\/p><p><a href=\"https:\/\/frauenarzt-net.de\/inkontinenz\/\">Incontinence<\/a><\/p><p><a href=\"https:\/\/frauenarzt-net.de\/endometriose\/\">Endom\u00e9triose<\/a><\/p><p><a href=\"https:\/\/frauenarzt-net.de\/ultraschalldiagnostik\/\">Diagnostic par ultrasons<\/a><\/p><p><a href=\"https:\/\/frauenarzt-net.de\/impfungen\/\">Vaccinations<\/a><\/p>\t\t\t\t\t\t<\/div>\n\t\t\t\t<\/div>\n\t\t\t\t<\/div>\n\t\t\t\t\t<\/div>\n\t\t\t\t<\/div>\n\t\t\t\t\t\t\t<\/div>\n\t\t","protected":false},"excerpt":{"rendered":"<p>Wechseljahre Kompetente Betreuung bei Ihren Frauen\u00e4rzten in D\u00fcsseldorf Die Wechseljahre sind eine nat\u00fcrliche Lebensphase, die viele Frauen vor Herausforderungen stellt. In unserer Praxis in D\u00fcsseldorf bieten wir Ihnen umfassende Beratung und Unterst\u00fctzung, um die Symptome dieser \u00dcbergangszeit bestm\u00f6glich zu bew\u00e4ltigen. Ob Hitzewallungen, Schlafst\u00f6rungen oder Stimmungsschwankungen \u2013 wir nehmen uns Zeit f\u00fcr Ihre Anliegen und entwickeln [&hellip;]<\/p>\n","protected":false},"author":1,"featured_media":0,"parent":0,"menu_order":0,"comment_status":"closed","ping_status":"closed","template":"elementor_header_footer","meta":[],"yoast_head":"<!-- This site is optimized with the Yoast SEO plugin v19.13 - https:\/\/yoast.com\/wordpress\/plugins\/seo\/ -->\n<title>Wechseljahre<\/title>\n<meta name=\"description\" content=\"WechseljahreKompetente Betreuung bei Ihren Frauen\u00e4rzten in D\u00fcsseldorfDie Wechseljahre sind eine nat\u00fcrliche Lebensphase, die viele Frauen vor Herausforderungen stellt.In unserer Praxis in D\u00fcsseldorf bieten wir Ihnen umfassende Beratung und Unterst\u00fctzung, um die Symptome dieser \u00dcbergangszeit bestm\u00f6glich zu bew\u00e4ltigen.Ob Hitzewallungen, Schlafst\u00f6rungen oder Stimmungsschwankungen \u2013 wir nehmen uns Zeit f\u00fcr Ihre Anliegen und entwickeln gemeinsam mit Ihnen individuelle\u2026\" \/>\n<meta name=\"robots\" content=\"index, follow, max-snippet:-1, max-image-preview:large, max-video-preview:-1\" \/>\n<link rel=\"canonical\" href=\"https:\/\/frauenarzt-net.de\/wechseljahre\/\" \/>\n<meta property=\"og:locale\" content=\"fr_FR\" \/>\n<meta property=\"og:type\" content=\"article\" \/>\n<meta property=\"og:title\" content=\"Wechseljahre\" \/>\n<meta property=\"og:description\" content=\"WechseljahreKompetente Betreuung bei Ihren Frauen\u00e4rzten in D\u00fcsseldorfDie Wechseljahre sind eine nat\u00fcrliche Lebensphase, die viele Frauen vor Herausforderungen stellt.In unserer Praxis in D\u00fcsseldorf bieten wir Ihnen umfassende Beratung und Unterst\u00fctzung, um die Symptome dieser \u00dcbergangszeit bestm\u00f6glich zu bew\u00e4ltigen.Ob Hitzewallungen, Schlafst\u00f6rungen oder Stimmungsschwankungen \u2013 wir nehmen uns Zeit f\u00fcr Ihre Anliegen und entwickeln gemeinsam mit Ihnen individuelle\u2026\" \/>\n<meta property=\"og:url\" content=\"https:\/\/frauenarzt-net.de\/wechseljahre\/\" \/>\n<meta property=\"og:site_name\" content=\"Praxis Dr. Wechsler - Ihre Frauen\u00e4rztin in D\u00fcsseldorf und Umgebung\" \/>\n<meta property=\"article:modified_time\" content=\"2025-12-02T14:53:16+00:00\" \/>\n<meta property=\"og:image\" content=\"https:\/\/frauenarzt-net.de\/wp-content\/uploads\/2025\/12\/wechseljahre.jpg\" \/>\n<meta name=\"twitter:card\" content=\"summary_large_image\" \/>\n<meta name=\"twitter:label1\" content=\"Dur\u00e9e de lecture estim\u00e9e\" \/>\n\t<meta name=\"twitter:data1\" content=\"1 minute\" \/>\n<script type=\"application\/ld+json\" class=\"yoast-schema-graph\">{\"@context\":\"https:\/\/schema.org\",\"@graph\":[{\"@type\":\"WebPage\",\"@id\":\"https:\/\/frauenarzt-net.de\/wechseljahre\/\",\"url\":\"https:\/\/frauenarzt-net.de\/wechseljahre\/\",\"name\":\"Wechseljahre | Praxis Dr. Wechsler - Ihre Frauen\u00e4rztin in D\u00fcsseldorf und Umgebung\",\"isPartOf\":{\"@id\":\"https:\/\/frauenarzt-net.de\/#website\"},\"datePublished\":\"2024-11-29T20:15:33+00:00\",\"dateModified\":\"2025-12-02T14:53:16+00:00\",\"description\":\"WechseljahreKompetente Betreuung bei Ihren Frauen\u00e4rzten in D\u00fcsseldorfDie Wechseljahre sind eine nat\u00fcrliche Lebensphase, die viele Frauen vor\",\"breadcrumb\":{\"@id\":\"https:\/\/frauenarzt-net.de\/wechseljahre\/#breadcrumb\"},\"inLanguage\":\"fr-FR\",\"potentialAction\":[{\"@type\":\"ReadAction\",\"target\":[\"https:\/\/frauenarzt-net.de\/wechseljahre\/\"]}]},{\"@type\":\"BreadcrumbList\",\"@id\":\"https:\/\/frauenarzt-net.de\/wechseljahre\/#breadcrumb\",\"itemListElement\":[{\"@type\":\"ListItem\",\"position\":1,\"name\":\"Home\",\"item\":\"https:\/\/frauenarzt-net.de\/\"},{\"@type\":\"ListItem\",\"position\":2,\"name\":\"Wechseljahre\"}]},{\"@type\":\"WebSite\",\"@id\":\"https:\/\/frauenarzt-net.de\/#website\",\"url\":\"https:\/\/frauenarzt-net.de\/\",\"name\":\"Praxis Dr. Wechsler - Ihre Frauen\u00e4rztin in D\u00fcsseldorf und Umgebung\",\"description\":\"\",\"publisher\":{\"@id\":\"https:\/\/frauenarzt-net.de\/#organization\"},\"potentialAction\":[{\"@type\":\"SearchAction\",\"target\":{\"@type\":\"EntryPoint\",\"urlTemplate\":\"https:\/\/frauenarzt-net.de\/?s={search_term_string}\"},\"query-input\":\"required name=search_term_string\"}],\"inLanguage\":\"fr-FR\"},{\"@type\":\"Organization\",\"@id\":\"https:\/\/frauenarzt-net.de\/#organization\",\"name\":\"INVESTMENT COINS\",\"url\":\"https:\/\/frauenarzt-net.de\/\",\"logo\":{\"@type\":\"ImageObject\",\"inLanguage\":\"fr-FR\",\"@id\":\"https:\/\/frauenarzt-net.de\/#\/schema\/logo\/image\/\",\"url\":\"https:\/\/frauenaerztin-duesseldorf.dr-wechsler.de\/wp-content\/uploads\/2021\/07\/logo2.png\",\"contentUrl\":\"https:\/\/frauenaerztin-duesseldorf.dr-wechsler.de\/wp-content\/uploads\/2021\/07\/logo2.png\",\"width\":794,\"height\":71,\"caption\":\"INVESTMENT COINS\"},\"image\":{\"@id\":\"https:\/\/frauenarzt-net.de\/#\/schema\/logo\/image\/\"}}]}<\/script>\n<!-- \/ Yoast SEO plugin. -->","yoast_head_json":{"title":"Wechseljahre","description":"WechseljahreKompetente Betreuung bei Ihren Frauen\u00e4rzten in D\u00fcsseldorfDie Wechseljahre sind eine nat\u00fcrliche Lebensphase, die viele Frauen vor Herausforderungen stellt.In unserer Praxis in D\u00fcsseldorf bieten wir Ihnen umfassende Beratung und Unterst\u00fctzung, um die Symptome dieser \u00dcbergangszeit bestm\u00f6glich zu bew\u00e4ltigen.Ob Hitzewallungen, Schlafst\u00f6rungen oder Stimmungsschwankungen \u2013 wir nehmen uns Zeit f\u00fcr Ihre Anliegen und entwickeln gemeinsam mit Ihnen individuelle\u2026","robots":{"index":"index","follow":"follow","max-snippet":"max-snippet:-1","max-image-preview":"max-image-preview:large","max-video-preview":"max-video-preview:-1"},"canonical":"https:\/\/frauenarzt-net.de\/wechseljahre\/","og_locale":"fr_FR","og_type":"article","og_title":"Wechseljahre","og_description":"WechseljahreKompetente Betreuung bei Ihren Frauen\u00e4rzten in D\u00fcsseldorfDie Wechseljahre sind eine nat\u00fcrliche Lebensphase, die viele Frauen vor Herausforderungen stellt.In unserer Praxis in D\u00fcsseldorf bieten wir Ihnen umfassende Beratung und Unterst\u00fctzung, um die Symptome dieser \u00dcbergangszeit bestm\u00f6glich zu bew\u00e4ltigen.Ob Hitzewallungen, Schlafst\u00f6rungen oder Stimmungsschwankungen \u2013 wir nehmen uns Zeit f\u00fcr Ihre Anliegen und entwickeln gemeinsam mit Ihnen individuelle\u2026","og_url":"https:\/\/frauenarzt-net.de\/wechseljahre\/","og_site_name":"Praxis Dr. Wechsler - Ihre Frauen\u00e4rztin in D\u00fcsseldorf und Umgebung","article_modified_time":"2025-12-02T14:53:16+00:00","og_image":[{"url":"https:\/\/frauenarzt-net.de\/wp-content\/uploads\/2025\/12\/wechseljahre.jpg"}],"twitter_card":"summary_large_image","twitter_misc":{"Dur\u00e9e de lecture estim\u00e9e":"1 minute"},"schema":{"@context":"https:\/\/schema.org","@graph":[{"@type":"WebPage","@id":"https:\/\/frauenarzt-net.de\/wechseljahre\/","url":"https:\/\/frauenarzt-net.de\/wechseljahre\/","name":"Wechseljahre | Praxis Dr. Wechsler - Ihre Frauen\u00e4rztin in D\u00fcsseldorf und Umgebung","isPartOf":{"@id":"https:\/\/frauenarzt-net.de\/#website"},"datePublished":"2024-11-29T20:15:33+00:00","dateModified":"2025-12-02T14:53:16+00:00","description":"WechseljahreKompetente Betreuung bei Ihren Frauen\u00e4rzten in D\u00fcsseldorfDie Wechseljahre sind eine nat\u00fcrliche Lebensphase, die viele Frauen vor","breadcrumb":{"@id":"https:\/\/frauenarzt-net.de\/wechseljahre\/#breadcrumb"},"inLanguage":"fr-FR","potentialAction":[{"@type":"ReadAction","target":["https:\/\/frauenarzt-net.de\/wechseljahre\/"]}]},{"@type":"BreadcrumbList","@id":"https:\/\/frauenarzt-net.de\/wechseljahre\/#breadcrumb","itemListElement":[{"@type":"ListItem","position":1,"name":"Home","item":"https:\/\/frauenarzt-net.de\/"},{"@type":"ListItem","position":2,"name":"Wechseljahre"}]},{"@type":"WebSite","@id":"https:\/\/frauenarzt-net.de\/#website","url":"https:\/\/frauenarzt-net.de\/","name":"Praxis Dr. Wechsler - Ihre Frauen\u00e4rztin in D\u00fcsseldorf und Umgebung","description":"","publisher":{"@id":"https:\/\/frauenarzt-net.de\/#organization"},"potentialAction":[{"@type":"SearchAction","target":{"@type":"EntryPoint","urlTemplate":"https:\/\/frauenarzt-net.de\/?s={search_term_string}"},"query-input":"required name=search_term_string"}],"inLanguage":"fr-FR"},{"@type":"Organization","@id":"https:\/\/frauenarzt-net.de\/#organization","name":"INVESTMENT COINS","url":"https:\/\/frauenarzt-net.de\/","logo":{"@type":"ImageObject","inLanguage":"fr-FR","@id":"https:\/\/frauenarzt-net.de\/#\/schema\/logo\/image\/","url":"https:\/\/frauenaerztin-duesseldorf.dr-wechsler.de\/wp-content\/uploads\/2021\/07\/logo2.png","contentUrl":"https:\/\/frauenaerztin-duesseldorf.dr-wechsler.de\/wp-content\/uploads\/2021\/07\/logo2.png","width":794,"height":71,"caption":"INVESTMENT COINS"},"image":{"@id":"https:\/\/frauenarzt-net.de\/#\/schema\/logo\/image\/"}}]}},"_links":{"self":[{"href":"https:\/\/frauenarzt-net.de\/wp-json\/wp\/v2\/pages\/4624"}],"collection":[{"href":"https:\/\/frauenarzt-net.de\/wp-json\/wp\/v2\/pages"}],"about":[{"href":"https:\/\/frauenarzt-net.de\/wp-json\/wp\/v2\/types\/page"}],"author":[{"embeddable":true,"href":"https:\/\/frauenarzt-net.de\/wp-json\/wp\/v2\/users\/1"}],"replies":[{"embeddable":true,"href":"https:\/\/frauenarzt-net.de\/wp-json\/wp\/v2\/comments?post=4624"}],"version-history":[{"count":50,"href":"https:\/\/frauenarzt-net.de\/wp-json\/wp\/v2\/pages\/4624\/revisions"}],"predecessor-version":[{"id":6835,"href":"https:\/\/frauenarzt-net.de\/wp-json\/wp\/v2\/pages\/4624\/revisions\/6835"}],"wp:attachment":[{"href":"https:\/\/frauenarzt-net.de\/wp-json\/wp\/v2\/media?parent=4624"}],"curies":[{"name":"wp","href":"https:\/\/api.w.org\/{rel}","templated":true}]}}