{"id":4085,"date":"2023-01-12T01:04:14","date_gmt":"2023-01-12T01:04:14","guid":{"rendered":"https:\/\/frauenaerztin-duesseldorf.dr-wechsler.de\/?page_id=4085"},"modified":"2026-02-15T21:47:13","modified_gmt":"2026-02-15T21:47:13","slug":"dr-eli-wechsler-klinikarzt-und-experte-fuer-risikoschwangerschaften","status":"publish","type":"page","link":"https:\/\/frauenarzt-net.de\/dr-eli-wechsler-klinikarzt-und-experte-fuer-risikoschwangerschaften\/","title":{"rendered":"Dr. Eli Wechsler - Klinikarzt und Experte f\u00fcr Risikoschwangerschaften"},"content":{"rendered":"\t\t<div data-elementor-type=\"wp-post\" data-elementor-id=\"4085\" class=\"elementor elementor-4085\">\n\t\t\t\t\t\t\t<div class=\"elementor-element elementor-element-b00ae7a e-con-boxed e-con\" data-id=\"b00ae7a\" data-element_type=\"container\" data-settings=\"{&quot;content_width&quot;:&quot;boxed&quot;}\">\n\t\t\t\t\t<div class=\"e-con-inner\">\n\t\t\t\t<div class=\"elementor-element elementor-element-7682a59 elementor-widget elementor-widget-text-editor\" data-id=\"7682a59\" data-element_type=\"widget\" data-widget_type=\"text-editor.default\">\n\t\t\t\t<div class=\"elementor-widget-container\">\n\t\t\t<style>\/*! elementor - v3.9.2 - 21-12-2022 *\/\n.elementor-widget-text-editor.elementor-drop-cap-view-stacked .elementor-drop-cap{background-color:#818a91;color:#fff}.elementor-widget-text-editor.elementor-drop-cap-view-framed .elementor-drop-cap{color:#818a91;border:3px solid;background-color:transparent}.elementor-widget-text-editor:not(.elementor-drop-cap-view-default) .elementor-drop-cap{margin-top:8px}.elementor-widget-text-editor:not(.elementor-drop-cap-view-default) .elementor-drop-cap-letter{width:1em;height:1em}.elementor-widget-text-editor .elementor-drop-cap{float:left;text-align:center;line-height:1;font-size:50px}.elementor-widget-text-editor .elementor-drop-cap-letter{display:inline-block}<\/style>\t\t\t\t<h1 class=\"mb-3 mt-3 text-3xl font-normal first:mt-3\">Dr. Eli Wechsler<\/h1><h2 class=\"mb-3 mt-3 text-3xl font-normal first:mt-3\">Gyn\u00e9cologue Expert \u00e0 D\u00fcsseldorf<\/h2>\t\t\t\t\t\t<\/div>\n\t\t\t\t<\/div>\n\t\t\t\t\t<\/div>\n\t\t\t\t<\/div>\n\t\t<div class=\"elementor-element elementor-element-4e41548 elementor-hidden-mobile e-con-boxed e-con\" data-id=\"4e41548\" data-element_type=\"container\" data-settings=\"{&quot;content_width&quot;:&quot;boxed&quot;}\">\n\t\t\t\t\t<div class=\"e-con-inner\">\n\t\t<div class=\"elementor-element elementor-element-c5f7702 e-con-full e-con\" data-id=\"c5f7702\" data-element_type=\"container\" data-settings=\"{&quot;content_width&quot;:&quot;full&quot;}\">\n\t\t\t\t<div class=\"elementor-element elementor-element-44e8550 elementor-widget elementor-widget-image\" data-id=\"44e8550\" data-element_type=\"widget\" data-widget_type=\"image.default\">\n\t\t\t\t<div class=\"elementor-widget-container\">\n\t\t\t<style>\/*! elementor - v3.9.2 - 21-12-2022 *\/\n.elementor-widget-image{text-align:center}.elementor-widget-image a{display:inline-block}.elementor-widget-image a img[src$=\".svg\"]{width:48px}.elementor-widget-image img{vertical-align:middle;display:inline-block}<\/style>\t\t\t\t\t\t\t\t\t\t\t\t<img decoding=\"async\" width=\"496\" height=\"628\" src=\"https:\/\/frauenarzt-net.de\/wp-content\/uploads\/2026\/02\/dr-eli-wechsler-2026-k.jpg\" class=\"attachment-large size-large wp-image-7227\" alt=\"\" loading=\"lazy\" srcset=\"https:\/\/frauenarzt-net.de\/wp-content\/uploads\/2026\/02\/dr-eli-wechsler-2026-k.jpg 496w, https:\/\/frauenarzt-net.de\/wp-content\/uploads\/2026\/02\/dr-eli-wechsler-2026-k-316x400.jpg 316w, https:\/\/frauenarzt-net.de\/wp-content\/uploads\/2026\/02\/dr-eli-wechsler-2026-k-197x250.jpg 197w\" sizes=\"(max-width: 496px) 100vw, 496px\" \/>\t\t\t\t\t\t\t\t\t\t\t\t\t\t\t<\/div>\n\t\t\t\t<\/div>\n\t\t\t\t<div class=\"elementor-element elementor-element-ac328db elementor-widget elementor-widget-text-editor\" data-id=\"ac328db\" data-element_type=\"widget\" data-widget_type=\"text-editor.default\">\n\t\t\t\t<div class=\"elementor-widget-container\">\n\t\t\t\t\t\t\t<p><strong>Dr. med. Eli Wechsler<\/strong><\/p><table><tbody><tr><td>Sp\u00e9cialiste en obst\u00e9trique et gyn\u00e9cologie<\/td><\/tr><tr><td>Sp\u00e9cialiste en m\u00e9decine p\u00e9rinatale<\/td><\/tr><\/tbody><\/table>\t\t\t\t\t\t<\/div>\n\t\t\t\t<\/div>\n\t\t\t\t<div class=\"elementor-element elementor-element-637f76c elementor-widget elementor-widget-button\" data-id=\"637f76c\" data-element_type=\"widget\" data-widget_type=\"button.default\">\n\t\t\t\t<div class=\"elementor-widget-container\">\n\t\t\t\t\t<div class=\"elementor-button-wrapper\">\n\t\t\t<a href=\"https:\/\/www.doctolib.de\/frauenarzt\/duesseldorf\/eli-wechsler\" class=\"elementor-button-link elementor-button elementor-size-sm\" role=\"button\">\n\t\t\t\t\t\t<span class=\"elementor-button-content-wrapper\">\n\t\t\t\t\t\t<span class=\"elementor-button-text\">Prendre Rendez-Vouz<\/span>\n\t\t<\/span>\n\t\t\t\t\t<\/a>\n\t\t<\/div>\n\t\t\t\t<\/div>\n\t\t\t\t<\/div>\n\t\t\t\t<\/div>\n\t\t<div class=\"elementor-element elementor-element-999f17e e-con-full e-con\" data-id=\"999f17e\" data-element_type=\"container\" data-settings=\"{&quot;content_width&quot;:&quot;full&quot;}\">\n\t\t\t\t<div class=\"elementor-element elementor-element-67d07d5 elementor-widget elementor-widget-text-editor\" data-id=\"67d07d5\" data-element_type=\"widget\" data-widget_type=\"text-editor.default\">\n\t\t\t\t<div class=\"elementor-widget-container\">\n\t\t\t\t\t\t\t<p><strong>Dr Eli Wechsler<\/strong> est un sp\u00e9cialiste exp\u00e9riment\u00e9 en obst\u00e9trique et gyn\u00e9cologie, avec une expertise en obst\u00e9trique sp\u00e9cialis\u00e9e et m\u00e9decine p\u00e9rinatale. Sa formation compl\u00e8te et son exp\u00e9rience clinique de longue date font de lui un expert reconnu des grossesses \u00e0 risque.<\/p><p>Dr Wechsler offre \u00e0 ses patientes des soins globaux combinant des m\u00e9thodes m\u00e9dicales modernes et des approches compl\u00e9mentaires. En plus de sa solide formation m\u00e9dicale, le Dr Wechsler a acquis des qualifications suppl\u00e9mentaires en acupuncture et hom\u00e9opathie. Cette combinaison lui permet de proposer \u00e0 ses patientes un traitement personnalis\u00e9 qui prend en compte les approches th\u00e9rapeutiques conventionnelles et alternatives. Son expertise est particuli\u00e8rement pr\u00e9cieuse dans la prise en charge des grossesses \u00e0 risque, garantissant les meilleurs soins possibles pour la m\u00e8re et l&#8217;enfant. En tant que m\u00e9decin clinicien, le Dr Wechsler dispose d&#8217;une exp\u00e9rience pratique consid\u00e9rable, inestimable notamment dans la gestion des grossesses \u00e0 haut risque. Ses patientes b\u00e9n\u00e9ficient de sa capacit\u00e9 \u00e0 g\u00e9rer des situations m\u00e9dicales complexes tout en offrant des soins empathiques et personnalis\u00e9s.<\/p><p>Dr Wechsler accorde une grande importance \u00e0 une relation de confiance m\u00e9decin-patient et se tient \u00e0 disposition de ses patientes tout au long de la grossesse et au-del\u00e0.<\/p>\t\t\t\t\t\t<\/div>\n\t\t\t\t<\/div>\n\t\t\t\t<\/div>\n\t\t\t\t\t<\/div>\n\t\t\t\t<\/div>\n\t\t<div class=\"elementor-element elementor-element-c72f881 elementor-hidden-desktop elementor-hidden-tablet e-con-boxed e-con\" data-id=\"c72f881\" data-element_type=\"container\" data-settings=\"{&quot;content_width&quot;:&quot;boxed&quot;}\">\n\t\t\t\t\t<div class=\"e-con-inner\">\n\t\t<div class=\"elementor-element elementor-element-8ffd999 e-con-full e-con\" data-id=\"8ffd999\" data-element_type=\"container\" data-settings=\"{&quot;content_width&quot;:&quot;full&quot;}\">\n\t\t\t\t<div class=\"elementor-element elementor-element-bebf3d7 elementor-widget elementor-widget-image\" data-id=\"bebf3d7\" data-element_type=\"widget\" data-widget_type=\"image.default\">\n\t\t\t\t<div class=\"elementor-widget-container\">\n\t\t\t\t\t\t\t\t\t\t\t\t\t\t\t<img decoding=\"async\" width=\"496\" height=\"628\" src=\"https:\/\/frauenarzt-net.de\/wp-content\/uploads\/2026\/02\/dr-eli-wechsler-2026-k.jpg\" class=\"attachment-large size-large wp-image-7227\" alt=\"\" loading=\"lazy\" srcset=\"https:\/\/frauenarzt-net.de\/wp-content\/uploads\/2026\/02\/dr-eli-wechsler-2026-k.jpg 496w, https:\/\/frauenarzt-net.de\/wp-content\/uploads\/2026\/02\/dr-eli-wechsler-2026-k-316x400.jpg 316w, https:\/\/frauenarzt-net.de\/wp-content\/uploads\/2026\/02\/dr-eli-wechsler-2026-k-197x250.jpg 197w\" sizes=\"(max-width: 496px) 100vw, 496px\" \/>\t\t\t\t\t\t\t\t\t\t\t\t\t\t\t<\/div>\n\t\t\t\t<\/div>\n\t\t\t\t<div class=\"elementor-element elementor-element-dd636e4 elementor-widget elementor-widget-text-editor\" data-id=\"dd636e4\" data-element_type=\"widget\" data-widget_type=\"text-editor.default\">\n\t\t\t\t<div class=\"elementor-widget-container\">\n\t\t\t\t\t\t\t<p><strong>Dr. med. Eli Wechsler<\/strong><\/p><table><tbody><tr><td>Sp\u00e9cialiste en obst\u00e9trique et gyn\u00e9cologie<\/td><\/tr><tr><td>Sp\u00e9cialiste en m\u00e9decine p\u00e9rinatale<\/td><\/tr><\/tbody><\/table>\t\t\t\t\t\t<\/div>\n\t\t\t\t<\/div>\n\t\t\t\t<div class=\"elementor-element elementor-element-dcc19cd elementor-mobile-align-center elementor-widget elementor-widget-button\" data-id=\"dcc19cd\" data-element_type=\"widget\" data-widget_type=\"button.default\">\n\t\t\t\t<div class=\"elementor-widget-container\">\n\t\t\t\t\t<div class=\"elementor-button-wrapper\">\n\t\t\t<a href=\"https:\/\/www.doctolib.de\/frauenarzt\/duesseldorf\/eli-wechsler\" class=\"elementor-button-link elementor-button elementor-size-sm\" role=\"button\">\n\t\t\t\t\t\t<span class=\"elementor-button-content-wrapper\">\n\t\t\t\t\t\t<span class=\"elementor-button-text\">Prendre Rendez-Vouz<\/span>\n\t\t<\/span>\n\t\t\t\t\t<\/a>\n\t\t<\/div>\n\t\t\t\t<\/div>\n\t\t\t\t<\/div>\n\t\t\t\t<\/div>\n\t\t<div class=\"elementor-element elementor-element-1f71bb0 e-con-full e-con\" data-id=\"1f71bb0\" data-element_type=\"container\" data-settings=\"{&quot;content_width&quot;:&quot;full&quot;}\">\n\t\t\t\t<div class=\"elementor-element elementor-element-118b50d elementor-widget elementor-widget-text-editor\" data-id=\"118b50d\" data-element_type=\"widget\" data-widget_type=\"text-editor.default\">\n\t\t\t\t<div class=\"elementor-widget-container\">\n\t\t\t\t\t\t\t<p><strong>Dr Eli Wechsler<\/strong> est un sp\u00e9cialiste exp\u00e9riment\u00e9 en obst\u00e9trique et gyn\u00e9cologie, avec une expertise en obst\u00e9trique sp\u00e9cialis\u00e9e et m\u00e9decine p\u00e9rinatale. Sa formation compl\u00e8te et son exp\u00e9rience clinique de longue date font de lui un expert reconnu des grossesses \u00e0 risque.<\/p><p>Dr Wechsler offre \u00e0 ses patientes des soins globaux combinant des m\u00e9thodes m\u00e9dicales modernes et des approches compl\u00e9mentaires. En plus de sa solide formation m\u00e9dicale, le Dr Wechsler a acquis des qualifications suppl\u00e9mentaires en acupuncture et hom\u00e9opathie. Cette combinaison lui permet de proposer \u00e0 ses patientes un traitement personnalis\u00e9 qui prend en compte les approches th\u00e9rapeutiques conventionnelles et alternatives. Son expertise est particuli\u00e8rement pr\u00e9cieuse dans la prise en charge des grossesses \u00e0 risque, garantissant les meilleurs soins possibles pour la m\u00e8re et l&#8217;enfant. En tant que m\u00e9decin clinicien, le Dr Wechsler dispose d&#8217;une exp\u00e9rience pratique consid\u00e9rable, inestimable notamment dans la gestion des grossesses \u00e0 haut risque. Ses patientes b\u00e9n\u00e9ficient de sa capacit\u00e9 \u00e0 g\u00e9rer des situations m\u00e9dicales complexes tout en offrant des soins empathiques et personnalis\u00e9s.<\/p><p>Dr Wechsler accorde une grande importance \u00e0 une relation de confiance m\u00e9decin-patient et se tient \u00e0 disposition de ses patientes tout au long de la grossesse et au-del\u00e0.<\/p>\t\t\t\t\t\t<\/div>\n\t\t\t\t<\/div>\n\t\t\t\t<\/div>\n\t\t\t\t\t<\/div>\n\t\t\t\t<\/div>\n\t\t<div class=\"elementor-element elementor-element-c5cf438 e-con-boxed e-con\" data-id=\"c5cf438\" data-element_type=\"container\" data-settings=\"{&quot;content_width&quot;:&quot;boxed&quot;}\">\n\t\t\t\t\t<div class=\"e-con-inner\">\n\t\t\t\t<div class=\"elementor-element elementor-element-090f5a4 elementor-widget elementor-widget-image\" data-id=\"090f5a4\" data-element_type=\"widget\" data-widget_type=\"image.default\">\n\t\t\t\t<div class=\"elementor-widget-container\">\n\t\t\t\t\t\t\t\t\t\t\t\t\t\t\t<img decoding=\"async\" width=\"1000\" height=\"436\" src=\"https:\/\/frauenarzt-net.de\/wp-content\/uploads\/2024\/12\/eli-wechsler-frauenarzt-duesseldorf.jpg\" class=\"attachment-large size-large wp-image-5224\" alt=\"Eli Wechsler Frauenarzt D\u00fcsseldorf\" loading=\"lazy\" srcset=\"https:\/\/frauenarzt-net.de\/wp-content\/uploads\/2024\/12\/eli-wechsler-frauenarzt-duesseldorf.jpg 1000w, https:\/\/frauenarzt-net.de\/wp-content\/uploads\/2024\/12\/eli-wechsler-frauenarzt-duesseldorf-400x174.jpg 400w, https:\/\/frauenarzt-net.de\/wp-content\/uploads\/2024\/12\/eli-wechsler-frauenarzt-duesseldorf-250x109.jpg 250w, https:\/\/frauenarzt-net.de\/wp-content\/uploads\/2024\/12\/eli-wechsler-frauenarzt-duesseldorf-768x335.jpg 768w\" sizes=\"(max-width: 1000px) 100vw, 1000px\" \/>\t\t\t\t\t\t\t\t\t\t\t\t\t\t\t<\/div>\n\t\t\t\t<\/div>\n\t\t\t\t\t<\/div>\n\t\t\t\t<\/div>\n\t\t<div class=\"elementor-element elementor-element-9351482 e-con-boxed e-con\" data-id=\"9351482\" data-element_type=\"container\" data-settings=\"{&quot;content_width&quot;:&quot;boxed&quot;}\">\n\t\t\t\t\t<div class=\"e-con-inner\">\n\t\t<div class=\"elementor-element elementor-element-2e2f9de e-con-full e-con\" data-id=\"2e2f9de\" data-element_type=\"container\" data-settings=\"{&quot;content_width&quot;:&quot;full&quot;}\">\n\t\t\t\t<div class=\"elementor-element elementor-element-d71b28e elementor-widget elementor-widget-text-editor\" data-id=\"d71b28e\" data-element_type=\"widget\" data-widget_type=\"text-editor.default\">\n\t\t\t\t<div class=\"elementor-widget-container\">\n\t\t\t\t\t\t\t<h2>Tout sur votre grossesse :<\/h2><p><a href=\"https:\/\/frauenarzt-net.de\/ersttrimesterscreening\/\">D\u00e9pistage du premier trimestre<\/a><\/p><p><a href=\"https:\/\/frauenarzt-net.de\/praenatale-testung-dna\/\">Tests pr\u00e9nataux (ADN)<\/a><\/p><p><a href=\"https:\/\/frauenarzt-net.de\/fehlbildungsdiagnostik\/\">Diagnostic des malformations<\/a><\/p><p><a href=\"https:\/\/frauenarzt-net.de\/doppleruntersuchung-in-duesseldorf\/\">Examen Doppler<\/a><\/p><p><a href=\"https:\/\/frauenarzt-net.de\/risikoschwangerschaften\/\">Grossesses \u00e0 risque<\/a><\/p><p><a href=\"https:\/\/frauenarzt-net.de\/schwangerschaftsvergiftung\/\">Pr\u00e9\u00e9clampsie<\/a><\/p><p><a href=\"https:\/\/frauenarzt-net.de\/beratung-zur-mehrlingsschwangerschaft\/\">Grossesse multiple<\/a><\/p><p><a href=\"https:\/\/frauenarzt-net.de\/beratung-zur-geburt\/\">Conseil \u00e0 l&#8217;accouchement<\/a><\/p>\t\t\t\t\t\t<\/div>\n\t\t\t\t<\/div>\n\t\t\t\t<\/div>\n\t\t<div class=\"elementor-element elementor-element-886d3bf e-con-full e-con\" data-id=\"886d3bf\" data-element_type=\"container\" data-settings=\"{&quot;content_width&quot;:&quot;full&quot;}\">\n\t\t\t\t<div class=\"elementor-element elementor-element-910d518 elementor-widget elementor-widget-text-editor\" data-id=\"910d518\" data-element_type=\"widget\" data-widget_type=\"text-editor.default\">\n\t\t\t\t<div class=\"elementor-widget-container\">\n\t\t\t\t\t\t\t<h2>Gyn\u00e9cologie :<\/h2><p><a href=\"https:\/\/frauenarzt-net.de\/teenager-sprechstunde\/\">Consultation pour adolescentes<\/a><\/p><p><a href=\"https:\/\/frauenarzt-net.de\/vorsorge\/\">Pr\u00e9vention<\/a><\/p><p><a href=\"https:\/\/frauenarzt-net.de\/verhuetung\/\">Contraception<\/a><\/p><p><a href=\"https:\/\/frauenarzt-net.de\/kinderwunsch\/\">D\u00e9sir d&#8217;enfant<\/a><\/p><p><a href=\"https:\/\/frauenarzt-net.de\/kinderwunsch-copy\/\">Consultation hormonale<\/a><\/p><p><a href=\"https:\/\/frauenarzt-net.de\/wechseljahre\/\">M\u00e9nopause<\/a><\/p><p><a href=\"https:\/\/frauenarzt-net.de\/brusterkrankungen\/\">Maladies du sein<\/a><\/p><p><a href=\"https:\/\/frauenarzt-net.de\/krebserkrankungen\/\">Cancers<\/a><\/p><p><a href=\"https:\/\/frauenarzt-net.de\/inkontinenz\/\">Incontinence<\/a><\/p><p><a href=\"https:\/\/frauenarzt-net.de\/endometriose\/\">Endom\u00e9triose<\/a><\/p><p><a href=\"https:\/\/frauenarzt-net.de\/ultraschalldiagnostik\/\">Diagnostic par ultrasons<\/a><\/p><p><a href=\"https:\/\/frauenarzt-net.de\/impfungen\/\">Vaccinations<\/a><\/p>\t\t\t\t\t\t<\/div>\n\t\t\t\t<\/div>\n\t\t\t\t<\/div>\n\t\t\t\t\t<\/div>\n\t\t\t\t<\/div>\n\t\t\t\t\t\t\t<\/div>\n\t\t","protected":false},"excerpt":{"rendered":"<p>Dr. Eli Wechsler Frauenarzt und Geburtsmediziner in D\u00fcsseldorf Dr. med. Eli Wechsler Facharzt f\u00fcr Geburtshilfe und Gyn\u00e4kologie Spezielle Geburtshilfe und Perinatalmedizin Termin vereinbaren Dr. Eli Wechsler ist ein erfahrener Facharzt f\u00fcr Geburtshilfe und Gyn\u00e4kologie mit einer besonderen Expertise in der speziellen Geburtshilfe und Perinatalmedizin. Seine umfassende Ausbildung und langj\u00e4hrige klinische Erfahrung machen ihn zu einem [&hellip;]<\/p>\n","protected":false},"author":4,"featured_media":0,"parent":0,"menu_order":0,"comment_status":"closed","ping_status":"closed","template":"","meta":[],"yoast_head":"<!-- This site is optimized with the Yoast SEO plugin v19.13 - https:\/\/yoast.com\/wordpress\/plugins\/seo\/ -->\n<title>Frauenarzt Dr. Eli Wechsler D\u00fcsseldorf<\/title>\n<meta name=\"description\" content=\"Frauenarzt Dr. Eli Wechsler - Experte f\u00fcr moderne Diagnostik, Risikoschwangerschaften, Kinderwunsch und Krebserkrankungen in D\u00fcsseldorf\" \/>\n<meta name=\"robots\" content=\"index, follow, max-snippet:-1, max-image-preview:large, max-video-preview:-1\" \/>\n<link rel=\"canonical\" href=\"https:\/\/frauenarzt-net.de\/dr-eli-wechsler-klinikarzt-und-experte-fuer-risikoschwangerschaften\/\" \/>\n<meta property=\"og:locale\" content=\"fr_FR\" \/>\n<meta property=\"og:type\" content=\"article\" \/>\n<meta property=\"og:title\" content=\"Frauenarzt Dr. Eli Wechsler D\u00fcsseldorf\" \/>\n<meta property=\"og:description\" content=\"Frauenarzt Dr. Eli Wechsler - Experte f\u00fcr moderne Diagnostik, Risikoschwangerschaften, Kinderwunsch und Krebserkrankungen in D\u00fcsseldorf\" \/>\n<meta property=\"og:url\" content=\"https:\/\/frauenarzt-net.de\/dr-eli-wechsler-klinikarzt-und-experte-fuer-risikoschwangerschaften\/\" \/>\n<meta property=\"og:site_name\" content=\"Praxis Dr. Wechsler - Ihre Frauen\u00e4rztin in D\u00fcsseldorf und Umgebung\" \/>\n<meta property=\"article:modified_time\" content=\"2026-02-15T21:47:13+00:00\" \/>\n<meta property=\"og:image\" content=\"https:\/\/frauenarzt-net.de\/wp-content\/uploads\/2026\/02\/dr-eli-wechsler-2026-k.jpg\" \/>\n<meta name=\"twitter:card\" content=\"summary_large_image\" \/>\n<meta name=\"twitter:label1\" content=\"Dur\u00e9e de lecture estim\u00e9e\" \/>\n\t<meta name=\"twitter:data1\" content=\"5 minutes\" \/>\n<script type=\"application\/ld+json\" class=\"yoast-schema-graph\">{\"@context\":\"https:\/\/schema.org\",\"@graph\":[{\"@type\":\"WebPage\",\"@id\":\"https:\/\/frauenarzt-net.de\/dr-eli-wechsler-klinikarzt-und-experte-fuer-risikoschwangerschaften\/\",\"url\":\"https:\/\/frauenarzt-net.de\/dr-eli-wechsler-klinikarzt-und-experte-fuer-risikoschwangerschaften\/\",\"name\":\"Frauenarzt Dr. Eli Wechsler D\u00fcsseldorf\",\"isPartOf\":{\"@id\":\"https:\/\/frauenarzt-net.de\/#website\"},\"datePublished\":\"2023-01-12T01:04:14+00:00\",\"dateModified\":\"2026-02-15T21:47:13+00:00\",\"description\":\"Frauenarzt Dr. Eli Wechsler - Experte f\u00fcr moderne Diagnostik, Risikoschwangerschaften, Kinderwunsch und Krebserkrankungen in D\u00fcsseldorf\",\"breadcrumb\":{\"@id\":\"https:\/\/frauenarzt-net.de\/dr-eli-wechsler-klinikarzt-und-experte-fuer-risikoschwangerschaften\/#breadcrumb\"},\"inLanguage\":\"fr-FR\",\"potentialAction\":[{\"@type\":\"ReadAction\",\"target\":[\"https:\/\/frauenarzt-net.de\/dr-eli-wechsler-klinikarzt-und-experte-fuer-risikoschwangerschaften\/\"]}]},{\"@type\":\"BreadcrumbList\",\"@id\":\"https:\/\/frauenarzt-net.de\/dr-eli-wechsler-klinikarzt-und-experte-fuer-risikoschwangerschaften\/#breadcrumb\",\"itemListElement\":[{\"@type\":\"ListItem\",\"position\":1,\"name\":\"Home\",\"item\":\"https:\/\/frauenarzt-net.de\/\"},{\"@type\":\"ListItem\",\"position\":2,\"name\":\"Dr. Eli Wechsler &#8211; Klinikarzt und Experte f\u00fcr Risikoschwangerschaften\"}]},{\"@type\":\"WebSite\",\"@id\":\"https:\/\/frauenarzt-net.de\/#website\",\"url\":\"https:\/\/frauenarzt-net.de\/\",\"name\":\"Praxis Dr. Wechsler - Ihre Frauen\u00e4rztin in D\u00fcsseldorf und Umgebung\",\"description\":\"\",\"publisher\":{\"@id\":\"https:\/\/frauenarzt-net.de\/#organization\"},\"potentialAction\":[{\"@type\":\"SearchAction\",\"target\":{\"@type\":\"EntryPoint\",\"urlTemplate\":\"https:\/\/frauenarzt-net.de\/?s={search_term_string}\"},\"query-input\":\"required name=search_term_string\"}],\"inLanguage\":\"fr-FR\"},{\"@type\":\"Organization\",\"@id\":\"https:\/\/frauenarzt-net.de\/#organization\",\"name\":\"INVESTMENT COINS\",\"url\":\"https:\/\/frauenarzt-net.de\/\",\"logo\":{\"@type\":\"ImageObject\",\"inLanguage\":\"fr-FR\",\"@id\":\"https:\/\/frauenarzt-net.de\/#\/schema\/logo\/image\/\",\"url\":\"https:\/\/frauenaerztin-duesseldorf.dr-wechsler.de\/wp-content\/uploads\/2021\/07\/logo2.png\",\"contentUrl\":\"https:\/\/frauenaerztin-duesseldorf.dr-wechsler.de\/wp-content\/uploads\/2021\/07\/logo2.png\",\"width\":794,\"height\":71,\"caption\":\"INVESTMENT COINS\"},\"image\":{\"@id\":\"https:\/\/frauenarzt-net.de\/#\/schema\/logo\/image\/\"}}]}<\/script>\n<!-- \/ Yoast SEO plugin. -->","yoast_head_json":{"title":"Frauenarzt Dr. Eli Wechsler D\u00fcsseldorf","description":"Frauenarzt Dr. Eli Wechsler - Experte f\u00fcr moderne Diagnostik, Risikoschwangerschaften, Kinderwunsch und Krebserkrankungen in D\u00fcsseldorf","robots":{"index":"index","follow":"follow","max-snippet":"max-snippet:-1","max-image-preview":"max-image-preview:large","max-video-preview":"max-video-preview:-1"},"canonical":"https:\/\/frauenarzt-net.de\/dr-eli-wechsler-klinikarzt-und-experte-fuer-risikoschwangerschaften\/","og_locale":"fr_FR","og_type":"article","og_title":"Frauenarzt Dr. Eli Wechsler D\u00fcsseldorf","og_description":"Frauenarzt Dr. Eli Wechsler - Experte f\u00fcr moderne Diagnostik, Risikoschwangerschaften, Kinderwunsch und Krebserkrankungen in D\u00fcsseldorf","og_url":"https:\/\/frauenarzt-net.de\/dr-eli-wechsler-klinikarzt-und-experte-fuer-risikoschwangerschaften\/","og_site_name":"Praxis Dr. Wechsler - Ihre Frauen\u00e4rztin in D\u00fcsseldorf und Umgebung","article_modified_time":"2026-02-15T21:47:13+00:00","og_image":[{"url":"https:\/\/frauenarzt-net.de\/wp-content\/uploads\/2026\/02\/dr-eli-wechsler-2026-k.jpg"}],"twitter_card":"summary_large_image","twitter_misc":{"Dur\u00e9e de lecture estim\u00e9e":"5 minutes"},"schema":{"@context":"https:\/\/schema.org","@graph":[{"@type":"WebPage","@id":"https:\/\/frauenarzt-net.de\/dr-eli-wechsler-klinikarzt-und-experte-fuer-risikoschwangerschaften\/","url":"https:\/\/frauenarzt-net.de\/dr-eli-wechsler-klinikarzt-und-experte-fuer-risikoschwangerschaften\/","name":"Frauenarzt Dr. Eli Wechsler D\u00fcsseldorf","isPartOf":{"@id":"https:\/\/frauenarzt-net.de\/#website"},"datePublished":"2023-01-12T01:04:14+00:00","dateModified":"2026-02-15T21:47:13+00:00","description":"Frauenarzt Dr. Eli Wechsler - Experte f\u00fcr moderne Diagnostik, Risikoschwangerschaften, Kinderwunsch und Krebserkrankungen in D\u00fcsseldorf","breadcrumb":{"@id":"https:\/\/frauenarzt-net.de\/dr-eli-wechsler-klinikarzt-und-experte-fuer-risikoschwangerschaften\/#breadcrumb"},"inLanguage":"fr-FR","potentialAction":[{"@type":"ReadAction","target":["https:\/\/frauenarzt-net.de\/dr-eli-wechsler-klinikarzt-und-experte-fuer-risikoschwangerschaften\/"]}]},{"@type":"BreadcrumbList","@id":"https:\/\/frauenarzt-net.de\/dr-eli-wechsler-klinikarzt-und-experte-fuer-risikoschwangerschaften\/#breadcrumb","itemListElement":[{"@type":"ListItem","position":1,"name":"Home","item":"https:\/\/frauenarzt-net.de\/"},{"@type":"ListItem","position":2,"name":"Dr. Eli Wechsler &#8211; Klinikarzt und Experte f\u00fcr Risikoschwangerschaften"}]},{"@type":"WebSite","@id":"https:\/\/frauenarzt-net.de\/#website","url":"https:\/\/frauenarzt-net.de\/","name":"Praxis Dr. Wechsler - Ihre Frauen\u00e4rztin in D\u00fcsseldorf und Umgebung","description":"","publisher":{"@id":"https:\/\/frauenarzt-net.de\/#organization"},"potentialAction":[{"@type":"SearchAction","target":{"@type":"EntryPoint","urlTemplate":"https:\/\/frauenarzt-net.de\/?s={search_term_string}"},"query-input":"required name=search_term_string"}],"inLanguage":"fr-FR"},{"@type":"Organization","@id":"https:\/\/frauenarzt-net.de\/#organization","name":"INVESTMENT COINS","url":"https:\/\/frauenarzt-net.de\/","logo":{"@type":"ImageObject","inLanguage":"fr-FR","@id":"https:\/\/frauenarzt-net.de\/#\/schema\/logo\/image\/","url":"https:\/\/frauenaerztin-duesseldorf.dr-wechsler.de\/wp-content\/uploads\/2021\/07\/logo2.png","contentUrl":"https:\/\/frauenaerztin-duesseldorf.dr-wechsler.de\/wp-content\/uploads\/2021\/07\/logo2.png","width":794,"height":71,"caption":"INVESTMENT COINS"},"image":{"@id":"https:\/\/frauenarzt-net.de\/#\/schema\/logo\/image\/"}}]}},"_links":{"self":[{"href":"https:\/\/frauenarzt-net.de\/wp-json\/wp\/v2\/pages\/4085"}],"collection":[{"href":"https:\/\/frauenarzt-net.de\/wp-json\/wp\/v2\/pages"}],"about":[{"href":"https:\/\/frauenarzt-net.de\/wp-json\/wp\/v2\/types\/page"}],"author":[{"embeddable":true,"href":"https:\/\/frauenarzt-net.de\/wp-json\/wp\/v2\/users\/4"}],"replies":[{"embeddable":true,"href":"https:\/\/frauenarzt-net.de\/wp-json\/wp\/v2\/comments?post=4085"}],"version-history":[{"count":119,"href":"https:\/\/frauenarzt-net.de\/wp-json\/wp\/v2\/pages\/4085\/revisions"}],"predecessor-version":[{"id":7233,"href":"https:\/\/frauenarzt-net.de\/wp-json\/wp\/v2\/pages\/4085\/revisions\/7233"}],"wp:attachment":[{"href":"https:\/\/frauenarzt-net.de\/wp-json\/wp\/v2\/media?parent=4085"}],"curies":[{"name":"wp","href":"https:\/\/api.w.org\/{rel}","templated":true}]}}