{"id":3805,"date":"2023-01-07T19:47:16","date_gmt":"2023-01-07T19:47:16","guid":{"rendered":"https:\/\/frauenaerztin-duesseldorf.dr-wechsler.de\/?page_id=3805"},"modified":"2025-12-02T11:31:34","modified_gmt":"2025-12-02T11:31:34","slug":"teenager-sprechstunde","status":"publish","type":"page","link":"https:\/\/frauenarzt-net.de\/teenager-sprechstunde\/","title":{"rendered":"Teenager Sprechstunde"},"content":{"rendered":"\t\t<div data-elementor-type=\"wp-page\" data-elementor-id=\"3805\" class=\"elementor elementor-3805\">\n\t\t\t\t\t\t\t<div class=\"elementor-element elementor-element-b84ae9e e-con-boxed e-con\" data-id=\"b84ae9e\" data-element_type=\"container\" data-settings=\"{&quot;content_width&quot;:&quot;boxed&quot;}\">\n\t\t\t\t\t<div class=\"e-con-inner\">\n\t\t\t\t<div class=\"elementor-element elementor-element-2a43fb1 elementor-widget elementor-widget-text-editor\" data-id=\"2a43fb1\" data-element_type=\"widget\" data-widget_type=\"text-editor.default\">\n\t\t\t\t<div class=\"elementor-widget-container\">\n\t\t\t<style>\/*! elementor - v3.9.2 - 21-12-2022 *\/\n.elementor-widget-text-editor.elementor-drop-cap-view-stacked .elementor-drop-cap{background-color:#818a91;color:#fff}.elementor-widget-text-editor.elementor-drop-cap-view-framed .elementor-drop-cap{color:#818a91;border:3px solid;background-color:transparent}.elementor-widget-text-editor:not(.elementor-drop-cap-view-default) .elementor-drop-cap{margin-top:8px}.elementor-widget-text-editor:not(.elementor-drop-cap-view-default) .elementor-drop-cap-letter{width:1em;height:1em}.elementor-widget-text-editor .elementor-drop-cap{float:left;text-align:center;line-height:1;font-size:50px}.elementor-widget-text-editor .elementor-drop-cap-letter{display:inline-block}<\/style>\t\t\t\t<h1>Consultation pour adolescents<\/h1>\t\t\t\t\t\t<\/div>\n\t\t\t\t<\/div>\n\t\t\t\t\t<\/div>\n\t\t\t\t<\/div>\n\t\t<div class=\"elementor-element elementor-element-e0ff232 elementor-hidden-mobile e-con-boxed e-con\" data-id=\"e0ff232\" data-element_type=\"container\" data-settings=\"{&quot;content_width&quot;:&quot;boxed&quot;}\">\n\t\t\t\t\t<div class=\"e-con-inner\">\n\t\t<div class=\"elementor-element elementor-element-18b5d59 e-con-full e-con\" data-id=\"18b5d59\" data-element_type=\"container\" data-settings=\"{&quot;content_width&quot;:&quot;full&quot;}\">\n\t\t\t\t<div class=\"elementor-element elementor-element-58c7bfc elementor-widget elementor-widget-text-editor\" data-id=\"58c7bfc\" data-element_type=\"widget\" data-widget_type=\"text-editor.default\">\n\t\t\t\t<div class=\"elementor-widget-container\">\n\t\t\t\t\t\t\t<p>Beaucoup de filles trouvent leur premi\u00e8re visite chez le gyn\u00e9cologue \u00e9trange. Lors de notre consultation pour adolescentes, nous prenons le temps pour votre premi\u00e8re visite dans notre cabinet. L&#8217;accent n&#8217;est pas mis sur l&#8217;examen, mais sur la conversation avec vous. Nous sommes heureux de r\u00e9pondre \u00e0 toutes vos questions : Que devez-vous savoir sur les menstruations ?<br \/>Pourquoi la vaccination contre le cancer du col de l&#8217;ut\u00e9rus est-elle importante ?<br \/>Comment vous prot\u00e9ger des maladies sexuellement transmissibles ?<br \/>Comment utilisez-vous la contraception ?<br \/>Un examen sur le fauteuil gyn\u00e9cologique n&#8217;est pas n\u00e9cessaire dans la plupart des cas. G\u00e9n\u00e9ralement, un examen \u00e9chographique est tout \u00e0 fait suffisant.<\/p>\t\t\t\t\t\t<\/div>\n\t\t\t\t<\/div>\n\t\t\t\t<\/div>\n\t\t<div class=\"elementor-element elementor-element-d604717 e-con-full e-con\" data-id=\"d604717\" data-element_type=\"container\" data-settings=\"{&quot;content_width&quot;:&quot;full&quot;}\">\n\t\t\t\t<div class=\"elementor-element elementor-element-a52262a elementor-widget elementor-widget-text-editor\" data-id=\"a52262a\" data-element_type=\"widget\" data-widget_type=\"text-editor.default\">\n\t\t\t\t<div class=\"elementor-widget-container\">\n\t\t\t\t\t\t\t<p>Pendant la pubert\u00e9, votre corps change et vos premi\u00e8res r\u00e8gles apparaissent. Votre corps produit plus d&#8217;hormones qui affectent votre \u00e9quilibre \u00e9motionnel. Les sentiments d&#8217;ins\u00e9curit\u00e9 et d&#8217;humeur changeante sont typiques et tout \u00e0 fait normaux pendant cette phase de la vie. Nous nous r\u00e9jouissons de votre visite. Vous pouvez vous faire accompagner de votre m\u00e8re, d&#8217;une amie ou d&#8217;un ami pour la consultation pour adolescentes.<\/p>\t\t\t\t\t\t<\/div>\n\t\t\t\t<\/div>\n\t\t\t\t<div class=\"elementor-element elementor-element-af82bd2 elementor-align-left elementor-widget elementor-widget-button\" data-id=\"af82bd2\" data-element_type=\"widget\" data-widget_type=\"button.default\">\n\t\t\t\t<div class=\"elementor-widget-container\">\n\t\t\t\t\t<div class=\"elementor-button-wrapper\">\n\t\t\t<a href=\"https:\/\/www.doctolib.de\/privatpraxis\/duesseldorf\/privatpraxis-fuer-gynaekologie-dr-wechsler?utm_campaign=website-button&#038;utm_source=privatpraxis-fuer-gynaekologie-dr-wechsler-website-button&#038;utm_medium=referral&#038;utm_content=option-8&#038;utm_term=privatpraxis-fuer-gynaekologie-dr-wechsler\" class=\"elementor-button-link elementor-button elementor-size-sm\" role=\"button\">\n\t\t\t\t\t\t<span class=\"elementor-button-content-wrapper\">\n\t\t\t\t\t\t<span class=\"elementor-button-text\">Prendre Rendez-Vouz<\/span>\n\t\t<\/span>\n\t\t\t\t\t<\/a>\n\t\t<\/div>\n\t\t\t\t<\/div>\n\t\t\t\t<\/div>\n\t\t\t\t<\/div>\n\t\t\t\t\t<\/div>\n\t\t\t\t<\/div>\n\t\t<div class=\"elementor-element elementor-element-3031cc3 elementor-hidden-desktop elementor-hidden-tablet e-con-boxed e-con\" data-id=\"3031cc3\" data-element_type=\"container\" data-settings=\"{&quot;content_width&quot;:&quot;boxed&quot;}\">\n\t\t\t\t\t<div class=\"e-con-inner\">\n\t\t<div class=\"elementor-element elementor-element-ddf8e57 e-con-full e-con\" data-id=\"ddf8e57\" data-element_type=\"container\" data-settings=\"{&quot;content_width&quot;:&quot;full&quot;}\">\n\t\t\t\t<div class=\"elementor-element elementor-element-4a4c999 elementor-widget elementor-widget-text-editor\" data-id=\"4a4c999\" data-element_type=\"widget\" data-widget_type=\"text-editor.default\">\n\t\t\t\t<div class=\"elementor-widget-container\">\n\t\t\t\t\t\t\t<p>Beaucoup de filles trouvent leur premi\u00e8re visite chez le gyn\u00e9cologue \u00e9trange. Lors de notre consultation pour adolescentes, nous prenons le temps pour votre premi\u00e8re visite dans notre cabinet. L&#8217;accent n&#8217;est pas mis sur l&#8217;examen, mais sur la conversation avec vous. Nous sommes heureux de r\u00e9pondre \u00e0 toutes vos questions : Que devez-vous savoir sur les menstruations ?<br \/>Pourquoi la vaccination contre le cancer du col de l&#8217;ut\u00e9rus est-elle importante ?<br \/>Comment vous prot\u00e9ger des maladies sexuellement transmissibles ?<br \/>Comment utilisez-vous la contraception ?<br \/>Un examen sur le fauteuil gyn\u00e9cologique n&#8217;est pas n\u00e9cessaire dans la plupart des cas. G\u00e9n\u00e9ralement, un examen \u00e9chographique est tout \u00e0 fait suffisant.<\/p>\t\t\t\t\t\t<\/div>\n\t\t\t\t<\/div>\n\t\t\t\t<\/div>\n\t\t<div class=\"elementor-element elementor-element-b4d671e e-con-full e-con\" data-id=\"b4d671e\" data-element_type=\"container\" data-settings=\"{&quot;content_width&quot;:&quot;full&quot;}\">\n\t\t\t\t<div class=\"elementor-element elementor-element-ecb4e33 elementor-widget elementor-widget-text-editor\" data-id=\"ecb4e33\" data-element_type=\"widget\" data-widget_type=\"text-editor.default\">\n\t\t\t\t<div class=\"elementor-widget-container\">\n\t\t\t\t\t\t\t<p>Pendant la pubert\u00e9, votre corps change et vos premi\u00e8res r\u00e8gles apparaissent. Votre corps produit plus d&#8217;hormones qui affectent votre \u00e9quilibre \u00e9motionnel. Les sentiments d&#8217;ins\u00e9curit\u00e9 et d&#8217;humeur changeante sont typiques et tout \u00e0 fait normaux pendant cette phase de la vie. Nous nous r\u00e9jouissons de votre visite. Vous pouvez vous faire accompagner de votre m\u00e8re, d&#8217;une amie ou d&#8217;un ami pour la consultation pour adolescentes.<\/p>\t\t\t\t\t\t<\/div>\n\t\t\t\t<\/div>\n\t\t\t\t<div class=\"elementor-element elementor-element-263a6d9 elementor-align-left elementor-mobile-align-center elementor-widget elementor-widget-button\" data-id=\"263a6d9\" data-element_type=\"widget\" data-widget_type=\"button.default\">\n\t\t\t\t<div class=\"elementor-widget-container\">\n\t\t\t\t\t<div class=\"elementor-button-wrapper\">\n\t\t\t<a href=\"https:\/\/www.doctolib.de\/privatpraxis\/duesseldorf\/privatpraxis-fuer-gynaekologie-dr-wechsler?utm_campaign=website-button&#038;utm_source=privatpraxis-fuer-gynaekologie-dr-wechsler-website-button&#038;utm_medium=referral&#038;utm_content=option-8&#038;utm_term=privatpraxis-fuer-gynaekologie-dr-wechsler\" class=\"elementor-button-link elementor-button elementor-size-sm\" role=\"button\">\n\t\t\t\t\t\t<span class=\"elementor-button-content-wrapper\">\n\t\t\t\t\t\t<span class=\"elementor-button-text\">Prendre Rendez-Vouz<\/span>\n\t\t<\/span>\n\t\t\t\t\t<\/a>\n\t\t<\/div>\n\t\t\t\t<\/div>\n\t\t\t\t<\/div>\n\t\t\t\t<\/div>\n\t\t\t\t\t<\/div>\n\t\t\t\t<\/div>\n\t\t<div class=\"elementor-element elementor-element-ae50dac e-con-boxed e-con\" data-id=\"ae50dac\" data-element_type=\"container\" data-settings=\"{&quot;content_width&quot;:&quot;boxed&quot;}\">\n\t\t\t\t\t<div class=\"e-con-inner\">\n\t\t\t\t<div class=\"elementor-element elementor-element-88e3b12 elementor-widget elementor-widget-image\" data-id=\"88e3b12\" data-element_type=\"widget\" data-widget_type=\"image.default\">\n\t\t\t\t<div class=\"elementor-widget-container\">\n\t\t\t<style>\/*! elementor - v3.9.2 - 21-12-2022 *\/\n.elementor-widget-image{text-align:center}.elementor-widget-image a{display:inline-block}.elementor-widget-image a img[src$=\".svg\"]{width:48px}.elementor-widget-image img{vertical-align:middle;display:inline-block}<\/style>\t\t\t\t\t\t\t\t\t\t\t\t<img decoding=\"async\" width=\"1000\" height=\"436\" src=\"https:\/\/frauenarzt-net.de\/wp-content\/uploads\/2024\/12\/teenanger-sprechstunde-frauenarzt-duesseldorf.jpg\" class=\"attachment-large size-large wp-image-4967\" alt=\"Teenager Sprechstunde Frauenarzt D\u00fcsseldorf\" loading=\"lazy\" srcset=\"https:\/\/frauenarzt-net.de\/wp-content\/uploads\/2024\/12\/teenanger-sprechstunde-frauenarzt-duesseldorf.jpg 1000w, https:\/\/frauenarzt-net.de\/wp-content\/uploads\/2024\/12\/teenanger-sprechstunde-frauenarzt-duesseldorf-400x174.jpg 400w, https:\/\/frauenarzt-net.de\/wp-content\/uploads\/2024\/12\/teenanger-sprechstunde-frauenarzt-duesseldorf-250x109.jpg 250w, https:\/\/frauenarzt-net.de\/wp-content\/uploads\/2024\/12\/teenanger-sprechstunde-frauenarzt-duesseldorf-768x335.jpg 768w\" sizes=\"(max-width: 1000px) 100vw, 1000px\" \/>\t\t\t\t\t\t\t\t\t\t\t\t\t\t\t<\/div>\n\t\t\t\t<\/div>\n\t\t\t\t\t<\/div>\n\t\t\t\t<\/div>\n\t\t<div class=\"elementor-element elementor-element-52fd2a8 e-con-boxed e-con\" data-id=\"52fd2a8\" data-element_type=\"container\" data-settings=\"{&quot;content_width&quot;:&quot;boxed&quot;}\">\n\t\t\t\t\t<div class=\"e-con-inner\">\n\t\t<div class=\"elementor-element elementor-element-cc9ed18 e-con-full e-con\" data-id=\"cc9ed18\" data-element_type=\"container\" data-settings=\"{&quot;content_width&quot;:&quot;full&quot;}\">\n\t\t\t\t<div class=\"elementor-element elementor-element-8e487e8 elementor-widget elementor-widget-text-editor\" data-id=\"8e487e8\" data-element_type=\"widget\" data-widget_type=\"text-editor.default\">\n\t\t\t\t<div class=\"elementor-widget-container\">\n\t\t\t\t\t\t\t<h2>Tout sur votre grossesse :<\/h2><p><a href=\"https:\/\/frauenarzt-net.de\/ersttrimesterscreening\/\">D\u00e9pistage du premier trimestre<\/a><\/p><p><a href=\"https:\/\/frauenarzt-net.de\/doppleruntersuchung-in-duesseldorf\/\">Examen Doppler<\/a><\/p><p><a href=\"https:\/\/frauenarzt-net.de\/risikoschwangerschaften\/\">Grossesses \u00e0 risque<\/a><\/p><p><a href=\"https:\/\/frauenarzt-net.de\/beratung-zur-geburt\/\">Conseil \u00e0 l&#8217;accouchement<\/a><\/p>\t\t\t\t\t\t<\/div>\n\t\t\t\t<\/div>\n\t\t\t\t<\/div>\n\t\t<div class=\"elementor-element elementor-element-52bb0d8 e-con-full e-con\" data-id=\"52bb0d8\" data-element_type=\"container\" data-settings=\"{&quot;content_width&quot;:&quot;full&quot;}\">\n\t\t\t\t<div class=\"elementor-element elementor-element-f6d4462 elementor-widget elementor-widget-text-editor\" data-id=\"f6d4462\" data-element_type=\"widget\" data-widget_type=\"text-editor.default\">\n\t\t\t\t<div class=\"elementor-widget-container\">\n\t\t\t\t\t\t\t<h2>Gyn\u00e9cologie :<\/h2><p><a href=\"https:\/\/frauenarzt-net.de\/teenager-sprechstunde\/\">Consultation pour adolescentes<\/a><\/p><p><a href=\"https:\/\/frauenarzt-net.de\/vorsorge\/\">Pr\u00e9vention<\/a><\/p><p><a href=\"https:\/\/frauenarzt-net.de\/verhuetung\/\">Contraception<\/a><\/p><p><a href=\"https:\/\/frauenarzt-net.de\/kinderwunsch\/\">D\u00e9sir d&#8217;enfant<\/a><\/p><p><a href=\"https:\/\/frauenarzt-net.de\/kinderwunsch-copy\/\">Consultation hormonale<\/a><\/p><p><a href=\"https:\/\/frauenarzt-net.de\/wechseljahre\/\">M\u00e9nopause<\/a><\/p><p><a href=\"https:\/\/frauenarzt-net.de\/brusterkrankungen\/\">Maladies du sein<\/a><\/p><p><a href=\"https:\/\/frauenarzt-net.de\/krebserkrankungen\/\">Cancers<\/a><\/p><p><a href=\"https:\/\/frauenarzt-net.de\/inkontinenz\/\">Incontinence<\/a><\/p><p><a href=\"https:\/\/frauenarzt-net.de\/endometriose\/\">Endom\u00e9triose<\/a><\/p><p><a href=\"https:\/\/frauenarzt-net.de\/ultraschalldiagnostik\/\">Diagnostic par ultrasons<\/a><\/p><p><a href=\"https:\/\/frauenarzt-net.de\/impfungen\/\">Vaccinations<\/a><\/p>\t\t\t\t\t\t<\/div>\n\t\t\t\t<\/div>\n\t\t\t\t<\/div>\n\t\t\t\t\t<\/div>\n\t\t\t\t<\/div>\n\t\t\t\t\t\t\t<\/div>\n\t\t","protected":false},"excerpt":{"rendered":"<p>Teenager Sprechstunde Viele M\u00e4dchen empfinden ihren ersten Besuch beim Frauenarzt als befremdlich. In unserer Teenagersprechstunde nehmen wir uns Zeit f\u00fcr deinen ersten Besuch in unserer Praxis. Im Mittelpunkt steht nicht die Untersuchung, sondern das Gespr\u00e4ch mit dir. Gerne beantworten wir alle deine Fragen: Was musst du \u00fcber die Menstruation wissen? Warum ist eine Impfung gegen [&hellip;]<\/p>\n","protected":false},"author":4,"featured_media":0,"parent":0,"menu_order":0,"comment_status":"closed","ping_status":"closed","template":"elementor_header_footer","meta":[],"yoast_head":"<!-- This site is optimized with the Yoast SEO plugin v19.13 - https:\/\/yoast.com\/wordpress\/plugins\/seo\/ -->\n<title>Teenager Sprechstunde<\/title>\n<meta name=\"description\" content=\"Teenager SprechstundeViele M\u00e4dchen empfinden ihren ersten Besuch beim Frauenarzt als befremdlich. In unserer Teenagersprechstunde nehmen wir uns Zeit f\u00fcr deinen ersten Besuch in unserer Praxis. Im Mittelpunkt steht nicht die Untersuchung, sondern das Gespr\u00e4ch mit dir.Gerne beantworten wir alle deine Fragen:Was musst du \u00fcber die Menstruation wissen?Warum ist eine Impfung gegen Geb\u00e4rmutterhalskrebs wichtig?Wie sch\u00fctzt du\u2026\" \/>\n<meta name=\"robots\" content=\"index, follow, max-snippet:-1, max-image-preview:large, max-video-preview:-1\" \/>\n<link rel=\"canonical\" href=\"https:\/\/frauenarzt-net.de\/teenager-sprechstunde\/\" \/>\n<meta property=\"og:locale\" content=\"fr_FR\" \/>\n<meta property=\"og:type\" content=\"article\" \/>\n<meta property=\"og:title\" content=\"Teenager Sprechstunde\" \/>\n<meta property=\"og:description\" content=\"Teenager SprechstundeViele M\u00e4dchen empfinden ihren ersten Besuch beim Frauenarzt als befremdlich. In unserer Teenagersprechstunde nehmen wir uns Zeit f\u00fcr deinen ersten Besuch in unserer Praxis. Im Mittelpunkt steht nicht die Untersuchung, sondern das Gespr\u00e4ch mit dir.Gerne beantworten wir alle deine Fragen:Was musst du \u00fcber die Menstruation wissen?Warum ist eine Impfung gegen Geb\u00e4rmutterhalskrebs wichtig?Wie sch\u00fctzt du\u2026\" \/>\n<meta property=\"og:url\" content=\"https:\/\/frauenarzt-net.de\/teenager-sprechstunde\/\" \/>\n<meta property=\"og:site_name\" content=\"Praxis Dr. Wechsler - Ihre Frauen\u00e4rztin in D\u00fcsseldorf und Umgebung\" \/>\n<meta property=\"article:modified_time\" content=\"2025-12-02T11:31:34+00:00\" \/>\n<meta property=\"og:image\" content=\"https:\/\/frauenarzt-net.de\/wp-content\/uploads\/2024\/12\/teenanger-sprechstunde-frauenarzt-duesseldorf.jpg\" \/>\n<meta name=\"twitter:card\" content=\"summary_large_image\" \/>\n<meta name=\"twitter:label1\" content=\"Dur\u00e9e de lecture estim\u00e9e\" \/>\n\t<meta name=\"twitter:data1\" content=\"2 minutes\" \/>\n<script type=\"application\/ld+json\" class=\"yoast-schema-graph\">{\"@context\":\"https:\/\/schema.org\",\"@graph\":[{\"@type\":\"WebPage\",\"@id\":\"https:\/\/frauenarzt-net.de\/teenager-sprechstunde\/\",\"url\":\"https:\/\/frauenarzt-net.de\/teenager-sprechstunde\/\",\"name\":\"Teenager Sprechstunde | Praxis Dr. Wechsler - Ihre Frauen\u00e4rztin in D\u00fcsseldorf und Umgebung\",\"isPartOf\":{\"@id\":\"https:\/\/frauenarzt-net.de\/#website\"},\"datePublished\":\"2023-01-07T19:47:16+00:00\",\"dateModified\":\"2025-12-02T11:31:34+00:00\",\"description\":\"Teenager SprechstundeViele M\u00e4dchen empfinden ihren ersten Besuch beim Frauenarzt als befremdlich. In unserer Teenagersprechstunde nehmen wir uns Zeit f\u00fcr\",\"breadcrumb\":{\"@id\":\"https:\/\/frauenarzt-net.de\/teenager-sprechstunde\/#breadcrumb\"},\"inLanguage\":\"fr-FR\",\"potentialAction\":[{\"@type\":\"ReadAction\",\"target\":[\"https:\/\/frauenarzt-net.de\/teenager-sprechstunde\/\"]}]},{\"@type\":\"BreadcrumbList\",\"@id\":\"https:\/\/frauenarzt-net.de\/teenager-sprechstunde\/#breadcrumb\",\"itemListElement\":[{\"@type\":\"ListItem\",\"position\":1,\"name\":\"Home\",\"item\":\"https:\/\/frauenarzt-net.de\/\"},{\"@type\":\"ListItem\",\"position\":2,\"name\":\"Teenager Sprechstunde\"}]},{\"@type\":\"WebSite\",\"@id\":\"https:\/\/frauenarzt-net.de\/#website\",\"url\":\"https:\/\/frauenarzt-net.de\/\",\"name\":\"Praxis Dr. Wechsler - Ihre Frauen\u00e4rztin in D\u00fcsseldorf und Umgebung\",\"description\":\"\",\"publisher\":{\"@id\":\"https:\/\/frauenarzt-net.de\/#organization\"},\"potentialAction\":[{\"@type\":\"SearchAction\",\"target\":{\"@type\":\"EntryPoint\",\"urlTemplate\":\"https:\/\/frauenarzt-net.de\/?s={search_term_string}\"},\"query-input\":\"required name=search_term_string\"}],\"inLanguage\":\"fr-FR\"},{\"@type\":\"Organization\",\"@id\":\"https:\/\/frauenarzt-net.de\/#organization\",\"name\":\"INVESTMENT COINS\",\"url\":\"https:\/\/frauenarzt-net.de\/\",\"logo\":{\"@type\":\"ImageObject\",\"inLanguage\":\"fr-FR\",\"@id\":\"https:\/\/frauenarzt-net.de\/#\/schema\/logo\/image\/\",\"url\":\"https:\/\/frauenaerztin-duesseldorf.dr-wechsler.de\/wp-content\/uploads\/2021\/07\/logo2.png\",\"contentUrl\":\"https:\/\/frauenaerztin-duesseldorf.dr-wechsler.de\/wp-content\/uploads\/2021\/07\/logo2.png\",\"width\":794,\"height\":71,\"caption\":\"INVESTMENT COINS\"},\"image\":{\"@id\":\"https:\/\/frauenarzt-net.de\/#\/schema\/logo\/image\/\"}}]}<\/script>\n<!-- \/ Yoast SEO plugin. -->","yoast_head_json":{"title":"Teenager Sprechstunde","description":"Teenager SprechstundeViele M\u00e4dchen empfinden ihren ersten Besuch beim Frauenarzt als befremdlich. In unserer Teenagersprechstunde nehmen wir uns Zeit f\u00fcr deinen ersten Besuch in unserer Praxis. Im Mittelpunkt steht nicht die Untersuchung, sondern das Gespr\u00e4ch mit dir.Gerne beantworten wir alle deine Fragen:Was musst du \u00fcber die Menstruation wissen?Warum ist eine Impfung gegen Geb\u00e4rmutterhalskrebs wichtig?Wie sch\u00fctzt du\u2026","robots":{"index":"index","follow":"follow","max-snippet":"max-snippet:-1","max-image-preview":"max-image-preview:large","max-video-preview":"max-video-preview:-1"},"canonical":"https:\/\/frauenarzt-net.de\/teenager-sprechstunde\/","og_locale":"fr_FR","og_type":"article","og_title":"Teenager Sprechstunde","og_description":"Teenager SprechstundeViele M\u00e4dchen empfinden ihren ersten Besuch beim Frauenarzt als befremdlich. In unserer Teenagersprechstunde nehmen wir uns Zeit f\u00fcr deinen ersten Besuch in unserer Praxis. Im Mittelpunkt steht nicht die Untersuchung, sondern das Gespr\u00e4ch mit dir.Gerne beantworten wir alle deine Fragen:Was musst du \u00fcber die Menstruation wissen?Warum ist eine Impfung gegen Geb\u00e4rmutterhalskrebs wichtig?Wie sch\u00fctzt du\u2026","og_url":"https:\/\/frauenarzt-net.de\/teenager-sprechstunde\/","og_site_name":"Praxis Dr. Wechsler - Ihre Frauen\u00e4rztin in D\u00fcsseldorf und Umgebung","article_modified_time":"2025-12-02T11:31:34+00:00","og_image":[{"url":"https:\/\/frauenarzt-net.de\/wp-content\/uploads\/2024\/12\/teenanger-sprechstunde-frauenarzt-duesseldorf.jpg"}],"twitter_card":"summary_large_image","twitter_misc":{"Dur\u00e9e de lecture estim\u00e9e":"2 minutes"},"schema":{"@context":"https:\/\/schema.org","@graph":[{"@type":"WebPage","@id":"https:\/\/frauenarzt-net.de\/teenager-sprechstunde\/","url":"https:\/\/frauenarzt-net.de\/teenager-sprechstunde\/","name":"Teenager Sprechstunde | Praxis Dr. Wechsler - Ihre Frauen\u00e4rztin in D\u00fcsseldorf und Umgebung","isPartOf":{"@id":"https:\/\/frauenarzt-net.de\/#website"},"datePublished":"2023-01-07T19:47:16+00:00","dateModified":"2025-12-02T11:31:34+00:00","description":"Teenager SprechstundeViele M\u00e4dchen empfinden ihren ersten Besuch beim Frauenarzt als befremdlich. In unserer Teenagersprechstunde nehmen wir uns Zeit f\u00fcr","breadcrumb":{"@id":"https:\/\/frauenarzt-net.de\/teenager-sprechstunde\/#breadcrumb"},"inLanguage":"fr-FR","potentialAction":[{"@type":"ReadAction","target":["https:\/\/frauenarzt-net.de\/teenager-sprechstunde\/"]}]},{"@type":"BreadcrumbList","@id":"https:\/\/frauenarzt-net.de\/teenager-sprechstunde\/#breadcrumb","itemListElement":[{"@type":"ListItem","position":1,"name":"Home","item":"https:\/\/frauenarzt-net.de\/"},{"@type":"ListItem","position":2,"name":"Teenager Sprechstunde"}]},{"@type":"WebSite","@id":"https:\/\/frauenarzt-net.de\/#website","url":"https:\/\/frauenarzt-net.de\/","name":"Praxis Dr. Wechsler - Ihre Frauen\u00e4rztin in D\u00fcsseldorf und Umgebung","description":"","publisher":{"@id":"https:\/\/frauenarzt-net.de\/#organization"},"potentialAction":[{"@type":"SearchAction","target":{"@type":"EntryPoint","urlTemplate":"https:\/\/frauenarzt-net.de\/?s={search_term_string}"},"query-input":"required name=search_term_string"}],"inLanguage":"fr-FR"},{"@type":"Organization","@id":"https:\/\/frauenarzt-net.de\/#organization","name":"INVESTMENT COINS","url":"https:\/\/frauenarzt-net.de\/","logo":{"@type":"ImageObject","inLanguage":"fr-FR","@id":"https:\/\/frauenarzt-net.de\/#\/schema\/logo\/image\/","url":"https:\/\/frauenaerztin-duesseldorf.dr-wechsler.de\/wp-content\/uploads\/2021\/07\/logo2.png","contentUrl":"https:\/\/frauenaerztin-duesseldorf.dr-wechsler.de\/wp-content\/uploads\/2021\/07\/logo2.png","width":794,"height":71,"caption":"INVESTMENT COINS"},"image":{"@id":"https:\/\/frauenarzt-net.de\/#\/schema\/logo\/image\/"}}]}},"_links":{"self":[{"href":"https:\/\/frauenarzt-net.de\/wp-json\/wp\/v2\/pages\/3805"}],"collection":[{"href":"https:\/\/frauenarzt-net.de\/wp-json\/wp\/v2\/pages"}],"about":[{"href":"https:\/\/frauenarzt-net.de\/wp-json\/wp\/v2\/types\/page"}],"author":[{"embeddable":true,"href":"https:\/\/frauenarzt-net.de\/wp-json\/wp\/v2\/users\/4"}],"replies":[{"embeddable":true,"href":"https:\/\/frauenarzt-net.de\/wp-json\/wp\/v2\/comments?post=3805"}],"version-history":[{"count":57,"href":"https:\/\/frauenarzt-net.de\/wp-json\/wp\/v2\/pages\/3805\/revisions"}],"predecessor-version":[{"id":6802,"href":"https:\/\/frauenarzt-net.de\/wp-json\/wp\/v2\/pages\/3805\/revisions\/6802"}],"wp:attachment":[{"href":"https:\/\/frauenarzt-net.de\/wp-json\/wp\/v2\/media?parent=3805"}],"curies":[{"name":"wp","href":"https:\/\/api.w.org\/{rel}","templated":true}]}}