{"id":1762,"date":"2021-07-12T12:54:17","date_gmt":"2021-07-12T12:54:17","guid":{"rendered":"https:\/\/frauenaerztin-duesseldorf.dr-wechsler.de\/?page_id=1762"},"modified":"2025-12-02T08:57:19","modified_gmt":"2025-12-02T08:57:19","slug":"impressum","status":"publish","type":"page","link":"https:\/\/frauenarzt-net.de\/impressum\/","title":{"rendered":"Impressum"},"content":{"rendered":"\t\t<div data-elementor-type=\"wp-page\" data-elementor-id=\"1762\" class=\"elementor elementor-1762\">\n\t\t\t\t\t\t\t<div class=\"elementor-element elementor-element-dbb87b1 e-con-boxed e-con\" data-id=\"dbb87b1\" data-element_type=\"container\" data-settings=\"{&quot;content_width&quot;:&quot;boxed&quot;}\">\n\t\t\t\t\t<div class=\"e-con-inner\">\n\t\t\t\t<div class=\"elementor-element elementor-element-0cf1930 elementor-widget elementor-widget-text-editor\" data-id=\"0cf1930\" data-element_type=\"widget\" data-widget_type=\"text-editor.default\">\n\t\t\t\t<div class=\"elementor-widget-container\">\n\t\t\t<style>\/*! elementor - v3.9.2 - 21-12-2022 *\/\n.elementor-widget-text-editor.elementor-drop-cap-view-stacked .elementor-drop-cap{background-color:#818a91;color:#fff}.elementor-widget-text-editor.elementor-drop-cap-view-framed .elementor-drop-cap{color:#818a91;border:3px solid;background-color:transparent}.elementor-widget-text-editor:not(.elementor-drop-cap-view-default) .elementor-drop-cap{margin-top:8px}.elementor-widget-text-editor:not(.elementor-drop-cap-view-default) .elementor-drop-cap-letter{width:1em;height:1em}.elementor-widget-text-editor .elementor-drop-cap{float:left;text-align:center;line-height:1;font-size:50px}.elementor-widget-text-editor .elementor-drop-cap-letter{display:inline-block}<\/style>\t\t\t\t<h1>Impressum<\/h1><h2>Mentions l\u00e9gales<\/h2>\t\t\t\t\t\t<\/div>\n\t\t\t\t<\/div>\n\t\t\t\t\t<\/div>\n\t\t\t\t<\/div>\n\t\t<div class=\"elementor-element elementor-element-96f37e2 elementor-hidden-desktop elementor-hidden-tablet e-con-boxed e-con\" data-id=\"96f37e2\" data-element_type=\"container\" data-settings=\"{&quot;content_width&quot;:&quot;boxed&quot;}\">\n\t\t\t\t\t<div class=\"e-con-inner\">\n\t\t<div class=\"elementor-element elementor-element-0089082 e-con-full e-con\" data-id=\"0089082\" data-element_type=\"container\" data-settings=\"{&quot;content_width&quot;:&quot;full&quot;}\">\n\t\t\t\t<div class=\"elementor-element elementor-element-fadec7c elementor-widget elementor-widget-text-editor\" data-id=\"fadec7c\" data-element_type=\"widget\" data-widget_type=\"text-editor.default\">\n\t\t\t\t<div class=\"elementor-widget-container\">\n\t\t\t\t\t\t\t<h3>Responsable du contenu selon \u00a7 6 MDStV\u00a0:<\/h3><p>Dr. Georgina Wechsler<br \/>Docteur en obst\u00e9trique et gyn\u00e9cologie<br \/>et psychoth\u00e9rapie<br \/>Clinic Belle Etage<\/p><p>Reichstr. 59<br \/>40217 D\u00fcsseldorf<br \/>T\u00e9l\u00e9phone 0211 &#8211; 435 04 67<br \/>T\u00e9l\u00e9copie 0211 &#8211; 435 04 76<\/p><h3>Zust\u00e4ndige Kammer:<\/h3><p>\u00c4rztekammer Nordrhein<br \/>Tersteegenstr. 31<br \/>40474 D\u00fcsseldorf ( http:\/\/www.aekno.de\/ )<\/p><p>Steuer-Nr. 105\/5295\/0021<\/p>\t\t\t\t\t\t<\/div>\n\t\t\t\t<\/div>\n\t\t\t\t<\/div>\n\t\t<div class=\"elementor-element elementor-element-0835dbb e-con-full e-con\" data-id=\"0835dbb\" data-element_type=\"container\" data-settings=\"{&quot;content_width&quot;:&quot;full&quot;}\">\n\t\t\t\t<div class=\"elementor-element elementor-element-75584d6 elementor-widget elementor-widget-text-editor\" data-id=\"75584d6\" data-element_type=\"widget\" data-widget_type=\"text-editor.default\">\n\t\t\t\t<div class=\"elementor-widget-container\">\n\t\t\t\t\t\t\t<h3>R\u00e8glementation professionnelle :<\/h3><p>R\u00e8glements professionnels de l&#8217;Association m\u00e9dicale nationale de Rh\u00e9nanie du Nord-Westphalie (\u00e0 cette adresse r\u00e9seau http:\/\/www.aekno.de, vous trouverez les r\u00e8glements professionnels actuellement en vigueur \u00e0 l&#8217;aide de la fonction de recherche avec le terme de recherche \u00ab\u00a0r\u00e8glements professionnels\u00a0\u00bb sous forme de fichier PDF. \u00e0 t\u00e9l\u00e9charger)<br \/>Loi sur les professions m\u00e9dicales (vous pouvez trouver le texte de loi actuellement en vigueur sous forme de fichier HTML \u00e0 t\u00e9l\u00e9charger \u00e0 cette adresse r\u00e9seau http:\/\/www.gwg-ev.org\/regionen\/nrw\/000526-heilberg.htm)<\/p><p>Mention de responsabilit\u00e9 : Malgr\u00e9 un contr\u00f4le minutieux du contenu, nous n&#8217;assumons aucune responsabilit\u00e9 pour le contenu des liens externes. Les op\u00e9rateurs sont seuls responsables du contenu des pages li\u00e9es.<\/p><h3>Conception et programmation web<\/h3><p><strong>Conception et programmation web:\u00a0<\/strong><a href=\"https:\/\/www.neidrider.de\" target=\"_blank\" rel=\"noopener\">NeidRider.de<\/a><\/p><p>Photos : Dr. Georgina Wechsler, NeidRider.de, Fotolia, Unsplash.com<\/p>\t\t\t\t\t\t<\/div>\n\t\t\t\t<\/div>\n\t\t\t\t<\/div>\n\t\t\t\t\t<\/div>\n\t\t\t\t<\/div>\n\t\t<div class=\"elementor-element elementor-element-b3901c7 elementor-hidden-mobile e-con-boxed e-con\" data-id=\"b3901c7\" data-element_type=\"container\" data-settings=\"{&quot;content_width&quot;:&quot;boxed&quot;}\">\n\t\t\t\t\t<div class=\"e-con-inner\">\n\t\t<div class=\"elementor-element elementor-element-d81fee0 e-con-full e-con\" data-id=\"d81fee0\" data-element_type=\"container\" data-settings=\"{&quot;content_width&quot;:&quot;full&quot;}\">\n\t\t\t\t<div class=\"elementor-element elementor-element-646611f elementor-widget elementor-widget-text-editor\" data-id=\"646611f\" data-element_type=\"widget\" data-widget_type=\"text-editor.default\">\n\t\t\t\t<div class=\"elementor-widget-container\">\n\t\t\t\t\t\t\t<h3>Responsable du contenu selon \u00a7 6 MDStV\u00a0:<\/h3><p>Dr. Georgina Wechsler<br \/>Docteur en obst\u00e9trique et gyn\u00e9cologie<br \/>et psychoth\u00e9rapie<br \/>Clinic Belle Etage<\/p><p>Reichstr. 59<br \/>40217 D\u00fcsseldorf<br \/>T\u00e9l\u00e9phone 0211 &#8211; 435 04 67<br \/>T\u00e9l\u00e9copie 0211 &#8211; 435 04 76<\/p><h3>Zust\u00e4ndige Kammer:<\/h3><p>\u00c4rztekammer Nordrhein<br \/>Tersteegenstr. 31<br \/>40474 D\u00fcsseldorf ( http:\/\/www.aekno.de\/ )<\/p><p>Steuer-Nr. 105\/5295\/0021<\/p>\t\t\t\t\t\t<\/div>\n\t\t\t\t<\/div>\n\t\t\t\t<\/div>\n\t\t<div class=\"elementor-element elementor-element-90ebfe3 e-con-full e-con\" data-id=\"90ebfe3\" data-element_type=\"container\" data-settings=\"{&quot;content_width&quot;:&quot;full&quot;}\">\n\t\t\t\t<div class=\"elementor-element elementor-element-316e80e elementor-widget elementor-widget-text-editor\" data-id=\"316e80e\" data-element_type=\"widget\" data-widget_type=\"text-editor.default\">\n\t\t\t\t<div class=\"elementor-widget-container\">\n\t\t\t\t\t\t\t<h3>R\u00e8glementation professionnelle :<\/h3><p>R\u00e8glements professionnels de l&#8217;Association m\u00e9dicale nationale de Rh\u00e9nanie du Nord-Westphalie (\u00e0 cette adresse r\u00e9seau http:\/\/www.aekno.de, vous trouverez les r\u00e8glements professionnels actuellement en vigueur \u00e0 l&#8217;aide de la fonction de recherche avec le terme de recherche \u00ab\u00a0r\u00e8glements professionnels\u00a0\u00bb sous forme de fichier PDF. \u00e0 t\u00e9l\u00e9charger)<br \/>Loi sur les professions m\u00e9dicales (vous pouvez trouver le texte de loi actuellement en vigueur sous forme de fichier HTML \u00e0 t\u00e9l\u00e9charger \u00e0 cette adresse r\u00e9seau http:\/\/www.gwg-ev.org\/regionen\/nrw\/000526-heilberg.htm)<\/p><p>Mention de responsabilit\u00e9 : Malgr\u00e9 un contr\u00f4le minutieux du contenu, nous n&#8217;assumons aucune responsabilit\u00e9 pour le contenu des liens externes. Les op\u00e9rateurs sont seuls responsables du contenu des pages li\u00e9es.<\/p><h3>Conception et programmation web<\/h3><p><strong>Conception et programmation web:\u00a0<\/strong><a href=\"https:\/\/www.neidrider.de\" target=\"_blank\" rel=\"noopener\">NeidRider.de<\/a><\/p><p>Photos : Dr. Georgina Wechsler, NeidRider.de, Fotolia, Unsplash.com<\/p>\t\t\t\t\t\t<\/div>\n\t\t\t\t<\/div>\n\t\t\t\t<\/div>\n\t\t\t\t\t<\/div>\n\t\t\t\t<\/div>\n\t\t\t\t\t\t\t<\/div>\n\t\t","protected":false},"excerpt":{"rendered":"<p>Impressum\u00a0 Rechtliche Informationen Verantwortlich f\u00fcr den Inhalt gem\u00e4\u00df \u00a7 6 MDStV: Dr. Georgina Wechsler\u00c4rztin f\u00fcr Geburtshilfe und Gyn\u00e4kologieund PsychotherapieClinic Belle Etage Reichstr. 5940217 D\u00fcsseldorfTelefon 0211 &#8211; 435 04 67Fax 0211 &#8211; 435 04 76 Zust\u00e4ndige Kammer: \u00c4rztekammer NordrheinTersteegenstr. 3140474 D\u00fcsseldorf ( http:\/\/www.aekno.de\/ ) Steuer-Nr. 105\/5295\/0021 Berufsrechtliche Regelungen: Berufsordnung der Landes\u00e4rztekammer Nordrhein (Unter dieser Netzadresse http:\/\/www.aekno.de [&hellip;]<\/p>\n","protected":false},"author":1,"featured_media":0,"parent":0,"menu_order":0,"comment_status":"closed","ping_status":"closed","template":"elementor_header_footer","meta":[],"yoast_head":"<!-- This site is optimized with the Yoast SEO plugin v19.13 - https:\/\/yoast.com\/wordpress\/plugins\/seo\/ -->\n<title>Praxis Dr. Wechsler - Ihre Frauen\u00e4rzte in D\u00fcsseldorf<\/title>\n<meta name=\"description\" content=\"Dr. Eli Wechsler ist als Klinikarzt Experte f\u00fcr Risikoschwangerschaften, Kinderwunsch, Krebserkrankungen und moderne Diagnostik.\" \/>\n<meta name=\"robots\" content=\"index, follow, max-snippet:-1, max-image-preview:large, max-video-preview:-1\" \/>\n<link rel=\"canonical\" href=\"https:\/\/frauenarzt-net.de\/impressum\/\" \/>\n<meta property=\"og:locale\" content=\"fr_FR\" \/>\n<meta property=\"og:type\" content=\"article\" \/>\n<meta property=\"og:title\" content=\"Praxis Dr. Wechsler - Ihre Frauen\u00e4rzte in D\u00fcsseldorf\" \/>\n<meta property=\"og:description\" content=\"Dr. Eli Wechsler ist als Klinikarzt Experte f\u00fcr Risikoschwangerschaften, Kinderwunsch, Krebserkrankungen und moderne Diagnostik.\" \/>\n<meta property=\"og:url\" content=\"https:\/\/frauenarzt-net.de\/impressum\/\" \/>\n<meta property=\"og:site_name\" content=\"Praxis Dr. Wechsler - Ihre Frauen\u00e4rztin in D\u00fcsseldorf und Umgebung\" \/>\n<meta property=\"article:modified_time\" content=\"2025-12-02T08:57:19+00:00\" \/>\n<meta name=\"twitter:card\" content=\"summary_large_image\" \/>\n<meta name=\"twitter:label1\" content=\"Dur\u00e9e de lecture estim\u00e9e\" \/>\n\t<meta name=\"twitter:data1\" content=\"2 minutes\" \/>\n<script type=\"application\/ld+json\" class=\"yoast-schema-graph\">{\"@context\":\"https:\/\/schema.org\",\"@graph\":[{\"@type\":\"WebPage\",\"@id\":\"https:\/\/frauenarzt-net.de\/impressum\/\",\"url\":\"https:\/\/frauenarzt-net.de\/impressum\/\",\"name\":\"Praxis Dr. Wechsler - Ihre Frauen\u00e4rzte in D\u00fcsseldorf\",\"isPartOf\":{\"@id\":\"https:\/\/frauenarzt-net.de\/#website\"},\"datePublished\":\"2021-07-12T12:54:17+00:00\",\"dateModified\":\"2025-12-02T08:57:19+00:00\",\"description\":\"Dr. Eli Wechsler ist als Klinikarzt Experte f\u00fcr Risikoschwangerschaften, Kinderwunsch, Krebserkrankungen und moderne Diagnostik.\",\"breadcrumb\":{\"@id\":\"https:\/\/frauenarzt-net.de\/impressum\/#breadcrumb\"},\"inLanguage\":\"fr-FR\",\"potentialAction\":[{\"@type\":\"ReadAction\",\"target\":[\"https:\/\/frauenarzt-net.de\/impressum\/\"]}]},{\"@type\":\"BreadcrumbList\",\"@id\":\"https:\/\/frauenarzt-net.de\/impressum\/#breadcrumb\",\"itemListElement\":[{\"@type\":\"ListItem\",\"position\":1,\"name\":\"Home\",\"item\":\"https:\/\/frauenarzt-net.de\/\"},{\"@type\":\"ListItem\",\"position\":2,\"name\":\"Impressum\"}]},{\"@type\":\"WebSite\",\"@id\":\"https:\/\/frauenarzt-net.de\/#website\",\"url\":\"https:\/\/frauenarzt-net.de\/\",\"name\":\"Praxis Dr. Wechsler - Ihre Frauen\u00e4rztin in D\u00fcsseldorf und Umgebung\",\"description\":\"\",\"publisher\":{\"@id\":\"https:\/\/frauenarzt-net.de\/#organization\"},\"potentialAction\":[{\"@type\":\"SearchAction\",\"target\":{\"@type\":\"EntryPoint\",\"urlTemplate\":\"https:\/\/frauenarzt-net.de\/?s={search_term_string}\"},\"query-input\":\"required name=search_term_string\"}],\"inLanguage\":\"fr-FR\"},{\"@type\":\"Organization\",\"@id\":\"https:\/\/frauenarzt-net.de\/#organization\",\"name\":\"INVESTMENT COINS\",\"url\":\"https:\/\/frauenarzt-net.de\/\",\"logo\":{\"@type\":\"ImageObject\",\"inLanguage\":\"fr-FR\",\"@id\":\"https:\/\/frauenarzt-net.de\/#\/schema\/logo\/image\/\",\"url\":\"https:\/\/frauenaerztin-duesseldorf.dr-wechsler.de\/wp-content\/uploads\/2021\/07\/logo2.png\",\"contentUrl\":\"https:\/\/frauenaerztin-duesseldorf.dr-wechsler.de\/wp-content\/uploads\/2021\/07\/logo2.png\",\"width\":794,\"height\":71,\"caption\":\"INVESTMENT COINS\"},\"image\":{\"@id\":\"https:\/\/frauenarzt-net.de\/#\/schema\/logo\/image\/\"}}]}<\/script>\n<!-- \/ Yoast SEO plugin. -->","yoast_head_json":{"title":"Praxis Dr. Wechsler - Ihre Frauen\u00e4rzte in D\u00fcsseldorf","description":"Dr. Eli Wechsler ist als Klinikarzt Experte f\u00fcr Risikoschwangerschaften, Kinderwunsch, Krebserkrankungen und moderne Diagnostik.","robots":{"index":"index","follow":"follow","max-snippet":"max-snippet:-1","max-image-preview":"max-image-preview:large","max-video-preview":"max-video-preview:-1"},"canonical":"https:\/\/frauenarzt-net.de\/impressum\/","og_locale":"fr_FR","og_type":"article","og_title":"Praxis Dr. Wechsler - Ihre Frauen\u00e4rzte in D\u00fcsseldorf","og_description":"Dr. Eli Wechsler ist als Klinikarzt Experte f\u00fcr Risikoschwangerschaften, Kinderwunsch, Krebserkrankungen und moderne Diagnostik.","og_url":"https:\/\/frauenarzt-net.de\/impressum\/","og_site_name":"Praxis Dr. Wechsler - Ihre Frauen\u00e4rztin in D\u00fcsseldorf und Umgebung","article_modified_time":"2025-12-02T08:57:19+00:00","twitter_card":"summary_large_image","twitter_misc":{"Dur\u00e9e de lecture estim\u00e9e":"2 minutes"},"schema":{"@context":"https:\/\/schema.org","@graph":[{"@type":"WebPage","@id":"https:\/\/frauenarzt-net.de\/impressum\/","url":"https:\/\/frauenarzt-net.de\/impressum\/","name":"Praxis Dr. Wechsler - Ihre Frauen\u00e4rzte in D\u00fcsseldorf","isPartOf":{"@id":"https:\/\/frauenarzt-net.de\/#website"},"datePublished":"2021-07-12T12:54:17+00:00","dateModified":"2025-12-02T08:57:19+00:00","description":"Dr. Eli Wechsler ist als Klinikarzt Experte f\u00fcr Risikoschwangerschaften, Kinderwunsch, Krebserkrankungen und moderne Diagnostik.","breadcrumb":{"@id":"https:\/\/frauenarzt-net.de\/impressum\/#breadcrumb"},"inLanguage":"fr-FR","potentialAction":[{"@type":"ReadAction","target":["https:\/\/frauenarzt-net.de\/impressum\/"]}]},{"@type":"BreadcrumbList","@id":"https:\/\/frauenarzt-net.de\/impressum\/#breadcrumb","itemListElement":[{"@type":"ListItem","position":1,"name":"Home","item":"https:\/\/frauenarzt-net.de\/"},{"@type":"ListItem","position":2,"name":"Impressum"}]},{"@type":"WebSite","@id":"https:\/\/frauenarzt-net.de\/#website","url":"https:\/\/frauenarzt-net.de\/","name":"Praxis Dr. Wechsler - Ihre Frauen\u00e4rztin in D\u00fcsseldorf und Umgebung","description":"","publisher":{"@id":"https:\/\/frauenarzt-net.de\/#organization"},"potentialAction":[{"@type":"SearchAction","target":{"@type":"EntryPoint","urlTemplate":"https:\/\/frauenarzt-net.de\/?s={search_term_string}"},"query-input":"required name=search_term_string"}],"inLanguage":"fr-FR"},{"@type":"Organization","@id":"https:\/\/frauenarzt-net.de\/#organization","name":"INVESTMENT COINS","url":"https:\/\/frauenarzt-net.de\/","logo":{"@type":"ImageObject","inLanguage":"fr-FR","@id":"https:\/\/frauenarzt-net.de\/#\/schema\/logo\/image\/","url":"https:\/\/frauenaerztin-duesseldorf.dr-wechsler.de\/wp-content\/uploads\/2021\/07\/logo2.png","contentUrl":"https:\/\/frauenaerztin-duesseldorf.dr-wechsler.de\/wp-content\/uploads\/2021\/07\/logo2.png","width":794,"height":71,"caption":"INVESTMENT COINS"},"image":{"@id":"https:\/\/frauenarzt-net.de\/#\/schema\/logo\/image\/"}}]}},"_links":{"self":[{"href":"https:\/\/frauenarzt-net.de\/wp-json\/wp\/v2\/pages\/1762"}],"collection":[{"href":"https:\/\/frauenarzt-net.de\/wp-json\/wp\/v2\/pages"}],"about":[{"href":"https:\/\/frauenarzt-net.de\/wp-json\/wp\/v2\/types\/page"}],"author":[{"embeddable":true,"href":"https:\/\/frauenarzt-net.de\/wp-json\/wp\/v2\/users\/1"}],"replies":[{"embeddable":true,"href":"https:\/\/frauenarzt-net.de\/wp-json\/wp\/v2\/comments?post=1762"}],"version-history":[{"count":43,"href":"https:\/\/frauenarzt-net.de\/wp-json\/wp\/v2\/pages\/1762\/revisions"}],"predecessor-version":[{"id":6674,"href":"https:\/\/frauenarzt-net.de\/wp-json\/wp\/v2\/pages\/1762\/revisions\/6674"}],"wp:attachment":[{"href":"https:\/\/frauenarzt-net.de\/wp-json\/wp\/v2\/media?parent=1762"}],"curies":[{"name":"wp","href":"https:\/\/api.w.org\/{rel}","templated":true}]}}