{"id":9,"date":"2021-07-02T21:53:26","date_gmt":"2021-07-02T21:53:26","guid":{"rendered":"https:\/\/frauenaerztin-duesseldorf.dr-wechsler.de\/index.php\/data-security\/"},"modified":"2026-01-15T20:50:50","modified_gmt":"2026-01-15T20:50:50","slug":"datenschutz","status":"publish","type":"page","link":"https:\/\/frauenarzt-net.de\/datenschutz\/","title":{"rendered":"Datenschutzerkl\u00e4rung"},"content":{"rendered":"\t\t<div data-elementor-type=\"wp-page\" data-elementor-id=\"9\" class=\"elementor elementor-9\">\n\t\t\t\t\t\t\t\t\t<section class=\"elementor-section elementor-top-section elementor-element elementor-element-bca92bf elementor-section-boxed elementor-section-height-default elementor-section-height-default\" data-id=\"bca92bf\" data-element_type=\"section\">\n\t\t\t\t\t\t<div class=\"elementor-container elementor-column-gap-default\">\n\t\t\t\t\t<div class=\"elementor-column elementor-col-100 elementor-top-column elementor-element elementor-element-2f8d814\" data-id=\"2f8d814\" data-element_type=\"column\">\n\t\t\t<div class=\"elementor-widget-wrap elementor-element-populated\">\n\t\t\t\t\t\t\t\t<div class=\"elementor-element elementor-element-6e196aa elementor-widget elementor-widget-heading\" data-id=\"6e196aa\" data-element_type=\"widget\" data-widget_type=\"heading.default\">\n\t\t\t\t<div class=\"elementor-widget-container\">\n\t\t\t<style>\/*! elementor - v3.9.2 - 21-12-2022 *\/\n.elementor-heading-title{padding:0;margin:0;line-height:1}.elementor-widget-heading .elementor-heading-title[class*=elementor-size-]>a{color:inherit;font-size:inherit;line-height:inherit}.elementor-widget-heading .elementor-heading-title.elementor-size-small{font-size:15px}.elementor-widget-heading .elementor-heading-title.elementor-size-medium{font-size:19px}.elementor-widget-heading .elementor-heading-title.elementor-size-large{font-size:29px}.elementor-widget-heading .elementor-heading-title.elementor-size-xl{font-size:39px}.elementor-widget-heading .elementor-heading-title.elementor-size-xxl{font-size:59px}<\/style><h1 class=\"elementor-heading-title elementor-size-default\">Datenschutz<\/h1>\t\t<\/div>\n\t\t\t\t<\/div>\n\t\t\t\t\t<\/div>\n\t\t<\/div>\n\t\t\t\t\t\t\t<\/div>\n\t\t<\/section>\n\t\t\t\t<section class=\"elementor-section elementor-top-section elementor-element elementor-element-db91a1b elementor-section-boxed elementor-section-height-default elementor-section-height-default\" data-id=\"db91a1b\" data-element_type=\"section\">\n\t\t\t\t\t\t<div class=\"elementor-container elementor-column-gap-default\">\n\t\t\t\t\t<div class=\"elementor-column elementor-col-100 elementor-top-column elementor-element elementor-element-f99ea42\" data-id=\"f99ea42\" data-element_type=\"column\">\n\t\t\t<div class=\"elementor-widget-wrap elementor-element-populated\">\n\t\t\t\t\t\t\t\t<div class=\"elementor-element elementor-element-1403586 elementor-widget elementor-widget-text-editor\" data-id=\"1403586\" data-element_type=\"widget\" data-widget_type=\"text-editor.default\">\n\t\t\t\t<div class=\"elementor-widget-container\">\n\t\t\t<style>\/*! elementor - v3.9.2 - 21-12-2022 *\/\n.elementor-widget-text-editor.elementor-drop-cap-view-stacked .elementor-drop-cap{background-color:#818a91;color:#fff}.elementor-widget-text-editor.elementor-drop-cap-view-framed .elementor-drop-cap{color:#818a91;border:3px solid;background-color:transparent}.elementor-widget-text-editor:not(.elementor-drop-cap-view-default) .elementor-drop-cap{margin-top:8px}.elementor-widget-text-editor:not(.elementor-drop-cap-view-default) .elementor-drop-cap-letter{width:1em;height:1em}.elementor-widget-text-editor .elementor-drop-cap{float:left;text-align:center;line-height:1;font-size:50px}.elementor-widget-text-editor .elementor-drop-cap-letter{display:inline-block}<\/style>\t\t\t\t<h2 data-start=\"3670\" data-end=\"3693\">1. Data Controller<\/h2><p data-start=\"3694\" data-end=\"3760\">The controller responsible for data processing on this website is:<\/p><p data-start=\"3762\" data-end=\"3851\"><strong data-start=\"3762\" data-end=\"3785\">Praxis Dr. Wechsler<\/strong><br data-start=\"3785\" data-end=\"3788\" \/>Reichstr. 59, 40217 D\u00fcsseldorf<br data-start=\"3818\" data-end=\"3821\" \/>Email: <a class=\"decorated-link cursor-pointer\" rel=\"noopener\" data-start=\"3828\" data-end=\"3849\">praxis@dr-wechsler.de<\/a><\/p><h2 data-start=\"3853\" data-end=\"3888\">2. Collection of Personal Data<\/h2><p data-start=\"3889\" data-end=\"4055\">We process personal data only in accordance with the GDPR and only if necessary for the operation of the website, communication, or the provision of medical services.<\/p><p data-start=\"4057\" data-end=\"4073\">This includes:<\/p><ul data-start=\"4074\" data-end=\"4247\"><li data-start=\"4074\" data-end=\"4121\"><p data-start=\"4076\" data-end=\"4121\">Contact details (name, phone number, email)<\/p><\/li><li data-start=\"4122\" data-end=\"4161\"><p data-start=\"4124\" data-end=\"4161\">Medical data required for treatment<\/p><\/li><li data-start=\"4162\" data-end=\"4207\"><p data-start=\"4164\" data-end=\"4207\">Data submitted via contact forms or email<\/p><\/li><li data-start=\"4208\" data-end=\"4247\"><p data-start=\"4210\" data-end=\"4247\">IP address and technical usage data<\/p><\/li><\/ul><h2 data-start=\"4249\" data-end=\"4278\">3. Purpose of Processing<\/h2><p data-start=\"4279\" data-end=\"4303\">Data is processed for:<\/p><ul data-start=\"4304\" data-end=\"4462\"><li data-start=\"4304\" data-end=\"4348\"><p data-start=\"4306\" data-end=\"4348\">Appointment scheduling and communication<\/p><\/li><li data-start=\"4349\" data-end=\"4370\"><p data-start=\"4351\" data-end=\"4370\">Medical treatment<\/p><\/li><li data-start=\"4371\" data-end=\"4423\"><p data-start=\"4373\" data-end=\"4423\">Compliance with legal documentation requirements<\/p><\/li><li data-start=\"4424\" data-end=\"4462\"><p data-start=\"4426\" data-end=\"4462\">Technical operation of the website<\/p><\/li><\/ul><h2 data-start=\"4464\" data-end=\"4483\">4. Legal Basis<\/h2><p data-start=\"4484\" data-end=\"4520\">We process personal data based on:<\/p><ul data-start=\"4521\" data-end=\"4700\"><li data-start=\"4521\" data-end=\"4563\"><p data-start=\"4523\" data-end=\"4563\">Art. 6(1)(b) GDPR (treatment contract)<\/p><\/li><li data-start=\"4564\" data-end=\"4605\"><p data-start=\"4566\" data-end=\"4605\">Art. 6(1)(c) GDPR (legal obligations)<\/p><\/li><li data-start=\"4606\" data-end=\"4646\"><p data-start=\"4608\" data-end=\"4646\">Art. 9(2)(h) GDPR (medical purposes)<\/p><\/li><li data-start=\"4647\" data-end=\"4700\"><p data-start=\"4649\" data-end=\"4700\">Art. 6(1)(a) GDPR (consent, e.g., via contact form)<\/p><\/li><\/ul><h2 data-start=\"4702\" data-end=\"4722\">5. Data Sharing<\/h2><p data-start=\"4723\" data-end=\"4770\">Data is only shared when required, e.g. with:<\/p><ul data-start=\"4771\" data-end=\"4862\"><li data-start=\"4771\" data-end=\"4787\"><p data-start=\"4773\" data-end=\"4787\">Laboratories<\/p><\/li><li data-start=\"4788\" data-end=\"4817\"><p data-start=\"4790\" data-end=\"4817\">Other treating physicians<\/p><\/li><li data-start=\"4818\" data-end=\"4841\"><p data-start=\"4820\" data-end=\"4841\">Insurance providers<\/p><\/li><li data-start=\"4842\" data-end=\"4862\"><p data-start=\"4844\" data-end=\"4862\">Billing services<\/p><\/li><\/ul><p data-start=\"4864\" data-end=\"4907\">No data is shared for advertising purposes.<\/p><h2 data-start=\"4909\" data-end=\"4924\">6. Storage<\/h2><p data-start=\"4925\" data-end=\"5003\">Data is stored according to statutory retention periods and deleted afterward.<\/p><h2 data-start=\"5005\" data-end=\"5024\">7. Your Rights<\/h2><p data-start=\"5025\" data-end=\"5060\">Under GDPR you have the right to:<\/p><ul data-start=\"5061\" data-end=\"5262\"><li data-start=\"5061\" data-end=\"5081\"><p data-start=\"5063\" data-end=\"5081\">Access your data<\/p><\/li><li data-start=\"5082\" data-end=\"5099\"><p data-start=\"5084\" data-end=\"5099\">Rectification<\/p><\/li><li data-start=\"5100\" data-end=\"5137\"><p data-start=\"5102\" data-end=\"5137\">Erasure (where legally permitted)<\/p><\/li><li data-start=\"5138\" data-end=\"5167\"><p data-start=\"5140\" data-end=\"5167\">Restriction of processing<\/p><\/li><li data-start=\"5168\" data-end=\"5188\"><p data-start=\"5170\" data-end=\"5188\">Data portability<\/p><\/li><li data-start=\"5189\" data-end=\"5209\"><p data-start=\"5191\" data-end=\"5209\">Withdraw consent<\/p><\/li><li data-start=\"5210\" data-end=\"5262\"><p data-start=\"5212\" data-end=\"5262\">Lodge a complaint with the supervisory authority<\/p><\/li><\/ul><h2 data-start=\"5264\" data-end=\"5285\">8. Data Security<\/h2><p data-start=\"5286\" data-end=\"5381\">We use appropriate measures to protect your data against loss, misuse, and unauthorized access.<\/p><h2 data-start=\"5383\" data-end=\"5398\">9. Contact<\/h2><p data-start=\"5399\" data-end=\"5481\">For questions regarding data protection, contact:<br data-start=\"5448\" data-end=\"5451\" \/>Email: <a class=\"decorated-link cursor-pointer\" rel=\"noopener\" data-start=\"5458\" data-end=\"5479\">praxis@dr-wechsler.de<\/a><\/p><hr data-start=\"5483\" data-end=\"5486\" \/>\t\t\t\t\t\t<\/div>\n\t\t\t\t<\/div>\n\t\t\t\t\t<\/div>\n\t\t<\/div>\n\t\t\t\t\t\t\t<\/div>\n\t\t<\/section>\n\t\t\t\t\t\t\t<\/div>\n\t\t","protected":false},"excerpt":{"rendered":"<p>Datenschutz Datenschutzerkl\u00e4rung Verantwortliche Stelle Verantwortlich f\u00fcr die Datenverarbeitung auf dieser Website ist: Praxis Dr. Georgina WechslerClinic Bel EtageReichstr. 5940217 D\u00fcsseldorf Telefon: 0211 \u2013 435 04 67E-Mail: praxis@dr-wechsler.de Datenschutzbeauftragte Die Datenschutzbeauftragte der Praxis ist: Dr. Georgina WechslerClinic Bel EtageReichstr. 5940217 D\u00fcsseldorfE-Mail: praxis@dr-wechsler.de Erhebung und Speicherung personenbezogener Daten Wir verarbeiten personenbezogene Daten ausschlie\u00dflich gem\u00e4\u00df den Vorgaben der [&hellip;]<\/p>\n","protected":false},"author":1,"featured_media":0,"parent":0,"menu_order":0,"comment_status":"closed","ping_status":"closed","template":"","meta":[],"yoast_head":"<!-- This site is optimized with the Yoast SEO plugin v19.13 - https:\/\/yoast.com\/wordpress\/plugins\/seo\/ -->\n<title>Praxis Dr. Wechsler - Ihre Frauen\u00e4rzte in D\u00fcsseldorf<\/title>\n<meta name=\"description\" content=\"Praxis Dr. Wechsler - Ihre Frauen\u00e4rzte in D\u00fcsseldorf. Wir sind Experten f\u00fcr Kinderwunsch, Risikoschwangerschaften und Krebserkrankungen.\" \/>\n<meta name=\"robots\" content=\"index, follow, max-snippet:-1, max-image-preview:large, max-video-preview:-1\" \/>\n<link rel=\"canonical\" href=\"https:\/\/frauenarzt-net.de\/datenschutz\/\" \/>\n<meta property=\"og:locale\" content=\"en_US\" \/>\n<meta property=\"og:type\" content=\"article\" \/>\n<meta property=\"og:title\" content=\"Praxis Dr. Wechsler - Ihre Frauen\u00e4rzte in D\u00fcsseldorf\" \/>\n<meta property=\"og:description\" content=\"Praxis Dr. Wechsler - Ihre Frauen\u00e4rzte in D\u00fcsseldorf. Wir sind Experten f\u00fcr Kinderwunsch, Risikoschwangerschaften und Krebserkrankungen.\" \/>\n<meta property=\"og:url\" content=\"https:\/\/frauenarzt-net.de\/datenschutz\/\" \/>\n<meta property=\"og:site_name\" content=\"Praxis Dr. Wechsler - Ihre Frauen\u00e4rztin in D\u00fcsseldorf und Umgebung\" \/>\n<meta property=\"article:modified_time\" content=\"2026-01-15T20:50:50+00:00\" \/>\n<meta name=\"twitter:card\" content=\"summary_large_image\" \/>\n<meta name=\"twitter:label1\" content=\"Est. reading time\" \/>\n\t<meta name=\"twitter:data1\" content=\"12 minutes\" \/>\n<script type=\"application\/ld+json\" class=\"yoast-schema-graph\">{\"@context\":\"https:\/\/schema.org\",\"@graph\":[{\"@type\":\"WebPage\",\"@id\":\"https:\/\/frauenarzt-net.de\/datenschutz\/\",\"url\":\"https:\/\/frauenarzt-net.de\/datenschutz\/\",\"name\":\"Praxis Dr. Wechsler - Ihre Frauen\u00e4rzte in D\u00fcsseldorf\",\"isPartOf\":{\"@id\":\"https:\/\/frauenarzt-net.de\/#website\"},\"datePublished\":\"2021-07-02T21:53:26+00:00\",\"dateModified\":\"2026-01-15T20:50:50+00:00\",\"description\":\"Praxis Dr. Wechsler - Ihre Frauen\u00e4rzte in D\u00fcsseldorf. Wir sind Experten f\u00fcr Kinderwunsch, Risikoschwangerschaften und Krebserkrankungen.\",\"breadcrumb\":{\"@id\":\"https:\/\/frauenarzt-net.de\/datenschutz\/#breadcrumb\"},\"inLanguage\":\"en-US\",\"potentialAction\":[{\"@type\":\"ReadAction\",\"target\":[\"https:\/\/frauenarzt-net.de\/datenschutz\/\"]}]},{\"@type\":\"BreadcrumbList\",\"@id\":\"https:\/\/frauenarzt-net.de\/datenschutz\/#breadcrumb\",\"itemListElement\":[{\"@type\":\"ListItem\",\"position\":1,\"name\":\"Home\",\"item\":\"https:\/\/frauenarzt-net.de\/\"},{\"@type\":\"ListItem\",\"position\":2,\"name\":\"Datenschutzerkl\u00e4rung\"}]},{\"@type\":\"WebSite\",\"@id\":\"https:\/\/frauenarzt-net.de\/#website\",\"url\":\"https:\/\/frauenarzt-net.de\/\",\"name\":\"Praxis Dr. Wechsler - Ihre Frauen\u00e4rztin in D\u00fcsseldorf und Umgebung\",\"description\":\"\",\"publisher\":{\"@id\":\"https:\/\/frauenarzt-net.de\/#organization\"},\"potentialAction\":[{\"@type\":\"SearchAction\",\"target\":{\"@type\":\"EntryPoint\",\"urlTemplate\":\"https:\/\/frauenarzt-net.de\/?s={search_term_string}\"},\"query-input\":\"required name=search_term_string\"}],\"inLanguage\":\"en-US\"},{\"@type\":\"Organization\",\"@id\":\"https:\/\/frauenarzt-net.de\/#organization\",\"name\":\"INVESTMENT COINS\",\"url\":\"https:\/\/frauenarzt-net.de\/\",\"logo\":{\"@type\":\"ImageObject\",\"inLanguage\":\"en-US\",\"@id\":\"https:\/\/frauenarzt-net.de\/#\/schema\/logo\/image\/\",\"url\":\"https:\/\/frauenaerztin-duesseldorf.dr-wechsler.de\/wp-content\/uploads\/2021\/07\/logo2.png\",\"contentUrl\":\"https:\/\/frauenaerztin-duesseldorf.dr-wechsler.de\/wp-content\/uploads\/2021\/07\/logo2.png\",\"width\":794,\"height\":71,\"caption\":\"INVESTMENT COINS\"},\"image\":{\"@id\":\"https:\/\/frauenarzt-net.de\/#\/schema\/logo\/image\/\"}}]}<\/script>\n<!-- \/ Yoast SEO plugin. -->","yoast_head_json":{"title":"Praxis Dr. Wechsler - Ihre Frauen\u00e4rzte in D\u00fcsseldorf","description":"Praxis Dr. Wechsler - Ihre Frauen\u00e4rzte in D\u00fcsseldorf. Wir sind Experten f\u00fcr Kinderwunsch, Risikoschwangerschaften und Krebserkrankungen.","robots":{"index":"index","follow":"follow","max-snippet":"max-snippet:-1","max-image-preview":"max-image-preview:large","max-video-preview":"max-video-preview:-1"},"canonical":"https:\/\/frauenarzt-net.de\/datenschutz\/","og_locale":"en_US","og_type":"article","og_title":"Praxis Dr. Wechsler - Ihre Frauen\u00e4rzte in D\u00fcsseldorf","og_description":"Praxis Dr. Wechsler - Ihre Frauen\u00e4rzte in D\u00fcsseldorf. Wir sind Experten f\u00fcr Kinderwunsch, Risikoschwangerschaften und Krebserkrankungen.","og_url":"https:\/\/frauenarzt-net.de\/datenschutz\/","og_site_name":"Praxis Dr. Wechsler - Ihre Frauen\u00e4rztin in D\u00fcsseldorf und Umgebung","article_modified_time":"2026-01-15T20:50:50+00:00","twitter_card":"summary_large_image","twitter_misc":{"Est. reading time":"12 minutes"},"schema":{"@context":"https:\/\/schema.org","@graph":[{"@type":"WebPage","@id":"https:\/\/frauenarzt-net.de\/datenschutz\/","url":"https:\/\/frauenarzt-net.de\/datenschutz\/","name":"Praxis Dr. Wechsler - Ihre Frauen\u00e4rzte in D\u00fcsseldorf","isPartOf":{"@id":"https:\/\/frauenarzt-net.de\/#website"},"datePublished":"2021-07-02T21:53:26+00:00","dateModified":"2026-01-15T20:50:50+00:00","description":"Praxis Dr. Wechsler - Ihre Frauen\u00e4rzte in D\u00fcsseldorf. Wir sind Experten f\u00fcr Kinderwunsch, Risikoschwangerschaften und Krebserkrankungen.","breadcrumb":{"@id":"https:\/\/frauenarzt-net.de\/datenschutz\/#breadcrumb"},"inLanguage":"en-US","potentialAction":[{"@type":"ReadAction","target":["https:\/\/frauenarzt-net.de\/datenschutz\/"]}]},{"@type":"BreadcrumbList","@id":"https:\/\/frauenarzt-net.de\/datenschutz\/#breadcrumb","itemListElement":[{"@type":"ListItem","position":1,"name":"Home","item":"https:\/\/frauenarzt-net.de\/"},{"@type":"ListItem","position":2,"name":"Datenschutzerkl\u00e4rung"}]},{"@type":"WebSite","@id":"https:\/\/frauenarzt-net.de\/#website","url":"https:\/\/frauenarzt-net.de\/","name":"Praxis Dr. Wechsler - Ihre Frauen\u00e4rztin in D\u00fcsseldorf und Umgebung","description":"","publisher":{"@id":"https:\/\/frauenarzt-net.de\/#organization"},"potentialAction":[{"@type":"SearchAction","target":{"@type":"EntryPoint","urlTemplate":"https:\/\/frauenarzt-net.de\/?s={search_term_string}"},"query-input":"required name=search_term_string"}],"inLanguage":"en-US"},{"@type":"Organization","@id":"https:\/\/frauenarzt-net.de\/#organization","name":"INVESTMENT COINS","url":"https:\/\/frauenarzt-net.de\/","logo":{"@type":"ImageObject","inLanguage":"en-US","@id":"https:\/\/frauenarzt-net.de\/#\/schema\/logo\/image\/","url":"https:\/\/frauenaerztin-duesseldorf.dr-wechsler.de\/wp-content\/uploads\/2021\/07\/logo2.png","contentUrl":"https:\/\/frauenaerztin-duesseldorf.dr-wechsler.de\/wp-content\/uploads\/2021\/07\/logo2.png","width":794,"height":71,"caption":"INVESTMENT COINS"},"image":{"@id":"https:\/\/frauenarzt-net.de\/#\/schema\/logo\/image\/"}}]}},"_links":{"self":[{"href":"https:\/\/frauenarzt-net.de\/wp-json\/wp\/v2\/pages\/9"}],"collection":[{"href":"https:\/\/frauenarzt-net.de\/wp-json\/wp\/v2\/pages"}],"about":[{"href":"https:\/\/frauenarzt-net.de\/wp-json\/wp\/v2\/types\/page"}],"author":[{"embeddable":true,"href":"https:\/\/frauenarzt-net.de\/wp-json\/wp\/v2\/users\/1"}],"replies":[{"embeddable":true,"href":"https:\/\/frauenarzt-net.de\/wp-json\/wp\/v2\/comments?post=9"}],"version-history":[{"count":16,"href":"https:\/\/frauenarzt-net.de\/wp-json\/wp\/v2\/pages\/9\/revisions"}],"predecessor-version":[{"id":7118,"href":"https:\/\/frauenarzt-net.de\/wp-json\/wp\/v2\/pages\/9\/revisions\/7118"}],"wp:attachment":[{"href":"https:\/\/frauenarzt-net.de\/wp-json\/wp\/v2\/media?parent=9"}],"curies":[{"name":"wp","href":"https:\/\/api.w.org\/{rel}","templated":true}]}}