{"id":7119,"date":"2026-01-27T21:38:52","date_gmt":"2026-01-27T21:38:52","guid":{"rendered":"https:\/\/frauenarzt-net.de\/?page_id=7119"},"modified":"2026-01-27T21:43:26","modified_gmt":"2026-01-27T21:43:26","slug":"barrierefreiheitserklaerung","status":"publish","type":"page","link":"https:\/\/frauenarzt-net.de\/barrierefreiheitserklaerung\/","title":{"rendered":"Barrierefreiheitserkl\u00e4rung"},"content":{"rendered":"\t\t<div data-elementor-type=\"wp-page\" data-elementor-id=\"7119\" class=\"elementor elementor-7119\">\n\t\t\t\t\t\t\t<div class=\"elementor-element elementor-element-dbb87b1 e-con-boxed e-con\" data-id=\"dbb87b1\" data-element_type=\"container\" data-settings=\"{&quot;content_width&quot;:&quot;boxed&quot;}\">\n\t\t\t\t\t<div class=\"e-con-inner\">\n\t\t\t\t<div class=\"elementor-element elementor-element-0cf1930 elementor-widget elementor-widget-text-editor\" data-id=\"0cf1930\" data-element_type=\"widget\" data-widget_type=\"text-editor.default\">\n\t\t\t\t<div class=\"elementor-widget-container\">\n\t\t\t<style>\/*! elementor - v3.9.2 - 21-12-2022 *\/\n.elementor-widget-text-editor.elementor-drop-cap-view-stacked .elementor-drop-cap{background-color:#818a91;color:#fff}.elementor-widget-text-editor.elementor-drop-cap-view-framed .elementor-drop-cap{color:#818a91;border:3px solid;background-color:transparent}.elementor-widget-text-editor:not(.elementor-drop-cap-view-default) .elementor-drop-cap{margin-top:8px}.elementor-widget-text-editor:not(.elementor-drop-cap-view-default) .elementor-drop-cap-letter{width:1em;height:1em}.elementor-widget-text-editor .elementor-drop-cap{float:left;text-align:center;line-height:1;font-size:50px}.elementor-widget-text-editor .elementor-drop-cap-letter{display:inline-block}<\/style>\t\t\t\t<h1>Impressum<\/h1><h2>Legal information<\/h2>\t\t\t\t\t\t<\/div>\n\t\t\t\t<\/div>\n\t\t\t\t\t<\/div>\n\t\t\t\t<\/div>\n\t\t<div class=\"elementor-element elementor-element-b3901c7 e-con-boxed e-con\" data-id=\"b3901c7\" data-element_type=\"container\" data-settings=\"{&quot;content_width&quot;:&quot;boxed&quot;}\">\n\t\t\t\t\t<div class=\"e-con-inner\">\n\t\t<div class=\"elementor-element elementor-element-d81fee0 e-con-full e-con\" data-id=\"d81fee0\" data-element_type=\"container\" data-settings=\"{&quot;content_width&quot;:&quot;full&quot;}\">\n\t\t\t\t<div class=\"elementor-element elementor-element-646611f elementor-widget elementor-widget-text-editor\" data-id=\"646611f\" data-element_type=\"widget\" data-widget_type=\"text-editor.default\">\n\t\t\t\t<div class=\"elementor-widget-container\">\n\t\t\t\t\t\t\t<h3>Responsible for the content in accordance with \u00a7 6 MDStV:<\/h3><p>Dr. Georgina Wechsler<br \/>Doctor for obstetrics and gynecology<br \/>and psychotherapy<br \/>Clinic Belle Etage<\/p><p>Reichstr. 59<br \/>40217 D\u00fcsseldorf<br \/>Telephone 0211 &#8211; 435 04 67<br \/>Fax 0211 &#8211; 435 04 76<\/p><h3>Zust\u00e4ndige Kammer:<\/h3><p>\u00c4rztekammer Nordrhein<br \/>Tersteegenstr. 31<br \/>40474 D\u00fcsseldorf ( http:\/\/www.aekno.de\/ )<\/p><p>Steuer-Nr. 105\/5295\/0021<\/p>\t\t\t\t\t\t<\/div>\n\t\t\t\t<\/div>\n\t\t\t\t<\/div>\n\t\t<div class=\"elementor-element elementor-element-90ebfe3 e-con-full e-con\" data-id=\"90ebfe3\" data-element_type=\"container\" data-settings=\"{&quot;content_width&quot;:&quot;full&quot;}\">\n\t\t\t\t<div class=\"elementor-element elementor-element-316e80e elementor-widget elementor-widget-text-editor\" data-id=\"316e80e\" data-element_type=\"widget\" data-widget_type=\"text-editor.default\">\n\t\t\t\t<div class=\"elementor-widget-container\">\n\t\t\t\t\t\t\t<h3>Professional regulations:<\/h3><p>Professional code of conduct of the North Rhine State Medical Association (At this web address http:\/\/www.aekno.de you can find the currently valid professional code of conduct using the search function with the search term &#8220;professional code of conduct&#8221; as a PDF file for download)<\/p><p>Healthcare Professions Act (At this web address http:\/\/www.gwg-ev.org\/regionen\/nrw\/000526-heilberg.htm you can find the currently valid text of the law as an HTML file for download)<\/p><p>Disclaimer: Despite careful control of the content, we accept no liability for the content of external links. The operators of the linked pages are solely responsible for their content.<\/p><h3>Web design and programming<\/h3><p><strong>Web design and programming:<\/strong><br \/><a href=\"https:\/\/www.neidrider.de\" target=\"_blank\" rel=\"noopener\">NeidRider.de<\/a><\/p><p>Images: Dr. Georgina Wechsler, NeidRider.de, Fotolia, Unsplash.com<\/p>\t\t\t\t\t\t<\/div>\n\t\t\t\t<\/div>\n\t\t\t\t<\/div>\n\t\t\t\t\t<\/div>\n\t\t\t\t<\/div>\n\t\t\t\t\t\t\t<\/div>\n\t\t","protected":false},"excerpt":{"rendered":"<p>Barrierefreiheitserkl\u00e4rung Erkl\u00e4rung zur Barrierefreiheit Die Praxis Dr. Georgina Wechsler ist bem\u00fcht, ihre Website im Einklang mit den geltenden gesetzlichen Vorgaben zur Barrierefreiheit barrierearm zug\u00e4nglich zu gestalten. Rechtsgrundlagen sind insbesondere die Vorgaben des Barrierefreiheitsst\u00e4rkungsgesetzes (BFSG) in Umsetzung des European Accessibility Act sowie die allgemein anerkannten Standards der Web Content Accessibility Guidelines (WCAG) 2.1, Konformit\u00e4tsstufe AA. Diese [&hellip;]<\/p>\n","protected":false},"author":1,"featured_media":0,"parent":0,"menu_order":0,"comment_status":"closed","ping_status":"closed","template":"elementor_header_footer","meta":[],"yoast_head":"<!-- This site is optimized with the Yoast SEO plugin v19.13 - https:\/\/yoast.com\/wordpress\/plugins\/seo\/ -->\n<title>Praxis Dr. Wechsler - Ihre Frauen\u00e4rzte in D\u00fcsseldorf<\/title>\n<meta name=\"description\" content=\"Dr. Eli Wechsler ist als Klinikarzt Experte f\u00fcr Risikoschwangerschaften, Kinderwunsch, Krebserkrankungen und moderne Diagnostik.\" \/>\n<meta name=\"robots\" content=\"index, follow, max-snippet:-1, max-image-preview:large, max-video-preview:-1\" \/>\n<link rel=\"canonical\" href=\"https:\/\/frauenarzt-net.de\/barrierefreiheitserklaerung\/\" \/>\n<meta property=\"og:locale\" content=\"en_US\" \/>\n<meta property=\"og:type\" content=\"article\" \/>\n<meta property=\"og:title\" content=\"Praxis Dr. Wechsler - Ihre Frauen\u00e4rzte in D\u00fcsseldorf\" \/>\n<meta property=\"og:description\" content=\"Dr. Eli Wechsler ist als Klinikarzt Experte f\u00fcr Risikoschwangerschaften, Kinderwunsch, Krebserkrankungen und moderne Diagnostik.\" \/>\n<meta property=\"og:url\" content=\"https:\/\/frauenarzt-net.de\/barrierefreiheitserklaerung\/\" \/>\n<meta property=\"og:site_name\" content=\"Praxis Dr. Wechsler - Ihre Frauen\u00e4rztin in D\u00fcsseldorf und Umgebung\" \/>\n<meta property=\"article:modified_time\" content=\"2026-01-27T21:43:26+00:00\" \/>\n<meta name=\"twitter:card\" content=\"summary_large_image\" \/>\n<meta name=\"twitter:label1\" content=\"Est. reading time\" \/>\n\t<meta name=\"twitter:data1\" content=\"2 minutes\" \/>\n<script type=\"application\/ld+json\" class=\"yoast-schema-graph\">{\"@context\":\"https:\/\/schema.org\",\"@graph\":[{\"@type\":\"WebPage\",\"@id\":\"https:\/\/frauenarzt-net.de\/barrierefreiheitserklaerung\/\",\"url\":\"https:\/\/frauenarzt-net.de\/barrierefreiheitserklaerung\/\",\"name\":\"Praxis Dr. Wechsler - Ihre Frauen\u00e4rzte in D\u00fcsseldorf\",\"isPartOf\":{\"@id\":\"https:\/\/frauenarzt-net.de\/#website\"},\"datePublished\":\"2026-01-27T21:38:52+00:00\",\"dateModified\":\"2026-01-27T21:43:26+00:00\",\"description\":\"Dr. Eli Wechsler ist als Klinikarzt Experte f\u00fcr Risikoschwangerschaften, Kinderwunsch, Krebserkrankungen und moderne Diagnostik.\",\"breadcrumb\":{\"@id\":\"https:\/\/frauenarzt-net.de\/barrierefreiheitserklaerung\/#breadcrumb\"},\"inLanguage\":\"en-US\",\"potentialAction\":[{\"@type\":\"ReadAction\",\"target\":[\"https:\/\/frauenarzt-net.de\/barrierefreiheitserklaerung\/\"]}]},{\"@type\":\"BreadcrumbList\",\"@id\":\"https:\/\/frauenarzt-net.de\/barrierefreiheitserklaerung\/#breadcrumb\",\"itemListElement\":[{\"@type\":\"ListItem\",\"position\":1,\"name\":\"Home\",\"item\":\"https:\/\/frauenarzt-net.de\/\"},{\"@type\":\"ListItem\",\"position\":2,\"name\":\"Barrierefreiheitserkl\u00e4rung\"}]},{\"@type\":\"WebSite\",\"@id\":\"https:\/\/frauenarzt-net.de\/#website\",\"url\":\"https:\/\/frauenarzt-net.de\/\",\"name\":\"Praxis Dr. Wechsler - Ihre Frauen\u00e4rztin in D\u00fcsseldorf und Umgebung\",\"description\":\"\",\"publisher\":{\"@id\":\"https:\/\/frauenarzt-net.de\/#organization\"},\"potentialAction\":[{\"@type\":\"SearchAction\",\"target\":{\"@type\":\"EntryPoint\",\"urlTemplate\":\"https:\/\/frauenarzt-net.de\/?s={search_term_string}\"},\"query-input\":\"required name=search_term_string\"}],\"inLanguage\":\"en-US\"},{\"@type\":\"Organization\",\"@id\":\"https:\/\/frauenarzt-net.de\/#organization\",\"name\":\"INVESTMENT COINS\",\"url\":\"https:\/\/frauenarzt-net.de\/\",\"logo\":{\"@type\":\"ImageObject\",\"inLanguage\":\"en-US\",\"@id\":\"https:\/\/frauenarzt-net.de\/#\/schema\/logo\/image\/\",\"url\":\"https:\/\/frauenaerztin-duesseldorf.dr-wechsler.de\/wp-content\/uploads\/2021\/07\/logo2.png\",\"contentUrl\":\"https:\/\/frauenaerztin-duesseldorf.dr-wechsler.de\/wp-content\/uploads\/2021\/07\/logo2.png\",\"width\":794,\"height\":71,\"caption\":\"INVESTMENT COINS\"},\"image\":{\"@id\":\"https:\/\/frauenarzt-net.de\/#\/schema\/logo\/image\/\"}}]}<\/script>\n<!-- \/ Yoast SEO plugin. -->","yoast_head_json":{"title":"Praxis Dr. Wechsler - Ihre Frauen\u00e4rzte in D\u00fcsseldorf","description":"Dr. Eli Wechsler ist als Klinikarzt Experte f\u00fcr Risikoschwangerschaften, Kinderwunsch, Krebserkrankungen und moderne Diagnostik.","robots":{"index":"index","follow":"follow","max-snippet":"max-snippet:-1","max-image-preview":"max-image-preview:large","max-video-preview":"max-video-preview:-1"},"canonical":"https:\/\/frauenarzt-net.de\/barrierefreiheitserklaerung\/","og_locale":"en_US","og_type":"article","og_title":"Praxis Dr. Wechsler - Ihre Frauen\u00e4rzte in D\u00fcsseldorf","og_description":"Dr. Eli Wechsler ist als Klinikarzt Experte f\u00fcr Risikoschwangerschaften, Kinderwunsch, Krebserkrankungen und moderne Diagnostik.","og_url":"https:\/\/frauenarzt-net.de\/barrierefreiheitserklaerung\/","og_site_name":"Praxis Dr. Wechsler - Ihre Frauen\u00e4rztin in D\u00fcsseldorf und Umgebung","article_modified_time":"2026-01-27T21:43:26+00:00","twitter_card":"summary_large_image","twitter_misc":{"Est. reading time":"2 minutes"},"schema":{"@context":"https:\/\/schema.org","@graph":[{"@type":"WebPage","@id":"https:\/\/frauenarzt-net.de\/barrierefreiheitserklaerung\/","url":"https:\/\/frauenarzt-net.de\/barrierefreiheitserklaerung\/","name":"Praxis Dr. Wechsler - Ihre Frauen\u00e4rzte in D\u00fcsseldorf","isPartOf":{"@id":"https:\/\/frauenarzt-net.de\/#website"},"datePublished":"2026-01-27T21:38:52+00:00","dateModified":"2026-01-27T21:43:26+00:00","description":"Dr. Eli Wechsler ist als Klinikarzt Experte f\u00fcr Risikoschwangerschaften, Kinderwunsch, Krebserkrankungen und moderne Diagnostik.","breadcrumb":{"@id":"https:\/\/frauenarzt-net.de\/barrierefreiheitserklaerung\/#breadcrumb"},"inLanguage":"en-US","potentialAction":[{"@type":"ReadAction","target":["https:\/\/frauenarzt-net.de\/barrierefreiheitserklaerung\/"]}]},{"@type":"BreadcrumbList","@id":"https:\/\/frauenarzt-net.de\/barrierefreiheitserklaerung\/#breadcrumb","itemListElement":[{"@type":"ListItem","position":1,"name":"Home","item":"https:\/\/frauenarzt-net.de\/"},{"@type":"ListItem","position":2,"name":"Barrierefreiheitserkl\u00e4rung"}]},{"@type":"WebSite","@id":"https:\/\/frauenarzt-net.de\/#website","url":"https:\/\/frauenarzt-net.de\/","name":"Praxis Dr. Wechsler - Ihre Frauen\u00e4rztin in D\u00fcsseldorf und Umgebung","description":"","publisher":{"@id":"https:\/\/frauenarzt-net.de\/#organization"},"potentialAction":[{"@type":"SearchAction","target":{"@type":"EntryPoint","urlTemplate":"https:\/\/frauenarzt-net.de\/?s={search_term_string}"},"query-input":"required name=search_term_string"}],"inLanguage":"en-US"},{"@type":"Organization","@id":"https:\/\/frauenarzt-net.de\/#organization","name":"INVESTMENT COINS","url":"https:\/\/frauenarzt-net.de\/","logo":{"@type":"ImageObject","inLanguage":"en-US","@id":"https:\/\/frauenarzt-net.de\/#\/schema\/logo\/image\/","url":"https:\/\/frauenaerztin-duesseldorf.dr-wechsler.de\/wp-content\/uploads\/2021\/07\/logo2.png","contentUrl":"https:\/\/frauenaerztin-duesseldorf.dr-wechsler.de\/wp-content\/uploads\/2021\/07\/logo2.png","width":794,"height":71,"caption":"INVESTMENT COINS"},"image":{"@id":"https:\/\/frauenarzt-net.de\/#\/schema\/logo\/image\/"}}]}},"_links":{"self":[{"href":"https:\/\/frauenarzt-net.de\/wp-json\/wp\/v2\/pages\/7119"}],"collection":[{"href":"https:\/\/frauenarzt-net.de\/wp-json\/wp\/v2\/pages"}],"about":[{"href":"https:\/\/frauenarzt-net.de\/wp-json\/wp\/v2\/types\/page"}],"author":[{"embeddable":true,"href":"https:\/\/frauenarzt-net.de\/wp-json\/wp\/v2\/users\/1"}],"replies":[{"embeddable":true,"href":"https:\/\/frauenarzt-net.de\/wp-json\/wp\/v2\/comments?post=7119"}],"version-history":[{"count":10,"href":"https:\/\/frauenarzt-net.de\/wp-json\/wp\/v2\/pages\/7119\/revisions"}],"predecessor-version":[{"id":7129,"href":"https:\/\/frauenarzt-net.de\/wp-json\/wp\/v2\/pages\/7119\/revisions\/7129"}],"wp:attachment":[{"href":"https:\/\/frauenarzt-net.de\/wp-json\/wp\/v2\/media?parent=7119"}],"curies":[{"name":"wp","href":"https:\/\/api.w.org\/{rel}","templated":true}]}}