{"id":4777,"date":"2024-11-30T00:42:44","date_gmt":"2024-11-30T00:42:44","guid":{"rendered":"https:\/\/frauenarzt-net.de\/?page_id=4777"},"modified":"2025-11-24T20:37:13","modified_gmt":"2025-11-24T20:37:13","slug":"beratung-zur-mehrlingsschwangerschaft","status":"publish","type":"page","link":"https:\/\/frauenarzt-net.de\/beratung-zur-mehrlingsschwangerschaft\/","title":{"rendered":"Mehrlingsschwangerschaft"},"content":{"rendered":"\t\t<div data-elementor-type=\"wp-page\" data-elementor-id=\"4777\" class=\"elementor elementor-4777\">\n\t\t\t\t\t\t\t<div class=\"elementor-element elementor-element-b84ae9e e-con-boxed e-con\" data-id=\"b84ae9e\" data-element_type=\"container\" data-settings=\"{&quot;content_width&quot;:&quot;boxed&quot;}\">\n\t\t\t\t\t<div class=\"e-con-inner\">\n\t\t\t\t<div class=\"elementor-element elementor-element-2a43fb1 elementor-widget elementor-widget-text-editor\" data-id=\"2a43fb1\" data-element_type=\"widget\" data-widget_type=\"text-editor.default\">\n\t\t\t\t<div class=\"elementor-widget-container\">\n\t\t\t<style>\/*! elementor - v3.9.2 - 21-12-2022 *\/\n.elementor-widget-text-editor.elementor-drop-cap-view-stacked .elementor-drop-cap{background-color:#818a91;color:#fff}.elementor-widget-text-editor.elementor-drop-cap-view-framed .elementor-drop-cap{color:#818a91;border:3px solid;background-color:transparent}.elementor-widget-text-editor:not(.elementor-drop-cap-view-default) .elementor-drop-cap{margin-top:8px}.elementor-widget-text-editor:not(.elementor-drop-cap-view-default) .elementor-drop-cap-letter{width:1em;height:1em}.elementor-widget-text-editor .elementor-drop-cap{float:left;text-align:center;line-height:1;font-size:50px}.elementor-widget-text-editor .elementor-drop-cap-letter{display:inline-block}<\/style>\t\t\t\t<h1 class=\"mb-3 mt-3 text-3xl font-normal first:mt-3\">Multiple Pregnancies<\/h1><h2 class=\"mb-3 mt-3 text-3xl font-normal first:mt-3\">Specialized Care with Experienced Gynecologists in D\u00fcsseldorf<\/h2>\t\t\t\t\t\t<\/div>\n\t\t\t\t<\/div>\n\t\t\t\t\t<\/div>\n\t\t\t\t<\/div>\n\t\t<div class=\"elementor-element elementor-element-e0ff232 elementor-hidden-desktop elementor-hidden-tablet e-con-boxed e-con\" data-id=\"e0ff232\" data-element_type=\"container\" data-settings=\"{&quot;content_width&quot;:&quot;boxed&quot;}\">\n\t\t\t\t\t<div class=\"e-con-inner\">\n\t\t<div class=\"elementor-element elementor-element-18b5d59 e-con-full e-con\" data-id=\"18b5d59\" data-element_type=\"container\" data-settings=\"{&quot;content_width&quot;:&quot;full&quot;}\">\n\t\t\t\t<div class=\"elementor-element elementor-element-58c7bfc elementor-widget elementor-widget-text-editor\" data-id=\"58c7bfc\" data-element_type=\"widget\" data-widget_type=\"text-editor.default\">\n\t\t\t\t<div class=\"elementor-widget-container\">\n\t\t\t\t\t\t\t<p>As an experienced married couple of doctors in D\u00fcsseldorf, we offer comprehensive and specialized care for multiple pregnancies. We understand that expecting twins, triplets, or more children brings both joy and unique challenges. With our many years of experience and state-of-the-art medical equipment, we are well-equipped to guide you through this special time. Multiple pregnancies are considered high-risk pregnancies and require more intensive monitoring. In our practice, we conduct regular check-ups to carefully observe the development of your babies and detect potential complications early.<\/p>\t\t\t\t\t\t<\/div>\n\t\t\t\t<\/div>\n\t\t\t\t<\/div>\n\t\t<div class=\"elementor-element elementor-element-d604717 e-con-full e-con\" data-id=\"d604717\" data-element_type=\"container\" data-settings=\"{&quot;content_width&quot;:&quot;full&quot;}\">\n\t\t\t\t<div class=\"elementor-element elementor-element-a52262a elementor-widget elementor-widget-text-editor\" data-id=\"a52262a\" data-element_type=\"widget\" data-widget_type=\"text-editor.default\">\n\t\t\t\t<div class=\"elementor-widget-container\">\n\t\t\t\t\t\t\t<p>We use high-resolution ultrasound devices and special examination techniques to ensure the best possible care for you and your unborn children. In addition to medical care, we place great importance on comprehensive counseling and emotional support. We take the time to answer all your questions and provide you with the best possible preparation for the birth of your multiples. Our goal is to enable you to have a positive and safe pregnancy experience despite the special circumstances. Trust our expertise in caring for multiple pregnancies \u2013 for an optimal start in life for your children.<\/p>\t\t\t\t\t\t<\/div>\n\t\t\t\t<\/div>\n\t\t\t\t<\/div>\n\t\t\t\t\t<\/div>\n\t\t\t\t<\/div>\n\t\t<div class=\"elementor-element elementor-element-746f369 elementor-hidden-mobile e-con-boxed e-con\" data-id=\"746f369\" data-element_type=\"container\" data-settings=\"{&quot;content_width&quot;:&quot;boxed&quot;}\">\n\t\t\t\t\t<div class=\"e-con-inner\">\n\t\t<div class=\"elementor-element elementor-element-4094991 e-con-full e-con\" data-id=\"4094991\" data-element_type=\"container\" data-settings=\"{&quot;content_width&quot;:&quot;full&quot;}\">\n\t\t\t\t<div class=\"elementor-element elementor-element-90c2293 elementor-widget elementor-widget-text-editor\" data-id=\"90c2293\" data-element_type=\"widget\" data-widget_type=\"text-editor.default\">\n\t\t\t\t<div class=\"elementor-widget-container\">\n\t\t\t\t\t\t\t<p>As an experienced married couple of doctors in D\u00fcsseldorf, we offer comprehensive and specialized care for multiple pregnancies. We understand that expecting twins, triplets, or more children brings both joy and unique challenges. With our many years of experience and state-of-the-art medical equipment, we are well-equipped to guide you through this special time. Multiple pregnancies are considered high-risk pregnancies and require more intensive monitoring. In our practice, we conduct regular check-ups to carefully observe the development of your babies and detect potential complications early.<\/p>\t\t\t\t\t\t<\/div>\n\t\t\t\t<\/div>\n\t\t\t\t<\/div>\n\t\t<div class=\"elementor-element elementor-element-56cf92f e-con-full e-con\" data-id=\"56cf92f\" data-element_type=\"container\" data-settings=\"{&quot;content_width&quot;:&quot;full&quot;}\">\n\t\t\t\t<div class=\"elementor-element elementor-element-bba3b77 elementor-widget elementor-widget-text-editor\" data-id=\"bba3b77\" data-element_type=\"widget\" data-widget_type=\"text-editor.default\">\n\t\t\t\t<div class=\"elementor-widget-container\">\n\t\t\t\t\t\t\t<p>We use high-resolution ultrasound devices and special examination techniques to ensure the best possible care for you and your unborn children. In addition to medical care, we place great importance on comprehensive counseling and emotional support. We take the time to answer all your questions and provide you with the best possible preparation for the birth of your multiples. Our goal is to enable you to have a positive and safe pregnancy experience despite the special circumstances. Trust our expertise in caring for multiple pregnancies \u2013 for an optimal start in life for your children.<\/p>\t\t\t\t\t\t<\/div>\n\t\t\t\t<\/div>\n\t\t\t\t<div class=\"elementor-element elementor-element-d4f3efd elementor-align-left elementor-widget elementor-widget-button\" data-id=\"d4f3efd\" data-element_type=\"widget\" data-widget_type=\"button.default\">\n\t\t\t\t<div class=\"elementor-widget-container\">\n\t\t\t\t\t<div class=\"elementor-button-wrapper\">\n\t\t\t<a href=\"https:\/\/www.doctolib.de\/privatpraxis\/duesseldorf\/privatpraxis-fuer-gynaekologie-dr-wechsler?utm_campaign=website-button&#038;utm_source=privatpraxis-fuer-gynaekologie-dr-wechsler-website-button&#038;utm_medium=referral&#038;utm_content=option-8&#038;utm_term=privatpraxis-fuer-gynaekologie-dr-wechsler\" class=\"elementor-button-link elementor-button elementor-size-sm\" role=\"button\">\n\t\t\t\t\t\t<span class=\"elementor-button-content-wrapper\">\n\t\t\t\t\t\t<span class=\"elementor-button-text\">Book appointment<\/span>\n\t\t<\/span>\n\t\t\t\t\t<\/a>\n\t\t<\/div>\n\t\t\t\t<\/div>\n\t\t\t\t<\/div>\n\t\t\t\t<\/div>\n\t\t\t\t\t<\/div>\n\t\t\t\t<\/div>\n\t\t<div class=\"elementor-element elementor-element-dfadd7a e-con-boxed e-con\" data-id=\"dfadd7a\" data-element_type=\"container\" data-settings=\"{&quot;content_width&quot;:&quot;boxed&quot;}\">\n\t\t\t\t\t<div class=\"e-con-inner\">\n\t\t\t\t<div class=\"elementor-element elementor-element-a4096b5 elementor-widget elementor-widget-image\" data-id=\"a4096b5\" data-element_type=\"widget\" data-widget_type=\"image.default\">\n\t\t\t\t<div class=\"elementor-widget-container\">\n\t\t\t<style>\/*! elementor - v3.9.2 - 21-12-2022 *\/\n.elementor-widget-image{text-align:center}.elementor-widget-image a{display:inline-block}.elementor-widget-image a img[src$=\".svg\"]{width:48px}.elementor-widget-image img{vertical-align:middle;display:inline-block}<\/style>\t\t\t\t\t\t\t\t\t\t\t\t<img decoding=\"async\" width=\"1000\" height=\"436\" src=\"https:\/\/frauenarzt-net.de\/wp-content\/uploads\/2024\/12\/mehrlingsschwangerschaften.jpg\" class=\"attachment-large size-large wp-image-4831\" alt=\"Mehrlingsschwangerschaften Frauenarzt in D\u00fcsseldorf\" loading=\"lazy\" srcset=\"https:\/\/frauenarzt-net.de\/wp-content\/uploads\/2024\/12\/mehrlingsschwangerschaften.jpg 1000w, https:\/\/frauenarzt-net.de\/wp-content\/uploads\/2024\/12\/mehrlingsschwangerschaften-400x174.jpg 400w, https:\/\/frauenarzt-net.de\/wp-content\/uploads\/2024\/12\/mehrlingsschwangerschaften-250x109.jpg 250w, https:\/\/frauenarzt-net.de\/wp-content\/uploads\/2024\/12\/mehrlingsschwangerschaften-768x335.jpg 768w\" sizes=\"(max-width: 1000px) 100vw, 1000px\" \/>\t\t\t\t\t\t\t\t\t\t\t\t\t\t\t<\/div>\n\t\t\t\t<\/div>\n\t\t\t\t\t<\/div>\n\t\t\t\t<\/div>\n\t\t<div class=\"elementor-element elementor-element-9f9d7e9 e-con-boxed e-con\" data-id=\"9f9d7e9\" data-element_type=\"container\" data-settings=\"{&quot;content_width&quot;:&quot;boxed&quot;}\">\n\t\t\t\t\t<div class=\"e-con-inner\">\n\t\t<div class=\"elementor-element elementor-element-a9ebe7b e-con-full e-con\" data-id=\"a9ebe7b\" data-element_type=\"container\" data-settings=\"{&quot;content_width&quot;:&quot;full&quot;}\">\n\t\t\t\t<div class=\"elementor-element elementor-element-7a2ed4c elementor-widget elementor-widget-text-editor\" data-id=\"7a2ed4c\" data-element_type=\"widget\" data-widget_type=\"text-editor.default\">\n\t\t\t\t<div class=\"elementor-widget-container\">\n\t\t\t\t\t\t\t<h2>All about your pregnancy:<\/h2><p><a href=\"https:\/\/frauenarzt-net.de\/ersttrimesterscreening\/\">First trimester screening<\/a><\/p><p><a href=\"https:\/\/frauenarzt-net.de\/doppleruntersuchung-in-duesseldorf\/\">Doppler examination<\/a><\/p><p><a href=\"https:\/\/frauenarzt-net.de\/risikoschwangerschaften\/\">High-risk pregnancies<\/a><\/p><p><a href=\"https:\/\/frauenarzt-net.de\/beratung-zur-mehrlingsschwangerschaft\/\">Multiple pregnancy<\/a><\/p><p><a href=\"https:\/\/frauenarzt-net.de\/beratung-zur-geburt\/\">Birth counseling<\/a><\/p>\t\t\t\t\t\t<\/div>\n\t\t\t\t<\/div>\n\t\t\t\t<\/div>\n\t\t<div class=\"elementor-element elementor-element-63759b1 e-con-full e-con\" data-id=\"63759b1\" data-element_type=\"container\" data-settings=\"{&quot;content_width&quot;:&quot;full&quot;}\">\n\t\t\t\t<div class=\"elementor-element elementor-element-cf5ae16 elementor-widget elementor-widget-text-editor\" data-id=\"cf5ae16\" data-element_type=\"widget\" data-widget_type=\"text-editor.default\">\n\t\t\t\t<div class=\"elementor-widget-container\">\n\t\t\t\t\t\t\t<h2>Gynecology:<\/h2><p><a href=\"https:\/\/frauenarzt-net.de\/teenager-sprechstunde\/\">Teenager consultation<\/a><\/p><p><a href=\"https:\/\/frauenarzt-net.de\/vorsorge\/\">Preventive care<\/a><\/p><p><a href=\"https:\/\/frauenarzt-net.de\/verhuetung\/\">Contraception<\/a><\/p><p><a href=\"https:\/\/frauenarzt-net.de\/kinderwunsch\/\">Fertility<\/a><\/p><p><a href=\"https:\/\/frauenarzt-net.de\/kinderwunsch-copy\/\">Hormone consultation<\/a><\/p><p><a href=\"https:\/\/frauenarzt-net.de\/wechseljahre\/\">Menopause<\/a><\/p><p><a href=\"https:\/\/frauenarzt-net.de\/brusterkrankungen\/\">Breast diseases<\/a><\/p><p><a href=\"https:\/\/frauenarzt-net.de\/krebserkrankungen\/\">Cancer<\/a><\/p><p><a href=\"https:\/\/frauenarzt-net.de\/inkontinenz\/\">Incontinence<\/a><\/p><p><a href=\"https:\/\/frauenarzt-net.de\/endometriose\/\">Endometriosis<\/a><\/p><p><a href=\"https:\/\/frauenarzt-net.de\/ultraschalldiagnostik\/\">Ultrasound diagnostics<\/a><\/p><p><a href=\"https:\/\/frauenarzt-net.de\/impfungen\/\">Vaccinations<\/a><\/p>\t\t\t\t\t\t<\/div>\n\t\t\t\t<\/div>\n\t\t\t\t<\/div>\n\t\t\t\t\t<\/div>\n\t\t\t\t<\/div>\n\t\t\t\t\t\t\t<\/div>\n\t\t","protected":false},"excerpt":{"rendered":"<p>Mehrlingsschwangerschaften Spezialisierte Betreuung bei Ihrem erfahrenen Frauenarzt in D\u00fcsseldorf Als erfahrenes \u00c4rzte-Ehepaar in D\u00fcsseldorf bieten wir Ihnen eine umfassende und spezialisierte Betreuung bei Mehrlingsschwangerschaften. Wir wissen, dass die Erwartung von Zwillingen, Drillingen oder mehr Kindern sowohl Freude als auch besondere Herausforderungen mit sich bringt. Mit unserer langj\u00e4hrigen Erfahrung und modernster medizinischer Ausstattung sind wir bestens [&hellip;]<\/p>\n","protected":false},"author":1,"featured_media":0,"parent":0,"menu_order":0,"comment_status":"closed","ping_status":"closed","template":"elementor_header_footer","meta":[],"yoast_head":"<!-- This site is optimized with the Yoast SEO plugin v19.13 - https:\/\/yoast.com\/wordpress\/plugins\/seo\/ -->\n<title>Mehrlingsschwangerschaft<\/title>\n<meta name=\"description\" content=\"Beratung zur Mehrlingsschwangerschaften durch erfahrene Frauen\u00e4rzte. Dr. Eli Wechsler ist ein Experte f\u00fcr Risikoschwangerschaften.\" \/>\n<meta name=\"robots\" content=\"index, follow, max-snippet:-1, max-image-preview:large, max-video-preview:-1\" \/>\n<link rel=\"canonical\" href=\"https:\/\/frauenarzt-net.de\/beratung-zur-mehrlingsschwangerschaft\/\" \/>\n<meta property=\"og:locale\" content=\"en_US\" \/>\n<meta property=\"og:type\" content=\"article\" \/>\n<meta property=\"og:title\" content=\"Mehrlingsschwangerschaft\" \/>\n<meta property=\"og:description\" content=\"Beratung zur Mehrlingsschwangerschaften durch erfahrene Frauen\u00e4rzte. Dr. Eli Wechsler ist ein Experte f\u00fcr Risikoschwangerschaften.\" \/>\n<meta property=\"og:url\" content=\"https:\/\/frauenarzt-net.de\/beratung-zur-mehrlingsschwangerschaft\/\" \/>\n<meta property=\"og:site_name\" content=\"Praxis Dr. Wechsler - Ihre Frauen\u00e4rztin in D\u00fcsseldorf und Umgebung\" \/>\n<meta property=\"article:modified_time\" content=\"2025-11-24T20:37:13+00:00\" \/>\n<meta property=\"og:image\" content=\"https:\/\/frauenarzt-net.de\/wp-content\/uploads\/2024\/12\/mehrlingsschwangerschaften.jpg\" \/>\n<meta name=\"twitter:card\" content=\"summary_large_image\" \/>\n<meta name=\"twitter:label1\" content=\"Est. reading time\" \/>\n\t<meta name=\"twitter:data1\" content=\"2 minutes\" \/>\n<script type=\"application\/ld+json\" class=\"yoast-schema-graph\">{\"@context\":\"https:\/\/schema.org\",\"@graph\":[{\"@type\":\"WebPage\",\"@id\":\"https:\/\/frauenarzt-net.de\/beratung-zur-mehrlingsschwangerschaft\/\",\"url\":\"https:\/\/frauenarzt-net.de\/beratung-zur-mehrlingsschwangerschaft\/\",\"name\":\"Mehrlingsschwangerschaft | Praxis Dr. Wechsler - Ihre Frauen\u00e4rztin in D\u00fcsseldorf und Umgebung\",\"isPartOf\":{\"@id\":\"https:\/\/frauenarzt-net.de\/#website\"},\"datePublished\":\"2024-11-30T00:42:44+00:00\",\"dateModified\":\"2025-11-24T20:37:13+00:00\",\"description\":\"Beratung zur Mehrlingsschwangerschaften durch erfahrene Frauen\u00e4rzte. Dr. Eli Wechsler ist ein Experte f\u00fcr Risikoschwangerschaften.\",\"breadcrumb\":{\"@id\":\"https:\/\/frauenarzt-net.de\/beratung-zur-mehrlingsschwangerschaft\/#breadcrumb\"},\"inLanguage\":\"en-US\",\"potentialAction\":[{\"@type\":\"ReadAction\",\"target\":[\"https:\/\/frauenarzt-net.de\/beratung-zur-mehrlingsschwangerschaft\/\"]}]},{\"@type\":\"BreadcrumbList\",\"@id\":\"https:\/\/frauenarzt-net.de\/beratung-zur-mehrlingsschwangerschaft\/#breadcrumb\",\"itemListElement\":[{\"@type\":\"ListItem\",\"position\":1,\"name\":\"Home\",\"item\":\"https:\/\/frauenarzt-net.de\/\"},{\"@type\":\"ListItem\",\"position\":2,\"name\":\"Mehrlingsschwangerschaft\"}]},{\"@type\":\"WebSite\",\"@id\":\"https:\/\/frauenarzt-net.de\/#website\",\"url\":\"https:\/\/frauenarzt-net.de\/\",\"name\":\"Praxis Dr. Wechsler - Ihre Frauen\u00e4rztin in D\u00fcsseldorf und Umgebung\",\"description\":\"\",\"publisher\":{\"@id\":\"https:\/\/frauenarzt-net.de\/#organization\"},\"potentialAction\":[{\"@type\":\"SearchAction\",\"target\":{\"@type\":\"EntryPoint\",\"urlTemplate\":\"https:\/\/frauenarzt-net.de\/?s={search_term_string}\"},\"query-input\":\"required name=search_term_string\"}],\"inLanguage\":\"en-US\"},{\"@type\":\"Organization\",\"@id\":\"https:\/\/frauenarzt-net.de\/#organization\",\"name\":\"INVESTMENT COINS\",\"url\":\"https:\/\/frauenarzt-net.de\/\",\"logo\":{\"@type\":\"ImageObject\",\"inLanguage\":\"en-US\",\"@id\":\"https:\/\/frauenarzt-net.de\/#\/schema\/logo\/image\/\",\"url\":\"https:\/\/frauenaerztin-duesseldorf.dr-wechsler.de\/wp-content\/uploads\/2021\/07\/logo2.png\",\"contentUrl\":\"https:\/\/frauenaerztin-duesseldorf.dr-wechsler.de\/wp-content\/uploads\/2021\/07\/logo2.png\",\"width\":794,\"height\":71,\"caption\":\"INVESTMENT COINS\"},\"image\":{\"@id\":\"https:\/\/frauenarzt-net.de\/#\/schema\/logo\/image\/\"}}]}<\/script>\n<!-- \/ Yoast SEO plugin. -->","yoast_head_json":{"title":"Mehrlingsschwangerschaft","description":"Beratung zur Mehrlingsschwangerschaften durch erfahrene Frauen\u00e4rzte. Dr. Eli Wechsler ist ein Experte f\u00fcr Risikoschwangerschaften.","robots":{"index":"index","follow":"follow","max-snippet":"max-snippet:-1","max-image-preview":"max-image-preview:large","max-video-preview":"max-video-preview:-1"},"canonical":"https:\/\/frauenarzt-net.de\/beratung-zur-mehrlingsschwangerschaft\/","og_locale":"en_US","og_type":"article","og_title":"Mehrlingsschwangerschaft","og_description":"Beratung zur Mehrlingsschwangerschaften durch erfahrene Frauen\u00e4rzte. Dr. Eli Wechsler ist ein Experte f\u00fcr Risikoschwangerschaften.","og_url":"https:\/\/frauenarzt-net.de\/beratung-zur-mehrlingsschwangerschaft\/","og_site_name":"Praxis Dr. Wechsler - Ihre Frauen\u00e4rztin in D\u00fcsseldorf und Umgebung","article_modified_time":"2025-11-24T20:37:13+00:00","og_image":[{"url":"https:\/\/frauenarzt-net.de\/wp-content\/uploads\/2024\/12\/mehrlingsschwangerschaften.jpg"}],"twitter_card":"summary_large_image","twitter_misc":{"Est. reading time":"2 minutes"},"schema":{"@context":"https:\/\/schema.org","@graph":[{"@type":"WebPage","@id":"https:\/\/frauenarzt-net.de\/beratung-zur-mehrlingsschwangerschaft\/","url":"https:\/\/frauenarzt-net.de\/beratung-zur-mehrlingsschwangerschaft\/","name":"Mehrlingsschwangerschaft | Praxis Dr. Wechsler - Ihre Frauen\u00e4rztin in D\u00fcsseldorf und Umgebung","isPartOf":{"@id":"https:\/\/frauenarzt-net.de\/#website"},"datePublished":"2024-11-30T00:42:44+00:00","dateModified":"2025-11-24T20:37:13+00:00","description":"Beratung zur Mehrlingsschwangerschaften durch erfahrene Frauen\u00e4rzte. Dr. Eli Wechsler ist ein Experte f\u00fcr Risikoschwangerschaften.","breadcrumb":{"@id":"https:\/\/frauenarzt-net.de\/beratung-zur-mehrlingsschwangerschaft\/#breadcrumb"},"inLanguage":"en-US","potentialAction":[{"@type":"ReadAction","target":["https:\/\/frauenarzt-net.de\/beratung-zur-mehrlingsschwangerschaft\/"]}]},{"@type":"BreadcrumbList","@id":"https:\/\/frauenarzt-net.de\/beratung-zur-mehrlingsschwangerschaft\/#breadcrumb","itemListElement":[{"@type":"ListItem","position":1,"name":"Home","item":"https:\/\/frauenarzt-net.de\/"},{"@type":"ListItem","position":2,"name":"Mehrlingsschwangerschaft"}]},{"@type":"WebSite","@id":"https:\/\/frauenarzt-net.de\/#website","url":"https:\/\/frauenarzt-net.de\/","name":"Praxis Dr. Wechsler - Ihre Frauen\u00e4rztin in D\u00fcsseldorf und Umgebung","description":"","publisher":{"@id":"https:\/\/frauenarzt-net.de\/#organization"},"potentialAction":[{"@type":"SearchAction","target":{"@type":"EntryPoint","urlTemplate":"https:\/\/frauenarzt-net.de\/?s={search_term_string}"},"query-input":"required name=search_term_string"}],"inLanguage":"en-US"},{"@type":"Organization","@id":"https:\/\/frauenarzt-net.de\/#organization","name":"INVESTMENT COINS","url":"https:\/\/frauenarzt-net.de\/","logo":{"@type":"ImageObject","inLanguage":"en-US","@id":"https:\/\/frauenarzt-net.de\/#\/schema\/logo\/image\/","url":"https:\/\/frauenaerztin-duesseldorf.dr-wechsler.de\/wp-content\/uploads\/2021\/07\/logo2.png","contentUrl":"https:\/\/frauenaerztin-duesseldorf.dr-wechsler.de\/wp-content\/uploads\/2021\/07\/logo2.png","width":794,"height":71,"caption":"INVESTMENT COINS"},"image":{"@id":"https:\/\/frauenarzt-net.de\/#\/schema\/logo\/image\/"}}]}},"_links":{"self":[{"href":"https:\/\/frauenarzt-net.de\/wp-json\/wp\/v2\/pages\/4777"}],"collection":[{"href":"https:\/\/frauenarzt-net.de\/wp-json\/wp\/v2\/pages"}],"about":[{"href":"https:\/\/frauenarzt-net.de\/wp-json\/wp\/v2\/types\/page"}],"author":[{"embeddable":true,"href":"https:\/\/frauenarzt-net.de\/wp-json\/wp\/v2\/users\/1"}],"replies":[{"embeddable":true,"href":"https:\/\/frauenarzt-net.de\/wp-json\/wp\/v2\/comments?post=4777"}],"version-history":[{"count":35,"href":"https:\/\/frauenarzt-net.de\/wp-json\/wp\/v2\/pages\/4777\/revisions"}],"predecessor-version":[{"id":5862,"href":"https:\/\/frauenarzt-net.de\/wp-json\/wp\/v2\/pages\/4777\/revisions\/5862"}],"wp:attachment":[{"href":"https:\/\/frauenarzt-net.de\/wp-json\/wp\/v2\/media?parent=4777"}],"curies":[{"name":"wp","href":"https:\/\/api.w.org\/{rel}","templated":true}]}}