{"id":4767,"date":"2024-11-30T00:34:23","date_gmt":"2024-11-30T00:34:23","guid":{"rendered":"https:\/\/frauenarzt-net.de\/?page_id=4767"},"modified":"2024-12-01T21:26:10","modified_gmt":"2024-12-01T21:26:10","slug":"schwangerschaftsvergiftung","status":"publish","type":"page","link":"https:\/\/frauenarzt-net.de\/schwangerschaftsvergiftung\/","title":{"rendered":"Schwangerschaftsvergiftung"},"content":{"rendered":"\t\t<div data-elementor-type=\"wp-page\" data-elementor-id=\"4767\" class=\"elementor elementor-4767\">\n\t\t\t\t\t\t\t<div class=\"elementor-element elementor-element-b84ae9e e-con-boxed e-con\" data-id=\"b84ae9e\" data-element_type=\"container\" data-settings=\"{&quot;content_width&quot;:&quot;boxed&quot;}\">\n\t\t\t\t\t<div class=\"e-con-inner\">\n\t\t\t\t<div class=\"elementor-element elementor-element-2a43fb1 elementor-widget elementor-widget-text-editor\" data-id=\"2a43fb1\" data-element_type=\"widget\" data-widget_type=\"text-editor.default\">\n\t\t\t\t<div class=\"elementor-widget-container\">\n\t\t\t<style>\/*! elementor - v3.9.2 - 21-12-2022 *\/\n.elementor-widget-text-editor.elementor-drop-cap-view-stacked .elementor-drop-cap{background-color:#818a91;color:#fff}.elementor-widget-text-editor.elementor-drop-cap-view-framed .elementor-drop-cap{color:#818a91;border:3px solid;background-color:transparent}.elementor-widget-text-editor:not(.elementor-drop-cap-view-default) .elementor-drop-cap{margin-top:8px}.elementor-widget-text-editor:not(.elementor-drop-cap-view-default) .elementor-drop-cap-letter{width:1em;height:1em}.elementor-widget-text-editor .elementor-drop-cap{float:left;text-align:center;line-height:1;font-size:50px}.elementor-widget-text-editor .elementor-drop-cap-letter{display:inline-block}<\/style>\t\t\t\t<h1 class=\"mb-3 mt-3 text-3xl font-normal first:mt-3\">Preeclampsia<\/h1><h2 class=\"mb-3 mt-3 text-3xl font-normal first:mt-3\">Competent Care with Gynecologists in D\u00fcsseldorf<\/h2>\t\t\t\t\t\t<\/div>\n\t\t\t\t<\/div>\n\t\t\t\t\t<\/div>\n\t\t\t\t<\/div>\n\t\t<div class=\"elementor-element elementor-element-e0ff232 elementor-hidden-desktop elementor-hidden-tablet e-con-boxed e-con\" data-id=\"e0ff232\" data-element_type=\"container\" data-settings=\"{&quot;content_width&quot;:&quot;boxed&quot;}\">\n\t\t\t\t\t<div class=\"e-con-inner\">\n\t\t<div class=\"elementor-element elementor-element-18b5d59 e-con-full e-con\" data-id=\"18b5d59\" data-element_type=\"container\" data-settings=\"{&quot;content_width&quot;:&quot;full&quot;}\">\n\t\t\t\t<div class=\"elementor-element elementor-element-58c7bfc elementor-widget elementor-widget-text-editor\" data-id=\"58c7bfc\" data-element_type=\"widget\" data-widget_type=\"text-editor.default\">\n\t\t\t\t<div class=\"elementor-widget-container\">\n\t\t\t\t\t\t\t<p>As experienced gynecologists in D\u00fcsseldorf, we offer specialized care for pregnant women at increased risk of preeclampsia, also known as pregnancy toxemia. This condition requires special attention and care to best protect the health of mother and child. Preeclampsia is not an actual poisoning, but rather an adaptation disorder during pregnancy. Symptoms may include high blood pressure, water retention, and increased protein excretion through urine. In our practice in D\u00fcsseldorf, we conduct regular check-ups to detect and treat these signs early.<\/p>\t\t\t\t\t\t<\/div>\n\t\t\t\t<\/div>\n\t\t\t\t<\/div>\n\t\t<div class=\"elementor-element elementor-element-d604717 e-con-full e-con\" data-id=\"d604717\" data-element_type=\"container\" data-settings=\"{&quot;content_width&quot;:&quot;full&quot;}\">\n\t\t\t\t<div class=\"elementor-element elementor-element-a52262a elementor-widget elementor-widget-text-editor\" data-id=\"a52262a\" data-element_type=\"widget\" data-widget_type=\"text-editor.default\">\n\t\t\t\t<div class=\"elementor-widget-container\">\n\t\t\t\t\t\t\t<p>We place great importance on comprehensive counseling and individual care. Our goal is to provide you with the most positive and safe pregnancy experience possible, despite the increased risk. With state-of-the-art medical equipment and our many years of experience, we are well-equipped to support you during this challenging time and ensure the best possible care for you and your unborn child.<\/p>\t\t\t\t\t\t<\/div>\n\t\t\t\t<\/div>\n\t\t\t\t<\/div>\n\t\t\t\t\t<\/div>\n\t\t\t\t<\/div>\n\t\t<div class=\"elementor-element elementor-element-dd66832 elementor-hidden-mobile e-con-boxed e-con\" data-id=\"dd66832\" data-element_type=\"container\" data-settings=\"{&quot;content_width&quot;:&quot;boxed&quot;}\">\n\t\t\t\t\t<div class=\"e-con-inner\">\n\t\t<div class=\"elementor-element elementor-element-ff783bd e-con-full e-con\" data-id=\"ff783bd\" data-element_type=\"container\" data-settings=\"{&quot;content_width&quot;:&quot;full&quot;}\">\n\t\t\t\t<div class=\"elementor-element elementor-element-928c286 elementor-widget elementor-widget-text-editor\" data-id=\"928c286\" data-element_type=\"widget\" data-widget_type=\"text-editor.default\">\n\t\t\t\t<div class=\"elementor-widget-container\">\n\t\t\t\t\t\t\t<p>As experienced gynecologists in D\u00fcsseldorf, we offer specialized care for pregnant women at increased risk of preeclampsia, also known as pregnancy toxemia. This condition requires special attention and care to best protect the health of mother and child. Preeclampsia is not an actual poisoning, but rather an adaptation disorder during pregnancy. Symptoms may include high blood pressure, water retention, and increased protein excretion through urine. In our practice in D\u00fcsseldorf, we conduct regular check-ups to detect and treat these signs early.<\/p>\t\t\t\t\t\t<\/div>\n\t\t\t\t<\/div>\n\t\t\t\t<\/div>\n\t\t<div class=\"elementor-element elementor-element-8cfdb8f e-con-full e-con\" data-id=\"8cfdb8f\" data-element_type=\"container\" data-settings=\"{&quot;content_width&quot;:&quot;full&quot;}\">\n\t\t\t\t<div class=\"elementor-element elementor-element-0ff3e8f elementor-widget elementor-widget-text-editor\" data-id=\"0ff3e8f\" data-element_type=\"widget\" data-widget_type=\"text-editor.default\">\n\t\t\t\t<div class=\"elementor-widget-container\">\n\t\t\t\t\t\t\t<p>We place great importance on comprehensive counseling and individual care. Our goal is to provide you with the most positive and safe pregnancy experience possible, despite the increased risk. With state-of-the-art medical equipment and our many years of experience, we are well-equipped to support you during this challenging time and ensure the best possible care for you and your unborn child.<\/p>\t\t\t\t\t\t<\/div>\n\t\t\t\t<\/div>\n\t\t\t\t<\/div>\n\t\t\t\t\t<\/div>\n\t\t\t\t<\/div>\n\t\t<div class=\"elementor-element elementor-element-005d2f2 e-con-boxed e-con\" data-id=\"005d2f2\" data-element_type=\"container\" data-settings=\"{&quot;background_background&quot;:&quot;classic&quot;,&quot;content_width&quot;:&quot;boxed&quot;}\">\n\t\t\t\t\t<div class=\"e-con-inner\">\n\t\t\t\t<div class=\"elementor-element elementor-element-adbf16f elementor-align-center elementor-widget elementor-widget-button\" data-id=\"adbf16f\" data-element_type=\"widget\" data-widget_type=\"button.default\">\n\t\t\t\t<div class=\"elementor-widget-container\">\n\t\t\t\t\t<div class=\"elementor-button-wrapper\">\n\t\t\t<a href=\"https:\/\/frauenarzt-net.de\/kontakt\/\" class=\"elementor-button-link elementor-button elementor-size-sm\" role=\"button\">\n\t\t\t\t\t\t<span class=\"elementor-button-content-wrapper\">\n\t\t\t\t\t\t<span class=\"elementor-button-text\">MAKE AN APPOINTMENT<\/span>\n\t\t<\/span>\n\t\t\t\t\t<\/a>\n\t\t<\/div>\n\t\t\t\t<\/div>\n\t\t\t\t<\/div>\n\t\t\t\t\t<\/div>\n\t\t\t\t<\/div>\n\t\t<div class=\"elementor-element elementor-element-fc44fbe e-con-boxed e-con\" data-id=\"fc44fbe\" data-element_type=\"container\" data-settings=\"{&quot;content_width&quot;:&quot;boxed&quot;}\">\n\t\t\t\t\t<div class=\"e-con-inner\">\n\t\t\t\t<div class=\"elementor-element elementor-element-aacfe31 elementor-widget elementor-widget-image\" data-id=\"aacfe31\" data-element_type=\"widget\" data-widget_type=\"image.default\">\n\t\t\t\t<div class=\"elementor-widget-container\">\n\t\t\t<style>\/*! elementor - v3.9.2 - 21-12-2022 *\/\n.elementor-widget-image{text-align:center}.elementor-widget-image a{display:inline-block}.elementor-widget-image a img[src$=\".svg\"]{width:48px}.elementor-widget-image img{vertical-align:middle;display:inline-block}<\/style>\t\t\t\t\t\t\t\t\t\t\t\t<img decoding=\"async\" width=\"1000\" height=\"436\" src=\"https:\/\/frauenarzt-net.de\/wp-content\/uploads\/2024\/12\/schwangerschaftsvergiftung.jpg\" class=\"attachment-large size-large wp-image-4958\" alt=\"Schwangerschaftsvergiftung Frauenarzt D\u00fcsseldorf\" loading=\"lazy\" srcset=\"https:\/\/frauenarzt-net.de\/wp-content\/uploads\/2024\/12\/schwangerschaftsvergiftung.jpg 1000w, https:\/\/frauenarzt-net.de\/wp-content\/uploads\/2024\/12\/schwangerschaftsvergiftung-400x174.jpg 400w, https:\/\/frauenarzt-net.de\/wp-content\/uploads\/2024\/12\/schwangerschaftsvergiftung-250x109.jpg 250w, https:\/\/frauenarzt-net.de\/wp-content\/uploads\/2024\/12\/schwangerschaftsvergiftung-768x335.jpg 768w\" sizes=\"(max-width: 1000px) 100vw, 1000px\" \/>\t\t\t\t\t\t\t\t\t\t\t\t\t\t\t<\/div>\n\t\t\t\t<\/div>\n\t\t\t\t\t<\/div>\n\t\t\t\t<\/div>\n\t\t<div class=\"elementor-element elementor-element-e125937 e-con-boxed e-con\" data-id=\"e125937\" data-element_type=\"container\" data-settings=\"{&quot;content_width&quot;:&quot;boxed&quot;}\">\n\t\t\t\t\t<div class=\"e-con-inner\">\n\t\t<div class=\"elementor-element elementor-element-1ec0288 e-con-full e-con\" data-id=\"1ec0288\" data-element_type=\"container\" data-settings=\"{&quot;content_width&quot;:&quot;full&quot;}\">\n\t\t\t\t<div class=\"elementor-element elementor-element-834daef elementor-widget elementor-widget-text-editor\" data-id=\"834daef\" data-element_type=\"widget\" data-widget_type=\"text-editor.default\">\n\t\t\t\t<div class=\"elementor-widget-container\">\n\t\t\t\t\t\t\t<h2>Rund um Ihre Schwangerschaft<\/h2><p><a href=\"https:\/\/frauenarzt-net.de\/ersttrimesterscreening\/\">Ersttrimesterscreening<\/a><\/p><p><a href=\"https:\/\/frauenarzt-net.de\/praenatale-testung-dna\/\">Pr\u00e4natale Testung (DNA)<\/a><\/p><p><a href=\"https:\/\/frauenarzt-net.de\/fehlbildungsdiagnostik\/\">Fehlbildungsdiagnostik<\/a><\/p><p><a href=\"https:\/\/frauenarzt-net.de\/doppleruntersuchung\/\">Doppleruntersuchung<\/a><\/p><p><a href=\"https:\/\/frauenarzt-net.de\/risikoschwangerschaften\/\">Risikoschwangerschaften<\/a><\/p><p><a href=\"https:\/\/frauenarzt-net.de\/schwangerschaftsvergiftung\/\">Schwangerschaftsvergiftung<\/a>\u00a0<\/p><p><a href=\"https:\/\/frauenarzt-net.de\/mehrlingsschwangerschaft\/\">Mehrlingsschwangerschaft<\/a><\/p><p><a href=\"https:\/\/frauenarzt-net.de\/beratung-zur-geburt\/\">Beratung zur Geburt<\/a><\/p>\t\t\t\t\t\t<\/div>\n\t\t\t\t<\/div>\n\t\t\t\t<\/div>\n\t\t<div class=\"elementor-element elementor-element-0291f6a e-con-full e-con\" data-id=\"0291f6a\" data-element_type=\"container\" data-settings=\"{&quot;content_width&quot;:&quot;full&quot;}\">\n\t\t\t\t<div class=\"elementor-element elementor-element-e9dee7e elementor-widget elementor-widget-text-editor\" data-id=\"e9dee7e\" data-element_type=\"widget\" data-widget_type=\"text-editor.default\">\n\t\t\t\t<div class=\"elementor-widget-container\">\n\t\t\t\t\t\t\t<h2>Gyn\u00e4kologie<\/h2><p><a href=\"https:\/\/frauenarzt-net.de\/teenager-sprechstunde\/\">Teenangersprechstunde<\/a><\/p><p><a href=\"https:\/\/frauenarzt-net.de\/vorsorge\/\">Vorsorge<\/a><\/p><p><a href=\"https:\/\/frauenarzt-net.de\/verhuetung\/\">Verh\u00fctung<\/a><\/p><p><a href=\"https:\/\/frauenarzt-net.de\/kinderwunsch\/\">Kinderwunsch<\/a><\/p><p><a href=\"https:\/\/frauenarzt-net.de\/kinderwunsch-copy\/\">Hormonsprechstunde<\/a><\/p><p><a href=\"https:\/\/frauenarzt-net.de\/wechseljahre\/\">Wechseljahre<\/a><\/p><p><a href=\"https:\/\/frauenarzt-net.de\/brusterkrankungen\/\">Brusterkrankungen<\/a><\/p><p><a href=\"https:\/\/frauenarzt-net.de\/krebserkrankungen\/\">Krebserkrankungen<\/a><\/p><p><a href=\"https:\/\/frauenarzt-net.de\/inkontinenz\/\">Inkontinenz\u00a0<\/a><\/p><p><a href=\"https:\/\/frauenarzt-net.de\/endometriose\/\">Endometriose<\/a><\/p><p><a href=\"https:\/\/frauenarzt-net.de\/ultraschalldiagnostik\/\">Ultraschalldiagnostik<\/a><\/p><p><a href=\"https:\/\/frauenarzt-net.de\/impfungen\/\">Impfungen<\/a><\/p>\t\t\t\t\t\t<\/div>\n\t\t\t\t<\/div>\n\t\t\t\t<\/div>\n\t\t\t\t\t<\/div>\n\t\t\t\t<\/div>\n\t\t\t\t\t\t\t<\/div>\n\t\t","protected":false},"excerpt":{"rendered":"<p>Schwangerschaftsvergiftung Kompetente Betreuung bei Ihrem Frauenarzt in D\u00fcsseldorf Als erfahrene Frauen\u00e4rzte in D\u00fcsseldorf bieten wir spezialisierte Betreuung f\u00fcr Schwangere mit erh\u00f6htem Risiko einer Schwangerschaftsvergiftung, auch Gestose genannt. Diese Erkrankung erfordert besondere Aufmerksamkeit und F\u00fcrsorge, um die Gesundheit von Mutter und Kind bestm\u00f6glich zu sch\u00fctzen. Eine Schwangerschaftsvergiftung ist keine tats\u00e4chliche Vergiftung, sondern eine Anpassungsst\u00f6rung w\u00e4hrend der [&hellip;]<\/p>\n","protected":false},"author":1,"featured_media":0,"parent":0,"menu_order":0,"comment_status":"closed","ping_status":"closed","template":"elementor_header_footer","meta":[],"yoast_head":"<!-- This site is optimized with the Yoast SEO plugin v19.13 - https:\/\/yoast.com\/wordpress\/plugins\/seo\/ -->\n<title>Schwangerschaftsvergiftung<\/title>\n<meta name=\"description\" content=\"Vermeiden Sie Schwangerschaftsvergiftung. Frauenarzt Dr. Eli Wechsler ist ein Experte f\u00fcr Risikoschwangerschaften in D\u00fcsseldorf.\" \/>\n<meta name=\"robots\" content=\"index, follow, max-snippet:-1, max-image-preview:large, max-video-preview:-1\" \/>\n<link rel=\"canonical\" href=\"https:\/\/frauenarzt-net.de\/schwangerschaftsvergiftung\/\" \/>\n<meta property=\"og:locale\" content=\"en_US\" \/>\n<meta property=\"og:type\" content=\"article\" \/>\n<meta property=\"og:title\" content=\"Schwangerschaftsvergiftung\" \/>\n<meta property=\"og:description\" content=\"Vermeiden Sie Schwangerschaftsvergiftung. Frauenarzt Dr. Eli Wechsler ist ein Experte f\u00fcr Risikoschwangerschaften in D\u00fcsseldorf.\" \/>\n<meta property=\"og:url\" content=\"https:\/\/frauenarzt-net.de\/schwangerschaftsvergiftung\/\" \/>\n<meta property=\"og:site_name\" content=\"Praxis Dr. Wechsler - Ihre Frauen\u00e4rztin in D\u00fcsseldorf und Umgebung\" \/>\n<meta property=\"article:modified_time\" content=\"2024-12-01T21:26:10+00:00\" \/>\n<meta property=\"og:image\" content=\"https:\/\/frauenarzt-net.de\/wp-content\/uploads\/2024\/12\/schwangerschaftsvergiftung.jpg\" \/>\n<meta name=\"twitter:card\" content=\"summary_large_image\" \/>\n<meta name=\"twitter:label1\" content=\"Est. reading time\" \/>\n\t<meta name=\"twitter:data1\" content=\"2 minutes\" \/>\n<script type=\"application\/ld+json\" class=\"yoast-schema-graph\">{\"@context\":\"https:\/\/schema.org\",\"@graph\":[{\"@type\":\"WebPage\",\"@id\":\"https:\/\/frauenarzt-net.de\/schwangerschaftsvergiftung\/\",\"url\":\"https:\/\/frauenarzt-net.de\/schwangerschaftsvergiftung\/\",\"name\":\"Schwangerschaftsvergiftung | Praxis Dr. Wechsler - Ihre Frauen\u00e4rztin in D\u00fcsseldorf und Umgebung\",\"isPartOf\":{\"@id\":\"https:\/\/frauenarzt-net.de\/#website\"},\"datePublished\":\"2024-11-30T00:34:23+00:00\",\"dateModified\":\"2024-12-01T21:26:10+00:00\",\"description\":\"Vermeiden Sie Schwangerschaftsvergiftung. Frauenarzt Dr. Eli Wechsler ist ein Experte f\u00fcr Risikoschwangerschaften in D\u00fcsseldorf.\",\"breadcrumb\":{\"@id\":\"https:\/\/frauenarzt-net.de\/schwangerschaftsvergiftung\/#breadcrumb\"},\"inLanguage\":\"en-US\",\"potentialAction\":[{\"@type\":\"ReadAction\",\"target\":[\"https:\/\/frauenarzt-net.de\/schwangerschaftsvergiftung\/\"]}]},{\"@type\":\"BreadcrumbList\",\"@id\":\"https:\/\/frauenarzt-net.de\/schwangerschaftsvergiftung\/#breadcrumb\",\"itemListElement\":[{\"@type\":\"ListItem\",\"position\":1,\"name\":\"Home\",\"item\":\"https:\/\/frauenarzt-net.de\/\"},{\"@type\":\"ListItem\",\"position\":2,\"name\":\"Schwangerschaftsvergiftung\"}]},{\"@type\":\"WebSite\",\"@id\":\"https:\/\/frauenarzt-net.de\/#website\",\"url\":\"https:\/\/frauenarzt-net.de\/\",\"name\":\"Praxis Dr. Wechsler - Ihre Frauen\u00e4rztin in D\u00fcsseldorf und Umgebung\",\"description\":\"\",\"publisher\":{\"@id\":\"https:\/\/frauenarzt-net.de\/#organization\"},\"potentialAction\":[{\"@type\":\"SearchAction\",\"target\":{\"@type\":\"EntryPoint\",\"urlTemplate\":\"https:\/\/frauenarzt-net.de\/?s={search_term_string}\"},\"query-input\":\"required name=search_term_string\"}],\"inLanguage\":\"en-US\"},{\"@type\":\"Organization\",\"@id\":\"https:\/\/frauenarzt-net.de\/#organization\",\"name\":\"INVESTMENT COINS\",\"url\":\"https:\/\/frauenarzt-net.de\/\",\"logo\":{\"@type\":\"ImageObject\",\"inLanguage\":\"en-US\",\"@id\":\"https:\/\/frauenarzt-net.de\/#\/schema\/logo\/image\/\",\"url\":\"https:\/\/frauenaerztin-duesseldorf.dr-wechsler.de\/wp-content\/uploads\/2021\/07\/logo2.png\",\"contentUrl\":\"https:\/\/frauenaerztin-duesseldorf.dr-wechsler.de\/wp-content\/uploads\/2021\/07\/logo2.png\",\"width\":794,\"height\":71,\"caption\":\"INVESTMENT COINS\"},\"image\":{\"@id\":\"https:\/\/frauenarzt-net.de\/#\/schema\/logo\/image\/\"}}]}<\/script>\n<!-- \/ Yoast SEO plugin. -->","yoast_head_json":{"title":"Schwangerschaftsvergiftung","description":"Vermeiden Sie Schwangerschaftsvergiftung. Frauenarzt Dr. Eli Wechsler ist ein Experte f\u00fcr Risikoschwangerschaften in D\u00fcsseldorf.","robots":{"index":"index","follow":"follow","max-snippet":"max-snippet:-1","max-image-preview":"max-image-preview:large","max-video-preview":"max-video-preview:-1"},"canonical":"https:\/\/frauenarzt-net.de\/schwangerschaftsvergiftung\/","og_locale":"en_US","og_type":"article","og_title":"Schwangerschaftsvergiftung","og_description":"Vermeiden Sie Schwangerschaftsvergiftung. Frauenarzt Dr. Eli Wechsler ist ein Experte f\u00fcr Risikoschwangerschaften in D\u00fcsseldorf.","og_url":"https:\/\/frauenarzt-net.de\/schwangerschaftsvergiftung\/","og_site_name":"Praxis Dr. Wechsler - Ihre Frauen\u00e4rztin in D\u00fcsseldorf und Umgebung","article_modified_time":"2024-12-01T21:26:10+00:00","og_image":[{"url":"https:\/\/frauenarzt-net.de\/wp-content\/uploads\/2024\/12\/schwangerschaftsvergiftung.jpg"}],"twitter_card":"summary_large_image","twitter_misc":{"Est. reading time":"2 minutes"},"schema":{"@context":"https:\/\/schema.org","@graph":[{"@type":"WebPage","@id":"https:\/\/frauenarzt-net.de\/schwangerschaftsvergiftung\/","url":"https:\/\/frauenarzt-net.de\/schwangerschaftsvergiftung\/","name":"Schwangerschaftsvergiftung | Praxis Dr. Wechsler - Ihre Frauen\u00e4rztin in D\u00fcsseldorf und Umgebung","isPartOf":{"@id":"https:\/\/frauenarzt-net.de\/#website"},"datePublished":"2024-11-30T00:34:23+00:00","dateModified":"2024-12-01T21:26:10+00:00","description":"Vermeiden Sie Schwangerschaftsvergiftung. Frauenarzt Dr. Eli Wechsler ist ein Experte f\u00fcr Risikoschwangerschaften in D\u00fcsseldorf.","breadcrumb":{"@id":"https:\/\/frauenarzt-net.de\/schwangerschaftsvergiftung\/#breadcrumb"},"inLanguage":"en-US","potentialAction":[{"@type":"ReadAction","target":["https:\/\/frauenarzt-net.de\/schwangerschaftsvergiftung\/"]}]},{"@type":"BreadcrumbList","@id":"https:\/\/frauenarzt-net.de\/schwangerschaftsvergiftung\/#breadcrumb","itemListElement":[{"@type":"ListItem","position":1,"name":"Home","item":"https:\/\/frauenarzt-net.de\/"},{"@type":"ListItem","position":2,"name":"Schwangerschaftsvergiftung"}]},{"@type":"WebSite","@id":"https:\/\/frauenarzt-net.de\/#website","url":"https:\/\/frauenarzt-net.de\/","name":"Praxis Dr. Wechsler - Ihre Frauen\u00e4rztin in D\u00fcsseldorf und Umgebung","description":"","publisher":{"@id":"https:\/\/frauenarzt-net.de\/#organization"},"potentialAction":[{"@type":"SearchAction","target":{"@type":"EntryPoint","urlTemplate":"https:\/\/frauenarzt-net.de\/?s={search_term_string}"},"query-input":"required name=search_term_string"}],"inLanguage":"en-US"},{"@type":"Organization","@id":"https:\/\/frauenarzt-net.de\/#organization","name":"INVESTMENT COINS","url":"https:\/\/frauenarzt-net.de\/","logo":{"@type":"ImageObject","inLanguage":"en-US","@id":"https:\/\/frauenarzt-net.de\/#\/schema\/logo\/image\/","url":"https:\/\/frauenaerztin-duesseldorf.dr-wechsler.de\/wp-content\/uploads\/2021\/07\/logo2.png","contentUrl":"https:\/\/frauenaerztin-duesseldorf.dr-wechsler.de\/wp-content\/uploads\/2021\/07\/logo2.png","width":794,"height":71,"caption":"INVESTMENT COINS"},"image":{"@id":"https:\/\/frauenarzt-net.de\/#\/schema\/logo\/image\/"}}]}},"_links":{"self":[{"href":"https:\/\/frauenarzt-net.de\/wp-json\/wp\/v2\/pages\/4767"}],"collection":[{"href":"https:\/\/frauenarzt-net.de\/wp-json\/wp\/v2\/pages"}],"about":[{"href":"https:\/\/frauenarzt-net.de\/wp-json\/wp\/v2\/types\/page"}],"author":[{"embeddable":true,"href":"https:\/\/frauenarzt-net.de\/wp-json\/wp\/v2\/users\/1"}],"replies":[{"embeddable":true,"href":"https:\/\/frauenarzt-net.de\/wp-json\/wp\/v2\/comments?post=4767"}],"version-history":[{"count":23,"href":"https:\/\/frauenarzt-net.de\/wp-json\/wp\/v2\/pages\/4767\/revisions"}],"predecessor-version":[{"id":4961,"href":"https:\/\/frauenarzt-net.de\/wp-json\/wp\/v2\/pages\/4767\/revisions\/4961"}],"wp:attachment":[{"href":"https:\/\/frauenarzt-net.de\/wp-json\/wp\/v2\/media?parent=4767"}],"curies":[{"name":"wp","href":"https:\/\/api.w.org\/{rel}","templated":true}]}}