{"id":3853,"date":"2023-01-07T20:05:34","date_gmt":"2023-01-07T20:05:34","guid":{"rendered":"https:\/\/frauenaerztin-duesseldorf.dr-wechsler.de\/?page_id=3853"},"modified":"2026-02-12T23:22:33","modified_gmt":"2026-02-12T23:22:33","slug":"ihre-frauenaerztin-in-duesseldorf","status":"publish","type":"page","link":"https:\/\/frauenarzt-net.de\/ihre-frauenaerztin-in-duesseldorf\/","title":{"rendered":"Dr. Georgina Wechsler"},"content":{"rendered":"\t\t<div data-elementor-type=\"wp-page\" data-elementor-id=\"3853\" class=\"elementor elementor-3853\">\n\t\t\t\t\t\t\t<div class=\"elementor-element elementor-element-0714a1f e-con-boxed e-con\" data-id=\"0714a1f\" data-element_type=\"container\" data-settings=\"{&quot;content_width&quot;:&quot;boxed&quot;}\">\n\t\t\t\t\t<div class=\"e-con-inner\">\n\t\t\t\t<div class=\"elementor-element elementor-element-6b93e15 elementor-widget elementor-widget-text-editor\" data-id=\"6b93e15\" data-element_type=\"widget\" data-widget_type=\"text-editor.default\">\n\t\t\t\t<div class=\"elementor-widget-container\">\n\t\t\t<style>\/*! elementor - v3.9.2 - 21-12-2022 *\/\n.elementor-widget-text-editor.elementor-drop-cap-view-stacked .elementor-drop-cap{background-color:#818a91;color:#fff}.elementor-widget-text-editor.elementor-drop-cap-view-framed .elementor-drop-cap{color:#818a91;border:3px solid;background-color:transparent}.elementor-widget-text-editor:not(.elementor-drop-cap-view-default) .elementor-drop-cap{margin-top:8px}.elementor-widget-text-editor:not(.elementor-drop-cap-view-default) .elementor-drop-cap-letter{width:1em;height:1em}.elementor-widget-text-editor .elementor-drop-cap{float:left;text-align:center;line-height:1;font-size:50px}.elementor-widget-text-editor .elementor-drop-cap-letter{display:inline-block}<\/style>\t\t\t\t<h1 class=\"mb-3 mt-3 text-3xl font-normal first:mt-3\">Dr. Georgina Wechsler<\/h1><h2 class=\"mb-3 mt-3 text-3xl font-normal first:mt-3\">Your Experienced Gynecologist in D\u00fcsseldorf<\/h2>\t\t\t\t\t\t<\/div>\n\t\t\t\t<\/div>\n\t\t\t\t\t<\/div>\n\t\t\t\t<\/div>\n\t\t<div class=\"elementor-element elementor-element-0a8c2fc elementor-hidden-mobile e-con-boxed e-con\" data-id=\"0a8c2fc\" data-element_type=\"container\" data-settings=\"{&quot;content_width&quot;:&quot;boxed&quot;}\">\n\t\t\t\t\t<div class=\"e-con-inner\">\n\t\t<div class=\"elementor-element elementor-element-c00ab6d e-con-full e-con\" data-id=\"c00ab6d\" data-element_type=\"container\" data-settings=\"{&quot;content_width&quot;:&quot;full&quot;}\">\n\t\t\t\t<div class=\"elementor-element elementor-element-b3c79f9 elementor-widget elementor-widget-image\" data-id=\"b3c79f9\" data-element_type=\"widget\" data-widget_type=\"image.default\">\n\t\t\t\t<div class=\"elementor-widget-container\">\n\t\t\t<style>\/*! elementor - v3.9.2 - 21-12-2022 *\/\n.elementor-widget-image{text-align:center}.elementor-widget-image a{display:inline-block}.elementor-widget-image a img[src$=\".svg\"]{width:48px}.elementor-widget-image img{vertical-align:middle;display:inline-block}<\/style>\t\t\t\t\t\t\t\t\t\t\t\t<img decoding=\"async\" width=\"276\" height=\"404\" src=\"https:\/\/frauenarzt-net.de\/wp-content\/uploads\/2025\/11\/dr-georgina-wechsler.jpg\" class=\"attachment-large size-large wp-image-5618\" alt=\"\" loading=\"lazy\" srcset=\"https:\/\/frauenarzt-net.de\/wp-content\/uploads\/2025\/11\/dr-georgina-wechsler.jpg 276w, https:\/\/frauenarzt-net.de\/wp-content\/uploads\/2025\/11\/dr-georgina-wechsler-273x400.jpg 273w, https:\/\/frauenarzt-net.de\/wp-content\/uploads\/2025\/11\/dr-georgina-wechsler-171x250.jpg 171w\" sizes=\"(max-width: 276px) 100vw, 276px\" \/>\t\t\t\t\t\t\t\t\t\t\t\t\t\t\t<\/div>\n\t\t\t\t<\/div>\n\t\t\t\t<div class=\"elementor-element elementor-element-ec77cd8 elementor-widget elementor-widget-text-editor\" data-id=\"ec77cd8\" data-element_type=\"widget\" data-widget_type=\"text-editor.default\">\n\t\t\t\t<div class=\"elementor-widget-container\">\n\t\t\t\t\t\t\t<p><strong>Dr. med. Georgina Wechsler<\/strong><\/p><table><tbody><tr><td>Specialist in obstetrics and gynecology<\/td><\/tr><tr><td>Psychotherapy \u2013 sex therapy<\/td><\/tr><tr><td>Member of the German Society of Anti-Aging Medicine<\/td><\/tr><tr><td>Quality management<\/td><\/tr><tr><td>Online therapy<\/td><\/tr><\/tbody><\/table>\t\t\t\t\t\t<\/div>\n\t\t\t\t<\/div>\n\t\t\t\t<div class=\"elementor-element elementor-element-420e513 elementor-widget elementor-widget-button\" data-id=\"420e513\" data-element_type=\"widget\" data-widget_type=\"button.default\">\n\t\t\t\t<div class=\"elementor-widget-container\">\n\t\t\t\t\t<div class=\"elementor-button-wrapper\">\n\t\t\t<a href=\"https:\/\/www.doctolib.de\/frauenarzt\/duesseldorf\/georgina-wechsler-duesseldorf\" class=\"elementor-button-link elementor-button elementor-size-sm\" role=\"button\">\n\t\t\t\t\t\t<span class=\"elementor-button-content-wrapper\">\n\t\t\t\t\t\t<span class=\"elementor-button-text\">Book appointment<\/span>\n\t\t<\/span>\n\t\t\t\t\t<\/a>\n\t\t<\/div>\n\t\t\t\t<\/div>\n\t\t\t\t<\/div>\n\t\t\t\t<\/div>\n\t\t<div class=\"elementor-element elementor-element-84a914b e-con-full e-con\" data-id=\"84a914b\" data-element_type=\"container\" data-settings=\"{&quot;content_width&quot;:&quot;full&quot;}\">\n\t\t\t\t<div class=\"elementor-element elementor-element-e218e6e elementor-widget elementor-widget-text-editor\" data-id=\"e218e6e\" data-element_type=\"widget\" data-widget_type=\"text-editor.default\">\n\t\t\t\t<div class=\"elementor-widget-container\">\n\t\t\t\t\t\t\t<p><strong>Dr. Georgina Wechsler<\/strong> is a specialist in obstetrics and gynecology with extensive expertise in psychotherapy and sex therapy.<\/p><p>Her years of experience and continuous education enable her to provide patients with the highest level of care.<\/p><p>As a member of the German Society of Anti-Aging Medicine, she offers her patients comprehensive care throughout all stages of life, from puberty to menopause and beyond. Dr. Wechsler follows a holistic approach in her practice.<\/p><p>This means she not only considers physical symptoms but also takes into account psychological, emotional, and social factors that influence her patients&#8217; health. This comprehensive view allows her to develop tailored treatment plans that are customized to each patient&#8217;s individual needs.<\/p><p>In addition to her gynecological practice, Dr. Wechsler places great emphasis on quality management to ensure the best possible care at all times. She also offers online therapy, creating flexible and convenient consultation options for her patients.<\/p><p>Her expertise in sex therapy allows her to address sensitive topics with empathy and professionalism.<\/p><p><strong>Dr. Wechsler is fluent in German, English, French, and Romanian.<\/strong><\/p><p>This linguistic diversity enables her to care for patients from various cultures in their native language and build a trusting doctor-patient relationship.<\/p><p>Her intercultural competence makes her a particularly valued point of contact for women with diverse cultural backgrounds.<\/p>\t\t\t\t\t\t<\/div>\n\t\t\t\t<\/div>\n\t\t\t\t<\/div>\n\t\t\t\t\t<\/div>\n\t\t\t\t<\/div>\n\t\t<div class=\"elementor-element elementor-element-5e090a1 elementor-hidden-desktop elementor-hidden-tablet e-con-boxed e-con\" data-id=\"5e090a1\" data-element_type=\"container\" data-settings=\"{&quot;content_width&quot;:&quot;boxed&quot;}\">\n\t\t\t\t\t<div class=\"e-con-inner\">\n\t\t<div class=\"elementor-element elementor-element-58411d0 e-con-full e-con\" data-id=\"58411d0\" data-element_type=\"container\" data-settings=\"{&quot;content_width&quot;:&quot;full&quot;}\">\n\t\t\t\t<div class=\"elementor-element elementor-element-01d19fe elementor-widget elementor-widget-image\" data-id=\"01d19fe\" data-element_type=\"widget\" data-widget_type=\"image.default\">\n\t\t\t\t<div class=\"elementor-widget-container\">\n\t\t\t\t\t\t\t\t\t\t\t\t\t\t\t<img decoding=\"async\" width=\"276\" height=\"404\" src=\"https:\/\/frauenarzt-net.de\/wp-content\/uploads\/2025\/11\/dr-georgina-wechsler.jpg\" class=\"attachment-large size-large wp-image-5618\" alt=\"\" loading=\"lazy\" srcset=\"https:\/\/frauenarzt-net.de\/wp-content\/uploads\/2025\/11\/dr-georgina-wechsler.jpg 276w, https:\/\/frauenarzt-net.de\/wp-content\/uploads\/2025\/11\/dr-georgina-wechsler-273x400.jpg 273w, https:\/\/frauenarzt-net.de\/wp-content\/uploads\/2025\/11\/dr-georgina-wechsler-171x250.jpg 171w\" sizes=\"(max-width: 276px) 100vw, 276px\" \/>\t\t\t\t\t\t\t\t\t\t\t\t\t\t\t<\/div>\n\t\t\t\t<\/div>\n\t\t\t\t<div class=\"elementor-element elementor-element-2e097d0 elementor-widget elementor-widget-text-editor\" data-id=\"2e097d0\" data-element_type=\"widget\" data-widget_type=\"text-editor.default\">\n\t\t\t\t<div class=\"elementor-widget-container\">\n\t\t\t\t\t\t\t<p><strong>Dr. med. Georgina Wechsler<\/strong><\/p><table><tbody><tr><td><img decoding=\"async\" src=\"https:\/\/dr-wechsler.de\/wp-content\/uploads\/2020\/07\/punkt.png\" \/> Specialist in obstetrics and gynecology<\/td><\/tr><tr><td><img decoding=\"async\" src=\"https:\/\/dr-wechsler.de\/wp-content\/uploads\/2020\/07\/punkt.png\" \/> Psychotherapy \u2013 sex therapy<\/td><\/tr><tr><td><img decoding=\"async\" src=\"https:\/\/dr-wechsler.de\/wp-content\/uploads\/2020\/07\/punkt.png\" \/> Member of the German Society of Anti-Aging Medicine<\/td><\/tr><tr><td><img decoding=\"async\" src=\"https:\/\/dr-wechsler.de\/wp-content\/uploads\/2020\/07\/punkt.png\" \/> Quality management<\/td><\/tr><tr><td><img decoding=\"async\" src=\"https:\/\/dr-wechsler.de\/wp-content\/uploads\/2020\/07\/punkt.png\" \/> Online therapy<\/td><\/tr><\/tbody><\/table>\t\t\t\t\t\t<\/div>\n\t\t\t\t<\/div>\n\t\t\t\t<div class=\"elementor-element elementor-element-19b4f71 elementor-widget elementor-widget-button\" data-id=\"19b4f71\" data-element_type=\"widget\" data-widget_type=\"button.default\">\n\t\t\t\t<div class=\"elementor-widget-container\">\n\t\t\t\t\t<div class=\"elementor-button-wrapper\">\n\t\t\t<a href=\"https:\/\/www.doctolib.de\/frauenarzt\/duesseldorf\/georgina-wechsler-duesseldorf\" class=\"elementor-button-link elementor-button elementor-size-sm\" role=\"button\">\n\t\t\t\t\t\t<span class=\"elementor-button-content-wrapper\">\n\t\t\t\t\t\t<span class=\"elementor-button-text\">Book appointment<\/span>\n\t\t<\/span>\n\t\t\t\t\t<\/a>\n\t\t<\/div>\n\t\t\t\t<\/div>\n\t\t\t\t<\/div>\n\t\t\t\t<\/div>\n\t\t<div class=\"elementor-element elementor-element-6db1a1f e-con-full e-con\" data-id=\"6db1a1f\" data-element_type=\"container\" data-settings=\"{&quot;content_width&quot;:&quot;full&quot;}\">\n\t\t\t\t<div class=\"elementor-element elementor-element-ca8eb8b elementor-widget elementor-widget-text-editor\" data-id=\"ca8eb8b\" data-element_type=\"widget\" data-widget_type=\"text-editor.default\">\n\t\t\t\t<div class=\"elementor-widget-container\">\n\t\t\t\t\t\t\t<p><strong>Dr. Georgina Wechsler<\/strong> is a specialist in obstetrics and gynecology with extensive expertise in psychotherapy and sex therapy.<\/p><p>Her years of experience and continuous education enable her to provide patients with the highest level of care.<\/p><p>As a member of the German Society of Anti-Aging Medicine, she offers her patients comprehensive care throughout all stages of life, from puberty to menopause and beyond. Dr. Wechsler follows a holistic approach in her practice.<\/p><p>This means she not only considers physical symptoms but also takes into account psychological, emotional, and social factors that influence her patients&#8217; health. This comprehensive view allows her to develop tailored treatment plans that are customized to each patient&#8217;s individual needs.<\/p><p>In addition to her gynecological practice, Dr. Wechsler places great emphasis on quality management to ensure the best possible care at all times. She also offers online therapy, creating flexible and convenient consultation options for her patients.<\/p><p>Her expertise in sex therapy allows her to address sensitive topics with empathy and professionalism.<\/p><p><strong>Dr. Wechsler is fluent in German, English, French, and Romanian.<\/strong><\/p><p>This linguistic diversity enables her to care for patients from various cultures in their native language and build a trusting doctor-patient relationship.<\/p><p>Her intercultural competence makes her a particularly valued point of contact for women with diverse cultural backgrounds.<\/p>\t\t\t\t\t\t<\/div>\n\t\t\t\t<\/div>\n\t\t\t\t<\/div>\n\t\t\t\t\t<\/div>\n\t\t\t\t<\/div>\n\t\t<div class=\"elementor-element elementor-element-68c1bb0 e-con-boxed e-con\" data-id=\"68c1bb0\" data-element_type=\"container\" data-settings=\"{&quot;content_width&quot;:&quot;boxed&quot;}\">\n\t\t\t\t\t<div class=\"e-con-inner\">\n\t\t\t\t<div class=\"elementor-element elementor-element-9e7ebdc elementor-widget elementor-widget-image\" data-id=\"9e7ebdc\" data-element_type=\"widget\" data-widget_type=\"image.default\">\n\t\t\t\t<div class=\"elementor-widget-container\">\n\t\t\t\t\t\t\t\t\t\t\t\t\t\t\t<img decoding=\"async\" width=\"1000\" height=\"436\" src=\"https:\/\/frauenarzt-net.de\/wp-content\/uploads\/2024\/12\/georgina-wechsler.jpg\" class=\"attachment-large size-large wp-image-5228\" alt=\"Georgina Wechsler Frauenarzt D\u00fcsseldorf\" loading=\"lazy\" srcset=\"https:\/\/frauenarzt-net.de\/wp-content\/uploads\/2024\/12\/georgina-wechsler.jpg 1000w, https:\/\/frauenarzt-net.de\/wp-content\/uploads\/2024\/12\/georgina-wechsler-400x174.jpg 400w, https:\/\/frauenarzt-net.de\/wp-content\/uploads\/2024\/12\/georgina-wechsler-250x109.jpg 250w, https:\/\/frauenarzt-net.de\/wp-content\/uploads\/2024\/12\/georgina-wechsler-768x335.jpg 768w\" sizes=\"(max-width: 1000px) 100vw, 1000px\" \/>\t\t\t\t\t\t\t\t\t\t\t\t\t\t\t<\/div>\n\t\t\t\t<\/div>\n\t\t\t\t\t<\/div>\n\t\t\t\t<\/div>\n\t\t<div class=\"elementor-element elementor-element-f8d2c7d e-con-boxed e-con\" data-id=\"f8d2c7d\" data-element_type=\"container\" data-settings=\"{&quot;content_width&quot;:&quot;boxed&quot;}\">\n\t\t\t\t\t<div class=\"e-con-inner\">\n\t\t<div class=\"elementor-element elementor-element-49d1016 e-con-full e-con\" data-id=\"49d1016\" data-element_type=\"container\" data-settings=\"{&quot;content_width&quot;:&quot;full&quot;}\">\n\t\t\t\t<div class=\"elementor-element elementor-element-afdccd1 elementor-widget elementor-widget-text-editor\" data-id=\"afdccd1\" data-element_type=\"widget\" data-widget_type=\"text-editor.default\">\n\t\t\t\t<div class=\"elementor-widget-container\">\n\t\t\t\t\t\t\t<h2>All about your pregnancy:<\/h2><p><a href=\"https:\/\/frauenarzt-net.de\/ersttrimesterscreening\/\">First trimester screening<\/a><\/p><p><a href=\"https:\/\/frauenarzt-net.de\/praenatale-testung-dna\/\">Prenatal testing (DNA)<\/a><\/p><p><a href=\"https:\/\/frauenarzt-net.de\/fehlbildungsdiagnostik\/\">Fetal anomaly screening<\/a><\/p><p><a href=\"https:\/\/frauenarzt-net.de\/doppleruntersuchung-in-duesseldorf\/\">Doppler examination<\/a><\/p><p><a href=\"https:\/\/frauenarzt-net.de\/risikoschwangerschaften\/\">High-risk pregnancies<\/a><\/p><p><a href=\"https:\/\/frauenarzt-net.de\/schwangerschaftsvergiftung\/\">Preeclampsia<\/a><\/p><p><a href=\"https:\/\/frauenarzt-net.de\/beratung-zur-mehrlingsschwangerschaft\/\">Multiple pregnancy<\/a><\/p><p><a href=\"https:\/\/frauenarzt-net.de\/beratung-zur-geburt\/\">Birth counseling<\/a><\/p>\t\t\t\t\t\t<\/div>\n\t\t\t\t<\/div>\n\t\t\t\t<\/div>\n\t\t<div class=\"elementor-element elementor-element-3f22252 e-con-full e-con\" data-id=\"3f22252\" data-element_type=\"container\" data-settings=\"{&quot;content_width&quot;:&quot;full&quot;}\">\n\t\t\t\t<div class=\"elementor-element elementor-element-012b6b0 elementor-widget elementor-widget-text-editor\" data-id=\"012b6b0\" data-element_type=\"widget\" data-widget_type=\"text-editor.default\">\n\t\t\t\t<div class=\"elementor-widget-container\">\n\t\t\t\t\t\t\t<h2>Gynecology:<\/h2><p><a href=\"https:\/\/frauenarzt-net.de\/teenager-sprechstunde\/\">Teenager consultation<\/a><\/p><p><a href=\"https:\/\/frauenarzt-net.de\/vorsorge\/\">Preventive care<\/a><\/p><p><a href=\"https:\/\/frauenarzt-net.de\/verhuetung\/\">Contraception<\/a><\/p><p><a href=\"https:\/\/frauenarzt-net.de\/kinderwunsch\/\">Fertility<\/a><\/p><p><a href=\"https:\/\/frauenarzt-net.de\/kinderwunsch-copy\/\">Hormone consultation<\/a><\/p><p><a href=\"https:\/\/frauenarzt-net.de\/wechseljahre\/\">Menopause<\/a><\/p><p><a href=\"https:\/\/frauenarzt-net.de\/brusterkrankungen\/\">Breast diseases<\/a><\/p><p><a href=\"https:\/\/frauenarzt-net.de\/krebserkrankungen\/\">Cancer<\/a><\/p><p><a href=\"https:\/\/frauenarzt-net.de\/inkontinenz\/\">Incontinence<\/a><\/p><p><a href=\"https:\/\/frauenarzt-net.de\/endometriose\/\">Endometriosis<\/a><\/p><p><a href=\"https:\/\/frauenarzt-net.de\/ultraschalldiagnostik\/\">Ultrasound diagnostics<\/a><\/p><p><a href=\"https:\/\/frauenarzt-net.de\/impfungen\/\">Vaccinations<\/a><\/p>\t\t\t\t\t\t<\/div>\n\t\t\t\t<\/div>\n\t\t\t\t<\/div>\n\t\t\t\t\t<\/div>\n\t\t\t\t<\/div>\n\t\t\t\t\t\t\t<\/div>\n\t\t","protected":false},"excerpt":{"rendered":"<p>Dr. Georgina Wechsler Ihre erfahrene Frauen\u00e4rztin in D\u00fcsseldorf Dr. med. Georgina Wechsler Fach\u00e4rztin f\u00fcr Geburtshilfe und Gyn\u00e4kologie Psychotherapie &#8211; Sexualtherapie Mitglied der German Society of Anti-Aging Medicine Qualit\u00e4tsmanagement Online &#8211; Therapie Termin vereinbaren Dr. Georgina Wechsler ist Fach\u00e4rztin f\u00fcr Geburtshilfe und Gyn\u00e4kologie mit umfassender Expertise in Psychotherapie und Sexualtherapie. Ihre langj\u00e4hrige Erfahrung und kontinuierliche Weiterbildung [&hellip;]<\/p>\n","protected":false},"author":4,"featured_media":0,"parent":0,"menu_order":0,"comment_status":"closed","ping_status":"closed","template":"elementor_header_footer","meta":[],"yoast_head":"<!-- This site is optimized with the Yoast SEO plugin v19.13 - https:\/\/yoast.com\/wordpress\/plugins\/seo\/ -->\n<title>Ihre Frauen\u00e4rztin in D\u00fcsseldorf<\/title>\n<meta name=\"description\" content=\"Dr. Georgina Wechsler - Ihre Frauen\u00e4rztin in D\u00fcsseldorf und Fach\u00e4rztin f\u00fcr Psychotherapie. Ganzheitliche medizinische Betreuung und Anti Aging\" \/>\n<meta name=\"robots\" content=\"index, follow, max-snippet:-1, max-image-preview:large, max-video-preview:-1\" \/>\n<link rel=\"canonical\" href=\"https:\/\/frauenarzt-net.de\/ihre-frauenaerztin-in-duesseldorf\/\" \/>\n<meta property=\"og:locale\" content=\"en_US\" \/>\n<meta property=\"og:type\" content=\"article\" \/>\n<meta property=\"og:title\" content=\"Ihre Frauen\u00e4rztin in D\u00fcsseldorf\" \/>\n<meta property=\"og:description\" content=\"Dr. Georgina Wechsler - Ihre Frauen\u00e4rztin in D\u00fcsseldorf und Fach\u00e4rztin f\u00fcr Psychotherapie. Ganzheitliche medizinische Betreuung und Anti Aging\" \/>\n<meta property=\"og:url\" content=\"https:\/\/frauenarzt-net.de\/ihre-frauenaerztin-in-duesseldorf\/\" \/>\n<meta property=\"og:site_name\" content=\"Praxis Dr. Wechsler - Ihre Frauen\u00e4rztin in D\u00fcsseldorf und Umgebung\" \/>\n<meta property=\"article:modified_time\" content=\"2026-02-12T23:22:33+00:00\" \/>\n<meta property=\"og:image\" content=\"https:\/\/frauenarzt-net.de\/wp-content\/uploads\/2025\/11\/dr-georgina-wechsler.jpg\" \/>\n<meta name=\"twitter:card\" content=\"summary_large_image\" \/>\n<meta name=\"twitter:label1\" content=\"Est. reading time\" \/>\n\t<meta name=\"twitter:data1\" content=\"3 minutes\" \/>\n<script type=\"application\/ld+json\" class=\"yoast-schema-graph\">{\"@context\":\"https:\/\/schema.org\",\"@graph\":[{\"@type\":\"WebPage\",\"@id\":\"https:\/\/frauenarzt-net.de\/ihre-frauenaerztin-in-duesseldorf\/\",\"url\":\"https:\/\/frauenarzt-net.de\/ihre-frauenaerztin-in-duesseldorf\/\",\"name\":\"Ihre Frauen\u00e4rztin in D\u00fcsseldorf\",\"isPartOf\":{\"@id\":\"https:\/\/frauenarzt-net.de\/#website\"},\"datePublished\":\"2023-01-07T20:05:34+00:00\",\"dateModified\":\"2026-02-12T23:22:33+00:00\",\"description\":\"Dr. Georgina Wechsler - Ihre Frauen\u00e4rztin in D\u00fcsseldorf und Fach\u00e4rztin f\u00fcr Psychotherapie. Ganzheitliche medizinische Betreuung und Anti Aging\",\"breadcrumb\":{\"@id\":\"https:\/\/frauenarzt-net.de\/ihre-frauenaerztin-in-duesseldorf\/#breadcrumb\"},\"inLanguage\":\"en-US\",\"potentialAction\":[{\"@type\":\"ReadAction\",\"target\":[\"https:\/\/frauenarzt-net.de\/ihre-frauenaerztin-in-duesseldorf\/\"]}]},{\"@type\":\"BreadcrumbList\",\"@id\":\"https:\/\/frauenarzt-net.de\/ihre-frauenaerztin-in-duesseldorf\/#breadcrumb\",\"itemListElement\":[{\"@type\":\"ListItem\",\"position\":1,\"name\":\"Home\",\"item\":\"https:\/\/frauenarzt-net.de\/\"},{\"@type\":\"ListItem\",\"position\":2,\"name\":\"Dr. Georgina Wechsler\"}]},{\"@type\":\"WebSite\",\"@id\":\"https:\/\/frauenarzt-net.de\/#website\",\"url\":\"https:\/\/frauenarzt-net.de\/\",\"name\":\"Praxis Dr. Wechsler - Ihre Frauen\u00e4rztin in D\u00fcsseldorf und Umgebung\",\"description\":\"\",\"publisher\":{\"@id\":\"https:\/\/frauenarzt-net.de\/#organization\"},\"potentialAction\":[{\"@type\":\"SearchAction\",\"target\":{\"@type\":\"EntryPoint\",\"urlTemplate\":\"https:\/\/frauenarzt-net.de\/?s={search_term_string}\"},\"query-input\":\"required name=search_term_string\"}],\"inLanguage\":\"en-US\"},{\"@type\":\"Organization\",\"@id\":\"https:\/\/frauenarzt-net.de\/#organization\",\"name\":\"INVESTMENT COINS\",\"url\":\"https:\/\/frauenarzt-net.de\/\",\"logo\":{\"@type\":\"ImageObject\",\"inLanguage\":\"en-US\",\"@id\":\"https:\/\/frauenarzt-net.de\/#\/schema\/logo\/image\/\",\"url\":\"https:\/\/frauenaerztin-duesseldorf.dr-wechsler.de\/wp-content\/uploads\/2021\/07\/logo2.png\",\"contentUrl\":\"https:\/\/frauenaerztin-duesseldorf.dr-wechsler.de\/wp-content\/uploads\/2021\/07\/logo2.png\",\"width\":794,\"height\":71,\"caption\":\"INVESTMENT COINS\"},\"image\":{\"@id\":\"https:\/\/frauenarzt-net.de\/#\/schema\/logo\/image\/\"}}]}<\/script>\n<!-- \/ Yoast SEO plugin. -->","yoast_head_json":{"title":"Ihre Frauen\u00e4rztin in D\u00fcsseldorf","description":"Dr. Georgina Wechsler - Ihre Frauen\u00e4rztin in D\u00fcsseldorf und Fach\u00e4rztin f\u00fcr Psychotherapie. Ganzheitliche medizinische Betreuung und Anti Aging","robots":{"index":"index","follow":"follow","max-snippet":"max-snippet:-1","max-image-preview":"max-image-preview:large","max-video-preview":"max-video-preview:-1"},"canonical":"https:\/\/frauenarzt-net.de\/ihre-frauenaerztin-in-duesseldorf\/","og_locale":"en_US","og_type":"article","og_title":"Ihre Frauen\u00e4rztin in D\u00fcsseldorf","og_description":"Dr. Georgina Wechsler - Ihre Frauen\u00e4rztin in D\u00fcsseldorf und Fach\u00e4rztin f\u00fcr Psychotherapie. Ganzheitliche medizinische Betreuung und Anti Aging","og_url":"https:\/\/frauenarzt-net.de\/ihre-frauenaerztin-in-duesseldorf\/","og_site_name":"Praxis Dr. Wechsler - Ihre Frauen\u00e4rztin in D\u00fcsseldorf und Umgebung","article_modified_time":"2026-02-12T23:22:33+00:00","og_image":[{"url":"https:\/\/frauenarzt-net.de\/wp-content\/uploads\/2025\/11\/dr-georgina-wechsler.jpg"}],"twitter_card":"summary_large_image","twitter_misc":{"Est. reading time":"3 minutes"},"schema":{"@context":"https:\/\/schema.org","@graph":[{"@type":"WebPage","@id":"https:\/\/frauenarzt-net.de\/ihre-frauenaerztin-in-duesseldorf\/","url":"https:\/\/frauenarzt-net.de\/ihre-frauenaerztin-in-duesseldorf\/","name":"Ihre Frauen\u00e4rztin in D\u00fcsseldorf","isPartOf":{"@id":"https:\/\/frauenarzt-net.de\/#website"},"datePublished":"2023-01-07T20:05:34+00:00","dateModified":"2026-02-12T23:22:33+00:00","description":"Dr. Georgina Wechsler - Ihre Frauen\u00e4rztin in D\u00fcsseldorf und Fach\u00e4rztin f\u00fcr Psychotherapie. Ganzheitliche medizinische Betreuung und Anti Aging","breadcrumb":{"@id":"https:\/\/frauenarzt-net.de\/ihre-frauenaerztin-in-duesseldorf\/#breadcrumb"},"inLanguage":"en-US","potentialAction":[{"@type":"ReadAction","target":["https:\/\/frauenarzt-net.de\/ihre-frauenaerztin-in-duesseldorf\/"]}]},{"@type":"BreadcrumbList","@id":"https:\/\/frauenarzt-net.de\/ihre-frauenaerztin-in-duesseldorf\/#breadcrumb","itemListElement":[{"@type":"ListItem","position":1,"name":"Home","item":"https:\/\/frauenarzt-net.de\/"},{"@type":"ListItem","position":2,"name":"Dr. Georgina Wechsler"}]},{"@type":"WebSite","@id":"https:\/\/frauenarzt-net.de\/#website","url":"https:\/\/frauenarzt-net.de\/","name":"Praxis Dr. Wechsler - Ihre Frauen\u00e4rztin in D\u00fcsseldorf und Umgebung","description":"","publisher":{"@id":"https:\/\/frauenarzt-net.de\/#organization"},"potentialAction":[{"@type":"SearchAction","target":{"@type":"EntryPoint","urlTemplate":"https:\/\/frauenarzt-net.de\/?s={search_term_string}"},"query-input":"required name=search_term_string"}],"inLanguage":"en-US"},{"@type":"Organization","@id":"https:\/\/frauenarzt-net.de\/#organization","name":"INVESTMENT COINS","url":"https:\/\/frauenarzt-net.de\/","logo":{"@type":"ImageObject","inLanguage":"en-US","@id":"https:\/\/frauenarzt-net.de\/#\/schema\/logo\/image\/","url":"https:\/\/frauenaerztin-duesseldorf.dr-wechsler.de\/wp-content\/uploads\/2021\/07\/logo2.png","contentUrl":"https:\/\/frauenaerztin-duesseldorf.dr-wechsler.de\/wp-content\/uploads\/2021\/07\/logo2.png","width":794,"height":71,"caption":"INVESTMENT COINS"},"image":{"@id":"https:\/\/frauenarzt-net.de\/#\/schema\/logo\/image\/"}}]}},"_links":{"self":[{"href":"https:\/\/frauenarzt-net.de\/wp-json\/wp\/v2\/pages\/3853"}],"collection":[{"href":"https:\/\/frauenarzt-net.de\/wp-json\/wp\/v2\/pages"}],"about":[{"href":"https:\/\/frauenarzt-net.de\/wp-json\/wp\/v2\/types\/page"}],"author":[{"embeddable":true,"href":"https:\/\/frauenarzt-net.de\/wp-json\/wp\/v2\/users\/4"}],"replies":[{"embeddable":true,"href":"https:\/\/frauenarzt-net.de\/wp-json\/wp\/v2\/comments?post=3853"}],"version-history":[{"count":140,"href":"https:\/\/frauenarzt-net.de\/wp-json\/wp\/v2\/pages\/3853\/revisions"}],"predecessor-version":[{"id":7226,"href":"https:\/\/frauenarzt-net.de\/wp-json\/wp\/v2\/pages\/3853\/revisions\/7226"}],"wp:attachment":[{"href":"https:\/\/frauenarzt-net.de\/wp-json\/wp\/v2\/media?parent=3853"}],"curies":[{"name":"wp","href":"https:\/\/api.w.org\/{rel}","templated":true}]}}