{"id":3807,"date":"2023-01-07T19:47:49","date_gmt":"2023-01-07T19:47:49","guid":{"rendered":"https:\/\/frauenaerztin-duesseldorf.dr-wechsler.de\/?page_id=3807"},"modified":"2025-12-02T11:37:35","modified_gmt":"2025-12-02T11:37:35","slug":"vorsorge","status":"publish","type":"page","link":"https:\/\/frauenarzt-net.de\/vorsorge\/","title":{"rendered":"Vorsorge"},"content":{"rendered":"\t\t<div data-elementor-type=\"wp-page\" data-elementor-id=\"3807\" class=\"elementor elementor-3807\">\n\t\t\t\t\t\t\t<div class=\"elementor-element elementor-element-a646ccf e-con-boxed e-con\" data-id=\"a646ccf\" data-element_type=\"container\" data-settings=\"{&quot;content_width&quot;:&quot;boxed&quot;}\">\n\t\t\t\t\t<div class=\"e-con-inner\">\n\t\t\t\t<div class=\"elementor-element elementor-element-f0f5c6f elementor-widget elementor-widget-heading\" data-id=\"f0f5c6f\" data-element_type=\"widget\" data-widget_type=\"heading.default\">\n\t\t\t\t<div class=\"elementor-widget-container\">\n\t\t\t<style>\/*! elementor - v3.9.2 - 21-12-2022 *\/\n.elementor-heading-title{padding:0;margin:0;line-height:1}.elementor-widget-heading .elementor-heading-title[class*=elementor-size-]>a{color:inherit;font-size:inherit;line-height:inherit}.elementor-widget-heading .elementor-heading-title.elementor-size-small{font-size:15px}.elementor-widget-heading .elementor-heading-title.elementor-size-medium{font-size:19px}.elementor-widget-heading .elementor-heading-title.elementor-size-large{font-size:29px}.elementor-widget-heading .elementor-heading-title.elementor-size-xl{font-size:39px}.elementor-widget-heading .elementor-heading-title.elementor-size-xxl{font-size:59px}<\/style><h1 class=\"elementor-heading-title elementor-size-default\">Your preventive care in good hands<\/h1>\t\t<\/div>\n\t\t\t\t<\/div>\n\t\t\t\t\t<\/div>\n\t\t\t\t<\/div>\n\t\t<div class=\"elementor-element elementor-element-1a75f0c e-con-boxed e-con\" data-id=\"1a75f0c\" data-element_type=\"container\" data-settings=\"{&quot;content_width&quot;:&quot;boxed&quot;}\">\n\t\t\t\t\t<div class=\"e-con-inner\">\n\t\t\t\t<div class=\"elementor-element elementor-element-1fd9d66 elementor-widget elementor-widget-heading\" data-id=\"1fd9d66\" data-element_type=\"widget\" data-widget_type=\"heading.default\">\n\t\t\t\t<div class=\"elementor-widget-container\">\n\t\t\t<h2 class=\"elementor-heading-title elementor-size-default\">The most important preventive examinations<\/h2>\t\t<\/div>\n\t\t\t\t<\/div>\n\t\t\t\t\t<\/div>\n\t\t\t\t<\/div>\n\t\t<div class=\"elementor-element elementor-element-64f4ff6 elementor-hidden-mobile e-con-boxed e-con\" data-id=\"64f4ff6\" data-element_type=\"container\" data-settings=\"{&quot;content_width&quot;:&quot;boxed&quot;}\">\n\t\t\t\t\t<div class=\"e-con-inner\">\n\t\t<div class=\"elementor-element elementor-element-b79077a e-con-full e-con\" data-id=\"b79077a\" data-element_type=\"container\" data-settings=\"{&quot;content_width&quot;:&quot;full&quot;}\">\n\t\t\t\t<div class=\"elementor-element elementor-element-e9ed9fa elementor-widget elementor-widget-text-editor\" data-id=\"e9ed9fa\" data-element_type=\"widget\" data-widget_type=\"text-editor.default\">\n\t\t\t\t<div class=\"elementor-widget-container\">\n\t\t\t<style>\/*! elementor - v3.9.2 - 21-12-2022 *\/\n.elementor-widget-text-editor.elementor-drop-cap-view-stacked .elementor-drop-cap{background-color:#818a91;color:#fff}.elementor-widget-text-editor.elementor-drop-cap-view-framed .elementor-drop-cap{color:#818a91;border:3px solid;background-color:transparent}.elementor-widget-text-editor:not(.elementor-drop-cap-view-default) .elementor-drop-cap{margin-top:8px}.elementor-widget-text-editor:not(.elementor-drop-cap-view-default) .elementor-drop-cap-letter{width:1em;height:1em}.elementor-widget-text-editor .elementor-drop-cap{float:left;text-align:center;line-height:1;font-size:50px}.elementor-widget-text-editor .elementor-drop-cap-letter{display:inline-block}<\/style>\t\t\t\t<p>It is recommended to have an annual gynecological check-up with your gynecologist in D\u00fcsseldorf Derendorf, which is covered by statutory health insurance. Depending on age, the statutory preventive care includes the following examinations: UP TO 25 YEARS OF AGE:<\/p><ul class=\"marker:text-textOff list-disc pl-8\"><li>Annual chlamydia screening in urine<\/li><\/ul><p>FROM 20 YEARS OF AGE:<\/p><ul class=\"marker:text-textOff list-disc pl-8\"><li>Cervical smear (cancer smear, Pap smear)<\/li><li>Gynecological examination with palpation of the uterus and ovaries<\/li><\/ul><p>FROM 30 YEARS OF AGE:<\/p><ul class=\"marker:text-textOff list-disc pl-8\"><li>Additional examination and palpation of the breast and regional lymph nodes<\/li><\/ul>\t\t\t\t\t\t<\/div>\n\t\t\t\t<\/div>\n\t\t\t\t<\/div>\n\t\t<div class=\"elementor-element elementor-element-ac85c57 e-con-full e-con\" data-id=\"ac85c57\" data-element_type=\"container\" data-settings=\"{&quot;content_width&quot;:&quot;full&quot;}\">\n\t\t\t\t<div class=\"elementor-element elementor-element-3e25de3 elementor-widget elementor-widget-text-editor\" data-id=\"3e25de3\" data-element_type=\"widget\" data-widget_type=\"text-editor.default\">\n\t\t\t\t<div class=\"elementor-widget-container\">\n\t\t\t\t\t\t\t<p><span class=\"animate-in fade-in-25 duration-700\">FROM 35 YEARS<\/span><span class=\"animate-in fade-in-25 duration-700\"> OF AGE:<\/span><\/p><ul class=\"marker:text-textOff list-disc pl-8\"><li><span class=\"animate-in fade-in-25 duration-700\">Continued annual gynecological check-up<\/span><\/li><li><span class=\"animate-in fade-in-25 duration-700\">Cervical smear and Human Papillomavirus test (HPV test) every 3 years<\/span><\/li><\/ul><p><span class=\"animate-in fade-in-25 duration-700\">BETWEEN 50 AND 54 YEARS<\/span><span class=\"animate-in fade-in-25 duration-700\"> OF AGE:<\/span><\/p><ul class=\"marker:text-textOff list-disc pl-8\"><li><span class=\"animate-in fade-in-25 duration-700\">Colon cancer screening: annual test for blood in stool<\/span><\/li><li><span class=\"animate-in fade-in-25 duration-700\">From age 55, a colonoscopy can be performed by a specialist (surgeon or gastroenterologist)<\/span><\/li><\/ul><p><span class=\"animate-in fade-in-25 duration-700\">BETWEEN<\/span><span class=\"animate-in fade-in-25 duration-700\"> 50 AND 69 YEAR<\/span><span class=\"animate-in fade-in-25 duration-700\">S OF AGE:<\/span><\/p><ul class=\"marker:text-textOff list-disc pl-8\"><li><span class=\"animate-in fade-in-25 duration-700\">Mammography screening every 2 years at the radiologist<\/span><\/li><\/ul><p><span class=\"animate-in fade-in-25 duration-700\">In add<\/span><span class=\"animate-in fade-in-25 duration-700\">ition to the se<\/span><span class=\"animate-in fade-in-25 duration-700\">rvices covered b<\/span><span class=\"animate-in fade-in-25 duration-700\">y statutory hea<\/span><span class=\"animate-in fade-in-25 duration-700\">lth insurance,<\/span><span class=\"animate-in fade-in-25 duration-700\"> we offer additional ex<\/span><span class=\"animate-in fade-in-25 duration-700\">amination options in<\/span><span class=\"animate-in fade-in-25 duration-700\"> our gynecology prac<\/span><span class=\"animate-in fade-in-25 duration-700\">tice in D\u00fcsseldorf, incl<\/span><span class=\"animate-in fade-in-25 duration-700\">uding vaginal ultr<\/span><span class=\"animate-in fade-in-25 duration-700\">asound and brea<\/span><span class=\"animate-in fade-in-25 duration-700\">st ultrasound.<\/span><span class=\"animate-in fade-in-25 duration-700\"> We would be happy to a<\/span><span class=\"animate-in fade-in-25 duration-700\">dvise you in a pe<\/span><span class=\"animate-in fade-in-25 duration-700\">rsonal consultation abou<\/span><span class=\"animate-in fade-in-25 duration-700\">t the benefits<\/span><span class=\"animate-in fade-in-25 duration-700\"> of these additional<\/span><span class=\"animate-in fade-in-25 duration-700\"> services.<\/span><\/p>\t\t\t\t\t\t<\/div>\n\t\t\t\t<\/div>\n\t\t\t\t<div class=\"elementor-element elementor-element-7e4c6b8 elementor-align-left elementor-widget elementor-widget-button\" data-id=\"7e4c6b8\" data-element_type=\"widget\" data-widget_type=\"button.default\">\n\t\t\t\t<div class=\"elementor-widget-container\">\n\t\t\t\t\t<div class=\"elementor-button-wrapper\">\n\t\t\t<a href=\"https:\/\/www.doctolib.de\/privatpraxis\/duesseldorf\/privatpraxis-fuer-gynaekologie-dr-wechsler?utm_campaign=website-button&#038;utm_source=privatpraxis-fuer-gynaekologie-dr-wechsler-website-button&#038;utm_medium=referral&#038;utm_content=option-8&#038;utm_term=privatpraxis-fuer-gynaekologie-dr-wechsler\" class=\"elementor-button-link elementor-button elementor-size-sm\" role=\"button\">\n\t\t\t\t\t\t<span class=\"elementor-button-content-wrapper\">\n\t\t\t\t\t\t<span class=\"elementor-button-text\">Book appointment<\/span>\n\t\t<\/span>\n\t\t\t\t\t<\/a>\n\t\t<\/div>\n\t\t\t\t<\/div>\n\t\t\t\t<\/div>\n\t\t\t\t<\/div>\n\t\t\t\t\t<\/div>\n\t\t\t\t<\/div>\n\t\t<div class=\"elementor-element elementor-element-485bc2e elementor-hidden-desktop elementor-hidden-tablet e-con-boxed e-con\" data-id=\"485bc2e\" data-element_type=\"container\" data-settings=\"{&quot;content_width&quot;:&quot;boxed&quot;}\">\n\t\t\t\t\t<div class=\"e-con-inner\">\n\t\t<div class=\"elementor-element elementor-element-d1c16f0 e-con-full e-con\" data-id=\"d1c16f0\" data-element_type=\"container\" data-settings=\"{&quot;content_width&quot;:&quot;full&quot;}\">\n\t\t\t\t<div class=\"elementor-element elementor-element-ef707b2 elementor-widget elementor-widget-text-editor\" data-id=\"ef707b2\" data-element_type=\"widget\" data-widget_type=\"text-editor.default\">\n\t\t\t\t<div class=\"elementor-widget-container\">\n\t\t\t\t\t\t\t<p>It is recommended to have an annual gynecological check-up with your gynecologist in D\u00fcsseldorf Derendorf, which is covered by statutory health insurance. Depending on age, the statutory preventive care includes the following examinations: UP TO 25 YEARS OF AGE:<\/p><ul class=\"marker:text-textOff list-disc pl-8\"><li>Annual chlamydia screening in urine<\/li><\/ul><p>FROM 20 YEARS OF AGE:<\/p><ul class=\"marker:text-textOff list-disc pl-8\"><li>Cervical smear (cancer smear, Pap smear)<\/li><li>Gynecological examination with palpation of the uterus and ovaries<\/li><\/ul><p>FROM 30 YEARS OF AGE:<\/p><ul class=\"marker:text-textOff list-disc pl-8\"><li>Additional examination and palpation of the breast and regional lymph nodes<\/li><\/ul>\t\t\t\t\t\t<\/div>\n\t\t\t\t<\/div>\n\t\t\t\t<\/div>\n\t\t<div class=\"elementor-element elementor-element-97d3a4f e-con-full e-con\" data-id=\"97d3a4f\" data-element_type=\"container\" data-settings=\"{&quot;content_width&quot;:&quot;full&quot;}\">\n\t\t\t\t<div class=\"elementor-element elementor-element-1903113 elementor-widget elementor-widget-text-editor\" data-id=\"1903113\" data-element_type=\"widget\" data-widget_type=\"text-editor.default\">\n\t\t\t\t<div class=\"elementor-widget-container\">\n\t\t\t\t\t\t\t<p><span class=\"animate-in fade-in-25 duration-700\">FROM 35 YEARS<\/span><span class=\"animate-in fade-in-25 duration-700\"> OF AGE:<\/span><\/p><ul class=\"marker:text-textOff list-disc pl-8\"><li><span class=\"animate-in fade-in-25 duration-700\">Continued annual gynecological check-up<\/span><\/li><li><span class=\"animate-in fade-in-25 duration-700\">Cervical smear and Human Papillomavirus test (HPV test) every 3 years<\/span><\/li><\/ul><p><span class=\"animate-in fade-in-25 duration-700\">BETWEEN 50 AND 54 YEARS<\/span><span class=\"animate-in fade-in-25 duration-700\"> OF AGE:<\/span><\/p><ul class=\"marker:text-textOff list-disc pl-8\"><li><span class=\"animate-in fade-in-25 duration-700\">Colon cancer screening: annual test for blood in stool<\/span><\/li><li><span class=\"animate-in fade-in-25 duration-700\">From age 55, a colonoscopy can be performed by a specialist (surgeon or gastroenterologist)<\/span><\/li><\/ul><p><span class=\"animate-in fade-in-25 duration-700\">BETWEEN<\/span><span class=\"animate-in fade-in-25 duration-700\"> 50 AND 69 YEAR<\/span><span class=\"animate-in fade-in-25 duration-700\">S OF AGE:<\/span><\/p><ul class=\"marker:text-textOff list-disc pl-8\"><li><span class=\"animate-in fade-in-25 duration-700\">Mammography screening every 2 years at the radiologist<\/span><\/li><\/ul><p><span class=\"animate-in fade-in-25 duration-700\">In add<\/span><span class=\"animate-in fade-in-25 duration-700\">ition to the se<\/span><span class=\"animate-in fade-in-25 duration-700\">rvices covered b<\/span><span class=\"animate-in fade-in-25 duration-700\">y statutory hea<\/span><span class=\"animate-in fade-in-25 duration-700\">lth insurance,<\/span><span class=\"animate-in fade-in-25 duration-700\"> we offer additional ex<\/span><span class=\"animate-in fade-in-25 duration-700\">amination options in<\/span><span class=\"animate-in fade-in-25 duration-700\"> our gynecology prac<\/span><span class=\"animate-in fade-in-25 duration-700\">tice in D\u00fcsseldorf, incl<\/span><span class=\"animate-in fade-in-25 duration-700\">uding vaginal ultr<\/span><span class=\"animate-in fade-in-25 duration-700\">asound and brea<\/span><span class=\"animate-in fade-in-25 duration-700\">st ultrasound.<\/span><span class=\"animate-in fade-in-25 duration-700\"> We would be happy to a<\/span><span class=\"animate-in fade-in-25 duration-700\">dvise you in a pe<\/span><span class=\"animate-in fade-in-25 duration-700\">rsonal consultation abou<\/span><span class=\"animate-in fade-in-25 duration-700\">t the benefits<\/span><span class=\"animate-in fade-in-25 duration-700\"> of these additional<\/span><span class=\"animate-in fade-in-25 duration-700\"> services.<\/span><\/p>\t\t\t\t\t\t<\/div>\n\t\t\t\t<\/div>\n\t\t\t\t<div class=\"elementor-element elementor-element-02f6aa8 elementor-align-left elementor-mobile-align-center elementor-widget elementor-widget-button\" data-id=\"02f6aa8\" data-element_type=\"widget\" data-widget_type=\"button.default\">\n\t\t\t\t<div class=\"elementor-widget-container\">\n\t\t\t\t\t<div class=\"elementor-button-wrapper\">\n\t\t\t<a href=\"https:\/\/www.doctolib.de\/privatpraxis\/duesseldorf\/privatpraxis-fuer-gynaekologie-dr-wechsler?utm_campaign=website-button&#038;utm_source=privatpraxis-fuer-gynaekologie-dr-wechsler-website-button&#038;utm_medium=referral&#038;utm_content=option-8&#038;utm_term=privatpraxis-fuer-gynaekologie-dr-wechsler\" class=\"elementor-button-link elementor-button elementor-size-sm\" role=\"button\">\n\t\t\t\t\t\t<span class=\"elementor-button-content-wrapper\">\n\t\t\t\t\t\t<span class=\"elementor-button-text\">Book appointment<\/span>\n\t\t<\/span>\n\t\t\t\t\t<\/a>\n\t\t<\/div>\n\t\t\t\t<\/div>\n\t\t\t\t<\/div>\n\t\t\t\t<\/div>\n\t\t\t\t\t<\/div>\n\t\t\t\t<\/div>\n\t\t<div class=\"elementor-element elementor-element-54823c8 e-con-boxed e-con\" data-id=\"54823c8\" data-element_type=\"container\" data-settings=\"{&quot;content_width&quot;:&quot;boxed&quot;}\">\n\t\t\t\t\t<div class=\"e-con-inner\">\n\t\t\t\t<div class=\"elementor-element elementor-element-330434c elementor-widget elementor-widget-image\" data-id=\"330434c\" data-element_type=\"widget\" data-widget_type=\"image.default\">\n\t\t\t\t<div class=\"elementor-widget-container\">\n\t\t\t<style>\/*! elementor - v3.9.2 - 21-12-2022 *\/\n.elementor-widget-image{text-align:center}.elementor-widget-image a{display:inline-block}.elementor-widget-image a img[src$=\".svg\"]{width:48px}.elementor-widget-image img{vertical-align:middle;display:inline-block}<\/style>\t\t\t\t\t\t\t\t\t\t\t\t<img decoding=\"async\" width=\"1000\" height=\"436\" src=\"https:\/\/frauenarzt-net.de\/wp-content\/uploads\/2025\/12\/vorsorge4.jpg\" class=\"attachment-large size-large wp-image-6453\" alt=\"\" loading=\"lazy\" srcset=\"https:\/\/frauenarzt-net.de\/wp-content\/uploads\/2025\/12\/vorsorge4.jpg 1000w, https:\/\/frauenarzt-net.de\/wp-content\/uploads\/2025\/12\/vorsorge4-400x174.jpg 400w, https:\/\/frauenarzt-net.de\/wp-content\/uploads\/2025\/12\/vorsorge4-250x109.jpg 250w, https:\/\/frauenarzt-net.de\/wp-content\/uploads\/2025\/12\/vorsorge4-768x335.jpg 768w\" sizes=\"(max-width: 1000px) 100vw, 1000px\" \/>\t\t\t\t\t\t\t\t\t\t\t\t\t\t\t<\/div>\n\t\t\t\t<\/div>\n\t\t\t\t\t<\/div>\n\t\t\t\t<\/div>\n\t\t<div class=\"elementor-element elementor-element-c9684a0 e-con-boxed e-con\" data-id=\"c9684a0\" data-element_type=\"container\" data-settings=\"{&quot;content_width&quot;:&quot;boxed&quot;}\">\n\t\t\t\t\t<div class=\"e-con-inner\">\n\t\t<div class=\"elementor-element elementor-element-1db6f43 e-con-full e-con\" data-id=\"1db6f43\" data-element_type=\"container\" data-settings=\"{&quot;content_width&quot;:&quot;full&quot;}\">\n\t\t\t\t<div class=\"elementor-element elementor-element-50ee84d elementor-widget elementor-widget-text-editor\" data-id=\"50ee84d\" data-element_type=\"widget\" data-widget_type=\"text-editor.default\">\n\t\t\t\t<div class=\"elementor-widget-container\">\n\t\t\t\t\t\t\t<h2>All about your pregnancy:<\/h2><p><a href=\"https:\/\/frauenarzt-net.de\/ersttrimesterscreening\/\">First trimester screening<\/a><\/p><p><a href=\"https:\/\/frauenarzt-net.de\/doppleruntersuchung-in-duesseldorf\/\">Doppler examination<\/a><\/p><p><a href=\"https:\/\/frauenarzt-net.de\/risikoschwangerschaften\/\">High-risk pregnancies<\/a><\/p><p><a href=\"https:\/\/frauenarzt-net.de\/beratung-zur-geburt\/\">Birth counseling<\/a><\/p>\t\t\t\t\t\t<\/div>\n\t\t\t\t<\/div>\n\t\t\t\t<\/div>\n\t\t<div class=\"elementor-element elementor-element-8df7a69 e-con-full e-con\" data-id=\"8df7a69\" data-element_type=\"container\" data-settings=\"{&quot;content_width&quot;:&quot;full&quot;}\">\n\t\t\t\t<div class=\"elementor-element elementor-element-fec5355 elementor-widget elementor-widget-text-editor\" data-id=\"fec5355\" data-element_type=\"widget\" data-widget_type=\"text-editor.default\">\n\t\t\t\t<div class=\"elementor-widget-container\">\n\t\t\t\t\t\t\t<h2>Gynecology:<\/h2><p><a href=\"https:\/\/frauenarzt-net.de\/teenager-sprechstunde\/\">Teenager consultation<\/a><\/p><p><a href=\"https:\/\/frauenarzt-net.de\/vorsorge\/\">Preventive care<\/a><\/p><p><a href=\"https:\/\/frauenarzt-net.de\/verhuetung\/\">Contraception<\/a><\/p><p><a href=\"https:\/\/frauenarzt-net.de\/kinderwunsch\/\">Fertility<\/a><\/p><p><a href=\"https:\/\/frauenarzt-net.de\/kinderwunsch-copy\/\">Hormone consultation<\/a><\/p><p><a href=\"https:\/\/frauenarzt-net.de\/wechseljahre\/\">Menopause<\/a><\/p><p><a href=\"https:\/\/frauenarzt-net.de\/brusterkrankungen\/\">Breast diseases<\/a><\/p><p><a href=\"https:\/\/frauenarzt-net.de\/krebserkrankungen\/\">Cancer<\/a><\/p><p><a href=\"https:\/\/frauenarzt-net.de\/inkontinenz\/\">Incontinence<\/a><\/p><p><a href=\"https:\/\/frauenarzt-net.de\/endometriose\/\">Endometriosis<\/a><\/p><p><a href=\"https:\/\/frauenarzt-net.de\/ultraschalldiagnostik\/\">Ultrasound diagnostics<\/a><\/p><p><a href=\"https:\/\/frauenarzt-net.de\/impfungen\/\">Vaccinations<\/a><\/p>\t\t\t\t\t\t<\/div>\n\t\t\t\t<\/div>\n\t\t\t\t<\/div>\n\t\t\t\t\t<\/div>\n\t\t\t\t<\/div>\n\t\t\t\t\t\t\t<\/div>\n\t\t","protected":false},"excerpt":{"rendered":"<p>Ihre Vorsorge in guten H\u00e4nden Die wichtigsten Vorsorgeuntersuchungen Es wird empfohlen, j\u00e4hrlich eine gyn\u00e4kologische Vorsorgeuntersuchung bei Ihrem Frauenarzt in D\u00fcsseldorf Derendorf durchzuf\u00fchren und dies wird von den gesetzlichen Krankenversicherungen \u00fcbernommen. Die gesetzliche Vorsorge beinhaltet je nach Alter folgende Untersuchungen: BIS ZUM 25. LEBENSJAHR: J\u00e4hrliches Chlamydienscreening im Urin AB DEM 20. LEBENSJAHR: Abstrich vom Geb\u00e4rmutterhals (Krebsabstrich, [&hellip;]<\/p>\n","protected":false},"author":4,"featured_media":0,"parent":0,"menu_order":0,"comment_status":"closed","ping_status":"closed","template":"elementor_header_footer","meta":[],"yoast_head":"<!-- This site is optimized with the Yoast SEO plugin v19.13 - https:\/\/yoast.com\/wordpress\/plugins\/seo\/ -->\n<title>Vorsorge<\/title>\n<meta name=\"description\" content=\"Vorsorge bei Ihrem Frauenarzt in D\u00fcsseldorf. Dr. Eli Wechsler ist Experte f\u00fcr Diagnostik und Risikoschwangerschaften.\" \/>\n<meta name=\"robots\" content=\"index, follow, max-snippet:-1, max-image-preview:large, max-video-preview:-1\" \/>\n<link rel=\"canonical\" href=\"https:\/\/frauenarzt-net.de\/vorsorge\/\" \/>\n<meta property=\"og:locale\" content=\"en_US\" \/>\n<meta property=\"og:type\" content=\"article\" \/>\n<meta property=\"og:title\" content=\"Vorsorge\" \/>\n<meta property=\"og:description\" content=\"Vorsorge bei Ihrem Frauenarzt in D\u00fcsseldorf. Dr. Eli Wechsler ist Experte f\u00fcr Diagnostik und Risikoschwangerschaften.\" \/>\n<meta property=\"og:url\" content=\"https:\/\/frauenarzt-net.de\/vorsorge\/\" \/>\n<meta property=\"og:site_name\" content=\"Praxis Dr. Wechsler - Ihre Frauen\u00e4rztin in D\u00fcsseldorf und Umgebung\" \/>\n<meta property=\"article:modified_time\" content=\"2025-12-02T11:37:35+00:00\" \/>\n<meta property=\"og:image\" content=\"https:\/\/frauenarzt-net.de\/wp-content\/uploads\/2025\/12\/vorsorge4.jpg\" \/>\n<meta name=\"twitter:card\" content=\"summary_large_image\" \/>\n<meta name=\"twitter:label1\" content=\"Est. reading time\" \/>\n\t<meta name=\"twitter:data1\" content=\"2 minutes\" \/>\n<script type=\"application\/ld+json\" class=\"yoast-schema-graph\">{\"@context\":\"https:\/\/schema.org\",\"@graph\":[{\"@type\":\"WebPage\",\"@id\":\"https:\/\/frauenarzt-net.de\/vorsorge\/\",\"url\":\"https:\/\/frauenarzt-net.de\/vorsorge\/\",\"name\":\"Vorsorge | Praxis Dr. Wechsler - Ihre Frauen\u00e4rztin in D\u00fcsseldorf und Umgebung\",\"isPartOf\":{\"@id\":\"https:\/\/frauenarzt-net.de\/#website\"},\"datePublished\":\"2023-01-07T19:47:49+00:00\",\"dateModified\":\"2025-12-02T11:37:35+00:00\",\"description\":\"Vorsorge bei Ihrem Frauenarzt in D\u00fcsseldorf. Dr. Eli Wechsler ist Experte f\u00fcr Diagnostik und Risikoschwangerschaften.\",\"breadcrumb\":{\"@id\":\"https:\/\/frauenarzt-net.de\/vorsorge\/#breadcrumb\"},\"inLanguage\":\"en-US\",\"potentialAction\":[{\"@type\":\"ReadAction\",\"target\":[\"https:\/\/frauenarzt-net.de\/vorsorge\/\"]}]},{\"@type\":\"BreadcrumbList\",\"@id\":\"https:\/\/frauenarzt-net.de\/vorsorge\/#breadcrumb\",\"itemListElement\":[{\"@type\":\"ListItem\",\"position\":1,\"name\":\"Home\",\"item\":\"https:\/\/frauenarzt-net.de\/\"},{\"@type\":\"ListItem\",\"position\":2,\"name\":\"Vorsorge\"}]},{\"@type\":\"WebSite\",\"@id\":\"https:\/\/frauenarzt-net.de\/#website\",\"url\":\"https:\/\/frauenarzt-net.de\/\",\"name\":\"Praxis Dr. Wechsler - Ihre Frauen\u00e4rztin in D\u00fcsseldorf und Umgebung\",\"description\":\"\",\"publisher\":{\"@id\":\"https:\/\/frauenarzt-net.de\/#organization\"},\"potentialAction\":[{\"@type\":\"SearchAction\",\"target\":{\"@type\":\"EntryPoint\",\"urlTemplate\":\"https:\/\/frauenarzt-net.de\/?s={search_term_string}\"},\"query-input\":\"required name=search_term_string\"}],\"inLanguage\":\"en-US\"},{\"@type\":\"Organization\",\"@id\":\"https:\/\/frauenarzt-net.de\/#organization\",\"name\":\"INVESTMENT COINS\",\"url\":\"https:\/\/frauenarzt-net.de\/\",\"logo\":{\"@type\":\"ImageObject\",\"inLanguage\":\"en-US\",\"@id\":\"https:\/\/frauenarzt-net.de\/#\/schema\/logo\/image\/\",\"url\":\"https:\/\/frauenaerztin-duesseldorf.dr-wechsler.de\/wp-content\/uploads\/2021\/07\/logo2.png\",\"contentUrl\":\"https:\/\/frauenaerztin-duesseldorf.dr-wechsler.de\/wp-content\/uploads\/2021\/07\/logo2.png\",\"width\":794,\"height\":71,\"caption\":\"INVESTMENT COINS\"},\"image\":{\"@id\":\"https:\/\/frauenarzt-net.de\/#\/schema\/logo\/image\/\"}}]}<\/script>\n<!-- \/ Yoast SEO plugin. -->","yoast_head_json":{"title":"Vorsorge","description":"Vorsorge bei Ihrem Frauenarzt in D\u00fcsseldorf. Dr. Eli Wechsler ist Experte f\u00fcr Diagnostik und Risikoschwangerschaften.","robots":{"index":"index","follow":"follow","max-snippet":"max-snippet:-1","max-image-preview":"max-image-preview:large","max-video-preview":"max-video-preview:-1"},"canonical":"https:\/\/frauenarzt-net.de\/vorsorge\/","og_locale":"en_US","og_type":"article","og_title":"Vorsorge","og_description":"Vorsorge bei Ihrem Frauenarzt in D\u00fcsseldorf. Dr. Eli Wechsler ist Experte f\u00fcr Diagnostik und Risikoschwangerschaften.","og_url":"https:\/\/frauenarzt-net.de\/vorsorge\/","og_site_name":"Praxis Dr. Wechsler - Ihre Frauen\u00e4rztin in D\u00fcsseldorf und Umgebung","article_modified_time":"2025-12-02T11:37:35+00:00","og_image":[{"url":"https:\/\/frauenarzt-net.de\/wp-content\/uploads\/2025\/12\/vorsorge4.jpg"}],"twitter_card":"summary_large_image","twitter_misc":{"Est. reading time":"2 minutes"},"schema":{"@context":"https:\/\/schema.org","@graph":[{"@type":"WebPage","@id":"https:\/\/frauenarzt-net.de\/vorsorge\/","url":"https:\/\/frauenarzt-net.de\/vorsorge\/","name":"Vorsorge | Praxis Dr. Wechsler - Ihre Frauen\u00e4rztin in D\u00fcsseldorf und Umgebung","isPartOf":{"@id":"https:\/\/frauenarzt-net.de\/#website"},"datePublished":"2023-01-07T19:47:49+00:00","dateModified":"2025-12-02T11:37:35+00:00","description":"Vorsorge bei Ihrem Frauenarzt in D\u00fcsseldorf. Dr. Eli Wechsler ist Experte f\u00fcr Diagnostik und Risikoschwangerschaften.","breadcrumb":{"@id":"https:\/\/frauenarzt-net.de\/vorsorge\/#breadcrumb"},"inLanguage":"en-US","potentialAction":[{"@type":"ReadAction","target":["https:\/\/frauenarzt-net.de\/vorsorge\/"]}]},{"@type":"BreadcrumbList","@id":"https:\/\/frauenarzt-net.de\/vorsorge\/#breadcrumb","itemListElement":[{"@type":"ListItem","position":1,"name":"Home","item":"https:\/\/frauenarzt-net.de\/"},{"@type":"ListItem","position":2,"name":"Vorsorge"}]},{"@type":"WebSite","@id":"https:\/\/frauenarzt-net.de\/#website","url":"https:\/\/frauenarzt-net.de\/","name":"Praxis Dr. Wechsler - Ihre Frauen\u00e4rztin in D\u00fcsseldorf und Umgebung","description":"","publisher":{"@id":"https:\/\/frauenarzt-net.de\/#organization"},"potentialAction":[{"@type":"SearchAction","target":{"@type":"EntryPoint","urlTemplate":"https:\/\/frauenarzt-net.de\/?s={search_term_string}"},"query-input":"required name=search_term_string"}],"inLanguage":"en-US"},{"@type":"Organization","@id":"https:\/\/frauenarzt-net.de\/#organization","name":"INVESTMENT COINS","url":"https:\/\/frauenarzt-net.de\/","logo":{"@type":"ImageObject","inLanguage":"en-US","@id":"https:\/\/frauenarzt-net.de\/#\/schema\/logo\/image\/","url":"https:\/\/frauenaerztin-duesseldorf.dr-wechsler.de\/wp-content\/uploads\/2021\/07\/logo2.png","contentUrl":"https:\/\/frauenaerztin-duesseldorf.dr-wechsler.de\/wp-content\/uploads\/2021\/07\/logo2.png","width":794,"height":71,"caption":"INVESTMENT COINS"},"image":{"@id":"https:\/\/frauenarzt-net.de\/#\/schema\/logo\/image\/"}}]}},"_links":{"self":[{"href":"https:\/\/frauenarzt-net.de\/wp-json\/wp\/v2\/pages\/3807"}],"collection":[{"href":"https:\/\/frauenarzt-net.de\/wp-json\/wp\/v2\/pages"}],"about":[{"href":"https:\/\/frauenarzt-net.de\/wp-json\/wp\/v2\/types\/page"}],"author":[{"embeddable":true,"href":"https:\/\/frauenarzt-net.de\/wp-json\/wp\/v2\/users\/4"}],"replies":[{"embeddable":true,"href":"https:\/\/frauenarzt-net.de\/wp-json\/wp\/v2\/comments?post=3807"}],"version-history":[{"count":73,"href":"https:\/\/frauenarzt-net.de\/wp-json\/wp\/v2\/pages\/3807\/revisions"}],"predecessor-version":[{"id":6805,"href":"https:\/\/frauenarzt-net.de\/wp-json\/wp\/v2\/pages\/3807\/revisions\/6805"}],"wp:attachment":[{"href":"https:\/\/frauenarzt-net.de\/wp-json\/wp\/v2\/media?parent=3807"}],"curies":[{"name":"wp","href":"https:\/\/api.w.org\/{rel}","templated":true}]}}